{"id":28909,"date":"2020-09-03T13:05:18","date_gmt":"2020-09-03T11:05:18","guid":{"rendered":"https:\/\/www.wojoer.de\/?post_type=product&#038;p=28909"},"modified":"2025-11-10T09:42:10","modified_gmt":"2025-11-10T08:42:10","slug":"neopren-ouverte-jockbody-309s9","status":"publish","type":"product","link":"https:\/\/www.wojoer.de\/en\/produkt\/neopren-ouverte-jockbody-309s9\/","title":{"rendered":"Neoprene Ouvert Jock Body"},"content":{"rendered":"<p>The neoprene ouverte Jock Body is one of the Wojoer LIVE effects. You will be settled with us. So, we can respond to customer requests.<\/p>\n<h3>Sizes<\/h3>\n<p>Available in sizes S, M, L, XL<\/p>\n<h2>Material composition<\/h2>\n<p>100% smooth skin neoprene<\/p>\n<p>Inner lining: 80% polyamide, 20% elastane<\/p>\n<h3>particularities<\/h3>\n<p>LIVE product | elegant matt surface optics | suitable for bathing | warming | firm forming material | skin tight fit Offenses suspensory | Realization &#8220;Made in Germany&#8221;<\/p>\n<h3>wash instructions<\/h3>\n<p>Hand wash | Neoprene removes movement wrinkles, like good leather and how it gradually belongs to each wearer. Therefore, please store pressure-protected and non-assembled items and put them on your own hangers.<\/p>\n<h3>Caution<\/h3>\n<p>In the case of returns, the neoprene products must be returned in an airtight packaging, just as the goods were received. The goods will not be taken back at pressure points.<\/p>\n<h3>NEOPRENE &#8211; sexy ouverte body<\/h3>\n<p>Ola Chico! With this skimpy part from the WOJOER neoprene series everyone becomes part of the leading flirt. The 2.5mm fine, complex made in Germany smooth skin neoprene looks noble and sporty.<\/p>\n","protected":false},"excerpt":{"rendered":"<p>Der Neopren Jockbody 309S9 geh\u00f6rt zu den Wojoer LIVE-Produkten. Sie werden ab Bestellung bei uns produziert. So k\u00f6nnen wir auf Kundenw\u00fcnsche individuell eingehen.<br \/>\nGr\u00f6\u00dfen<br \/>\nErh\u00e4ltlich in den Gr\u00f6\u00dfen S, M, L, XL<br \/>\nMaterialzusammensetzung<br \/>\n100% Glatthautneopren<\/p>\n<p>Innenkaschierung: 80% Polyamid, 20% Elasthan<br \/>\nBesonderheiten<br \/>\nLIVE-Produkt \u00a0| elegant matte Oberfl\u00e4chenoptik |\u2026<\/p>\n","protected":false},"featured_media":33428,"comment_status":"open","ping_status":"closed","template":"","meta":[],"product_brand":[],"product_cat":[112,115,114,311,473,195,326],"product_tag":[108,186,268,103,487],"class_list":{"0":"post-28909","1":"product","2":"type-product","3":"status-publish","4":"has-post-thumbnail","6":"product_cat-309-neopren","7":"product_cat-beachwear","8":"product_cat-fetisch","9":"product_cat-hankycode","10":"product_cat-men","11":"product_cat-produktion-auf-bestellung-liveproduktion","12":"product_cat-wojoer","13":"product_tag-1beachwear","14":"product_tag-body","15":"product_tag-farbcode","16":"product_tag-neopren","17":"product_tag-ouverte","18":"product_shipping_class-neopren","19":"pa_farbe-eisblau","20":"pa_farbe-royalblau","21":"pa_farbe-braun","22":"pa_farbe-grau","23":"pa_farbe-lila","24":"pa_farbe-neongelb","25":"pa_farbe-neongruen","26":"pa_farbe-neonorange","27":"pa_farbe-neonpink","28":"pa_farbe-olive","29":"pa_farbe-rot","30":"pa_farbe-schwarz","31":"pa_farbe-weiss","32":"pa_groesse-l","33":"pa_groesse-m","34":"pa_groesse-s","35":"pa_groesse-xl","36":"pif-has-gallery","37":"post-1","38":"odd","40":"first","41":"onbackorder","42":"taxable","43":"shipping-taxable","44":"purchasable","45":"product-type-variable","46":"has-default-attributes"},"yoast_head":"<!-- This site is optimized with the Yoast SEO plugin v27.2 - https:\/\/yoast.com\/product\/yoast-seo-wordpress\/ -->\n<title>Neopren Ouverte Jock body suit | Bathing | WOJOER<\/title>\n<meta name=\"description\" content=\"Neoprene Ouverte Jock Body Suit - unusually scarce. Not only is the smooth skin neoprene made in Germany unusually erotic, the open jockstrap also invites you to hot hours! Order free shipping within Germany now!\" \/>\n<meta name=\"robots\" content=\"index, follow, max-snippet:-1, max-image-preview:large, max-video-preview:-1\" \/>\n<link rel=\"canonical\" href=\"https:\/\/www.wojoer.de\/en\/produkt\/neopren-ouverte-jockbody-309s9\/\" \/>\n<meta name=\"twitter:card\" content=\"summary_large_image\" \/>\n<meta name=\"twitter:title\" content=\"Neopren Ouverte Jock body suit | Bathing | WOJOER\" \/>\n<meta name=\"twitter:description\" content=\"Neoprene Ouverte Jock Body Suit - unusually scarce. Not only is the smooth skin neoprene made in Germany unusually erotic, the open jockstrap also invites you to hot hours! Order free shipping within Germany now!\" \/>\n<meta name=\"twitter:label1\" content=\"Estimated reading time\" \/>\n\t<meta name=\"twitter:data1\" content=\"2 minutes\" \/>\n<script type=\"application\/ld+json\" class=\"yoast-schema-graph\">{\"@context\":\"https:\/\/schema.org\",\"@graph\":[{\"@type\":\"WebPage\",\"@id\":\"https:\/\/www.wojoer.de\/en\/produkt\/neopren-ouverte-jockbody-309s9\/\",\"url\":\"https:\/\/www.wojoer.de\/en\/produkt\/neopren-ouverte-jockbody-309s9\/\",\"name\":\"Neopren Ouverte Jock body suit | Bathing | WOJOER\",\"isPartOf\":{\"@id\":\"https:\/\/www.wojoer.de\/#website\"},\"primaryImageOfPage\":{\"@id\":\"https:\/\/www.wojoer.de\/en\/produkt\/neopren-ouverte-jockbody-309s9\/#primaryimage\"},\"image\":{\"@id\":\"https:\/\/www.wojoer.de\/en\/produkt\/neopren-ouverte-jockbody-309s9\/#primaryimage\"},\"thumbnailUrl\":\"https:\/\/www.wojoer.de\/wp-content\/uploads\/2021\/01\/309S9_neopren_jockbody_ouverte_royalblau_back_wojoer.jpg\",\"datePublished\":\"2020-09-03T11:05:18+00:00\",\"dateModified\":\"2025-11-10T08:42:10+00:00\",\"description\":\"Neoprene Ouverte Jock Body Suit - unusually scarce. Not only is the smooth skin neoprene made in Germany unusually erotic, the open jockstrap also invites you to hot hours! Order free shipping within Germany now!\",\"breadcrumb\":{\"@id\":\"https:\/\/www.wojoer.de\/en\/produkt\/neopren-ouverte-jockbody-309s9\/#breadcrumb\"},\"inLanguage\":\"en-GB\",\"potentialAction\":[{\"@type\":\"ReadAction\",\"target\":[\"https:\/\/www.wojoer.de\/en\/produkt\/neopren-ouverte-jockbody-309s9\/\"]}]},{\"@type\":\"ImageObject\",\"inLanguage\":\"en-GB\",\"@id\":\"https:\/\/www.wojoer.de\/en\/produkt\/neopren-ouverte-jockbody-309s9\/#primaryimage\",\"url\":\"https:\/\/www.wojoer.de\/wp-content\/uploads\/2021\/01\/309S9_neopren_jockbody_ouverte_royalblau_back_wojoer.jpg\",\"contentUrl\":\"https:\/\/www.wojoer.de\/wp-content\/uploads\/2021\/01\/309S9_neopren_jockbody_ouverte_royalblau_back_wojoer.jpg\",\"width\":2002,\"height\":2002},{\"@type\":\"BreadcrumbList\",\"@id\":\"https:\/\/www.wojoer.de\/en\/produkt\/neopren-ouverte-jockbody-309s9\/#breadcrumb\",\"itemListElement\":[{\"@type\":\"ListItem\",\"position\":1,\"name\":\"Startseite\",\"item\":\"https:\/\/www.wojoer.de\/\"},{\"@type\":\"ListItem\",\"position\":2,\"name\":\"SHOP\",\"item\":\"https:\/\/www.wojoer.de\/shop\/\"},{\"@type\":\"ListItem\",\"position\":3,\"name\":\"Neoprene Ouvert Jock Body\"}]},{\"@type\":\"WebSite\",\"@id\":\"https:\/\/www.wojoer.de\/#website\",\"url\":\"https:\/\/www.wojoer.de\/\",\"name\":\"WOJOER\",\"description\":\"clubwear for men\",\"publisher\":{\"@id\":\"https:\/\/www.wojoer.de\/#organization\"},\"potentialAction\":[{\"@type\":\"SearchAction\",\"target\":{\"@type\":\"EntryPoint\",\"urlTemplate\":\"https:\/\/www.wojoer.de\/?s={search_term_string}\"},\"query-input\":{\"@type\":\"PropertyValueSpecification\",\"valueRequired\":true,\"valueName\":\"search_term_string\"}}],\"inLanguage\":\"en-GB\"},{\"@type\":\"Organization\",\"@id\":\"https:\/\/www.wojoer.de\/#organization\",\"name\":\"Wonneberger-Manufaktur\",\"url\":\"https:\/\/www.wojoer.de\/\",\"logo\":{\"@type\":\"ImageObject\",\"inLanguage\":\"en-GB\",\"@id\":\"https:\/\/www.wojoer.de\/#\/schema\/logo\/image\/\",\"url\":\"https:\/\/www.wojoer.de\/wp-content\/uploads\/2016\/11\/wonnebergermanufaktur_logo_BUTTON.png\",\"contentUrl\":\"https:\/\/www.wojoer.de\/wp-content\/uploads\/2016\/11\/wonnebergermanufaktur_logo_BUTTON.png\",\"width\":765,\"height\":765,\"caption\":\"Wonneberger-Manufaktur\"},\"image\":{\"@id\":\"https:\/\/www.wojoer.de\/#\/schema\/logo\/image\/\"},\"sameAs\":[\"https:\/\/www.facebook.com\/wojoer\/\",\"https:\/\/de.pinterest.com\/W0J0ER\/\"]}]}<\/script>\n<!-- \/ Yoast SEO plugin. -->","yoast_head_json":{"title":"Neopren Ouverte Jock body suit | Bathing | WOJOER","description":"Neoprene Ouverte Jock Body Suit - unusually scarce. Not only is the smooth skin neoprene made in Germany unusually erotic, the open jockstrap also invites you to hot hours! Order free shipping within Germany now!","robots":{"index":"index","follow":"follow","max-snippet":"max-snippet:-1","max-image-preview":"max-image-preview:large","max-video-preview":"max-video-preview:-1"},"canonical":"https:\/\/www.wojoer.de\/en\/produkt\/neopren-ouverte-jockbody-309s9\/","twitter_card":"summary_large_image","twitter_title":"[:de]Neopren Ouverte Jockbody | badetauglich | mattglanz | schwarz| WOJOER[:en]Neopren Ouverte Jock body suit | Bathing | WOJOER[:]","twitter_description":"[:de]Neopren Ouverte Jockbody - ungewohnt knapp. Nicht nur das in Deutschland gefertigte Glatthautneopren ist ungewohnt erotisch- Jetzt bei Wojoer[:en]Neoprene Ouverte Jock Body Suit - unusually scarce. Not only is the smooth skin neoprene made in Germany unusually erotic, the open jockstrap also invites you to hot hours! Order free shipping within Germany now![:]","twitter_misc":{"Estimated reading time":"2 minutes"},"schema":{"@context":"https:\/\/schema.org","@graph":[{"@type":"WebPage","@id":"https:\/\/www.wojoer.de\/en\/produkt\/neopren-ouverte-jockbody-309s9\/","url":"https:\/\/www.wojoer.de\/en\/produkt\/neopren-ouverte-jockbody-309s9\/","name":"Neopren Ouverte Jock body suit | Bathing | WOJOER","isPartOf":{"@id":"https:\/\/www.wojoer.de\/#website"},"primaryImageOfPage":{"@id":"https:\/\/www.wojoer.de\/en\/produkt\/neopren-ouverte-jockbody-309s9\/#primaryimage"},"image":{"@id":"https:\/\/www.wojoer.de\/en\/produkt\/neopren-ouverte-jockbody-309s9\/#primaryimage"},"thumbnailUrl":"https:\/\/www.wojoer.de\/wp-content\/uploads\/2021\/01\/309S9_neopren_jockbody_ouverte_royalblau_back_wojoer.jpg","datePublished":"2020-09-03T11:05:18+00:00","dateModified":"2025-11-10T08:42:10+00:00","description":"Neoprene Ouverte Jock Body Suit - unusually scarce. Not only is the smooth skin neoprene made in Germany unusually erotic, the open jockstrap also invites you to hot hours! Order free shipping within Germany now!","breadcrumb":{"@id":"https:\/\/www.wojoer.de\/en\/produkt\/neopren-ouverte-jockbody-309s9\/#breadcrumb"},"inLanguage":"en-GB","potentialAction":[{"@type":"ReadAction","target":["https:\/\/www.wojoer.de\/en\/produkt\/neopren-ouverte-jockbody-309s9\/"]}]},{"@type":"ImageObject","inLanguage":"en-GB","@id":"https:\/\/www.wojoer.de\/en\/produkt\/neopren-ouverte-jockbody-309s9\/#primaryimage","url":"https:\/\/www.wojoer.de\/wp-content\/uploads\/2021\/01\/309S9_neopren_jockbody_ouverte_royalblau_back_wojoer.jpg","contentUrl":"https:\/\/www.wojoer.de\/wp-content\/uploads\/2021\/01\/309S9_neopren_jockbody_ouverte_royalblau_back_wojoer.jpg","width":2002,"height":2002},{"@type":"BreadcrumbList","@id":"https:\/\/www.wojoer.de\/en\/produkt\/neopren-ouverte-jockbody-309s9\/#breadcrumb","itemListElement":[{"@type":"ListItem","position":1,"name":"Startseite","item":"https:\/\/www.wojoer.de\/"},{"@type":"ListItem","position":2,"name":"SHOP","item":"https:\/\/www.wojoer.de\/shop\/"},{"@type":"ListItem","position":3,"name":"Neoprene Ouvert Jock Body"}]},{"@type":"WebSite","@id":"https:\/\/www.wojoer.de\/#website","url":"https:\/\/www.wojoer.de\/","name":"WOJOER","description":"clubwear for men","publisher":{"@id":"https:\/\/www.wojoer.de\/#organization"},"potentialAction":[{"@type":"SearchAction","target":{"@type":"EntryPoint","urlTemplate":"https:\/\/www.wojoer.de\/?s={search_term_string}"},"query-input":{"@type":"PropertyValueSpecification","valueRequired":true,"valueName":"search_term_string"}}],"inLanguage":"en-GB"},{"@type":"Organization","@id":"https:\/\/www.wojoer.de\/#organization","name":"Wonneberger-Manufaktur","url":"https:\/\/www.wojoer.de\/","logo":{"@type":"ImageObject","inLanguage":"en-GB","@id":"https:\/\/www.wojoer.de\/#\/schema\/logo\/image\/","url":"https:\/\/www.wojoer.de\/wp-content\/uploads\/2016\/11\/wonnebergermanufaktur_logo_BUTTON.png","contentUrl":"https:\/\/www.wojoer.de\/wp-content\/uploads\/2016\/11\/wonnebergermanufaktur_logo_BUTTON.png","width":765,"height":765,"caption":"Wonneberger-Manufaktur"},"image":{"@id":"https:\/\/www.wojoer.de\/#\/schema\/logo\/image\/"},"sameAs":["https:\/\/www.facebook.com\/wojoer\/","https:\/\/de.pinterest.com\/W0J0ER\/"]}]}},"_links":{"self":[{"href":"https:\/\/www.wojoer.de\/en\/wp-json\/wp\/v2\/product\/28909","targetHints":{"allow":["GET"]}}],"collection":[{"href":"https:\/\/www.wojoer.de\/en\/wp-json\/wp\/v2\/product"}],"about":[{"href":"https:\/\/www.wojoer.de\/en\/wp-json\/wp\/v2\/types\/product"}],"replies":[{"embeddable":true,"href":"https:\/\/www.wojoer.de\/en\/wp-json\/wp\/v2\/comments?post=28909"}],"wp:featuredmedia":[{"embeddable":true,"href":"https:\/\/www.wojoer.de\/en\/wp-json\/wp\/v2\/media\/33428"}],"wp:attachment":[{"href":"https:\/\/www.wojoer.de\/en\/wp-json\/wp\/v2\/media?parent=28909"}],"wp:term":[{"taxonomy":"product_brand","embeddable":true,"href":"https:\/\/www.wojoer.de\/en\/wp-json\/wp\/v2\/product_brand?post=28909"},{"taxonomy":"product_cat","embeddable":true,"href":"https:\/\/www.wojoer.de\/en\/wp-json\/wp\/v2\/product_cat?post=28909"},{"taxonomy":"product_tag","embeddable":true,"href":"https:\/\/www.wojoer.de\/en\/wp-json\/wp\/v2\/product_tag?post=28909"}],"curies":[{"name":"wp","href":"https:\/\/api.w.org\/{rel}","templated":true}]}}