{"id":30314,"date":"2020-01-29T13:46:48","date_gmt":"2020-01-29T12:46:48","guid":{"rendered":"https:\/\/www.wojoer.de\/?post_type=product&#038;p=30314"},"modified":"2025-11-12T12:22:11","modified_gmt":"2025-11-12T11:22:11","slug":"sp3w458-hipster-string-brauner-leodruck","status":"publish","type":"product","link":"https:\/\/www.wojoer.de\/en\/produkt\/sp3w458-hipster-string-brauner-leodruck\/","title":{"rendered":"SP3W458 Hipster String brauner Leodruck"},"content":{"rendered":"<p>Dieser SP3W458 Hipster String geh\u00f6rt in die Kategorie &#8220;ONLY FOR ME&#8221;-Produkte. Also schnell zugreifen, dieser Slip ist nur in einer kleinen Auflage und nur hier in unserem Onlineshop vorhanden.<\/p>\n<h3>Gr\u00f6\u00dfen<\/h3>\n<p>Erh\u00e4ltlich in den Gr\u00f6\u00dfen S, M, L, XL<\/p>\n<h3>Materialzusammensetzung<\/h3>\n<p>93% Polyester | 7% Elasthan<\/p>\n<h3>Besonderheiten<\/h3>\n<p><a href=\"https:\/\/www.wojoer.de\/produkt-kategorie\/onlyforme\/\">ONLY FOR ME Produkt<\/a> | anschmiegsam | clubwear | underwear | schwarz gl\u00e4nzender Aufdruck | angenehme Passform | hochwertige Verarbeitung &#8220;Made in Germany&#8221;<\/p>\n<h3>Benutzerhinweise<\/h3>\n<p>30\u00b0 Schonw\u00e4sche, keinen Weichsp\u00fcler nutzen<\/p>\n<h3>SP3W458 Hipster String &#8211; mystischer Hipster<\/h3>\n<p>Feinstes Unterw\u00e4schematerial trifft auf aufreizend eleganten Leoparden-Druck. Ausgesprochen angenehm weich, sehr d\u00fcnn und atmungsaktiv auf der einen Seite und sexy enganliegend auf der anderen, genau das sind die besonderen Eigenschaften, welchen diesen Jersey Stoff zu deiner Wohlf\u00fchlunterw\u00e4sche machen. Sein besonderes Merkmal ist der knappe Hipster schnitt, welcher deiner Silhouette eine ganz besondere Form verleiht. So l\u00e4sst sich schon erahnen, welch gieriger Leopard lauernd auf Befriedigung wartet.<\/p>\n","protected":false},"excerpt":{"rendered":"<p>Dieser SP3W458 Hipster String geh\u00f6rt in die Kategorie &#8220;ONLY FOR ME&#8221;-Produkte. Also schnell zugreifen, dieser Tanga ist nur einer kleinen Auflage und nur hier in unserem Onlineshop vorhanden.<br \/>\nGr\u00f6\u00dfen<br \/>\nErh\u00e4ltlich in den Gr\u00f6\u00dfen S, M, L, XL<br \/>\nMaterialzusammensetzung<br \/>\n93% Polyester | 7% Elasthan<br \/>\nBesonderheiten<br \/>\nONLY FOR\u2026<\/p>\n","protected":false},"featured_media":33979,"comment_status":"open","ping_status":"closed","template":"","meta":[],"product_brand":[],"product_cat":[473,270,121,326],"product_tag":[297,275,108,184,119,167],"class_list":{"0":"post-30314","1":"product","2":"type-product","3":"status-publish","4":"has-post-thumbnail","6":"product_cat-men","7":"product_cat-onlyforme","8":"product_cat-underwear","9":"product_cat-wojoer","10":"product_tag-animal","11":"product_tag-badematt","12":"product_tag-1beachwear","13":"product_tag-push-up","14":"product_tag-string","15":"product_tag-tanga","16":"product_shipping_class-beun","17":"pa_groesse-l","18":"pa_groesse-m","19":"pa_groesse-s","20":"pa_groesse-xl","21":"pif-has-gallery","22":"post-1","23":"odd","25":"first","26":"onbackorder","27":"taxable","28":"shipping-taxable","29":"purchasable","30":"product-type-variable"},"yoast_head":"<!-- This site is optimized with the Yoast SEO plugin v27.2 - https:\/\/yoast.com\/product\/yoast-seo-wordpress\/ -->\n<title>Mini Hipster String | Animal | Unterw\u00e4sche | Bademode | WOJOER<\/title>\n<meta name=\"description\" content=\"brauner Leodruck Mini Hipster String - mit erotischen Tiermuster und sanfter Hebefunktion! Unterw\u00e4sche und Bademode in einem von WOJOER.\" \/>\n<meta name=\"robots\" content=\"index, follow, max-snippet:-1, max-image-preview:large, max-video-preview:-1\" \/>\n<link rel=\"canonical\" href=\"https:\/\/www.wojoer.de\/en\/produkt\/sp3w458-hipster-string-brauner-leodruck\/\" \/>\n<meta name=\"twitter:card\" content=\"summary_large_image\" \/>\n<meta name=\"twitter:title\" content=\"Mini Hipster String | Animal | Unterw\u00e4sche | Bademode | WOJOER\" \/>\n<meta name=\"twitter:description\" content=\"brauner Leodruck Mini Hipster String - mit erotischen Tiermuster und sanfter Hebefunktion! Unterw\u00e4sche und Bademode in einem von WOJOER.\" \/>\n<meta name=\"twitter:image\" content=\"https:\/\/www.wojoer.de\/wp-content\/uploads\/2021\/01\/SP3W458_BraunerLeo_HipsterString_wojoer.jpg\" \/>\n<meta name=\"twitter:label1\" content=\"Estimated reading time\" \/>\n\t<meta name=\"twitter:data1\" content=\"2 minutes\" \/>\n<script type=\"application\/ld+json\" class=\"yoast-schema-graph\">{\"@context\":\"https:\/\/schema.org\",\"@graph\":[{\"@type\":\"WebPage\",\"@id\":\"https:\/\/www.wojoer.de\/produkt\/sp3w458-hipster-string-brauner-leodruck\/\",\"url\":\"https:\/\/www.wojoer.de\/produkt\/sp3w458-hipster-string-brauner-leodruck\/\",\"name\":\"Mini Hipster String | Animal | Unterw\u00e4sche | Bademode | WOJOER\",\"isPartOf\":{\"@id\":\"https:\/\/www.wojoer.de\/#website\"},\"primaryImageOfPage\":{\"@id\":\"https:\/\/www.wojoer.de\/produkt\/sp3w458-hipster-string-brauner-leodruck\/#primaryimage\"},\"image\":{\"@id\":\"https:\/\/www.wojoer.de\/produkt\/sp3w458-hipster-string-brauner-leodruck\/#primaryimage\"},\"thumbnailUrl\":\"https:\/\/www.wojoer.de\/wp-content\/uploads\/2021\/01\/SP3W458_BraunerLeo_HipsterString_wojoer.jpg\",\"datePublished\":\"2020-01-29T12:46:48+00:00\",\"dateModified\":\"2025-11-12T11:22:11+00:00\",\"description\":\"brauner Leodruck Mini Hipster String - mit erotischen Tiermuster und sanfter Hebefunktion! Unterw\u00e4sche und Bademode in einem von WOJOER.\",\"breadcrumb\":{\"@id\":\"https:\/\/www.wojoer.de\/produkt\/sp3w458-hipster-string-brauner-leodruck\/#breadcrumb\"},\"inLanguage\":\"en-GB\",\"potentialAction\":[{\"@type\":\"ReadAction\",\"target\":[\"https:\/\/www.wojoer.de\/produkt\/sp3w458-hipster-string-brauner-leodruck\/\"]}]},{\"@type\":\"ImageObject\",\"inLanguage\":\"en-GB\",\"@id\":\"https:\/\/www.wojoer.de\/produkt\/sp3w458-hipster-string-brauner-leodruck\/#primaryimage\",\"url\":\"https:\/\/www.wojoer.de\/wp-content\/uploads\/2021\/01\/SP3W458_BraunerLeo_HipsterString_wojoer.jpg\",\"contentUrl\":\"https:\/\/www.wojoer.de\/wp-content\/uploads\/2021\/01\/SP3W458_BraunerLeo_HipsterString_wojoer.jpg\",\"width\":2002,\"height\":2002},{\"@type\":\"BreadcrumbList\",\"@id\":\"https:\/\/www.wojoer.de\/produkt\/sp3w458-hipster-string-brauner-leodruck\/#breadcrumb\",\"itemListElement\":[{\"@type\":\"ListItem\",\"position\":1,\"name\":\"Startseite\",\"item\":\"https:\/\/www.wojoer.de\/\"},{\"@type\":\"ListItem\",\"position\":2,\"name\":\"SHOP\",\"item\":\"https:\/\/www.wojoer.de\/shop\/\"},{\"@type\":\"ListItem\",\"position\":3,\"name\":\"SP3W458 Hipster String brauner Leodruck\"}]},{\"@type\":\"WebSite\",\"@id\":\"https:\/\/www.wojoer.de\/#website\",\"url\":\"https:\/\/www.wojoer.de\/\",\"name\":\"WOJOER\",\"description\":\"clubwear for men\",\"publisher\":{\"@id\":\"https:\/\/www.wojoer.de\/#organization\"},\"potentialAction\":[{\"@type\":\"SearchAction\",\"target\":{\"@type\":\"EntryPoint\",\"urlTemplate\":\"https:\/\/www.wojoer.de\/?s={search_term_string}\"},\"query-input\":{\"@type\":\"PropertyValueSpecification\",\"valueRequired\":true,\"valueName\":\"search_term_string\"}}],\"inLanguage\":\"en-GB\"},{\"@type\":\"Organization\",\"@id\":\"https:\/\/www.wojoer.de\/#organization\",\"name\":\"Wonneberger-Manufaktur\",\"url\":\"https:\/\/www.wojoer.de\/\",\"logo\":{\"@type\":\"ImageObject\",\"inLanguage\":\"en-GB\",\"@id\":\"https:\/\/www.wojoer.de\/#\/schema\/logo\/image\/\",\"url\":\"https:\/\/www.wojoer.de\/wp-content\/uploads\/2016\/11\/wonnebergermanufaktur_logo_BUTTON.png\",\"contentUrl\":\"https:\/\/www.wojoer.de\/wp-content\/uploads\/2016\/11\/wonnebergermanufaktur_logo_BUTTON.png\",\"width\":765,\"height\":765,\"caption\":\"Wonneberger-Manufaktur\"},\"image\":{\"@id\":\"https:\/\/www.wojoer.de\/#\/schema\/logo\/image\/\"},\"sameAs\":[\"https:\/\/www.facebook.com\/wojoer\/\",\"https:\/\/de.pinterest.com\/W0J0ER\/\"]}]}<\/script>\n<!-- \/ Yoast SEO plugin. -->","yoast_head_json":{"title":"Mini Hipster String | Animal | Unterw\u00e4sche | Bademode | WOJOER","description":"brauner Leodruck Mini Hipster String - mit erotischen Tiermuster und sanfter Hebefunktion! Unterw\u00e4sche und Bademode in einem von WOJOER.","robots":{"index":"index","follow":"follow","max-snippet":"max-snippet:-1","max-image-preview":"max-image-preview:large","max-video-preview":"max-video-preview:-1"},"canonical":"https:\/\/www.wojoer.de\/en\/produkt\/sp3w458-hipster-string-brauner-leodruck\/","twitter_card":"summary_large_image","twitter_title":"Mini Hipster String | Animal | Unterw\u00e4sche | Bademode | WOJOER","twitter_description":"brauner Leodruck Mini Hipster String - mit erotischen Tiermuster und sanfter Hebefunktion! Unterw\u00e4sche und Bademode in einem von WOJOER.","twitter_image":"https:\/\/www.wojoer.de\/wp-content\/uploads\/2021\/01\/SP3W458_BraunerLeo_HipsterString_wojoer.jpg","twitter_misc":{"Estimated reading time":"2 minutes"},"schema":{"@context":"https:\/\/schema.org","@graph":[{"@type":"WebPage","@id":"https:\/\/www.wojoer.de\/produkt\/sp3w458-hipster-string-brauner-leodruck\/","url":"https:\/\/www.wojoer.de\/produkt\/sp3w458-hipster-string-brauner-leodruck\/","name":"Mini Hipster String | Animal | Unterw\u00e4sche | Bademode | WOJOER","isPartOf":{"@id":"https:\/\/www.wojoer.de\/#website"},"primaryImageOfPage":{"@id":"https:\/\/www.wojoer.de\/produkt\/sp3w458-hipster-string-brauner-leodruck\/#primaryimage"},"image":{"@id":"https:\/\/www.wojoer.de\/produkt\/sp3w458-hipster-string-brauner-leodruck\/#primaryimage"},"thumbnailUrl":"https:\/\/www.wojoer.de\/wp-content\/uploads\/2021\/01\/SP3W458_BraunerLeo_HipsterString_wojoer.jpg","datePublished":"2020-01-29T12:46:48+00:00","dateModified":"2025-11-12T11:22:11+00:00","description":"brauner Leodruck Mini Hipster String - mit erotischen Tiermuster und sanfter Hebefunktion! Unterw\u00e4sche und Bademode in einem von WOJOER.","breadcrumb":{"@id":"https:\/\/www.wojoer.de\/produkt\/sp3w458-hipster-string-brauner-leodruck\/#breadcrumb"},"inLanguage":"en-GB","potentialAction":[{"@type":"ReadAction","target":["https:\/\/www.wojoer.de\/produkt\/sp3w458-hipster-string-brauner-leodruck\/"]}]},{"@type":"ImageObject","inLanguage":"en-GB","@id":"https:\/\/www.wojoer.de\/produkt\/sp3w458-hipster-string-brauner-leodruck\/#primaryimage","url":"https:\/\/www.wojoer.de\/wp-content\/uploads\/2021\/01\/SP3W458_BraunerLeo_HipsterString_wojoer.jpg","contentUrl":"https:\/\/www.wojoer.de\/wp-content\/uploads\/2021\/01\/SP3W458_BraunerLeo_HipsterString_wojoer.jpg","width":2002,"height":2002},{"@type":"BreadcrumbList","@id":"https:\/\/www.wojoer.de\/produkt\/sp3w458-hipster-string-brauner-leodruck\/#breadcrumb","itemListElement":[{"@type":"ListItem","position":1,"name":"Startseite","item":"https:\/\/www.wojoer.de\/"},{"@type":"ListItem","position":2,"name":"SHOP","item":"https:\/\/www.wojoer.de\/shop\/"},{"@type":"ListItem","position":3,"name":"SP3W458 Hipster String brauner Leodruck"}]},{"@type":"WebSite","@id":"https:\/\/www.wojoer.de\/#website","url":"https:\/\/www.wojoer.de\/","name":"WOJOER","description":"clubwear for men","publisher":{"@id":"https:\/\/www.wojoer.de\/#organization"},"potentialAction":[{"@type":"SearchAction","target":{"@type":"EntryPoint","urlTemplate":"https:\/\/www.wojoer.de\/?s={search_term_string}"},"query-input":{"@type":"PropertyValueSpecification","valueRequired":true,"valueName":"search_term_string"}}],"inLanguage":"en-GB"},{"@type":"Organization","@id":"https:\/\/www.wojoer.de\/#organization","name":"Wonneberger-Manufaktur","url":"https:\/\/www.wojoer.de\/","logo":{"@type":"ImageObject","inLanguage":"en-GB","@id":"https:\/\/www.wojoer.de\/#\/schema\/logo\/image\/","url":"https:\/\/www.wojoer.de\/wp-content\/uploads\/2016\/11\/wonnebergermanufaktur_logo_BUTTON.png","contentUrl":"https:\/\/www.wojoer.de\/wp-content\/uploads\/2016\/11\/wonnebergermanufaktur_logo_BUTTON.png","width":765,"height":765,"caption":"Wonneberger-Manufaktur"},"image":{"@id":"https:\/\/www.wojoer.de\/#\/schema\/logo\/image\/"},"sameAs":["https:\/\/www.facebook.com\/wojoer\/","https:\/\/de.pinterest.com\/W0J0ER\/"]}]}},"_links":{"self":[{"href":"https:\/\/www.wojoer.de\/en\/wp-json\/wp\/v2\/product\/30314","targetHints":{"allow":["GET"]}}],"collection":[{"href":"https:\/\/www.wojoer.de\/en\/wp-json\/wp\/v2\/product"}],"about":[{"href":"https:\/\/www.wojoer.de\/en\/wp-json\/wp\/v2\/types\/product"}],"replies":[{"embeddable":true,"href":"https:\/\/www.wojoer.de\/en\/wp-json\/wp\/v2\/comments?post=30314"}],"wp:featuredmedia":[{"embeddable":true,"href":"https:\/\/www.wojoer.de\/en\/wp-json\/wp\/v2\/media\/33979"}],"wp:attachment":[{"href":"https:\/\/www.wojoer.de\/en\/wp-json\/wp\/v2\/media?parent=30314"}],"wp:term":[{"taxonomy":"product_brand","embeddable":true,"href":"https:\/\/www.wojoer.de\/en\/wp-json\/wp\/v2\/product_brand?post=30314"},{"taxonomy":"product_cat","embeddable":true,"href":"https:\/\/www.wojoer.de\/en\/wp-json\/wp\/v2\/product_cat?post=30314"},{"taxonomy":"product_tag","embeddable":true,"href":"https:\/\/www.wojoer.de\/en\/wp-json\/wp\/v2\/product_tag?post=30314"}],"curies":[{"name":"wp","href":"https:\/\/api.w.org\/{rel}","templated":true}]}}