{"id":30335,"date":"2025-04-13T09:00:28","date_gmt":"2025-04-13T07:00:28","guid":{"rendered":"https:\/\/www.wojoer.de\/?post_type=product&#038;p=30335"},"modified":"2026-03-30T11:03:19","modified_gmt":"2026-03-30T09:03:19","slug":"beun-basic-longpants-body","status":"publish","type":"product","link":"https:\/\/www.wojoer.de\/en\/produkt\/beun-basic-longpants-body\/","title":{"rendered":"BEUN BASIC Longpants-Body"},"content":{"rendered":"<p>Immer vorr\u00e4tig, denn der BEUN BASIC swimsuit men stringbody 0320A006 ist Never-Out-of-Stock und geh\u00f6rt damit zu den Wojoer NOS-Produkten.<\/p>\n<p data-wp-editing=\"1\">Erh\u00e4ltlich in den Farben\u00a0 <a href=\"https:\/\/www.wojoer.de\/wp-content\/uploads\/2018\/04\/schwarz.jpg\"><img loading=\"lazy\" decoding=\"async\" class=\"alignnone wp-image-10039 size-full\" src=\"https:\/\/www.wojoer.de\/wp-content\/uploads\/2018\/04\/schwarz.jpg\" alt=\"\" width=\"9\" height=\"9\" \/><\/a> schwarz | <a href=\"https:\/\/www.wojoer.de\/wp-content\/uploads\/2018\/04\/neongelb.jpg\"><img loading=\"lazy\" decoding=\"async\" class=\"alignnone size-full wp-image-10035\" src=\"https:\/\/www.wojoer.de\/wp-content\/uploads\/2018\/04\/neongelb.jpg\" alt=\"\" width=\"9\" height=\"9\" \/><\/a> Neongelb | <a href=\"https:\/\/www.wojoer.de\/wp-content\/uploads\/2018\/04\/eisblau.jpg\"><img loading=\"lazy\" decoding=\"async\" class=\"alignnone size-full wp-image-10031\" src=\"https:\/\/www.wojoer.de\/wp-content\/uploads\/2018\/04\/eisblau.jpg\" alt=\"Farbe\" width=\"9\" height=\"9\" \/><\/a> Eisblau | <a href=\"https:\/\/www.wojoer.de\/wp-content\/uploads\/2018\/04\/vulcano.jpg\"><img loading=\"lazy\" decoding=\"async\" class=\"alignnone size-full wp-image-10040\" src=\"https:\/\/www.wojoer.de\/wp-content\/uploads\/2018\/04\/vulcano.jpg\" alt=\"Farbe\" width=\"9\" height=\"9\" \/><\/a> Rot | <a href=\"https:\/\/www.wojoer.de\/wp-content\/uploads\/2018\/04\/nude.jpg\"><img loading=\"lazy\" decoding=\"async\" class=\"alignnone size-full wp-image-10036\" src=\"https:\/\/www.wojoer.de\/wp-content\/uploads\/2018\/04\/nude.jpg\" alt=\"\" width=\"9\" height=\"9\" \/><\/a> Nude |<\/p>\n<h3>Gr\u00f6\u00dfen<\/h3>\n<p>Erh\u00e4ltlich in den Gr\u00f6\u00dfen S, M, L, XL<\/p>\n<h3>Materialzusammensetzung<\/h3>\n<p>BEUN: 82% Polyamid, 18% Elasthan<\/p>\n<h3>Besonderheiten<\/h3>\n<p><a href=\"http:\/\/www.wojoer.de\/?s=nos&#038;post_type=product\">NOS Produkt<\/a> | badetauglich | seidenmatte Oberfl\u00e4chenoptik | leicht transparent | luftig | schnell trocknend | dehnbar | hauteng &#038; bequem | Basic Design | hochwertige Verarbeitung &#8220;Made in Germany&#8221;<\/p>\n<h3>Benutzerhinweise<\/h3>\n<p>30\u00b0 Schonw\u00e4sche | auf niedriger Stufe b\u00fcgeln<\/p>\n<h3>BEUN BASIC Longpant-Body men &#8211; BEACH &#038; UNDERWEAR\u00a0 | Anzug | Body | Tanga | String | Radler<\/h3>\n<p>Widerspruch ist zwecklos! Der BEUN BASIC Longpant-Body ist kein Body wie jeder andere. Er sitzt einfach perfekt, ist leicht transparent, hauch d\u00fcnn und wunderbar bequem. Das Beste kommt aber noch: Dieser Body ist Beach- und Underwear in einem. Badetauglich f\u00fcr Chlor- Und Salzwasser. Somit macht er deinen K\u00f6rper zu einem atemberaubenden Blickfang, vor allem in den Farben Neongelb, Eisblau und Vulcano-Rot. Und f\u00fcr die, die es dezent und elegant m\u00f6gen, bietet die Farbpalette auch die Farben Nude und Schwarz, um deinen idealen Alltags-Begleiter genau auf dich abzustimmen. Vor allem nude ist wunderbar geeignet, um als unsichtbare Unterw\u00e4sche unter dem wei\u00dfen Businesshemd getragen zu werden. Immerhin ist sein Ausschnitt besonders tief, sodass er selbst bei einem offen getragenen Kragen nicht hervorlugt. Aber wenn es dann soweit ist und dir das Hemd vom Leib gerissen wird, ist der BEUN BASIC Body eine hei\u00dfe \u00dcberraschung. Lass dir dieses Abendteuer nicht entgehen und f\u00fchl dich immer \u00fcberraschend bereit!<\/p>\n","protected":false},"excerpt":{"rendered":"<p>Immer vorr\u00e4tig, denn der BEUN BASIC swimsuit men stringbody 0320A006 ist Never-Out-of-Stock und geh\u00f6rt damit zu den Wojoer NOS-Produkten.<br \/>\nErh\u00e4ltlich in den Farben\u00a0  schwarz |  Neongelb |  Eisblau |  Rot |  Nude |<\/p>\n<p>Gr\u00f6\u00dfen<br \/>\nErh\u00e4ltlich in den Gr\u00f6\u00dfen\u2026<\/p>\n","protected":false},"featured_media":35162,"comment_status":"open","ping_status":"closed","template":"","meta":[],"product_brand":[],"product_cat":[715,115,106,169,473,121,326],"product_tag":[108,186,259,387,192],"class_list":{"0":"post-30335","1":"product","2":"type-product","3":"status-publish","4":"has-post-thumbnail","6":"product_cat-320-beun-basic","7":"product_cat-beachwear","8":"product_cat-beun","9":"product_cat-nos-never-out-of-stock","10":"product_cat-men","11":"product_cat-underwear","12":"product_cat-wojoer","13":"product_tag-1beachwear","14":"product_tag-body","15":"product_tag-longpants","16":"product_tag-transparent","17":"product_tag-unterwaesche","18":"product_shipping_class-beun","19":"pa_farbe-eisblau","20":"pa_farbe-neongelb","21":"pa_farbe-nude","22":"pa_farbe-vulcano","23":"pa_farbe-schwarz","24":"pa_groesse-l","25":"pa_groesse-m","26":"pa_groesse-s","27":"pa_groesse-xl","28":"pa_groesse-xxl","29":"pif-has-gallery","30":"post-1","31":"odd","33":"first","34":"instock","35":"featured","36":"taxable","37":"shipping-taxable","38":"purchasable","39":"product-type-variable","40":"has-default-attributes"},"yoast_head":"<!-- This site is optimized with the Yoast SEO plugin v27.2 - https:\/\/yoast.com\/product\/yoast-seo-wordpress\/ -->\n<title>Longpants Body men | Beach &amp; Underwear hauch d\u00fcnn bequem<\/title>\n<meta name=\"description\" content=\"Beun Basic Longpants-Body, hauchd\u00fcnn, leicht transparent, in 5 phantastischen Farben erh\u00e4ltlich.\" \/>\n<meta name=\"robots\" content=\"index, follow, max-snippet:-1, max-image-preview:large, max-video-preview:-1\" \/>\n<link rel=\"canonical\" href=\"https:\/\/www.wojoer.de\/en\/produkt\/beun-basic-longpants-body\/\" \/>\n<meta name=\"twitter:card\" content=\"summary_large_image\" \/>\n<meta name=\"twitter:title\" content=\"Longpants Body men | Beach &amp; Underwear hauch d\u00fcnn bequem\" \/>\n<meta name=\"twitter:description\" content=\"Beun Basic Longpants-Body, hauchd\u00fcnn, leicht transparent, in 5 phantastischen Farben erh\u00e4ltlich.\" \/>\n<meta name=\"twitter:image\" content=\"https:\/\/www.wojoer.de\/wp-content\/uploads\/2021\/05\/320S6_BEUN_basic_Longpants_Body_neon_gelb_side_wojoer_-1.jpg\" \/>\n<meta name=\"twitter:label1\" content=\"Estimated reading time\" \/>\n\t<meta name=\"twitter:data1\" content=\"3 minutes\" \/>\n<script type=\"application\/ld+json\" class=\"yoast-schema-graph\">{\"@context\":\"https:\/\/schema.org\",\"@graph\":[{\"@type\":\"WebPage\",\"@id\":\"https:\/\/www.wojoer.de\/produkt\/beun-basic-longpants-body\/\",\"url\":\"https:\/\/www.wojoer.de\/produkt\/beun-basic-longpants-body\/\",\"name\":\"Longpants Body men | Beach & Underwear hauch d\u00fcnn bequem\",\"isPartOf\":{\"@id\":\"https:\/\/www.wojoer.de\/#website\"},\"primaryImageOfPage\":{\"@id\":\"https:\/\/www.wojoer.de\/produkt\/beun-basic-longpants-body\/#primaryimage\"},\"image\":{\"@id\":\"https:\/\/www.wojoer.de\/produkt\/beun-basic-longpants-body\/#primaryimage\"},\"thumbnailUrl\":\"https:\/\/www.wojoer.de\/wp-content\/uploads\/2021\/05\/320S6_BEUN_basic_Longpants_Body_neon_gelb_side_wojoer_-1.jpg\",\"datePublished\":\"2025-04-13T07:00:28+00:00\",\"dateModified\":\"2026-03-30T09:03:19+00:00\",\"description\":\"Beun Basic Longpants-Body, hauchd\u00fcnn, leicht transparent, in 5 phantastischen Farben erh\u00e4ltlich.\",\"breadcrumb\":{\"@id\":\"https:\/\/www.wojoer.de\/produkt\/beun-basic-longpants-body\/#breadcrumb\"},\"inLanguage\":\"en-GB\",\"potentialAction\":[{\"@type\":\"ReadAction\",\"target\":[\"https:\/\/www.wojoer.de\/produkt\/beun-basic-longpants-body\/\"]}]},{\"@type\":\"ImageObject\",\"inLanguage\":\"en-GB\",\"@id\":\"https:\/\/www.wojoer.de\/produkt\/beun-basic-longpants-body\/#primaryimage\",\"url\":\"https:\/\/www.wojoer.de\/wp-content\/uploads\/2021\/05\/320S6_BEUN_basic_Longpants_Body_neon_gelb_side_wojoer_-1.jpg\",\"contentUrl\":\"https:\/\/www.wojoer.de\/wp-content\/uploads\/2021\/05\/320S6_BEUN_basic_Longpants_Body_neon_gelb_side_wojoer_-1.jpg\",\"width\":2002,\"height\":2002},{\"@type\":\"BreadcrumbList\",\"@id\":\"https:\/\/www.wojoer.de\/produkt\/beun-basic-longpants-body\/#breadcrumb\",\"itemListElement\":[{\"@type\":\"ListItem\",\"position\":1,\"name\":\"Startseite\",\"item\":\"https:\/\/www.wojoer.de\/\"},{\"@type\":\"ListItem\",\"position\":2,\"name\":\"SHOP\",\"item\":\"https:\/\/www.wojoer.de\/shop\/\"},{\"@type\":\"ListItem\",\"position\":3,\"name\":\"BEUN BASIC Longpants-Body\"}]},{\"@type\":\"WebSite\",\"@id\":\"https:\/\/www.wojoer.de\/#website\",\"url\":\"https:\/\/www.wojoer.de\/\",\"name\":\"WOJOER\",\"description\":\"clubwear for men\",\"publisher\":{\"@id\":\"https:\/\/www.wojoer.de\/#organization\"},\"potentialAction\":[{\"@type\":\"SearchAction\",\"target\":{\"@type\":\"EntryPoint\",\"urlTemplate\":\"https:\/\/www.wojoer.de\/?s={search_term_string}\"},\"query-input\":{\"@type\":\"PropertyValueSpecification\",\"valueRequired\":true,\"valueName\":\"search_term_string\"}}],\"inLanguage\":\"en-GB\"},{\"@type\":\"Organization\",\"@id\":\"https:\/\/www.wojoer.de\/#organization\",\"name\":\"Wonneberger-Manufaktur\",\"url\":\"https:\/\/www.wojoer.de\/\",\"logo\":{\"@type\":\"ImageObject\",\"inLanguage\":\"en-GB\",\"@id\":\"https:\/\/www.wojoer.de\/#\/schema\/logo\/image\/\",\"url\":\"https:\/\/www.wojoer.de\/wp-content\/uploads\/2016\/11\/wonnebergermanufaktur_logo_BUTTON.png\",\"contentUrl\":\"https:\/\/www.wojoer.de\/wp-content\/uploads\/2016\/11\/wonnebergermanufaktur_logo_BUTTON.png\",\"width\":765,\"height\":765,\"caption\":\"Wonneberger-Manufaktur\"},\"image\":{\"@id\":\"https:\/\/www.wojoer.de\/#\/schema\/logo\/image\/\"},\"sameAs\":[\"https:\/\/www.facebook.com\/wojoer\/\",\"https:\/\/de.pinterest.com\/W0J0ER\/\"]}]}<\/script>\n<!-- \/ Yoast SEO plugin. -->","yoast_head_json":{"title":"Longpants Body men | Beach & Underwear hauch d\u00fcnn bequem","description":"Beun Basic Longpants-Body, hauchd\u00fcnn, leicht transparent, in 5 phantastischen Farben erh\u00e4ltlich.","robots":{"index":"index","follow":"follow","max-snippet":"max-snippet:-1","max-image-preview":"max-image-preview:large","max-video-preview":"max-video-preview:-1"},"canonical":"https:\/\/www.wojoer.de\/en\/produkt\/beun-basic-longpants-body\/","twitter_card":"summary_large_image","twitter_title":"Longpants Body men | Beach & Underwear hauch d\u00fcnn bequem","twitter_description":"Beun Basic Longpants-Body, hauchd\u00fcnn, leicht transparent, in 5 phantastischen Farben erh\u00e4ltlich.","twitter_image":"https:\/\/www.wojoer.de\/wp-content\/uploads\/2021\/05\/320S6_BEUN_basic_Longpants_Body_neon_gelb_side_wojoer_-1.jpg","twitter_misc":{"Estimated reading time":"3 minutes"},"schema":{"@context":"https:\/\/schema.org","@graph":[{"@type":"WebPage","@id":"https:\/\/www.wojoer.de\/produkt\/beun-basic-longpants-body\/","url":"https:\/\/www.wojoer.de\/produkt\/beun-basic-longpants-body\/","name":"Longpants Body men | Beach & Underwear hauch d\u00fcnn bequem","isPartOf":{"@id":"https:\/\/www.wojoer.de\/#website"},"primaryImageOfPage":{"@id":"https:\/\/www.wojoer.de\/produkt\/beun-basic-longpants-body\/#primaryimage"},"image":{"@id":"https:\/\/www.wojoer.de\/produkt\/beun-basic-longpants-body\/#primaryimage"},"thumbnailUrl":"https:\/\/www.wojoer.de\/wp-content\/uploads\/2021\/05\/320S6_BEUN_basic_Longpants_Body_neon_gelb_side_wojoer_-1.jpg","datePublished":"2025-04-13T07:00:28+00:00","dateModified":"2026-03-30T09:03:19+00:00","description":"Beun Basic Longpants-Body, hauchd\u00fcnn, leicht transparent, in 5 phantastischen Farben erh\u00e4ltlich.","breadcrumb":{"@id":"https:\/\/www.wojoer.de\/produkt\/beun-basic-longpants-body\/#breadcrumb"},"inLanguage":"en-GB","potentialAction":[{"@type":"ReadAction","target":["https:\/\/www.wojoer.de\/produkt\/beun-basic-longpants-body\/"]}]},{"@type":"ImageObject","inLanguage":"en-GB","@id":"https:\/\/www.wojoer.de\/produkt\/beun-basic-longpants-body\/#primaryimage","url":"https:\/\/www.wojoer.de\/wp-content\/uploads\/2021\/05\/320S6_BEUN_basic_Longpants_Body_neon_gelb_side_wojoer_-1.jpg","contentUrl":"https:\/\/www.wojoer.de\/wp-content\/uploads\/2021\/05\/320S6_BEUN_basic_Longpants_Body_neon_gelb_side_wojoer_-1.jpg","width":2002,"height":2002},{"@type":"BreadcrumbList","@id":"https:\/\/www.wojoer.de\/produkt\/beun-basic-longpants-body\/#breadcrumb","itemListElement":[{"@type":"ListItem","position":1,"name":"Startseite","item":"https:\/\/www.wojoer.de\/"},{"@type":"ListItem","position":2,"name":"SHOP","item":"https:\/\/www.wojoer.de\/shop\/"},{"@type":"ListItem","position":3,"name":"BEUN BASIC Longpants-Body"}]},{"@type":"WebSite","@id":"https:\/\/www.wojoer.de\/#website","url":"https:\/\/www.wojoer.de\/","name":"WOJOER","description":"clubwear for men","publisher":{"@id":"https:\/\/www.wojoer.de\/#organization"},"potentialAction":[{"@type":"SearchAction","target":{"@type":"EntryPoint","urlTemplate":"https:\/\/www.wojoer.de\/?s={search_term_string}"},"query-input":{"@type":"PropertyValueSpecification","valueRequired":true,"valueName":"search_term_string"}}],"inLanguage":"en-GB"},{"@type":"Organization","@id":"https:\/\/www.wojoer.de\/#organization","name":"Wonneberger-Manufaktur","url":"https:\/\/www.wojoer.de\/","logo":{"@type":"ImageObject","inLanguage":"en-GB","@id":"https:\/\/www.wojoer.de\/#\/schema\/logo\/image\/","url":"https:\/\/www.wojoer.de\/wp-content\/uploads\/2016\/11\/wonnebergermanufaktur_logo_BUTTON.png","contentUrl":"https:\/\/www.wojoer.de\/wp-content\/uploads\/2016\/11\/wonnebergermanufaktur_logo_BUTTON.png","width":765,"height":765,"caption":"Wonneberger-Manufaktur"},"image":{"@id":"https:\/\/www.wojoer.de\/#\/schema\/logo\/image\/"},"sameAs":["https:\/\/www.facebook.com\/wojoer\/","https:\/\/de.pinterest.com\/W0J0ER\/"]}]}},"_links":{"self":[{"href":"https:\/\/www.wojoer.de\/en\/wp-json\/wp\/v2\/product\/30335","targetHints":{"allow":["GET"]}}],"collection":[{"href":"https:\/\/www.wojoer.de\/en\/wp-json\/wp\/v2\/product"}],"about":[{"href":"https:\/\/www.wojoer.de\/en\/wp-json\/wp\/v2\/types\/product"}],"replies":[{"embeddable":true,"href":"https:\/\/www.wojoer.de\/en\/wp-json\/wp\/v2\/comments?post=30335"}],"wp:featuredmedia":[{"embeddable":true,"href":"https:\/\/www.wojoer.de\/en\/wp-json\/wp\/v2\/media\/35162"}],"wp:attachment":[{"href":"https:\/\/www.wojoer.de\/en\/wp-json\/wp\/v2\/media?parent=30335"}],"wp:term":[{"taxonomy":"product_brand","embeddable":true,"href":"https:\/\/www.wojoer.de\/en\/wp-json\/wp\/v2\/product_brand?post=30335"},{"taxonomy":"product_cat","embeddable":true,"href":"https:\/\/www.wojoer.de\/en\/wp-json\/wp\/v2\/product_cat?post=30335"},{"taxonomy":"product_tag","embeddable":true,"href":"https:\/\/www.wojoer.de\/en\/wp-json\/wp\/v2\/product_tag?post=30335"}],"curies":[{"name":"wp","href":"https:\/\/api.w.org\/{rel}","templated":true}]}}