{"id":30714,"date":"2021-05-03T14:21:01","date_gmt":"2021-05-03T12:21:01","guid":{"rendered":"https:\/\/www.wojoer.de\/?post_type=product&#038;p=30714"},"modified":"2025-01-22T08:27:23","modified_gmt":"2025-01-22T07:27:23","slug":"neopren-muscleshirt-309t272","status":"publish","type":"product","link":"https:\/\/www.wojoer.de\/en\/produkt\/neopren-muscleshirt-309t272\/","title":{"rendered":"Neopren Muscle Shirt"},"content":{"rendered":"<p>The neoprene shirt muscle top is one of the Wojoer LIVE effects. You will be settled with us. So, we can respond to customer requests.<\/p>\n<h3>Sizes<\/h3>\n<p>Available in sizes S, M, L, XL<\/p>\n<h2>Material composition<\/h2>\n<p>100% smooth skin neoprene<\/p>\n<p>Inner lining: 80% polyamide, 20% elastane<\/p>\n<h3>particularities<\/h3>\n<p>LIVE product | elegant matt surface optics | suitable for bathing | warming | firm forming material | skin tight fit | Realization &#8220;Made in Germany&#8221;<\/p>\n<h3>wash instructions<\/h3>\n<p>Hand wash | Neoprene removes movement wrinkles, like good leather and how it gradually belongs to each wearer. Therefore, please store pressure-protected and non-assembled items and put them on your own hangers.<\/p>\n<h3>Caution<\/h3>\n<p>In the case of returns, the neoprene products must be returned in an airtight packaging, just as the goods were received. The goods will not be taken back at pressure points.<\/p>\n<h3>NEOPRENE &#8211; sexy ouverte thong<\/h3>\n<p>Ola Chico! With this skimpy part from the WOJOER neoprene series everyone becomes part of the leading flirt. The 2.5mm fine, complex made in Germany smooth skin neoprene looks noble and sporty.<\/p>\n<p>&nbsp;<\/p>\n","protected":false},"excerpt":{"rendered":"<p>Der Neopren Muskelshirt geh\u00f6rt zu den Wojoer LIVE-Produkten. Sie werden ab Bestellung bei uns produziert. So k\u00f6nnen wir auf Kundenw\u00fcnsche individuell eingehen.<br \/>\nGr\u00f6\u00dfen<br \/>\nErh\u00e4ltlich in den Gr\u00f6\u00dfen S, M, L, XL<br \/>\nMaterialzusammensetzung<br \/>\n100% Glatthautneopren<\/p>\n<p>Innenkaschierung: 80% Polyamid, 20% Elasthan<br \/>\nBesonderheiten<br \/>\nLIVE-Produkt \u00a0| elegant matte Oberfl\u00e4chenoptik | badetauglich\u2026<\/p>\n","protected":false},"featured_media":28977,"comment_status":"open","ping_status":"closed","template":"","meta":[],"product_brand":[],"product_cat":[112,115,114,473,195,326],"product_tag":[108,268,103,856],"class_list":{"0":"post-30714","1":"product","2":"type-product","3":"status-publish","4":"has-post-thumbnail","6":"product_cat-309-neopren","7":"product_cat-beachwear","8":"product_cat-fetisch","9":"product_cat-men","10":"product_cat-produktion-auf-bestellung-liveproduktion","11":"product_cat-wojoer","12":"product_tag-1beachwear","13":"product_tag-farbcode","14":"product_tag-neopren","15":"product_tag-shirt","16":"product_shipping_class-neopren","17":"pa_farbe-eisblau","18":"pa_farbe-royalblau","19":"pa_farbe-braun","20":"pa_farbe-grau","21":"pa_farbe-lila","22":"pa_farbe-neongelb","23":"pa_farbe-neongruen","24":"pa_farbe-neonorange","25":"pa_farbe-neonpink","26":"pa_farbe-olive","27":"pa_farbe-rot","28":"pa_farbe-schwarz","29":"pa_farbe-weiss","30":"pa_groesse-l","31":"pa_groesse-m","32":"pa_groesse-s","33":"pa_groesse-xl","34":"pif-has-gallery","35":"post-1","36":"odd","38":"first","39":"onbackorder","40":"taxable","41":"shipping-taxable","42":"purchasable","43":"product-type-variable","44":"has-default-attributes"},"yoast_head":"<!-- This site is optimized with the Yoast SEO plugin v27.2 - https:\/\/yoast.com\/product\/yoast-seo-wordpress\/ -->\n<title>Neopren muscle shirt | Bathing and Clubwear | WOJOER<\/title>\n<meta name=\"description\" content=\"Neoprene muscle shirt - unusually scarce. Not only is the smooth skin neoprene made in Germany unusually erotic, the masculin cut also invites you to hot hours! Order free shipping within Germany now!\" \/>\n<meta name=\"robots\" content=\"index, follow, max-snippet:-1, max-image-preview:large, max-video-preview:-1\" \/>\n<link rel=\"canonical\" href=\"https:\/\/www.wojoer.de\/en\/produkt\/neopren-muscleshirt-309t272\/\" \/>\n<meta name=\"twitter:card\" content=\"summary_large_image\" \/>\n<meta name=\"twitter:title\" content=\"Neopren muscle shirt | Bathing and Clubwear | WOJOER\" \/>\n<meta name=\"twitter:description\" content=\"Neoprene muscle shirt - unusually scarce. Not only is the smooth skin neoprene made in Germany unusually erotic, the masculin cut also invites you to hot hours! Order free shipping within Germany now!\" \/>\n<meta name=\"twitter:image\" content=\"https:\/\/www.wojoer.de\/wp-content\/uploads\/2020\/09\/309T272_neopren_muscle_shirt_schwarz_wojoer.jpg\" \/>\n<meta name=\"twitter:label1\" content=\"Estimated reading time\" \/>\n\t<meta name=\"twitter:data1\" content=\"2 minutes\" \/>\n<script type=\"application\/ld+json\" class=\"yoast-schema-graph\">{\"@context\":\"https:\/\/schema.org\",\"@graph\":[{\"@type\":\"WebPage\",\"@id\":\"https:\/\/www.wojoer.de\/en\/produkt\/neopren-muscleshirt-309t272\/\",\"url\":\"https:\/\/www.wojoer.de\/en\/produkt\/neopren-muscleshirt-309t272\/\",\"name\":\"Neopren muscle shirt | Bathing and Clubwear | WOJOER\",\"isPartOf\":{\"@id\":\"https:\/\/www.wojoer.de\/#website\"},\"primaryImageOfPage\":{\"@id\":\"https:\/\/www.wojoer.de\/en\/produkt\/neopren-muscleshirt-309t272\/#primaryimage\"},\"image\":{\"@id\":\"https:\/\/www.wojoer.de\/en\/produkt\/neopren-muscleshirt-309t272\/#primaryimage\"},\"thumbnailUrl\":\"https:\/\/www.wojoer.de\/wp-content\/uploads\/2020\/09\/309T272_neopren_muscle_shirt_schwarz_wojoer.jpg\",\"datePublished\":\"2021-05-03T12:21:01+00:00\",\"dateModified\":\"2025-01-22T07:27:23+00:00\",\"description\":\"Neoprene muscle shirt - unusually scarce. Not only is the smooth skin neoprene made in Germany unusually erotic, the masculin cut also invites you to hot hours! Order free shipping within Germany now!\",\"breadcrumb\":{\"@id\":\"https:\/\/www.wojoer.de\/en\/produkt\/neopren-muscleshirt-309t272\/#breadcrumb\"},\"inLanguage\":\"en-GB\",\"potentialAction\":[{\"@type\":\"ReadAction\",\"target\":[\"https:\/\/www.wojoer.de\/en\/produkt\/neopren-muscleshirt-309t272\/\"]}]},{\"@type\":\"ImageObject\",\"inLanguage\":\"en-GB\",\"@id\":\"https:\/\/www.wojoer.de\/en\/produkt\/neopren-muscleshirt-309t272\/#primaryimage\",\"url\":\"https:\/\/www.wojoer.de\/wp-content\/uploads\/2020\/09\/309T272_neopren_muscle_shirt_schwarz_wojoer.jpg\",\"contentUrl\":\"https:\/\/www.wojoer.de\/wp-content\/uploads\/2020\/09\/309T272_neopren_muscle_shirt_schwarz_wojoer.jpg\",\"width\":2002,\"height\":2002},{\"@type\":\"BreadcrumbList\",\"@id\":\"https:\/\/www.wojoer.de\/en\/produkt\/neopren-muscleshirt-309t272\/#breadcrumb\",\"itemListElement\":[{\"@type\":\"ListItem\",\"position\":1,\"name\":\"Startseite\",\"item\":\"https:\/\/www.wojoer.de\/\"},{\"@type\":\"ListItem\",\"position\":2,\"name\":\"SHOP\",\"item\":\"https:\/\/www.wojoer.de\/shop\/\"},{\"@type\":\"ListItem\",\"position\":3,\"name\":\"Neopren Muscle Shirt\"}]},{\"@type\":\"WebSite\",\"@id\":\"https:\/\/www.wojoer.de\/#website\",\"url\":\"https:\/\/www.wojoer.de\/\",\"name\":\"WOJOER\",\"description\":\"clubwear for men\",\"publisher\":{\"@id\":\"https:\/\/www.wojoer.de\/#organization\"},\"potentialAction\":[{\"@type\":\"SearchAction\",\"target\":{\"@type\":\"EntryPoint\",\"urlTemplate\":\"https:\/\/www.wojoer.de\/?s={search_term_string}\"},\"query-input\":{\"@type\":\"PropertyValueSpecification\",\"valueRequired\":true,\"valueName\":\"search_term_string\"}}],\"inLanguage\":\"en-GB\"},{\"@type\":\"Organization\",\"@id\":\"https:\/\/www.wojoer.de\/#organization\",\"name\":\"Wonneberger-Manufaktur\",\"url\":\"https:\/\/www.wojoer.de\/\",\"logo\":{\"@type\":\"ImageObject\",\"inLanguage\":\"en-GB\",\"@id\":\"https:\/\/www.wojoer.de\/#\/schema\/logo\/image\/\",\"url\":\"https:\/\/www.wojoer.de\/wp-content\/uploads\/2016\/11\/wonnebergermanufaktur_logo_BUTTON.png\",\"contentUrl\":\"https:\/\/www.wojoer.de\/wp-content\/uploads\/2016\/11\/wonnebergermanufaktur_logo_BUTTON.png\",\"width\":765,\"height\":765,\"caption\":\"Wonneberger-Manufaktur\"},\"image\":{\"@id\":\"https:\/\/www.wojoer.de\/#\/schema\/logo\/image\/\"},\"sameAs\":[\"https:\/\/www.facebook.com\/wojoer\/\",\"https:\/\/de.pinterest.com\/W0J0ER\/\"]}]}<\/script>\n<!-- \/ Yoast SEO plugin. -->","yoast_head_json":{"title":"Neopren muscle shirt | Bathing and Clubwear | WOJOER","description":"Neoprene muscle shirt - unusually scarce. Not only is the smooth skin neoprene made in Germany unusually erotic, the masculin cut also invites you to hot hours! Order free shipping within Germany now!","robots":{"index":"index","follow":"follow","max-snippet":"max-snippet:-1","max-image-preview":"max-image-preview:large","max-video-preview":"max-video-preview:-1"},"canonical":"https:\/\/www.wojoer.de\/en\/produkt\/neopren-muscleshirt-309t272\/","twitter_card":"summary_large_image","twitter_title":"[:de]Neopren Muscleshirt | badetauglich | WOJOER[:en]Neopren muscle shirt | Bathing and Clubwear | WOJOER[:]","twitter_description":"[:de]Neopren Muscleshirt - ungewohnt knapp. Nicht nur das in Deutschland gefertigte Glatthautneopren ist ungewohnt erotisch...auch Du darin[:en]Neoprene muscle shirt - unusually scarce. Not only is the smooth skin neoprene made in Germany unusually erotic, the masculin cut also invites you to hot hours! Order free shipping within Germany now![:]","twitter_image":"https:\/\/www.wojoer.de\/wp-content\/uploads\/2020\/09\/309T272_neopren_muscle_shirt_schwarz_wojoer.jpg","twitter_misc":{"Estimated reading time":"2 minutes"},"schema":{"@context":"https:\/\/schema.org","@graph":[{"@type":"WebPage","@id":"https:\/\/www.wojoer.de\/en\/produkt\/neopren-muscleshirt-309t272\/","url":"https:\/\/www.wojoer.de\/en\/produkt\/neopren-muscleshirt-309t272\/","name":"Neopren muscle shirt | Bathing and Clubwear | WOJOER","isPartOf":{"@id":"https:\/\/www.wojoer.de\/#website"},"primaryImageOfPage":{"@id":"https:\/\/www.wojoer.de\/en\/produkt\/neopren-muscleshirt-309t272\/#primaryimage"},"image":{"@id":"https:\/\/www.wojoer.de\/en\/produkt\/neopren-muscleshirt-309t272\/#primaryimage"},"thumbnailUrl":"https:\/\/www.wojoer.de\/wp-content\/uploads\/2020\/09\/309T272_neopren_muscle_shirt_schwarz_wojoer.jpg","datePublished":"2021-05-03T12:21:01+00:00","dateModified":"2025-01-22T07:27:23+00:00","description":"Neoprene muscle shirt - unusually scarce. Not only is the smooth skin neoprene made in Germany unusually erotic, the masculin cut also invites you to hot hours! Order free shipping within Germany now!","breadcrumb":{"@id":"https:\/\/www.wojoer.de\/en\/produkt\/neopren-muscleshirt-309t272\/#breadcrumb"},"inLanguage":"en-GB","potentialAction":[{"@type":"ReadAction","target":["https:\/\/www.wojoer.de\/en\/produkt\/neopren-muscleshirt-309t272\/"]}]},{"@type":"ImageObject","inLanguage":"en-GB","@id":"https:\/\/www.wojoer.de\/en\/produkt\/neopren-muscleshirt-309t272\/#primaryimage","url":"https:\/\/www.wojoer.de\/wp-content\/uploads\/2020\/09\/309T272_neopren_muscle_shirt_schwarz_wojoer.jpg","contentUrl":"https:\/\/www.wojoer.de\/wp-content\/uploads\/2020\/09\/309T272_neopren_muscle_shirt_schwarz_wojoer.jpg","width":2002,"height":2002},{"@type":"BreadcrumbList","@id":"https:\/\/www.wojoer.de\/en\/produkt\/neopren-muscleshirt-309t272\/#breadcrumb","itemListElement":[{"@type":"ListItem","position":1,"name":"Startseite","item":"https:\/\/www.wojoer.de\/"},{"@type":"ListItem","position":2,"name":"SHOP","item":"https:\/\/www.wojoer.de\/shop\/"},{"@type":"ListItem","position":3,"name":"Neopren Muscle Shirt"}]},{"@type":"WebSite","@id":"https:\/\/www.wojoer.de\/#website","url":"https:\/\/www.wojoer.de\/","name":"WOJOER","description":"clubwear for men","publisher":{"@id":"https:\/\/www.wojoer.de\/#organization"},"potentialAction":[{"@type":"SearchAction","target":{"@type":"EntryPoint","urlTemplate":"https:\/\/www.wojoer.de\/?s={search_term_string}"},"query-input":{"@type":"PropertyValueSpecification","valueRequired":true,"valueName":"search_term_string"}}],"inLanguage":"en-GB"},{"@type":"Organization","@id":"https:\/\/www.wojoer.de\/#organization","name":"Wonneberger-Manufaktur","url":"https:\/\/www.wojoer.de\/","logo":{"@type":"ImageObject","inLanguage":"en-GB","@id":"https:\/\/www.wojoer.de\/#\/schema\/logo\/image\/","url":"https:\/\/www.wojoer.de\/wp-content\/uploads\/2016\/11\/wonnebergermanufaktur_logo_BUTTON.png","contentUrl":"https:\/\/www.wojoer.de\/wp-content\/uploads\/2016\/11\/wonnebergermanufaktur_logo_BUTTON.png","width":765,"height":765,"caption":"Wonneberger-Manufaktur"},"image":{"@id":"https:\/\/www.wojoer.de\/#\/schema\/logo\/image\/"},"sameAs":["https:\/\/www.facebook.com\/wojoer\/","https:\/\/de.pinterest.com\/W0J0ER\/"]}]}},"_links":{"self":[{"href":"https:\/\/www.wojoer.de\/en\/wp-json\/wp\/v2\/product\/30714","targetHints":{"allow":["GET"]}}],"collection":[{"href":"https:\/\/www.wojoer.de\/en\/wp-json\/wp\/v2\/product"}],"about":[{"href":"https:\/\/www.wojoer.de\/en\/wp-json\/wp\/v2\/types\/product"}],"replies":[{"embeddable":true,"href":"https:\/\/www.wojoer.de\/en\/wp-json\/wp\/v2\/comments?post=30714"}],"wp:featuredmedia":[{"embeddable":true,"href":"https:\/\/www.wojoer.de\/en\/wp-json\/wp\/v2\/media\/28977"}],"wp:attachment":[{"href":"https:\/\/www.wojoer.de\/en\/wp-json\/wp\/v2\/media?parent=30714"}],"wp:term":[{"taxonomy":"product_brand","embeddable":true,"href":"https:\/\/www.wojoer.de\/en\/wp-json\/wp\/v2\/product_brand?post=30714"},{"taxonomy":"product_cat","embeddable":true,"href":"https:\/\/www.wojoer.de\/en\/wp-json\/wp\/v2\/product_cat?post=30714"},{"taxonomy":"product_tag","embeddable":true,"href":"https:\/\/www.wojoer.de\/en\/wp-json\/wp\/v2\/product_tag?post=30714"}],"curies":[{"name":"wp","href":"https:\/\/api.w.org\/{rel}","templated":true}]}}