{"id":30906,"date":"2025-04-10T07:55:41","date_gmt":"2025-04-10T05:55:41","guid":{"rendered":"https:\/\/www.wojoer.de\/?post_type=product&#038;p=30906"},"modified":"2025-04-17T09:32:42","modified_gmt":"2025-04-17T07:32:42","slug":"bubbles-g_string-female-buf6","status":"publish","type":"product","link":"https:\/\/www.wojoer.de\/en\/produkt\/bubbles-g_string-female-buf6\/","title":{"rendered":"Bubbles G-Tanga BUB12B"},"content":{"rendered":"<p>Bunt und verspielt zeigt sich dieser Bubbles G-Tanga BUB12B und geh\u00f6rt in die Kategorie &#8220;ONLY FOR ME&#8221;-Produkte. Also schnell zugreifen, dieser Tanga ist nur einer kleinen Auflage und nur hier in unserem Onlineshop vorhanden.<\/p>\n<h3>Gr\u00f6\u00dfen<\/h3>\n<p>Erh\u00e4ltlich in den Gr\u00f6\u00dfen S, M, L, XL<\/p>\n<h3>Materialzusammensetzung<\/h3>\n<p>80% Polyamid | 20% Elasthan<\/p>\n<h3>Besonderheiten<\/h3>\n<p><a href=\"https:\/\/www.wojoer.de\/produkt-kategorie\/onlyforme\/\">ONLY FOR ME Produkt<\/a> | bunter Badestoff | beachwear | underwear | bunte Blasen | hochwertige Verarbeitung &#8220;Made in Germany&#8221;<\/p>\n<h3>Benutzerhinweise<\/h3>\n<p>Chlor- und Salzwasserresitent<\/p>\n<h3>BUBBLES G-TANGA &#8211; verspielter Tanga<\/h3>\n<p>It&#8217;s Playtime! Morgens schl\u00fcpfst du in deinen G-Tanga und die gute Stimmung wird dein Begleiter des Tages. Das Bunte und verspielte Muster erzeugt ein Stimmungshoch. Der Perfekte Begleiter f\u00fcr einen Tag am Strand oder im Freizeitbad&#8230; Alles ist fest umschlossen und deine M\u00e4nnlichkeit wird dennoch auf besondere Art und Weise betont und sanft angehoben. Ebenso dein knackiger Hintern, welcher durch das bunte Muster ein absoluter Hingucker ist! Perfekt also f\u00fcr ein kleines Volleyballturnier im Sand und den prickelnd, nassen Sprung ins k\u00fchle Nass danach&#8230;..nicht nur die Blubberbl\u00e4schen auf deinem H\u00f6schen verf\u00fchren danach zum anfassen. Nein! Auch die glitzernden Wasserperlen auf deinem Oberk\u00f6rper laden dazu in besonderem Ma\u00dfe ein. Wer kann da schon widerstehen??<\/p>\n","protected":false},"excerpt":{"rendered":"<p>Bunt und verspielt zeigt sich dieser Bubbles G-String female BUF6 und geh\u00f6rt in die Kategorie &#8220;ONLY FOR ME&#8221;-Produkte. Also schnell zugreifen, dieser String ist nur einer kleinen Auflage und nur hier in unserem Onlineshop vorhanden.<br \/>\nGr\u00f6\u00dfen<br \/>\nErh\u00e4ltlich in den Gr\u00f6\u00dfen S, M,\u2026<\/p>\n","protected":false},"featured_media":38723,"comment_status":"open","ping_status":"closed","template":"","meta":[],"product_brand":[],"product_cat":[270,471,326],"product_tag":[184],"class_list":{"0":"post-30906","1":"product","2":"type-product","3":"status-publish","4":"has-post-thumbnail","6":"product_cat-onlyforme","7":"product_cat-partnerlook","8":"product_cat-wojoer","9":"product_tag-push-up","10":"product_shipping_class-beun","11":"pa_groesse-l","12":"pa_groesse-m","13":"pa_groesse-s","14":"pa_groesse-xl","15":"pif-has-gallery","16":"post-1","17":"odd","19":"first","20":"instock","21":"taxable","22":"shipping-taxable","23":"purchasable","24":"product-type-variable"},"yoast_head":"<!-- This site is optimized with the Yoast SEO plugin v27.2 - https:\/\/yoast.com\/product\/yoast-seo-wordpress\/ -->\n<title>Bubbles female G-String | Unterw\u00e4sche | Bademode | WOJOER<\/title>\n<meta name=\"description\" content=\"Bubbles G-Tanga - bunter, verpielter Tanga mit vielen vielen Blubberblasen und sanfter Hebefunktion! Unterw\u00e4sche und Bademode in einem - perfekt f\u00fctr den spontanen Sprung ins k\u00fchle Nass.\" \/>\n<meta name=\"robots\" content=\"index, follow, max-snippet:-1, max-image-preview:large, max-video-preview:-1\" \/>\n<link rel=\"canonical\" href=\"https:\/\/www.wojoer.de\/en\/produkt\/bubbles-g_string-female-buf6\/\" \/>\n<meta name=\"twitter:card\" content=\"summary_large_image\" \/>\n<meta name=\"twitter:title\" content=\"Bubbles female G-String | Unterw\u00e4sche | Bademode | WOJOER\" \/>\n<meta name=\"twitter:description\" content=\"Bubbles female G-String - bunter female G-String mit vielen vielen Blubberblasen und sanfter Hebefunktion! Unterw\u00e4sche und Bademode in einem\" \/>\n<meta name=\"twitter:image\" content=\"https:\/\/www.wojoer.de\/wp-content\/uploads\/2020\/10\/Bub_Bubbles_Bikini_ForWomen_Wojoer.jpg\" \/>\n<meta name=\"twitter:label1\" content=\"Estimated reading time\" \/>\n\t<meta name=\"twitter:data1\" content=\"2 minutes\" \/>\n<script type=\"application\/ld+json\" class=\"yoast-schema-graph\">{\"@context\":\"https:\/\/schema.org\",\"@graph\":[{\"@type\":\"WebPage\",\"@id\":\"https:\/\/www.wojoer.de\/produkt\/bubbles-g_string-female-buf6\/\",\"url\":\"https:\/\/www.wojoer.de\/produkt\/bubbles-g_string-female-buf6\/\",\"name\":\"Bubbles female G-String | Unterw\u00e4sche | Bademode | WOJOER\",\"isPartOf\":{\"@id\":\"https:\/\/www.wojoer.de\/#website\"},\"primaryImageOfPage\":{\"@id\":\"https:\/\/www.wojoer.de\/produkt\/bubbles-g_string-female-buf6\/#primaryimage\"},\"image\":{\"@id\":\"https:\/\/www.wojoer.de\/produkt\/bubbles-g_string-female-buf6\/#primaryimage\"},\"thumbnailUrl\":\"https:\/\/www.wojoer.de\/wp-content\/uploads\/2020\/10\/Bub_Bubbles_Bikini_ForWomen_Wojoer.jpg\",\"datePublished\":\"2025-04-10T05:55:41+00:00\",\"dateModified\":\"2025-04-17T07:32:42+00:00\",\"description\":\"Bubbles female G-String - bunter female G-String mit vielen vielen Blubberblasen und sanfter Hebefunktion! Unterw\u00e4sche und Bademode in einem\",\"breadcrumb\":{\"@id\":\"https:\/\/www.wojoer.de\/produkt\/bubbles-g_string-female-buf6\/#breadcrumb\"},\"inLanguage\":\"en-GB\",\"potentialAction\":[{\"@type\":\"ReadAction\",\"target\":[\"https:\/\/www.wojoer.de\/produkt\/bubbles-g_string-female-buf6\/\"]}]},{\"@type\":\"ImageObject\",\"inLanguage\":\"en-GB\",\"@id\":\"https:\/\/www.wojoer.de\/produkt\/bubbles-g_string-female-buf6\/#primaryimage\",\"url\":\"https:\/\/www.wojoer.de\/wp-content\/uploads\/2020\/10\/Bub_Bubbles_Bikini_ForWomen_Wojoer.jpg\",\"contentUrl\":\"https:\/\/www.wojoer.de\/wp-content\/uploads\/2020\/10\/Bub_Bubbles_Bikini_ForWomen_Wojoer.jpg\",\"width\":1080,\"height\":1080},{\"@type\":\"BreadcrumbList\",\"@id\":\"https:\/\/www.wojoer.de\/produkt\/bubbles-g_string-female-buf6\/#breadcrumb\",\"itemListElement\":[{\"@type\":\"ListItem\",\"position\":1,\"name\":\"Startseite\",\"item\":\"https:\/\/www.wojoer.de\/\"},{\"@type\":\"ListItem\",\"position\":2,\"name\":\"SHOP\",\"item\":\"https:\/\/www.wojoer.de\/shop\/\"},{\"@type\":\"ListItem\",\"position\":3,\"name\":\"Bubbles G-String female BUF6\"}]},{\"@type\":\"WebSite\",\"@id\":\"https:\/\/www.wojoer.de\/#website\",\"url\":\"https:\/\/www.wojoer.de\/\",\"name\":\"WOJOER\",\"description\":\"clubwear for men\",\"publisher\":{\"@id\":\"https:\/\/www.wojoer.de\/#organization\"},\"potentialAction\":[{\"@type\":\"SearchAction\",\"target\":{\"@type\":\"EntryPoint\",\"urlTemplate\":\"https:\/\/www.wojoer.de\/?s={search_term_string}\"},\"query-input\":{\"@type\":\"PropertyValueSpecification\",\"valueRequired\":true,\"valueName\":\"search_term_string\"}}],\"inLanguage\":\"en-GB\"},{\"@type\":\"Organization\",\"@id\":\"https:\/\/www.wojoer.de\/#organization\",\"name\":\"Wonneberger-Manufaktur\",\"url\":\"https:\/\/www.wojoer.de\/\",\"logo\":{\"@type\":\"ImageObject\",\"inLanguage\":\"en-GB\",\"@id\":\"https:\/\/www.wojoer.de\/#\/schema\/logo\/image\/\",\"url\":\"https:\/\/www.wojoer.de\/wp-content\/uploads\/2016\/11\/wonnebergermanufaktur_logo_BUTTON.png\",\"contentUrl\":\"https:\/\/www.wojoer.de\/wp-content\/uploads\/2016\/11\/wonnebergermanufaktur_logo_BUTTON.png\",\"width\":765,\"height\":765,\"caption\":\"Wonneberger-Manufaktur\"},\"image\":{\"@id\":\"https:\/\/www.wojoer.de\/#\/schema\/logo\/image\/\"},\"sameAs\":[\"https:\/\/www.facebook.com\/wojoer\/\",\"https:\/\/de.pinterest.com\/W0J0ER\/\"]}]}<\/script>\n<!-- \/ Yoast SEO plugin. -->","yoast_head_json":{"title":"Bubbles female G-String | Unterw\u00e4sche | Bademode | WOJOER","description":"Bubbles G-Tanga - bunter, verpielter Tanga mit vielen vielen Blubberblasen und sanfter Hebefunktion! Unterw\u00e4sche und Bademode in einem - perfekt f\u00fctr den spontanen Sprung ins k\u00fchle Nass.","robots":{"index":"index","follow":"follow","max-snippet":"max-snippet:-1","max-image-preview":"max-image-preview:large","max-video-preview":"max-video-preview:-1"},"canonical":"https:\/\/www.wojoer.de\/en\/produkt\/bubbles-g_string-female-buf6\/","twitter_card":"summary_large_image","twitter_title":"Bubbles female G-String | Unterw\u00e4sche | Bademode | WOJOER","twitter_description":"Bubbles female G-String - bunter female G-String mit vielen vielen Blubberblasen und sanfter Hebefunktion! Unterw\u00e4sche und Bademode in einem","twitter_image":"https:\/\/www.wojoer.de\/wp-content\/uploads\/2020\/10\/Bub_Bubbles_Bikini_ForWomen_Wojoer.jpg","twitter_misc":{"Estimated reading time":"2 minutes"},"schema":{"@context":"https:\/\/schema.org","@graph":[{"@type":"WebPage","@id":"https:\/\/www.wojoer.de\/produkt\/bubbles-g_string-female-buf6\/","url":"https:\/\/www.wojoer.de\/produkt\/bubbles-g_string-female-buf6\/","name":"Bubbles female G-String | Unterw\u00e4sche | Bademode | WOJOER","isPartOf":{"@id":"https:\/\/www.wojoer.de\/#website"},"primaryImageOfPage":{"@id":"https:\/\/www.wojoer.de\/produkt\/bubbles-g_string-female-buf6\/#primaryimage"},"image":{"@id":"https:\/\/www.wojoer.de\/produkt\/bubbles-g_string-female-buf6\/#primaryimage"},"thumbnailUrl":"https:\/\/www.wojoer.de\/wp-content\/uploads\/2020\/10\/Bub_Bubbles_Bikini_ForWomen_Wojoer.jpg","datePublished":"2025-04-10T05:55:41+00:00","dateModified":"2025-04-17T07:32:42+00:00","description":"Bubbles female G-String - bunter female G-String mit vielen vielen Blubberblasen und sanfter Hebefunktion! Unterw\u00e4sche und Bademode in einem","breadcrumb":{"@id":"https:\/\/www.wojoer.de\/produkt\/bubbles-g_string-female-buf6\/#breadcrumb"},"inLanguage":"en-GB","potentialAction":[{"@type":"ReadAction","target":["https:\/\/www.wojoer.de\/produkt\/bubbles-g_string-female-buf6\/"]}]},{"@type":"ImageObject","inLanguage":"en-GB","@id":"https:\/\/www.wojoer.de\/produkt\/bubbles-g_string-female-buf6\/#primaryimage","url":"https:\/\/www.wojoer.de\/wp-content\/uploads\/2020\/10\/Bub_Bubbles_Bikini_ForWomen_Wojoer.jpg","contentUrl":"https:\/\/www.wojoer.de\/wp-content\/uploads\/2020\/10\/Bub_Bubbles_Bikini_ForWomen_Wojoer.jpg","width":1080,"height":1080},{"@type":"BreadcrumbList","@id":"https:\/\/www.wojoer.de\/produkt\/bubbles-g_string-female-buf6\/#breadcrumb","itemListElement":[{"@type":"ListItem","position":1,"name":"Startseite","item":"https:\/\/www.wojoer.de\/"},{"@type":"ListItem","position":2,"name":"SHOP","item":"https:\/\/www.wojoer.de\/shop\/"},{"@type":"ListItem","position":3,"name":"Bubbles G-String female BUF6"}]},{"@type":"WebSite","@id":"https:\/\/www.wojoer.de\/#website","url":"https:\/\/www.wojoer.de\/","name":"WOJOER","description":"clubwear for men","publisher":{"@id":"https:\/\/www.wojoer.de\/#organization"},"potentialAction":[{"@type":"SearchAction","target":{"@type":"EntryPoint","urlTemplate":"https:\/\/www.wojoer.de\/?s={search_term_string}"},"query-input":{"@type":"PropertyValueSpecification","valueRequired":true,"valueName":"search_term_string"}}],"inLanguage":"en-GB"},{"@type":"Organization","@id":"https:\/\/www.wojoer.de\/#organization","name":"Wonneberger-Manufaktur","url":"https:\/\/www.wojoer.de\/","logo":{"@type":"ImageObject","inLanguage":"en-GB","@id":"https:\/\/www.wojoer.de\/#\/schema\/logo\/image\/","url":"https:\/\/www.wojoer.de\/wp-content\/uploads\/2016\/11\/wonnebergermanufaktur_logo_BUTTON.png","contentUrl":"https:\/\/www.wojoer.de\/wp-content\/uploads\/2016\/11\/wonnebergermanufaktur_logo_BUTTON.png","width":765,"height":765,"caption":"Wonneberger-Manufaktur"},"image":{"@id":"https:\/\/www.wojoer.de\/#\/schema\/logo\/image\/"},"sameAs":["https:\/\/www.facebook.com\/wojoer\/","https:\/\/de.pinterest.com\/W0J0ER\/"]}]}},"_links":{"self":[{"href":"https:\/\/www.wojoer.de\/en\/wp-json\/wp\/v2\/product\/30906","targetHints":{"allow":["GET"]}}],"collection":[{"href":"https:\/\/www.wojoer.de\/en\/wp-json\/wp\/v2\/product"}],"about":[{"href":"https:\/\/www.wojoer.de\/en\/wp-json\/wp\/v2\/types\/product"}],"replies":[{"embeddable":true,"href":"https:\/\/www.wojoer.de\/en\/wp-json\/wp\/v2\/comments?post=30906"}],"wp:featuredmedia":[{"embeddable":true,"href":"https:\/\/www.wojoer.de\/en\/wp-json\/wp\/v2\/media\/38723"}],"wp:attachment":[{"href":"https:\/\/www.wojoer.de\/en\/wp-json\/wp\/v2\/media?parent=30906"}],"wp:term":[{"taxonomy":"product_brand","embeddable":true,"href":"https:\/\/www.wojoer.de\/en\/wp-json\/wp\/v2\/product_brand?post=30906"},{"taxonomy":"product_cat","embeddable":true,"href":"https:\/\/www.wojoer.de\/en\/wp-json\/wp\/v2\/product_cat?post=30906"},{"taxonomy":"product_tag","embeddable":true,"href":"https:\/\/www.wojoer.de\/en\/wp-json\/wp\/v2\/product_tag?post=30906"}],"curies":[{"name":"wp","href":"https:\/\/api.w.org\/{rel}","templated":true}]}}