{"id":31230,"date":"2020-11-27T00:01:44","date_gmt":"2020-11-26T23:01:44","guid":{"rendered":"https:\/\/www.wojoer.de\/?post_type=product&#038;p=31230"},"modified":"2024-10-24T15:16:42","modified_gmt":"2024-10-24T13:16:42","slug":"black-joker-damen-g-slip-391f6","status":"publish","type":"product","link":"https:\/\/www.wojoer.de\/en\/produkt\/black-joker-damen-g-slip-391f6\/","title":{"rendered":"Black Joker Damen G-Slip 391F6"},"content":{"rendered":"<p>Dieser Black Joker Damen G-Slip 391F6 geh\u00f6rt zu den Wojoer LIVE-Produkten. Sie werden ab Bestellung bei uns produziert. So k\u00f6nnen wir auf Kundenw\u00fcnsche individuell eingehen.<\/p>\n<h3>Gr\u00f6\u00dfen<\/h3>\n<p>Erh\u00e4ltlich in den Gr\u00f6\u00dfen S, M, L, XL<\/p>\n<h3>Materialzusammensetzung<\/h3>\n<p>94% Polyester, 6 % Elasthan<\/p>\n<p>100% Polyester<\/p>\n<h3>Besonderheiten<\/h3>\n<p><a href=\"http:\/\/www.wojoer.de\/?s=LIVE&#038;post_type=product\">LIVE-Produkt<\/a> \u00a0|\u00a0 Ringe | schwarzer Netzstoff mit d\u00fcnnem Leder am Suspensorium | angenehme Passform | stabiles und super dehnbares Powernet | atmungsaktiv |hochwertige Verarbeitung &#8220;Made in Germany&#8221;<\/p>\n<h3><strong>Benutzerhinweise<\/strong><\/h3>\n<p>Handw\u00e4sche<\/p>\n<h3>Black Joker Damen G-Slip &#8211; sexy Unterw\u00e4sche f\u00fcr Frauen<\/h3>\n<p>Bei diesem G-Slip lautet das Motto: &#8220;Freie Sicht mit gro\u00dfem Spielvergn\u00fcgen!&#8221;<\/p>\n<p>Dieser G-Slip ist eine gelungene Kombination aus unserem super dehnbaren Powernet mit einigen Applikationen aus d\u00fcnnen, schwarzen Lederimitat. Das schwarze B\u00fcndchen aus veganem Leder legt sich saft auf deine Haut und schmeichelt deinen H\u00fcften. Die Ringe verf\u00fchren dich zu erotischen Spielchen. Deiner Fantasie sind keine Grenzen gesetzt! Sooo hei\u00df! Die Eigenschaften des \u00e4u\u00dferst angenehmen Stoffes mit verspielten Ringen ist ein Erlebnis deiner Sinne!<\/p>\n","protected":false},"excerpt":{"rendered":"<p>Dieser Black Joker Damen G-Slip 391F6 geh\u00f6rt zu den Wojoer LIVE-Produkten. Sie werden ab Bestellung bei uns produziert. So k\u00f6nnen wir auf Kundenw\u00fcnsche individuell eingehen.<br \/>\nGr\u00f6\u00dfen<br \/>\nErh\u00e4ltlich in den Gr\u00f6\u00dfen S, M, L, XL<br \/>\nMaterialzusammensetzung<br \/>\n94% Polyester, 6 % Elasthan<\/p>\n<p>100% Polyester<br \/>\nBesonderheiten<br \/>\nLIVE-Produkt \u00a0|\u00a0 Ringe |\u2026<\/p>\n","protected":false},"featured_media":31258,"comment_status":"open","ping_status":"closed","template":"","meta":[],"product_brand":[],"product_cat":[694,471,195,326],"product_tag":[578,430,502],"class_list":{"0":"post-31230","1":"product","2":"type-product","3":"status-publish","4":"has-post-thumbnail","6":"product_cat-black-joker-ladies","7":"product_cat-partnerlook","8":"product_cat-produktion-auf-bestellung-liveproduktion","9":"product_cat-wojoer","10":"product_tag-g-slip","11":"product_tag-powernet","12":"product_tag-ringe","13":"product_shipping_class-beun","14":"pa_groesse-l","15":"pa_groesse-m","16":"pa_groesse-s","17":"pa_groesse-xl","18":"pif-has-gallery","19":"post-1","20":"odd","22":"first","23":"onbackorder","24":"taxable","25":"shipping-taxable","26":"purchasable","27":"product-type-variable","28":"has-default-attributes"},"yoast_head":"<!-- This site is optimized with the Yoast SEO plugin v27.2 - https:\/\/yoast.com\/product\/yoast-seo-wordpress\/ -->\n<title>Black Joker Damen G-Slip | schwarz | Netz | Ringe | WOJOER<\/title>\n<meta name=\"description\" content=\"Black Joker G-Slip...der erotische schwarze Netzstoff ist ungewohnt verf\u00fchrerisch und l\u00e4dt zu Fesselspielen ein\" \/>\n<meta name=\"robots\" content=\"index, follow, max-snippet:-1, max-image-preview:large, max-video-preview:-1\" \/>\n<link rel=\"canonical\" href=\"https:\/\/www.wojoer.de\/en\/produkt\/black-joker-damen-g-slip-391f6\/\" \/>\n<meta name=\"twitter:card\" content=\"summary_large_image\" \/>\n<meta name=\"twitter:title\" content=\"Black Joker Damen G-Slip | schwarz | Netz | Ringe | WOJOER\" \/>\n<meta name=\"twitter:description\" content=\"Black Joker G-Slip...der erotische schwarze Netzstoff ist ungewohnt verf\u00fchrerisch und l\u00e4dt zu Fesselspielen ein\" \/>\n<meta name=\"twitter:image\" content=\"https:\/\/www.wojoer.de\/wp-content\/uploads\/2020\/11\/391F6_BlackJoker_GString_female_wojoer.jpg\" \/>\n<meta name=\"twitter:label1\" content=\"Estimated reading time\" \/>\n\t<meta name=\"twitter:data1\" content=\"1 minute\" \/>\n<script type=\"application\/ld+json\" class=\"yoast-schema-graph\">{\"@context\":\"https:\/\/schema.org\",\"@graph\":[{\"@type\":\"WebPage\",\"@id\":\"https:\/\/www.wojoer.de\/produkt\/black-joker-damen-g-slip-391f6\/\",\"url\":\"https:\/\/www.wojoer.de\/produkt\/black-joker-damen-g-slip-391f6\/\",\"name\":\"Black Joker Damen G-Slip | schwarz | Netz | Ringe | WOJOER\",\"isPartOf\":{\"@id\":\"https:\/\/www.wojoer.de\/#website\"},\"primaryImageOfPage\":{\"@id\":\"https:\/\/www.wojoer.de\/produkt\/black-joker-damen-g-slip-391f6\/#primaryimage\"},\"image\":{\"@id\":\"https:\/\/www.wojoer.de\/produkt\/black-joker-damen-g-slip-391f6\/#primaryimage\"},\"thumbnailUrl\":\"https:\/\/www.wojoer.de\/wp-content\/uploads\/2020\/11\/391F6_BlackJoker_GString_female_wojoer.jpg\",\"datePublished\":\"2020-11-26T23:01:44+00:00\",\"dateModified\":\"2024-10-24T13:16:42+00:00\",\"description\":\"Black Joker G-Slip...der erotische schwarze Netzstoff ist ungewohnt verf\u00fchrerisch und l\u00e4dt zu Fesselspielen ein\",\"breadcrumb\":{\"@id\":\"https:\/\/www.wojoer.de\/produkt\/black-joker-damen-g-slip-391f6\/#breadcrumb\"},\"inLanguage\":\"en-GB\",\"potentialAction\":[{\"@type\":\"ReadAction\",\"target\":[\"https:\/\/www.wojoer.de\/produkt\/black-joker-damen-g-slip-391f6\/\"]}]},{\"@type\":\"ImageObject\",\"inLanguage\":\"en-GB\",\"@id\":\"https:\/\/www.wojoer.de\/produkt\/black-joker-damen-g-slip-391f6\/#primaryimage\",\"url\":\"https:\/\/www.wojoer.de\/wp-content\/uploads\/2020\/11\/391F6_BlackJoker_GString_female_wojoer.jpg\",\"contentUrl\":\"https:\/\/www.wojoer.de\/wp-content\/uploads\/2020\/11\/391F6_BlackJoker_GString_female_wojoer.jpg\",\"width\":2002,\"height\":2002},{\"@type\":\"BreadcrumbList\",\"@id\":\"https:\/\/www.wojoer.de\/produkt\/black-joker-damen-g-slip-391f6\/#breadcrumb\",\"itemListElement\":[{\"@type\":\"ListItem\",\"position\":1,\"name\":\"Startseite\",\"item\":\"https:\/\/www.wojoer.de\/\"},{\"@type\":\"ListItem\",\"position\":2,\"name\":\"SHOP\",\"item\":\"https:\/\/www.wojoer.de\/shop\/\"},{\"@type\":\"ListItem\",\"position\":3,\"name\":\"Black Joker Damen G-Slip 391F6\"}]},{\"@type\":\"WebSite\",\"@id\":\"https:\/\/www.wojoer.de\/#website\",\"url\":\"https:\/\/www.wojoer.de\/\",\"name\":\"WOJOER\",\"description\":\"clubwear for men\",\"publisher\":{\"@id\":\"https:\/\/www.wojoer.de\/#organization\"},\"potentialAction\":[{\"@type\":\"SearchAction\",\"target\":{\"@type\":\"EntryPoint\",\"urlTemplate\":\"https:\/\/www.wojoer.de\/?s={search_term_string}\"},\"query-input\":{\"@type\":\"PropertyValueSpecification\",\"valueRequired\":true,\"valueName\":\"search_term_string\"}}],\"inLanguage\":\"en-GB\"},{\"@type\":\"Organization\",\"@id\":\"https:\/\/www.wojoer.de\/#organization\",\"name\":\"Wonneberger-Manufaktur\",\"url\":\"https:\/\/www.wojoer.de\/\",\"logo\":{\"@type\":\"ImageObject\",\"inLanguage\":\"en-GB\",\"@id\":\"https:\/\/www.wojoer.de\/#\/schema\/logo\/image\/\",\"url\":\"https:\/\/www.wojoer.de\/wp-content\/uploads\/2016\/11\/wonnebergermanufaktur_logo_BUTTON.png\",\"contentUrl\":\"https:\/\/www.wojoer.de\/wp-content\/uploads\/2016\/11\/wonnebergermanufaktur_logo_BUTTON.png\",\"width\":765,\"height\":765,\"caption\":\"Wonneberger-Manufaktur\"},\"image\":{\"@id\":\"https:\/\/www.wojoer.de\/#\/schema\/logo\/image\/\"},\"sameAs\":[\"https:\/\/www.facebook.com\/wojoer\/\",\"https:\/\/de.pinterest.com\/W0J0ER\/\"]}]}<\/script>\n<!-- \/ Yoast SEO plugin. -->","yoast_head_json":{"title":"Black Joker Damen G-Slip | schwarz | Netz | Ringe | WOJOER","description":"Black Joker G-Slip...der erotische schwarze Netzstoff ist ungewohnt verf\u00fchrerisch und l\u00e4dt zu Fesselspielen ein","robots":{"index":"index","follow":"follow","max-snippet":"max-snippet:-1","max-image-preview":"max-image-preview:large","max-video-preview":"max-video-preview:-1"},"canonical":"https:\/\/www.wojoer.de\/en\/produkt\/black-joker-damen-g-slip-391f6\/","twitter_card":"summary_large_image","twitter_title":"[:de]Black Joker Damen G-Slip | schwarz | Netz | Ringe | WOJOER[:]","twitter_description":"[:de]Black Joker G-Slip...der erotische schwarze Netzstoff ist ungewohnt verf\u00fchrerisch und l\u00e4dt zu Fesselspielen ein[:]","twitter_image":"https:\/\/www.wojoer.de\/wp-content\/uploads\/2020\/11\/391F6_BlackJoker_GString_female_wojoer.jpg","twitter_misc":{"Estimated reading time":"1 minute"},"schema":{"@context":"https:\/\/schema.org","@graph":[{"@type":"WebPage","@id":"https:\/\/www.wojoer.de\/produkt\/black-joker-damen-g-slip-391f6\/","url":"https:\/\/www.wojoer.de\/produkt\/black-joker-damen-g-slip-391f6\/","name":"Black Joker Damen G-Slip | schwarz | Netz | Ringe | WOJOER","isPartOf":{"@id":"https:\/\/www.wojoer.de\/#website"},"primaryImageOfPage":{"@id":"https:\/\/www.wojoer.de\/produkt\/black-joker-damen-g-slip-391f6\/#primaryimage"},"image":{"@id":"https:\/\/www.wojoer.de\/produkt\/black-joker-damen-g-slip-391f6\/#primaryimage"},"thumbnailUrl":"https:\/\/www.wojoer.de\/wp-content\/uploads\/2020\/11\/391F6_BlackJoker_GString_female_wojoer.jpg","datePublished":"2020-11-26T23:01:44+00:00","dateModified":"2024-10-24T13:16:42+00:00","description":"Black Joker G-Slip...der erotische schwarze Netzstoff ist ungewohnt verf\u00fchrerisch und l\u00e4dt zu Fesselspielen ein","breadcrumb":{"@id":"https:\/\/www.wojoer.de\/produkt\/black-joker-damen-g-slip-391f6\/#breadcrumb"},"inLanguage":"en-GB","potentialAction":[{"@type":"ReadAction","target":["https:\/\/www.wojoer.de\/produkt\/black-joker-damen-g-slip-391f6\/"]}]},{"@type":"ImageObject","inLanguage":"en-GB","@id":"https:\/\/www.wojoer.de\/produkt\/black-joker-damen-g-slip-391f6\/#primaryimage","url":"https:\/\/www.wojoer.de\/wp-content\/uploads\/2020\/11\/391F6_BlackJoker_GString_female_wojoer.jpg","contentUrl":"https:\/\/www.wojoer.de\/wp-content\/uploads\/2020\/11\/391F6_BlackJoker_GString_female_wojoer.jpg","width":2002,"height":2002},{"@type":"BreadcrumbList","@id":"https:\/\/www.wojoer.de\/produkt\/black-joker-damen-g-slip-391f6\/#breadcrumb","itemListElement":[{"@type":"ListItem","position":1,"name":"Startseite","item":"https:\/\/www.wojoer.de\/"},{"@type":"ListItem","position":2,"name":"SHOP","item":"https:\/\/www.wojoer.de\/shop\/"},{"@type":"ListItem","position":3,"name":"Black Joker Damen G-Slip 391F6"}]},{"@type":"WebSite","@id":"https:\/\/www.wojoer.de\/#website","url":"https:\/\/www.wojoer.de\/","name":"WOJOER","description":"clubwear for men","publisher":{"@id":"https:\/\/www.wojoer.de\/#organization"},"potentialAction":[{"@type":"SearchAction","target":{"@type":"EntryPoint","urlTemplate":"https:\/\/www.wojoer.de\/?s={search_term_string}"},"query-input":{"@type":"PropertyValueSpecification","valueRequired":true,"valueName":"search_term_string"}}],"inLanguage":"en-GB"},{"@type":"Organization","@id":"https:\/\/www.wojoer.de\/#organization","name":"Wonneberger-Manufaktur","url":"https:\/\/www.wojoer.de\/","logo":{"@type":"ImageObject","inLanguage":"en-GB","@id":"https:\/\/www.wojoer.de\/#\/schema\/logo\/image\/","url":"https:\/\/www.wojoer.de\/wp-content\/uploads\/2016\/11\/wonnebergermanufaktur_logo_BUTTON.png","contentUrl":"https:\/\/www.wojoer.de\/wp-content\/uploads\/2016\/11\/wonnebergermanufaktur_logo_BUTTON.png","width":765,"height":765,"caption":"Wonneberger-Manufaktur"},"image":{"@id":"https:\/\/www.wojoer.de\/#\/schema\/logo\/image\/"},"sameAs":["https:\/\/www.facebook.com\/wojoer\/","https:\/\/de.pinterest.com\/W0J0ER\/"]}]}},"_links":{"self":[{"href":"https:\/\/www.wojoer.de\/en\/wp-json\/wp\/v2\/product\/31230","targetHints":{"allow":["GET"]}}],"collection":[{"href":"https:\/\/www.wojoer.de\/en\/wp-json\/wp\/v2\/product"}],"about":[{"href":"https:\/\/www.wojoer.de\/en\/wp-json\/wp\/v2\/types\/product"}],"replies":[{"embeddable":true,"href":"https:\/\/www.wojoer.de\/en\/wp-json\/wp\/v2\/comments?post=31230"}],"wp:featuredmedia":[{"embeddable":true,"href":"https:\/\/www.wojoer.de\/en\/wp-json\/wp\/v2\/media\/31258"}],"wp:attachment":[{"href":"https:\/\/www.wojoer.de\/en\/wp-json\/wp\/v2\/media?parent=31230"}],"wp:term":[{"taxonomy":"product_brand","embeddable":true,"href":"https:\/\/www.wojoer.de\/en\/wp-json\/wp\/v2\/product_brand?post=31230"},{"taxonomy":"product_cat","embeddable":true,"href":"https:\/\/www.wojoer.de\/en\/wp-json\/wp\/v2\/product_cat?post=31230"},{"taxonomy":"product_tag","embeddable":true,"href":"https:\/\/www.wojoer.de\/en\/wp-json\/wp\/v2\/product_tag?post=31230"}],"curies":[{"name":"wp","href":"https:\/\/api.w.org\/{rel}","templated":true}]}}