{"id":31896,"date":"2025-12-04T07:23:22","date_gmt":"2025-12-04T06:23:22","guid":{"rendered":"https:\/\/www.wojoer.de\/?post_type=product&#038;p=31896"},"modified":"2025-12-31T00:32:53","modified_gmt":"2025-12-30T23:32:53","slug":"geschenkset-fuer-frauen-weihnachtsgeschenk","status":"publish","type":"product","link":"https:\/\/www.wojoer.de\/en\/produkt\/geschenkset-fuer-frauen-weihnachtsgeschenk\/","title":{"rendered":"Gift Set for Couples"},"content":{"rendered":"<p>Unser WOJOER Winterspecial Geschenkset gibt es nur f\u00fcr kurze Zeit bei WOJOER <a href=\"http:\/\/www.wojoer.de\/produkt-kategorie\/onlyforme\/\">ONLY FOR ME<\/a>.<\/p>\n<h3>Gr\u00f6\u00dfen<\/h3>\n<p>Erh\u00e4ltlich in den Gr\u00f6\u00dfen S, M, L, XL<\/p>\n<h3>Materialzusammensetzung<\/h3>\n<p><strong>Flaschenk\u00fchler: <\/strong>Glatthautneopren: 100% Neopren\u00a0\u00a0\u00a0 |\u00a0\u00a0\u00a0 Rotes Jersey: 80% Polyamid, 20%Polyester <strong><br \/>\nPants und Body:<\/strong> Feines veganes Leder: 93% Polester, 7% Elasthan<\/p>\n<h3>Besonderheiten<\/h3>\n<p>hochwertige Verarbeitung &#8220;Made in Germany&#8221; | nur f\u00fcr kurze Zeit<\/p>\n<h3>Benutzerhinweise<\/h3>\n<p>Handw\u00e4sche, keine Weichsp\u00fcler<\/p>\n<h3>GESCHENKSET | FLASCHENK\u00dcHLER\u00a0 | Weihnachtsgeschenk Frau | Sektk\u00fchler |Weink\u00fchler | bottle-cooler<\/h3>\n<p>Du suchst noch ein Last-Minute-Weihnachtsgeschenk f\u00fcr deine anspruchsvolle Partnerin? Das edle Wojoer Geschenkset in der hochwertigen Vintage Holz Box ist genau das Richtige, um sie auf einen perfekten Abend zu zweit einzustimmen. Der luxuri\u00f6se Schaumwein von August dem starken aus dem ber\u00fchmten Weingut Schloss Wackerbarth aus Sachsen bleibt mit dem einzigartigen Neopren Champagnerk\u00fchler angenehm temperiert, w\u00e4hrend ihr zwei in die samt weichen Leder Outfits aus veganem Leatherlike schl\u00fcpft. Das prickelnd feine Material wird eure Begierde nach sanften Ber\u00fchrungen bereits bei der Anprobe aufflammen lassen. Wenn ihr euch dann im warmen Kerzenlicht tief in die Augen schaut und gen\u00fcsslich mit dem aromatischen Champagner aus s\u00e4chsischen Wei\u00dfweintrauben und dem Aromaspiel aus Zitrusfr\u00fcchten und Honigmelone ansto\u00dft, wird euch die Versuchung ein lustvolles Kribbeln versp\u00fcren lassen. Nun liegt es an euch, wie lange ihr die qu\u00e4lende Spannung zwischen euch ertragen k\u00f6nnt, bevor ihr der Wonne nachgebt und die Vorz\u00fcge der verf\u00fchrerischen Ouvert Outfits erkundet. Genie\u00dft und entdeckt euch neu auf hohem Niveau! Mit dem Wojoer Geschenkset.<\/p>\n<p>HS: 22041093, 611231, 61071200, 40169991, 44151010<\/p>\n","protected":false},"excerpt":{"rendered":"<p>Unser WOJOER Winterspecial Geschenkset gibt es nur f\u00fcr kurze Zeit bei WOJOER ONLY FOR ME.<br \/>\nGr\u00f6\u00dfen<br \/>\nErh\u00e4ltlich in den Gr\u00f6\u00dfen S, M, L, XL<br \/>\nMaterialzusammensetzung<br \/>\n<strong>Flaschenk\u00fchler: <\/strong>Glatthautneopren: 100% Neopren\u00a0\u00a0\u00a0 |\u00a0\u00a0\u00a0 Rotes Jersey: 80% Polyamid, 20%Polyester <strong><br \/>\nPants und Body:<\/strong> Feines veganes Leder: 93% Polester, 7%\u2026<\/p>\n","protected":false},"featured_media":31894,"comment_status":"open","ping_status":"closed","template":"","meta":[],"product_brand":[],"product_cat":[883,270,471,329],"product_tag":[262,186,103,273],"class_list":{"0":"post-31896","1":"product","2":"type-product","3":"status-publish","4":"has-post-thumbnail","6":"product_cat-geschenkgutschein","7":"product_cat-onlyforme","8":"product_cat-partnerlook","9":"product_cat-weihnachtsspecial","10":"product_tag-accessoires","11":"product_tag-body","12":"product_tag-neopren","13":"product_tag-pants","14":"product_shipping_class-leggings-shirts-bodies","15":"pa_groesse-womenlmenl","16":"pa_groesse-womenlmenm","17":"pa_groesse-womenlmens","18":"pa_groesse-womenlmenxl","19":"pa_groesse-womenmmenl","20":"pa_groesse-womenmmenm","21":"pa_groesse-womenmmens","22":"pa_groesse-womenmmenxl","23":"pa_groesse-womensmenl","24":"pa_groesse-womensmenm","25":"pa_groesse-womensmenxl","26":"pa_groesse-womenxlmenl","27":"pa_groesse-womenxlmenm","28":"pa_groesse-womenxlmens","29":"pa_groesse-womenxlmenxl","30":"pa_groesse-womensmens","31":"pif-has-gallery","32":"post-1","33":"odd","35":"first","36":"instock","37":"featured","38":"taxable","39":"shipping-taxable","40":"purchasable","41":"product-type-variable"},"yoast_head":"<!-- This site is optimized with the Yoast SEO plugin v27.2 - https:\/\/yoast.com\/product\/yoast-seo-wordpress\/ -->\n<title>Geschenkset f\u00fcr Paare | Ouvert Weihnachtsgeschenk f\u00fcr Sie von Ihm<\/title>\n<meta name=\"description\" content=\"Geschenkset: 1x Schaumwein August der Starke, 1x Sektk\u00fchler, 1x Vintage Holzbox, 1x vegane LederPants, 1x veganer Lederbody. Romantik pur!\" \/>\n<meta name=\"robots\" content=\"index, follow, max-snippet:-1, max-image-preview:large, max-video-preview:-1\" \/>\n<link rel=\"canonical\" href=\"https:\/\/www.wojoer.de\/en\/produkt\/geschenkset-fuer-frauen-weihnachtsgeschenk\/\" \/>\n<meta name=\"twitter:card\" content=\"summary_large_image\" \/>\n<meta name=\"twitter:title\" content=\"Geschenkset f\u00fcr Paare | Ouvert Weihnachtsgeschenk f\u00fcr Sie von Ihm\" \/>\n<meta name=\"twitter:description\" content=\"Geschenkset: 1x Schaumwein August der Starke, 1x Sektk\u00fchler, 1x Vintage Holzbox, 1x vegane LederPants, 1x veganer Lederbody. Romantik pur!\" \/>\n<meta name=\"twitter:image\" content=\"https:\/\/www.wojoer.de\/wp-content\/uploads\/2020\/12\/WOJOER_Set2_380W606_2_ouvertePants_380FS1_ouverteBody_Partneroutfit_christmasgift.jpg\" \/>\n<meta name=\"twitter:label1\" content=\"Estimated reading time\" \/>\n\t<meta name=\"twitter:data1\" content=\"2 minutes\" \/>\n<script type=\"application\/ld+json\" class=\"yoast-schema-graph\">{\"@context\":\"https:\/\/schema.org\",\"@graph\":[{\"@type\":\"WebPage\",\"@id\":\"https:\/\/www.wojoer.de\/produkt\/geschenkset-fuer-frauen-weihnachtsgeschenk\/\",\"url\":\"https:\/\/www.wojoer.de\/produkt\/geschenkset-fuer-frauen-weihnachtsgeschenk\/\",\"name\":\"Geschenkset f\u00fcr Paare | Ouvert Weihnachtsgeschenk f\u00fcr Sie von Ihm\",\"isPartOf\":{\"@id\":\"https:\/\/www.wojoer.de\/#website\"},\"primaryImageOfPage\":{\"@id\":\"https:\/\/www.wojoer.de\/produkt\/geschenkset-fuer-frauen-weihnachtsgeschenk\/#primaryimage\"},\"image\":{\"@id\":\"https:\/\/www.wojoer.de\/produkt\/geschenkset-fuer-frauen-weihnachtsgeschenk\/#primaryimage\"},\"thumbnailUrl\":\"https:\/\/www.wojoer.de\/wp-content\/uploads\/2020\/12\/WOJOER_Set2_380W606_2_ouvertePants_380FS1_ouverteBody_Partneroutfit_christmasgift.jpg\",\"datePublished\":\"2025-12-04T06:23:22+00:00\",\"dateModified\":\"2025-12-30T23:32:53+00:00\",\"description\":\"Geschenkset: 1x Schaumwein August der Starke, 1x Sektk\u00fchler, 1x Vintage Holzbox, 1x vegane LederPants, 1x veganer Lederbody. Romantik pur!\",\"breadcrumb\":{\"@id\":\"https:\/\/www.wojoer.de\/produkt\/geschenkset-fuer-frauen-weihnachtsgeschenk\/#breadcrumb\"},\"inLanguage\":\"en-GB\",\"potentialAction\":[{\"@type\":\"ReadAction\",\"target\":[\"https:\/\/www.wojoer.de\/produkt\/geschenkset-fuer-frauen-weihnachtsgeschenk\/\"]}]},{\"@type\":\"ImageObject\",\"inLanguage\":\"en-GB\",\"@id\":\"https:\/\/www.wojoer.de\/produkt\/geschenkset-fuer-frauen-weihnachtsgeschenk\/#primaryimage\",\"url\":\"https:\/\/www.wojoer.de\/wp-content\/uploads\/2020\/12\/WOJOER_Set2_380W606_2_ouvertePants_380FS1_ouverteBody_Partneroutfit_christmasgift.jpg\",\"contentUrl\":\"https:\/\/www.wojoer.de\/wp-content\/uploads\/2020\/12\/WOJOER_Set2_380W606_2_ouvertePants_380FS1_ouverteBody_Partneroutfit_christmasgift.jpg\",\"width\":2002,\"height\":2002},{\"@type\":\"BreadcrumbList\",\"@id\":\"https:\/\/www.wojoer.de\/produkt\/geschenkset-fuer-frauen-weihnachtsgeschenk\/#breadcrumb\",\"itemListElement\":[{\"@type\":\"ListItem\",\"position\":1,\"name\":\"Startseite\",\"item\":\"https:\/\/www.wojoer.de\/\"},{\"@type\":\"ListItem\",\"position\":2,\"name\":\"SHOP\",\"item\":\"https:\/\/www.wojoer.de\/shop\/\"},{\"@type\":\"ListItem\",\"position\":3,\"name\":\"Geschenkset f\u00fcr Mann und Frau\"}]},{\"@type\":\"WebSite\",\"@id\":\"https:\/\/www.wojoer.de\/#website\",\"url\":\"https:\/\/www.wojoer.de\/\",\"name\":\"WOJOER\",\"description\":\"clubwear for men\",\"publisher\":{\"@id\":\"https:\/\/www.wojoer.de\/#organization\"},\"potentialAction\":[{\"@type\":\"SearchAction\",\"target\":{\"@type\":\"EntryPoint\",\"urlTemplate\":\"https:\/\/www.wojoer.de\/?s={search_term_string}\"},\"query-input\":{\"@type\":\"PropertyValueSpecification\",\"valueRequired\":true,\"valueName\":\"search_term_string\"}}],\"inLanguage\":\"en-GB\"},{\"@type\":\"Organization\",\"@id\":\"https:\/\/www.wojoer.de\/#organization\",\"name\":\"Wonneberger-Manufaktur\",\"url\":\"https:\/\/www.wojoer.de\/\",\"logo\":{\"@type\":\"ImageObject\",\"inLanguage\":\"en-GB\",\"@id\":\"https:\/\/www.wojoer.de\/#\/schema\/logo\/image\/\",\"url\":\"https:\/\/www.wojoer.de\/wp-content\/uploads\/2016\/11\/wonnebergermanufaktur_logo_BUTTON.png\",\"contentUrl\":\"https:\/\/www.wojoer.de\/wp-content\/uploads\/2016\/11\/wonnebergermanufaktur_logo_BUTTON.png\",\"width\":765,\"height\":765,\"caption\":\"Wonneberger-Manufaktur\"},\"image\":{\"@id\":\"https:\/\/www.wojoer.de\/#\/schema\/logo\/image\/\"},\"sameAs\":[\"https:\/\/www.facebook.com\/wojoer\/\",\"https:\/\/de.pinterest.com\/W0J0ER\/\"]}]}<\/script>\n<!-- \/ Yoast SEO plugin. -->","yoast_head_json":{"title":"Geschenkset f\u00fcr Paare | Ouvert Weihnachtsgeschenk f\u00fcr Sie von Ihm","description":"Geschenkset: 1x Schaumwein August der Starke, 1x Sektk\u00fchler, 1x Vintage Holzbox, 1x vegane LederPants, 1x veganer Lederbody. Romantik pur!","robots":{"index":"index","follow":"follow","max-snippet":"max-snippet:-1","max-image-preview":"max-image-preview:large","max-video-preview":"max-video-preview:-1"},"canonical":"https:\/\/www.wojoer.de\/en\/produkt\/geschenkset-fuer-frauen-weihnachtsgeschenk\/","twitter_card":"summary_large_image","twitter_title":"Geschenkset f\u00fcr Paare | Ouvert Weihnachtsgeschenk f\u00fcr Sie von Ihm","twitter_description":"Geschenkset: 1x Schaumwein August der Starke, 1x Sektk\u00fchler, 1x Vintage Holzbox, 1x vegane LederPants, 1x veganer Lederbody. Romantik pur!","twitter_image":"https:\/\/www.wojoer.de\/wp-content\/uploads\/2020\/12\/WOJOER_Set2_380W606_2_ouvertePants_380FS1_ouverteBody_Partneroutfit_christmasgift.jpg","twitter_misc":{"Estimated reading time":"2 minutes"},"schema":{"@context":"https:\/\/schema.org","@graph":[{"@type":"WebPage","@id":"https:\/\/www.wojoer.de\/produkt\/geschenkset-fuer-frauen-weihnachtsgeschenk\/","url":"https:\/\/www.wojoer.de\/produkt\/geschenkset-fuer-frauen-weihnachtsgeschenk\/","name":"Geschenkset f\u00fcr Paare | Ouvert Weihnachtsgeschenk f\u00fcr Sie von Ihm","isPartOf":{"@id":"https:\/\/www.wojoer.de\/#website"},"primaryImageOfPage":{"@id":"https:\/\/www.wojoer.de\/produkt\/geschenkset-fuer-frauen-weihnachtsgeschenk\/#primaryimage"},"image":{"@id":"https:\/\/www.wojoer.de\/produkt\/geschenkset-fuer-frauen-weihnachtsgeschenk\/#primaryimage"},"thumbnailUrl":"https:\/\/www.wojoer.de\/wp-content\/uploads\/2020\/12\/WOJOER_Set2_380W606_2_ouvertePants_380FS1_ouverteBody_Partneroutfit_christmasgift.jpg","datePublished":"2025-12-04T06:23:22+00:00","dateModified":"2025-12-30T23:32:53+00:00","description":"Geschenkset: 1x Schaumwein August der Starke, 1x Sektk\u00fchler, 1x Vintage Holzbox, 1x vegane LederPants, 1x veganer Lederbody. Romantik pur!","breadcrumb":{"@id":"https:\/\/www.wojoer.de\/produkt\/geschenkset-fuer-frauen-weihnachtsgeschenk\/#breadcrumb"},"inLanguage":"en-GB","potentialAction":[{"@type":"ReadAction","target":["https:\/\/www.wojoer.de\/produkt\/geschenkset-fuer-frauen-weihnachtsgeschenk\/"]}]},{"@type":"ImageObject","inLanguage":"en-GB","@id":"https:\/\/www.wojoer.de\/produkt\/geschenkset-fuer-frauen-weihnachtsgeschenk\/#primaryimage","url":"https:\/\/www.wojoer.de\/wp-content\/uploads\/2020\/12\/WOJOER_Set2_380W606_2_ouvertePants_380FS1_ouverteBody_Partneroutfit_christmasgift.jpg","contentUrl":"https:\/\/www.wojoer.de\/wp-content\/uploads\/2020\/12\/WOJOER_Set2_380W606_2_ouvertePants_380FS1_ouverteBody_Partneroutfit_christmasgift.jpg","width":2002,"height":2002},{"@type":"BreadcrumbList","@id":"https:\/\/www.wojoer.de\/produkt\/geschenkset-fuer-frauen-weihnachtsgeschenk\/#breadcrumb","itemListElement":[{"@type":"ListItem","position":1,"name":"Startseite","item":"https:\/\/www.wojoer.de\/"},{"@type":"ListItem","position":2,"name":"SHOP","item":"https:\/\/www.wojoer.de\/shop\/"},{"@type":"ListItem","position":3,"name":"Geschenkset f\u00fcr Mann und Frau"}]},{"@type":"WebSite","@id":"https:\/\/www.wojoer.de\/#website","url":"https:\/\/www.wojoer.de\/","name":"WOJOER","description":"clubwear for men","publisher":{"@id":"https:\/\/www.wojoer.de\/#organization"},"potentialAction":[{"@type":"SearchAction","target":{"@type":"EntryPoint","urlTemplate":"https:\/\/www.wojoer.de\/?s={search_term_string}"},"query-input":{"@type":"PropertyValueSpecification","valueRequired":true,"valueName":"search_term_string"}}],"inLanguage":"en-GB"},{"@type":"Organization","@id":"https:\/\/www.wojoer.de\/#organization","name":"Wonneberger-Manufaktur","url":"https:\/\/www.wojoer.de\/","logo":{"@type":"ImageObject","inLanguage":"en-GB","@id":"https:\/\/www.wojoer.de\/#\/schema\/logo\/image\/","url":"https:\/\/www.wojoer.de\/wp-content\/uploads\/2016\/11\/wonnebergermanufaktur_logo_BUTTON.png","contentUrl":"https:\/\/www.wojoer.de\/wp-content\/uploads\/2016\/11\/wonnebergermanufaktur_logo_BUTTON.png","width":765,"height":765,"caption":"Wonneberger-Manufaktur"},"image":{"@id":"https:\/\/www.wojoer.de\/#\/schema\/logo\/image\/"},"sameAs":["https:\/\/www.facebook.com\/wojoer\/","https:\/\/de.pinterest.com\/W0J0ER\/"]}]}},"_links":{"self":[{"href":"https:\/\/www.wojoer.de\/en\/wp-json\/wp\/v2\/product\/31896","targetHints":{"allow":["GET"]}}],"collection":[{"href":"https:\/\/www.wojoer.de\/en\/wp-json\/wp\/v2\/product"}],"about":[{"href":"https:\/\/www.wojoer.de\/en\/wp-json\/wp\/v2\/types\/product"}],"replies":[{"embeddable":true,"href":"https:\/\/www.wojoer.de\/en\/wp-json\/wp\/v2\/comments?post=31896"}],"wp:featuredmedia":[{"embeddable":true,"href":"https:\/\/www.wojoer.de\/en\/wp-json\/wp\/v2\/media\/31894"}],"wp:attachment":[{"href":"https:\/\/www.wojoer.de\/en\/wp-json\/wp\/v2\/media?parent=31896"}],"wp:term":[{"taxonomy":"product_brand","embeddable":true,"href":"https:\/\/www.wojoer.de\/en\/wp-json\/wp\/v2\/product_brand?post=31896"},{"taxonomy":"product_cat","embeddable":true,"href":"https:\/\/www.wojoer.de\/en\/wp-json\/wp\/v2\/product_cat?post=31896"},{"taxonomy":"product_tag","embeddable":true,"href":"https:\/\/www.wojoer.de\/en\/wp-json\/wp\/v2\/product_tag?post=31896"}],"curies":[{"name":"wp","href":"https:\/\/api.w.org\/{rel}","templated":true}]}}