{"id":31980,"date":"2021-05-27T12:28:00","date_gmt":"2021-05-27T10:28:00","guid":{"rendered":"https:\/\/www.wojoer.de\/?post_type=product&#038;p=31980"},"modified":"2026-02-09T16:21:28","modified_gmt":"2026-02-09T15:21:28","slug":"ouvert-pants-leatherlike-380w6062","status":"publish","type":"product","link":"https:\/\/www.wojoer.de\/en\/produkt\/ouvert-pants-leatherlike-380w6062\/","title":{"rendered":"Leatherlike Ouvert Pants"},"content":{"rendered":"<p>This Leatherlike Ouvert Pants belongs to the Wojoer<a href=\"https:\/\/www.wojoer.de\/?s=live&#038;post_type=product\"> LIVE products<\/a>. They are produced from our order. This enables us to respond individually to customer requests.<\/p>\n<p><strong>Sizes<\/strong><\/p>\n<p>Available in sizes S, M, L, XL, XXL, XXXL<\/p>\n<p><strong>Material composition<\/strong><\/p>\n<p>Leather like: 92% polyester | 8% elastane<\/p>\n<p><strong>Particularities<\/strong><\/p>\n<p><a href=\"https:\/\/www.wojoer.de\/?s=live&#038;post_type=product\">LIVE product<\/a> | matt fine leather like | very stretchy | pleasantly elastic | high quality | Made in Germany<\/p>\n<p><strong>Wash instructions<\/strong><\/p>\n<p>Hand wash<\/p>\n<p><strong>Leatherlike Ouvert &#8211; Men\u2019s Leatherlike Short &#8211; Sexy Ouverte Boxer<br \/>\n<\/strong><\/p>\n<p>Airy, free and PUR.<\/p>\n<p>Click here for the <a href=\"https:\/\/www.wojoer.de\/groessentabelle\/\">size chart<\/a>.<\/p>\n","protected":false},"excerpt":{"rendered":"<p>Dieser seidig gl\u00e4nzende Ouvert Pants 380W606.2 aus feinem Leatherlike geh\u00f6rt in die Kategorie &#8220;LIVE&#8221;-Produkte. Produktion nur auf Bestellung.<br \/>\nGr\u00f6\u00dfen<br \/>\nErh\u00e4ltlich in den Gr\u00f6\u00dfen XS, S, M, L, XL, XXL, XXXL<br \/>\nMaterialzusammensetzung<br \/>\nLeatherlike: 92% Polyester 8%Elasthan<br \/>\nBesonderheiten<br \/>\nLIVE Produkt | mattes feines Leatherlike | schwarz | angenehm\u2026<\/p>\n","protected":false},"featured_media":33495,"comment_status":"open","ping_status":"closed","template":"","meta":[],"product_brand":[],"product_cat":[835,116,114,169,473,326],"product_tag":[543,194,209,487],"class_list":{"0":"post-31980","1":"product","2":"type-product","3":"status-publish","4":"has-post-thumbnail","6":"product_cat-ouvert","7":"product_cat-clubwear","8":"product_cat-fetisch","9":"product_cat-nos-never-out-of-stock","10":"product_cat-men","11":"product_cat-wojoer","12":"product_tag-hipster-pants","13":"product_tag-leatherlike","14":"product_tag-mini-hipster","15":"product_tag-ouverte","16":"pa_groesse-l","17":"pa_groesse-m","18":"pa_groesse-s","19":"pa_groesse-xl","20":"pa_groesse-xs","21":"pa_groesse-xxl","22":"pa_groesse-xxxl","23":"pif-has-gallery","24":"post-1","25":"odd","27":"first","28":"instock","29":"taxable","30":"shipping-taxable","31":"purchasable","32":"product-type-variable"},"yoast_head":"<!-- This site is optimized with the Yoast SEO plugin v27.2 - https:\/\/yoast.com\/product\/yoast-seo-wordpress\/ -->\n<title>Ouverte Pants | airy, free and pure | Leatherlike | WOJOER<\/title>\n<meta name=\"description\" content=\"Ouverte Pants- perfect for the hot, lusty quikie in between. No matter when, (almost) no matter where - open, airy and immediately plump, your desire is no longer in the way ...\" \/>\n<meta name=\"robots\" content=\"index, follow, max-snippet:-1, max-image-preview:large, max-video-preview:-1\" \/>\n<link rel=\"canonical\" href=\"https:\/\/www.wojoer.de\/en\/produkt\/ouvert-pants-leatherlike-380w6062\/\" \/>\n<meta name=\"twitter:card\" content=\"summary_large_image\" \/>\n<meta name=\"twitter:title\" content=\"Ouverte Pants | airy, free and pure | Leatherlike | WOJOER\" \/>\n<meta name=\"twitter:description\" content=\"Ouverte Pants- perfect for the hot, lusty quikie in between. No matter when, (almost) no matter where - open, airy and immediately plump, your desire is no longer in the way ...\" \/>\n<meta name=\"twitter:image\" content=\"https:\/\/www.wojoer.de\/wp-content\/uploads\/2021\/01\/380W606_2_leatherlike_ouverte_pants_wojoer.jpg\" \/>\n<meta name=\"twitter:label1\" content=\"Estimated reading time\" \/>\n\t<meta name=\"twitter:data1\" content=\"1 minute\" \/>\n<script type=\"application\/ld+json\" class=\"yoast-schema-graph\">{\"@context\":\"https:\/\/schema.org\",\"@graph\":[{\"@type\":\"WebPage\",\"@id\":\"https:\/\/www.wojoer.de\/produkt\/ouvert-pants-leatherlike-380w6062\/\",\"url\":\"https:\/\/www.wojoer.de\/produkt\/ouvert-pants-leatherlike-380w6062\/\",\"name\":\"Ouverte Pants | airy, free and pure | Leatherlike | WOJOER\",\"isPartOf\":{\"@id\":\"https:\/\/www.wojoer.de\/#website\"},\"primaryImageOfPage\":{\"@id\":\"https:\/\/www.wojoer.de\/produkt\/ouvert-pants-leatherlike-380w6062\/#primaryimage\"},\"image\":{\"@id\":\"https:\/\/www.wojoer.de\/produkt\/ouvert-pants-leatherlike-380w6062\/#primaryimage\"},\"thumbnailUrl\":\"https:\/\/www.wojoer.de\/wp-content\/uploads\/2021\/01\/380W606_2_leatherlike_ouverte_pants_wojoer.jpg\",\"datePublished\":\"2021-05-27T10:28:00+00:00\",\"dateModified\":\"2026-02-09T15:21:28+00:00\",\"description\":\"Ouverte Pants- perfect for the hot, lusty quikie in between. No matter when, (almost) no matter where - open, airy and immediately plump, your desire is no longer in the way ...\",\"breadcrumb\":{\"@id\":\"https:\/\/www.wojoer.de\/produkt\/ouvert-pants-leatherlike-380w6062\/#breadcrumb\"},\"inLanguage\":\"en-GB\",\"potentialAction\":[{\"@type\":\"ReadAction\",\"target\":[\"https:\/\/www.wojoer.de\/produkt\/ouvert-pants-leatherlike-380w6062\/\"]}]},{\"@type\":\"ImageObject\",\"inLanguage\":\"en-GB\",\"@id\":\"https:\/\/www.wojoer.de\/produkt\/ouvert-pants-leatherlike-380w6062\/#primaryimage\",\"url\":\"https:\/\/www.wojoer.de\/wp-content\/uploads\/2021\/01\/380W606_2_leatherlike_ouverte_pants_wojoer.jpg\",\"contentUrl\":\"https:\/\/www.wojoer.de\/wp-content\/uploads\/2021\/01\/380W606_2_leatherlike_ouverte_pants_wojoer.jpg\",\"width\":2002,\"height\":2002},{\"@type\":\"BreadcrumbList\",\"@id\":\"https:\/\/www.wojoer.de\/produkt\/ouvert-pants-leatherlike-380w6062\/#breadcrumb\",\"itemListElement\":[{\"@type\":\"ListItem\",\"position\":1,\"name\":\"Startseite\",\"item\":\"https:\/\/www.wojoer.de\/\"},{\"@type\":\"ListItem\",\"position\":2,\"name\":\"SHOP\",\"item\":\"https:\/\/www.wojoer.de\/shop\/\"},{\"@type\":\"ListItem\",\"position\":3,\"name\":\"Ouvert Pants 380W606.2\"}]},{\"@type\":\"WebSite\",\"@id\":\"https:\/\/www.wojoer.de\/#website\",\"url\":\"https:\/\/www.wojoer.de\/\",\"name\":\"WOJOER\",\"description\":\"clubwear for men\",\"publisher\":{\"@id\":\"https:\/\/www.wojoer.de\/#organization\"},\"potentialAction\":[{\"@type\":\"SearchAction\",\"target\":{\"@type\":\"EntryPoint\",\"urlTemplate\":\"https:\/\/www.wojoer.de\/?s={search_term_string}\"},\"query-input\":{\"@type\":\"PropertyValueSpecification\",\"valueRequired\":true,\"valueName\":\"search_term_string\"}}],\"inLanguage\":\"en-GB\"},{\"@type\":\"Organization\",\"@id\":\"https:\/\/www.wojoer.de\/#organization\",\"name\":\"Wonneberger-Manufaktur\",\"url\":\"https:\/\/www.wojoer.de\/\",\"logo\":{\"@type\":\"ImageObject\",\"inLanguage\":\"en-GB\",\"@id\":\"https:\/\/www.wojoer.de\/#\/schema\/logo\/image\/\",\"url\":\"https:\/\/www.wojoer.de\/wp-content\/uploads\/2016\/11\/wonnebergermanufaktur_logo_BUTTON.png\",\"contentUrl\":\"https:\/\/www.wojoer.de\/wp-content\/uploads\/2016\/11\/wonnebergermanufaktur_logo_BUTTON.png\",\"width\":765,\"height\":765,\"caption\":\"Wonneberger-Manufaktur\"},\"image\":{\"@id\":\"https:\/\/www.wojoer.de\/#\/schema\/logo\/image\/\"},\"sameAs\":[\"https:\/\/www.facebook.com\/wojoer\/\",\"https:\/\/de.pinterest.com\/W0J0ER\/\"]}]}<\/script>\n<!-- \/ Yoast SEO plugin. -->","yoast_head_json":{"title":"Ouverte Pants | airy, free and pure | Leatherlike | WOJOER","description":"Ouverte Pants- perfect for the hot, lusty quikie in between. No matter when, (almost) no matter where - open, airy and immediately plump, your desire is no longer in the way ...","robots":{"index":"index","follow":"follow","max-snippet":"max-snippet:-1","max-image-preview":"max-image-preview:large","max-video-preview":"max-video-preview:-1"},"canonical":"https:\/\/www.wojoer.de\/en\/produkt\/ouvert-pants-leatherlike-380w6062\/","twitter_card":"summary_large_image","twitter_title":"[:de]Ouvert Pants | luftig, frei und pur | Leatherlike | schwarz | WOJOER[:en]Ouverte Pants | airy, free and pure | Leatherlike | WOJOER[:]","twitter_description":"[:de]Ouvert Pants - perfekt f\u00fcr den hei\u00dfen, lustvollen Quickie zwischendurch. Egal wann, (fast) egal wo - offen, luftig und sofort prall steht deiner Lust nicht's mehr im Wege...[:en]Ouverte Pants- perfect for the hot, lusty quikie in between. No matter when, (almost) no matter where - open, airy and immediately plump, your desire is no longer in the way ...[:]","twitter_image":"https:\/\/www.wojoer.de\/wp-content\/uploads\/2021\/01\/380W606_2_leatherlike_ouverte_pants_wojoer.jpg","twitter_misc":{"Estimated reading time":"1 minute"},"schema":{"@context":"https:\/\/schema.org","@graph":[{"@type":"WebPage","@id":"https:\/\/www.wojoer.de\/produkt\/ouvert-pants-leatherlike-380w6062\/","url":"https:\/\/www.wojoer.de\/produkt\/ouvert-pants-leatherlike-380w6062\/","name":"Ouverte Pants | airy, free and pure | Leatherlike | WOJOER","isPartOf":{"@id":"https:\/\/www.wojoer.de\/#website"},"primaryImageOfPage":{"@id":"https:\/\/www.wojoer.de\/produkt\/ouvert-pants-leatherlike-380w6062\/#primaryimage"},"image":{"@id":"https:\/\/www.wojoer.de\/produkt\/ouvert-pants-leatherlike-380w6062\/#primaryimage"},"thumbnailUrl":"https:\/\/www.wojoer.de\/wp-content\/uploads\/2021\/01\/380W606_2_leatherlike_ouverte_pants_wojoer.jpg","datePublished":"2021-05-27T10:28:00+00:00","dateModified":"2026-02-09T15:21:28+00:00","description":"Ouverte Pants- perfect for the hot, lusty quikie in between. No matter when, (almost) no matter where - open, airy and immediately plump, your desire is no longer in the way ...","breadcrumb":{"@id":"https:\/\/www.wojoer.de\/produkt\/ouvert-pants-leatherlike-380w6062\/#breadcrumb"},"inLanguage":"en-GB","potentialAction":[{"@type":"ReadAction","target":["https:\/\/www.wojoer.de\/produkt\/ouvert-pants-leatherlike-380w6062\/"]}]},{"@type":"ImageObject","inLanguage":"en-GB","@id":"https:\/\/www.wojoer.de\/produkt\/ouvert-pants-leatherlike-380w6062\/#primaryimage","url":"https:\/\/www.wojoer.de\/wp-content\/uploads\/2021\/01\/380W606_2_leatherlike_ouverte_pants_wojoer.jpg","contentUrl":"https:\/\/www.wojoer.de\/wp-content\/uploads\/2021\/01\/380W606_2_leatherlike_ouverte_pants_wojoer.jpg","width":2002,"height":2002},{"@type":"BreadcrumbList","@id":"https:\/\/www.wojoer.de\/produkt\/ouvert-pants-leatherlike-380w6062\/#breadcrumb","itemListElement":[{"@type":"ListItem","position":1,"name":"Startseite","item":"https:\/\/www.wojoer.de\/"},{"@type":"ListItem","position":2,"name":"SHOP","item":"https:\/\/www.wojoer.de\/shop\/"},{"@type":"ListItem","position":3,"name":"Ouvert Pants 380W606.2"}]},{"@type":"WebSite","@id":"https:\/\/www.wojoer.de\/#website","url":"https:\/\/www.wojoer.de\/","name":"WOJOER","description":"clubwear for men","publisher":{"@id":"https:\/\/www.wojoer.de\/#organization"},"potentialAction":[{"@type":"SearchAction","target":{"@type":"EntryPoint","urlTemplate":"https:\/\/www.wojoer.de\/?s={search_term_string}"},"query-input":{"@type":"PropertyValueSpecification","valueRequired":true,"valueName":"search_term_string"}}],"inLanguage":"en-GB"},{"@type":"Organization","@id":"https:\/\/www.wojoer.de\/#organization","name":"Wonneberger-Manufaktur","url":"https:\/\/www.wojoer.de\/","logo":{"@type":"ImageObject","inLanguage":"en-GB","@id":"https:\/\/www.wojoer.de\/#\/schema\/logo\/image\/","url":"https:\/\/www.wojoer.de\/wp-content\/uploads\/2016\/11\/wonnebergermanufaktur_logo_BUTTON.png","contentUrl":"https:\/\/www.wojoer.de\/wp-content\/uploads\/2016\/11\/wonnebergermanufaktur_logo_BUTTON.png","width":765,"height":765,"caption":"Wonneberger-Manufaktur"},"image":{"@id":"https:\/\/www.wojoer.de\/#\/schema\/logo\/image\/"},"sameAs":["https:\/\/www.facebook.com\/wojoer\/","https:\/\/de.pinterest.com\/W0J0ER\/"]}]}},"_links":{"self":[{"href":"https:\/\/www.wojoer.de\/en\/wp-json\/wp\/v2\/product\/31980","targetHints":{"allow":["GET"]}}],"collection":[{"href":"https:\/\/www.wojoer.de\/en\/wp-json\/wp\/v2\/product"}],"about":[{"href":"https:\/\/www.wojoer.de\/en\/wp-json\/wp\/v2\/types\/product"}],"replies":[{"embeddable":true,"href":"https:\/\/www.wojoer.de\/en\/wp-json\/wp\/v2\/comments?post=31980"}],"wp:featuredmedia":[{"embeddable":true,"href":"https:\/\/www.wojoer.de\/en\/wp-json\/wp\/v2\/media\/33495"}],"wp:attachment":[{"href":"https:\/\/www.wojoer.de\/en\/wp-json\/wp\/v2\/media?parent=31980"}],"wp:term":[{"taxonomy":"product_brand","embeddable":true,"href":"https:\/\/www.wojoer.de\/en\/wp-json\/wp\/v2\/product_brand?post=31980"},{"taxonomy":"product_cat","embeddable":true,"href":"https:\/\/www.wojoer.de\/en\/wp-json\/wp\/v2\/product_cat?post=31980"},{"taxonomy":"product_tag","embeddable":true,"href":"https:\/\/www.wojoer.de\/en\/wp-json\/wp\/v2\/product_tag?post=31980"}],"curies":[{"name":"wp","href":"https:\/\/api.w.org\/{rel}","templated":true}]}}