{"id":34146,"date":"2021-02-05T08:48:11","date_gmt":"2021-02-05T07:48:11","guid":{"rendered":"https:\/\/www.wojoer.de\/?post_type=product&#038;p=34146"},"modified":"2026-01-15T10:40:58","modified_gmt":"2026-01-15T09:40:58","slug":"black-jack-pants-399t257","status":"publish","type":"product","link":"https:\/\/www.wojoer.de\/en\/produkt\/black-jack-pants-399t257\/","title":{"rendered":"BlackJack Pants 399T257"},"content":{"rendered":"<p>Dieser Black Jack Pants 399T257 geh\u00f6rt zu den Wojoer LIVE-Produkten. Sie werden ab Bestellung bei uns produziert. So k\u00f6nnen wir auf Kundenw\u00fcnsche individuell eingehen.<\/p>\n<h3>Gr\u00f6\u00dfen<\/h3>\n<p>Erh\u00e4ltlich in den Gr\u00f6\u00dfen S, M, L, XL<\/p>\n<h3>Materialzusammensetzung<\/h3>\n<p>94% Polyester, 6% Elasthan<\/p>\n<p>93% Polyester, 7% Elasthan<\/p>\n<h3>Besonderheiten<\/h3>\n<p><a href=\"http:\/\/www.wojoer.de\/?s=LIVE&#038;post_type=product\">LIVE-Produkt<\/a>\u00a0 | dehnbarer glitzernder metallic-Look | angenehme Passform | au\u00dfergew\u00f6hnlicher Farbglanz |hochwertige Verarbeitung &#8220;Made in Germany&#8221;<\/p>\n<h3><strong>Benutzerhinweise<\/strong><\/h3>\n<p>Handw\u00e4sche, kein Weichsp\u00fcler<\/p>\n<h3>Black Jack Pants &#8211; sexy Unterw\u00e4sche f\u00fcr Herren<\/h3>\n<p>Du willst auffallen? Du willst dich in deiner Kleidung erregend f\u00fchlen? Hier ist das richtige f\u00fcr dich! Es ist mal wieder Zeit f\u00fcr eine hei\u00dfe Partynacht&#8230;dann zieh dir die Black Jack Pants an und er verzaubere dich und dein Gegen\u00fcber mit seinem Glanz. Du wirst jeden in deiner Umgebung in deinen Bann ziehen, ganz egal, ob er will oder nicht, du wirkst wie eine Droge! Im schillernden Licht erstrahlt die Black Jack Kollektion in Regenbogenfarben. Perfekt geeignet\u00a0 f\u00fcr eine Party-Nacht oder einen Erregenden Abend zu zweit.<\/p>\n","protected":false},"excerpt":{"rendered":"<p>Dieser Black Jack Pants 399T257 geh\u00f6rt zu den Wojoer LIVE-Produkten. Sie werden ab Bestellung bei uns produziert. So k\u00f6nnen wir auf Kundenw\u00fcnsche individuell eingehen.<br \/>\nGr\u00f6\u00dfen<br \/>\nErh\u00e4ltlich in den Gr\u00f6\u00dfen S, M, L, XL<br \/>\nMaterialzusammensetzung<br \/>\n94% Polyester, 6% Elasthan<\/p>\n<p>93% Polyester, 7% Elasthan<br \/>\nBesonderheiten<br \/>\nLIVE-Produkt\u00a0 | dehnbarer glitzernder\u2026<\/p>\n","protected":false},"featured_media":37809,"comment_status":"open","ping_status":"closed","template":"","meta":[],"product_brand":[],"product_cat":[867,116,473,195,326],"product_tag":[560,543,362,273],"class_list":{"0":"post-34146","1":"product","2":"type-product","3":"status-publish","4":"has-post-thumbnail","6":"product_cat-blackjack","7":"product_cat-clubwear","8":"product_cat-men","9":"product_cat-produktion-auf-bestellung-liveproduktion","10":"product_cat-wojoer","11":"product_tag-glaenzend","12":"product_tag-hipster-pants","13":"product_tag-holographic","14":"product_tag-pants","15":"product_shipping_class-beun","16":"pa_groesse-l","17":"pa_groesse-m","18":"pa_groesse-s","19":"pa_groesse-xl","20":"pif-has-gallery","21":"post-1","22":"odd","24":"first","25":"instock","26":"taxable","27":"shipping-taxable","28":"purchasable","29":"product-type-variable","30":"has-default-attributes"},"yoast_head":"<!-- This site is optimized with the Yoast SEO plugin v27.2 - https:\/\/yoast.com\/product\/yoast-seo-wordpress\/ -->\n<title>BlackJack | Pants | blue | glitzernd | metallic look | WOJOER<\/title>\n<meta name=\"description\" content=\"BlackJack...der erotische blaue metallic look ist ungewohnt verf\u00fchrerisch und l\u00e4sst dich in Regenbogen Farben erstrahlen.\" \/>\n<meta name=\"robots\" content=\"index, follow, max-snippet:-1, max-image-preview:large, max-video-preview:-1\" \/>\n<link rel=\"canonical\" href=\"https:\/\/www.wojoer.de\/en\/produkt\/black-jack-pants-399t257\/\" \/>\n<meta name=\"twitter:card\" content=\"summary_large_image\" \/>\n<meta name=\"twitter:title\" content=\"BlackJack | Pants | blue | glitzernd | metallic look | WOJOER\" \/>\n<meta name=\"twitter:description\" content=\"BlackJack...der erotische blaue metallic look ist ungewohnt verf\u00fchrerisch und l\u00e4sst dich in Regenbogen Farben erstrahlen.\" \/>\n<meta name=\"twitter:image\" content=\"https:\/\/www.wojoer.de\/wp-content\/uploads\/2021\/02\/399T257_1_BlackJack_wojoer.jpg\" \/>\n<meta name=\"twitter:label1\" content=\"Estimated reading time\" \/>\n\t<meta name=\"twitter:data1\" content=\"2 minutes\" \/>\n<script type=\"application\/ld+json\" class=\"yoast-schema-graph\">{\"@context\":\"https:\/\/schema.org\",\"@graph\":[{\"@type\":\"WebPage\",\"@id\":\"https:\/\/www.wojoer.de\/produkt\/black-jack-pants-399t257\/\",\"url\":\"https:\/\/www.wojoer.de\/produkt\/black-jack-pants-399t257\/\",\"name\":\"BlackJack | Pants | blue | glitzernd | metallic look | WOJOER\",\"isPartOf\":{\"@id\":\"https:\/\/www.wojoer.de\/#website\"},\"primaryImageOfPage\":{\"@id\":\"https:\/\/www.wojoer.de\/produkt\/black-jack-pants-399t257\/#primaryimage\"},\"image\":{\"@id\":\"https:\/\/www.wojoer.de\/produkt\/black-jack-pants-399t257\/#primaryimage\"},\"thumbnailUrl\":\"https:\/\/www.wojoer.de\/wp-content\/uploads\/2021\/02\/399T257_1_BlackJack_wojoer.jpg\",\"datePublished\":\"2021-02-05T07:48:11+00:00\",\"dateModified\":\"2026-01-15T09:40:58+00:00\",\"description\":\"BlackJack...der erotische blaue metallic look ist ungewohnt verf\u00fchrerisch und l\u00e4sst dich in Regenbogen Farben erstrahlen.\",\"breadcrumb\":{\"@id\":\"https:\/\/www.wojoer.de\/produkt\/black-jack-pants-399t257\/#breadcrumb\"},\"inLanguage\":\"en-GB\",\"potentialAction\":[{\"@type\":\"ReadAction\",\"target\":[\"https:\/\/www.wojoer.de\/produkt\/black-jack-pants-399t257\/\"]}]},{\"@type\":\"ImageObject\",\"inLanguage\":\"en-GB\",\"@id\":\"https:\/\/www.wojoer.de\/produkt\/black-jack-pants-399t257\/#primaryimage\",\"url\":\"https:\/\/www.wojoer.de\/wp-content\/uploads\/2021\/02\/399T257_1_BlackJack_wojoer.jpg\",\"contentUrl\":\"https:\/\/www.wojoer.de\/wp-content\/uploads\/2021\/02\/399T257_1_BlackJack_wojoer.jpg\",\"width\":2002,\"height\":2002},{\"@type\":\"BreadcrumbList\",\"@id\":\"https:\/\/www.wojoer.de\/produkt\/black-jack-pants-399t257\/#breadcrumb\",\"itemListElement\":[{\"@type\":\"ListItem\",\"position\":1,\"name\":\"Startseite\",\"item\":\"https:\/\/www.wojoer.de\/\"},{\"@type\":\"ListItem\",\"position\":2,\"name\":\"SHOP\",\"item\":\"https:\/\/www.wojoer.de\/shop\/\"},{\"@type\":\"ListItem\",\"position\":3,\"name\":\"BlackJack Pants 399T257\"}]},{\"@type\":\"WebSite\",\"@id\":\"https:\/\/www.wojoer.de\/#website\",\"url\":\"https:\/\/www.wojoer.de\/\",\"name\":\"WOJOER\",\"description\":\"clubwear for men\",\"publisher\":{\"@id\":\"https:\/\/www.wojoer.de\/#organization\"},\"potentialAction\":[{\"@type\":\"SearchAction\",\"target\":{\"@type\":\"EntryPoint\",\"urlTemplate\":\"https:\/\/www.wojoer.de\/?s={search_term_string}\"},\"query-input\":{\"@type\":\"PropertyValueSpecification\",\"valueRequired\":true,\"valueName\":\"search_term_string\"}}],\"inLanguage\":\"en-GB\"},{\"@type\":\"Organization\",\"@id\":\"https:\/\/www.wojoer.de\/#organization\",\"name\":\"Wonneberger-Manufaktur\",\"url\":\"https:\/\/www.wojoer.de\/\",\"logo\":{\"@type\":\"ImageObject\",\"inLanguage\":\"en-GB\",\"@id\":\"https:\/\/www.wojoer.de\/#\/schema\/logo\/image\/\",\"url\":\"https:\/\/www.wojoer.de\/wp-content\/uploads\/2016\/11\/wonnebergermanufaktur_logo_BUTTON.png\",\"contentUrl\":\"https:\/\/www.wojoer.de\/wp-content\/uploads\/2016\/11\/wonnebergermanufaktur_logo_BUTTON.png\",\"width\":765,\"height\":765,\"caption\":\"Wonneberger-Manufaktur\"},\"image\":{\"@id\":\"https:\/\/www.wojoer.de\/#\/schema\/logo\/image\/\"},\"sameAs\":[\"https:\/\/www.facebook.com\/wojoer\/\",\"https:\/\/de.pinterest.com\/W0J0ER\/\"]}]}<\/script>\n<!-- \/ Yoast SEO plugin. -->","yoast_head_json":{"title":"BlackJack | Pants | blue | glitzernd | metallic look | WOJOER","description":"BlackJack...der erotische blaue metallic look ist ungewohnt verf\u00fchrerisch und l\u00e4sst dich in Regenbogen Farben erstrahlen.","robots":{"index":"index","follow":"follow","max-snippet":"max-snippet:-1","max-image-preview":"max-image-preview:large","max-video-preview":"max-video-preview:-1"},"canonical":"https:\/\/www.wojoer.de\/en\/produkt\/black-jack-pants-399t257\/","twitter_card":"summary_large_image","twitter_title":"[:de]BlackJack | Pants | blue | glitzernd | metallic look | WOJOER[:]","twitter_description":"[:de]BlackJack...der erotische blaue metallic look ist ungewohnt verf\u00fchrerisch und l\u00e4sst dich in Regenbogen Farben erstrahlen.[:]","twitter_image":"https:\/\/www.wojoer.de\/wp-content\/uploads\/2021\/02\/399T257_1_BlackJack_wojoer.jpg","twitter_misc":{"Estimated reading time":"2 minutes"},"schema":{"@context":"https:\/\/schema.org","@graph":[{"@type":"WebPage","@id":"https:\/\/www.wojoer.de\/produkt\/black-jack-pants-399t257\/","url":"https:\/\/www.wojoer.de\/produkt\/black-jack-pants-399t257\/","name":"BlackJack | Pants | blue | glitzernd | metallic look | WOJOER","isPartOf":{"@id":"https:\/\/www.wojoer.de\/#website"},"primaryImageOfPage":{"@id":"https:\/\/www.wojoer.de\/produkt\/black-jack-pants-399t257\/#primaryimage"},"image":{"@id":"https:\/\/www.wojoer.de\/produkt\/black-jack-pants-399t257\/#primaryimage"},"thumbnailUrl":"https:\/\/www.wojoer.de\/wp-content\/uploads\/2021\/02\/399T257_1_BlackJack_wojoer.jpg","datePublished":"2021-02-05T07:48:11+00:00","dateModified":"2026-01-15T09:40:58+00:00","description":"BlackJack...der erotische blaue metallic look ist ungewohnt verf\u00fchrerisch und l\u00e4sst dich in Regenbogen Farben erstrahlen.","breadcrumb":{"@id":"https:\/\/www.wojoer.de\/produkt\/black-jack-pants-399t257\/#breadcrumb"},"inLanguage":"en-GB","potentialAction":[{"@type":"ReadAction","target":["https:\/\/www.wojoer.de\/produkt\/black-jack-pants-399t257\/"]}]},{"@type":"ImageObject","inLanguage":"en-GB","@id":"https:\/\/www.wojoer.de\/produkt\/black-jack-pants-399t257\/#primaryimage","url":"https:\/\/www.wojoer.de\/wp-content\/uploads\/2021\/02\/399T257_1_BlackJack_wojoer.jpg","contentUrl":"https:\/\/www.wojoer.de\/wp-content\/uploads\/2021\/02\/399T257_1_BlackJack_wojoer.jpg","width":2002,"height":2002},{"@type":"BreadcrumbList","@id":"https:\/\/www.wojoer.de\/produkt\/black-jack-pants-399t257\/#breadcrumb","itemListElement":[{"@type":"ListItem","position":1,"name":"Startseite","item":"https:\/\/www.wojoer.de\/"},{"@type":"ListItem","position":2,"name":"SHOP","item":"https:\/\/www.wojoer.de\/shop\/"},{"@type":"ListItem","position":3,"name":"BlackJack Pants 399T257"}]},{"@type":"WebSite","@id":"https:\/\/www.wojoer.de\/#website","url":"https:\/\/www.wojoer.de\/","name":"WOJOER","description":"clubwear for men","publisher":{"@id":"https:\/\/www.wojoer.de\/#organization"},"potentialAction":[{"@type":"SearchAction","target":{"@type":"EntryPoint","urlTemplate":"https:\/\/www.wojoer.de\/?s={search_term_string}"},"query-input":{"@type":"PropertyValueSpecification","valueRequired":true,"valueName":"search_term_string"}}],"inLanguage":"en-GB"},{"@type":"Organization","@id":"https:\/\/www.wojoer.de\/#organization","name":"Wonneberger-Manufaktur","url":"https:\/\/www.wojoer.de\/","logo":{"@type":"ImageObject","inLanguage":"en-GB","@id":"https:\/\/www.wojoer.de\/#\/schema\/logo\/image\/","url":"https:\/\/www.wojoer.de\/wp-content\/uploads\/2016\/11\/wonnebergermanufaktur_logo_BUTTON.png","contentUrl":"https:\/\/www.wojoer.de\/wp-content\/uploads\/2016\/11\/wonnebergermanufaktur_logo_BUTTON.png","width":765,"height":765,"caption":"Wonneberger-Manufaktur"},"image":{"@id":"https:\/\/www.wojoer.de\/#\/schema\/logo\/image\/"},"sameAs":["https:\/\/www.facebook.com\/wojoer\/","https:\/\/de.pinterest.com\/W0J0ER\/"]}]}},"_links":{"self":[{"href":"https:\/\/www.wojoer.de\/en\/wp-json\/wp\/v2\/product\/34146","targetHints":{"allow":["GET"]}}],"collection":[{"href":"https:\/\/www.wojoer.de\/en\/wp-json\/wp\/v2\/product"}],"about":[{"href":"https:\/\/www.wojoer.de\/en\/wp-json\/wp\/v2\/types\/product"}],"replies":[{"embeddable":true,"href":"https:\/\/www.wojoer.de\/en\/wp-json\/wp\/v2\/comments?post=34146"}],"wp:featuredmedia":[{"embeddable":true,"href":"https:\/\/www.wojoer.de\/en\/wp-json\/wp\/v2\/media\/37809"}],"wp:attachment":[{"href":"https:\/\/www.wojoer.de\/en\/wp-json\/wp\/v2\/media?parent=34146"}],"wp:term":[{"taxonomy":"product_brand","embeddable":true,"href":"https:\/\/www.wojoer.de\/en\/wp-json\/wp\/v2\/product_brand?post=34146"},{"taxonomy":"product_cat","embeddable":true,"href":"https:\/\/www.wojoer.de\/en\/wp-json\/wp\/v2\/product_cat?post=34146"},{"taxonomy":"product_tag","embeddable":true,"href":"https:\/\/www.wojoer.de\/en\/wp-json\/wp\/v2\/product_tag?post=34146"}],"curies":[{"name":"wp","href":"https:\/\/api.w.org\/{rel}","templated":true}]}}