{"id":34214,"date":"2025-11-30T06:30:19","date_gmt":"2025-11-30T05:30:19","guid":{"rendered":"https:\/\/www.wojoer.de\/?post_type=product&#038;p=34214"},"modified":"2026-01-05T09:54:58","modified_gmt":"2026-01-05T08:54:58","slug":"wetlook-gold-minihipster","status":"publish","type":"product","link":"https:\/\/www.wojoer.de\/en\/produkt\/wetlook-gold-minihipster\/","title":{"rendered":"Wetlook Gold MiniHipster"},"content":{"rendered":"<p>Production on order, because the Gold Edition Mini Hipster belongs in the category: Wojoer &#8220;<a href=\"https:\/\/www.wojoer.de\/?s=live&#038;post_type=product\">LIVE products<\/a>&#8220;!<\/p>\n<h3>Sizes<\/h3>\n<p>Available in sizes S| M| L| XL<\/p>\n<h3>Material composition<\/h3>\n<p>78% polyester | 22% elastane | 80% polyamide | 12% elastane<\/p>\n<h3>Particularities<\/h3>\n<p>LIVE product | extraordinary choice of colours | cuddly | glacier ice | very stretchy material | high quality workmanship &#8220;Made in Germany&#8221;<\/p>\n<h3>Wash instructions<\/h3>\n<p>Hand wash<\/p>\n<h3>Gold Edition Mini Hipster<\/h3>\n<p>&nbsp;<\/p>\n<p>Here is the <a href=\"https:\/\/www.wojoer.de\/groessentabelle\/\">Size chart<\/a><\/p>\n","protected":false},"excerpt":{"rendered":"<p>Der Wetlook Gold Mini Hipster 0100-P701 ist Never-Out-of-Stock und geh\u00f6rt damit zu den Wojoer NOS-Produkten<br \/>\nGr\u00f6\u00dfen<br \/>\nErh\u00e4ltlich in den Gr\u00f6\u00dfen S, M, L, XL<br \/>\nMaterialzusammensetzung<br \/>\n95% Polyester\u00a0 |5% Elasthan<br \/>\nBesonderheiten<br \/>\nNOS | sehr dehnbares Material | hautenge Passform | Gold gl\u00e4nzend | hochwertige Verarbeitung &#8220;Made in\u2026<\/p>\n","protected":false},"featured_media":33833,"comment_status":"open","ping_status":"closed","template":"","meta":[],"product_brand":[],"product_cat":[888,116,169,473,862,326],"product_tag":[560,899,102,209],"class_list":{"0":"post-34214","1":"product","2":"type-product","3":"status-publish","4":"has-post-thumbnail","6":"product_cat-goldenedge","7":"product_cat-clubwear","8":"product_cat-nos-never-out-of-stock","9":"product_cat-men","10":"product_cat-men-only","11":"product_cat-wojoer","12":"product_tag-glaenzend","13":"product_tag-gold","14":"product_tag-hipster","15":"product_tag-mini-hipster","16":"product_shipping_class-beun","17":"pa_groesse-l","18":"pa_groesse-m","19":"pa_groesse-s","20":"pa_groesse-xl","21":"pif-has-gallery","22":"post-1","23":"odd","25":"first","26":"instock","27":"taxable","28":"shipping-taxable","29":"purchasable","30":"product-type-variable"},"yoast_head":"<!-- This site is optimized with the Yoast SEO plugin v27.2 - https:\/\/yoast.com\/product\/yoast-seo-wordpress\/ -->\n<title>Gold Edition Mini Hipster| gold | WOJOER |<\/title>\n<meta name=\"description\" content=\"Wet Silk Mini Sock Slip. Particularly striking and elegant briefs available in various colors from WOJOER. Soft, stretchy material - Order now for free shipping.\" \/>\n<meta name=\"robots\" content=\"index, follow, max-snippet:-1, max-image-preview:large, max-video-preview:-1\" \/>\n<link rel=\"canonical\" href=\"https:\/\/www.wojoer.de\/en\/produkt\/wetlook-gold-minihipster\/\" \/>\n<meta name=\"twitter:card\" content=\"summary_large_image\" \/>\n<meta name=\"twitter:title\" content=\"Gold Edition Mini Hipster| gold | WOJOER |\" \/>\n<meta name=\"twitter:description\" content=\"Wet Silk Mini Sock Slip. Particularly striking and elegant briefs available in various colors from WOJOER. Soft, stretchy material - Order now for free shipping.\" \/>\n<meta name=\"twitter:image\" content=\"https:\/\/www.wojoer.de\/wp-content\/uploads\/2021\/01\/406T352_1_GoldEdition_miniHipster_wojoer.jpg\" \/>\n<meta name=\"twitter:label1\" content=\"Estimated reading time\" \/>\n\t<meta name=\"twitter:data1\" content=\"1 minute\" \/>\n<script type=\"application\/ld+json\" class=\"yoast-schema-graph\">{\"@context\":\"https:\/\/schema.org\",\"@graph\":[{\"@type\":\"WebPage\",\"@id\":\"https:\/\/www.wojoer.de\/en\/produkt\/wetlook-gold-minihipster\/\",\"url\":\"https:\/\/www.wojoer.de\/en\/produkt\/wetlook-gold-minihipster\/\",\"name\":\"Gold Edition Mini Hipster| gold | WOJOER |\",\"isPartOf\":{\"@id\":\"https:\/\/www.wojoer.de\/#website\"},\"primaryImageOfPage\":{\"@id\":\"https:\/\/www.wojoer.de\/en\/produkt\/wetlook-gold-minihipster\/#primaryimage\"},\"image\":{\"@id\":\"https:\/\/www.wojoer.de\/en\/produkt\/wetlook-gold-minihipster\/#primaryimage\"},\"thumbnailUrl\":\"https:\/\/www.wojoer.de\/wp-content\/uploads\/2021\/01\/406T352_1_GoldEdition_miniHipster_wojoer.jpg\",\"datePublished\":\"2025-11-30T05:30:19+00:00\",\"dateModified\":\"2026-01-05T08:54:58+00:00\",\"description\":\"Wet Silk Mini Sock Slip. Particularly striking and elegant briefs available in various colors from WOJOER. Soft, stretchy material - Order now for free shipping.\",\"breadcrumb\":{\"@id\":\"https:\/\/www.wojoer.de\/en\/produkt\/wetlook-gold-minihipster\/#breadcrumb\"},\"inLanguage\":\"en-GB\",\"potentialAction\":[{\"@type\":\"ReadAction\",\"target\":[\"https:\/\/www.wojoer.de\/en\/produkt\/wetlook-gold-minihipster\/\"]}]},{\"@type\":\"ImageObject\",\"inLanguage\":\"en-GB\",\"@id\":\"https:\/\/www.wojoer.de\/en\/produkt\/wetlook-gold-minihipster\/#primaryimage\",\"url\":\"https:\/\/www.wojoer.de\/wp-content\/uploads\/2021\/01\/406T352_1_GoldEdition_miniHipster_wojoer.jpg\",\"contentUrl\":\"https:\/\/www.wojoer.de\/wp-content\/uploads\/2021\/01\/406T352_1_GoldEdition_miniHipster_wojoer.jpg\",\"width\":2002,\"height\":2002},{\"@type\":\"BreadcrumbList\",\"@id\":\"https:\/\/www.wojoer.de\/en\/produkt\/wetlook-gold-minihipster\/#breadcrumb\",\"itemListElement\":[{\"@type\":\"ListItem\",\"position\":1,\"name\":\"Startseite\",\"item\":\"https:\/\/www.wojoer.de\/\"},{\"@type\":\"ListItem\",\"position\":2,\"name\":\"SHOP\",\"item\":\"https:\/\/www.wojoer.de\/shop\/\"},{\"@type\":\"ListItem\",\"position\":3,\"name\":\"Wetlook Gold MiniHipster\"}]},{\"@type\":\"WebSite\",\"@id\":\"https:\/\/www.wojoer.de\/#website\",\"url\":\"https:\/\/www.wojoer.de\/\",\"name\":\"WOJOER\",\"description\":\"clubwear for men\",\"publisher\":{\"@id\":\"https:\/\/www.wojoer.de\/#organization\"},\"potentialAction\":[{\"@type\":\"SearchAction\",\"target\":{\"@type\":\"EntryPoint\",\"urlTemplate\":\"https:\/\/www.wojoer.de\/?s={search_term_string}\"},\"query-input\":{\"@type\":\"PropertyValueSpecification\",\"valueRequired\":true,\"valueName\":\"search_term_string\"}}],\"inLanguage\":\"en-GB\"},{\"@type\":\"Organization\",\"@id\":\"https:\/\/www.wojoer.de\/#organization\",\"name\":\"Wonneberger-Manufaktur\",\"url\":\"https:\/\/www.wojoer.de\/\",\"logo\":{\"@type\":\"ImageObject\",\"inLanguage\":\"en-GB\",\"@id\":\"https:\/\/www.wojoer.de\/#\/schema\/logo\/image\/\",\"url\":\"https:\/\/www.wojoer.de\/wp-content\/uploads\/2016\/11\/wonnebergermanufaktur_logo_BUTTON.png\",\"contentUrl\":\"https:\/\/www.wojoer.de\/wp-content\/uploads\/2016\/11\/wonnebergermanufaktur_logo_BUTTON.png\",\"width\":765,\"height\":765,\"caption\":\"Wonneberger-Manufaktur\"},\"image\":{\"@id\":\"https:\/\/www.wojoer.de\/#\/schema\/logo\/image\/\"},\"sameAs\":[\"https:\/\/www.facebook.com\/wojoer\/\",\"https:\/\/de.pinterest.com\/W0J0ER\/\"]}]}<\/script>\n<!-- \/ Yoast SEO plugin. -->","yoast_head_json":{"title":"Gold Edition Mini Hipster| gold | WOJOER |","description":"Wet Silk Mini Sock Slip. Particularly striking and elegant briefs available in various colors from WOJOER. Soft, stretchy material - Order now for free shipping.","robots":{"index":"index","follow":"follow","max-snippet":"max-snippet:-1","max-image-preview":"max-image-preview:large","max-video-preview":"max-video-preview:-1"},"canonical":"https:\/\/www.wojoer.de\/en\/produkt\/wetlook-gold-minihipster\/","twitter_card":"summary_large_image","twitter_title":"Gold Edition Mini Hipster| gold | WOJOER |","twitter_description":"Wet Silk Mini Sock Slip. Particularly striking and elegant briefs available in various colors from WOJOER. Soft, stretchy material - Order now for free shipping.","twitter_image":"https:\/\/www.wojoer.de\/wp-content\/uploads\/2021\/01\/406T352_1_GoldEdition_miniHipster_wojoer.jpg","twitter_misc":{"Estimated reading time":"1 minute"},"schema":{"@context":"https:\/\/schema.org","@graph":[{"@type":"WebPage","@id":"https:\/\/www.wojoer.de\/en\/produkt\/wetlook-gold-minihipster\/","url":"https:\/\/www.wojoer.de\/en\/produkt\/wetlook-gold-minihipster\/","name":"Gold Edition Mini Hipster| gold | WOJOER |","isPartOf":{"@id":"https:\/\/www.wojoer.de\/#website"},"primaryImageOfPage":{"@id":"https:\/\/www.wojoer.de\/en\/produkt\/wetlook-gold-minihipster\/#primaryimage"},"image":{"@id":"https:\/\/www.wojoer.de\/en\/produkt\/wetlook-gold-minihipster\/#primaryimage"},"thumbnailUrl":"https:\/\/www.wojoer.de\/wp-content\/uploads\/2021\/01\/406T352_1_GoldEdition_miniHipster_wojoer.jpg","datePublished":"2025-11-30T05:30:19+00:00","dateModified":"2026-01-05T08:54:58+00:00","description":"Wet Silk Mini Sock Slip. Particularly striking and elegant briefs available in various colors from WOJOER. Soft, stretchy material - Order now for free shipping.","breadcrumb":{"@id":"https:\/\/www.wojoer.de\/en\/produkt\/wetlook-gold-minihipster\/#breadcrumb"},"inLanguage":"en-GB","potentialAction":[{"@type":"ReadAction","target":["https:\/\/www.wojoer.de\/en\/produkt\/wetlook-gold-minihipster\/"]}]},{"@type":"ImageObject","inLanguage":"en-GB","@id":"https:\/\/www.wojoer.de\/en\/produkt\/wetlook-gold-minihipster\/#primaryimage","url":"https:\/\/www.wojoer.de\/wp-content\/uploads\/2021\/01\/406T352_1_GoldEdition_miniHipster_wojoer.jpg","contentUrl":"https:\/\/www.wojoer.de\/wp-content\/uploads\/2021\/01\/406T352_1_GoldEdition_miniHipster_wojoer.jpg","width":2002,"height":2002},{"@type":"BreadcrumbList","@id":"https:\/\/www.wojoer.de\/en\/produkt\/wetlook-gold-minihipster\/#breadcrumb","itemListElement":[{"@type":"ListItem","position":1,"name":"Startseite","item":"https:\/\/www.wojoer.de\/"},{"@type":"ListItem","position":2,"name":"SHOP","item":"https:\/\/www.wojoer.de\/shop\/"},{"@type":"ListItem","position":3,"name":"Wetlook Gold MiniHipster"}]},{"@type":"WebSite","@id":"https:\/\/www.wojoer.de\/#website","url":"https:\/\/www.wojoer.de\/","name":"WOJOER","description":"clubwear for men","publisher":{"@id":"https:\/\/www.wojoer.de\/#organization"},"potentialAction":[{"@type":"SearchAction","target":{"@type":"EntryPoint","urlTemplate":"https:\/\/www.wojoer.de\/?s={search_term_string}"},"query-input":{"@type":"PropertyValueSpecification","valueRequired":true,"valueName":"search_term_string"}}],"inLanguage":"en-GB"},{"@type":"Organization","@id":"https:\/\/www.wojoer.de\/#organization","name":"Wonneberger-Manufaktur","url":"https:\/\/www.wojoer.de\/","logo":{"@type":"ImageObject","inLanguage":"en-GB","@id":"https:\/\/www.wojoer.de\/#\/schema\/logo\/image\/","url":"https:\/\/www.wojoer.de\/wp-content\/uploads\/2016\/11\/wonnebergermanufaktur_logo_BUTTON.png","contentUrl":"https:\/\/www.wojoer.de\/wp-content\/uploads\/2016\/11\/wonnebergermanufaktur_logo_BUTTON.png","width":765,"height":765,"caption":"Wonneberger-Manufaktur"},"image":{"@id":"https:\/\/www.wojoer.de\/#\/schema\/logo\/image\/"},"sameAs":["https:\/\/www.facebook.com\/wojoer\/","https:\/\/de.pinterest.com\/W0J0ER\/"]}]}},"_links":{"self":[{"href":"https:\/\/www.wojoer.de\/en\/wp-json\/wp\/v2\/product\/34214","targetHints":{"allow":["GET"]}}],"collection":[{"href":"https:\/\/www.wojoer.de\/en\/wp-json\/wp\/v2\/product"}],"about":[{"href":"https:\/\/www.wojoer.de\/en\/wp-json\/wp\/v2\/types\/product"}],"replies":[{"embeddable":true,"href":"https:\/\/www.wojoer.de\/en\/wp-json\/wp\/v2\/comments?post=34214"}],"wp:featuredmedia":[{"embeddable":true,"href":"https:\/\/www.wojoer.de\/en\/wp-json\/wp\/v2\/media\/33833"}],"wp:attachment":[{"href":"https:\/\/www.wojoer.de\/en\/wp-json\/wp\/v2\/media?parent=34214"}],"wp:term":[{"taxonomy":"product_brand","embeddable":true,"href":"https:\/\/www.wojoer.de\/en\/wp-json\/wp\/v2\/product_brand?post=34214"},{"taxonomy":"product_cat","embeddable":true,"href":"https:\/\/www.wojoer.de\/en\/wp-json\/wp\/v2\/product_cat?post=34214"},{"taxonomy":"product_tag","embeddable":true,"href":"https:\/\/www.wojoer.de\/en\/wp-json\/wp\/v2\/product_tag?post=34214"}],"curies":[{"name":"wp","href":"https:\/\/api.w.org\/{rel}","templated":true}]}}