{"id":34422,"date":"2021-02-12T09:07:15","date_gmt":"2021-02-12T08:07:15","guid":{"rendered":"https:\/\/www.wojoer.de\/?post_type=product&#038;p=34422"},"modified":"2025-06-15T09:00:10","modified_gmt":"2025-06-15T07:00:10","slug":"wojoer-baumwoll-boxershorts-338w606-1onlyr","status":"publish","type":"product","link":"https:\/\/www.wojoer.de\/en\/produkt\/wojoer-baumwoll-boxershorts-338w606-1onlyr\/","title":{"rendered":"Baumwoll Chili Boxershorts 338W606.1"},"content":{"rendered":"<p>Die Baumwoll Boxershorts 338W606.1 geh\u00f6rt in die Kategorie &#8220;ONLY FOR ME&#8221;-Produkte.<\/p>\n<h3>Gr\u00f6\u00dfen<\/h3>\n<p>Erh\u00e4ltlich in den Gr\u00f6\u00dfen\u00a0 M, L, XL, XXL, XXXL<\/p>\n<h3>Materialzusammensetzung<\/h3>\n<p><span class=\"a-list-item\">95% Baumwolle, 5% Elasthan <\/span><\/p>\n<h3>Besonderheiten<\/h3>\n<p><a href=\"http:\/\/www.wojoer.de\/?s=LIVE&#038;post_type=product\">LIVE-Produkt<\/a> | atmungsaktiv | nimmt viel Feuchtigkeit auf | angenehm weich | bequeme, hautenge Passform | knackiger Po ohne Naht | Akzentsetzung in rot | hochwertige Verarbeitung &#8220;Made in Germany&#8221;<\/p>\n<h3>Benutzerhinweise<\/h3>\n<p>30\u00b0 W\u00e4sche mit Spezialw\u00e4sche f\u00fcr Schwarzes empfohlen.<\/p>\n<h3>BAUMWOLL BOXERSHORTS &#8211; elegant sportliche Unterhose<\/h3>\n<p>Du willst nicht nur eine 0 8 15 Boxershorts f\u00fcr Deinen Edelk\u00f6rper? Dann ist die WOJOER Baumwoll-Stretch Pants W606.1 genau das Richtige f\u00fcr dich.<br \/>\nDenn die enge Schnittform und der Verzicht auf die Po-Naht l\u00e4sst die Shorts regelrecht mit Deinen H\u00fcften verschmelzen. Dennoch bietet die Unterhose viel Freiheit wo es n\u00f6tig ist und wird zum perfekten Begleiter auf Arbeit, beim Training oder im Club. Neben dem knackig geformten Ges\u00e4\u00df, sorgen zudem der Ripp-Bund und die farbig abgestimmten Kontrastf\u00e4den an Bein und am Suspensorium f\u00fcr einen besonderen Hingucker.<\/p>\n<p>&nbsp;<\/p>\n","protected":false},"excerpt":{"rendered":"<p>Die Baumwoll Boxershorts 338W606.1 geh\u00f6rt in die Kategorie &#8220;ONLY FOR ME&#8221;-Produkte.<br \/>\nGr\u00f6\u00dfen<br \/>\nErh\u00e4ltlich in den Gr\u00f6\u00dfen\u00a0 M, L, XL, XXL, XXXL<br \/>\nMaterialzusammensetzung<br \/>\n95% Baumwolle, 5% Elasthan<br \/>\nBesonderheiten<br \/>\nLIVE-Produkt | atmungsaktiv | nimmt viel Feuchtigkeit auf | angenehm weich | bequeme, hautenge Passform | knackiger Po\u2026<\/p>\n","protected":false},"featured_media":33760,"comment_status":"open","ping_status":"closed","template":"","meta":[],"product_brand":[],"product_cat":[810,473,270,121,326],"product_tag":[274,904,273],"class_list":{"0":"post-34422","1":"product","2":"type-product","3":"status-publish","4":"has-post-thumbnail","6":"product_cat-338-bw-boxerpants","7":"product_cat-men","8":"product_cat-onlyforme","9":"product_cat-underwear","10":"product_cat-wojoer","11":"product_tag-baumwolle","12":"product_tag-cotton","13":"product_tag-pants","14":"pa_groesse-l","15":"pa_groesse-m","16":"pa_groesse-xl","17":"pa_groesse-xxl","18":"pa_groesse-xxxl","19":"pif-has-gallery","20":"post-1","21":"odd","23":"first","24":"instock","25":"taxable","26":"shipping-taxable","27":"purchasable","28":"product-type-variable","29":"has-default-attributes"},"yoast_head":"<!-- This site is optimized with the Yoast SEO plugin v27.2 - https:\/\/yoast.com\/product\/yoast-seo-wordpress\/ -->\n<title>Baumwoll Boxershorts | slim fit ohne Ges\u00e4\u00df-Naht | WOJOER<\/title>\n<meta name=\"description\" content=\"Die feine WOJOER Baumwoll Boxershorts zaubert einen knackigen Po ohne Ges\u00e4\u00dfnaht. Rote Akzente am Gummibund und den N\u00e4hten sind ein Highlight.\" \/>\n<meta name=\"robots\" content=\"index, follow, max-snippet:-1, max-image-preview:large, max-video-preview:-1\" \/>\n<link rel=\"canonical\" href=\"https:\/\/www.wojoer.de\/en\/produkt\/wojoer-baumwoll-boxershorts-338w606-1onlyr\/\" \/>\n<meta name=\"twitter:card\" content=\"summary_large_image\" \/>\n<meta name=\"twitter:title\" content=\"Baumwoll Boxershorts | slim fit ohne Ges\u00e4\u00df-Naht | WOJOER\" \/>\n<meta name=\"twitter:description\" content=\"Die feine WOJOER Baumwoll Boxershorts zaubert einen knackigen Po ohne Ges\u00e4\u00dfnaht. Rote Akzente am Gummibund und den N\u00e4hten sind ein Highlight.\" \/>\n<meta name=\"twitter:image\" content=\"https:\/\/www.wojoer.de\/wp-content\/uploads\/2021\/01\/338W606_Baumwollpants_side_wojoer.jpg\" \/>\n<meta name=\"twitter:label1\" content=\"Estimated reading time\" \/>\n\t<meta name=\"twitter:data1\" content=\"1 minute\" \/>\n<script type=\"application\/ld+json\" class=\"yoast-schema-graph\">{\"@context\":\"https:\/\/schema.org\",\"@graph\":[{\"@type\":\"WebPage\",\"@id\":\"https:\/\/www.wojoer.de\/produkt\/wojoer-baumwoll-boxershorts-338w606-1onlyr\/\",\"url\":\"https:\/\/www.wojoer.de\/produkt\/wojoer-baumwoll-boxershorts-338w606-1onlyr\/\",\"name\":\"Baumwoll Boxershorts | slim fit ohne Ges\u00e4\u00df-Naht | WOJOER\",\"isPartOf\":{\"@id\":\"https:\/\/www.wojoer.de\/#website\"},\"primaryImageOfPage\":{\"@id\":\"https:\/\/www.wojoer.de\/produkt\/wojoer-baumwoll-boxershorts-338w606-1onlyr\/#primaryimage\"},\"image\":{\"@id\":\"https:\/\/www.wojoer.de\/produkt\/wojoer-baumwoll-boxershorts-338w606-1onlyr\/#primaryimage\"},\"thumbnailUrl\":\"https:\/\/www.wojoer.de\/wp-content\/uploads\/2021\/01\/338W606_Baumwollpants_side_wojoer.jpg\",\"datePublished\":\"2021-02-12T08:07:15+00:00\",\"dateModified\":\"2025-06-15T07:00:10+00:00\",\"description\":\"Die feine WOJOER Baumwoll Boxershorts zaubert einen knackigen Po ohne Ges\u00e4\u00dfnaht. Rote Akzente am Gummibund und den N\u00e4hten sind ein Highlight.\",\"breadcrumb\":{\"@id\":\"https:\/\/www.wojoer.de\/produkt\/wojoer-baumwoll-boxershorts-338w606-1onlyr\/#breadcrumb\"},\"inLanguage\":\"en-GB\",\"potentialAction\":[{\"@type\":\"ReadAction\",\"target\":[\"https:\/\/www.wojoer.de\/produkt\/wojoer-baumwoll-boxershorts-338w606-1onlyr\/\"]}]},{\"@type\":\"ImageObject\",\"inLanguage\":\"en-GB\",\"@id\":\"https:\/\/www.wojoer.de\/produkt\/wojoer-baumwoll-boxershorts-338w606-1onlyr\/#primaryimage\",\"url\":\"https:\/\/www.wojoer.de\/wp-content\/uploads\/2021\/01\/338W606_Baumwollpants_side_wojoer.jpg\",\"contentUrl\":\"https:\/\/www.wojoer.de\/wp-content\/uploads\/2021\/01\/338W606_Baumwollpants_side_wojoer.jpg\",\"width\":2002,\"height\":2002},{\"@type\":\"BreadcrumbList\",\"@id\":\"https:\/\/www.wojoer.de\/produkt\/wojoer-baumwoll-boxershorts-338w606-1onlyr\/#breadcrumb\",\"itemListElement\":[{\"@type\":\"ListItem\",\"position\":1,\"name\":\"Startseite\",\"item\":\"https:\/\/www.wojoer.de\/\"},{\"@type\":\"ListItem\",\"position\":2,\"name\":\"SHOP\",\"item\":\"https:\/\/www.wojoer.de\/shop\/\"},{\"@type\":\"ListItem\",\"position\":3,\"name\":\"Baumwoll Chili Boxershorts 338W606.1\"}]},{\"@type\":\"WebSite\",\"@id\":\"https:\/\/www.wojoer.de\/#website\",\"url\":\"https:\/\/www.wojoer.de\/\",\"name\":\"WOJOER\",\"description\":\"clubwear for men\",\"publisher\":{\"@id\":\"https:\/\/www.wojoer.de\/#organization\"},\"potentialAction\":[{\"@type\":\"SearchAction\",\"target\":{\"@type\":\"EntryPoint\",\"urlTemplate\":\"https:\/\/www.wojoer.de\/?s={search_term_string}\"},\"query-input\":{\"@type\":\"PropertyValueSpecification\",\"valueRequired\":true,\"valueName\":\"search_term_string\"}}],\"inLanguage\":\"en-GB\"},{\"@type\":\"Organization\",\"@id\":\"https:\/\/www.wojoer.de\/#organization\",\"name\":\"Wonneberger-Manufaktur\",\"url\":\"https:\/\/www.wojoer.de\/\",\"logo\":{\"@type\":\"ImageObject\",\"inLanguage\":\"en-GB\",\"@id\":\"https:\/\/www.wojoer.de\/#\/schema\/logo\/image\/\",\"url\":\"https:\/\/www.wojoer.de\/wp-content\/uploads\/2016\/11\/wonnebergermanufaktur_logo_BUTTON.png\",\"contentUrl\":\"https:\/\/www.wojoer.de\/wp-content\/uploads\/2016\/11\/wonnebergermanufaktur_logo_BUTTON.png\",\"width\":765,\"height\":765,\"caption\":\"Wonneberger-Manufaktur\"},\"image\":{\"@id\":\"https:\/\/www.wojoer.de\/#\/schema\/logo\/image\/\"},\"sameAs\":[\"https:\/\/www.facebook.com\/wojoer\/\",\"https:\/\/de.pinterest.com\/W0J0ER\/\"]}]}<\/script>\n<!-- \/ Yoast SEO plugin. -->","yoast_head_json":{"title":"Baumwoll Boxershorts | slim fit ohne Ges\u00e4\u00df-Naht | WOJOER","description":"Die feine WOJOER Baumwoll Boxershorts zaubert einen knackigen Po ohne Ges\u00e4\u00dfnaht. Rote Akzente am Gummibund und den N\u00e4hten sind ein Highlight.","robots":{"index":"index","follow":"follow","max-snippet":"max-snippet:-1","max-image-preview":"max-image-preview:large","max-video-preview":"max-video-preview:-1"},"canonical":"https:\/\/www.wojoer.de\/en\/produkt\/wojoer-baumwoll-boxershorts-338w606-1onlyr\/","twitter_card":"summary_large_image","twitter_title":"Baumwoll Boxershorts | slim fit ohne Ges\u00e4\u00df-Naht | WOJOER","twitter_description":"Die feine WOJOER Baumwoll Boxershorts zaubert einen knackigen Po ohne Ges\u00e4\u00dfnaht. Rote Akzente am Gummibund und den N\u00e4hten sind ein Highlight.","twitter_image":"https:\/\/www.wojoer.de\/wp-content\/uploads\/2021\/01\/338W606_Baumwollpants_side_wojoer.jpg","twitter_misc":{"Estimated reading time":"1 minute"},"schema":{"@context":"https:\/\/schema.org","@graph":[{"@type":"WebPage","@id":"https:\/\/www.wojoer.de\/produkt\/wojoer-baumwoll-boxershorts-338w606-1onlyr\/","url":"https:\/\/www.wojoer.de\/produkt\/wojoer-baumwoll-boxershorts-338w606-1onlyr\/","name":"Baumwoll Boxershorts | slim fit ohne Ges\u00e4\u00df-Naht | WOJOER","isPartOf":{"@id":"https:\/\/www.wojoer.de\/#website"},"primaryImageOfPage":{"@id":"https:\/\/www.wojoer.de\/produkt\/wojoer-baumwoll-boxershorts-338w606-1onlyr\/#primaryimage"},"image":{"@id":"https:\/\/www.wojoer.de\/produkt\/wojoer-baumwoll-boxershorts-338w606-1onlyr\/#primaryimage"},"thumbnailUrl":"https:\/\/www.wojoer.de\/wp-content\/uploads\/2021\/01\/338W606_Baumwollpants_side_wojoer.jpg","datePublished":"2021-02-12T08:07:15+00:00","dateModified":"2025-06-15T07:00:10+00:00","description":"Die feine WOJOER Baumwoll Boxershorts zaubert einen knackigen Po ohne Ges\u00e4\u00dfnaht. Rote Akzente am Gummibund und den N\u00e4hten sind ein Highlight.","breadcrumb":{"@id":"https:\/\/www.wojoer.de\/produkt\/wojoer-baumwoll-boxershorts-338w606-1onlyr\/#breadcrumb"},"inLanguage":"en-GB","potentialAction":[{"@type":"ReadAction","target":["https:\/\/www.wojoer.de\/produkt\/wojoer-baumwoll-boxershorts-338w606-1onlyr\/"]}]},{"@type":"ImageObject","inLanguage":"en-GB","@id":"https:\/\/www.wojoer.de\/produkt\/wojoer-baumwoll-boxershorts-338w606-1onlyr\/#primaryimage","url":"https:\/\/www.wojoer.de\/wp-content\/uploads\/2021\/01\/338W606_Baumwollpants_side_wojoer.jpg","contentUrl":"https:\/\/www.wojoer.de\/wp-content\/uploads\/2021\/01\/338W606_Baumwollpants_side_wojoer.jpg","width":2002,"height":2002},{"@type":"BreadcrumbList","@id":"https:\/\/www.wojoer.de\/produkt\/wojoer-baumwoll-boxershorts-338w606-1onlyr\/#breadcrumb","itemListElement":[{"@type":"ListItem","position":1,"name":"Startseite","item":"https:\/\/www.wojoer.de\/"},{"@type":"ListItem","position":2,"name":"SHOP","item":"https:\/\/www.wojoer.de\/shop\/"},{"@type":"ListItem","position":3,"name":"Baumwoll Chili Boxershorts 338W606.1"}]},{"@type":"WebSite","@id":"https:\/\/www.wojoer.de\/#website","url":"https:\/\/www.wojoer.de\/","name":"WOJOER","description":"clubwear for men","publisher":{"@id":"https:\/\/www.wojoer.de\/#organization"},"potentialAction":[{"@type":"SearchAction","target":{"@type":"EntryPoint","urlTemplate":"https:\/\/www.wojoer.de\/?s={search_term_string}"},"query-input":{"@type":"PropertyValueSpecification","valueRequired":true,"valueName":"search_term_string"}}],"inLanguage":"en-GB"},{"@type":"Organization","@id":"https:\/\/www.wojoer.de\/#organization","name":"Wonneberger-Manufaktur","url":"https:\/\/www.wojoer.de\/","logo":{"@type":"ImageObject","inLanguage":"en-GB","@id":"https:\/\/www.wojoer.de\/#\/schema\/logo\/image\/","url":"https:\/\/www.wojoer.de\/wp-content\/uploads\/2016\/11\/wonnebergermanufaktur_logo_BUTTON.png","contentUrl":"https:\/\/www.wojoer.de\/wp-content\/uploads\/2016\/11\/wonnebergermanufaktur_logo_BUTTON.png","width":765,"height":765,"caption":"Wonneberger-Manufaktur"},"image":{"@id":"https:\/\/www.wojoer.de\/#\/schema\/logo\/image\/"},"sameAs":["https:\/\/www.facebook.com\/wojoer\/","https:\/\/de.pinterest.com\/W0J0ER\/"]}]}},"_links":{"self":[{"href":"https:\/\/www.wojoer.de\/en\/wp-json\/wp\/v2\/product\/34422","targetHints":{"allow":["GET"]}}],"collection":[{"href":"https:\/\/www.wojoer.de\/en\/wp-json\/wp\/v2\/product"}],"about":[{"href":"https:\/\/www.wojoer.de\/en\/wp-json\/wp\/v2\/types\/product"}],"replies":[{"embeddable":true,"href":"https:\/\/www.wojoer.de\/en\/wp-json\/wp\/v2\/comments?post=34422"}],"wp:featuredmedia":[{"embeddable":true,"href":"https:\/\/www.wojoer.de\/en\/wp-json\/wp\/v2\/media\/33760"}],"wp:attachment":[{"href":"https:\/\/www.wojoer.de\/en\/wp-json\/wp\/v2\/media?parent=34422"}],"wp:term":[{"taxonomy":"product_brand","embeddable":true,"href":"https:\/\/www.wojoer.de\/en\/wp-json\/wp\/v2\/product_brand?post=34422"},{"taxonomy":"product_cat","embeddable":true,"href":"https:\/\/www.wojoer.de\/en\/wp-json\/wp\/v2\/product_cat?post=34422"},{"taxonomy":"product_tag","embeddable":true,"href":"https:\/\/www.wojoer.de\/en\/wp-json\/wp\/v2\/product_tag?post=34422"}],"curies":[{"name":"wp","href":"https:\/\/api.w.org\/{rel}","templated":true}]}}