{"id":34546,"date":"2020-11-24T07:38:35","date_gmt":"2020-11-24T06:38:35","guid":{"rendered":"https:\/\/www.wojoer.de\/?post_type=product&#038;p=34546"},"modified":"2026-04-15T08:44:06","modified_gmt":"2026-04-15T06:44:06","slug":"wetlook-micro-sock-string-wetb3","status":"publish","type":"product","link":"https:\/\/www.wojoer.de\/en\/produkt\/wetlook-micro-sock-string-wetb3\/","title":{"rendered":"Wetlook Kristallblau Micro Sock String"},"content":{"rendered":"<p>Production on order, because the light blue Wet S002 Micro sock String belongs to the category: Wojoer &#8220;LIVE products&#8221;!<\/p>\n<h3>Sizes<\/h3>\n<p>Available in sizes S, M, L, XL<\/p>\n<h3>Material compsitions<\/h3>\n<p>92% polyester 8% spandex<\/p>\n<h3>Special features<\/h3>\n<p><a href=\"http:\/\/www.wojoer.de\/?s=live&#038;post_type=product\">LIVE Produkt<\/a> | matt shiny, very stretchy material | skin-tight fit | easy lifting function | high-quality workmanship &#8220;Made in Germany<\/p>\n<h3>User instructions<\/h3>\n<p>30\u00b0 gentle wash | no fabric softener<\/p>\n<h3>WET MICRO SOCK STRING &#8211; super tight mini sock string shiny Elsa-blue<\/h3>\n<p>Sleek! That&#8217;s why the Wet Minisock String is your thong: less material really doesn&#8217;t go any further, all the more it shows off you and thus draws the eye to you and what you have to offer. Its glittering bright shine seduces to gentle touches, pushed your masculinity to the maximum and swings silky soft with every one of your movements. Hypnotize your surroundings easily, while you yourself feel airy comfortable.<\/p>\n","protected":false},"excerpt":{"rendered":"<p>Produktion auf Bestellung, denn der hell blaue Wet S002 Micro sock String geh\u00f6rt in die Kategorie: Wojoer &#8220;LIVE-Produkte&#8221;!<br \/>\nGr\u00f6\u00dfen<br \/>\nErh\u00e4ltlich in den Gr\u00f6\u00dfen S, M, L, XL<br \/>\nMaterialzusammensetzung<br \/>\n92% Polyester 8% Elasthan<br \/>\nBesonderheiten<br \/>\nLIVE Produkt | matt gl\u00e4nzendes, sehr dehnbares Material | hautenge Passform | leichte\u2026<\/p>\n","protected":false},"featured_media":39612,"comment_status":"open","ping_status":"closed","template":"","meta":[],"product_brand":[],"product_cat":[116,473,195,121,326],"product_tag":[573,247],"class_list":{"0":"post-34546","1":"product","2":"type-product","3":"status-publish","4":"has-post-thumbnail","6":"product_cat-clubwear","7":"product_cat-men","8":"product_cat-produktion-auf-bestellung-liveproduktion","9":"product_cat-underwear","10":"product_cat-wojoer","11":"product_tag-minisock","12":"product_tag-wetlook","13":"product_shipping_class-beun","14":"pa_groesse-l","15":"pa_groesse-m","16":"pa_groesse-s","17":"pa_groesse-xl","18":"pif-has-gallery","19":"post-1","20":"odd","22":"first","23":"instock","24":"taxable","25":"shipping-taxable","26":"purchasable","27":"product-type-variable"},"yoast_head":"<!-- This site is optimized with the Yoast SEO plugin v27.2 - https:\/\/yoast.com\/product\/yoast-seo-wordpress\/ -->\n<title>Wet Micro-sock String kristallblau | glitzer gl\u00e4nzend | WOJOER<\/title>\n<meta name=\"description\" content=\"Wet Micro-Sock String. Besonders fein &amp; matt gl\u00e4nzender Sock in gl\u00e4nzendem Hellblau von WOJOER. Bequeme Passform, aufreizend edles Material. Jetzt online versandkostenfrei bestellen.\" \/>\n<meta name=\"robots\" content=\"index, follow, max-snippet:-1, max-image-preview:large, max-video-preview:-1\" \/>\n<link rel=\"canonical\" href=\"https:\/\/www.wojoer.de\/en\/produkt\/wetlook-micro-sock-string-wetb3\/\" \/>\n<meta name=\"twitter:card\" content=\"summary_large_image\" \/>\n<meta name=\"twitter:title\" content=\"Wet Micro-sock String kristallblau | glitzer gl\u00e4nzend | WOJOER\" \/>\n<meta name=\"twitter:description\" content=\"Wet Micro-Sock String. Besonders fein &amp; matt gl\u00e4nzender Sock in gl\u00e4nzendem Hellblau von WOJOER. Bequeme Passform, aufreizend edles Material. Jetzt online versandkostenfrei bestellen.\" \/>\n<meta name=\"twitter:image\" content=\"https:\/\/www.wojoer.de\/wp-content\/uploads\/2021\/02\/0100-S002-0D-08-06-1.-Wetlook-Micro-Push_String-hell_blau-side-wojoer.jpg\" \/>\n<meta name=\"twitter:label1\" content=\"Estimated reading time\" \/>\n\t<meta name=\"twitter:data1\" content=\"1 minute\" \/>\n<script type=\"application\/ld+json\" class=\"yoast-schema-graph\">{\"@context\":\"https:\/\/schema.org\",\"@graph\":[{\"@type\":\"WebPage\",\"@id\":\"https:\/\/www.wojoer.de\/produkt\/wetlook-micro-sock-string-wetb3\/\",\"url\":\"https:\/\/www.wojoer.de\/produkt\/wetlook-micro-sock-string-wetb3\/\",\"name\":\"Wet Micro-sock String kristallblau | glitzer gl\u00e4nzend | WOJOER\",\"isPartOf\":{\"@id\":\"https:\/\/www.wojoer.de\/#website\"},\"primaryImageOfPage\":{\"@id\":\"https:\/\/www.wojoer.de\/produkt\/wetlook-micro-sock-string-wetb3\/#primaryimage\"},\"image\":{\"@id\":\"https:\/\/www.wojoer.de\/produkt\/wetlook-micro-sock-string-wetb3\/#primaryimage\"},\"thumbnailUrl\":\"https:\/\/www.wojoer.de\/wp-content\/uploads\/2021\/02\/0100-S002-0D-08-06-1.-Wetlook-Micro-Push_String-hell_blau-side-wojoer.jpg\",\"datePublished\":\"2020-11-24T06:38:35+00:00\",\"dateModified\":\"2026-04-15T06:44:06+00:00\",\"description\":\"Wet Micro-Sock String. Besonders fein & matt gl\u00e4nzender Sock in gl\u00e4nzendem Hellblau von WOJOER. Bequeme Passform, aufreizend edles Material. Jetzt online versandkostenfrei bestellen.\",\"breadcrumb\":{\"@id\":\"https:\/\/www.wojoer.de\/produkt\/wetlook-micro-sock-string-wetb3\/#breadcrumb\"},\"inLanguage\":\"en-GB\",\"potentialAction\":[{\"@type\":\"ReadAction\",\"target\":[\"https:\/\/www.wojoer.de\/produkt\/wetlook-micro-sock-string-wetb3\/\"]}]},{\"@type\":\"ImageObject\",\"inLanguage\":\"en-GB\",\"@id\":\"https:\/\/www.wojoer.de\/produkt\/wetlook-micro-sock-string-wetb3\/#primaryimage\",\"url\":\"https:\/\/www.wojoer.de\/wp-content\/uploads\/2021\/02\/0100-S002-0D-08-06-1.-Wetlook-Micro-Push_String-hell_blau-side-wojoer.jpg\",\"contentUrl\":\"https:\/\/www.wojoer.de\/wp-content\/uploads\/2021\/02\/0100-S002-0D-08-06-1.-Wetlook-Micro-Push_String-hell_blau-side-wojoer.jpg\",\"width\":2002,\"height\":2002},{\"@type\":\"BreadcrumbList\",\"@id\":\"https:\/\/www.wojoer.de\/produkt\/wetlook-micro-sock-string-wetb3\/#breadcrumb\",\"itemListElement\":[{\"@type\":\"ListItem\",\"position\":1,\"name\":\"Startseite\",\"item\":\"https:\/\/www.wojoer.de\/\"},{\"@type\":\"ListItem\",\"position\":2,\"name\":\"SHOP\",\"item\":\"https:\/\/www.wojoer.de\/shop\/\"},{\"@type\":\"ListItem\",\"position\":3,\"name\":\"Wetlook Kristallblau Micro String\"}]},{\"@type\":\"WebSite\",\"@id\":\"https:\/\/www.wojoer.de\/#website\",\"url\":\"https:\/\/www.wojoer.de\/\",\"name\":\"WOJOER\",\"description\":\"clubwear for men\",\"publisher\":{\"@id\":\"https:\/\/www.wojoer.de\/#organization\"},\"potentialAction\":[{\"@type\":\"SearchAction\",\"target\":{\"@type\":\"EntryPoint\",\"urlTemplate\":\"https:\/\/www.wojoer.de\/?s={search_term_string}\"},\"query-input\":{\"@type\":\"PropertyValueSpecification\",\"valueRequired\":true,\"valueName\":\"search_term_string\"}}],\"inLanguage\":\"en-GB\"},{\"@type\":\"Organization\",\"@id\":\"https:\/\/www.wojoer.de\/#organization\",\"name\":\"Wonneberger-Manufaktur\",\"url\":\"https:\/\/www.wojoer.de\/\",\"logo\":{\"@type\":\"ImageObject\",\"inLanguage\":\"en-GB\",\"@id\":\"https:\/\/www.wojoer.de\/#\/schema\/logo\/image\/\",\"url\":\"https:\/\/www.wojoer.de\/wp-content\/uploads\/2016\/11\/wonnebergermanufaktur_logo_BUTTON.png\",\"contentUrl\":\"https:\/\/www.wojoer.de\/wp-content\/uploads\/2016\/11\/wonnebergermanufaktur_logo_BUTTON.png\",\"width\":765,\"height\":765,\"caption\":\"Wonneberger-Manufaktur\"},\"image\":{\"@id\":\"https:\/\/www.wojoer.de\/#\/schema\/logo\/image\/\"},\"sameAs\":[\"https:\/\/www.facebook.com\/wojoer\/\",\"https:\/\/de.pinterest.com\/W0J0ER\/\"]}]}<\/script>\n<!-- \/ Yoast SEO plugin. -->","yoast_head_json":{"title":"Wet Micro-sock String kristallblau | glitzer gl\u00e4nzend | WOJOER","description":"Wet Micro-Sock String. Besonders fein & matt gl\u00e4nzender Sock in gl\u00e4nzendem Hellblau von WOJOER. Bequeme Passform, aufreizend edles Material. Jetzt online versandkostenfrei bestellen.","robots":{"index":"index","follow":"follow","max-snippet":"max-snippet:-1","max-image-preview":"max-image-preview:large","max-video-preview":"max-video-preview:-1"},"canonical":"https:\/\/www.wojoer.de\/en\/produkt\/wetlook-micro-sock-string-wetb3\/","twitter_card":"summary_large_image","twitter_title":"[:de]Wet Micro-sock String kristallblau | glitzer gl\u00e4nzend | WOJOER[:]","twitter_description":"[:de]Wet Micro-Sock String. Besonders fein & matt gl\u00e4nzender Sock in gl\u00e4nzendem Hellblau von WOJOER. Bequeme Passform, aufreizend edles Material. Jetzt online versandkostenfrei bestellen.[:]","twitter_image":"https:\/\/www.wojoer.de\/wp-content\/uploads\/2021\/02\/0100-S002-0D-08-06-1.-Wetlook-Micro-Push_String-hell_blau-side-wojoer.jpg","twitter_misc":{"Estimated reading time":"1 minute"},"schema":{"@context":"https:\/\/schema.org","@graph":[{"@type":"WebPage","@id":"https:\/\/www.wojoer.de\/produkt\/wetlook-micro-sock-string-wetb3\/","url":"https:\/\/www.wojoer.de\/produkt\/wetlook-micro-sock-string-wetb3\/","name":"Wet Micro-sock String kristallblau | glitzer gl\u00e4nzend | WOJOER","isPartOf":{"@id":"https:\/\/www.wojoer.de\/#website"},"primaryImageOfPage":{"@id":"https:\/\/www.wojoer.de\/produkt\/wetlook-micro-sock-string-wetb3\/#primaryimage"},"image":{"@id":"https:\/\/www.wojoer.de\/produkt\/wetlook-micro-sock-string-wetb3\/#primaryimage"},"thumbnailUrl":"https:\/\/www.wojoer.de\/wp-content\/uploads\/2021\/02\/0100-S002-0D-08-06-1.-Wetlook-Micro-Push_String-hell_blau-side-wojoer.jpg","datePublished":"2020-11-24T06:38:35+00:00","dateModified":"2026-04-15T06:44:06+00:00","description":"Wet Micro-Sock String. Besonders fein & matt gl\u00e4nzender Sock in gl\u00e4nzendem Hellblau von WOJOER. Bequeme Passform, aufreizend edles Material. Jetzt online versandkostenfrei bestellen.","breadcrumb":{"@id":"https:\/\/www.wojoer.de\/produkt\/wetlook-micro-sock-string-wetb3\/#breadcrumb"},"inLanguage":"en-GB","potentialAction":[{"@type":"ReadAction","target":["https:\/\/www.wojoer.de\/produkt\/wetlook-micro-sock-string-wetb3\/"]}]},{"@type":"ImageObject","inLanguage":"en-GB","@id":"https:\/\/www.wojoer.de\/produkt\/wetlook-micro-sock-string-wetb3\/#primaryimage","url":"https:\/\/www.wojoer.de\/wp-content\/uploads\/2021\/02\/0100-S002-0D-08-06-1.-Wetlook-Micro-Push_String-hell_blau-side-wojoer.jpg","contentUrl":"https:\/\/www.wojoer.de\/wp-content\/uploads\/2021\/02\/0100-S002-0D-08-06-1.-Wetlook-Micro-Push_String-hell_blau-side-wojoer.jpg","width":2002,"height":2002},{"@type":"BreadcrumbList","@id":"https:\/\/www.wojoer.de\/produkt\/wetlook-micro-sock-string-wetb3\/#breadcrumb","itemListElement":[{"@type":"ListItem","position":1,"name":"Startseite","item":"https:\/\/www.wojoer.de\/"},{"@type":"ListItem","position":2,"name":"SHOP","item":"https:\/\/www.wojoer.de\/shop\/"},{"@type":"ListItem","position":3,"name":"Wetlook Kristallblau Micro String"}]},{"@type":"WebSite","@id":"https:\/\/www.wojoer.de\/#website","url":"https:\/\/www.wojoer.de\/","name":"WOJOER","description":"clubwear for men","publisher":{"@id":"https:\/\/www.wojoer.de\/#organization"},"potentialAction":[{"@type":"SearchAction","target":{"@type":"EntryPoint","urlTemplate":"https:\/\/www.wojoer.de\/?s={search_term_string}"},"query-input":{"@type":"PropertyValueSpecification","valueRequired":true,"valueName":"search_term_string"}}],"inLanguage":"en-GB"},{"@type":"Organization","@id":"https:\/\/www.wojoer.de\/#organization","name":"Wonneberger-Manufaktur","url":"https:\/\/www.wojoer.de\/","logo":{"@type":"ImageObject","inLanguage":"en-GB","@id":"https:\/\/www.wojoer.de\/#\/schema\/logo\/image\/","url":"https:\/\/www.wojoer.de\/wp-content\/uploads\/2016\/11\/wonnebergermanufaktur_logo_BUTTON.png","contentUrl":"https:\/\/www.wojoer.de\/wp-content\/uploads\/2016\/11\/wonnebergermanufaktur_logo_BUTTON.png","width":765,"height":765,"caption":"Wonneberger-Manufaktur"},"image":{"@id":"https:\/\/www.wojoer.de\/#\/schema\/logo\/image\/"},"sameAs":["https:\/\/www.facebook.com\/wojoer\/","https:\/\/de.pinterest.com\/W0J0ER\/"]}]}},"_links":{"self":[{"href":"https:\/\/www.wojoer.de\/en\/wp-json\/wp\/v2\/product\/34546","targetHints":{"allow":["GET"]}}],"collection":[{"href":"https:\/\/www.wojoer.de\/en\/wp-json\/wp\/v2\/product"}],"about":[{"href":"https:\/\/www.wojoer.de\/en\/wp-json\/wp\/v2\/types\/product"}],"replies":[{"embeddable":true,"href":"https:\/\/www.wojoer.de\/en\/wp-json\/wp\/v2\/comments?post=34546"}],"wp:featuredmedia":[{"embeddable":true,"href":"https:\/\/www.wojoer.de\/en\/wp-json\/wp\/v2\/media\/39612"}],"wp:attachment":[{"href":"https:\/\/www.wojoer.de\/en\/wp-json\/wp\/v2\/media?parent=34546"}],"wp:term":[{"taxonomy":"product_brand","embeddable":true,"href":"https:\/\/www.wojoer.de\/en\/wp-json\/wp\/v2\/product_brand?post=34546"},{"taxonomy":"product_cat","embeddable":true,"href":"https:\/\/www.wojoer.de\/en\/wp-json\/wp\/v2\/product_cat?post=34546"},{"taxonomy":"product_tag","embeddable":true,"href":"https:\/\/www.wojoer.de\/en\/wp-json\/wp\/v2\/product_tag?post=34546"}],"curies":[{"name":"wp","href":"https:\/\/api.w.org\/{rel}","templated":true}]}}