{"id":34590,"date":"2021-02-24T14:14:42","date_gmt":"2021-02-24T13:14:42","guid":{"rendered":"https:\/\/www.wojoer.de\/?post_type=product&#038;p=34590"},"modified":"2023-11-02T13:01:58","modified_gmt":"2023-11-02T12:01:58","slug":"kuscheldecke-gold","status":"publish","type":"product","link":"https:\/\/www.wojoer.de\/en\/produkt\/kuscheldecke-gold\/","title":{"rendered":"Kuscheldecke"},"content":{"rendered":"<p>Wunderbar kuschlig w\u00e4rmende Flauschdecke in der \u00dcbergr\u00f6\u00dfe: 150x220cm. F\u00fcr garantiert warme F\u00fc\u00dfe an gem\u00fctlichen Kuschelabenden.<\/p>\n<h3>Gr\u00f6\u00dfen<\/h3>\n<p>Erh\u00e4ltlich in der \u00dcbergr\u00f6\u00dfe 150x220cm<\/p>\n<h3>Materialzusammensetzung<\/h3>\n<p>Hauptmaterial: 100% Polyester<\/p>\n<h3>Besonderheiten<\/h3>\n<p>&#8211; kuschlig w\u00e4rmender Flausch<br \/>\n&#8211; 100% Polyester ist 100% recyclebar.<br \/>\n&#8211; hochwertige Verarbeitung \u201eMade in Germany\u201c<\/p>\n<h3>Benutzerhinweise<\/h3>\n<p>&#8211; vor dem ersten Nutzen waschen<br \/>\n<strong>&#8211; 30\u00b0C Schonw\u00e4sche ohne Weichsp\u00fcler<\/strong><\/p>\n<p><span class=\"hiddenSpellError\">\u00a0Kuscheldecke &#8211; Gold<\/span><span id=\"productTitle\" class=\"a-size-large product-title-word-break\"><\/span><\/p>\n","protected":false},"excerpt":{"rendered":"<p>Wunderbar kuschlig w\u00e4rmende Flauschdecke in der \u00dcbergr\u00f6\u00dfe: 150x220cm. F\u00fcr garantiert warme F\u00fc\u00dfe an gem\u00fctlichen Kuschelabenden.<br \/>\nGr\u00f6\u00dfen<br \/>\nErh\u00e4ltlich in der \u00dcbergr\u00f6\u00dfe 150x220cm<br \/>\nMaterialzusammensetzung<br \/>\nHauptmaterial: 100% Polyester<br \/>\nBesonderheiten<br \/>\n&#8211; kuschlig w\u00e4rmender Flausch<br \/>\n&#8211; 100% Polyester ist 100% recyclebar.<br \/>\n&#8211; hochwertige Verarbeitung \u201eMade in Germany\u201c<br \/>\nBenutzerhinweise<br \/>\n&#8211; vor dem ersten Nutzen waschen<br \/>\n<strong>&#8211; 30\u00b0C\u2026<\/p>\n","protected":false},"featured_media":0,"comment_status":"open","ping_status":"closed","template":"","meta":[],"product_brand":[],"product_cat":[673],"product_tag":[875],"class_list":{"0":"post-34590","1":"product","2":"type-product","3":"status-publish","5":"product_cat-unkategorisiert","6":"product_tag-decke","7":"product_shipping_class-leggings-shirts-bodies","8":"post-1","9":"odd","11":"first","12":"instock","13":"taxable","14":"shipping-taxable","15":"purchasable","16":"product-type-simple"},"yoast_head":"<!-- This site is optimized with the Yoast SEO plugin v27.2 - https:\/\/yoast.com\/product\/yoast-seo-wordpress\/ -->\n<title>Kuscheldecke | \u00fcbergro\u00dfe W\u00e4rmedecke 150x220 | gold<\/title>\n<meta name=\"description\" content=\"Kuscheldecke aus weichem Flausch f\u00fcr warme F\u00fc\u00dfe und hei\u00dfe Abende. \u00dcbergro\u00dfe Fernseh-Decke 150x220cm f\u00fcr garantiert warme F\u00fc\u00dfe. Jetzt online bestellen.\" \/>\n<meta name=\"robots\" content=\"index, follow, max-snippet:-1, max-image-preview:large, max-video-preview:-1\" \/>\n<link rel=\"canonical\" href=\"https:\/\/www.wojoer.de\/en\/produkt\/kuscheldecke-gold\/\" \/>\n<meta name=\"twitter:card\" content=\"summary_large_image\" \/>\n<meta name=\"twitter:title\" content=\"Kuscheldecke | \u00fcbergro\u00dfe W\u00e4rmedecke 150x220 | gold\" \/>\n<meta name=\"twitter:description\" content=\"Kuscheldecke aus weichem Flausch f\u00fcr warme F\u00fc\u00dfe und hei\u00dfe Abende. \u00dcbergro\u00dfe Fernseh-Decke 150x220cm f\u00fcr garantiert warme F\u00fc\u00dfe. Jetzt online bestellen.\" \/>\n<meta name=\"twitter:label1\" content=\"Estimated reading time\" \/>\n\t<meta name=\"twitter:data1\" content=\"1 minute\" \/>\n<script type=\"application\/ld+json\" class=\"yoast-schema-graph\">{\"@context\":\"https:\/\/schema.org\",\"@graph\":[{\"@type\":\"WebPage\",\"@id\":\"https:\/\/www.wojoer.de\/produkt\/kuscheldecke-gold\/\",\"url\":\"https:\/\/www.wojoer.de\/produkt\/kuscheldecke-gold\/\",\"name\":\"Kuscheldecke | \u00fcbergro\u00dfe W\u00e4rmedecke 150x220 | gold\",\"isPartOf\":{\"@id\":\"https:\/\/www.wojoer.de\/#website\"},\"datePublished\":\"2021-02-24T13:14:42+00:00\",\"dateModified\":\"2023-11-02T12:01:58+00:00\",\"description\":\"Kuscheldecke aus weichem Flausch f\u00fcr warme F\u00fc\u00dfe und hei\u00dfe Abende. \u00dcbergro\u00dfe Fernseh-Decke 150x220cm f\u00fcr garantiert warme F\u00fc\u00dfe. Jetzt online bestellen.\",\"breadcrumb\":{\"@id\":\"https:\/\/www.wojoer.de\/produkt\/kuscheldecke-gold\/#breadcrumb\"},\"inLanguage\":\"en-GB\",\"potentialAction\":[{\"@type\":\"ReadAction\",\"target\":[\"https:\/\/www.wojoer.de\/produkt\/kuscheldecke-gold\/\"]}]},{\"@type\":\"BreadcrumbList\",\"@id\":\"https:\/\/www.wojoer.de\/produkt\/kuscheldecke-gold\/#breadcrumb\",\"itemListElement\":[{\"@type\":\"ListItem\",\"position\":1,\"name\":\"Startseite\",\"item\":\"https:\/\/www.wojoer.de\/\"},{\"@type\":\"ListItem\",\"position\":2,\"name\":\"SHOP\",\"item\":\"https:\/\/www.wojoer.de\/shop\/\"},{\"@type\":\"ListItem\",\"position\":3,\"name\":\"Kuscheldecke &#8220;Gold&#8221;\"}]},{\"@type\":\"WebSite\",\"@id\":\"https:\/\/www.wojoer.de\/#website\",\"url\":\"https:\/\/www.wojoer.de\/\",\"name\":\"WOJOER\",\"description\":\"clubwear for men\",\"publisher\":{\"@id\":\"https:\/\/www.wojoer.de\/#organization\"},\"potentialAction\":[{\"@type\":\"SearchAction\",\"target\":{\"@type\":\"EntryPoint\",\"urlTemplate\":\"https:\/\/www.wojoer.de\/?s={search_term_string}\"},\"query-input\":{\"@type\":\"PropertyValueSpecification\",\"valueRequired\":true,\"valueName\":\"search_term_string\"}}],\"inLanguage\":\"en-GB\"},{\"@type\":\"Organization\",\"@id\":\"https:\/\/www.wojoer.de\/#organization\",\"name\":\"Wonneberger-Manufaktur\",\"url\":\"https:\/\/www.wojoer.de\/\",\"logo\":{\"@type\":\"ImageObject\",\"inLanguage\":\"en-GB\",\"@id\":\"https:\/\/www.wojoer.de\/#\/schema\/logo\/image\/\",\"url\":\"https:\/\/www.wojoer.de\/wp-content\/uploads\/2016\/11\/wonnebergermanufaktur_logo_BUTTON.png\",\"contentUrl\":\"https:\/\/www.wojoer.de\/wp-content\/uploads\/2016\/11\/wonnebergermanufaktur_logo_BUTTON.png\",\"width\":765,\"height\":765,\"caption\":\"Wonneberger-Manufaktur\"},\"image\":{\"@id\":\"https:\/\/www.wojoer.de\/#\/schema\/logo\/image\/\"},\"sameAs\":[\"https:\/\/www.facebook.com\/wojoer\/\",\"https:\/\/de.pinterest.com\/W0J0ER\/\"]}]}<\/script>\n<!-- \/ Yoast SEO plugin. -->","yoast_head_json":{"title":"Kuscheldecke | \u00fcbergro\u00dfe W\u00e4rmedecke 150x220 | gold","description":"Kuscheldecke aus weichem Flausch f\u00fcr warme F\u00fc\u00dfe und hei\u00dfe Abende. \u00dcbergro\u00dfe Fernseh-Decke 150x220cm f\u00fcr garantiert warme F\u00fc\u00dfe. Jetzt online bestellen.","robots":{"index":"index","follow":"follow","max-snippet":"max-snippet:-1","max-image-preview":"max-image-preview:large","max-video-preview":"max-video-preview:-1"},"canonical":"https:\/\/www.wojoer.de\/en\/produkt\/kuscheldecke-gold\/","twitter_card":"summary_large_image","twitter_title":"Kuscheldecke | \u00fcbergro\u00dfe W\u00e4rmedecke 150x220 | gold","twitter_description":"Kuscheldecke aus weichem Flausch f\u00fcr warme F\u00fc\u00dfe und hei\u00dfe Abende. \u00dcbergro\u00dfe Fernseh-Decke 150x220cm f\u00fcr garantiert warme F\u00fc\u00dfe. Jetzt online bestellen.","twitter_misc":{"Estimated reading time":"1 minute"},"schema":{"@context":"https:\/\/schema.org","@graph":[{"@type":"WebPage","@id":"https:\/\/www.wojoer.de\/produkt\/kuscheldecke-gold\/","url":"https:\/\/www.wojoer.de\/produkt\/kuscheldecke-gold\/","name":"Kuscheldecke | \u00fcbergro\u00dfe W\u00e4rmedecke 150x220 | gold","isPartOf":{"@id":"https:\/\/www.wojoer.de\/#website"},"datePublished":"2021-02-24T13:14:42+00:00","dateModified":"2023-11-02T12:01:58+00:00","description":"Kuscheldecke aus weichem Flausch f\u00fcr warme F\u00fc\u00dfe und hei\u00dfe Abende. \u00dcbergro\u00dfe Fernseh-Decke 150x220cm f\u00fcr garantiert warme F\u00fc\u00dfe. Jetzt online bestellen.","breadcrumb":{"@id":"https:\/\/www.wojoer.de\/produkt\/kuscheldecke-gold\/#breadcrumb"},"inLanguage":"en-GB","potentialAction":[{"@type":"ReadAction","target":["https:\/\/www.wojoer.de\/produkt\/kuscheldecke-gold\/"]}]},{"@type":"BreadcrumbList","@id":"https:\/\/www.wojoer.de\/produkt\/kuscheldecke-gold\/#breadcrumb","itemListElement":[{"@type":"ListItem","position":1,"name":"Startseite","item":"https:\/\/www.wojoer.de\/"},{"@type":"ListItem","position":2,"name":"SHOP","item":"https:\/\/www.wojoer.de\/shop\/"},{"@type":"ListItem","position":3,"name":"Kuscheldecke &#8220;Gold&#8221;"}]},{"@type":"WebSite","@id":"https:\/\/www.wojoer.de\/#website","url":"https:\/\/www.wojoer.de\/","name":"WOJOER","description":"clubwear for men","publisher":{"@id":"https:\/\/www.wojoer.de\/#organization"},"potentialAction":[{"@type":"SearchAction","target":{"@type":"EntryPoint","urlTemplate":"https:\/\/www.wojoer.de\/?s={search_term_string}"},"query-input":{"@type":"PropertyValueSpecification","valueRequired":true,"valueName":"search_term_string"}}],"inLanguage":"en-GB"},{"@type":"Organization","@id":"https:\/\/www.wojoer.de\/#organization","name":"Wonneberger-Manufaktur","url":"https:\/\/www.wojoer.de\/","logo":{"@type":"ImageObject","inLanguage":"en-GB","@id":"https:\/\/www.wojoer.de\/#\/schema\/logo\/image\/","url":"https:\/\/www.wojoer.de\/wp-content\/uploads\/2016\/11\/wonnebergermanufaktur_logo_BUTTON.png","contentUrl":"https:\/\/www.wojoer.de\/wp-content\/uploads\/2016\/11\/wonnebergermanufaktur_logo_BUTTON.png","width":765,"height":765,"caption":"Wonneberger-Manufaktur"},"image":{"@id":"https:\/\/www.wojoer.de\/#\/schema\/logo\/image\/"},"sameAs":["https:\/\/www.facebook.com\/wojoer\/","https:\/\/de.pinterest.com\/W0J0ER\/"]}]}},"_links":{"self":[{"href":"https:\/\/www.wojoer.de\/en\/wp-json\/wp\/v2\/product\/34590","targetHints":{"allow":["GET"]}}],"collection":[{"href":"https:\/\/www.wojoer.de\/en\/wp-json\/wp\/v2\/product"}],"about":[{"href":"https:\/\/www.wojoer.de\/en\/wp-json\/wp\/v2\/types\/product"}],"replies":[{"embeddable":true,"href":"https:\/\/www.wojoer.de\/en\/wp-json\/wp\/v2\/comments?post=34590"}],"wp:attachment":[{"href":"https:\/\/www.wojoer.de\/en\/wp-json\/wp\/v2\/media?parent=34590"}],"wp:term":[{"taxonomy":"product_brand","embeddable":true,"href":"https:\/\/www.wojoer.de\/en\/wp-json\/wp\/v2\/product_brand?post=34590"},{"taxonomy":"product_cat","embeddable":true,"href":"https:\/\/www.wojoer.de\/en\/wp-json\/wp\/v2\/product_cat?post=34590"},{"taxonomy":"product_tag","embeddable":true,"href":"https:\/\/www.wojoer.de\/en\/wp-json\/wp\/v2\/product_tag?post=34590"}],"curies":[{"name":"wp","href":"https:\/\/api.w.org\/{rel}","templated":true}]}}