{"id":34698,"date":"2021-03-03T14:22:28","date_gmt":"2021-03-03T13:22:28","guid":{"rendered":"https:\/\/www.wojoer.de\/?post_type=product&#038;p=34698"},"modified":"2026-03-03T09:03:04","modified_gmt":"2026-03-03T08:03:04","slug":"sp9b3-silver-leo-minisockstring","status":"publish","type":"product","link":"https:\/\/www.wojoer.de\/en\/produkt\/sp9b3-silver-leo-minisockstring\/","title":{"rendered":"SP9 Mini Sock Thong"},"content":{"rendered":"<p>Dieser SP4B8 G-Slip geh\u00f6rt in die Kategorie &#8220;ONLY FOR ME&#8221;-Produkte. Also schnell zugreifen, dieser Slip ist nur in einer kleinen Auflage und nur hier in unserem Onlineshop vorhanden.<\/p>\n<h3>Gr\u00f6\u00dfen<\/h3>\n<p>Erh\u00e4ltlich in den Gr\u00f6\u00dfen S, M, L, XL<\/p>\n<h3>Materialzusammensetzung<\/h3>\n<p>93% Polyester | 7% Elasthan<\/p>\n<h3>Besonderheiten<\/h3>\n<p><a href=\"https:\/\/www.wojoer.de\/produkt-kategorie\/onlyforme\/\">ONLY FOR ME Produkt<\/a> | anschmiegsam | clubwear | underwear | schwarz gl\u00e4nzender Aufdruck | angenehme Passform | hochwertige Verarbeitung &#8220;Made in Germany&#8221;<\/p>\n<h3>Benutzerhinweise<\/h3>\n<p>30\u00b0 Schonw\u00e4sche, keinen Weichsp\u00fcler nutzen<\/p>\n<h3>SP4B8 G-Slip &#8211; mystischer G-Slip<\/h3>\n<p>&nbsp;<\/p>\n","protected":false},"excerpt":{"rendered":"<p>Dieser SP9B3 MiniSockString geh\u00f6rt in die Kategorie &#8220;ONLY FOR ME&#8221;-Produkte. Also schnell zugreifen, dieser String ist nur einer kleinen Auflage und nur hier in unserem Onlineshop vorhanden.<br \/>\nGr\u00f6\u00dfen<br \/>\nErh\u00e4ltlich in den Gr\u00f6\u00dfen S, M, L, XL<br \/>\nMaterialzusammensetzung<br \/>\n93% Polyester | 7% Elasthan<br \/>\nBesonderheiten<br \/>\nONLY FOR ME\u2026<\/p>\n","protected":false},"featured_media":34015,"comment_status":"open","ping_status":"closed","template":"","meta":[],"product_brand":[],"product_cat":[116,473,270,326],"product_tag":[297,272,885,573,119],"class_list":{"0":"post-34698","1":"product","2":"type-product","3":"status-publish","4":"has-post-thumbnail","6":"product_cat-clubwear","7":"product_cat-men","8":"product_cat-onlyforme","9":"product_cat-wojoer","10":"product_tag-animal","11":"product_tag-druck","12":"product_tag-minipushstring","13":"product_tag-minisock","14":"product_tag-string","15":"product_shipping_class-beun","16":"pa_groesse-l","17":"pa_groesse-m","18":"pa_groesse-s","19":"pa_groesse-xl","20":"pif-has-gallery","21":"post-1","22":"odd","24":"first","25":"instock","26":"taxable","27":"shipping-taxable","28":"purchasable","29":"product-type-variable"},"yoast_head":"<!-- This site is optimized with the Yoast SEO plugin v27.2 - https:\/\/yoast.com\/product\/yoast-seo-wordpress\/ -->\n<title>SilverLeo Mini Sock String | Unterw\u00e4sche | Clubwear | WOJOER<\/title>\n<meta name=\"description\" content=\"MiniSock String - eleganter String mit opulenter Hebefunktion! Unterw\u00e4sche und Clubwear zugleich - perfekt geeignet f\u00fcr eine Clubnight\" \/>\n<meta name=\"robots\" content=\"index, follow, max-snippet:-1, max-image-preview:large, max-video-preview:-1\" \/>\n<link rel=\"canonical\" href=\"https:\/\/www.wojoer.de\/en\/produkt\/sp9b3-silver-leo-minisockstring\/\" \/>\n<meta name=\"twitter:card\" content=\"summary_large_image\" \/>\n<meta name=\"twitter:title\" content=\"SilverLeo Mini Sock String | Unterw\u00e4sche | Clubwear | WOJOER\" \/>\n<meta name=\"twitter:description\" content=\"MiniSock String - eleganter String mit opulenter Hebefunktion! Unterw\u00e4sche und Clubwear zugleich - perfekt geeignet f\u00fcr eine Clubnight\" \/>\n<meta name=\"twitter:image\" content=\"https:\/\/www.wojoer.de\/wp-content\/uploads\/2021\/01\/SP9B3_Sp9_silberleo_MiniSockString_side2_wojoer.jpg\" \/>\n<meta name=\"twitter:label1\" content=\"Estimated reading time\" \/>\n\t<meta name=\"twitter:data1\" content=\"2 minutes\" \/>\n<script type=\"application\/ld+json\" class=\"yoast-schema-graph\">{\"@context\":\"https:\/\/schema.org\",\"@graph\":[{\"@type\":\"WebPage\",\"@id\":\"https:\/\/www.wojoer.de\/produkt\/sp9b3-silver-leo-minisockstring\/\",\"url\":\"https:\/\/www.wojoer.de\/produkt\/sp9b3-silver-leo-minisockstring\/\",\"name\":\"SilverLeo Mini Sock String | Unterw\u00e4sche | Clubwear | WOJOER\",\"isPartOf\":{\"@id\":\"https:\/\/www.wojoer.de\/#website\"},\"primaryImageOfPage\":{\"@id\":\"https:\/\/www.wojoer.de\/produkt\/sp9b3-silver-leo-minisockstring\/#primaryimage\"},\"image\":{\"@id\":\"https:\/\/www.wojoer.de\/produkt\/sp9b3-silver-leo-minisockstring\/#primaryimage\"},\"thumbnailUrl\":\"https:\/\/www.wojoer.de\/wp-content\/uploads\/2021\/01\/SP9B3_Sp9_silberleo_MiniSockString_side2_wojoer.jpg\",\"datePublished\":\"2021-03-03T13:22:28+00:00\",\"dateModified\":\"2026-03-03T08:03:04+00:00\",\"description\":\"MiniSock String - eleganter String mit opulenter Hebefunktion! Unterw\u00e4sche und Clubwear zugleich - perfekt geeignet f\u00fcr eine Clubnight\",\"breadcrumb\":{\"@id\":\"https:\/\/www.wojoer.de\/produkt\/sp9b3-silver-leo-minisockstring\/#breadcrumb\"},\"inLanguage\":\"en-GB\",\"potentialAction\":[{\"@type\":\"ReadAction\",\"target\":[\"https:\/\/www.wojoer.de\/produkt\/sp9b3-silver-leo-minisockstring\/\"]}]},{\"@type\":\"ImageObject\",\"inLanguage\":\"en-GB\",\"@id\":\"https:\/\/www.wojoer.de\/produkt\/sp9b3-silver-leo-minisockstring\/#primaryimage\",\"url\":\"https:\/\/www.wojoer.de\/wp-content\/uploads\/2021\/01\/SP9B3_Sp9_silberleo_MiniSockString_side2_wojoer.jpg\",\"contentUrl\":\"https:\/\/www.wojoer.de\/wp-content\/uploads\/2021\/01\/SP9B3_Sp9_silberleo_MiniSockString_side2_wojoer.jpg\",\"width\":2002,\"height\":2002},{\"@type\":\"BreadcrumbList\",\"@id\":\"https:\/\/www.wojoer.de\/produkt\/sp9b3-silver-leo-minisockstring\/#breadcrumb\",\"itemListElement\":[{\"@type\":\"ListItem\",\"position\":1,\"name\":\"Startseite\",\"item\":\"https:\/\/www.wojoer.de\/\"},{\"@type\":\"ListItem\",\"position\":2,\"name\":\"SHOP\",\"item\":\"https:\/\/www.wojoer.de\/shop\/\"},{\"@type\":\"ListItem\",\"position\":3,\"name\":\"SP9B3 SilverLeo MiniSockString\"}]},{\"@type\":\"WebSite\",\"@id\":\"https:\/\/www.wojoer.de\/#website\",\"url\":\"https:\/\/www.wojoer.de\/\",\"name\":\"WOJOER\",\"description\":\"clubwear for men\",\"publisher\":{\"@id\":\"https:\/\/www.wojoer.de\/#organization\"},\"potentialAction\":[{\"@type\":\"SearchAction\",\"target\":{\"@type\":\"EntryPoint\",\"urlTemplate\":\"https:\/\/www.wojoer.de\/?s={search_term_string}\"},\"query-input\":{\"@type\":\"PropertyValueSpecification\",\"valueRequired\":true,\"valueName\":\"search_term_string\"}}],\"inLanguage\":\"en-GB\"},{\"@type\":\"Organization\",\"@id\":\"https:\/\/www.wojoer.de\/#organization\",\"name\":\"Wonneberger-Manufaktur\",\"url\":\"https:\/\/www.wojoer.de\/\",\"logo\":{\"@type\":\"ImageObject\",\"inLanguage\":\"en-GB\",\"@id\":\"https:\/\/www.wojoer.de\/#\/schema\/logo\/image\/\",\"url\":\"https:\/\/www.wojoer.de\/wp-content\/uploads\/2016\/11\/wonnebergermanufaktur_logo_BUTTON.png\",\"contentUrl\":\"https:\/\/www.wojoer.de\/wp-content\/uploads\/2016\/11\/wonnebergermanufaktur_logo_BUTTON.png\",\"width\":765,\"height\":765,\"caption\":\"Wonneberger-Manufaktur\"},\"image\":{\"@id\":\"https:\/\/www.wojoer.de\/#\/schema\/logo\/image\/\"},\"sameAs\":[\"https:\/\/www.facebook.com\/wojoer\/\",\"https:\/\/de.pinterest.com\/W0J0ER\/\"]}]}<\/script>\n<!-- \/ Yoast SEO plugin. -->","yoast_head_json":{"title":"SilverLeo Mini Sock String | Unterw\u00e4sche | Clubwear | WOJOER","description":"MiniSock String - eleganter String mit opulenter Hebefunktion! Unterw\u00e4sche und Clubwear zugleich - perfekt geeignet f\u00fcr eine Clubnight","robots":{"index":"index","follow":"follow","max-snippet":"max-snippet:-1","max-image-preview":"max-image-preview:large","max-video-preview":"max-video-preview:-1"},"canonical":"https:\/\/www.wojoer.de\/en\/produkt\/sp9b3-silver-leo-minisockstring\/","twitter_card":"summary_large_image","twitter_title":"[:de]SilverLeo Mini Sock String | Unterw\u00e4sche | Clubwear | WOJOER[:]","twitter_description":"[:de]MiniSock String - eleganter String mit opulenter Hebefunktion! Unterw\u00e4sche und Clubwear zugleich - perfekt geeignet f\u00fcr eine Clubnight[:]","twitter_image":"https:\/\/www.wojoer.de\/wp-content\/uploads\/2021\/01\/SP9B3_Sp9_silberleo_MiniSockString_side2_wojoer.jpg","twitter_misc":{"Estimated reading time":"2 minutes"},"schema":{"@context":"https:\/\/schema.org","@graph":[{"@type":"WebPage","@id":"https:\/\/www.wojoer.de\/produkt\/sp9b3-silver-leo-minisockstring\/","url":"https:\/\/www.wojoer.de\/produkt\/sp9b3-silver-leo-minisockstring\/","name":"SilverLeo Mini Sock String | Unterw\u00e4sche | Clubwear | WOJOER","isPartOf":{"@id":"https:\/\/www.wojoer.de\/#website"},"primaryImageOfPage":{"@id":"https:\/\/www.wojoer.de\/produkt\/sp9b3-silver-leo-minisockstring\/#primaryimage"},"image":{"@id":"https:\/\/www.wojoer.de\/produkt\/sp9b3-silver-leo-minisockstring\/#primaryimage"},"thumbnailUrl":"https:\/\/www.wojoer.de\/wp-content\/uploads\/2021\/01\/SP9B3_Sp9_silberleo_MiniSockString_side2_wojoer.jpg","datePublished":"2021-03-03T13:22:28+00:00","dateModified":"2026-03-03T08:03:04+00:00","description":"MiniSock String - eleganter String mit opulenter Hebefunktion! Unterw\u00e4sche und Clubwear zugleich - perfekt geeignet f\u00fcr eine Clubnight","breadcrumb":{"@id":"https:\/\/www.wojoer.de\/produkt\/sp9b3-silver-leo-minisockstring\/#breadcrumb"},"inLanguage":"en-GB","potentialAction":[{"@type":"ReadAction","target":["https:\/\/www.wojoer.de\/produkt\/sp9b3-silver-leo-minisockstring\/"]}]},{"@type":"ImageObject","inLanguage":"en-GB","@id":"https:\/\/www.wojoer.de\/produkt\/sp9b3-silver-leo-minisockstring\/#primaryimage","url":"https:\/\/www.wojoer.de\/wp-content\/uploads\/2021\/01\/SP9B3_Sp9_silberleo_MiniSockString_side2_wojoer.jpg","contentUrl":"https:\/\/www.wojoer.de\/wp-content\/uploads\/2021\/01\/SP9B3_Sp9_silberleo_MiniSockString_side2_wojoer.jpg","width":2002,"height":2002},{"@type":"BreadcrumbList","@id":"https:\/\/www.wojoer.de\/produkt\/sp9b3-silver-leo-minisockstring\/#breadcrumb","itemListElement":[{"@type":"ListItem","position":1,"name":"Startseite","item":"https:\/\/www.wojoer.de\/"},{"@type":"ListItem","position":2,"name":"SHOP","item":"https:\/\/www.wojoer.de\/shop\/"},{"@type":"ListItem","position":3,"name":"SP9B3 SilverLeo MiniSockString"}]},{"@type":"WebSite","@id":"https:\/\/www.wojoer.de\/#website","url":"https:\/\/www.wojoer.de\/","name":"WOJOER","description":"clubwear for men","publisher":{"@id":"https:\/\/www.wojoer.de\/#organization"},"potentialAction":[{"@type":"SearchAction","target":{"@type":"EntryPoint","urlTemplate":"https:\/\/www.wojoer.de\/?s={search_term_string}"},"query-input":{"@type":"PropertyValueSpecification","valueRequired":true,"valueName":"search_term_string"}}],"inLanguage":"en-GB"},{"@type":"Organization","@id":"https:\/\/www.wojoer.de\/#organization","name":"Wonneberger-Manufaktur","url":"https:\/\/www.wojoer.de\/","logo":{"@type":"ImageObject","inLanguage":"en-GB","@id":"https:\/\/www.wojoer.de\/#\/schema\/logo\/image\/","url":"https:\/\/www.wojoer.de\/wp-content\/uploads\/2016\/11\/wonnebergermanufaktur_logo_BUTTON.png","contentUrl":"https:\/\/www.wojoer.de\/wp-content\/uploads\/2016\/11\/wonnebergermanufaktur_logo_BUTTON.png","width":765,"height":765,"caption":"Wonneberger-Manufaktur"},"image":{"@id":"https:\/\/www.wojoer.de\/#\/schema\/logo\/image\/"},"sameAs":["https:\/\/www.facebook.com\/wojoer\/","https:\/\/de.pinterest.com\/W0J0ER\/"]}]}},"_links":{"self":[{"href":"https:\/\/www.wojoer.de\/en\/wp-json\/wp\/v2\/product\/34698","targetHints":{"allow":["GET"]}}],"collection":[{"href":"https:\/\/www.wojoer.de\/en\/wp-json\/wp\/v2\/product"}],"about":[{"href":"https:\/\/www.wojoer.de\/en\/wp-json\/wp\/v2\/types\/product"}],"replies":[{"embeddable":true,"href":"https:\/\/www.wojoer.de\/en\/wp-json\/wp\/v2\/comments?post=34698"}],"wp:featuredmedia":[{"embeddable":true,"href":"https:\/\/www.wojoer.de\/en\/wp-json\/wp\/v2\/media\/34015"}],"wp:attachment":[{"href":"https:\/\/www.wojoer.de\/en\/wp-json\/wp\/v2\/media?parent=34698"}],"wp:term":[{"taxonomy":"product_brand","embeddable":true,"href":"https:\/\/www.wojoer.de\/en\/wp-json\/wp\/v2\/product_brand?post=34698"},{"taxonomy":"product_cat","embeddable":true,"href":"https:\/\/www.wojoer.de\/en\/wp-json\/wp\/v2\/product_cat?post=34698"},{"taxonomy":"product_tag","embeddable":true,"href":"https:\/\/www.wojoer.de\/en\/wp-json\/wp\/v2\/product_tag?post=34698"}],"curies":[{"name":"wp","href":"https:\/\/api.w.org\/{rel}","templated":true}]}}