{"id":35050,"date":"2021-04-14T13:24:33","date_gmt":"2021-04-14T11:24:33","guid":{"rendered":"https:\/\/www.wojoer.de\/?post_type=product&#038;p=35050"},"modified":"2026-02-19T12:09:27","modified_gmt":"2026-02-19T11:09:27","slug":"beun-basic-strap-body","status":"publish","type":"product","link":"https:\/\/www.wojoer.de\/en\/produkt\/beun-basic-strap-body\/","title":{"rendered":"BEUN BASIC Strap-Body"},"content":{"rendered":"<p>Immer vorr\u00e4tig, denn der BEUN BASIC Strap Body 320S11 ist Never-Out-of-Stock und geh\u00f6rt damit zu den Wojoer NOS-Produkten.<\/p>\n<p data-wp-editing=\"1\">Erh\u00e4ltlich in den Farben <img loading=\"lazy\" decoding=\"async\" class=\"alignnone size-full wp-image-6164\" src=\"http:\/\/www.wojoer.de\/wp-content\/uploads\/2017\/05\/wei\u00df.jpg\" alt=\"__wei\u00df\" width=\"9\" height=\"9\" \/> Crema | <img loading=\"lazy\" decoding=\"async\" class=\"alignnone size-full wp-image-6163\" src=\"http:\/\/www.wojoer.de\/wp-content\/uploads\/2017\/05\/schwarz.jpg\" alt=\"__schwarz\" width=\"9\" height=\"9\" \/> Schwarz | <img loading=\"lazy\" decoding=\"async\" class=\"alignnone size-full wp-image-6156\" src=\"http:\/\/www.wojoer.de\/wp-content\/uploads\/2017\/05\/pink-1.jpg\" alt=\"pink\" width=\"9\" height=\"9\" \/> Candypink | <a href=\"https:\/\/www.wojoer.de\/wp-content\/uploads\/2018\/04\/vulcano.jpg\"><img loading=\"lazy\" decoding=\"async\" class=\"alignnone size-full wp-image-10040\" src=\"https:\/\/www.wojoer.de\/wp-content\/uploads\/2018\/04\/vulcano.jpg\" alt=\"\" width=\"9\" height=\"9\" \/><\/a> Vulcano | <img loading=\"lazy\" decoding=\"async\" class=\"alignnone size-full wp-image-6157\" src=\"http:\/\/www.wojoer.de\/wp-content\/uploads\/2017\/05\/blau.jpg\" alt=\"__blau\" width=\"9\" height=\"9\" \/> Royalblau | <img loading=\"lazy\" decoding=\"async\" class=\"alignnone size-full wp-image-6158\" src=\"http:\/\/www.wojoer.de\/wp-content\/uploads\/2017\/05\/eisblau.jpg\" alt=\"__eisblau\" width=\"9\" height=\"9\" \/> Eisblau |\u00a0<a href=\"https:\/\/www.wojoer.de\/wp-content\/uploads\/2018\/04\/neoncoral.jpg\"><img loading=\"lazy\" decoding=\"async\" class=\"alignnone size-full wp-image-10034\" src=\"https:\/\/www.wojoer.de\/wp-content\/uploads\/2018\/04\/neoncoral.jpg\" alt=\"\" width=\"9\" height=\"9\" \/><\/a> Neoncoral | <a href=\"https:\/\/www.wojoer.de\/wp-content\/uploads\/2018\/04\/neongelb.jpg\"><img loading=\"lazy\" decoding=\"async\" class=\"alignnone size-full wp-image-10035\" src=\"https:\/\/www.wojoer.de\/wp-content\/uploads\/2018\/04\/neongelb.jpg\" alt=\"\" width=\"9\" height=\"9\" \/><\/a> Neongelb | <a href=\"https:\/\/www.wojoer.de\/wp-content\/uploads\/2018\/04\/nude.jpg\"><img loading=\"lazy\" decoding=\"async\" class=\"alignnone size-full wp-image-10036\" src=\"https:\/\/www.wojoer.de\/wp-content\/uploads\/2018\/04\/nude.jpg\" alt=\"\" width=\"9\" height=\"9\" \/><\/a> Nude<\/p>\n<h3>Gr\u00f6\u00dfen<\/h3>\n<p>Erh\u00e4ltlich in den Gr\u00f6\u00dfen S, M, L, XL<\/p>\n<h3>Materialzusammensetzung<\/h3>\n<p>BEUN: 82% Polyamid, 18% Elasthan<\/p>\n<h3>Besonderheiten<\/h3>\n<p><a href=\"http:\/\/www.wojoer.de\/?s=nos&#038;post_type=product\">NOS Produkt<\/a> | badetauglich | matte Oberfl\u00e4chenoptik | leicht transparent | luftig | schnell trocknend | dehnbar | hauteng &#038; bequem | Basic Design | hochwertige Verarbeitung &#8220;Made in Germany&#8221;<\/p>\n<h3>Benutzerhinweise<\/h3>\n<p>30\u00b0 Schonw\u00e4sche | auf niedriger Stufe b\u00fcgeln (erlaubt, aber nicht n\u00f6tig)<\/p>\n<h3>BEUN BASIC Strap-Body men &#8211; BEACH &#038; UNDERWEAR\u00a0 | Anzug | Body | Tanga | String | Borat Body |Mankini<\/h3>\n<p>Widerspruch ist zwecklos! Der BEUN BASIC Strap-Body ist nicht einfach nur ein Mankini. Er sitzt einfach perfekt, ist leicht transparent, hauch d\u00fcnn und wunderbar bequem. Das Beste kommt aber noch: Dieser Body ist Beach- und Underwear in einem. Badetauglich f\u00fcr Chlor- Und Salzwasser. Somit macht er deinen K\u00f6rper zu einem atemberaubenden Blickfang, vor allem in den Farben Neongelb, Eisblau und Neoncoral. Und selbst f\u00fcr die Zur\u00fcckhaltenden ist er in der Farbe Nude ein idealer Begleiter im Alltag. Vor allem, wenn er als unsichtbare Unterw\u00e4sche unter dem wei\u00dfen Businesshemd getragen wird. Da er nur deine besonders erogenen zonen bedeckt, wird es deinen Partner umhauen, wenn er dich nach der Arbeit von deinem Business Anzug befreit. Du wirst unerwartete Gel\u00fcste wecken und ohne Erbarmen von deinem Partner in den n\u00e4chsten Pool zum Liebesspiel gezogen. Lass dir dieses Abendteuer nicht entgehen und f\u00fchl dich immer \u00fcberraschend bereit!<\/p>\n","protected":false},"excerpt":{"rendered":"<p>Immer vorr\u00e4tig, denn der BEUN BASIC Strap Body 0320A011 ist Never-Out-of-Stock und geh\u00f6rt damit zu den Wojoer NOS-Produkten.<br \/>\nErh\u00e4ltlich in den Farben  Crema |  Schwarz |  Candypink |  Vulcano |  Royalblau |  Eisblau |\u00a0 Neoncoral\u2026<\/p>\n","protected":false},"featured_media":35998,"comment_status":"open","ping_status":"closed","template":"","meta":[],"product_brand":[],"product_cat":[715,115,106,169,473,121,326],"product_tag":[108,186,241,119,192],"class_list":{"0":"post-35050","1":"product","2":"type-product","3":"status-publish","4":"has-post-thumbnail","6":"product_cat-320-beun-basic","7":"product_cat-beachwear","8":"product_cat-beun","9":"product_cat-nos-never-out-of-stock","10":"product_cat-men","11":"product_cat-underwear","12":"product_cat-wojoer","13":"product_tag-1beachwear","14":"product_tag-body","15":"product_tag-mini-string-bulge-string-g-string","16":"product_tag-string","17":"product_tag-unterwaesche","18":"product_shipping_class-beun","19":"pa_farbe-eisblau","20":"pa_farbe-royalblau","21":"pa_farbe-candypink","22":"pa_farbe-crema","23":"pa_farbe-neoncoral","24":"pa_farbe-neongelb","25":"pa_farbe-nude","26":"pa_farbe-vulcano","27":"pa_farbe-schwarz","28":"pa_groesse-unisize","29":"pif-has-gallery","30":"post-1","31":"odd","33":"first","34":"instock","35":"featured","36":"taxable","37":"shipping-taxable","38":"purchasable","39":"product-type-variable"},"yoast_head":"<!-- This site is optimized with the Yoast SEO plugin v27.2 - https:\/\/yoast.com\/product\/yoast-seo-wordpress\/ -->\n<title>Strap Body men | Beach &amp; Underwear hauch d\u00fcnn bequem<\/title>\n<meta name=\"description\" content=\"Beun Basic Strap-Body, hauchd\u00fcnn, leicht transparent, in 5 phantastischen Farben erh\u00e4ltlich.\" \/>\n<meta name=\"robots\" content=\"index, follow, max-snippet:-1, max-image-preview:large, max-video-preview:-1\" \/>\n<link rel=\"canonical\" href=\"https:\/\/www.wojoer.de\/en\/produkt\/beun-basic-strap-body\/\" \/>\n<meta name=\"twitter:card\" content=\"summary_large_image\" \/>\n<meta name=\"twitter:title\" content=\"Strap Body men | Beach &amp; Underwear hauch d\u00fcnn bequem\" \/>\n<meta name=\"twitter:description\" content=\"Beun Basic Strap-Body, hauchd\u00fcnn, leicht transparent, in 5 phantastischen Farben erh\u00e4ltlich.\" \/>\n<meta name=\"twitter:image\" content=\"https:\/\/www.wojoer.de\/wp-content\/uploads\/2021\/04\/320S11_BEUN_MinisockStringbody_eisblau_wojoer.jpg\" \/>\n<meta name=\"twitter:label1\" content=\"Estimated reading time\" \/>\n\t<meta name=\"twitter:data1\" content=\"4 minutes\" \/>\n<script type=\"application\/ld+json\" class=\"yoast-schema-graph\">{\"@context\":\"https:\/\/schema.org\",\"@graph\":[{\"@type\":\"WebPage\",\"@id\":\"https:\/\/www.wojoer.de\/produkt\/beun-basic-strap-body\/\",\"url\":\"https:\/\/www.wojoer.de\/produkt\/beun-basic-strap-body\/\",\"name\":\"Strap Body men | Beach & Underwear hauch d\u00fcnn bequem\",\"isPartOf\":{\"@id\":\"https:\/\/www.wojoer.de\/#website\"},\"primaryImageOfPage\":{\"@id\":\"https:\/\/www.wojoer.de\/produkt\/beun-basic-strap-body\/#primaryimage\"},\"image\":{\"@id\":\"https:\/\/www.wojoer.de\/produkt\/beun-basic-strap-body\/#primaryimage\"},\"thumbnailUrl\":\"https:\/\/www.wojoer.de\/wp-content\/uploads\/2021\/04\/320S11_BEUN_MinisockStringbody_eisblau_wojoer.jpg\",\"datePublished\":\"2021-04-14T11:24:33+00:00\",\"dateModified\":\"2026-02-19T11:09:27+00:00\",\"description\":\"Beun Basic Strap-Body, hauchd\u00fcnn, leicht transparent, in 5 phantastischen Farben erh\u00e4ltlich.\",\"breadcrumb\":{\"@id\":\"https:\/\/www.wojoer.de\/produkt\/beun-basic-strap-body\/#breadcrumb\"},\"inLanguage\":\"en-GB\",\"potentialAction\":[{\"@type\":\"ReadAction\",\"target\":[\"https:\/\/www.wojoer.de\/produkt\/beun-basic-strap-body\/\"]}]},{\"@type\":\"ImageObject\",\"inLanguage\":\"en-GB\",\"@id\":\"https:\/\/www.wojoer.de\/produkt\/beun-basic-strap-body\/#primaryimage\",\"url\":\"https:\/\/www.wojoer.de\/wp-content\/uploads\/2021\/04\/320S11_BEUN_MinisockStringbody_eisblau_wojoer.jpg\",\"contentUrl\":\"https:\/\/www.wojoer.de\/wp-content\/uploads\/2021\/04\/320S11_BEUN_MinisockStringbody_eisblau_wojoer.jpg\",\"width\":2002,\"height\":2002},{\"@type\":\"BreadcrumbList\",\"@id\":\"https:\/\/www.wojoer.de\/produkt\/beun-basic-strap-body\/#breadcrumb\",\"itemListElement\":[{\"@type\":\"ListItem\",\"position\":1,\"name\":\"Startseite\",\"item\":\"https:\/\/www.wojoer.de\/\"},{\"@type\":\"ListItem\",\"position\":2,\"name\":\"SHOP\",\"item\":\"https:\/\/www.wojoer.de\/shop\/\"},{\"@type\":\"ListItem\",\"position\":3,\"name\":\"BEUN BASIC Strap-Body\"}]},{\"@type\":\"WebSite\",\"@id\":\"https:\/\/www.wojoer.de\/#website\",\"url\":\"https:\/\/www.wojoer.de\/\",\"name\":\"WOJOER\",\"description\":\"clubwear for men\",\"publisher\":{\"@id\":\"https:\/\/www.wojoer.de\/#organization\"},\"potentialAction\":[{\"@type\":\"SearchAction\",\"target\":{\"@type\":\"EntryPoint\",\"urlTemplate\":\"https:\/\/www.wojoer.de\/?s={search_term_string}\"},\"query-input\":{\"@type\":\"PropertyValueSpecification\",\"valueRequired\":true,\"valueName\":\"search_term_string\"}}],\"inLanguage\":\"en-GB\"},{\"@type\":\"Organization\",\"@id\":\"https:\/\/www.wojoer.de\/#organization\",\"name\":\"Wonneberger-Manufaktur\",\"url\":\"https:\/\/www.wojoer.de\/\",\"logo\":{\"@type\":\"ImageObject\",\"inLanguage\":\"en-GB\",\"@id\":\"https:\/\/www.wojoer.de\/#\/schema\/logo\/image\/\",\"url\":\"https:\/\/www.wojoer.de\/wp-content\/uploads\/2016\/11\/wonnebergermanufaktur_logo_BUTTON.png\",\"contentUrl\":\"https:\/\/www.wojoer.de\/wp-content\/uploads\/2016\/11\/wonnebergermanufaktur_logo_BUTTON.png\",\"width\":765,\"height\":765,\"caption\":\"Wonneberger-Manufaktur\"},\"image\":{\"@id\":\"https:\/\/www.wojoer.de\/#\/schema\/logo\/image\/\"},\"sameAs\":[\"https:\/\/www.facebook.com\/wojoer\/\",\"https:\/\/de.pinterest.com\/W0J0ER\/\"]}]}<\/script>\n<!-- \/ Yoast SEO plugin. -->","yoast_head_json":{"title":"Strap Body men | Beach & Underwear hauch d\u00fcnn bequem","description":"Beun Basic Strap-Body, hauchd\u00fcnn, leicht transparent, in 5 phantastischen Farben erh\u00e4ltlich.","robots":{"index":"index","follow":"follow","max-snippet":"max-snippet:-1","max-image-preview":"max-image-preview:large","max-video-preview":"max-video-preview:-1"},"canonical":"https:\/\/www.wojoer.de\/en\/produkt\/beun-basic-strap-body\/","twitter_card":"summary_large_image","twitter_title":"[:de]Strap Body men | Beach & Underwear hauch d\u00fcnn bequem[:]","twitter_description":"[:de]Beun Basic Strap-Body, hauchd\u00fcnn, leicht transparent, in 5 phantastischen Farben erh\u00e4ltlich.[:]","twitter_image":"https:\/\/www.wojoer.de\/wp-content\/uploads\/2021\/04\/320S11_BEUN_MinisockStringbody_eisblau_wojoer.jpg","twitter_misc":{"Estimated reading time":"4 minutes"},"schema":{"@context":"https:\/\/schema.org","@graph":[{"@type":"WebPage","@id":"https:\/\/www.wojoer.de\/produkt\/beun-basic-strap-body\/","url":"https:\/\/www.wojoer.de\/produkt\/beun-basic-strap-body\/","name":"Strap Body men | Beach & Underwear hauch d\u00fcnn bequem","isPartOf":{"@id":"https:\/\/www.wojoer.de\/#website"},"primaryImageOfPage":{"@id":"https:\/\/www.wojoer.de\/produkt\/beun-basic-strap-body\/#primaryimage"},"image":{"@id":"https:\/\/www.wojoer.de\/produkt\/beun-basic-strap-body\/#primaryimage"},"thumbnailUrl":"https:\/\/www.wojoer.de\/wp-content\/uploads\/2021\/04\/320S11_BEUN_MinisockStringbody_eisblau_wojoer.jpg","datePublished":"2021-04-14T11:24:33+00:00","dateModified":"2026-02-19T11:09:27+00:00","description":"Beun Basic Strap-Body, hauchd\u00fcnn, leicht transparent, in 5 phantastischen Farben erh\u00e4ltlich.","breadcrumb":{"@id":"https:\/\/www.wojoer.de\/produkt\/beun-basic-strap-body\/#breadcrumb"},"inLanguage":"en-GB","potentialAction":[{"@type":"ReadAction","target":["https:\/\/www.wojoer.de\/produkt\/beun-basic-strap-body\/"]}]},{"@type":"ImageObject","inLanguage":"en-GB","@id":"https:\/\/www.wojoer.de\/produkt\/beun-basic-strap-body\/#primaryimage","url":"https:\/\/www.wojoer.de\/wp-content\/uploads\/2021\/04\/320S11_BEUN_MinisockStringbody_eisblau_wojoer.jpg","contentUrl":"https:\/\/www.wojoer.de\/wp-content\/uploads\/2021\/04\/320S11_BEUN_MinisockStringbody_eisblau_wojoer.jpg","width":2002,"height":2002},{"@type":"BreadcrumbList","@id":"https:\/\/www.wojoer.de\/produkt\/beun-basic-strap-body\/#breadcrumb","itemListElement":[{"@type":"ListItem","position":1,"name":"Startseite","item":"https:\/\/www.wojoer.de\/"},{"@type":"ListItem","position":2,"name":"SHOP","item":"https:\/\/www.wojoer.de\/shop\/"},{"@type":"ListItem","position":3,"name":"BEUN BASIC Strap-Body"}]},{"@type":"WebSite","@id":"https:\/\/www.wojoer.de\/#website","url":"https:\/\/www.wojoer.de\/","name":"WOJOER","description":"clubwear for men","publisher":{"@id":"https:\/\/www.wojoer.de\/#organization"},"potentialAction":[{"@type":"SearchAction","target":{"@type":"EntryPoint","urlTemplate":"https:\/\/www.wojoer.de\/?s={search_term_string}"},"query-input":{"@type":"PropertyValueSpecification","valueRequired":true,"valueName":"search_term_string"}}],"inLanguage":"en-GB"},{"@type":"Organization","@id":"https:\/\/www.wojoer.de\/#organization","name":"Wonneberger-Manufaktur","url":"https:\/\/www.wojoer.de\/","logo":{"@type":"ImageObject","inLanguage":"en-GB","@id":"https:\/\/www.wojoer.de\/#\/schema\/logo\/image\/","url":"https:\/\/www.wojoer.de\/wp-content\/uploads\/2016\/11\/wonnebergermanufaktur_logo_BUTTON.png","contentUrl":"https:\/\/www.wojoer.de\/wp-content\/uploads\/2016\/11\/wonnebergermanufaktur_logo_BUTTON.png","width":765,"height":765,"caption":"Wonneberger-Manufaktur"},"image":{"@id":"https:\/\/www.wojoer.de\/#\/schema\/logo\/image\/"},"sameAs":["https:\/\/www.facebook.com\/wojoer\/","https:\/\/de.pinterest.com\/W0J0ER\/"]}]}},"_links":{"self":[{"href":"https:\/\/www.wojoer.de\/en\/wp-json\/wp\/v2\/product\/35050","targetHints":{"allow":["GET"]}}],"collection":[{"href":"https:\/\/www.wojoer.de\/en\/wp-json\/wp\/v2\/product"}],"about":[{"href":"https:\/\/www.wojoer.de\/en\/wp-json\/wp\/v2\/types\/product"}],"replies":[{"embeddable":true,"href":"https:\/\/www.wojoer.de\/en\/wp-json\/wp\/v2\/comments?post=35050"}],"wp:featuredmedia":[{"embeddable":true,"href":"https:\/\/www.wojoer.de\/en\/wp-json\/wp\/v2\/media\/35998"}],"wp:attachment":[{"href":"https:\/\/www.wojoer.de\/en\/wp-json\/wp\/v2\/media?parent=35050"}],"wp:term":[{"taxonomy":"product_brand","embeddable":true,"href":"https:\/\/www.wojoer.de\/en\/wp-json\/wp\/v2\/product_brand?post=35050"},{"taxonomy":"product_cat","embeddable":true,"href":"https:\/\/www.wojoer.de\/en\/wp-json\/wp\/v2\/product_cat?post=35050"},{"taxonomy":"product_tag","embeddable":true,"href":"https:\/\/www.wojoer.de\/en\/wp-json\/wp\/v2\/product_tag?post=35050"}],"curies":[{"name":"wp","href":"https:\/\/api.w.org\/{rel}","templated":true}]}}