{"id":35182,"date":"2021-05-06T14:35:56","date_gmt":"2021-05-06T12:35:56","guid":{"rendered":"https:\/\/www.wojoer.de\/?post_type=product&#038;p=35182"},"modified":"2025-09-03T11:15:52","modified_gmt":"2025-09-03T09:15:52","slug":"samt-pushup-tanga-ws1b14","status":"publish","type":"product","link":"https:\/\/www.wojoer.de\/en\/produkt\/samt-pushup-tanga-ws1b14\/","title":{"rendered":"Samt Pushup Tanga WS1B14"},"content":{"rendered":"<h3><span style=\"color: #d5b22d;\">ACHTUNG WEIHNACHTSSPECIAL!<\/span><\/h3>\n<p>Den WS1B14 Samt Tanga gibt es nur f\u00fcr kurze Zeit bei WOJOER <a href=\"http:\/\/www.wojoer.de\/produkt-kategorie\/onlyforme\/\">ONLY FOR ME<\/a>.<\/p>\n<h3>Gr\u00f6\u00dfen<\/h3>\n<p>Erh\u00e4ltlich in den Gr\u00f6\u00dfen S, M, L, XL<\/p>\n<h3>Materialzusammensetzung<\/h3>\n<p>Ausbrenner Netz-Velourstoff: Polyester 95%,\u00a0 Elasthan 5%<\/p>\n<h3>Besonderheiten<\/h3>\n<p>Pushendes Suspensorium | samtig weich und Netz | weihnachtlich Gold | hochwertige Verarbeitung &#8220;Made in Germany&#8221;<\/p>\n<h3>Benutzerhinweise<\/h3>\n<p>Handw\u00e4sche<\/p>\n<h3>Weihnachtsspecial &#8211; Samt Tanga<\/h3>\n<p>Die kalte Jahreszeit kann kommen, wir machen es uns schon gem\u00fctlich hei\u00df. Denn der kuschlig weiche und erotisch durchsichtige WOJOER Push Up Tanga befl\u00fcgelt die Weihnachtsfantasien. Eine weiche, gold schwarz schimmernde Samt Schicht wird mit einem verlockend fein, durchschimmernden Netz durchzogen.<\/p>\n<p><span style=\"color: #d2b55b;\">\u00a0<\/span><\/p>\n","protected":false},"excerpt":{"rendered":"<p>ACHTUNG WEIHNACHTSSPECIAL!<br \/>\nDen WS1B14 Samt Tanga gibt es nur f\u00fcr kurze Zeit bei WOJOER ONLY FOR ME.<br \/>\nGr\u00f6\u00dfen<br \/>\nErh\u00e4ltlich in den Gr\u00f6\u00dfen S, M, L, XL<br \/>\nMaterialzusammensetzung<br \/>\nAusbrenner Netz-Velourstoff: Polyester 95%,\u00a0 Elasthan 5%<br \/>\nBesonderheiten<br \/>\nPushendes Suspensorium | samtig weich und Netz | weihnachtlich Gold | hochwertige Verarbeitung\u2026<\/p>\n","protected":false},"featured_media":35190,"comment_status":"open","ping_status":"closed","template":"","meta":[],"product_brand":[],"product_cat":[473,270,121,329,326],"product_tag":[215,246,184,327,318,167,387],"class_list":{"0":"post-35182","1":"product","2":"type-product","3":"status-publish","4":"has-post-thumbnail","6":"product_cat-men","7":"product_cat-onlyforme","8":"product_cat-underwear","9":"product_cat-weihnachtsspecial","10":"product_cat-wojoer","11":"product_tag-bulge-tanga-mini-pushup-tanga-g-tanga","12":"product_tag-netz","13":"product_tag-push-up","14":"product_tag-samt","15":"product_tag-struktur","16":"product_tag-tanga","17":"product_tag-transparent","18":"product_shipping_class-beun","19":"pa_groesse-l","20":"pa_groesse-m","21":"pa_groesse-s","22":"pa_groesse-xl","23":"pif-has-gallery","24":"post-1","25":"odd","27":"first","28":"onbackorder","29":"featured","30":"taxable","31":"shipping-taxable","32":"purchasable","33":"product-type-variable","34":"has-default-attributes"},"yoast_head":"<!-- This site is optimized with the Yoast SEO plugin v27.2 - https:\/\/yoast.com\/product\/yoast-seo-wordpress\/ -->\n<title>Samt Tanga | Mini Pushup | Velour und Netz | Velvet | golden | WOJOER<\/title>\n<meta name=\"description\" content=\"Der Mini Pushup Samt Tanga ist samtig weich, hauteng, pushend und aufregend durchsichtig. Jetzt dieses Weihnachtsspecial online Versandtkostenfrei bestellen\" \/>\n<meta name=\"robots\" content=\"index, follow, max-snippet:-1, max-image-preview:large, max-video-preview:-1\" \/>\n<link rel=\"canonical\" href=\"https:\/\/www.wojoer.de\/en\/produkt\/samt-pushup-tanga-ws1b14\/\" \/>\n<meta name=\"twitter:card\" content=\"summary_large_image\" \/>\n<meta name=\"twitter:title\" content=\"Samt Tanga | Mini Pushup | Velour und Netz | Velvet | golden | WOJOER\" \/>\n<meta name=\"twitter:description\" content=\"Der Mini Pushup Samt Tanga ist samtig weich, hauteng, pushend und aufregend durchsichtig. Jetzt dieses Weihnachtsspecial online Versandtkostenfrei bestellen\" \/>\n<meta name=\"twitter:image\" content=\"https:\/\/www.wojoer.de\/wp-content\/uploads\/2021\/05\/WS1B14_Weihnachtsspecial_gold_pushuptanga_side_wojoer.jpg\" \/>\n<meta name=\"twitter:label1\" content=\"Estimated reading time\" \/>\n\t<meta name=\"twitter:data1\" content=\"1 minute\" \/>\n<script type=\"application\/ld+json\" class=\"yoast-schema-graph\">{\"@context\":\"https:\/\/schema.org\",\"@graph\":[{\"@type\":\"WebPage\",\"@id\":\"https:\/\/www.wojoer.de\/produkt\/samt-pushup-tanga-ws1b14\/\",\"url\":\"https:\/\/www.wojoer.de\/produkt\/samt-pushup-tanga-ws1b14\/\",\"name\":\"Samt Tanga | Mini Pushup | Velour und Netz | Velvet | golden | WOJOER\",\"isPartOf\":{\"@id\":\"https:\/\/www.wojoer.de\/#website\"},\"primaryImageOfPage\":{\"@id\":\"https:\/\/www.wojoer.de\/produkt\/samt-pushup-tanga-ws1b14\/#primaryimage\"},\"image\":{\"@id\":\"https:\/\/www.wojoer.de\/produkt\/samt-pushup-tanga-ws1b14\/#primaryimage\"},\"thumbnailUrl\":\"https:\/\/www.wojoer.de\/wp-content\/uploads\/2021\/05\/WS1B14_Weihnachtsspecial_gold_pushuptanga_side_wojoer.jpg\",\"datePublished\":\"2021-05-06T12:35:56+00:00\",\"dateModified\":\"2025-09-03T09:15:52+00:00\",\"description\":\"Der Mini Pushup Samt Tanga ist samtig weich, hauteng, pushend und aufregend durchsichtig. Jetzt dieses Weihnachtsspecial online Versandtkostenfrei bestellen\",\"breadcrumb\":{\"@id\":\"https:\/\/www.wojoer.de\/produkt\/samt-pushup-tanga-ws1b14\/#breadcrumb\"},\"inLanguage\":\"en-GB\",\"potentialAction\":[{\"@type\":\"ReadAction\",\"target\":[\"https:\/\/www.wojoer.de\/produkt\/samt-pushup-tanga-ws1b14\/\"]}]},{\"@type\":\"ImageObject\",\"inLanguage\":\"en-GB\",\"@id\":\"https:\/\/www.wojoer.de\/produkt\/samt-pushup-tanga-ws1b14\/#primaryimage\",\"url\":\"https:\/\/www.wojoer.de\/wp-content\/uploads\/2021\/05\/WS1B14_Weihnachtsspecial_gold_pushuptanga_side_wojoer.jpg\",\"contentUrl\":\"https:\/\/www.wojoer.de\/wp-content\/uploads\/2021\/05\/WS1B14_Weihnachtsspecial_gold_pushuptanga_side_wojoer.jpg\",\"width\":2002,\"height\":2002},{\"@type\":\"BreadcrumbList\",\"@id\":\"https:\/\/www.wojoer.de\/produkt\/samt-pushup-tanga-ws1b14\/#breadcrumb\",\"itemListElement\":[{\"@type\":\"ListItem\",\"position\":1,\"name\":\"Startseite\",\"item\":\"https:\/\/www.wojoer.de\/\"},{\"@type\":\"ListItem\",\"position\":2,\"name\":\"SHOP\",\"item\":\"https:\/\/www.wojoer.de\/shop\/\"},{\"@type\":\"ListItem\",\"position\":3,\"name\":\"Samt Pushup Tanga WS1B14\"}]},{\"@type\":\"WebSite\",\"@id\":\"https:\/\/www.wojoer.de\/#website\",\"url\":\"https:\/\/www.wojoer.de\/\",\"name\":\"WOJOER\",\"description\":\"clubwear for men\",\"publisher\":{\"@id\":\"https:\/\/www.wojoer.de\/#organization\"},\"potentialAction\":[{\"@type\":\"SearchAction\",\"target\":{\"@type\":\"EntryPoint\",\"urlTemplate\":\"https:\/\/www.wojoer.de\/?s={search_term_string}\"},\"query-input\":{\"@type\":\"PropertyValueSpecification\",\"valueRequired\":true,\"valueName\":\"search_term_string\"}}],\"inLanguage\":\"en-GB\"},{\"@type\":\"Organization\",\"@id\":\"https:\/\/www.wojoer.de\/#organization\",\"name\":\"Wonneberger-Manufaktur\",\"url\":\"https:\/\/www.wojoer.de\/\",\"logo\":{\"@type\":\"ImageObject\",\"inLanguage\":\"en-GB\",\"@id\":\"https:\/\/www.wojoer.de\/#\/schema\/logo\/image\/\",\"url\":\"https:\/\/www.wojoer.de\/wp-content\/uploads\/2016\/11\/wonnebergermanufaktur_logo_BUTTON.png\",\"contentUrl\":\"https:\/\/www.wojoer.de\/wp-content\/uploads\/2016\/11\/wonnebergermanufaktur_logo_BUTTON.png\",\"width\":765,\"height\":765,\"caption\":\"Wonneberger-Manufaktur\"},\"image\":{\"@id\":\"https:\/\/www.wojoer.de\/#\/schema\/logo\/image\/\"},\"sameAs\":[\"https:\/\/www.facebook.com\/wojoer\/\",\"https:\/\/de.pinterest.com\/W0J0ER\/\"]}]}<\/script>\n<!-- \/ Yoast SEO plugin. -->","yoast_head_json":{"title":"Samt Tanga | Mini Pushup | Velour und Netz | Velvet | golden | WOJOER","description":"Der Mini Pushup Samt Tanga ist samtig weich, hauteng, pushend und aufregend durchsichtig. Jetzt dieses Weihnachtsspecial online Versandtkostenfrei bestellen","robots":{"index":"index","follow":"follow","max-snippet":"max-snippet:-1","max-image-preview":"max-image-preview:large","max-video-preview":"max-video-preview:-1"},"canonical":"https:\/\/www.wojoer.de\/en\/produkt\/samt-pushup-tanga-ws1b14\/","twitter_card":"summary_large_image","twitter_title":"Samt Tanga | Mini Pushup | Velour und Netz | Velvet | golden | WOJOER","twitter_description":"Der Mini Pushup Samt Tanga ist samtig weich, hauteng, pushend und aufregend durchsichtig. Jetzt dieses Weihnachtsspecial online Versandtkostenfrei bestellen","twitter_image":"https:\/\/www.wojoer.de\/wp-content\/uploads\/2021\/05\/WS1B14_Weihnachtsspecial_gold_pushuptanga_side_wojoer.jpg","twitter_misc":{"Estimated reading time":"1 minute"},"schema":{"@context":"https:\/\/schema.org","@graph":[{"@type":"WebPage","@id":"https:\/\/www.wojoer.de\/produkt\/samt-pushup-tanga-ws1b14\/","url":"https:\/\/www.wojoer.de\/produkt\/samt-pushup-tanga-ws1b14\/","name":"Samt Tanga | Mini Pushup | Velour und Netz | Velvet | golden | WOJOER","isPartOf":{"@id":"https:\/\/www.wojoer.de\/#website"},"primaryImageOfPage":{"@id":"https:\/\/www.wojoer.de\/produkt\/samt-pushup-tanga-ws1b14\/#primaryimage"},"image":{"@id":"https:\/\/www.wojoer.de\/produkt\/samt-pushup-tanga-ws1b14\/#primaryimage"},"thumbnailUrl":"https:\/\/www.wojoer.de\/wp-content\/uploads\/2021\/05\/WS1B14_Weihnachtsspecial_gold_pushuptanga_side_wojoer.jpg","datePublished":"2021-05-06T12:35:56+00:00","dateModified":"2025-09-03T09:15:52+00:00","description":"Der Mini Pushup Samt Tanga ist samtig weich, hauteng, pushend und aufregend durchsichtig. Jetzt dieses Weihnachtsspecial online Versandtkostenfrei bestellen","breadcrumb":{"@id":"https:\/\/www.wojoer.de\/produkt\/samt-pushup-tanga-ws1b14\/#breadcrumb"},"inLanguage":"en-GB","potentialAction":[{"@type":"ReadAction","target":["https:\/\/www.wojoer.de\/produkt\/samt-pushup-tanga-ws1b14\/"]}]},{"@type":"ImageObject","inLanguage":"en-GB","@id":"https:\/\/www.wojoer.de\/produkt\/samt-pushup-tanga-ws1b14\/#primaryimage","url":"https:\/\/www.wojoer.de\/wp-content\/uploads\/2021\/05\/WS1B14_Weihnachtsspecial_gold_pushuptanga_side_wojoer.jpg","contentUrl":"https:\/\/www.wojoer.de\/wp-content\/uploads\/2021\/05\/WS1B14_Weihnachtsspecial_gold_pushuptanga_side_wojoer.jpg","width":2002,"height":2002},{"@type":"BreadcrumbList","@id":"https:\/\/www.wojoer.de\/produkt\/samt-pushup-tanga-ws1b14\/#breadcrumb","itemListElement":[{"@type":"ListItem","position":1,"name":"Startseite","item":"https:\/\/www.wojoer.de\/"},{"@type":"ListItem","position":2,"name":"SHOP","item":"https:\/\/www.wojoer.de\/shop\/"},{"@type":"ListItem","position":3,"name":"Samt Pushup Tanga WS1B14"}]},{"@type":"WebSite","@id":"https:\/\/www.wojoer.de\/#website","url":"https:\/\/www.wojoer.de\/","name":"WOJOER","description":"clubwear for men","publisher":{"@id":"https:\/\/www.wojoer.de\/#organization"},"potentialAction":[{"@type":"SearchAction","target":{"@type":"EntryPoint","urlTemplate":"https:\/\/www.wojoer.de\/?s={search_term_string}"},"query-input":{"@type":"PropertyValueSpecification","valueRequired":true,"valueName":"search_term_string"}}],"inLanguage":"en-GB"},{"@type":"Organization","@id":"https:\/\/www.wojoer.de\/#organization","name":"Wonneberger-Manufaktur","url":"https:\/\/www.wojoer.de\/","logo":{"@type":"ImageObject","inLanguage":"en-GB","@id":"https:\/\/www.wojoer.de\/#\/schema\/logo\/image\/","url":"https:\/\/www.wojoer.de\/wp-content\/uploads\/2016\/11\/wonnebergermanufaktur_logo_BUTTON.png","contentUrl":"https:\/\/www.wojoer.de\/wp-content\/uploads\/2016\/11\/wonnebergermanufaktur_logo_BUTTON.png","width":765,"height":765,"caption":"Wonneberger-Manufaktur"},"image":{"@id":"https:\/\/www.wojoer.de\/#\/schema\/logo\/image\/"},"sameAs":["https:\/\/www.facebook.com\/wojoer\/","https:\/\/de.pinterest.com\/W0J0ER\/"]}]}},"_links":{"self":[{"href":"https:\/\/www.wojoer.de\/en\/wp-json\/wp\/v2\/product\/35182","targetHints":{"allow":["GET"]}}],"collection":[{"href":"https:\/\/www.wojoer.de\/en\/wp-json\/wp\/v2\/product"}],"about":[{"href":"https:\/\/www.wojoer.de\/en\/wp-json\/wp\/v2\/types\/product"}],"replies":[{"embeddable":true,"href":"https:\/\/www.wojoer.de\/en\/wp-json\/wp\/v2\/comments?post=35182"}],"wp:featuredmedia":[{"embeddable":true,"href":"https:\/\/www.wojoer.de\/en\/wp-json\/wp\/v2\/media\/35190"}],"wp:attachment":[{"href":"https:\/\/www.wojoer.de\/en\/wp-json\/wp\/v2\/media?parent=35182"}],"wp:term":[{"taxonomy":"product_brand","embeddable":true,"href":"https:\/\/www.wojoer.de\/en\/wp-json\/wp\/v2\/product_brand?post=35182"},{"taxonomy":"product_cat","embeddable":true,"href":"https:\/\/www.wojoer.de\/en\/wp-json\/wp\/v2\/product_cat?post=35182"},{"taxonomy":"product_tag","embeddable":true,"href":"https:\/\/www.wojoer.de\/en\/wp-json\/wp\/v2\/product_tag?post=35182"}],"curies":[{"name":"wp","href":"https:\/\/api.w.org\/{rel}","templated":true}]}}