{"id":35223,"date":"2021-06-26T11:19:41","date_gmt":"2021-06-26T09:19:41","guid":{"rendered":"https:\/\/www.wojoer.de\/?post_type=product&#038;p=35223"},"modified":"2026-05-03T07:09:05","modified_gmt":"2026-05-03T05:09:05","slug":"synlex2-ouvert-strap-body-390s11_2","status":"publish","type":"product","link":"https:\/\/www.wojoer.de\/en\/produkt\/synlex2-ouvert-strap-body-390s11_2\/","title":{"rendered":"SYNLEX\u00b2 Ouvert Strap-Body 390S11.2"},"content":{"rendered":"<p>Immer vorr\u00e4tig, denn der SYNLEX\u00b2 OUVERT Strap Body 390S11.2 ist Never-Out-of-Stock und geh\u00f6rt damit zu den Wojoer NOS-Produkten.<\/p>\n<h3>Gr\u00f6\u00dfen<\/h3>\n<p>Erh\u00e4ltlich in den Gr\u00f6\u00dfen Unisize<\/p>\n<h3>Materialzusammensetzung<\/h3>\n<p>53% Polyester 41% Polyurethan 6% Elasthan<\/p>\n<h3>Besonderheiten<\/h3>\n<p><a href=\"http:\/\/www.wojoer.de\/?s=nos&#038;post_type=product\">NOS Produkt<\/a> | badetauglich | matte Oberfl\u00e4chenoptik | Fetish | wasserabweisend | hautfreundliche knallrote Innenkaschierung | schnell trocknend | dehnbar | hauteng | hochwertige Verarbeitung &#8220;Made in Germany&#8221;<\/p>\n<h3>Benutzerhinweise<\/h3>\n<p>70\u00b0 Schonw\u00e4sche<\/p>\n<h3>Synlex\u00b2 Ouvert Strap-Body men &#8211; BEACH &#038; CLUBWEAR\u00a0 | Anzug | Body | Tanga | String | Borat Body | Mankini<\/h3>\n<p>Nichts ist erotischer als eine knapp verh\u00fcllende Edel-Verpackung! Und du bist die Praline, die darauf wartet ausgepackt zu werden. Der Synlex\u00b2 Strap-Body ist nicht einfach nur ein hochwertig matt-schwarzer Mankini. Er ist durch sein erregend edles Rubbermatetial und die perfekt plazierte \u00d6ffnung, wie ein lustvolles Versprechen. Man muss dich mit ihm einfach ber\u00fchren wollen und seinen Linien zum Zentrum folgen, nur um am Ende auf deine harte M\u00e4nnlichkeit zu sto\u00dfen. Das Beste kommt aber noch: Dieser Body ist Beach- und Clubwear in einem. Badetauglich f\u00fcr Chlor- Und Salzwasser. Somit macht er deinen K\u00f6rper zu einem atemberaubenden Blickfang, der erst bei dem Liebesspiel seine versteckte rote Innenkaschierung preisgibt. Lass dir dieses Abenteuer nicht entgehen und f\u00fchl dich immer \u00fcberraschend bereit!<\/p>\n","protected":false},"excerpt":{"rendered":"<p>Immer vorr\u00e4tig, denn der SYNLEX\u00b2 OUVERT Strap Body 390S11.2 ist Never-Out-of-Stock und geh\u00f6rt damit zu den Wojoer NOS-Produkten.<br \/>\nGr\u00f6\u00dfen<br \/>\nErh\u00e4ltlich in den Gr\u00f6\u00dfen Unisize<br \/>\nMaterialzusammensetzung<br \/>\n53% Polyester 41% Polyurethan 6% Elasthan<br \/>\nBesonderheiten<br \/>\nNOS Produkt | badetauglich | matte Oberfl\u00e4chenoptik | Fetish | wasserabweisend | hautfreundliche knallrote\u2026<\/p>\n","protected":false},"featured_media":33792,"comment_status":"open","ping_status":"closed","template":"","meta":[],"product_brand":[],"product_cat":[835,845,115,169,473,121,326],"product_tag":[108,186,487,119],"class_list":{"0":"post-35223","1":"product","2":"type-product","3":"status-publish","4":"has-post-thumbnail","6":"product_cat-ouvert","7":"product_cat-synlex","8":"product_cat-beachwear","9":"product_cat-nos-never-out-of-stock","10":"product_cat-men","11":"product_cat-underwear","12":"product_cat-wojoer","13":"product_tag-1beachwear","14":"product_tag-body","15":"product_tag-ouverte","16":"product_tag-string","17":"product_shipping_class-beun","18":"pa_farbe-eisblau","19":"pa_farbe-royalblau","20":"pa_farbe-candypink","21":"pa_farbe-crema","22":"pa_farbe-neoncoral","23":"pa_farbe-neongelb","24":"pa_farbe-nude","25":"pa_farbe-vulcano","26":"pa_farbe-schwarz","27":"pa_groesse-unisize","28":"pif-has-gallery","29":"post-1","30":"odd","32":"first","33":"onbackorder","34":"featured","35":"taxable","36":"shipping-taxable","37":"purchasable","38":"product-type-variable"},"yoast_head":"<!-- This site is optimized with the Yoast SEO plugin v27.2 - https:\/\/yoast.com\/product\/yoast-seo-wordpress\/ -->\n<title>mankini in rubber material | Beach &amp; clubwear | robust, hochwertig, edel<\/title>\n<meta name=\"description\" content=\"Mankini von Wojoer ist ein Synlex\u00b2 Strap-Body, hauchd\u00fcnn, von innen weich und Feuer-Rot gef\u00fcttert. Als Ouvert oder Geschlossene Variante erh\u00e4ltlich.\" \/>\n<meta name=\"robots\" content=\"index, follow, max-snippet:-1, max-image-preview:large, max-video-preview:-1\" \/>\n<link rel=\"canonical\" href=\"https:\/\/www.wojoer.de\/en\/produkt\/synlex2-ouvert-strap-body-390s11_2\/\" \/>\n<meta name=\"twitter:card\" content=\"summary_large_image\" \/>\n<meta name=\"twitter:title\" content=\"mankini in rubber material | Beach &amp; clubwear | robust, hochwertig, edel\" \/>\n<meta name=\"twitter:description\" content=\"Mankini von Wojoer ist ein Synlex\u00b2 Strap-Body, hauchd\u00fcnn, von innen weich und Feuer-Rot gef\u00fcttert. Als Ouvert oder Geschlossene Variante erh\u00e4ltlich.\" \/>\n<meta name=\"twitter:image\" content=\"https:\/\/www.wojoer.de\/wp-content\/uploads\/2021\/01\/390S11B_Synlex2_StringBody_Ouverte_side_wojoer.jpg\" \/>\n<meta name=\"twitter:label1\" content=\"Estimated reading time\" \/>\n\t<meta name=\"twitter:data1\" content=\"1 minute\" \/>\n<script type=\"application\/ld+json\" class=\"yoast-schema-graph\">{\"@context\":\"https:\/\/schema.org\",\"@graph\":[{\"@type\":\"WebPage\",\"@id\":\"https:\/\/www.wojoer.de\/en\/produkt\/synlex2-ouvert-strap-body-390s11_2\/\",\"url\":\"https:\/\/www.wojoer.de\/en\/produkt\/synlex2-ouvert-strap-body-390s11_2\/\",\"name\":\"mankini in rubber material | Beach & clubwear | robust, hochwertig, edel\",\"isPartOf\":{\"@id\":\"https:\/\/www.wojoer.de\/#website\"},\"primaryImageOfPage\":{\"@id\":\"https:\/\/www.wojoer.de\/en\/produkt\/synlex2-ouvert-strap-body-390s11_2\/#primaryimage\"},\"image\":{\"@id\":\"https:\/\/www.wojoer.de\/en\/produkt\/synlex2-ouvert-strap-body-390s11_2\/#primaryimage\"},\"thumbnailUrl\":\"https:\/\/www.wojoer.de\/wp-content\/uploads\/2021\/01\/390S11B_Synlex2_StringBody_Ouverte_side_wojoer.jpg\",\"datePublished\":\"2021-06-26T09:19:41+00:00\",\"dateModified\":\"2026-05-03T05:09:05+00:00\",\"description\":\"Mankini von Wojoer ist ein Synlex\u00b2 Strap-Body, hauchd\u00fcnn, von innen weich und Feuer-Rot gef\u00fcttert. Als Ouvert oder Geschlossene Variante erh\u00e4ltlich.\",\"breadcrumb\":{\"@id\":\"https:\/\/www.wojoer.de\/en\/produkt\/synlex2-ouvert-strap-body-390s11_2\/#breadcrumb\"},\"inLanguage\":\"en-GB\",\"potentialAction\":[{\"@type\":\"ReadAction\",\"target\":[\"https:\/\/www.wojoer.de\/en\/produkt\/synlex2-ouvert-strap-body-390s11_2\/\"]}]},{\"@type\":\"ImageObject\",\"inLanguage\":\"en-GB\",\"@id\":\"https:\/\/www.wojoer.de\/en\/produkt\/synlex2-ouvert-strap-body-390s11_2\/#primaryimage\",\"url\":\"https:\/\/www.wojoer.de\/wp-content\/uploads\/2021\/01\/390S11B_Synlex2_StringBody_Ouverte_side_wojoer.jpg\",\"contentUrl\":\"https:\/\/www.wojoer.de\/wp-content\/uploads\/2021\/01\/390S11B_Synlex2_StringBody_Ouverte_side_wojoer.jpg\",\"width\":2002,\"height\":2001},{\"@type\":\"BreadcrumbList\",\"@id\":\"https:\/\/www.wojoer.de\/en\/produkt\/synlex2-ouvert-strap-body-390s11_2\/#breadcrumb\",\"itemListElement\":[{\"@type\":\"ListItem\",\"position\":1,\"name\":\"Startseite\",\"item\":\"https:\/\/www.wojoer.de\/\"},{\"@type\":\"ListItem\",\"position\":2,\"name\":\"SHOP\",\"item\":\"https:\/\/www.wojoer.de\/shop\/\"},{\"@type\":\"ListItem\",\"position\":3,\"name\":\"SYNLEX\u00b2 Ouvert Strap-Body 390S11.2\"}]},{\"@type\":\"WebSite\",\"@id\":\"https:\/\/www.wojoer.de\/#website\",\"url\":\"https:\/\/www.wojoer.de\/\",\"name\":\"WOJOER\",\"description\":\"clubwear for men\",\"publisher\":{\"@id\":\"https:\/\/www.wojoer.de\/#organization\"},\"potentialAction\":[{\"@type\":\"SearchAction\",\"target\":{\"@type\":\"EntryPoint\",\"urlTemplate\":\"https:\/\/www.wojoer.de\/?s={search_term_string}\"},\"query-input\":{\"@type\":\"PropertyValueSpecification\",\"valueRequired\":true,\"valueName\":\"search_term_string\"}}],\"inLanguage\":\"en-GB\"},{\"@type\":\"Organization\",\"@id\":\"https:\/\/www.wojoer.de\/#organization\",\"name\":\"Wonneberger-Manufaktur\",\"url\":\"https:\/\/www.wojoer.de\/\",\"logo\":{\"@type\":\"ImageObject\",\"inLanguage\":\"en-GB\",\"@id\":\"https:\/\/www.wojoer.de\/#\/schema\/logo\/image\/\",\"url\":\"https:\/\/www.wojoer.de\/wp-content\/uploads\/2016\/11\/wonnebergermanufaktur_logo_BUTTON.png\",\"contentUrl\":\"https:\/\/www.wojoer.de\/wp-content\/uploads\/2016\/11\/wonnebergermanufaktur_logo_BUTTON.png\",\"width\":765,\"height\":765,\"caption\":\"Wonneberger-Manufaktur\"},\"image\":{\"@id\":\"https:\/\/www.wojoer.de\/#\/schema\/logo\/image\/\"},\"sameAs\":[\"https:\/\/www.facebook.com\/wojoer\/\",\"https:\/\/de.pinterest.com\/W0J0ER\/\"]}]}<\/script>\n<!-- \/ Yoast SEO plugin. -->","yoast_head_json":{"title":"mankini in rubber material | Beach & clubwear | robust, hochwertig, edel","description":"Mankini von Wojoer ist ein Synlex\u00b2 Strap-Body, hauchd\u00fcnn, von innen weich und Feuer-Rot gef\u00fcttert. Als Ouvert oder Geschlossene Variante erh\u00e4ltlich.","robots":{"index":"index","follow":"follow","max-snippet":"max-snippet:-1","max-image-preview":"max-image-preview:large","max-video-preview":"max-video-preview:-1"},"canonical":"https:\/\/www.wojoer.de\/en\/produkt\/synlex2-ouvert-strap-body-390s11_2\/","twitter_card":"summary_large_image","twitter_title":"mankini in rubber material | Beach & clubwear | robust, hochwertig, edel","twitter_description":"Mankini von Wojoer ist ein Synlex\u00b2 Strap-Body, hauchd\u00fcnn, von innen weich und Feuer-Rot gef\u00fcttert. Als Ouvert oder Geschlossene Variante erh\u00e4ltlich.","twitter_image":"https:\/\/www.wojoer.de\/wp-content\/uploads\/2021\/01\/390S11B_Synlex2_StringBody_Ouverte_side_wojoer.jpg","twitter_misc":{"Estimated reading time":"1 minute"},"schema":{"@context":"https:\/\/schema.org","@graph":[{"@type":"WebPage","@id":"https:\/\/www.wojoer.de\/en\/produkt\/synlex2-ouvert-strap-body-390s11_2\/","url":"https:\/\/www.wojoer.de\/en\/produkt\/synlex2-ouvert-strap-body-390s11_2\/","name":"mankini in rubber material | Beach & clubwear | robust, hochwertig, edel","isPartOf":{"@id":"https:\/\/www.wojoer.de\/#website"},"primaryImageOfPage":{"@id":"https:\/\/www.wojoer.de\/en\/produkt\/synlex2-ouvert-strap-body-390s11_2\/#primaryimage"},"image":{"@id":"https:\/\/www.wojoer.de\/en\/produkt\/synlex2-ouvert-strap-body-390s11_2\/#primaryimage"},"thumbnailUrl":"https:\/\/www.wojoer.de\/wp-content\/uploads\/2021\/01\/390S11B_Synlex2_StringBody_Ouverte_side_wojoer.jpg","datePublished":"2021-06-26T09:19:41+00:00","dateModified":"2026-05-03T05:09:05+00:00","description":"Mankini von Wojoer ist ein Synlex\u00b2 Strap-Body, hauchd\u00fcnn, von innen weich und Feuer-Rot gef\u00fcttert. Als Ouvert oder Geschlossene Variante erh\u00e4ltlich.","breadcrumb":{"@id":"https:\/\/www.wojoer.de\/en\/produkt\/synlex2-ouvert-strap-body-390s11_2\/#breadcrumb"},"inLanguage":"en-GB","potentialAction":[{"@type":"ReadAction","target":["https:\/\/www.wojoer.de\/en\/produkt\/synlex2-ouvert-strap-body-390s11_2\/"]}]},{"@type":"ImageObject","inLanguage":"en-GB","@id":"https:\/\/www.wojoer.de\/en\/produkt\/synlex2-ouvert-strap-body-390s11_2\/#primaryimage","url":"https:\/\/www.wojoer.de\/wp-content\/uploads\/2021\/01\/390S11B_Synlex2_StringBody_Ouverte_side_wojoer.jpg","contentUrl":"https:\/\/www.wojoer.de\/wp-content\/uploads\/2021\/01\/390S11B_Synlex2_StringBody_Ouverte_side_wojoer.jpg","width":2002,"height":2001},{"@type":"BreadcrumbList","@id":"https:\/\/www.wojoer.de\/en\/produkt\/synlex2-ouvert-strap-body-390s11_2\/#breadcrumb","itemListElement":[{"@type":"ListItem","position":1,"name":"Startseite","item":"https:\/\/www.wojoer.de\/"},{"@type":"ListItem","position":2,"name":"SHOP","item":"https:\/\/www.wojoer.de\/shop\/"},{"@type":"ListItem","position":3,"name":"SYNLEX\u00b2 Ouvert Strap-Body 390S11.2"}]},{"@type":"WebSite","@id":"https:\/\/www.wojoer.de\/#website","url":"https:\/\/www.wojoer.de\/","name":"WOJOER","description":"clubwear for men","publisher":{"@id":"https:\/\/www.wojoer.de\/#organization"},"potentialAction":[{"@type":"SearchAction","target":{"@type":"EntryPoint","urlTemplate":"https:\/\/www.wojoer.de\/?s={search_term_string}"},"query-input":{"@type":"PropertyValueSpecification","valueRequired":true,"valueName":"search_term_string"}}],"inLanguage":"en-GB"},{"@type":"Organization","@id":"https:\/\/www.wojoer.de\/#organization","name":"Wonneberger-Manufaktur","url":"https:\/\/www.wojoer.de\/","logo":{"@type":"ImageObject","inLanguage":"en-GB","@id":"https:\/\/www.wojoer.de\/#\/schema\/logo\/image\/","url":"https:\/\/www.wojoer.de\/wp-content\/uploads\/2016\/11\/wonnebergermanufaktur_logo_BUTTON.png","contentUrl":"https:\/\/www.wojoer.de\/wp-content\/uploads\/2016\/11\/wonnebergermanufaktur_logo_BUTTON.png","width":765,"height":765,"caption":"Wonneberger-Manufaktur"},"image":{"@id":"https:\/\/www.wojoer.de\/#\/schema\/logo\/image\/"},"sameAs":["https:\/\/www.facebook.com\/wojoer\/","https:\/\/de.pinterest.com\/W0J0ER\/"]}]}},"_links":{"self":[{"href":"https:\/\/www.wojoer.de\/en\/wp-json\/wp\/v2\/product\/35223","targetHints":{"allow":["GET"]}}],"collection":[{"href":"https:\/\/www.wojoer.de\/en\/wp-json\/wp\/v2\/product"}],"about":[{"href":"https:\/\/www.wojoer.de\/en\/wp-json\/wp\/v2\/types\/product"}],"replies":[{"embeddable":true,"href":"https:\/\/www.wojoer.de\/en\/wp-json\/wp\/v2\/comments?post=35223"}],"wp:featuredmedia":[{"embeddable":true,"href":"https:\/\/www.wojoer.de\/en\/wp-json\/wp\/v2\/media\/33792"}],"wp:attachment":[{"href":"https:\/\/www.wojoer.de\/en\/wp-json\/wp\/v2\/media?parent=35223"}],"wp:term":[{"taxonomy":"product_brand","embeddable":true,"href":"https:\/\/www.wojoer.de\/en\/wp-json\/wp\/v2\/product_brand?post=35223"},{"taxonomy":"product_cat","embeddable":true,"href":"https:\/\/www.wojoer.de\/en\/wp-json\/wp\/v2\/product_cat?post=35223"},{"taxonomy":"product_tag","embeddable":true,"href":"https:\/\/www.wojoer.de\/en\/wp-json\/wp\/v2\/product_tag?post=35223"}],"curies":[{"name":"wp","href":"https:\/\/api.w.org\/{rel}","templated":true}]}}