{"id":35317,"date":"2021-05-28T08:36:43","date_gmt":"2021-05-28T06:36:43","guid":{"rendered":"https:\/\/www.wojoer.de\/?post_type=product&#038;p=35317"},"modified":"2024-05-28T09:38:13","modified_gmt":"2024-05-28T07:38:13","slug":"beun-basic-longpants","status":"publish","type":"product","link":"https:\/\/www.wojoer.de\/en\/produkt\/beun-basic-longpants\/","title":{"rendered":"BEUN Basic Longpants"},"content":{"rendered":"<p>Die BEUN Basic Longpants 0320P010 geh\u00f6rt in die Live-Produktion. Das hei\u00dft sie wird auf Bestellung produziert und kann so auch individuell bearbeitet werden.<\/p>\n<h3>Gr\u00f6\u00dfen<\/h3>\n<p>Erh\u00e4ltlich in den Gr\u00f6\u00dfen S, M, L, XL<\/p>\n<h3>Materialzusammensetzung<\/h3>\n<p>dehnbares Leatherlike: Polyamid 82% Elasthan 18%<\/p>\n<h3>Besonderheiten<\/h3>\n<p>|badetauglich\u00a0 | sch\u00f6n abgerundetes Suspensorium | elastischer Bund | hochwertige Verarbeitung &#8220;Made in Germany&#8221;<\/p>\n<h3>Benutzerhinweise<\/h3>\n<p>30 \u00b0 Grad W\u00e4sche<\/p>\n<h3>LONGPANTS &#8211;\u00a0 BEUN Basic Longpants beach pants<\/h3>\n<p>Knackig und Knallig &#8211; das war unser Ziel als wir diese Longpants f\u00fcr dich kreierten. Egal ob als Badehose oder als Unterhose- sie ist f\u00fcr alles zu gebrauchen. Samt schmiegt sich das Material um deine Beine und sorgt f\u00fcr ein angenehmes Tragegef\u00fchl. Das vorgeformte Suspensorium l\u00e4sst dein Prachtst\u00fcck noch pr\u00e4chtiger aussehen. Mit dieser Pants bekommst du alles, was du f\u00fcr ein aufregendes Erlebnis brauchst. Richtig zur Geltung kommen die Beach und Underwear Pants erst beim Sprung ins k\u00fchle Nass. Sie sind chlor- und salzwasserresistent<\/p>\n","protected":false},"excerpt":{"rendered":"<p>Die BEUN Basic Longpants 0320P010 geh\u00f6rt in die Live-Produktion. Das hei\u00dft sie wird auf Bestellung produziert und kann so auch individuell bearbeitet werden.<br \/>\nGr\u00f6\u00dfen<br \/>\nErh\u00e4ltlich in den Gr\u00f6\u00dfen S, M, L, XL<br \/>\nMaterialzusammensetzung<br \/>\ndehnbares Leatherlike: Polyamid 82% Elasthan 18%<br \/>\nBesonderheiten<br \/>\n|badetauglich\u00a0 | sch\u00f6n abgerundetes Suspensorium |\u2026<\/p>\n","protected":false},"featured_media":11924,"comment_status":"closed","ping_status":"closed","template":"","meta":[],"product_brand":[],"product_cat":[715,115,106,116,473,195,326],"product_tag":[108,259,273],"class_list":{"0":"post-35317","1":"product","2":"type-product","3":"status-publish","4":"has-post-thumbnail","6":"product_cat-320-beun-basic","7":"product_cat-beachwear","8":"product_cat-beun","9":"product_cat-clubwear","10":"product_cat-men","11":"product_cat-produktion-auf-bestellung-liveproduktion","12":"product_cat-wojoer","13":"product_tag-1beachwear","14":"product_tag-longpants","15":"product_tag-pants","16":"product_shipping_class-beun","17":"pa_farbe-eisblau","18":"pa_farbe-royalblau","19":"pa_farbe-candypink","20":"pa_farbe-crema","21":"pa_farbe-neoncoral","22":"pa_farbe-neongelb","23":"pa_farbe-nude","24":"pa_farbe-vulcano","25":"pa_farbe-schwarz","26":"pa_groesse-l","27":"pa_groesse-m","28":"pa_groesse-s","29":"pa_groesse-xl","30":"pa_groesse-xxl","31":"pa_groesse-xxxl","32":"pif-has-gallery","33":"post-1","34":"odd","36":"first","37":"instock","38":"taxable","39":"shipping-taxable","40":"purchasable","41":"product-type-variable","42":"has-default-attributes"},"yoast_head":"<!-- This site is optimized with the Yoast SEO plugin v27.2 - https:\/\/yoast.com\/product\/yoast-seo-wordpress\/ -->\n<title>Basic Longpants | Badehose | Clubwear | WOJOER<\/title>\n<meta name=\"description\" content=\"BAsic Longpants Elastische, angenehme M\u00e4nner Longpants. Knallig Bunt Jetzt online Versandkostenfrei bestellen bei WOJOER!\" \/>\n<meta name=\"robots\" content=\"index, follow, max-snippet:-1, max-image-preview:large, max-video-preview:-1\" \/>\n<link rel=\"canonical\" href=\"https:\/\/www.wojoer.de\/en\/produkt\/beun-basic-longpants\/\" \/>\n<meta name=\"twitter:card\" content=\"summary_large_image\" \/>\n<meta name=\"twitter:title\" content=\"Basic Longpants | Badehose | Clubwear | WOJOER\" \/>\n<meta name=\"twitter:description\" content=\"BAsic Longpants Elastische, angenehme M\u00e4nner Longpants. Knallig Bunt Jetzt online Versandkostenfrei bestellen bei WOJOER!\" \/>\n<meta name=\"twitter:image\" content=\"https:\/\/www.wojoer.de\/wp-content\/uploads\/2018\/12\/320W428.1_BEUN_basic_Longpants_royal_blau_wojoer.jpg\" \/>\n<meta name=\"twitter:label1\" content=\"Estimated reading time\" \/>\n\t<meta name=\"twitter:data1\" content=\"1 minute\" \/>\n<script type=\"application\/ld+json\" class=\"yoast-schema-graph\">{\"@context\":\"https:\/\/schema.org\",\"@graph\":[{\"@type\":\"WebPage\",\"@id\":\"https:\/\/www.wojoer.de\/produkt\/beun-basic-longpants\/\",\"url\":\"https:\/\/www.wojoer.de\/produkt\/beun-basic-longpants\/\",\"name\":\"Basic Longpants | Badehose | Clubwear | WOJOER\",\"isPartOf\":{\"@id\":\"https:\/\/www.wojoer.de\/#website\"},\"primaryImageOfPage\":{\"@id\":\"https:\/\/www.wojoer.de\/produkt\/beun-basic-longpants\/#primaryimage\"},\"image\":{\"@id\":\"https:\/\/www.wojoer.de\/produkt\/beun-basic-longpants\/#primaryimage\"},\"thumbnailUrl\":\"https:\/\/www.wojoer.de\/wp-content\/uploads\/2018\/12\/320W428.1_BEUN_basic_Longpants_royal_blau_wojoer.jpg\",\"datePublished\":\"2021-05-28T06:36:43+00:00\",\"dateModified\":\"2024-05-28T07:38:13+00:00\",\"description\":\"BAsic Longpants Elastische, angenehme M\u00e4nner Longpants. Knallig Bunt Jetzt online Versandkostenfrei bestellen bei WOJOER!\",\"breadcrumb\":{\"@id\":\"https:\/\/www.wojoer.de\/produkt\/beun-basic-longpants\/#breadcrumb\"},\"inLanguage\":\"en-GB\",\"potentialAction\":[{\"@type\":\"ReadAction\",\"target\":[\"https:\/\/www.wojoer.de\/produkt\/beun-basic-longpants\/\"]}]},{\"@type\":\"ImageObject\",\"inLanguage\":\"en-GB\",\"@id\":\"https:\/\/www.wojoer.de\/produkt\/beun-basic-longpants\/#primaryimage\",\"url\":\"https:\/\/www.wojoer.de\/wp-content\/uploads\/2018\/12\/320W428.1_BEUN_basic_Longpants_royal_blau_wojoer.jpg\",\"contentUrl\":\"https:\/\/www.wojoer.de\/wp-content\/uploads\/2018\/12\/320W428.1_BEUN_basic_Longpants_royal_blau_wojoer.jpg\",\"width\":2002,\"height\":2002},{\"@type\":\"BreadcrumbList\",\"@id\":\"https:\/\/www.wojoer.de\/produkt\/beun-basic-longpants\/#breadcrumb\",\"itemListElement\":[{\"@type\":\"ListItem\",\"position\":1,\"name\":\"Startseite\",\"item\":\"https:\/\/www.wojoer.de\/\"},{\"@type\":\"ListItem\",\"position\":2,\"name\":\"SHOP\",\"item\":\"https:\/\/www.wojoer.de\/shop\/\"},{\"@type\":\"ListItem\",\"position\":3,\"name\":\"BEUN Basic Longpants\"}]},{\"@type\":\"WebSite\",\"@id\":\"https:\/\/www.wojoer.de\/#website\",\"url\":\"https:\/\/www.wojoer.de\/\",\"name\":\"WOJOER\",\"description\":\"clubwear for men\",\"publisher\":{\"@id\":\"https:\/\/www.wojoer.de\/#organization\"},\"potentialAction\":[{\"@type\":\"SearchAction\",\"target\":{\"@type\":\"EntryPoint\",\"urlTemplate\":\"https:\/\/www.wojoer.de\/?s={search_term_string}\"},\"query-input\":{\"@type\":\"PropertyValueSpecification\",\"valueRequired\":true,\"valueName\":\"search_term_string\"}}],\"inLanguage\":\"en-GB\"},{\"@type\":\"Organization\",\"@id\":\"https:\/\/www.wojoer.de\/#organization\",\"name\":\"Wonneberger-Manufaktur\",\"url\":\"https:\/\/www.wojoer.de\/\",\"logo\":{\"@type\":\"ImageObject\",\"inLanguage\":\"en-GB\",\"@id\":\"https:\/\/www.wojoer.de\/#\/schema\/logo\/image\/\",\"url\":\"https:\/\/www.wojoer.de\/wp-content\/uploads\/2016\/11\/wonnebergermanufaktur_logo_BUTTON.png\",\"contentUrl\":\"https:\/\/www.wojoer.de\/wp-content\/uploads\/2016\/11\/wonnebergermanufaktur_logo_BUTTON.png\",\"width\":765,\"height\":765,\"caption\":\"Wonneberger-Manufaktur\"},\"image\":{\"@id\":\"https:\/\/www.wojoer.de\/#\/schema\/logo\/image\/\"},\"sameAs\":[\"https:\/\/www.facebook.com\/wojoer\/\",\"https:\/\/de.pinterest.com\/W0J0ER\/\"]}]}<\/script>\n<!-- \/ Yoast SEO plugin. -->","yoast_head_json":{"title":"Basic Longpants | Badehose | Clubwear | WOJOER","description":"BAsic Longpants Elastische, angenehme M\u00e4nner Longpants. Knallig Bunt Jetzt online Versandkostenfrei bestellen bei WOJOER!","robots":{"index":"index","follow":"follow","max-snippet":"max-snippet:-1","max-image-preview":"max-image-preview:large","max-video-preview":"max-video-preview:-1"},"canonical":"https:\/\/www.wojoer.de\/en\/produkt\/beun-basic-longpants\/","twitter_card":"summary_large_image","twitter_title":"[:de]Basic Longpants | Badehose | Clubwear | WOJOER[:]","twitter_description":"[:de]BAsic Longpants Elastische, angenehme M\u00e4nner Longpants. Knallig Bunt Jetzt online Versandkostenfrei bestellen bei WOJOER![:]","twitter_image":"https:\/\/www.wojoer.de\/wp-content\/uploads\/2018\/12\/320W428.1_BEUN_basic_Longpants_royal_blau_wojoer.jpg","twitter_misc":{"Estimated reading time":"1 minute"},"schema":{"@context":"https:\/\/schema.org","@graph":[{"@type":"WebPage","@id":"https:\/\/www.wojoer.de\/produkt\/beun-basic-longpants\/","url":"https:\/\/www.wojoer.de\/produkt\/beun-basic-longpants\/","name":"Basic Longpants | Badehose | Clubwear | WOJOER","isPartOf":{"@id":"https:\/\/www.wojoer.de\/#website"},"primaryImageOfPage":{"@id":"https:\/\/www.wojoer.de\/produkt\/beun-basic-longpants\/#primaryimage"},"image":{"@id":"https:\/\/www.wojoer.de\/produkt\/beun-basic-longpants\/#primaryimage"},"thumbnailUrl":"https:\/\/www.wojoer.de\/wp-content\/uploads\/2018\/12\/320W428.1_BEUN_basic_Longpants_royal_blau_wojoer.jpg","datePublished":"2021-05-28T06:36:43+00:00","dateModified":"2024-05-28T07:38:13+00:00","description":"BAsic Longpants Elastische, angenehme M\u00e4nner Longpants. Knallig Bunt Jetzt online Versandkostenfrei bestellen bei WOJOER!","breadcrumb":{"@id":"https:\/\/www.wojoer.de\/produkt\/beun-basic-longpants\/#breadcrumb"},"inLanguage":"en-GB","potentialAction":[{"@type":"ReadAction","target":["https:\/\/www.wojoer.de\/produkt\/beun-basic-longpants\/"]}]},{"@type":"ImageObject","inLanguage":"en-GB","@id":"https:\/\/www.wojoer.de\/produkt\/beun-basic-longpants\/#primaryimage","url":"https:\/\/www.wojoer.de\/wp-content\/uploads\/2018\/12\/320W428.1_BEUN_basic_Longpants_royal_blau_wojoer.jpg","contentUrl":"https:\/\/www.wojoer.de\/wp-content\/uploads\/2018\/12\/320W428.1_BEUN_basic_Longpants_royal_blau_wojoer.jpg","width":2002,"height":2002},{"@type":"BreadcrumbList","@id":"https:\/\/www.wojoer.de\/produkt\/beun-basic-longpants\/#breadcrumb","itemListElement":[{"@type":"ListItem","position":1,"name":"Startseite","item":"https:\/\/www.wojoer.de\/"},{"@type":"ListItem","position":2,"name":"SHOP","item":"https:\/\/www.wojoer.de\/shop\/"},{"@type":"ListItem","position":3,"name":"BEUN Basic Longpants"}]},{"@type":"WebSite","@id":"https:\/\/www.wojoer.de\/#website","url":"https:\/\/www.wojoer.de\/","name":"WOJOER","description":"clubwear for men","publisher":{"@id":"https:\/\/www.wojoer.de\/#organization"},"potentialAction":[{"@type":"SearchAction","target":{"@type":"EntryPoint","urlTemplate":"https:\/\/www.wojoer.de\/?s={search_term_string}"},"query-input":{"@type":"PropertyValueSpecification","valueRequired":true,"valueName":"search_term_string"}}],"inLanguage":"en-GB"},{"@type":"Organization","@id":"https:\/\/www.wojoer.de\/#organization","name":"Wonneberger-Manufaktur","url":"https:\/\/www.wojoer.de\/","logo":{"@type":"ImageObject","inLanguage":"en-GB","@id":"https:\/\/www.wojoer.de\/#\/schema\/logo\/image\/","url":"https:\/\/www.wojoer.de\/wp-content\/uploads\/2016\/11\/wonnebergermanufaktur_logo_BUTTON.png","contentUrl":"https:\/\/www.wojoer.de\/wp-content\/uploads\/2016\/11\/wonnebergermanufaktur_logo_BUTTON.png","width":765,"height":765,"caption":"Wonneberger-Manufaktur"},"image":{"@id":"https:\/\/www.wojoer.de\/#\/schema\/logo\/image\/"},"sameAs":["https:\/\/www.facebook.com\/wojoer\/","https:\/\/de.pinterest.com\/W0J0ER\/"]}]}},"_links":{"self":[{"href":"https:\/\/www.wojoer.de\/en\/wp-json\/wp\/v2\/product\/35317","targetHints":{"allow":["GET"]}}],"collection":[{"href":"https:\/\/www.wojoer.de\/en\/wp-json\/wp\/v2\/product"}],"about":[{"href":"https:\/\/www.wojoer.de\/en\/wp-json\/wp\/v2\/types\/product"}],"replies":[{"embeddable":true,"href":"https:\/\/www.wojoer.de\/en\/wp-json\/wp\/v2\/comments?post=35317"}],"wp:featuredmedia":[{"embeddable":true,"href":"https:\/\/www.wojoer.de\/en\/wp-json\/wp\/v2\/media\/11924"}],"wp:attachment":[{"href":"https:\/\/www.wojoer.de\/en\/wp-json\/wp\/v2\/media?parent=35317"}],"wp:term":[{"taxonomy":"product_brand","embeddable":true,"href":"https:\/\/www.wojoer.de\/en\/wp-json\/wp\/v2\/product_brand?post=35317"},{"taxonomy":"product_cat","embeddable":true,"href":"https:\/\/www.wojoer.de\/en\/wp-json\/wp\/v2\/product_cat?post=35317"},{"taxonomy":"product_tag","embeddable":true,"href":"https:\/\/www.wojoer.de\/en\/wp-json\/wp\/v2\/product_tag?post=35317"}],"curies":[{"name":"wp","href":"https:\/\/api.w.org\/{rel}","templated":true}]}}