{"id":35338,"date":"2025-12-09T06:22:04","date_gmt":"2025-12-09T05:22:04","guid":{"rendered":"https:\/\/www.wojoer.de\/?post_type=product&#038;p=35338"},"modified":"2026-04-05T16:33:34","modified_gmt":"2026-04-05T14:33:34","slug":"wetlook-gold-g-slip","status":"publish","type":"product","link":"https:\/\/www.wojoer.de\/en\/produkt\/wetlook-gold-g-slip\/","title":{"rendered":"Wetlook Gold G-Slip"},"content":{"rendered":"<p>Der Wetlook Gold G-Slip 0100-B007 ist Never-Out-of-Stock und geh\u00f6rt damit zu den Wojoer NOS-Produkten<\/p>\n<h3>Gr\u00f6\u00dfen<\/h3>\n<p>Erh\u00e4ltlich in den Gr\u00f6\u00dfen S, M, L, XL<\/p>\n<h3>Materialzusammensetzung<\/h3>\n<p>95% Polyester\u00a0 |5% Elasthan<\/p>\n<h3>Besonderheiten<\/h3>\n<p><a href=\"https:\/\/www.wojoer.de\/?s=NOS&#038;post_type=product\">NOS\u00a0<\/a> | matt Effekt | sehr dehnbares Material | hautenge Passform | Gold gl\u00e4nzend | hochwertige Verarbeitung &#8220;Made in Germany&#8221;<\/p>\n<h3>Benutzerhinweise<\/h3>\n<p>Handw\u00e4sche, kein Weichsp\u00fcler<\/p>\n<h3>GOLD Slip\u00a0 &#8211; schillernder Slip mit metallic Look G-Slip<\/h3>\n<p>Wow! Dieses Material ist wahnsinnig erregend. Dar\u00fcber hinaus umschlie\u00dft es die Haut wie fl\u00fcssiges Gold. Auf der einen Seite ist es anschmiegsam weich und auf der anderen Seite verf\u00fchrt es mit einem angenehmen metallic Look. Das ist l\u00e4ngst nicht alles, denn der schillernde Glanz, typisch f\u00fcr diesen besonderen metallic-Look berauscht alle Sinne und entf\u00fchrt dich in eine berauschende Welt, in der alle deine Tr\u00e4ume Wirklichkeit werden k\u00f6nnen &#8211; hierdurch bist du der absolute Star! Dieser Slip ist nicht nur s\u00fcndhaft knapp und besonders tief low-rise geschnitten. Nein, auch das Suspensorium folgt einer besonderen Silhouette, mit der deine M\u00e4nnlichkei betont und sportlich geformt wird. Hei\u00df!<\/p>\n","protected":false},"excerpt":{"rendered":"<p>Der Wetlook Gold G-Slip 0100-B007 ist Never-Out-of-Stock und geh\u00f6rt damit zu den Wojoer NOS-Produkten<br \/>\nGr\u00f6\u00dfen<br \/>\nErh\u00e4ltlich in den Gr\u00f6\u00dfen S, M, L, XL<br \/>\nMaterialzusammensetzung<br \/>\n95% Polyester\u00a0 |5% Elasthan<br \/>\nBesonderheiten<br \/>\nNOS\u00a0 | matt Effekt | sehr dehnbares Material | hautenge Passform | Gold gl\u00e4nzend | hochwertige Verarbeitung\u2026<\/p>\n","protected":false},"featured_media":41280,"comment_status":"open","ping_status":"closed","template":"","meta":[],"product_brand":[],"product_cat":[116,169,473,862,326],"product_tag":[170,578,560,899,306,295],"class_list":{"0":"post-35338","1":"product","2":"type-product","3":"status-publish","4":"has-post-thumbnail","6":"product_cat-clubwear","7":"product_cat-nos-never-out-of-stock","8":"product_cat-men","9":"product_cat-men-only","10":"product_cat-wojoer","11":"product_tag-brasil-slip","12":"product_tag-g-slip","13":"product_tag-glaenzend","14":"product_tag-gold","15":"product_tag-metallic","16":"product_tag-slip","17":"product_shipping_class-beun","18":"pa_groesse-l","19":"pa_groesse-m","20":"pa_groesse-s","21":"pa_groesse-xl","22":"pa_groesse-xxl","23":"pa_groesse-xxxl","24":"pif-has-gallery","25":"post-1","26":"odd","28":"first","29":"instock","30":"taxable","31":"shipping-taxable","32":"purchasable","33":"product-type-variable"},"yoast_head":"<!-- This site is optimized with the Yoast SEO plugin v27.2 - https:\/\/yoast.com\/product\/yoast-seo-wordpress\/ -->\n<title>Wet Silk Minisock Slip | suitable for bathing| rose | WOJOER |<\/title>\n<meta name=\"description\" content=\"Wet Silk Mini Sock Slip. Particularly striking and elegant briefs available in various colors from WOJOER. Soft, stretchy material - Order now for free shipping.\" \/>\n<meta name=\"robots\" content=\"index, follow, max-snippet:-1, max-image-preview:large, max-video-preview:-1\" \/>\n<link rel=\"canonical\" href=\"https:\/\/www.wojoer.de\/en\/produkt\/wetlook-gold-g-slip\/\" \/>\n<meta name=\"twitter:card\" content=\"summary_large_image\" \/>\n<meta name=\"twitter:title\" content=\"Wet Silk Minisock Slip | suitable for bathing| rose | WOJOER |\" \/>\n<meta name=\"twitter:description\" content=\"Wet Silk Mini Sock Slip. Particularly striking and elegant briefs available in various colors from WOJOER. Soft, stretchy material - Order now for free shipping.\" \/>\n<meta name=\"twitter:image\" content=\"https:\/\/www.wojoer.de\/wp-content\/uploads\/2021\/05\/0100-B007-0D-23-06-2.-goldedition-wetlook-g-slip-dehnbar-gold-side-wojoer.jpg\" \/>\n<meta name=\"twitter:label1\" content=\"Estimated reading time\" \/>\n\t<meta name=\"twitter:data1\" content=\"2 minutes\" \/>\n<script type=\"application\/ld+json\" class=\"yoast-schema-graph\">{\"@context\":\"https:\/\/schema.org\",\"@graph\":[{\"@type\":\"WebPage\",\"@id\":\"https:\/\/www.wojoer.de\/en\/produkt\/wetlook-gold-g-slip\/\",\"url\":\"https:\/\/www.wojoer.de\/en\/produkt\/wetlook-gold-g-slip\/\",\"name\":\"Wet Silk Minisock Slip | suitable for bathing| rose | WOJOER |\",\"isPartOf\":{\"@id\":\"https:\/\/www.wojoer.de\/#website\"},\"primaryImageOfPage\":{\"@id\":\"https:\/\/www.wojoer.de\/en\/produkt\/wetlook-gold-g-slip\/#primaryimage\"},\"image\":{\"@id\":\"https:\/\/www.wojoer.de\/en\/produkt\/wetlook-gold-g-slip\/#primaryimage\"},\"thumbnailUrl\":\"https:\/\/www.wojoer.de\/wp-content\/uploads\/2021\/05\/0100-B007-0D-23-06-2.-goldedition-wetlook-g-slip-dehnbar-gold-side-wojoer.jpg\",\"datePublished\":\"2025-12-09T05:22:04+00:00\",\"dateModified\":\"2026-04-05T14:33:34+00:00\",\"description\":\"Wet Silk Mini Sock Slip. Particularly striking and elegant briefs available in various colors from WOJOER. Soft, stretchy material - Order now for free shipping.\",\"breadcrumb\":{\"@id\":\"https:\/\/www.wojoer.de\/en\/produkt\/wetlook-gold-g-slip\/#breadcrumb\"},\"inLanguage\":\"en-GB\",\"potentialAction\":[{\"@type\":\"ReadAction\",\"target\":[\"https:\/\/www.wojoer.de\/en\/produkt\/wetlook-gold-g-slip\/\"]}]},{\"@type\":\"ImageObject\",\"inLanguage\":\"en-GB\",\"@id\":\"https:\/\/www.wojoer.de\/en\/produkt\/wetlook-gold-g-slip\/#primaryimage\",\"url\":\"https:\/\/www.wojoer.de\/wp-content\/uploads\/2021\/05\/0100-B007-0D-23-06-2.-goldedition-wetlook-g-slip-dehnbar-gold-side-wojoer.jpg\",\"contentUrl\":\"https:\/\/www.wojoer.de\/wp-content\/uploads\/2021\/05\/0100-B007-0D-23-06-2.-goldedition-wetlook-g-slip-dehnbar-gold-side-wojoer.jpg\",\"width\":2002,\"height\":2002},{\"@type\":\"BreadcrumbList\",\"@id\":\"https:\/\/www.wojoer.de\/en\/produkt\/wetlook-gold-g-slip\/#breadcrumb\",\"itemListElement\":[{\"@type\":\"ListItem\",\"position\":1,\"name\":\"Startseite\",\"item\":\"https:\/\/www.wojoer.de\/\"},{\"@type\":\"ListItem\",\"position\":2,\"name\":\"SHOP\",\"item\":\"https:\/\/www.wojoer.de\/shop\/\"},{\"@type\":\"ListItem\",\"position\":3,\"name\":\"Wetlook Gold G-Slip\"}]},{\"@type\":\"WebSite\",\"@id\":\"https:\/\/www.wojoer.de\/#website\",\"url\":\"https:\/\/www.wojoer.de\/\",\"name\":\"WOJOER\",\"description\":\"clubwear for men\",\"publisher\":{\"@id\":\"https:\/\/www.wojoer.de\/#organization\"},\"potentialAction\":[{\"@type\":\"SearchAction\",\"target\":{\"@type\":\"EntryPoint\",\"urlTemplate\":\"https:\/\/www.wojoer.de\/?s={search_term_string}\"},\"query-input\":{\"@type\":\"PropertyValueSpecification\",\"valueRequired\":true,\"valueName\":\"search_term_string\"}}],\"inLanguage\":\"en-GB\"},{\"@type\":\"Organization\",\"@id\":\"https:\/\/www.wojoer.de\/#organization\",\"name\":\"Wonneberger-Manufaktur\",\"url\":\"https:\/\/www.wojoer.de\/\",\"logo\":{\"@type\":\"ImageObject\",\"inLanguage\":\"en-GB\",\"@id\":\"https:\/\/www.wojoer.de\/#\/schema\/logo\/image\/\",\"url\":\"https:\/\/www.wojoer.de\/wp-content\/uploads\/2016\/11\/wonnebergermanufaktur_logo_BUTTON.png\",\"contentUrl\":\"https:\/\/www.wojoer.de\/wp-content\/uploads\/2016\/11\/wonnebergermanufaktur_logo_BUTTON.png\",\"width\":765,\"height\":765,\"caption\":\"Wonneberger-Manufaktur\"},\"image\":{\"@id\":\"https:\/\/www.wojoer.de\/#\/schema\/logo\/image\/\"},\"sameAs\":[\"https:\/\/www.facebook.com\/wojoer\/\",\"https:\/\/de.pinterest.com\/W0J0ER\/\"]}]}<\/script>\n<!-- \/ Yoast SEO plugin. -->","yoast_head_json":{"title":"Wet Silk Minisock Slip | suitable for bathing| rose | WOJOER |","description":"Wet Silk Mini Sock Slip. Particularly striking and elegant briefs available in various colors from WOJOER. Soft, stretchy material - Order now for free shipping.","robots":{"index":"index","follow":"follow","max-snippet":"max-snippet:-1","max-image-preview":"max-image-preview:large","max-video-preview":"max-video-preview:-1"},"canonical":"https:\/\/www.wojoer.de\/en\/produkt\/wetlook-gold-g-slip\/","twitter_card":"summary_large_image","twitter_title":"[:de]Gold G-Slip | knapp | Hauteng | low rise | metallic gl\u00e4nzend | WOJOER |[:en]Wet Silk Minisock Slip | suitable for bathing| rose | WOJOER |[:]","twitter_description":"[:de]Gold Slip ist ein besonders auff\u00e4lliger und eleganter G-Slip in gl\u00e4nzendem Gold von WOJOER - Jetzt versandkostenfrei bestellen.[:en]Wet Silk Mini Sock Slip. Particularly striking and elegant briefs available in various colors from WOJOER. Soft, stretchy material - Order now for free shipping.[:]","twitter_image":"https:\/\/www.wojoer.de\/wp-content\/uploads\/2021\/05\/0100-B007-0D-23-06-2.-goldedition-wetlook-g-slip-dehnbar-gold-side-wojoer.jpg","twitter_misc":{"Estimated reading time":"2 minutes"},"schema":{"@context":"https:\/\/schema.org","@graph":[{"@type":"WebPage","@id":"https:\/\/www.wojoer.de\/en\/produkt\/wetlook-gold-g-slip\/","url":"https:\/\/www.wojoer.de\/en\/produkt\/wetlook-gold-g-slip\/","name":"Wet Silk Minisock Slip | suitable for bathing| rose | WOJOER |","isPartOf":{"@id":"https:\/\/www.wojoer.de\/#website"},"primaryImageOfPage":{"@id":"https:\/\/www.wojoer.de\/en\/produkt\/wetlook-gold-g-slip\/#primaryimage"},"image":{"@id":"https:\/\/www.wojoer.de\/en\/produkt\/wetlook-gold-g-slip\/#primaryimage"},"thumbnailUrl":"https:\/\/www.wojoer.de\/wp-content\/uploads\/2021\/05\/0100-B007-0D-23-06-2.-goldedition-wetlook-g-slip-dehnbar-gold-side-wojoer.jpg","datePublished":"2025-12-09T05:22:04+00:00","dateModified":"2026-04-05T14:33:34+00:00","description":"Wet Silk Mini Sock Slip. Particularly striking and elegant briefs available in various colors from WOJOER. Soft, stretchy material - Order now for free shipping.","breadcrumb":{"@id":"https:\/\/www.wojoer.de\/en\/produkt\/wetlook-gold-g-slip\/#breadcrumb"},"inLanguage":"en-GB","potentialAction":[{"@type":"ReadAction","target":["https:\/\/www.wojoer.de\/en\/produkt\/wetlook-gold-g-slip\/"]}]},{"@type":"ImageObject","inLanguage":"en-GB","@id":"https:\/\/www.wojoer.de\/en\/produkt\/wetlook-gold-g-slip\/#primaryimage","url":"https:\/\/www.wojoer.de\/wp-content\/uploads\/2021\/05\/0100-B007-0D-23-06-2.-goldedition-wetlook-g-slip-dehnbar-gold-side-wojoer.jpg","contentUrl":"https:\/\/www.wojoer.de\/wp-content\/uploads\/2021\/05\/0100-B007-0D-23-06-2.-goldedition-wetlook-g-slip-dehnbar-gold-side-wojoer.jpg","width":2002,"height":2002},{"@type":"BreadcrumbList","@id":"https:\/\/www.wojoer.de\/en\/produkt\/wetlook-gold-g-slip\/#breadcrumb","itemListElement":[{"@type":"ListItem","position":1,"name":"Startseite","item":"https:\/\/www.wojoer.de\/"},{"@type":"ListItem","position":2,"name":"SHOP","item":"https:\/\/www.wojoer.de\/shop\/"},{"@type":"ListItem","position":3,"name":"Wetlook Gold G-Slip"}]},{"@type":"WebSite","@id":"https:\/\/www.wojoer.de\/#website","url":"https:\/\/www.wojoer.de\/","name":"WOJOER","description":"clubwear for men","publisher":{"@id":"https:\/\/www.wojoer.de\/#organization"},"potentialAction":[{"@type":"SearchAction","target":{"@type":"EntryPoint","urlTemplate":"https:\/\/www.wojoer.de\/?s={search_term_string}"},"query-input":{"@type":"PropertyValueSpecification","valueRequired":true,"valueName":"search_term_string"}}],"inLanguage":"en-GB"},{"@type":"Organization","@id":"https:\/\/www.wojoer.de\/#organization","name":"Wonneberger-Manufaktur","url":"https:\/\/www.wojoer.de\/","logo":{"@type":"ImageObject","inLanguage":"en-GB","@id":"https:\/\/www.wojoer.de\/#\/schema\/logo\/image\/","url":"https:\/\/www.wojoer.de\/wp-content\/uploads\/2016\/11\/wonnebergermanufaktur_logo_BUTTON.png","contentUrl":"https:\/\/www.wojoer.de\/wp-content\/uploads\/2016\/11\/wonnebergermanufaktur_logo_BUTTON.png","width":765,"height":765,"caption":"Wonneberger-Manufaktur"},"image":{"@id":"https:\/\/www.wojoer.de\/#\/schema\/logo\/image\/"},"sameAs":["https:\/\/www.facebook.com\/wojoer\/","https:\/\/de.pinterest.com\/W0J0ER\/"]}]}},"_links":{"self":[{"href":"https:\/\/www.wojoer.de\/en\/wp-json\/wp\/v2\/product\/35338","targetHints":{"allow":["GET"]}}],"collection":[{"href":"https:\/\/www.wojoer.de\/en\/wp-json\/wp\/v2\/product"}],"about":[{"href":"https:\/\/www.wojoer.de\/en\/wp-json\/wp\/v2\/types\/product"}],"replies":[{"embeddable":true,"href":"https:\/\/www.wojoer.de\/en\/wp-json\/wp\/v2\/comments?post=35338"}],"wp:featuredmedia":[{"embeddable":true,"href":"https:\/\/www.wojoer.de\/en\/wp-json\/wp\/v2\/media\/41280"}],"wp:attachment":[{"href":"https:\/\/www.wojoer.de\/en\/wp-json\/wp\/v2\/media?parent=35338"}],"wp:term":[{"taxonomy":"product_brand","embeddable":true,"href":"https:\/\/www.wojoer.de\/en\/wp-json\/wp\/v2\/product_brand?post=35338"},{"taxonomy":"product_cat","embeddable":true,"href":"https:\/\/www.wojoer.de\/en\/wp-json\/wp\/v2\/product_cat?post=35338"},{"taxonomy":"product_tag","embeddable":true,"href":"https:\/\/www.wojoer.de\/en\/wp-json\/wp\/v2\/product_tag?post=35338"}],"curies":[{"name":"wp","href":"https:\/\/api.w.org\/{rel}","templated":true}]}}