{"id":35453,"date":"2021-06-08T10:26:33","date_gmt":"2021-06-08T08:26:33","guid":{"rendered":"https:\/\/www.wojoer.de\/?post_type=product&#038;p=35453"},"modified":"2025-01-22T08:24:46","modified_gmt":"2025-01-22T07:24:46","slug":"veganes-leder-muscleshirt-400t272","status":"publish","type":"product","link":"https:\/\/www.wojoer.de\/en\/produkt\/veganes-leder-muscleshirt-400t272\/","title":{"rendered":"Thin breathable leatherlike Muscle Shirt"},"content":{"rendered":"<p>Das Boxer Leder Muscleshirt 400T272 geh\u00f6rt zu den Wojoer LIVE-Produkten. Sie werden ab Bestellung bei uns produziert. So k\u00f6nnen wir auf Kundenw\u00fcnsche individuell eingehen.<\/p>\n<h3>Gr\u00f6\u00dfen<\/h3>\n<p>Erh\u00e4ltlich in den Gr\u00f6\u00dfen XS, S, M, L, XL, XXL<\/p>\n<h3>Materialzusammensetzung<\/h3>\n<p>veganes Lederimitat: 92% Polyester, 8% Elasthan<\/p>\n<h3>Besonderheiten<\/h3>\n<p><a href=\"http:\/\/www.wojoer.de\/?s=LIVE&#038;post_type=product\">LIVE-Produkt<\/a> \u00a0| elegant matt gl\u00e4nzende Oberfl\u00e4chenoptik\u00a0 | anschmiegsam | weiches dehnbares Material | hautenge Passform | exklusives R\u00fcckendetail | hochwertige Verarbeitung &#8220;Made in Germany&#8221;<\/p>\n<h3>Benutzerhinweise<\/h3>\n<p>kalte Handw\u00e4sche bis 30 Grad mit normaler Handseife | kein Weichsp\u00fcler oder Waschmittel<\/p>\n<h3>Boxer Muscleshirt aus veganem Leder<\/h3>\n<p>Mit diesem knappen Teil aus der WOJOER Boxer Serie wird jeder Auftritt zum unvergesslich hei\u00dfen Flirt.<\/p>\n<p>Das weiche erotische Material schmiegt sich perfekt an jeden Zentimeter deines K\u00f6rpers, durch die hautenge Schnittform wird jede Stelle umspannt und sinnlich ber\u00fchrt.<\/p>\n<p>Das raffinierte R\u00fcckendetail mit eingearbeiteten B\u00e4ndchen unterscheidet sich vom MainStream und macht dich zum Eyecatcher auf jeder Veranstaltung.<\/p>\n<p>Hei\u00dfe Blicke garantiert.<\/p>\n<p>&nbsp;<\/p>\n","protected":false},"excerpt":{"rendered":"<p>Das Boxer Leder Muscleshirt 400T272 geh\u00f6rt zu den Wojoer LIVE-Produkten. Sie werden ab Bestellung bei uns produziert. So k\u00f6nnen wir auf Kundenw\u00fcnsche individuell eingehen.<br \/>\nGr\u00f6\u00dfen<br \/>\nErh\u00e4ltlich in den Gr\u00f6\u00dfen XS, S, M, L, XL, XXL<br \/>\nMaterialzusammensetzung<br \/>\nveganes Lederimitat: 92% Polyester, 8% Elasthan<br \/>\nBesonderheiten<br \/>\nLIVE-Produkt \u00a0| elegant\u2026<\/p>\n","protected":false},"featured_media":33516,"comment_status":"open","ping_status":"closed","template":"","meta":[],"product_brand":[],"product_cat":[892,116,114,169,473,862,195,326],"product_tag":[194,440,856],"class_list":{"0":"post-35453","1":"product","2":"type-product","3":"status-publish","4":"has-post-thumbnail","6":"product_cat-400-boxer","7":"product_cat-clubwear","8":"product_cat-fetisch","9":"product_cat-nos-never-out-of-stock","10":"product_cat-men","11":"product_cat-men-only","12":"product_cat-produktion-auf-bestellung-liveproduktion","13":"product_cat-wojoer","14":"product_tag-leatherlike","15":"product_tag-matt","16":"product_tag-shirt","17":"pa_farbe-schwarz","18":"pa_groesse-l","19":"pa_groesse-m","20":"pa_groesse-s","21":"pa_groesse-xl","22":"pa_groesse-xs","23":"pa_groesse-xxl","24":"pif-has-gallery","25":"post-1","26":"odd","28":"first","29":"instock","30":"taxable","31":"shipping-taxable","32":"purchasable","33":"product-type-variable","34":"has-default-attributes"},"yoast_head":"<!-- This site is optimized with the Yoast SEO plugin v27.2 - https:\/\/yoast.com\/product\/yoast-seo-wordpress\/ -->\n<title>Leatherlike Top | thin and strechy, breathable | WOJOER<\/title>\n<meta name=\"description\" content=\"Order now and get free shipping within Germany\" \/>\n<meta name=\"robots\" content=\"index, follow, max-snippet:-1, max-image-preview:large, max-video-preview:-1\" \/>\n<link rel=\"canonical\" href=\"https:\/\/www.wojoer.de\/en\/produkt\/veganes-leder-muscleshirt-400t272\/\" \/>\n<meta name=\"twitter:card\" content=\"summary_large_image\" \/>\n<meta name=\"twitter:title\" content=\"Leatherlike Top | thin and strechy, breathable | WOJOER\" \/>\n<meta name=\"twitter:description\" content=\"Order now and get free shipping within Germany\" \/>\n<meta name=\"twitter:image\" content=\"https:\/\/www.wojoer.de\/wp-content\/uploads\/2021\/01\/400T272_Boxer_MuscleShirt_wojoer.jpg\" \/>\n<meta name=\"twitter:label1\" content=\"Estimated reading time\" \/>\n\t<meta name=\"twitter:data1\" content=\"1 minute\" \/>\n<script type=\"application\/ld+json\" class=\"yoast-schema-graph\">{\"@context\":\"https:\/\/schema.org\",\"@graph\":[{\"@type\":\"WebPage\",\"@id\":\"https:\/\/www.wojoer.de\/en\/produkt\/veganes-leder-muscleshirt-400t272\/\",\"url\":\"https:\/\/www.wojoer.de\/en\/produkt\/veganes-leder-muscleshirt-400t272\/\",\"name\":\"Leatherlike Top | thin and strechy, breathable | WOJOER\",\"isPartOf\":{\"@id\":\"https:\/\/www.wojoer.de\/#website\"},\"primaryImageOfPage\":{\"@id\":\"https:\/\/www.wojoer.de\/en\/produkt\/veganes-leder-muscleshirt-400t272\/#primaryimage\"},\"image\":{\"@id\":\"https:\/\/www.wojoer.de\/en\/produkt\/veganes-leder-muscleshirt-400t272\/#primaryimage\"},\"thumbnailUrl\":\"https:\/\/www.wojoer.de\/wp-content\/uploads\/2021\/01\/400T272_Boxer_MuscleShirt_wojoer.jpg\",\"datePublished\":\"2021-06-08T08:26:33+00:00\",\"dateModified\":\"2025-01-22T07:24:46+00:00\",\"description\":\"Order now and get free shipping within Germany\",\"breadcrumb\":{\"@id\":\"https:\/\/www.wojoer.de\/en\/produkt\/veganes-leder-muscleshirt-400t272\/#breadcrumb\"},\"inLanguage\":\"en-GB\",\"potentialAction\":[{\"@type\":\"ReadAction\",\"target\":[\"https:\/\/www.wojoer.de\/en\/produkt\/veganes-leder-muscleshirt-400t272\/\"]}]},{\"@type\":\"ImageObject\",\"inLanguage\":\"en-GB\",\"@id\":\"https:\/\/www.wojoer.de\/en\/produkt\/veganes-leder-muscleshirt-400t272\/#primaryimage\",\"url\":\"https:\/\/www.wojoer.de\/wp-content\/uploads\/2021\/01\/400T272_Boxer_MuscleShirt_wojoer.jpg\",\"contentUrl\":\"https:\/\/www.wojoer.de\/wp-content\/uploads\/2021\/01\/400T272_Boxer_MuscleShirt_wojoer.jpg\",\"width\":2002,\"height\":2002},{\"@type\":\"BreadcrumbList\",\"@id\":\"https:\/\/www.wojoer.de\/en\/produkt\/veganes-leder-muscleshirt-400t272\/#breadcrumb\",\"itemListElement\":[{\"@type\":\"ListItem\",\"position\":1,\"name\":\"Startseite\",\"item\":\"https:\/\/www.wojoer.de\/\"},{\"@type\":\"ListItem\",\"position\":2,\"name\":\"SHOP\",\"item\":\"https:\/\/www.wojoer.de\/shop\/\"},{\"@type\":\"ListItem\",\"position\":3,\"name\":\"Thin breathable leatherlike Muscle Shirt\"}]},{\"@type\":\"WebSite\",\"@id\":\"https:\/\/www.wojoer.de\/#website\",\"url\":\"https:\/\/www.wojoer.de\/\",\"name\":\"WOJOER\",\"description\":\"clubwear for men\",\"publisher\":{\"@id\":\"https:\/\/www.wojoer.de\/#organization\"},\"potentialAction\":[{\"@type\":\"SearchAction\",\"target\":{\"@type\":\"EntryPoint\",\"urlTemplate\":\"https:\/\/www.wojoer.de\/?s={search_term_string}\"},\"query-input\":{\"@type\":\"PropertyValueSpecification\",\"valueRequired\":true,\"valueName\":\"search_term_string\"}}],\"inLanguage\":\"en-GB\"},{\"@type\":\"Organization\",\"@id\":\"https:\/\/www.wojoer.de\/#organization\",\"name\":\"Wonneberger-Manufaktur\",\"url\":\"https:\/\/www.wojoer.de\/\",\"logo\":{\"@type\":\"ImageObject\",\"inLanguage\":\"en-GB\",\"@id\":\"https:\/\/www.wojoer.de\/#\/schema\/logo\/image\/\",\"url\":\"https:\/\/www.wojoer.de\/wp-content\/uploads\/2016\/11\/wonnebergermanufaktur_logo_BUTTON.png\",\"contentUrl\":\"https:\/\/www.wojoer.de\/wp-content\/uploads\/2016\/11\/wonnebergermanufaktur_logo_BUTTON.png\",\"width\":765,\"height\":765,\"caption\":\"Wonneberger-Manufaktur\"},\"image\":{\"@id\":\"https:\/\/www.wojoer.de\/#\/schema\/logo\/image\/\"},\"sameAs\":[\"https:\/\/www.facebook.com\/wojoer\/\",\"https:\/\/de.pinterest.com\/W0J0ER\/\"]}]}<\/script>\n<!-- \/ Yoast SEO plugin. -->","yoast_head_json":{"title":"Leatherlike Top | thin and strechy, breathable | WOJOER","description":"Order now and get free shipping within Germany","robots":{"index":"index","follow":"follow","max-snippet":"max-snippet:-1","max-image-preview":"max-image-preview:large","max-video-preview":"max-video-preview:-1"},"canonical":"https:\/\/www.wojoer.de\/en\/produkt\/veganes-leder-muscleshirt-400t272\/","twitter_card":"summary_large_image","twitter_title":"[:de]Leder Muscleshirt | vegan | matt gl\u00e4nzend | R\u00fcckendetail | WOJOER[:en]Leatherlike Top | thin and strechy, breathable | WOJOER[:]","twitter_description":"[:de]veganes Leder Muscleshirt - enganliegend, matt gl\u00e4nzend, exklusives R\u00fcckendetail, jetzt versandkostenfrei innerhalb Deutschlands bestellen[:en]Order now and get free shipping within Germany[:]","twitter_image":"https:\/\/www.wojoer.de\/wp-content\/uploads\/2021\/01\/400T272_Boxer_MuscleShirt_wojoer.jpg","twitter_misc":{"Estimated reading time":"1 minute"},"schema":{"@context":"https:\/\/schema.org","@graph":[{"@type":"WebPage","@id":"https:\/\/www.wojoer.de\/en\/produkt\/veganes-leder-muscleshirt-400t272\/","url":"https:\/\/www.wojoer.de\/en\/produkt\/veganes-leder-muscleshirt-400t272\/","name":"Leatherlike Top | thin and strechy, breathable | WOJOER","isPartOf":{"@id":"https:\/\/www.wojoer.de\/#website"},"primaryImageOfPage":{"@id":"https:\/\/www.wojoer.de\/en\/produkt\/veganes-leder-muscleshirt-400t272\/#primaryimage"},"image":{"@id":"https:\/\/www.wojoer.de\/en\/produkt\/veganes-leder-muscleshirt-400t272\/#primaryimage"},"thumbnailUrl":"https:\/\/www.wojoer.de\/wp-content\/uploads\/2021\/01\/400T272_Boxer_MuscleShirt_wojoer.jpg","datePublished":"2021-06-08T08:26:33+00:00","dateModified":"2025-01-22T07:24:46+00:00","description":"Order now and get free shipping within Germany","breadcrumb":{"@id":"https:\/\/www.wojoer.de\/en\/produkt\/veganes-leder-muscleshirt-400t272\/#breadcrumb"},"inLanguage":"en-GB","potentialAction":[{"@type":"ReadAction","target":["https:\/\/www.wojoer.de\/en\/produkt\/veganes-leder-muscleshirt-400t272\/"]}]},{"@type":"ImageObject","inLanguage":"en-GB","@id":"https:\/\/www.wojoer.de\/en\/produkt\/veganes-leder-muscleshirt-400t272\/#primaryimage","url":"https:\/\/www.wojoer.de\/wp-content\/uploads\/2021\/01\/400T272_Boxer_MuscleShirt_wojoer.jpg","contentUrl":"https:\/\/www.wojoer.de\/wp-content\/uploads\/2021\/01\/400T272_Boxer_MuscleShirt_wojoer.jpg","width":2002,"height":2002},{"@type":"BreadcrumbList","@id":"https:\/\/www.wojoer.de\/en\/produkt\/veganes-leder-muscleshirt-400t272\/#breadcrumb","itemListElement":[{"@type":"ListItem","position":1,"name":"Startseite","item":"https:\/\/www.wojoer.de\/"},{"@type":"ListItem","position":2,"name":"SHOP","item":"https:\/\/www.wojoer.de\/shop\/"},{"@type":"ListItem","position":3,"name":"Thin breathable leatherlike Muscle Shirt"}]},{"@type":"WebSite","@id":"https:\/\/www.wojoer.de\/#website","url":"https:\/\/www.wojoer.de\/","name":"WOJOER","description":"clubwear for men","publisher":{"@id":"https:\/\/www.wojoer.de\/#organization"},"potentialAction":[{"@type":"SearchAction","target":{"@type":"EntryPoint","urlTemplate":"https:\/\/www.wojoer.de\/?s={search_term_string}"},"query-input":{"@type":"PropertyValueSpecification","valueRequired":true,"valueName":"search_term_string"}}],"inLanguage":"en-GB"},{"@type":"Organization","@id":"https:\/\/www.wojoer.de\/#organization","name":"Wonneberger-Manufaktur","url":"https:\/\/www.wojoer.de\/","logo":{"@type":"ImageObject","inLanguage":"en-GB","@id":"https:\/\/www.wojoer.de\/#\/schema\/logo\/image\/","url":"https:\/\/www.wojoer.de\/wp-content\/uploads\/2016\/11\/wonnebergermanufaktur_logo_BUTTON.png","contentUrl":"https:\/\/www.wojoer.de\/wp-content\/uploads\/2016\/11\/wonnebergermanufaktur_logo_BUTTON.png","width":765,"height":765,"caption":"Wonneberger-Manufaktur"},"image":{"@id":"https:\/\/www.wojoer.de\/#\/schema\/logo\/image\/"},"sameAs":["https:\/\/www.facebook.com\/wojoer\/","https:\/\/de.pinterest.com\/W0J0ER\/"]}]}},"_links":{"self":[{"href":"https:\/\/www.wojoer.de\/en\/wp-json\/wp\/v2\/product\/35453","targetHints":{"allow":["GET"]}}],"collection":[{"href":"https:\/\/www.wojoer.de\/en\/wp-json\/wp\/v2\/product"}],"about":[{"href":"https:\/\/www.wojoer.de\/en\/wp-json\/wp\/v2\/types\/product"}],"replies":[{"embeddable":true,"href":"https:\/\/www.wojoer.de\/en\/wp-json\/wp\/v2\/comments?post=35453"}],"wp:featuredmedia":[{"embeddable":true,"href":"https:\/\/www.wojoer.de\/en\/wp-json\/wp\/v2\/media\/33516"}],"wp:attachment":[{"href":"https:\/\/www.wojoer.de\/en\/wp-json\/wp\/v2\/media?parent=35453"}],"wp:term":[{"taxonomy":"product_brand","embeddable":true,"href":"https:\/\/www.wojoer.de\/en\/wp-json\/wp\/v2\/product_brand?post=35453"},{"taxonomy":"product_cat","embeddable":true,"href":"https:\/\/www.wojoer.de\/en\/wp-json\/wp\/v2\/product_cat?post=35453"},{"taxonomy":"product_tag","embeddable":true,"href":"https:\/\/www.wojoer.de\/en\/wp-json\/wp\/v2\/product_tag?post=35453"}],"curies":[{"name":"wp","href":"https:\/\/api.w.org\/{rel}","templated":true}]}}