{"id":35522,"date":"2022-01-22T12:53:42","date_gmt":"2022-01-22T11:53:42","guid":{"rendered":"https:\/\/www.wojoer.de\/?post_type=product&#038;p=35522"},"modified":"2026-01-05T11:39:41","modified_gmt":"2026-01-05T10:39:41","slug":"boxer-leggings-400w601-3","status":"publish","type":"product","link":"https:\/\/www.wojoer.de\/en\/produkt\/boxer-leggings-400w601-3\/","title":{"rendered":"Boxer Leggings"},"content":{"rendered":"<p>Produktion auf Bestellung, denn die Boxer Leggings 400W601.3 geh\u00f6rt in die Kategorie: Wojoer &#8220;LIVE-Produkte&#8221;!<\/p>\n<h3>Gr\u00f6\u00dfen<\/h3>\n<p>Erh\u00e4ltlich in den Gr\u00f6\u00dfen S, M, L, XL<\/p>\n<h3>Materialzusammensetzung<\/h3>\n<p>92% Polyester\u00a0 |8% Elasthan<\/p>\n<h3>Besonderheiten<\/h3>\n<p><a href=\"http:\/\/www.wojoer.de\/?s=Live&#038;post_type=product\">Live Produkt<\/a> | matt gl\u00e4nzend | sehr dehnbares Material | hautenge Passform | aufwendiges Suspensorium | hochwertige Verarbeitung &#8220;Made in Germany&#8221;<\/p>\n<h3>Benutzerhinweise<\/h3>\n<p>kalte Handw\u00e4sche bis 30 Grad mit normaler Handseife | kein Weichsp\u00fcler oder Waschmittel<\/p>\n<h3>Boxer Leggings\u00a0 &#8211; sexy Leggings mit verf\u00fchrerischen Suspensorium<\/h3>\n<p>Diese hautenge Leggings umschmeichelt den K\u00f6rper wie eine sexy zweite Haut, ein Gef\u00fchl von erregender Enge und zugleich grenzenloser Freiheit \u00fcber den schnellen Zugriff zum besten St\u00fcck. Sie ist knapp und schlank geschnitten und umzeichnet jede Kurve des K\u00f6rpers.<\/p>\n<p>Der matt gl\u00e4nzende leatherlike &#8211; Stoff bringt das Blut auf Hochtouren und f\u00fchlt sich weich und geschmeidig an. Das extravagant geschnittenen Suspensorium mit B\u00e4ndern schreit f\u00f6rmlich danach befreit zu werden.<\/p>\n","protected":false},"excerpt":{"rendered":"<p>Produktion auf Bestellung, denn die Boxer Leggings 400W601.3 geh\u00f6rt in die Kategorie: Wojoer &#8220;LIVE-Produkte&#8221;!<br \/>\nGr\u00f6\u00dfen<br \/>\nErh\u00e4ltlich in den Gr\u00f6\u00dfen S, M, L, XL<br \/>\nMaterialzusammensetzung<br \/>\n92% Polyester\u00a0 |8% Elasthan<br \/>\nBesonderheiten<br \/>\nLive Produkt | matt gl\u00e4nzend | sehr dehnbares Material | hautenge Passform | aufwendiges Suspensorium | hochwertige\u2026<\/p>\n","protected":false},"featured_media":33529,"comment_status":"open","ping_status":"closed","template":"","meta":[],"product_brand":[],"product_cat":[892,116,169,473,862,326],"product_tag":[194,244,440],"class_list":{"0":"post-35522","1":"product","2":"type-product","3":"status-publish","4":"has-post-thumbnail","6":"product_cat-400-boxer","7":"product_cat-clubwear","8":"product_cat-nos-never-out-of-stock","9":"product_cat-men","10":"product_cat-men-only","11":"product_cat-wojoer","12":"product_tag-leatherlike","13":"product_tag-leggings","14":"product_tag-matt","15":"pa_farbe-schwarz","16":"pa_groesse-l","17":"pa_groesse-m","18":"pa_groesse-s","19":"pa_groesse-xl","20":"pif-has-gallery","21":"post-1","22":"odd","24":"first","25":"instock","26":"taxable","27":"shipping-taxable","28":"purchasable","29":"product-type-variable"},"yoast_head":"<!-- This site is optimized with the Yoast SEO plugin v27.2 - https:\/\/yoast.com\/product\/yoast-seo-wordpress\/ -->\n<title>Wet Silk Minisock Slip | suitable for bathing| rose | WOJOER |<\/title>\n<meta name=\"description\" content=\"Wet Silk Mini Sock Slip. Particularly striking and elegant briefs available in various colors from WOJOER. Soft, stretchy material - Order now for free shipping.\" \/>\n<meta name=\"robots\" content=\"index, follow, max-snippet:-1, max-image-preview:large, max-video-preview:-1\" \/>\n<link rel=\"canonical\" href=\"https:\/\/www.wojoer.de\/en\/produkt\/boxer-leggings-400w601-3\/\" \/>\n<meta name=\"twitter:card\" content=\"summary_large_image\" \/>\n<meta name=\"twitter:title\" content=\"Wet Silk Minisock Slip | suitable for bathing| rose | WOJOER |\" \/>\n<meta name=\"twitter:description\" content=\"Wet Silk Mini Sock Slip. Particularly striking and elegant briefs available in various colors from WOJOER. Soft, stretchy material - Order now for free shipping.\" \/>\n<meta name=\"twitter:image\" content=\"https:\/\/www.wojoer.de\/wp-content\/uploads\/2021\/01\/400W601_4_boxer_leggings_leatherlike_side1_wojoer.jpg\" \/>\n<meta name=\"twitter:label1\" content=\"Estimated reading time\" \/>\n\t<meta name=\"twitter:data1\" content=\"1 minute\" \/>\n<script type=\"application\/ld+json\" class=\"yoast-schema-graph\">{\"@context\":\"https:\/\/schema.org\",\"@graph\":[{\"@type\":\"WebPage\",\"@id\":\"https:\/\/www.wojoer.de\/en\/produkt\/boxer-leggings-400w601-3\/\",\"url\":\"https:\/\/www.wojoer.de\/en\/produkt\/boxer-leggings-400w601-3\/\",\"name\":\"Wet Silk Minisock Slip | suitable for bathing| rose | WOJOER |\",\"isPartOf\":{\"@id\":\"https:\/\/www.wojoer.de\/#website\"},\"primaryImageOfPage\":{\"@id\":\"https:\/\/www.wojoer.de\/en\/produkt\/boxer-leggings-400w601-3\/#primaryimage\"},\"image\":{\"@id\":\"https:\/\/www.wojoer.de\/en\/produkt\/boxer-leggings-400w601-3\/#primaryimage\"},\"thumbnailUrl\":\"https:\/\/www.wojoer.de\/wp-content\/uploads\/2021\/01\/400W601_4_boxer_leggings_leatherlike_side1_wojoer.jpg\",\"datePublished\":\"2022-01-22T11:53:42+00:00\",\"dateModified\":\"2026-01-05T10:39:41+00:00\",\"description\":\"Wet Silk Mini Sock Slip. Particularly striking and elegant briefs available in various colors from WOJOER. Soft, stretchy material - Order now for free shipping.\",\"breadcrumb\":{\"@id\":\"https:\/\/www.wojoer.de\/en\/produkt\/boxer-leggings-400w601-3\/#breadcrumb\"},\"inLanguage\":\"en-GB\",\"potentialAction\":[{\"@type\":\"ReadAction\",\"target\":[\"https:\/\/www.wojoer.de\/en\/produkt\/boxer-leggings-400w601-3\/\"]}]},{\"@type\":\"ImageObject\",\"inLanguage\":\"en-GB\",\"@id\":\"https:\/\/www.wojoer.de\/en\/produkt\/boxer-leggings-400w601-3\/#primaryimage\",\"url\":\"https:\/\/www.wojoer.de\/wp-content\/uploads\/2021\/01\/400W601_4_boxer_leggings_leatherlike_side1_wojoer.jpg\",\"contentUrl\":\"https:\/\/www.wojoer.de\/wp-content\/uploads\/2021\/01\/400W601_4_boxer_leggings_leatherlike_side1_wojoer.jpg\",\"width\":2002,\"height\":2002},{\"@type\":\"BreadcrumbList\",\"@id\":\"https:\/\/www.wojoer.de\/en\/produkt\/boxer-leggings-400w601-3\/#breadcrumb\",\"itemListElement\":[{\"@type\":\"ListItem\",\"position\":1,\"name\":\"Startseite\",\"item\":\"https:\/\/www.wojoer.de\/\"},{\"@type\":\"ListItem\",\"position\":2,\"name\":\"SHOP\",\"item\":\"https:\/\/www.wojoer.de\/shop\/\"},{\"@type\":\"ListItem\",\"position\":3,\"name\":\"Boxer Leggings\"}]},{\"@type\":\"WebSite\",\"@id\":\"https:\/\/www.wojoer.de\/#website\",\"url\":\"https:\/\/www.wojoer.de\/\",\"name\":\"WOJOER\",\"description\":\"clubwear for men\",\"publisher\":{\"@id\":\"https:\/\/www.wojoer.de\/#organization\"},\"potentialAction\":[{\"@type\":\"SearchAction\",\"target\":{\"@type\":\"EntryPoint\",\"urlTemplate\":\"https:\/\/www.wojoer.de\/?s={search_term_string}\"},\"query-input\":{\"@type\":\"PropertyValueSpecification\",\"valueRequired\":true,\"valueName\":\"search_term_string\"}}],\"inLanguage\":\"en-GB\"},{\"@type\":\"Organization\",\"@id\":\"https:\/\/www.wojoer.de\/#organization\",\"name\":\"Wonneberger-Manufaktur\",\"url\":\"https:\/\/www.wojoer.de\/\",\"logo\":{\"@type\":\"ImageObject\",\"inLanguage\":\"en-GB\",\"@id\":\"https:\/\/www.wojoer.de\/#\/schema\/logo\/image\/\",\"url\":\"https:\/\/www.wojoer.de\/wp-content\/uploads\/2016\/11\/wonnebergermanufaktur_logo_BUTTON.png\",\"contentUrl\":\"https:\/\/www.wojoer.de\/wp-content\/uploads\/2016\/11\/wonnebergermanufaktur_logo_BUTTON.png\",\"width\":765,\"height\":765,\"caption\":\"Wonneberger-Manufaktur\"},\"image\":{\"@id\":\"https:\/\/www.wojoer.de\/#\/schema\/logo\/image\/\"},\"sameAs\":[\"https:\/\/www.facebook.com\/wojoer\/\",\"https:\/\/de.pinterest.com\/W0J0ER\/\"]}]}<\/script>\n<!-- \/ Yoast SEO plugin. -->","yoast_head_json":{"title":"Wet Silk Minisock Slip | suitable for bathing| rose | WOJOER |","description":"Wet Silk Mini Sock Slip. Particularly striking and elegant briefs available in various colors from WOJOER. Soft, stretchy material - Order now for free shipping.","robots":{"index":"index","follow":"follow","max-snippet":"max-snippet:-1","max-image-preview":"max-image-preview:large","max-video-preview":"max-video-preview:-1"},"canonical":"https:\/\/www.wojoer.de\/en\/produkt\/boxer-leggings-400w601-3\/","twitter_card":"summary_large_image","twitter_title":"[:de]Boxer Leder Leggings | schwarz | matt gl\u00e4nzend | WOJOER |[:en]Wet Silk Minisock Slip | suitable for bathing| rose | WOJOER |[:]","twitter_description":"[:de]Boxer Leggings ist ein besonders auff\u00e4lliger und eleganter Hipster in matt gl\u00e4nzendem schwarz von WOJOER - Jetzt versandkostenfrei bestellen.[:en]Wet Silk Mini Sock Slip. Particularly striking and elegant briefs available in various colors from WOJOER. Soft, stretchy material - Order now for free shipping.[:]","twitter_image":"https:\/\/www.wojoer.de\/wp-content\/uploads\/2021\/01\/400W601_4_boxer_leggings_leatherlike_side1_wojoer.jpg","twitter_misc":{"Estimated reading time":"1 minute"},"schema":{"@context":"https:\/\/schema.org","@graph":[{"@type":"WebPage","@id":"https:\/\/www.wojoer.de\/en\/produkt\/boxer-leggings-400w601-3\/","url":"https:\/\/www.wojoer.de\/en\/produkt\/boxer-leggings-400w601-3\/","name":"Wet Silk Minisock Slip | suitable for bathing| rose | WOJOER |","isPartOf":{"@id":"https:\/\/www.wojoer.de\/#website"},"primaryImageOfPage":{"@id":"https:\/\/www.wojoer.de\/en\/produkt\/boxer-leggings-400w601-3\/#primaryimage"},"image":{"@id":"https:\/\/www.wojoer.de\/en\/produkt\/boxer-leggings-400w601-3\/#primaryimage"},"thumbnailUrl":"https:\/\/www.wojoer.de\/wp-content\/uploads\/2021\/01\/400W601_4_boxer_leggings_leatherlike_side1_wojoer.jpg","datePublished":"2022-01-22T11:53:42+00:00","dateModified":"2026-01-05T10:39:41+00:00","description":"Wet Silk Mini Sock Slip. Particularly striking and elegant briefs available in various colors from WOJOER. Soft, stretchy material - Order now for free shipping.","breadcrumb":{"@id":"https:\/\/www.wojoer.de\/en\/produkt\/boxer-leggings-400w601-3\/#breadcrumb"},"inLanguage":"en-GB","potentialAction":[{"@type":"ReadAction","target":["https:\/\/www.wojoer.de\/en\/produkt\/boxer-leggings-400w601-3\/"]}]},{"@type":"ImageObject","inLanguage":"en-GB","@id":"https:\/\/www.wojoer.de\/en\/produkt\/boxer-leggings-400w601-3\/#primaryimage","url":"https:\/\/www.wojoer.de\/wp-content\/uploads\/2021\/01\/400W601_4_boxer_leggings_leatherlike_side1_wojoer.jpg","contentUrl":"https:\/\/www.wojoer.de\/wp-content\/uploads\/2021\/01\/400W601_4_boxer_leggings_leatherlike_side1_wojoer.jpg","width":2002,"height":2002},{"@type":"BreadcrumbList","@id":"https:\/\/www.wojoer.de\/en\/produkt\/boxer-leggings-400w601-3\/#breadcrumb","itemListElement":[{"@type":"ListItem","position":1,"name":"Startseite","item":"https:\/\/www.wojoer.de\/"},{"@type":"ListItem","position":2,"name":"SHOP","item":"https:\/\/www.wojoer.de\/shop\/"},{"@type":"ListItem","position":3,"name":"Boxer Leggings"}]},{"@type":"WebSite","@id":"https:\/\/www.wojoer.de\/#website","url":"https:\/\/www.wojoer.de\/","name":"WOJOER","description":"clubwear for men","publisher":{"@id":"https:\/\/www.wojoer.de\/#organization"},"potentialAction":[{"@type":"SearchAction","target":{"@type":"EntryPoint","urlTemplate":"https:\/\/www.wojoer.de\/?s={search_term_string}"},"query-input":{"@type":"PropertyValueSpecification","valueRequired":true,"valueName":"search_term_string"}}],"inLanguage":"en-GB"},{"@type":"Organization","@id":"https:\/\/www.wojoer.de\/#organization","name":"Wonneberger-Manufaktur","url":"https:\/\/www.wojoer.de\/","logo":{"@type":"ImageObject","inLanguage":"en-GB","@id":"https:\/\/www.wojoer.de\/#\/schema\/logo\/image\/","url":"https:\/\/www.wojoer.de\/wp-content\/uploads\/2016\/11\/wonnebergermanufaktur_logo_BUTTON.png","contentUrl":"https:\/\/www.wojoer.de\/wp-content\/uploads\/2016\/11\/wonnebergermanufaktur_logo_BUTTON.png","width":765,"height":765,"caption":"Wonneberger-Manufaktur"},"image":{"@id":"https:\/\/www.wojoer.de\/#\/schema\/logo\/image\/"},"sameAs":["https:\/\/www.facebook.com\/wojoer\/","https:\/\/de.pinterest.com\/W0J0ER\/"]}]}},"_links":{"self":[{"href":"https:\/\/www.wojoer.de\/en\/wp-json\/wp\/v2\/product\/35522","targetHints":{"allow":["GET"]}}],"collection":[{"href":"https:\/\/www.wojoer.de\/en\/wp-json\/wp\/v2\/product"}],"about":[{"href":"https:\/\/www.wojoer.de\/en\/wp-json\/wp\/v2\/types\/product"}],"replies":[{"embeddable":true,"href":"https:\/\/www.wojoer.de\/en\/wp-json\/wp\/v2\/comments?post=35522"}],"wp:featuredmedia":[{"embeddable":true,"href":"https:\/\/www.wojoer.de\/en\/wp-json\/wp\/v2\/media\/33529"}],"wp:attachment":[{"href":"https:\/\/www.wojoer.de\/en\/wp-json\/wp\/v2\/media?parent=35522"}],"wp:term":[{"taxonomy":"product_brand","embeddable":true,"href":"https:\/\/www.wojoer.de\/en\/wp-json\/wp\/v2\/product_brand?post=35522"},{"taxonomy":"product_cat","embeddable":true,"href":"https:\/\/www.wojoer.de\/en\/wp-json\/wp\/v2\/product_cat?post=35522"},{"taxonomy":"product_tag","embeddable":true,"href":"https:\/\/www.wojoer.de\/en\/wp-json\/wp\/v2\/product_tag?post=35522"}],"curies":[{"name":"wp","href":"https:\/\/api.w.org\/{rel}","templated":true}]}}