{"id":35527,"date":"2022-01-22T14:35:18","date_gmt":"2022-01-22T13:35:18","guid":{"rendered":"https:\/\/www.wojoer.de\/?post_type=product&#038;p=35527"},"modified":"2025-01-22T08:22:33","modified_gmt":"2025-01-22T07:22:33","slug":"boxer-leder-pants-400w603-3","status":"publish","type":"product","link":"https:\/\/www.wojoer.de\/en\/produkt\/boxer-leder-pants-400w603-3\/","title":{"rendered":"Boxer Quick Fun Action Pants 400W603.3"},"content":{"rendered":"<p>Das Boxer Leder Pants 400W603.3 geh\u00f6rt zu den Wojoer LIVE-Produkten. Sie werden ab Bestellung bei uns produziert. So k\u00f6nnen wir auf Kundenw\u00fcnsche individuell eingehen.<\/p>\n<h3>Gr\u00f6\u00dfen<\/h3>\n<p>Erh\u00e4ltlich in den Gr\u00f6\u00dfen XS, S, M, L, XL, XXL<\/p>\n<h3>Materialzusammensetzung<\/h3>\n<p>veganes Lederimitat: 92% Polyester, 8% Elasthan<\/p>\n<h3>Besonderheiten<\/h3>\n<p><a href=\"http:\/\/www.wojoer.de\/?s=LIVE&#038;post_type=product\">LIVE-Produkt<\/a> \u00a0| elegant matt gl\u00e4nzende Oberfl\u00e4chenoptik\u00a0 | anschmiegsam | weiches dehnbares Material | hautenge Passform | sexy Suspensorium | hochwertige Verarbeitung &#8220;Made in Germany&#8221;<\/p>\n<h3>Benutzerhinweise<\/h3>\n<p>kalte Handw\u00e4sche bis 30 Grad mit normaler Handseife | kein Weichsp\u00fcler oder Waschmittel<\/p>\n<h3>Boxer Pants aus veganem Leder<\/h3>\n<p>Diese hautenge Pants umschmeichelt den K\u00f6rper wie eine sexy zweite Haut, ein Gef\u00fchl von erregender Enge und zugleich grenzenloser Freiheit \u00fcber den schnellen Zugriff zum besten St\u00fcck. Sie ist knapp geschnitten und umzeichnet jede Kurve des K\u00f6rpers.<\/p>\n<p>Der matt gl\u00e4nzende leatherlike &#8211; Stoff bringt das Blut auf Hochtouren und f\u00fchlt sich weich und geschmeidig an. Das extravagant geschnittenen Suspensorium mit B\u00e4ndern schreit f\u00f6rmlich danach befreit zu werden.<\/p>\n<p>&nbsp;<\/p>\n<p>&nbsp;<\/p>\n","protected":false},"excerpt":{"rendered":"<p>Das Boxer Leder Pants 400W603.3 geh\u00f6rt zu den Wojoer LIVE-Produkten. Sie werden ab Bestellung bei uns produziert. So k\u00f6nnen wir auf Kundenw\u00fcnsche individuell eingehen.<br \/>\nGr\u00f6\u00dfen<br \/>\nErh\u00e4ltlich in den Gr\u00f6\u00dfen XS, S, M, L, XL, XXL<br \/>\nMaterialzusammensetzung<br \/>\nveganes Lederimitat: 92% Polyester, 8% Elasthan<br \/>\nBesonderheiten<br \/>\nLIVE-Produkt \u00a0| elegant\u2026<\/p>\n","protected":false},"featured_media":33532,"comment_status":"open","ping_status":"closed","template":"","meta":[],"product_brand":[],"product_cat":[892,116,169,473,862,326],"product_tag":[194,440,273],"class_list":{"0":"post-35527","1":"product","2":"type-product","3":"status-publish","4":"has-post-thumbnail","6":"product_cat-400-boxer","7":"product_cat-clubwear","8":"product_cat-nos-never-out-of-stock","9":"product_cat-men","10":"product_cat-men-only","11":"product_cat-wojoer","12":"product_tag-leatherlike","13":"product_tag-matt","14":"product_tag-pants","15":"pa_farbe-schwarz","16":"pa_groesse-l","17":"pa_groesse-m","18":"pa_groesse-s","19":"pa_groesse-xl","20":"pa_groesse-xs","21":"pa_groesse-xxl","22":"pif-has-gallery","23":"post-1","24":"odd","26":"first","27":"instock","28":"taxable","29":"shipping-taxable","30":"purchasable","31":"product-type-variable","32":"has-default-attributes"},"yoast_head":"<!-- This site is optimized with the Yoast SEO plugin v27.2 - https:\/\/yoast.com\/product\/yoast-seo-wordpress\/ -->\n<title>Neopren Ouverte String | Bathing string white | WOJOER<\/title>\n<meta name=\"description\" content=\"Neoprene Ouverte String - unusually scarce. Not only is the smooth skin neoprene made in Germany unusually erotic, the open jockstrap also invites you to hot hours! Order free shipping within Germany now!\" \/>\n<meta name=\"robots\" content=\"index, follow, max-snippet:-1, max-image-preview:large, max-video-preview:-1\" \/>\n<link rel=\"canonical\" href=\"https:\/\/www.wojoer.de\/en\/produkt\/boxer-leder-pants-400w603-3\/\" \/>\n<meta name=\"twitter:card\" content=\"summary_large_image\" \/>\n<meta name=\"twitter:title\" content=\"Neopren Ouverte String | Bathing string white | WOJOER\" \/>\n<meta name=\"twitter:description\" content=\"Neoprene Ouverte String - unusually scarce. Not only is the smooth skin neoprene made in Germany unusually erotic, the open jockstrap also invites you to hot hours! Order free shipping within Germany now!\" \/>\n<meta name=\"twitter:image\" content=\"https:\/\/www.wojoer.de\/wp-content\/uploads\/2021\/01\/400W603_4_Boxer_Pants_side_wojoer.jpg\" \/>\n<meta name=\"twitter:label1\" content=\"Estimated reading time\" \/>\n\t<meta name=\"twitter:data1\" content=\"2 minutes\" \/>\n<script type=\"application\/ld+json\" class=\"yoast-schema-graph\">{\"@context\":\"https:\/\/schema.org\",\"@graph\":[{\"@type\":\"WebPage\",\"@id\":\"https:\/\/www.wojoer.de\/en\/produkt\/boxer-leder-pants-400w603-3\/\",\"url\":\"https:\/\/www.wojoer.de\/en\/produkt\/boxer-leder-pants-400w603-3\/\",\"name\":\"Neopren Ouverte String | Bathing string white | WOJOER\",\"isPartOf\":{\"@id\":\"https:\/\/www.wojoer.de\/#website\"},\"primaryImageOfPage\":{\"@id\":\"https:\/\/www.wojoer.de\/en\/produkt\/boxer-leder-pants-400w603-3\/#primaryimage\"},\"image\":{\"@id\":\"https:\/\/www.wojoer.de\/en\/produkt\/boxer-leder-pants-400w603-3\/#primaryimage\"},\"thumbnailUrl\":\"https:\/\/www.wojoer.de\/wp-content\/uploads\/2021\/01\/400W603_4_Boxer_Pants_side_wojoer.jpg\",\"datePublished\":\"2022-01-22T13:35:18+00:00\",\"dateModified\":\"2025-01-22T07:22:33+00:00\",\"description\":\"Neoprene Ouverte String - unusually scarce. Not only is the smooth skin neoprene made in Germany unusually erotic, the open jockstrap also invites you to hot hours! Order free shipping within Germany now!\",\"breadcrumb\":{\"@id\":\"https:\/\/www.wojoer.de\/en\/produkt\/boxer-leder-pants-400w603-3\/#breadcrumb\"},\"inLanguage\":\"en-GB\",\"potentialAction\":[{\"@type\":\"ReadAction\",\"target\":[\"https:\/\/www.wojoer.de\/en\/produkt\/boxer-leder-pants-400w603-3\/\"]}]},{\"@type\":\"ImageObject\",\"inLanguage\":\"en-GB\",\"@id\":\"https:\/\/www.wojoer.de\/en\/produkt\/boxer-leder-pants-400w603-3\/#primaryimage\",\"url\":\"https:\/\/www.wojoer.de\/wp-content\/uploads\/2021\/01\/400W603_4_Boxer_Pants_side_wojoer.jpg\",\"contentUrl\":\"https:\/\/www.wojoer.de\/wp-content\/uploads\/2021\/01\/400W603_4_Boxer_Pants_side_wojoer.jpg\",\"width\":2002,\"height\":2002},{\"@type\":\"BreadcrumbList\",\"@id\":\"https:\/\/www.wojoer.de\/en\/produkt\/boxer-leder-pants-400w603-3\/#breadcrumb\",\"itemListElement\":[{\"@type\":\"ListItem\",\"position\":1,\"name\":\"Startseite\",\"item\":\"https:\/\/www.wojoer.de\/\"},{\"@type\":\"ListItem\",\"position\":2,\"name\":\"SHOP\",\"item\":\"https:\/\/www.wojoer.de\/shop\/\"},{\"@type\":\"ListItem\",\"position\":3,\"name\":\"Boxer Quick Fun Action Pants 400W603.3\"}]},{\"@type\":\"WebSite\",\"@id\":\"https:\/\/www.wojoer.de\/#website\",\"url\":\"https:\/\/www.wojoer.de\/\",\"name\":\"WOJOER\",\"description\":\"clubwear for men\",\"publisher\":{\"@id\":\"https:\/\/www.wojoer.de\/#organization\"},\"potentialAction\":[{\"@type\":\"SearchAction\",\"target\":{\"@type\":\"EntryPoint\",\"urlTemplate\":\"https:\/\/www.wojoer.de\/?s={search_term_string}\"},\"query-input\":{\"@type\":\"PropertyValueSpecification\",\"valueRequired\":true,\"valueName\":\"search_term_string\"}}],\"inLanguage\":\"en-GB\"},{\"@type\":\"Organization\",\"@id\":\"https:\/\/www.wojoer.de\/#organization\",\"name\":\"Wonneberger-Manufaktur\",\"url\":\"https:\/\/www.wojoer.de\/\",\"logo\":{\"@type\":\"ImageObject\",\"inLanguage\":\"en-GB\",\"@id\":\"https:\/\/www.wojoer.de\/#\/schema\/logo\/image\/\",\"url\":\"https:\/\/www.wojoer.de\/wp-content\/uploads\/2016\/11\/wonnebergermanufaktur_logo_BUTTON.png\",\"contentUrl\":\"https:\/\/www.wojoer.de\/wp-content\/uploads\/2016\/11\/wonnebergermanufaktur_logo_BUTTON.png\",\"width\":765,\"height\":765,\"caption\":\"Wonneberger-Manufaktur\"},\"image\":{\"@id\":\"https:\/\/www.wojoer.de\/#\/schema\/logo\/image\/\"},\"sameAs\":[\"https:\/\/www.facebook.com\/wojoer\/\",\"https:\/\/de.pinterest.com\/W0J0ER\/\"]}]}<\/script>\n<!-- \/ Yoast SEO plugin. -->","yoast_head_json":{"title":"Neopren Ouverte String | Bathing string white | WOJOER","description":"Neoprene Ouverte String - unusually scarce. Not only is the smooth skin neoprene made in Germany unusually erotic, the open jockstrap also invites you to hot hours! Order free shipping within Germany now!","robots":{"index":"index","follow":"follow","max-snippet":"max-snippet:-1","max-image-preview":"max-image-preview:large","max-video-preview":"max-video-preview:-1"},"canonical":"https:\/\/www.wojoer.de\/en\/produkt\/boxer-leder-pants-400w603-3\/","twitter_card":"summary_large_image","twitter_title":"[:de]Leder Pants| vegan | matt gl\u00e4nzend | sexy Suspensorium | WOJOER[:en]Neopren Ouverte String | Bathing string white | WOJOER[:]","twitter_description":"[:de]vegane Leder Pants - enganliegend, exklusives Suspensorium, in matt gl\u00e4nzendem schwarz von WOJOER - Jetzt versandkostenfrei bestellen.[:en]Neoprene Ouverte String - unusually scarce. Not only is the smooth skin neoprene made in Germany unusually erotic, the open jockstrap also invites you to hot hours! Order free shipping within Germany now![:]","twitter_image":"https:\/\/www.wojoer.de\/wp-content\/uploads\/2021\/01\/400W603_4_Boxer_Pants_side_wojoer.jpg","twitter_misc":{"Estimated reading time":"2 minutes"},"schema":{"@context":"https:\/\/schema.org","@graph":[{"@type":"WebPage","@id":"https:\/\/www.wojoer.de\/en\/produkt\/boxer-leder-pants-400w603-3\/","url":"https:\/\/www.wojoer.de\/en\/produkt\/boxer-leder-pants-400w603-3\/","name":"Neopren Ouverte String | Bathing string white | WOJOER","isPartOf":{"@id":"https:\/\/www.wojoer.de\/#website"},"primaryImageOfPage":{"@id":"https:\/\/www.wojoer.de\/en\/produkt\/boxer-leder-pants-400w603-3\/#primaryimage"},"image":{"@id":"https:\/\/www.wojoer.de\/en\/produkt\/boxer-leder-pants-400w603-3\/#primaryimage"},"thumbnailUrl":"https:\/\/www.wojoer.de\/wp-content\/uploads\/2021\/01\/400W603_4_Boxer_Pants_side_wojoer.jpg","datePublished":"2022-01-22T13:35:18+00:00","dateModified":"2025-01-22T07:22:33+00:00","description":"Neoprene Ouverte String - unusually scarce. Not only is the smooth skin neoprene made in Germany unusually erotic, the open jockstrap also invites you to hot hours! Order free shipping within Germany now!","breadcrumb":{"@id":"https:\/\/www.wojoer.de\/en\/produkt\/boxer-leder-pants-400w603-3\/#breadcrumb"},"inLanguage":"en-GB","potentialAction":[{"@type":"ReadAction","target":["https:\/\/www.wojoer.de\/en\/produkt\/boxer-leder-pants-400w603-3\/"]}]},{"@type":"ImageObject","inLanguage":"en-GB","@id":"https:\/\/www.wojoer.de\/en\/produkt\/boxer-leder-pants-400w603-3\/#primaryimage","url":"https:\/\/www.wojoer.de\/wp-content\/uploads\/2021\/01\/400W603_4_Boxer_Pants_side_wojoer.jpg","contentUrl":"https:\/\/www.wojoer.de\/wp-content\/uploads\/2021\/01\/400W603_4_Boxer_Pants_side_wojoer.jpg","width":2002,"height":2002},{"@type":"BreadcrumbList","@id":"https:\/\/www.wojoer.de\/en\/produkt\/boxer-leder-pants-400w603-3\/#breadcrumb","itemListElement":[{"@type":"ListItem","position":1,"name":"Startseite","item":"https:\/\/www.wojoer.de\/"},{"@type":"ListItem","position":2,"name":"SHOP","item":"https:\/\/www.wojoer.de\/shop\/"},{"@type":"ListItem","position":3,"name":"Boxer Quick Fun Action Pants 400W603.3"}]},{"@type":"WebSite","@id":"https:\/\/www.wojoer.de\/#website","url":"https:\/\/www.wojoer.de\/","name":"WOJOER","description":"clubwear for men","publisher":{"@id":"https:\/\/www.wojoer.de\/#organization"},"potentialAction":[{"@type":"SearchAction","target":{"@type":"EntryPoint","urlTemplate":"https:\/\/www.wojoer.de\/?s={search_term_string}"},"query-input":{"@type":"PropertyValueSpecification","valueRequired":true,"valueName":"search_term_string"}}],"inLanguage":"en-GB"},{"@type":"Organization","@id":"https:\/\/www.wojoer.de\/#organization","name":"Wonneberger-Manufaktur","url":"https:\/\/www.wojoer.de\/","logo":{"@type":"ImageObject","inLanguage":"en-GB","@id":"https:\/\/www.wojoer.de\/#\/schema\/logo\/image\/","url":"https:\/\/www.wojoer.de\/wp-content\/uploads\/2016\/11\/wonnebergermanufaktur_logo_BUTTON.png","contentUrl":"https:\/\/www.wojoer.de\/wp-content\/uploads\/2016\/11\/wonnebergermanufaktur_logo_BUTTON.png","width":765,"height":765,"caption":"Wonneberger-Manufaktur"},"image":{"@id":"https:\/\/www.wojoer.de\/#\/schema\/logo\/image\/"},"sameAs":["https:\/\/www.facebook.com\/wojoer\/","https:\/\/de.pinterest.com\/W0J0ER\/"]}]}},"_links":{"self":[{"href":"https:\/\/www.wojoer.de\/en\/wp-json\/wp\/v2\/product\/35527","targetHints":{"allow":["GET"]}}],"collection":[{"href":"https:\/\/www.wojoer.de\/en\/wp-json\/wp\/v2\/product"}],"about":[{"href":"https:\/\/www.wojoer.de\/en\/wp-json\/wp\/v2\/types\/product"}],"replies":[{"embeddable":true,"href":"https:\/\/www.wojoer.de\/en\/wp-json\/wp\/v2\/comments?post=35527"}],"wp:featuredmedia":[{"embeddable":true,"href":"https:\/\/www.wojoer.de\/en\/wp-json\/wp\/v2\/media\/33532"}],"wp:attachment":[{"href":"https:\/\/www.wojoer.de\/en\/wp-json\/wp\/v2\/media?parent=35527"}],"wp:term":[{"taxonomy":"product_brand","embeddable":true,"href":"https:\/\/www.wojoer.de\/en\/wp-json\/wp\/v2\/product_brand?post=35527"},{"taxonomy":"product_cat","embeddable":true,"href":"https:\/\/www.wojoer.de\/en\/wp-json\/wp\/v2\/product_cat?post=35527"},{"taxonomy":"product_tag","embeddable":true,"href":"https:\/\/www.wojoer.de\/en\/wp-json\/wp\/v2\/product_tag?post=35527"}],"curies":[{"name":"wp","href":"https:\/\/api.w.org\/{rel}","templated":true}]}}