{"id":35534,"date":"2022-01-22T14:02:59","date_gmt":"2022-01-22T13:02:59","guid":{"rendered":"https:\/\/www.wojoer.de\/?post_type=product&#038;p=35534"},"modified":"2024-02-05T11:23:24","modified_gmt":"2024-02-05T10:23:24","slug":"boxer-leder-mini-hipster-400t352-3","status":"publish","type":"product","link":"https:\/\/www.wojoer.de\/en\/produkt\/boxer-leder-mini-hipster-400t352-3\/","title":{"rendered":"Boxer String"},"content":{"rendered":"<p>&nbsp;<\/p>\n<p>&nbsp;<\/p>\n","protected":false},"excerpt":{"rendered":"<p>Der Boxer Leder Mini-Hipster 400T352.3 geh\u00f6rt zu den Wojoer LIVE-Produkten. Sie werden ab Bestellung bei uns produziert. So k\u00f6nnen wir auf Kundenw\u00fcnsche individuell eingehen.<br \/>\nGr\u00f6\u00dfen<br \/>\nErh\u00e4ltlich in den Gr\u00f6\u00dfen XS, S, M, L, XL, XXL<br \/>\nMaterialzusammensetzung<br \/>\nveganes Lederimitat: 92% Polyester, 8% Elasthan<br \/>\nBesonderheiten<br \/>\nLIVE-Produkt \u00a0| elegant\u2026<\/p>\n","protected":false},"featured_media":33520,"comment_status":"open","ping_status":"closed","template":"","meta":[],"product_brand":[],"product_cat":[892,116,169,473,862,326],"product_tag":[102,543,194,440,209],"class_list":{"0":"post-35534","1":"product","2":"type-product","3":"status-publish","4":"has-post-thumbnail","6":"product_cat-400-boxer","7":"product_cat-clubwear","8":"product_cat-nos-never-out-of-stock","9":"product_cat-men","10":"product_cat-men-only","11":"product_cat-wojoer","12":"product_tag-hipster","13":"product_tag-hipster-pants","14":"product_tag-leatherlike","15":"product_tag-matt","16":"product_tag-mini-hipster","17":"pa_farbe-schwarz","18":"pa_groesse-l","19":"pa_groesse-m","20":"pa_groesse-s","21":"pa_groesse-xl","22":"pa_groesse-xs","23":"pa_groesse-xxl","24":"pif-has-gallery","25":"post-1","26":"odd","28":"first","29":"instock","30":"taxable","31":"shipping-taxable","32":"purchasable","33":"product-type-variable","34":"has-default-attributes"},"yoast_head":"<!-- This site is optimized with the Yoast SEO plugin v27.2 - https:\/\/yoast.com\/product\/yoast-seo-wordpress\/ -->\n<title>Boxer String<\/title>\n<meta name=\"description\" content=\"Boxer String with special front\" \/>\n<meta name=\"robots\" content=\"index, follow, max-snippet:-1, max-image-preview:large, max-video-preview:-1\" \/>\n<link rel=\"canonical\" href=\"https:\/\/www.wojoer.de\/en\/produkt\/boxer-leder-mini-hipster-400t352-3\/\" \/>\n<meta name=\"twitter:card\" content=\"summary_large_image\" \/>\n<meta name=\"twitter:title\" content=\"Boxer String\" \/>\n<meta name=\"twitter:description\" content=\"Boxer String with special front\" \/>\n<meta name=\"twitter:image\" content=\"https:\/\/www.wojoer.de\/wp-content\/uploads\/2021\/01\/400T352_4_Boxer_MiniHipster_wojoer.jpg\" \/>\n<script type=\"application\/ld+json\" class=\"yoast-schema-graph\">{\"@context\":\"https:\/\/schema.org\",\"@graph\":[{\"@type\":\"WebPage\",\"@id\":\"https:\/\/www.wojoer.de\/en\/produkt\/boxer-leder-mini-hipster-400t352-3\/\",\"url\":\"https:\/\/www.wojoer.de\/en\/produkt\/boxer-leder-mini-hipster-400t352-3\/\",\"name\":\"Boxer String\",\"isPartOf\":{\"@id\":\"https:\/\/www.wojoer.de\/#website\"},\"primaryImageOfPage\":{\"@id\":\"https:\/\/www.wojoer.de\/en\/produkt\/boxer-leder-mini-hipster-400t352-3\/#primaryimage\"},\"image\":{\"@id\":\"https:\/\/www.wojoer.de\/en\/produkt\/boxer-leder-mini-hipster-400t352-3\/#primaryimage\"},\"thumbnailUrl\":\"https:\/\/www.wojoer.de\/wp-content\/uploads\/2021\/01\/400T352_4_Boxer_MiniHipster_wojoer.jpg\",\"datePublished\":\"2022-01-22T13:02:59+00:00\",\"dateModified\":\"2024-02-05T10:23:24+00:00\",\"description\":\"Boxer String with special front\",\"breadcrumb\":{\"@id\":\"https:\/\/www.wojoer.de\/en\/produkt\/boxer-leder-mini-hipster-400t352-3\/#breadcrumb\"},\"inLanguage\":\"en-GB\",\"potentialAction\":[{\"@type\":\"ReadAction\",\"target\":[\"https:\/\/www.wojoer.de\/en\/produkt\/boxer-leder-mini-hipster-400t352-3\/\"]}]},{\"@type\":\"ImageObject\",\"inLanguage\":\"en-GB\",\"@id\":\"https:\/\/www.wojoer.de\/en\/produkt\/boxer-leder-mini-hipster-400t352-3\/#primaryimage\",\"url\":\"https:\/\/www.wojoer.de\/wp-content\/uploads\/2021\/01\/400T352_4_Boxer_MiniHipster_wojoer.jpg\",\"contentUrl\":\"https:\/\/www.wojoer.de\/wp-content\/uploads\/2021\/01\/400T352_4_Boxer_MiniHipster_wojoer.jpg\",\"width\":2002,\"height\":2002},{\"@type\":\"BreadcrumbList\",\"@id\":\"https:\/\/www.wojoer.de\/en\/produkt\/boxer-leder-mini-hipster-400t352-3\/#breadcrumb\",\"itemListElement\":[{\"@type\":\"ListItem\",\"position\":1,\"name\":\"Startseite\",\"item\":\"https:\/\/www.wojoer.de\/\"},{\"@type\":\"ListItem\",\"position\":2,\"name\":\"SHOP\",\"item\":\"https:\/\/www.wojoer.de\/shop\/\"},{\"@type\":\"ListItem\",\"position\":3,\"name\":\"Boxer String\"}]},{\"@type\":\"WebSite\",\"@id\":\"https:\/\/www.wojoer.de\/#website\",\"url\":\"https:\/\/www.wojoer.de\/\",\"name\":\"WOJOER\",\"description\":\"clubwear for men\",\"publisher\":{\"@id\":\"https:\/\/www.wojoer.de\/#organization\"},\"potentialAction\":[{\"@type\":\"SearchAction\",\"target\":{\"@type\":\"EntryPoint\",\"urlTemplate\":\"https:\/\/www.wojoer.de\/?s={search_term_string}\"},\"query-input\":{\"@type\":\"PropertyValueSpecification\",\"valueRequired\":true,\"valueName\":\"search_term_string\"}}],\"inLanguage\":\"en-GB\"},{\"@type\":\"Organization\",\"@id\":\"https:\/\/www.wojoer.de\/#organization\",\"name\":\"Wonneberger-Manufaktur\",\"url\":\"https:\/\/www.wojoer.de\/\",\"logo\":{\"@type\":\"ImageObject\",\"inLanguage\":\"en-GB\",\"@id\":\"https:\/\/www.wojoer.de\/#\/schema\/logo\/image\/\",\"url\":\"https:\/\/www.wojoer.de\/wp-content\/uploads\/2016\/11\/wonnebergermanufaktur_logo_BUTTON.png\",\"contentUrl\":\"https:\/\/www.wojoer.de\/wp-content\/uploads\/2016\/11\/wonnebergermanufaktur_logo_BUTTON.png\",\"width\":765,\"height\":765,\"caption\":\"Wonneberger-Manufaktur\"},\"image\":{\"@id\":\"https:\/\/www.wojoer.de\/#\/schema\/logo\/image\/\"},\"sameAs\":[\"https:\/\/www.facebook.com\/wojoer\/\",\"https:\/\/de.pinterest.com\/W0J0ER\/\"]}]}<\/script>\n<!-- \/ Yoast SEO plugin. -->","yoast_head_json":{"title":"Boxer String","description":"Boxer String with special front","robots":{"index":"index","follow":"follow","max-snippet":"max-snippet:-1","max-image-preview":"max-image-preview:large","max-video-preview":"max-video-preview:-1"},"canonical":"https:\/\/www.wojoer.de\/en\/produkt\/boxer-leder-mini-hipster-400t352-3\/","twitter_card":"summary_large_image","twitter_title":"Boxer String","twitter_description":"Boxer String with special front","twitter_image":"https:\/\/www.wojoer.de\/wp-content\/uploads\/2021\/01\/400T352_4_Boxer_MiniHipster_wojoer.jpg","schema":{"@context":"https:\/\/schema.org","@graph":[{"@type":"WebPage","@id":"https:\/\/www.wojoer.de\/en\/produkt\/boxer-leder-mini-hipster-400t352-3\/","url":"https:\/\/www.wojoer.de\/en\/produkt\/boxer-leder-mini-hipster-400t352-3\/","name":"Boxer String","isPartOf":{"@id":"https:\/\/www.wojoer.de\/#website"},"primaryImageOfPage":{"@id":"https:\/\/www.wojoer.de\/en\/produkt\/boxer-leder-mini-hipster-400t352-3\/#primaryimage"},"image":{"@id":"https:\/\/www.wojoer.de\/en\/produkt\/boxer-leder-mini-hipster-400t352-3\/#primaryimage"},"thumbnailUrl":"https:\/\/www.wojoer.de\/wp-content\/uploads\/2021\/01\/400T352_4_Boxer_MiniHipster_wojoer.jpg","datePublished":"2022-01-22T13:02:59+00:00","dateModified":"2024-02-05T10:23:24+00:00","description":"Boxer String with special front","breadcrumb":{"@id":"https:\/\/www.wojoer.de\/en\/produkt\/boxer-leder-mini-hipster-400t352-3\/#breadcrumb"},"inLanguage":"en-GB","potentialAction":[{"@type":"ReadAction","target":["https:\/\/www.wojoer.de\/en\/produkt\/boxer-leder-mini-hipster-400t352-3\/"]}]},{"@type":"ImageObject","inLanguage":"en-GB","@id":"https:\/\/www.wojoer.de\/en\/produkt\/boxer-leder-mini-hipster-400t352-3\/#primaryimage","url":"https:\/\/www.wojoer.de\/wp-content\/uploads\/2021\/01\/400T352_4_Boxer_MiniHipster_wojoer.jpg","contentUrl":"https:\/\/www.wojoer.de\/wp-content\/uploads\/2021\/01\/400T352_4_Boxer_MiniHipster_wojoer.jpg","width":2002,"height":2002},{"@type":"BreadcrumbList","@id":"https:\/\/www.wojoer.de\/en\/produkt\/boxer-leder-mini-hipster-400t352-3\/#breadcrumb","itemListElement":[{"@type":"ListItem","position":1,"name":"Startseite","item":"https:\/\/www.wojoer.de\/"},{"@type":"ListItem","position":2,"name":"SHOP","item":"https:\/\/www.wojoer.de\/shop\/"},{"@type":"ListItem","position":3,"name":"Boxer String"}]},{"@type":"WebSite","@id":"https:\/\/www.wojoer.de\/#website","url":"https:\/\/www.wojoer.de\/","name":"WOJOER","description":"clubwear for men","publisher":{"@id":"https:\/\/www.wojoer.de\/#organization"},"potentialAction":[{"@type":"SearchAction","target":{"@type":"EntryPoint","urlTemplate":"https:\/\/www.wojoer.de\/?s={search_term_string}"},"query-input":{"@type":"PropertyValueSpecification","valueRequired":true,"valueName":"search_term_string"}}],"inLanguage":"en-GB"},{"@type":"Organization","@id":"https:\/\/www.wojoer.de\/#organization","name":"Wonneberger-Manufaktur","url":"https:\/\/www.wojoer.de\/","logo":{"@type":"ImageObject","inLanguage":"en-GB","@id":"https:\/\/www.wojoer.de\/#\/schema\/logo\/image\/","url":"https:\/\/www.wojoer.de\/wp-content\/uploads\/2016\/11\/wonnebergermanufaktur_logo_BUTTON.png","contentUrl":"https:\/\/www.wojoer.de\/wp-content\/uploads\/2016\/11\/wonnebergermanufaktur_logo_BUTTON.png","width":765,"height":765,"caption":"Wonneberger-Manufaktur"},"image":{"@id":"https:\/\/www.wojoer.de\/#\/schema\/logo\/image\/"},"sameAs":["https:\/\/www.facebook.com\/wojoer\/","https:\/\/de.pinterest.com\/W0J0ER\/"]}]}},"_links":{"self":[{"href":"https:\/\/www.wojoer.de\/en\/wp-json\/wp\/v2\/product\/35534","targetHints":{"allow":["GET"]}}],"collection":[{"href":"https:\/\/www.wojoer.de\/en\/wp-json\/wp\/v2\/product"}],"about":[{"href":"https:\/\/www.wojoer.de\/en\/wp-json\/wp\/v2\/types\/product"}],"replies":[{"embeddable":true,"href":"https:\/\/www.wojoer.de\/en\/wp-json\/wp\/v2\/comments?post=35534"}],"wp:featuredmedia":[{"embeddable":true,"href":"https:\/\/www.wojoer.de\/en\/wp-json\/wp\/v2\/media\/33520"}],"wp:attachment":[{"href":"https:\/\/www.wojoer.de\/en\/wp-json\/wp\/v2\/media?parent=35534"}],"wp:term":[{"taxonomy":"product_brand","embeddable":true,"href":"https:\/\/www.wojoer.de\/en\/wp-json\/wp\/v2\/product_brand?post=35534"},{"taxonomy":"product_cat","embeddable":true,"href":"https:\/\/www.wojoer.de\/en\/wp-json\/wp\/v2\/product_cat?post=35534"},{"taxonomy":"product_tag","embeddable":true,"href":"https:\/\/www.wojoer.de\/en\/wp-json\/wp\/v2\/product_tag?post=35534"}],"curies":[{"name":"wp","href":"https:\/\/api.w.org\/{rel}","templated":true}]}}