{"id":35673,"date":"2022-09-23T13:22:32","date_gmt":"2022-09-23T11:22:32","guid":{"rendered":"https:\/\/www.wojoer.de\/?post_type=product&#038;p=35673"},"modified":"2024-09-20T16:41:22","modified_gmt":"2024-09-20T14:41:22","slug":"goldleo-tanga-401b14","status":"publish","type":"product","link":"https:\/\/www.wojoer.de\/en\/produkt\/goldleo-tanga-401b14\/","title":{"rendered":"gold leo push mini brasil"},"content":{"rendered":"<p>Produktion auf Bestellung, denn die Gold Leo Mini Push Tanga 401B14 geh\u00f6rt in die Kategorie: Wojoer &#8220;LIVE-Produkte&#8221;! So k\u00f6nnen wir auf Kundenw\u00fcnsche individuell eingehen.<\/p>\n<h3>Gr\u00f6\u00dfen<\/h3>\n<p>Erh\u00e4ltlich in den Gr\u00f6\u00dfen S, M, L, XL<\/p>\n<h3>Materialzusammensetzung<\/h3>\n<p>Metallic Jersey: 85% Polyamid, 15 %Polyester<\/p>\n<p>leatherlike: 93% Polyester, 7% Elasthan<\/p>\n<h3>Besonderheiten<\/h3>\n<p><a href=\"http:\/\/www.wojoer.de\/?s=Live&#038;post_type=product\">Live Produkt<\/a> | metallic gl\u00e4nzend | sehr dehnbares Material | knapper Schnitt | eng anliegend | Push Up | Animal-Print | hochwertige Verarbeitung &#8220;Made in Germany&#8221;<\/p>\n<h3>Benutzerhinweise<\/h3>\n<p>kalte Handw\u00e4sche bis 30 Grad mit normaler Handseife | kein Weichsp\u00fcler oder Waschmittel<\/p>\n<h3>GoldLeo Mini Push Tanga &#8211; sexy Push Up mit wildem Animal-Print<\/h3>\n<p>Dieser hautenge Mini Push Tanga umschmeichelt deinen K\u00f6rper wie eine sexy zweite Haut, \u00a0f\u00fchlt sich weich und geschmeidig an. Sein besonderes Merkmal ist sein pushendes Suspensorium,das deine M\u00e4nnlichkeit perfekt in Szene setzt!<\/p>\n<p>Das verf\u00fchrerische Leopard Muster bringt die Raubkatze in dir zum Vorschein und du kannst einen gl\u00e4nzenden Auftritt hinlegen und mit deinem Outfit um die Wette strahlen.<\/p>\n<p>Entscheide selbst ob verschmust, anh\u00e4nglich oder bringe deine wilde Seite zum Vorschein!<\/p>\n","protected":false},"excerpt":{"rendered":"<p>Produktion auf Bestellung, denn die Gold Leo Mini Push Tanga 401B14 geh\u00f6rt in die Kategorie: Wojoer &#8220;LIVE-Produkte&#8221;! So k\u00f6nnen wir auf Kundenw\u00fcnsche individuell eingehen.<br \/>\nGr\u00f6\u00dfen<br \/>\nErh\u00e4ltlich in den Gr\u00f6\u00dfen S, M, L, XL<br \/>\nMaterialzusammensetzung<br \/>\nMetallic Jersey: 85% Polyamid, 15 %Polyester<\/p>\n<p>leatherlike: 93% Polyester, 7% Elasthan<br \/>\nBesonderheiten<br \/>\nLive\u2026<\/p>\n","protected":false},"featured_media":33547,"comment_status":"open","ping_status":"closed","template":"","meta":[],"product_brand":[],"product_cat":[891,116,473,326],"product_tag":[297,560,194,306,184,167],"class_list":{"0":"post-35673","1":"product","2":"type-product","3":"status-publish","4":"has-post-thumbnail","6":"product_cat-401-goldleo","7":"product_cat-clubwear","8":"product_cat-men","9":"product_cat-wojoer","10":"product_tag-animal","11":"product_tag-glaenzend","12":"product_tag-leatherlike","13":"product_tag-metallic","14":"product_tag-push-up","15":"product_tag-tanga","16":"pa_groesse-l","17":"pa_groesse-m","18":"pa_groesse-s","19":"pa_groesse-xl","20":"pif-has-gallery","21":"post-1","22":"odd","24":"first","25":"onbackorder","26":"taxable","27":"shipping-taxable","28":"purchasable","29":"product-type-variable"},"yoast_head":"<!-- This site is optimized with the Yoast SEO plugin v27.2 - https:\/\/yoast.com\/product\/yoast-seo-wordpress\/ -->\n<title>goldleo push mini tanga | WOJOER |<\/title>\n<meta name=\"description\" content=\"goldleo push mini bikini. Particularly striking and elegant briefs available in various colors from WOJOER. Soft, stretchy material - Order now for free shipping.\" \/>\n<meta name=\"robots\" content=\"index, follow, max-snippet:-1, max-image-preview:large, max-video-preview:-1\" \/>\n<link rel=\"canonical\" href=\"https:\/\/www.wojoer.de\/en\/produkt\/goldleo-tanga-401b14\/\" \/>\n<meta name=\"twitter:card\" content=\"summary_large_image\" \/>\n<meta name=\"twitter:title\" content=\"goldleo push mini tanga | WOJOER |\" \/>\n<meta name=\"twitter:description\" content=\"goldleo push mini bikini. Particularly striking and elegant briefs available in various colors from WOJOER. Soft, stretchy material - Order now for free shipping.\" \/>\n<meta name=\"twitter:image\" content=\"https:\/\/www.wojoer.de\/wp-content\/uploads\/2021\/01\/401B14_GoldLeo_MiniPush_Tanga_side1_wojoer.jpg\" \/>\n<script type=\"application\/ld+json\" class=\"yoast-schema-graph\">{\"@context\":\"https:\/\/schema.org\",\"@graph\":[{\"@type\":\"WebPage\",\"@id\":\"https:\/\/www.wojoer.de\/en\/produkt\/goldleo-tanga-401b14\/\",\"url\":\"https:\/\/www.wojoer.de\/en\/produkt\/goldleo-tanga-401b14\/\",\"name\":\"goldleo push mini tanga | WOJOER |\",\"isPartOf\":{\"@id\":\"https:\/\/www.wojoer.de\/#website\"},\"primaryImageOfPage\":{\"@id\":\"https:\/\/www.wojoer.de\/en\/produkt\/goldleo-tanga-401b14\/#primaryimage\"},\"image\":{\"@id\":\"https:\/\/www.wojoer.de\/en\/produkt\/goldleo-tanga-401b14\/#primaryimage\"},\"thumbnailUrl\":\"https:\/\/www.wojoer.de\/wp-content\/uploads\/2021\/01\/401B14_GoldLeo_MiniPush_Tanga_side1_wojoer.jpg\",\"datePublished\":\"2022-09-23T11:22:32+00:00\",\"dateModified\":\"2024-09-20T14:41:22+00:00\",\"description\":\"goldleo push mini bikini. Particularly striking and elegant briefs available in various colors from WOJOER. Soft, stretchy material - Order now for free shipping.\",\"breadcrumb\":{\"@id\":\"https:\/\/www.wojoer.de\/en\/produkt\/goldleo-tanga-401b14\/#breadcrumb\"},\"inLanguage\":\"en-GB\",\"potentialAction\":[{\"@type\":\"ReadAction\",\"target\":[\"https:\/\/www.wojoer.de\/en\/produkt\/goldleo-tanga-401b14\/\"]}]},{\"@type\":\"ImageObject\",\"inLanguage\":\"en-GB\",\"@id\":\"https:\/\/www.wojoer.de\/en\/produkt\/goldleo-tanga-401b14\/#primaryimage\",\"url\":\"https:\/\/www.wojoer.de\/wp-content\/uploads\/2021\/01\/401B14_GoldLeo_MiniPush_Tanga_side1_wojoer.jpg\",\"contentUrl\":\"https:\/\/www.wojoer.de\/wp-content\/uploads\/2021\/01\/401B14_GoldLeo_MiniPush_Tanga_side1_wojoer.jpg\",\"width\":2002,\"height\":2002},{\"@type\":\"BreadcrumbList\",\"@id\":\"https:\/\/www.wojoer.de\/en\/produkt\/goldleo-tanga-401b14\/#breadcrumb\",\"itemListElement\":[{\"@type\":\"ListItem\",\"position\":1,\"name\":\"Startseite\",\"item\":\"https:\/\/www.wojoer.de\/\"},{\"@type\":\"ListItem\",\"position\":2,\"name\":\"SHOP\",\"item\":\"https:\/\/www.wojoer.de\/shop\/\"},{\"@type\":\"ListItem\",\"position\":3,\"name\":\"gold leo push mini brasil\"}]},{\"@type\":\"WebSite\",\"@id\":\"https:\/\/www.wojoer.de\/#website\",\"url\":\"https:\/\/www.wojoer.de\/\",\"name\":\"WOJOER\",\"description\":\"clubwear for men\",\"publisher\":{\"@id\":\"https:\/\/www.wojoer.de\/#organization\"},\"potentialAction\":[{\"@type\":\"SearchAction\",\"target\":{\"@type\":\"EntryPoint\",\"urlTemplate\":\"https:\/\/www.wojoer.de\/?s={search_term_string}\"},\"query-input\":{\"@type\":\"PropertyValueSpecification\",\"valueRequired\":true,\"valueName\":\"search_term_string\"}}],\"inLanguage\":\"en-GB\"},{\"@type\":\"Organization\",\"@id\":\"https:\/\/www.wojoer.de\/#organization\",\"name\":\"Wonneberger-Manufaktur\",\"url\":\"https:\/\/www.wojoer.de\/\",\"logo\":{\"@type\":\"ImageObject\",\"inLanguage\":\"en-GB\",\"@id\":\"https:\/\/www.wojoer.de\/#\/schema\/logo\/image\/\",\"url\":\"https:\/\/www.wojoer.de\/wp-content\/uploads\/2016\/11\/wonnebergermanufaktur_logo_BUTTON.png\",\"contentUrl\":\"https:\/\/www.wojoer.de\/wp-content\/uploads\/2016\/11\/wonnebergermanufaktur_logo_BUTTON.png\",\"width\":765,\"height\":765,\"caption\":\"Wonneberger-Manufaktur\"},\"image\":{\"@id\":\"https:\/\/www.wojoer.de\/#\/schema\/logo\/image\/\"},\"sameAs\":[\"https:\/\/www.facebook.com\/wojoer\/\",\"https:\/\/de.pinterest.com\/W0J0ER\/\"]}]}<\/script>\n<!-- \/ Yoast SEO plugin. -->","yoast_head_json":{"title":"goldleo push mini tanga | WOJOER |","description":"goldleo push mini bikini. Particularly striking and elegant briefs available in various colors from WOJOER. Soft, stretchy material - Order now for free shipping.","robots":{"index":"index","follow":"follow","max-snippet":"max-snippet:-1","max-image-preview":"max-image-preview:large","max-video-preview":"max-video-preview:-1"},"canonical":"https:\/\/www.wojoer.de\/en\/produkt\/goldleo-tanga-401b14\/","twitter_card":"summary_large_image","twitter_title":"goldleo push mini tanga | WOJOER |","twitter_description":"goldleo push mini bikini. Particularly striking and elegant briefs available in various colors from WOJOER. Soft, stretchy material - Order now for free shipping.","twitter_image":"https:\/\/www.wojoer.de\/wp-content\/uploads\/2021\/01\/401B14_GoldLeo_MiniPush_Tanga_side1_wojoer.jpg","schema":{"@context":"https:\/\/schema.org","@graph":[{"@type":"WebPage","@id":"https:\/\/www.wojoer.de\/en\/produkt\/goldleo-tanga-401b14\/","url":"https:\/\/www.wojoer.de\/en\/produkt\/goldleo-tanga-401b14\/","name":"goldleo push mini tanga | WOJOER |","isPartOf":{"@id":"https:\/\/www.wojoer.de\/#website"},"primaryImageOfPage":{"@id":"https:\/\/www.wojoer.de\/en\/produkt\/goldleo-tanga-401b14\/#primaryimage"},"image":{"@id":"https:\/\/www.wojoer.de\/en\/produkt\/goldleo-tanga-401b14\/#primaryimage"},"thumbnailUrl":"https:\/\/www.wojoer.de\/wp-content\/uploads\/2021\/01\/401B14_GoldLeo_MiniPush_Tanga_side1_wojoer.jpg","datePublished":"2022-09-23T11:22:32+00:00","dateModified":"2024-09-20T14:41:22+00:00","description":"goldleo push mini bikini. Particularly striking and elegant briefs available in various colors from WOJOER. Soft, stretchy material - Order now for free shipping.","breadcrumb":{"@id":"https:\/\/www.wojoer.de\/en\/produkt\/goldleo-tanga-401b14\/#breadcrumb"},"inLanguage":"en-GB","potentialAction":[{"@type":"ReadAction","target":["https:\/\/www.wojoer.de\/en\/produkt\/goldleo-tanga-401b14\/"]}]},{"@type":"ImageObject","inLanguage":"en-GB","@id":"https:\/\/www.wojoer.de\/en\/produkt\/goldleo-tanga-401b14\/#primaryimage","url":"https:\/\/www.wojoer.de\/wp-content\/uploads\/2021\/01\/401B14_GoldLeo_MiniPush_Tanga_side1_wojoer.jpg","contentUrl":"https:\/\/www.wojoer.de\/wp-content\/uploads\/2021\/01\/401B14_GoldLeo_MiniPush_Tanga_side1_wojoer.jpg","width":2002,"height":2002},{"@type":"BreadcrumbList","@id":"https:\/\/www.wojoer.de\/en\/produkt\/goldleo-tanga-401b14\/#breadcrumb","itemListElement":[{"@type":"ListItem","position":1,"name":"Startseite","item":"https:\/\/www.wojoer.de\/"},{"@type":"ListItem","position":2,"name":"SHOP","item":"https:\/\/www.wojoer.de\/shop\/"},{"@type":"ListItem","position":3,"name":"gold leo push mini brasil"}]},{"@type":"WebSite","@id":"https:\/\/www.wojoer.de\/#website","url":"https:\/\/www.wojoer.de\/","name":"WOJOER","description":"clubwear for men","publisher":{"@id":"https:\/\/www.wojoer.de\/#organization"},"potentialAction":[{"@type":"SearchAction","target":{"@type":"EntryPoint","urlTemplate":"https:\/\/www.wojoer.de\/?s={search_term_string}"},"query-input":{"@type":"PropertyValueSpecification","valueRequired":true,"valueName":"search_term_string"}}],"inLanguage":"en-GB"},{"@type":"Organization","@id":"https:\/\/www.wojoer.de\/#organization","name":"Wonneberger-Manufaktur","url":"https:\/\/www.wojoer.de\/","logo":{"@type":"ImageObject","inLanguage":"en-GB","@id":"https:\/\/www.wojoer.de\/#\/schema\/logo\/image\/","url":"https:\/\/www.wojoer.de\/wp-content\/uploads\/2016\/11\/wonnebergermanufaktur_logo_BUTTON.png","contentUrl":"https:\/\/www.wojoer.de\/wp-content\/uploads\/2016\/11\/wonnebergermanufaktur_logo_BUTTON.png","width":765,"height":765,"caption":"Wonneberger-Manufaktur"},"image":{"@id":"https:\/\/www.wojoer.de\/#\/schema\/logo\/image\/"},"sameAs":["https:\/\/www.facebook.com\/wojoer\/","https:\/\/de.pinterest.com\/W0J0ER\/"]}]}},"_links":{"self":[{"href":"https:\/\/www.wojoer.de\/en\/wp-json\/wp\/v2\/product\/35673","targetHints":{"allow":["GET"]}}],"collection":[{"href":"https:\/\/www.wojoer.de\/en\/wp-json\/wp\/v2\/product"}],"about":[{"href":"https:\/\/www.wojoer.de\/en\/wp-json\/wp\/v2\/types\/product"}],"replies":[{"embeddable":true,"href":"https:\/\/www.wojoer.de\/en\/wp-json\/wp\/v2\/comments?post=35673"}],"wp:featuredmedia":[{"embeddable":true,"href":"https:\/\/www.wojoer.de\/en\/wp-json\/wp\/v2\/media\/33547"}],"wp:attachment":[{"href":"https:\/\/www.wojoer.de\/en\/wp-json\/wp\/v2\/media?parent=35673"}],"wp:term":[{"taxonomy":"product_brand","embeddable":true,"href":"https:\/\/www.wojoer.de\/en\/wp-json\/wp\/v2\/product_brand?post=35673"},{"taxonomy":"product_cat","embeddable":true,"href":"https:\/\/www.wojoer.de\/en\/wp-json\/wp\/v2\/product_cat?post=35673"},{"taxonomy":"product_tag","embeddable":true,"href":"https:\/\/www.wojoer.de\/en\/wp-json\/wp\/v2\/product_tag?post=35673"}],"curies":[{"name":"wp","href":"https:\/\/api.w.org\/{rel}","templated":true}]}}