{"id":35798,"date":"2025-12-03T14:23:53","date_gmt":"2025-12-03T13:23:53","guid":{"rendered":"https:\/\/www.wojoer.de\/?post_type=product&#038;p=35798"},"modified":"2025-12-04T08:27:05","modified_gmt":"2025-12-04T07:27:05","slug":"gold-edition-mini-hipster","status":"publish","type":"product","link":"https:\/\/www.wojoer.de\/en\/produkt\/gold-edition-mini-hipster\/","title":{"rendered":"GoldEdition Mini Hipster"},"content":{"rendered":"<p>Der durchsichtige GoldenEdge Mini Hipster 364T352.5 mit gold gl\u00e4nzender Kunstledereinfassung, ist Never-Out-of-Stock und geh\u00f6rt damit zu den Wojoer NOS-Produkten<\/p>\n<h3>Gr\u00f6\u00dfen<\/h3>\n<p>Erh\u00e4ltlich in den Gr\u00f6\u00dfen S, M, L, XL<\/p>\n<h3>Materialzusammensetzung<\/h3>\n<p>GOLDEN LINE besteht aus super feinem, stark dehnbaren und robustes Netz: 96% Polyester | 6% Elasthan und<\/p>\n<p>die metallischen Einfassungen aus Lederfolie: 95% Polyester |\u00a0 5% Elasthan<\/p>\n<h3>Besonderheiten<\/h3>\n<p><a href=\"http:\/\/www.wojoer.de\/?s=nos&#038;post_type=product\">NOS<\/a> | besonders durchsichtig | sehr dehnbares Netzmaterial | super robust | hautenge Passform | gl\u00e4nzende Einfassung aus Lederimitat | hochwertige Verarbeitung &#8220;Made in Germany&#8221;<\/p>\n<h3>Benutzerhinweise<\/h3>\n<p>kalte Handw\u00e4sche bis 30 Grad mit normaler Handseife | kein Weichsp\u00fcler oder Waschmittel<\/p>\n<h3>GOLDEN LINE MINI HIPSTER &#8211; schillernder, durchsichtiger Hipster<\/h3>\n<p>Ein Hauch von Nichts. Dieser Hipster ist durchschimmernde Lust. Denn seine feine, dehnbare Materialit\u00e4t gew\u00e4hrt gerade mal so viel Einblick, um die Spannung ins Unermessliche zu steigern. Dazu kommen der federweiche Tragekomfort und dieTiefen Kontraste, die sich durch das transparente Powernet andeuten. Das i-T\u00fcpfelchen dazu bietet die hochwertige Einfassung aus gold g\u00e4nzendem Lackstoff, der zu allerlei phantasievollen Spielchen animiert.<\/p>\n","protected":false},"excerpt":{"rendered":"<p>Der durchsichtige GoldEdition Mini Hipster 0406-P702 mit gold gl\u00e4nzender Kunstledereinfassung, ist Never-Out-of-Stock und geh\u00f6rt damit zu den Wojoer NOS-Produkten<br \/>\nGr\u00f6\u00dfen<br \/>\nErh\u00e4ltlich in den Gr\u00f6\u00dfen S, M, L, XL<br \/>\nMaterialzusammensetzung<br \/>\nGOLDEN LINE besteht aus super feinem, stark dehnbaren und robustes Netz: 96% Polyester | 6%\u2026<\/p>\n","protected":false},"featured_media":36913,"comment_status":"open","ping_status":"closed","template":"","meta":[],"product_brand":[],"product_cat":[888,116,169,473,326],"product_tag":[560,294,306,209,246,430],"class_list":{"0":"post-35798","1":"product","2":"type-product","3":"status-publish","4":"has-post-thumbnail","6":"product_cat-goldenedge","7":"product_cat-clubwear","8":"product_cat-nos-never-out-of-stock","9":"product_cat-men","10":"product_cat-wojoer","11":"product_tag-glaenzend","12":"product_tag-lack","13":"product_tag-metallic","14":"product_tag-mini-hipster","15":"product_tag-netz","16":"product_tag-powernet","17":"product_shipping_class-beun","18":"pa_groesse-l","19":"pa_groesse-m","20":"pa_groesse-s","21":"pa_groesse-xl","22":"pa_groesse-xxl","23":"pa_groesse-xxxl","24":"pif-has-gallery","25":"post-1","26":"odd","28":"first","29":"onbackorder","30":"taxable","31":"shipping-taxable","32":"purchasable","33":"product-type-variable"},"yoast_head":"<!-- This site is optimized with the Yoast SEO plugin v27.2 - https:\/\/yoast.com\/product\/yoast-seo-wordpress\/ -->\n<title>Gold Edition Mini Hipster | Powernet | gl\u00e4nzendes Lederimitat | WOJOER<\/title>\n<meta name=\"description\" content=\"Gold Edition Mini Hipster schwarz mit schillernder Einfassung aus Kunstleder. Super anschmiegsam, luftig und unwiderstehlich sexy.\" \/>\n<meta name=\"robots\" content=\"index, follow, max-snippet:-1, max-image-preview:large, max-video-preview:-1\" \/>\n<link rel=\"canonical\" href=\"https:\/\/www.wojoer.de\/en\/produkt\/gold-edition-mini-hipster\/\" \/>\n<meta name=\"twitter:card\" content=\"summary_large_image\" \/>\n<meta name=\"twitter:title\" content=\"Gold Edition Mini Hipster | Powernet | gl\u00e4nzendes Lederimitat | WOJOER\" \/>\n<meta name=\"twitter:description\" content=\"Gold Edition Mini Hipster schwarz mit schillernder Einfassung aus Kunstleder. Super anschmiegsam, luftig und unwiderstehlich sexy.\" \/>\n<meta name=\"twitter:image\" content=\"https:\/\/www.wojoer.de\/wp-content\/uploads\/2021\/05\/406T352.5-Netz_GOLDEDITION_Golden_Line_mini_Hipster_side_wojoer_.jpg\" \/>\n<meta name=\"twitter:label1\" content=\"Estimated reading time\" \/>\n\t<meta name=\"twitter:data1\" content=\"1 minute\" \/>\n<script type=\"application\/ld+json\" class=\"yoast-schema-graph\">{\"@context\":\"https:\/\/schema.org\",\"@graph\":[{\"@type\":\"WebPage\",\"@id\":\"https:\/\/www.wojoer.de\/produkt\/gold-edition-mini-hipster\/\",\"url\":\"https:\/\/www.wojoer.de\/produkt\/gold-edition-mini-hipster\/\",\"name\":\"Gold Edition Mini Hipster | Powernet | gl\u00e4nzendes Lederimitat | WOJOER\",\"isPartOf\":{\"@id\":\"https:\/\/www.wojoer.de\/#website\"},\"primaryImageOfPage\":{\"@id\":\"https:\/\/www.wojoer.de\/produkt\/gold-edition-mini-hipster\/#primaryimage\"},\"image\":{\"@id\":\"https:\/\/www.wojoer.de\/produkt\/gold-edition-mini-hipster\/#primaryimage\"},\"thumbnailUrl\":\"https:\/\/www.wojoer.de\/wp-content\/uploads\/2021\/05\/406T352.5-Netz_GOLDEDITION_Golden_Line_mini_Hipster_side_wojoer_.jpg\",\"datePublished\":\"2025-12-03T13:23:53+00:00\",\"dateModified\":\"2025-12-04T07:27:05+00:00\",\"description\":\"Gold Edition Mini Hipster schwarz mit schillernder Einfassung aus Kunstleder. Super anschmiegsam, luftig und unwiderstehlich sexy.\",\"breadcrumb\":{\"@id\":\"https:\/\/www.wojoer.de\/produkt\/gold-edition-mini-hipster\/#breadcrumb\"},\"inLanguage\":\"en-GB\",\"potentialAction\":[{\"@type\":\"ReadAction\",\"target\":[\"https:\/\/www.wojoer.de\/produkt\/gold-edition-mini-hipster\/\"]}]},{\"@type\":\"ImageObject\",\"inLanguage\":\"en-GB\",\"@id\":\"https:\/\/www.wojoer.de\/produkt\/gold-edition-mini-hipster\/#primaryimage\",\"url\":\"https:\/\/www.wojoer.de\/wp-content\/uploads\/2021\/05\/406T352.5-Netz_GOLDEDITION_Golden_Line_mini_Hipster_side_wojoer_.jpg\",\"contentUrl\":\"https:\/\/www.wojoer.de\/wp-content\/uploads\/2021\/05\/406T352.5-Netz_GOLDEDITION_Golden_Line_mini_Hipster_side_wojoer_.jpg\",\"width\":2002,\"height\":2002},{\"@type\":\"BreadcrumbList\",\"@id\":\"https:\/\/www.wojoer.de\/produkt\/gold-edition-mini-hipster\/#breadcrumb\",\"itemListElement\":[{\"@type\":\"ListItem\",\"position\":1,\"name\":\"Startseite\",\"item\":\"https:\/\/www.wojoer.de\/\"},{\"@type\":\"ListItem\",\"position\":2,\"name\":\"SHOP\",\"item\":\"https:\/\/www.wojoer.de\/shop\/\"},{\"@type\":\"ListItem\",\"position\":3,\"name\":\"GoldEdition Mini Hipster\"}]},{\"@type\":\"WebSite\",\"@id\":\"https:\/\/www.wojoer.de\/#website\",\"url\":\"https:\/\/www.wojoer.de\/\",\"name\":\"WOJOER\",\"description\":\"clubwear for men\",\"publisher\":{\"@id\":\"https:\/\/www.wojoer.de\/#organization\"},\"potentialAction\":[{\"@type\":\"SearchAction\",\"target\":{\"@type\":\"EntryPoint\",\"urlTemplate\":\"https:\/\/www.wojoer.de\/?s={search_term_string}\"},\"query-input\":{\"@type\":\"PropertyValueSpecification\",\"valueRequired\":true,\"valueName\":\"search_term_string\"}}],\"inLanguage\":\"en-GB\"},{\"@type\":\"Organization\",\"@id\":\"https:\/\/www.wojoer.de\/#organization\",\"name\":\"Wonneberger-Manufaktur\",\"url\":\"https:\/\/www.wojoer.de\/\",\"logo\":{\"@type\":\"ImageObject\",\"inLanguage\":\"en-GB\",\"@id\":\"https:\/\/www.wojoer.de\/#\/schema\/logo\/image\/\",\"url\":\"https:\/\/www.wojoer.de\/wp-content\/uploads\/2016\/11\/wonnebergermanufaktur_logo_BUTTON.png\",\"contentUrl\":\"https:\/\/www.wojoer.de\/wp-content\/uploads\/2016\/11\/wonnebergermanufaktur_logo_BUTTON.png\",\"width\":765,\"height\":765,\"caption\":\"Wonneberger-Manufaktur\"},\"image\":{\"@id\":\"https:\/\/www.wojoer.de\/#\/schema\/logo\/image\/\"},\"sameAs\":[\"https:\/\/www.facebook.com\/wojoer\/\",\"https:\/\/de.pinterest.com\/W0J0ER\/\"]}]}<\/script>\n<!-- \/ Yoast SEO plugin. -->","yoast_head_json":{"title":"Gold Edition Mini Hipster | Powernet | gl\u00e4nzendes Lederimitat | WOJOER","description":"Gold Edition Mini Hipster schwarz mit schillernder Einfassung aus Kunstleder. Super anschmiegsam, luftig und unwiderstehlich sexy.","robots":{"index":"index","follow":"follow","max-snippet":"max-snippet:-1","max-image-preview":"max-image-preview:large","max-video-preview":"max-video-preview:-1"},"canonical":"https:\/\/www.wojoer.de\/en\/produkt\/gold-edition-mini-hipster\/","twitter_card":"summary_large_image","twitter_title":"Gold Edition Mini Hipster | Powernet | gl\u00e4nzendes Lederimitat | WOJOER","twitter_description":"Gold Edition Mini Hipster schwarz mit schillernder Einfassung aus Kunstleder. Super anschmiegsam, luftig und unwiderstehlich sexy.","twitter_image":"https:\/\/www.wojoer.de\/wp-content\/uploads\/2021\/05\/406T352.5-Netz_GOLDEDITION_Golden_Line_mini_Hipster_side_wojoer_.jpg","twitter_misc":{"Estimated reading time":"1 minute"},"schema":{"@context":"https:\/\/schema.org","@graph":[{"@type":"WebPage","@id":"https:\/\/www.wojoer.de\/produkt\/gold-edition-mini-hipster\/","url":"https:\/\/www.wojoer.de\/produkt\/gold-edition-mini-hipster\/","name":"Gold Edition Mini Hipster | Powernet | gl\u00e4nzendes Lederimitat | WOJOER","isPartOf":{"@id":"https:\/\/www.wojoer.de\/#website"},"primaryImageOfPage":{"@id":"https:\/\/www.wojoer.de\/produkt\/gold-edition-mini-hipster\/#primaryimage"},"image":{"@id":"https:\/\/www.wojoer.de\/produkt\/gold-edition-mini-hipster\/#primaryimage"},"thumbnailUrl":"https:\/\/www.wojoer.de\/wp-content\/uploads\/2021\/05\/406T352.5-Netz_GOLDEDITION_Golden_Line_mini_Hipster_side_wojoer_.jpg","datePublished":"2025-12-03T13:23:53+00:00","dateModified":"2025-12-04T07:27:05+00:00","description":"Gold Edition Mini Hipster schwarz mit schillernder Einfassung aus Kunstleder. Super anschmiegsam, luftig und unwiderstehlich sexy.","breadcrumb":{"@id":"https:\/\/www.wojoer.de\/produkt\/gold-edition-mini-hipster\/#breadcrumb"},"inLanguage":"en-GB","potentialAction":[{"@type":"ReadAction","target":["https:\/\/www.wojoer.de\/produkt\/gold-edition-mini-hipster\/"]}]},{"@type":"ImageObject","inLanguage":"en-GB","@id":"https:\/\/www.wojoer.de\/produkt\/gold-edition-mini-hipster\/#primaryimage","url":"https:\/\/www.wojoer.de\/wp-content\/uploads\/2021\/05\/406T352.5-Netz_GOLDEDITION_Golden_Line_mini_Hipster_side_wojoer_.jpg","contentUrl":"https:\/\/www.wojoer.de\/wp-content\/uploads\/2021\/05\/406T352.5-Netz_GOLDEDITION_Golden_Line_mini_Hipster_side_wojoer_.jpg","width":2002,"height":2002},{"@type":"BreadcrumbList","@id":"https:\/\/www.wojoer.de\/produkt\/gold-edition-mini-hipster\/#breadcrumb","itemListElement":[{"@type":"ListItem","position":1,"name":"Startseite","item":"https:\/\/www.wojoer.de\/"},{"@type":"ListItem","position":2,"name":"SHOP","item":"https:\/\/www.wojoer.de\/shop\/"},{"@type":"ListItem","position":3,"name":"GoldEdition Mini Hipster"}]},{"@type":"WebSite","@id":"https:\/\/www.wojoer.de\/#website","url":"https:\/\/www.wojoer.de\/","name":"WOJOER","description":"clubwear for men","publisher":{"@id":"https:\/\/www.wojoer.de\/#organization"},"potentialAction":[{"@type":"SearchAction","target":{"@type":"EntryPoint","urlTemplate":"https:\/\/www.wojoer.de\/?s={search_term_string}"},"query-input":{"@type":"PropertyValueSpecification","valueRequired":true,"valueName":"search_term_string"}}],"inLanguage":"en-GB"},{"@type":"Organization","@id":"https:\/\/www.wojoer.de\/#organization","name":"Wonneberger-Manufaktur","url":"https:\/\/www.wojoer.de\/","logo":{"@type":"ImageObject","inLanguage":"en-GB","@id":"https:\/\/www.wojoer.de\/#\/schema\/logo\/image\/","url":"https:\/\/www.wojoer.de\/wp-content\/uploads\/2016\/11\/wonnebergermanufaktur_logo_BUTTON.png","contentUrl":"https:\/\/www.wojoer.de\/wp-content\/uploads\/2016\/11\/wonnebergermanufaktur_logo_BUTTON.png","width":765,"height":765,"caption":"Wonneberger-Manufaktur"},"image":{"@id":"https:\/\/www.wojoer.de\/#\/schema\/logo\/image\/"},"sameAs":["https:\/\/www.facebook.com\/wojoer\/","https:\/\/de.pinterest.com\/W0J0ER\/"]}]}},"_links":{"self":[{"href":"https:\/\/www.wojoer.de\/en\/wp-json\/wp\/v2\/product\/35798","targetHints":{"allow":["GET"]}}],"collection":[{"href":"https:\/\/www.wojoer.de\/en\/wp-json\/wp\/v2\/product"}],"about":[{"href":"https:\/\/www.wojoer.de\/en\/wp-json\/wp\/v2\/types\/product"}],"replies":[{"embeddable":true,"href":"https:\/\/www.wojoer.de\/en\/wp-json\/wp\/v2\/comments?post=35798"}],"wp:featuredmedia":[{"embeddable":true,"href":"https:\/\/www.wojoer.de\/en\/wp-json\/wp\/v2\/media\/36913"}],"wp:attachment":[{"href":"https:\/\/www.wojoer.de\/en\/wp-json\/wp\/v2\/media?parent=35798"}],"wp:term":[{"taxonomy":"product_brand","embeddable":true,"href":"https:\/\/www.wojoer.de\/en\/wp-json\/wp\/v2\/product_brand?post=35798"},{"taxonomy":"product_cat","embeddable":true,"href":"https:\/\/www.wojoer.de\/en\/wp-json\/wp\/v2\/product_cat?post=35798"},{"taxonomy":"product_tag","embeddable":true,"href":"https:\/\/www.wojoer.de\/en\/wp-json\/wp\/v2\/product_tag?post=35798"}],"curies":[{"name":"wp","href":"https:\/\/api.w.org\/{rel}","templated":true}]}}