{"id":35847,"date":"2024-09-10T07:38:37","date_gmt":"2024-09-10T05:38:37","guid":{"rendered":"https:\/\/www.wojoer.de\/?post_type=product&#038;p=35847"},"modified":"2026-02-03T21:33:08","modified_gmt":"2026-02-03T20:33:08","slug":"gold-edition-sock-stringbody","status":"publish","type":"product","link":"https:\/\/www.wojoer.de\/en\/produkt\/gold-edition-sock-stringbody\/","title":{"rendered":"GoldenEdition Sock Thong Body"},"content":{"rendered":"<p>Der durchsichtige GoldEdition Sock Stringbody 0406-A004 Netz mit gold gl\u00e4nzender Kunstledereinfassung, ist Never-Out-of-Stock und geh\u00f6rt damit zu den Wojoer NOS-Produkten<\/p>\n<h3>Gr\u00f6\u00dfen<\/h3>\n<p>unisize<\/p>\n<h3>Materialzusammensetzung<\/h3>\n<p>GoldEdition besteht aus super feinem, stark dehnbaren und robustem Netz: 96% Polyester | 6% Elasthan und<\/p>\n<p>die metallischen Einfassungen aus Lederimitat: 95% Polyester| 5% Elasthan<\/p>\n<h3>Besonderheiten<\/h3>\n<p><a href=\"http:\/\/www.wojoer.de\/?s=nos&#038;post_type=product\">NOS<\/a>| besonders durchsichtig | sehr dehnbares Netzmaterial | super robust | hautenge Passform | gl\u00e4nzende Einfassung aus Lederimitat | Body ohne R\u00fcckenteil | hochwertige Verarbeitung &#8220;Made in Germany&#8221;<\/p>\n<h3>Benutzerhinweise<\/h3>\n<p>kalte Handw\u00e4sche bis 30 Grad mit normaler Handseife | kein Weichsp\u00fcler oder Waschmittel<\/p>\n<h3>GoldEdition SOCK STRINGBODY &#8211; durchsichtiger Sock mit gold gl\u00e4nzenden Stringbody<\/h3>\n<p>Einen noch knappernen Body gibt es wohl nicht &#8211; dieser edle, metallisch schimmernde Stringbody setzt deine M\u00e4nnlichkeit anregend in Szene und bringt dein Gegen\u00fcber in hei\u00dfe Wallung! Das durchsichtige Suspensorium aus schwarzen Powernet zeigt gerade so viel, um die Lust ins Unermessliche zu steigern. Super anschmiegsam und angenehm dehnbar sind beide Materialien die perfekte Kombination f\u00fcr aufregende Stunden.<\/p>\n","protected":false},"excerpt":{"rendered":"<p>Der durchsichtige GoldEdition Sock Stringbody 0406-A004 Netz mit gold gl\u00e4nzender Kunstledereinfassung, ist Never-Out-of-Stock und geh\u00f6rt damit zu den Wojoer NOS-Produkten<br \/>\nGr\u00f6\u00dfen<br \/>\nunisize<br \/>\nMaterialzusammensetzung<br \/>\nGoldEdition besteht aus super feinem, stark dehnbaren und robustem Netz: 96% Polyester | 6% Elasthan und<\/p>\n<p>die metallischen Einfassungen aus Lederimitat: 95%\u2026<\/p>\n","protected":false},"featured_media":36914,"comment_status":"open","ping_status":"closed","template":"","meta":[],"product_brand":[],"product_cat":[888,116,169,473,326],"product_tag":[186,560,294,246,430,364,119],"class_list":{"0":"post-35847","1":"product","2":"type-product","3":"status-publish","4":"has-post-thumbnail","6":"product_cat-goldenedge","7":"product_cat-clubwear","8":"product_cat-nos-never-out-of-stock","9":"product_cat-men","10":"product_cat-wojoer","11":"product_tag-body","12":"product_tag-glaenzend","13":"product_tag-lack","14":"product_tag-netz","15":"product_tag-powernet","16":"product_tag-sock","17":"product_tag-string","18":"product_shipping_class-beun","19":"pa_groesse-l","20":"pa_groesse-m","21":"pa_groesse-s","22":"pa_groesse-unisize","23":"pif-has-gallery","24":"post-1","25":"odd","27":"first","28":"onbackorder","29":"taxable","30":"shipping-taxable","31":"purchasable","32":"product-type-variable","33":"has-default-attributes"},"yoast_head":"<!-- This site is optimized with the Yoast SEO plugin v27.2 - https:\/\/yoast.com\/product\/yoast-seo-wordpress\/ -->\n<title>Gold Sock Stringbody | Powernet | gl\u00e4nzendes Lederimitat | WOJOER<\/title>\n<meta name=\"description\" content=\"Gold Sock Stringbody-schwarzer Sock mit gold schillernden Stringbody aus Kunstleder. Super anschmiegsam, luftig - unwiderstehlich sexy WOJOER\" \/>\n<meta name=\"robots\" content=\"index, follow, max-snippet:-1, max-image-preview:large, max-video-preview:-1\" \/>\n<link rel=\"canonical\" href=\"https:\/\/www.wojoer.de\/en\/produkt\/gold-edition-sock-stringbody\/\" \/>\n<meta name=\"twitter:card\" content=\"summary_large_image\" \/>\n<meta name=\"twitter:title\" content=\"Gold Sock Stringbody | Powernet | gl\u00e4nzendes Lederimitat | WOJOER\" \/>\n<meta name=\"twitter:description\" content=\"Gold Sock Stringbody-schwarzer Sock mit gold schillernden Stringbody aus Kunstleder. Super anschmiegsam, luftig - unwiderstehlich sexy WOJOER\" \/>\n<meta name=\"twitter:image\" content=\"https:\/\/www.wojoer.de\/wp-content\/uploads\/2021\/05\/406S4-Netz_GOLDEDITION_MiniSock_StringBody_wojoer_.jpg\" \/>\n<meta name=\"twitter:label1\" content=\"Estimated reading time\" \/>\n\t<meta name=\"twitter:data1\" content=\"1 minute\" \/>\n<script type=\"application\/ld+json\" class=\"yoast-schema-graph\">{\"@context\":\"https:\/\/schema.org\",\"@graph\":[{\"@type\":\"WebPage\",\"@id\":\"https:\/\/www.wojoer.de\/en\/produkt\/gold-edition-sock-stringbody\/\",\"url\":\"https:\/\/www.wojoer.de\/en\/produkt\/gold-edition-sock-stringbody\/\",\"name\":\"Gold Sock Stringbody | Powernet | gl\u00e4nzendes Lederimitat | WOJOER\",\"isPartOf\":{\"@id\":\"https:\/\/www.wojoer.de\/#website\"},\"primaryImageOfPage\":{\"@id\":\"https:\/\/www.wojoer.de\/en\/produkt\/gold-edition-sock-stringbody\/#primaryimage\"},\"image\":{\"@id\":\"https:\/\/www.wojoer.de\/en\/produkt\/gold-edition-sock-stringbody\/#primaryimage\"},\"thumbnailUrl\":\"https:\/\/www.wojoer.de\/wp-content\/uploads\/2021\/05\/406S4-Netz_GOLDEDITION_MiniSock_StringBody_wojoer_.jpg\",\"datePublished\":\"2024-09-10T05:38:37+00:00\",\"dateModified\":\"2026-02-03T20:33:08+00:00\",\"description\":\"Gold Sock Stringbody-schwarzer Sock mit gold schillernden Stringbody aus Kunstleder. Super anschmiegsam, luftig - unwiderstehlich sexy WOJOER\",\"breadcrumb\":{\"@id\":\"https:\/\/www.wojoer.de\/en\/produkt\/gold-edition-sock-stringbody\/#breadcrumb\"},\"inLanguage\":\"en-GB\",\"potentialAction\":[{\"@type\":\"ReadAction\",\"target\":[\"https:\/\/www.wojoer.de\/en\/produkt\/gold-edition-sock-stringbody\/\"]}]},{\"@type\":\"ImageObject\",\"inLanguage\":\"en-GB\",\"@id\":\"https:\/\/www.wojoer.de\/en\/produkt\/gold-edition-sock-stringbody\/#primaryimage\",\"url\":\"https:\/\/www.wojoer.de\/wp-content\/uploads\/2021\/05\/406S4-Netz_GOLDEDITION_MiniSock_StringBody_wojoer_.jpg\",\"contentUrl\":\"https:\/\/www.wojoer.de\/wp-content\/uploads\/2021\/05\/406S4-Netz_GOLDEDITION_MiniSock_StringBody_wojoer_.jpg\",\"width\":2002,\"height\":2002},{\"@type\":\"BreadcrumbList\",\"@id\":\"https:\/\/www.wojoer.de\/en\/produkt\/gold-edition-sock-stringbody\/#breadcrumb\",\"itemListElement\":[{\"@type\":\"ListItem\",\"position\":1,\"name\":\"Startseite\",\"item\":\"https:\/\/www.wojoer.de\/\"},{\"@type\":\"ListItem\",\"position\":2,\"name\":\"SHOP\",\"item\":\"https:\/\/www.wojoer.de\/shop\/\"},{\"@type\":\"ListItem\",\"position\":3,\"name\":\"GoldenEdition Sock Thong Body\"}]},{\"@type\":\"WebSite\",\"@id\":\"https:\/\/www.wojoer.de\/#website\",\"url\":\"https:\/\/www.wojoer.de\/\",\"name\":\"WOJOER\",\"description\":\"clubwear for men\",\"publisher\":{\"@id\":\"https:\/\/www.wojoer.de\/#organization\"},\"potentialAction\":[{\"@type\":\"SearchAction\",\"target\":{\"@type\":\"EntryPoint\",\"urlTemplate\":\"https:\/\/www.wojoer.de\/?s={search_term_string}\"},\"query-input\":{\"@type\":\"PropertyValueSpecification\",\"valueRequired\":true,\"valueName\":\"search_term_string\"}}],\"inLanguage\":\"en-GB\"},{\"@type\":\"Organization\",\"@id\":\"https:\/\/www.wojoer.de\/#organization\",\"name\":\"Wonneberger-Manufaktur\",\"url\":\"https:\/\/www.wojoer.de\/\",\"logo\":{\"@type\":\"ImageObject\",\"inLanguage\":\"en-GB\",\"@id\":\"https:\/\/www.wojoer.de\/#\/schema\/logo\/image\/\",\"url\":\"https:\/\/www.wojoer.de\/wp-content\/uploads\/2016\/11\/wonnebergermanufaktur_logo_BUTTON.png\",\"contentUrl\":\"https:\/\/www.wojoer.de\/wp-content\/uploads\/2016\/11\/wonnebergermanufaktur_logo_BUTTON.png\",\"width\":765,\"height\":765,\"caption\":\"Wonneberger-Manufaktur\"},\"image\":{\"@id\":\"https:\/\/www.wojoer.de\/#\/schema\/logo\/image\/\"},\"sameAs\":[\"https:\/\/www.facebook.com\/wojoer\/\",\"https:\/\/de.pinterest.com\/W0J0ER\/\"]}]}<\/script>\n<!-- \/ Yoast SEO plugin. -->","yoast_head_json":{"title":"Gold Sock Stringbody | Powernet | gl\u00e4nzendes Lederimitat | WOJOER","description":"Gold Sock Stringbody-schwarzer Sock mit gold schillernden Stringbody aus Kunstleder. Super anschmiegsam, luftig - unwiderstehlich sexy WOJOER","robots":{"index":"index","follow":"follow","max-snippet":"max-snippet:-1","max-image-preview":"max-image-preview:large","max-video-preview":"max-video-preview:-1"},"canonical":"https:\/\/www.wojoer.de\/en\/produkt\/gold-edition-sock-stringbody\/","twitter_card":"summary_large_image","twitter_title":"Gold Sock Stringbody | Powernet | gl\u00e4nzendes Lederimitat | WOJOER","twitter_description":"Gold Sock Stringbody-schwarzer Sock mit gold schillernden Stringbody aus Kunstleder. Super anschmiegsam, luftig - unwiderstehlich sexy WOJOER","twitter_image":"https:\/\/www.wojoer.de\/wp-content\/uploads\/2021\/05\/406S4-Netz_GOLDEDITION_MiniSock_StringBody_wojoer_.jpg","twitter_misc":{"Estimated reading time":"1 minute"},"schema":{"@context":"https:\/\/schema.org","@graph":[{"@type":"WebPage","@id":"https:\/\/www.wojoer.de\/en\/produkt\/gold-edition-sock-stringbody\/","url":"https:\/\/www.wojoer.de\/en\/produkt\/gold-edition-sock-stringbody\/","name":"Gold Sock Stringbody | Powernet | gl\u00e4nzendes Lederimitat | WOJOER","isPartOf":{"@id":"https:\/\/www.wojoer.de\/#website"},"primaryImageOfPage":{"@id":"https:\/\/www.wojoer.de\/en\/produkt\/gold-edition-sock-stringbody\/#primaryimage"},"image":{"@id":"https:\/\/www.wojoer.de\/en\/produkt\/gold-edition-sock-stringbody\/#primaryimage"},"thumbnailUrl":"https:\/\/www.wojoer.de\/wp-content\/uploads\/2021\/05\/406S4-Netz_GOLDEDITION_MiniSock_StringBody_wojoer_.jpg","datePublished":"2024-09-10T05:38:37+00:00","dateModified":"2026-02-03T20:33:08+00:00","description":"Gold Sock Stringbody-schwarzer Sock mit gold schillernden Stringbody aus Kunstleder. Super anschmiegsam, luftig - unwiderstehlich sexy WOJOER","breadcrumb":{"@id":"https:\/\/www.wojoer.de\/en\/produkt\/gold-edition-sock-stringbody\/#breadcrumb"},"inLanguage":"en-GB","potentialAction":[{"@type":"ReadAction","target":["https:\/\/www.wojoer.de\/en\/produkt\/gold-edition-sock-stringbody\/"]}]},{"@type":"ImageObject","inLanguage":"en-GB","@id":"https:\/\/www.wojoer.de\/en\/produkt\/gold-edition-sock-stringbody\/#primaryimage","url":"https:\/\/www.wojoer.de\/wp-content\/uploads\/2021\/05\/406S4-Netz_GOLDEDITION_MiniSock_StringBody_wojoer_.jpg","contentUrl":"https:\/\/www.wojoer.de\/wp-content\/uploads\/2021\/05\/406S4-Netz_GOLDEDITION_MiniSock_StringBody_wojoer_.jpg","width":2002,"height":2002},{"@type":"BreadcrumbList","@id":"https:\/\/www.wojoer.de\/en\/produkt\/gold-edition-sock-stringbody\/#breadcrumb","itemListElement":[{"@type":"ListItem","position":1,"name":"Startseite","item":"https:\/\/www.wojoer.de\/"},{"@type":"ListItem","position":2,"name":"SHOP","item":"https:\/\/www.wojoer.de\/shop\/"},{"@type":"ListItem","position":3,"name":"GoldenEdition Sock Thong Body"}]},{"@type":"WebSite","@id":"https:\/\/www.wojoer.de\/#website","url":"https:\/\/www.wojoer.de\/","name":"WOJOER","description":"clubwear for men","publisher":{"@id":"https:\/\/www.wojoer.de\/#organization"},"potentialAction":[{"@type":"SearchAction","target":{"@type":"EntryPoint","urlTemplate":"https:\/\/www.wojoer.de\/?s={search_term_string}"},"query-input":{"@type":"PropertyValueSpecification","valueRequired":true,"valueName":"search_term_string"}}],"inLanguage":"en-GB"},{"@type":"Organization","@id":"https:\/\/www.wojoer.de\/#organization","name":"Wonneberger-Manufaktur","url":"https:\/\/www.wojoer.de\/","logo":{"@type":"ImageObject","inLanguage":"en-GB","@id":"https:\/\/www.wojoer.de\/#\/schema\/logo\/image\/","url":"https:\/\/www.wojoer.de\/wp-content\/uploads\/2016\/11\/wonnebergermanufaktur_logo_BUTTON.png","contentUrl":"https:\/\/www.wojoer.de\/wp-content\/uploads\/2016\/11\/wonnebergermanufaktur_logo_BUTTON.png","width":765,"height":765,"caption":"Wonneberger-Manufaktur"},"image":{"@id":"https:\/\/www.wojoer.de\/#\/schema\/logo\/image\/"},"sameAs":["https:\/\/www.facebook.com\/wojoer\/","https:\/\/de.pinterest.com\/W0J0ER\/"]}]}},"_links":{"self":[{"href":"https:\/\/www.wojoer.de\/en\/wp-json\/wp\/v2\/product\/35847","targetHints":{"allow":["GET"]}}],"collection":[{"href":"https:\/\/www.wojoer.de\/en\/wp-json\/wp\/v2\/product"}],"about":[{"href":"https:\/\/www.wojoer.de\/en\/wp-json\/wp\/v2\/types\/product"}],"replies":[{"embeddable":true,"href":"https:\/\/www.wojoer.de\/en\/wp-json\/wp\/v2\/comments?post=35847"}],"wp:featuredmedia":[{"embeddable":true,"href":"https:\/\/www.wojoer.de\/en\/wp-json\/wp\/v2\/media\/36914"}],"wp:attachment":[{"href":"https:\/\/www.wojoer.de\/en\/wp-json\/wp\/v2\/media?parent=35847"}],"wp:term":[{"taxonomy":"product_brand","embeddable":true,"href":"https:\/\/www.wojoer.de\/en\/wp-json\/wp\/v2\/product_brand?post=35847"},{"taxonomy":"product_cat","embeddable":true,"href":"https:\/\/www.wojoer.de\/en\/wp-json\/wp\/v2\/product_cat?post=35847"},{"taxonomy":"product_tag","embeddable":true,"href":"https:\/\/www.wojoer.de\/en\/wp-json\/wp\/v2\/product_tag?post=35847"}],"curies":[{"name":"wp","href":"https:\/\/api.w.org\/{rel}","templated":true}]}}