{"id":35858,"date":"2025-11-30T05:55:14","date_gmt":"2025-11-30T04:55:14","guid":{"rendered":"https:\/\/www.wojoer.de\/?post_type=product&#038;p=35858"},"modified":"2025-12-04T09:26:47","modified_gmt":"2025-12-04T08:26:47","slug":"gold-edition-mini-push-string","status":"publish","type":"product","link":"https:\/\/www.wojoer.de\/en\/produkt\/gold-edition-mini-push-string\/","title":{"rendered":"GoldEdition Mini Push String"},"content":{"rendered":"<p>Der durchsichtige Golden Line Mini Push String 406B55Netz gold gl\u00e4nzender Kunstledereinfassung, ist Never-Out-of-Stock und geh\u00f6rt damit zu den Wojoer NOS-Produkten<\/p>\n<h3>Gr\u00f6\u00dfen<\/h3>\n<p>Erh\u00e4ltlich in den Gr\u00f6\u00dfen S, M, L, XL<\/p>\n<h3>Materialzusammensetzung<\/h3>\n<p>GoldenEdge besteht aus super feinem, stark dehnbaren und robustes Netz: 96% Polyester | 6% Elasthan und<\/p>\n<p>die metallischen Einfassungen aus Lederimitat: 95% Polyester | 5% Elasthan<\/p>\n<h3>Besonderheiten<\/h3>\n<p><a href=\"http:\/\/www.wojoer.de\/?s=nos&#038;post_type=product\">NOS<\/a> | besonders durchsichtig | sehr dehnbares Netzmaterial | super robust | hautenge Passform | gl\u00e4nzende Einfassung aus Lederimitat | hochwertige Verarbeitung &#8220;Made in Germany&#8221;<\/p>\n<h3>Benutzerhinweise<\/h3>\n<p>Handw\u00e4sche<\/p>\n<h3>GoldenEdge MINI PUSH STRING &#8211; schillernder, durchsichtiger Push-Up String<\/h3>\n<p>Ein Hauch von Nichts. Dieser String ist durchschimmernde Lust. Denn seine feine, dehnbare Materialit\u00e4t gew\u00e4hrt gerade mal so viel Einblick, um die Spannung ins Unermessliche zu steigern. Dazu kommen der federweiche Tragekomfort und die tiefen Kontraste, die sich durch das transparente Powernet andeuten. Das i-T\u00fcpfelchen dazu bietet die hochwertige Einfassung aus gold schimmernden Lackstoff, der zu allerlei phantasievollen Spielchen animiert.<\/p>\n","protected":false},"excerpt":{"rendered":"<p>Der durchsichtige Gold Edition Mini Push String 0406-S018 mit gold gl\u00e4nzender Kunstledereinfassung, ist Never-Out-of-Stock und geh\u00f6rt damit zu den Wojoer NOS-Produkten<br \/>\nGr\u00f6\u00dfen<br \/>\nErh\u00e4ltlich in den Gr\u00f6\u00dfen S, M, L, XL<br \/>\nMaterialzusammensetzung<br \/>\nGoldEdition besteht aus super feinem, stark dehnbaren und robustes Netz: 96% Polyester |\u2026<\/p>\n","protected":false},"featured_media":36920,"comment_status":"open","ping_status":"closed","template":"","meta":[],"product_brand":[],"product_cat":[888,116,169,473,326],"product_tag":[560,294,306,885,246,430,184,119],"class_list":{"0":"post-35858","1":"product","2":"type-product","3":"status-publish","4":"has-post-thumbnail","6":"product_cat-goldenedge","7":"product_cat-clubwear","8":"product_cat-nos-never-out-of-stock","9":"product_cat-men","10":"product_cat-wojoer","11":"product_tag-glaenzend","12":"product_tag-lack","13":"product_tag-metallic","14":"product_tag-minipushstring","15":"product_tag-netz","16":"product_tag-powernet","17":"product_tag-push-up","18":"product_tag-string","19":"product_shipping_class-beun","20":"pa_groesse-l","21":"pa_groesse-m","22":"pa_groesse-s","23":"pa_groesse-xl","24":"pa_groesse-xs","25":"pa_groesse-xxs","26":"pif-has-gallery","27":"post-1","28":"odd","30":"first","31":"onbackorder","32":"taxable","33":"shipping-taxable","34":"purchasable","35":"product-type-variable"},"yoast_head":"<!-- This site is optimized with the Yoast SEO plugin v27.2 - https:\/\/yoast.com\/product\/yoast-seo-wordpress\/ -->\n<title>Gold Mini Push String | Powernet | gl\u00e4nzendes Lederimitat | WOJOER<\/title>\n<meta name=\"description\" content=\"GoldenEdge Mini Push String schwarz mit gold schillernder Einfassung aus Kunstleder. Super anschmiegsam, luftig und unwiderstehlich sexy.\" \/>\n<meta name=\"robots\" content=\"index, follow, max-snippet:-1, max-image-preview:large, max-video-preview:-1\" \/>\n<link rel=\"canonical\" href=\"https:\/\/www.wojoer.de\/en\/produkt\/gold-edition-mini-push-string\/\" \/>\n<meta name=\"twitter:card\" content=\"summary_large_image\" \/>\n<meta name=\"twitter:title\" content=\"Gold Mini Push String | Powernet | gl\u00e4nzendes Lederimitat | WOJOER\" \/>\n<meta name=\"twitter:description\" content=\"GoldEdition Mini Push String schwarz mit gold schillernder Einfassung aus Kunstleder. Super anschmiegsam, luftig und unwiderstehlich sexy.\" \/>\n<meta name=\"twitter:image\" content=\"https:\/\/www.wojoer.de\/wp-content\/uploads\/2021\/05\/406B55-Netz_GOLDEDITION_mini_pshup_string_wojoer_.jpg\" \/>\n<meta name=\"twitter:label1\" content=\"Estimated reading time\" \/>\n\t<meta name=\"twitter:data1\" content=\"1 minute\" \/>\n<script type=\"application\/ld+json\" class=\"yoast-schema-graph\">{\"@context\":\"https:\/\/schema.org\",\"@graph\":[{\"@type\":\"WebPage\",\"@id\":\"https:\/\/www.wojoer.de\/produkt\/gold-edition-mini-push-string\/\",\"url\":\"https:\/\/www.wojoer.de\/produkt\/gold-edition-mini-push-string\/\",\"name\":\"Gold Mini Push String | Powernet | gl\u00e4nzendes Lederimitat | WOJOER\",\"isPartOf\":{\"@id\":\"https:\/\/www.wojoer.de\/#website\"},\"primaryImageOfPage\":{\"@id\":\"https:\/\/www.wojoer.de\/produkt\/gold-edition-mini-push-string\/#primaryimage\"},\"image\":{\"@id\":\"https:\/\/www.wojoer.de\/produkt\/gold-edition-mini-push-string\/#primaryimage\"},\"thumbnailUrl\":\"https:\/\/www.wojoer.de\/wp-content\/uploads\/2021\/05\/406B55-Netz_GOLDEDITION_mini_pshup_string_wojoer_.jpg\",\"datePublished\":\"2025-11-30T04:55:14+00:00\",\"dateModified\":\"2025-12-04T08:26:47+00:00\",\"description\":\"GoldEdition Mini Push String schwarz mit gold schillernder Einfassung aus Kunstleder. Super anschmiegsam, luftig und unwiderstehlich sexy.\",\"breadcrumb\":{\"@id\":\"https:\/\/www.wojoer.de\/produkt\/gold-edition-mini-push-string\/#breadcrumb\"},\"inLanguage\":\"en-GB\",\"potentialAction\":[{\"@type\":\"ReadAction\",\"target\":[\"https:\/\/www.wojoer.de\/produkt\/gold-edition-mini-push-string\/\"]}]},{\"@type\":\"ImageObject\",\"inLanguage\":\"en-GB\",\"@id\":\"https:\/\/www.wojoer.de\/produkt\/gold-edition-mini-push-string\/#primaryimage\",\"url\":\"https:\/\/www.wojoer.de\/wp-content\/uploads\/2021\/05\/406B55-Netz_GOLDEDITION_mini_pshup_string_wojoer_.jpg\",\"contentUrl\":\"https:\/\/www.wojoer.de\/wp-content\/uploads\/2021\/05\/406B55-Netz_GOLDEDITION_mini_pshup_string_wojoer_.jpg\",\"width\":2002,\"height\":2002},{\"@type\":\"BreadcrumbList\",\"@id\":\"https:\/\/www.wojoer.de\/produkt\/gold-edition-mini-push-string\/#breadcrumb\",\"itemListElement\":[{\"@type\":\"ListItem\",\"position\":1,\"name\":\"Startseite\",\"item\":\"https:\/\/www.wojoer.de\/\"},{\"@type\":\"ListItem\",\"position\":2,\"name\":\"SHOP\",\"item\":\"https:\/\/www.wojoer.de\/shop\/\"},{\"@type\":\"ListItem\",\"position\":3,\"name\":\"GoldEdition Mini Push String\"}]},{\"@type\":\"WebSite\",\"@id\":\"https:\/\/www.wojoer.de\/#website\",\"url\":\"https:\/\/www.wojoer.de\/\",\"name\":\"WOJOER\",\"description\":\"clubwear for men\",\"publisher\":{\"@id\":\"https:\/\/www.wojoer.de\/#organization\"},\"potentialAction\":[{\"@type\":\"SearchAction\",\"target\":{\"@type\":\"EntryPoint\",\"urlTemplate\":\"https:\/\/www.wojoer.de\/?s={search_term_string}\"},\"query-input\":{\"@type\":\"PropertyValueSpecification\",\"valueRequired\":true,\"valueName\":\"search_term_string\"}}],\"inLanguage\":\"en-GB\"},{\"@type\":\"Organization\",\"@id\":\"https:\/\/www.wojoer.de\/#organization\",\"name\":\"Wonneberger-Manufaktur\",\"url\":\"https:\/\/www.wojoer.de\/\",\"logo\":{\"@type\":\"ImageObject\",\"inLanguage\":\"en-GB\",\"@id\":\"https:\/\/www.wojoer.de\/#\/schema\/logo\/image\/\",\"url\":\"https:\/\/www.wojoer.de\/wp-content\/uploads\/2016\/11\/wonnebergermanufaktur_logo_BUTTON.png\",\"contentUrl\":\"https:\/\/www.wojoer.de\/wp-content\/uploads\/2016\/11\/wonnebergermanufaktur_logo_BUTTON.png\",\"width\":765,\"height\":765,\"caption\":\"Wonneberger-Manufaktur\"},\"image\":{\"@id\":\"https:\/\/www.wojoer.de\/#\/schema\/logo\/image\/\"},\"sameAs\":[\"https:\/\/www.facebook.com\/wojoer\/\",\"https:\/\/de.pinterest.com\/W0J0ER\/\"]}]}<\/script>\n<!-- \/ Yoast SEO plugin. -->","yoast_head_json":{"title":"Gold Mini Push String | Powernet | gl\u00e4nzendes Lederimitat | WOJOER","description":"GoldenEdge Mini Push String schwarz mit gold schillernder Einfassung aus Kunstleder. Super anschmiegsam, luftig und unwiderstehlich sexy.","robots":{"index":"index","follow":"follow","max-snippet":"max-snippet:-1","max-image-preview":"max-image-preview:large","max-video-preview":"max-video-preview:-1"},"canonical":"https:\/\/www.wojoer.de\/en\/produkt\/gold-edition-mini-push-string\/","twitter_card":"summary_large_image","twitter_title":"Gold Mini Push String | Powernet | gl\u00e4nzendes Lederimitat | WOJOER","twitter_description":"GoldEdition Mini Push String schwarz mit gold schillernder Einfassung aus Kunstleder. Super anschmiegsam, luftig und unwiderstehlich sexy.","twitter_image":"https:\/\/www.wojoer.de\/wp-content\/uploads\/2021\/05\/406B55-Netz_GOLDEDITION_mini_pshup_string_wojoer_.jpg","twitter_misc":{"Estimated reading time":"1 minute"},"schema":{"@context":"https:\/\/schema.org","@graph":[{"@type":"WebPage","@id":"https:\/\/www.wojoer.de\/produkt\/gold-edition-mini-push-string\/","url":"https:\/\/www.wojoer.de\/produkt\/gold-edition-mini-push-string\/","name":"Gold Mini Push String | Powernet | gl\u00e4nzendes Lederimitat | WOJOER","isPartOf":{"@id":"https:\/\/www.wojoer.de\/#website"},"primaryImageOfPage":{"@id":"https:\/\/www.wojoer.de\/produkt\/gold-edition-mini-push-string\/#primaryimage"},"image":{"@id":"https:\/\/www.wojoer.de\/produkt\/gold-edition-mini-push-string\/#primaryimage"},"thumbnailUrl":"https:\/\/www.wojoer.de\/wp-content\/uploads\/2021\/05\/406B55-Netz_GOLDEDITION_mini_pshup_string_wojoer_.jpg","datePublished":"2025-11-30T04:55:14+00:00","dateModified":"2025-12-04T08:26:47+00:00","description":"GoldEdition Mini Push String schwarz mit gold schillernder Einfassung aus Kunstleder. Super anschmiegsam, luftig und unwiderstehlich sexy.","breadcrumb":{"@id":"https:\/\/www.wojoer.de\/produkt\/gold-edition-mini-push-string\/#breadcrumb"},"inLanguage":"en-GB","potentialAction":[{"@type":"ReadAction","target":["https:\/\/www.wojoer.de\/produkt\/gold-edition-mini-push-string\/"]}]},{"@type":"ImageObject","inLanguage":"en-GB","@id":"https:\/\/www.wojoer.de\/produkt\/gold-edition-mini-push-string\/#primaryimage","url":"https:\/\/www.wojoer.de\/wp-content\/uploads\/2021\/05\/406B55-Netz_GOLDEDITION_mini_pshup_string_wojoer_.jpg","contentUrl":"https:\/\/www.wojoer.de\/wp-content\/uploads\/2021\/05\/406B55-Netz_GOLDEDITION_mini_pshup_string_wojoer_.jpg","width":2002,"height":2002},{"@type":"BreadcrumbList","@id":"https:\/\/www.wojoer.de\/produkt\/gold-edition-mini-push-string\/#breadcrumb","itemListElement":[{"@type":"ListItem","position":1,"name":"Startseite","item":"https:\/\/www.wojoer.de\/"},{"@type":"ListItem","position":2,"name":"SHOP","item":"https:\/\/www.wojoer.de\/shop\/"},{"@type":"ListItem","position":3,"name":"GoldEdition Mini Push String"}]},{"@type":"WebSite","@id":"https:\/\/www.wojoer.de\/#website","url":"https:\/\/www.wojoer.de\/","name":"WOJOER","description":"clubwear for men","publisher":{"@id":"https:\/\/www.wojoer.de\/#organization"},"potentialAction":[{"@type":"SearchAction","target":{"@type":"EntryPoint","urlTemplate":"https:\/\/www.wojoer.de\/?s={search_term_string}"},"query-input":{"@type":"PropertyValueSpecification","valueRequired":true,"valueName":"search_term_string"}}],"inLanguage":"en-GB"},{"@type":"Organization","@id":"https:\/\/www.wojoer.de\/#organization","name":"Wonneberger-Manufaktur","url":"https:\/\/www.wojoer.de\/","logo":{"@type":"ImageObject","inLanguage":"en-GB","@id":"https:\/\/www.wojoer.de\/#\/schema\/logo\/image\/","url":"https:\/\/www.wojoer.de\/wp-content\/uploads\/2016\/11\/wonnebergermanufaktur_logo_BUTTON.png","contentUrl":"https:\/\/www.wojoer.de\/wp-content\/uploads\/2016\/11\/wonnebergermanufaktur_logo_BUTTON.png","width":765,"height":765,"caption":"Wonneberger-Manufaktur"},"image":{"@id":"https:\/\/www.wojoer.de\/#\/schema\/logo\/image\/"},"sameAs":["https:\/\/www.facebook.com\/wojoer\/","https:\/\/de.pinterest.com\/W0J0ER\/"]}]}},"_links":{"self":[{"href":"https:\/\/www.wojoer.de\/en\/wp-json\/wp\/v2\/product\/35858","targetHints":{"allow":["GET"]}}],"collection":[{"href":"https:\/\/www.wojoer.de\/en\/wp-json\/wp\/v2\/product"}],"about":[{"href":"https:\/\/www.wojoer.de\/en\/wp-json\/wp\/v2\/types\/product"}],"replies":[{"embeddable":true,"href":"https:\/\/www.wojoer.de\/en\/wp-json\/wp\/v2\/comments?post=35858"}],"wp:featuredmedia":[{"embeddable":true,"href":"https:\/\/www.wojoer.de\/en\/wp-json\/wp\/v2\/media\/36920"}],"wp:attachment":[{"href":"https:\/\/www.wojoer.de\/en\/wp-json\/wp\/v2\/media?parent=35858"}],"wp:term":[{"taxonomy":"product_brand","embeddable":true,"href":"https:\/\/www.wojoer.de\/en\/wp-json\/wp\/v2\/product_brand?post=35858"},{"taxonomy":"product_cat","embeddable":true,"href":"https:\/\/www.wojoer.de\/en\/wp-json\/wp\/v2\/product_cat?post=35858"},{"taxonomy":"product_tag","embeddable":true,"href":"https:\/\/www.wojoer.de\/en\/wp-json\/wp\/v2\/product_tag?post=35858"}],"curies":[{"name":"wp","href":"https:\/\/api.w.org\/{rel}","templated":true}]}}