{"id":35865,"date":"2025-11-30T07:00:20","date_gmt":"2025-11-30T06:00:20","guid":{"rendered":"https:\/\/www.wojoer.de\/?post_type=product&#038;p=35865"},"modified":"2026-01-05T09:54:30","modified_gmt":"2026-01-05T08:54:30","slug":"gold-edition-hipster-pant","status":"publish","type":"product","link":"https:\/\/www.wojoer.de\/en\/produkt\/gold-edition-hipster-pant\/","title":{"rendered":"GoldEdition Hipster Pant"},"content":{"rendered":"<p>Die durchsichtige GoldEdition Hipster Pant 0406-P710 Netz mit gold gl\u00e4nzender Kunstledereinfassung, ist Never-Out-of-Stock und geh\u00f6rt damit zu den Wojoer NOS-Produkten<\/p>\n<h3>Gr\u00f6\u00dfen<\/h3>\n<p>Erh\u00e4ltlich in den Gr\u00f6\u00dfen S, M, L, XL<\/p>\n<h3>Materialzusammensetzung<\/h3>\n<p>GoldEdition besteht aus super feinem, stark dehnbaren und robustes Netz: 96% Polyester | 6% Elasthan und<\/p>\n<p>die metallische Einfassungen aus Lederimitat: 95% Polyester | 5% Elasthan<\/p>\n<h3>Besonderheiten<\/h3>\n<p><a href=\"http:\/\/www.wojoer.de\/?s=nos&#038;post_type=product\">NOS<\/a> | besonders durchsichtig | sehr dehnbares Netzmaterial | super robust | hautenge Passform | gl\u00e4nzende Einfassung aus Lederimitat | hochwertige Verarbeitung &#8220;Made in Germany&#8221;<\/p>\n<h3>Benutzerhinweise<\/h3>\n<p>kalte Handw\u00e4sche bis 30 Grad mit normaler Handseife | kein Weichsp\u00fcler oder Waschmittel<\/p>\n<h3>GoldEdition HIPSTER PANT &#8211; schillernde, durchsichtige Pant<\/h3>\n<p>Ein Hauch von Nichts. Diese Hipster Pants ist durchschimmernde Lust. Denn seine feine, dehnbare Materialit\u00e4t gew\u00e4hrt gerade mal so viel Einblick, um die Spannung ins Unermessliche zu steigern. Dazu kommen der federweiche Tragekomfort und die tiefen Kontraste, die sich durch das transparente Powernet andeuten. Das i-T\u00fcpfelchen dazu bietet die hochwertige Einfassung aus gold schimmernden Lackstoff, der zu allerlei phantasievollen Spielchen animiert.<\/p>\n","protected":false},"excerpt":{"rendered":"<p>Die durchsichtige GoldEdition Hipster Pant 0406-P710 Netz mit gold gl\u00e4nzender Kunstledereinfassung, ist Never-Out-of-Stock und geh\u00f6rt damit zu den Wojoer NOS-Produkten<br \/>\nGr\u00f6\u00dfen<br \/>\nErh\u00e4ltlich in den Gr\u00f6\u00dfen S, M, L, XL<br \/>\nMaterialzusammensetzung<br \/>\nGoldEdition besteht aus super feinem, stark dehnbaren und robustes Netz: 96% Polyester | 6%\u2026<\/p>\n","protected":false},"featured_media":36928,"comment_status":"open","ping_status":"closed","template":"","meta":[],"product_brand":[],"product_cat":[888,116,169,473,326],"product_tag":[560,102,294,306,246,273,430],"class_list":{"0":"post-35865","1":"product","2":"type-product","3":"status-publish","4":"has-post-thumbnail","6":"product_cat-goldenedge","7":"product_cat-clubwear","8":"product_cat-nos-never-out-of-stock","9":"product_cat-men","10":"product_cat-wojoer","11":"product_tag-glaenzend","12":"product_tag-hipster","13":"product_tag-lack","14":"product_tag-metallic","15":"product_tag-netz","16":"product_tag-pants","17":"product_tag-powernet","18":"product_shipping_class-beun","19":"pa_groesse-l","20":"pa_groesse-m","21":"pa_groesse-s","22":"pa_groesse-xl","23":"pa_groesse-xxl","24":"pa_groesse-xxxl","25":"pif-has-gallery","26":"post-1","27":"odd","29":"first","30":"onbackorder","31":"taxable","32":"shipping-taxable","33":"purchasable","34":"product-type-variable"},"yoast_head":"<!-- This site is optimized with the Yoast SEO plugin v27.2 - https:\/\/yoast.com\/product\/yoast-seo-wordpress\/ -->\n<title>Gold Hipster Pant | Powernet | gl\u00e4nzendes Lederimitat | WOJOER<\/title>\n<meta name=\"description\" content=\"GoldEdition Hipster Pant schwarz mit gold schillernder Einfassung aus Kunstleder. Super anschmiegsam, luftig -unwiderstehlich sexy von WOJOER\" \/>\n<meta name=\"robots\" content=\"index, follow, max-snippet:-1, max-image-preview:large, max-video-preview:-1\" \/>\n<link rel=\"canonical\" href=\"https:\/\/www.wojoer.de\/en\/produkt\/gold-edition-hipster-pant\/\" \/>\n<meta name=\"twitter:card\" content=\"summary_large_image\" \/>\n<meta name=\"twitter:title\" content=\"Gold Hipster Pant | Powernet | gl\u00e4nzendes Lederimitat | WOJOER\" \/>\n<meta name=\"twitter:description\" content=\"GoldEdition Hipster Pant schwarz mit gold schillernder Einfassung aus Kunstleder. Super anschmiegsam, luftig -unwiderstehlich sexy von WOJOER\" \/>\n<meta name=\"twitter:image\" content=\"https:\/\/www.wojoer.de\/wp-content\/uploads\/2021\/05\/406B9_5-Netz_GOLDEDITION_Hipster_Pants_wojoer_.jpg\" \/>\n<meta name=\"twitter:label1\" content=\"Estimated reading time\" \/>\n\t<meta name=\"twitter:data1\" content=\"1 minute\" \/>\n<script type=\"application\/ld+json\" class=\"yoast-schema-graph\">{\"@context\":\"https:\/\/schema.org\",\"@graph\":[{\"@type\":\"WebPage\",\"@id\":\"https:\/\/www.wojoer.de\/en\/produkt\/gold-edition-hipster-pant\/\",\"url\":\"https:\/\/www.wojoer.de\/en\/produkt\/gold-edition-hipster-pant\/\",\"name\":\"Gold Hipster Pant | Powernet | gl\u00e4nzendes Lederimitat | WOJOER\",\"isPartOf\":{\"@id\":\"https:\/\/www.wojoer.de\/#website\"},\"primaryImageOfPage\":{\"@id\":\"https:\/\/www.wojoer.de\/en\/produkt\/gold-edition-hipster-pant\/#primaryimage\"},\"image\":{\"@id\":\"https:\/\/www.wojoer.de\/en\/produkt\/gold-edition-hipster-pant\/#primaryimage\"},\"thumbnailUrl\":\"https:\/\/www.wojoer.de\/wp-content\/uploads\/2021\/05\/406B9_5-Netz_GOLDEDITION_Hipster_Pants_wojoer_.jpg\",\"datePublished\":\"2025-11-30T06:00:20+00:00\",\"dateModified\":\"2026-01-05T08:54:30+00:00\",\"description\":\"GoldEdition Hipster Pant schwarz mit gold schillernder Einfassung aus Kunstleder. Super anschmiegsam, luftig -unwiderstehlich sexy von WOJOER\",\"breadcrumb\":{\"@id\":\"https:\/\/www.wojoer.de\/en\/produkt\/gold-edition-hipster-pant\/#breadcrumb\"},\"inLanguage\":\"en-GB\",\"potentialAction\":[{\"@type\":\"ReadAction\",\"target\":[\"https:\/\/www.wojoer.de\/en\/produkt\/gold-edition-hipster-pant\/\"]}]},{\"@type\":\"ImageObject\",\"inLanguage\":\"en-GB\",\"@id\":\"https:\/\/www.wojoer.de\/en\/produkt\/gold-edition-hipster-pant\/#primaryimage\",\"url\":\"https:\/\/www.wojoer.de\/wp-content\/uploads\/2021\/05\/406B9_5-Netz_GOLDEDITION_Hipster_Pants_wojoer_.jpg\",\"contentUrl\":\"https:\/\/www.wojoer.de\/wp-content\/uploads\/2021\/05\/406B9_5-Netz_GOLDEDITION_Hipster_Pants_wojoer_.jpg\",\"width\":2002,\"height\":2002},{\"@type\":\"BreadcrumbList\",\"@id\":\"https:\/\/www.wojoer.de\/en\/produkt\/gold-edition-hipster-pant\/#breadcrumb\",\"itemListElement\":[{\"@type\":\"ListItem\",\"position\":1,\"name\":\"Startseite\",\"item\":\"https:\/\/www.wojoer.de\/\"},{\"@type\":\"ListItem\",\"position\":2,\"name\":\"SHOP\",\"item\":\"https:\/\/www.wojoer.de\/shop\/\"},{\"@type\":\"ListItem\",\"position\":3,\"name\":\"GoldEdition Hipster Pant\"}]},{\"@type\":\"WebSite\",\"@id\":\"https:\/\/www.wojoer.de\/#website\",\"url\":\"https:\/\/www.wojoer.de\/\",\"name\":\"WOJOER\",\"description\":\"clubwear for men\",\"publisher\":{\"@id\":\"https:\/\/www.wojoer.de\/#organization\"},\"potentialAction\":[{\"@type\":\"SearchAction\",\"target\":{\"@type\":\"EntryPoint\",\"urlTemplate\":\"https:\/\/www.wojoer.de\/?s={search_term_string}\"},\"query-input\":{\"@type\":\"PropertyValueSpecification\",\"valueRequired\":true,\"valueName\":\"search_term_string\"}}],\"inLanguage\":\"en-GB\"},{\"@type\":\"Organization\",\"@id\":\"https:\/\/www.wojoer.de\/#organization\",\"name\":\"Wonneberger-Manufaktur\",\"url\":\"https:\/\/www.wojoer.de\/\",\"logo\":{\"@type\":\"ImageObject\",\"inLanguage\":\"en-GB\",\"@id\":\"https:\/\/www.wojoer.de\/#\/schema\/logo\/image\/\",\"url\":\"https:\/\/www.wojoer.de\/wp-content\/uploads\/2016\/11\/wonnebergermanufaktur_logo_BUTTON.png\",\"contentUrl\":\"https:\/\/www.wojoer.de\/wp-content\/uploads\/2016\/11\/wonnebergermanufaktur_logo_BUTTON.png\",\"width\":765,\"height\":765,\"caption\":\"Wonneberger-Manufaktur\"},\"image\":{\"@id\":\"https:\/\/www.wojoer.de\/#\/schema\/logo\/image\/\"},\"sameAs\":[\"https:\/\/www.facebook.com\/wojoer\/\",\"https:\/\/de.pinterest.com\/W0J0ER\/\"]}]}<\/script>\n<!-- \/ Yoast SEO plugin. -->","yoast_head_json":{"title":"Gold Hipster Pant | Powernet | gl\u00e4nzendes Lederimitat | WOJOER","description":"GoldEdition Hipster Pant schwarz mit gold schillernder Einfassung aus Kunstleder. Super anschmiegsam, luftig -unwiderstehlich sexy von WOJOER","robots":{"index":"index","follow":"follow","max-snippet":"max-snippet:-1","max-image-preview":"max-image-preview:large","max-video-preview":"max-video-preview:-1"},"canonical":"https:\/\/www.wojoer.de\/en\/produkt\/gold-edition-hipster-pant\/","twitter_card":"summary_large_image","twitter_title":"Gold Hipster Pant | Powernet | gl\u00e4nzendes Lederimitat | WOJOER","twitter_description":"GoldEdition Hipster Pant schwarz mit gold schillernder Einfassung aus Kunstleder. Super anschmiegsam, luftig -unwiderstehlich sexy von WOJOER","twitter_image":"https:\/\/www.wojoer.de\/wp-content\/uploads\/2021\/05\/406B9_5-Netz_GOLDEDITION_Hipster_Pants_wojoer_.jpg","twitter_misc":{"Estimated reading time":"1 minute"},"schema":{"@context":"https:\/\/schema.org","@graph":[{"@type":"WebPage","@id":"https:\/\/www.wojoer.de\/en\/produkt\/gold-edition-hipster-pant\/","url":"https:\/\/www.wojoer.de\/en\/produkt\/gold-edition-hipster-pant\/","name":"Gold Hipster Pant | Powernet | gl\u00e4nzendes Lederimitat | WOJOER","isPartOf":{"@id":"https:\/\/www.wojoer.de\/#website"},"primaryImageOfPage":{"@id":"https:\/\/www.wojoer.de\/en\/produkt\/gold-edition-hipster-pant\/#primaryimage"},"image":{"@id":"https:\/\/www.wojoer.de\/en\/produkt\/gold-edition-hipster-pant\/#primaryimage"},"thumbnailUrl":"https:\/\/www.wojoer.de\/wp-content\/uploads\/2021\/05\/406B9_5-Netz_GOLDEDITION_Hipster_Pants_wojoer_.jpg","datePublished":"2025-11-30T06:00:20+00:00","dateModified":"2026-01-05T08:54:30+00:00","description":"GoldEdition Hipster Pant schwarz mit gold schillernder Einfassung aus Kunstleder. Super anschmiegsam, luftig -unwiderstehlich sexy von WOJOER","breadcrumb":{"@id":"https:\/\/www.wojoer.de\/en\/produkt\/gold-edition-hipster-pant\/#breadcrumb"},"inLanguage":"en-GB","potentialAction":[{"@type":"ReadAction","target":["https:\/\/www.wojoer.de\/en\/produkt\/gold-edition-hipster-pant\/"]}]},{"@type":"ImageObject","inLanguage":"en-GB","@id":"https:\/\/www.wojoer.de\/en\/produkt\/gold-edition-hipster-pant\/#primaryimage","url":"https:\/\/www.wojoer.de\/wp-content\/uploads\/2021\/05\/406B9_5-Netz_GOLDEDITION_Hipster_Pants_wojoer_.jpg","contentUrl":"https:\/\/www.wojoer.de\/wp-content\/uploads\/2021\/05\/406B9_5-Netz_GOLDEDITION_Hipster_Pants_wojoer_.jpg","width":2002,"height":2002},{"@type":"BreadcrumbList","@id":"https:\/\/www.wojoer.de\/en\/produkt\/gold-edition-hipster-pant\/#breadcrumb","itemListElement":[{"@type":"ListItem","position":1,"name":"Startseite","item":"https:\/\/www.wojoer.de\/"},{"@type":"ListItem","position":2,"name":"SHOP","item":"https:\/\/www.wojoer.de\/shop\/"},{"@type":"ListItem","position":3,"name":"GoldEdition Hipster Pant"}]},{"@type":"WebSite","@id":"https:\/\/www.wojoer.de\/#website","url":"https:\/\/www.wojoer.de\/","name":"WOJOER","description":"clubwear for men","publisher":{"@id":"https:\/\/www.wojoer.de\/#organization"},"potentialAction":[{"@type":"SearchAction","target":{"@type":"EntryPoint","urlTemplate":"https:\/\/www.wojoer.de\/?s={search_term_string}"},"query-input":{"@type":"PropertyValueSpecification","valueRequired":true,"valueName":"search_term_string"}}],"inLanguage":"en-GB"},{"@type":"Organization","@id":"https:\/\/www.wojoer.de\/#organization","name":"Wonneberger-Manufaktur","url":"https:\/\/www.wojoer.de\/","logo":{"@type":"ImageObject","inLanguage":"en-GB","@id":"https:\/\/www.wojoer.de\/#\/schema\/logo\/image\/","url":"https:\/\/www.wojoer.de\/wp-content\/uploads\/2016\/11\/wonnebergermanufaktur_logo_BUTTON.png","contentUrl":"https:\/\/www.wojoer.de\/wp-content\/uploads\/2016\/11\/wonnebergermanufaktur_logo_BUTTON.png","width":765,"height":765,"caption":"Wonneberger-Manufaktur"},"image":{"@id":"https:\/\/www.wojoer.de\/#\/schema\/logo\/image\/"},"sameAs":["https:\/\/www.facebook.com\/wojoer\/","https:\/\/de.pinterest.com\/W0J0ER\/"]}]}},"_links":{"self":[{"href":"https:\/\/www.wojoer.de\/en\/wp-json\/wp\/v2\/product\/35865","targetHints":{"allow":["GET"]}}],"collection":[{"href":"https:\/\/www.wojoer.de\/en\/wp-json\/wp\/v2\/product"}],"about":[{"href":"https:\/\/www.wojoer.de\/en\/wp-json\/wp\/v2\/types\/product"}],"replies":[{"embeddable":true,"href":"https:\/\/www.wojoer.de\/en\/wp-json\/wp\/v2\/comments?post=35865"}],"wp:featuredmedia":[{"embeddable":true,"href":"https:\/\/www.wojoer.de\/en\/wp-json\/wp\/v2\/media\/36928"}],"wp:attachment":[{"href":"https:\/\/www.wojoer.de\/en\/wp-json\/wp\/v2\/media?parent=35865"}],"wp:term":[{"taxonomy":"product_brand","embeddable":true,"href":"https:\/\/www.wojoer.de\/en\/wp-json\/wp\/v2\/product_brand?post=35865"},{"taxonomy":"product_cat","embeddable":true,"href":"https:\/\/www.wojoer.de\/en\/wp-json\/wp\/v2\/product_cat?post=35865"},{"taxonomy":"product_tag","embeddable":true,"href":"https:\/\/www.wojoer.de\/en\/wp-json\/wp\/v2\/product_tag?post=35865"}],"curies":[{"name":"wp","href":"https:\/\/api.w.org\/{rel}","templated":true}]}}