{"id":35872,"date":"2024-06-26T08:58:45","date_gmt":"2024-06-26T06:58:45","guid":{"rendered":"https:\/\/www.wojoer.de\/?post_type=product&#038;p=35872"},"modified":"2026-03-30T17:36:54","modified_gmt":"2026-03-30T15:36:54","slug":"beun-eco-branded-g-string-420b6","status":"publish","type":"product","link":"https:\/\/www.wojoer.de\/en\/produkt\/beun-eco-branded-g-string-420b6\/","title":{"rendered":"BEUN G-String BRANDED 420B6"},"content":{"rendered":"<p>Always on stock, because the BEUN G-String\u00a0 420B6 is <a href=\"https:\/\/www.wojoer.de\/?s=nos&#038;post_type=product\">never-out-of-stock<\/a> and belongs to the wojoer<a href=\"https:\/\/www.wojoer.de\/?s=nos&#038;post_type=product\"> NOS<\/a>.<\/p>\n<h3>Sizes<\/h3>\n<p>Available in sizes\u00a0 S, M, L, XL<\/p>\n<h3>Material composition<\/h3>\n<p>BEUN: 82% polyamide, 18% elasthane<\/p>\n<h3>Pecularities<\/h3>\n<p><a href=\"http:\/\/www.wojoer.de\/?s=nos&#038;post_type=product\">NOS Produkt<\/a> | swimwear |silk-matt surface optics | light transparent | airy | fast drying |flexible | click closure| skintigth fit | high quality\u00a0 Made in Germany<\/p>\n<h3>Wash instructions<\/h3>\n<p>30\u00b0 , gentle cycle |ironing on a low level<\/p>\n<h3>BEUN G-String &#8211; BEACH &#038; UNDERWEAR<\/h3>\n<p>Caution! Hot! This Beach &#038; Underwear G-String in bright colors awakens playful phantasy. Sligthly transparent, dull, extremely thin, fast drying and hardly noticeable. Slim and high cut invites you to inspire little forbidden games. No other cheeky G-String is so fine and light, yet resistent to salt and chlorine. Complete your outfit with the matching beun basic t-shirt . And because it&#8217;s so sexy and comfortable at the same time, there&#8217;s a matcing <a href=\"https:\/\/www.wojoer.de\/?s=partnerlook&#038;post_type=product\">partner look<\/a> string for your partner.<\/p>\n<p>Click here for the <a href=\"https:\/\/www.wojoer.de\/groessentabelle\/\">sizes chart<\/a>.<\/p>\n","protected":false},"excerpt":{"rendered":"<p>Immer vorr\u00e4tig, denn der BEUN ECO BRANDED G-String 0420-S005-0D- ist Never-Out-of-Stock und geh\u00f6rt damit zu den Wojoer NOS-Produkten.<\/p>\n<p>Erh\u00e4ltlich in den Farben:  Schwarz |  Eisblau |\u00a0 Neoncoral<br \/>\nGr\u00f6\u00dfen<br \/>\nErh\u00e4ltlich in den Gr\u00f6\u00dfen S, M, L, XL<br \/>\nMaterialzusammensetzung<br \/>\nBEUN: 82% Polyamid, 18% Elasthan<br \/>\nBesonderheiten<br \/>\nNOS Produkt\u2026<\/p>\n","protected":false},"featured_media":44915,"comment_status":"open","ping_status":"closed","template":"","meta":[],"product_brand":[],"product_cat":[900,115,106,169,473,121,326],"product_tag":[108,558,119,387,192],"class_list":{"0":"post-35872","1":"product","2":"type-product","3":"status-publish","4":"has-post-thumbnail","6":"product_cat-420-beun-eco-branded","7":"product_cat-beachwear","8":"product_cat-beun","9":"product_cat-nos-never-out-of-stock","10":"product_cat-men","11":"product_cat-underwear","12":"product_cat-wojoer","13":"product_tag-1beachwear","14":"product_tag-g-string","15":"product_tag-string","16":"product_tag-transparent","17":"product_tag-unterwaesche","18":"product_shipping_class-beun","19":"pa_farbe-eisblau","20":"pa_farbe-neoncoral","21":"pa_farbe-schwarz","22":"pa_groesse-l","23":"pa_groesse-m","24":"pa_groesse-s","25":"pa_groesse-xl","26":"pa_groesse-xxl","27":"pif-has-gallery","28":"post-1","29":"odd","31":"first","32":"instock","33":"taxable","34":"shipping-taxable","35":"purchasable","36":"product-type-variable","37":"has-default-attributes"},"yoast_head":"<!-- This site is optimized with the Yoast SEO plugin v27.2 - https:\/\/yoast.com\/product\/yoast-seo-wordpress\/ -->\n<title>G-String | Beun | Branded |Beach &amp; Underwear flimsy | comfortable<\/title>\n<meta name=\"description\" content=\"The flimsy, slightly transparent BEUN Basic Pants is silky soft on the skin &amp; is available in 3 fantastic colors.\" \/>\n<meta name=\"robots\" content=\"index, follow, max-snippet:-1, max-image-preview:large, max-video-preview:-1\" \/>\n<link rel=\"canonical\" href=\"https:\/\/www.wojoer.de\/en\/produkt\/beun-eco-branded-g-string-420b6\/\" \/>\n<meta name=\"twitter:card\" content=\"summary_large_image\" \/>\n<meta name=\"twitter:title\" content=\"G-String | Beun | Branded |Beach &amp; Underwear flimsy | comfortable\" \/>\n<meta name=\"twitter:description\" content=\"The flimsy, slightly transparent BEUN Basic Pants is silky soft on the skin &amp; is available in 3 fantastic colors.\" \/>\n<meta name=\"twitter:image\" content=\"https:\/\/www.wojoer.de\/wp-content\/uploads\/2024\/06\/420B6_BEUN_Logo_GString_neon_coral__wojoer.jpg\" \/>\n<meta name=\"twitter:label1\" content=\"Estimated reading time\" \/>\n\t<meta name=\"twitter:data1\" content=\"2 minutes\" \/>\n<script type=\"application\/ld+json\" class=\"yoast-schema-graph\">{\"@context\":\"https:\/\/schema.org\",\"@graph\":[{\"@type\":\"WebPage\",\"@id\":\"https:\/\/www.wojoer.de\/produkt\/beun-eco-branded-g-string-420b6\/\",\"url\":\"https:\/\/www.wojoer.de\/produkt\/beun-eco-branded-g-string-420b6\/\",\"name\":\"G-String | Beun | Branded |Beach & Underwear flimsy | comfortable\",\"isPartOf\":{\"@id\":\"https:\/\/www.wojoer.de\/#website\"},\"primaryImageOfPage\":{\"@id\":\"https:\/\/www.wojoer.de\/produkt\/beun-eco-branded-g-string-420b6\/#primaryimage\"},\"image\":{\"@id\":\"https:\/\/www.wojoer.de\/produkt\/beun-eco-branded-g-string-420b6\/#primaryimage\"},\"thumbnailUrl\":\"https:\/\/www.wojoer.de\/wp-content\/uploads\/2024\/06\/420B6_BEUN_Logo_GString_neon_coral__wojoer.jpg\",\"datePublished\":\"2024-06-26T06:58:45+00:00\",\"dateModified\":\"2026-03-30T15:36:54+00:00\",\"description\":\"The flimsy, slightly transparent BEUN Basic Pants is silky soft on the skin & is available in 3 fantastic colors.\",\"breadcrumb\":{\"@id\":\"https:\/\/www.wojoer.de\/produkt\/beun-eco-branded-g-string-420b6\/#breadcrumb\"},\"inLanguage\":\"en-GB\",\"potentialAction\":[{\"@type\":\"ReadAction\",\"target\":[\"https:\/\/www.wojoer.de\/produkt\/beun-eco-branded-g-string-420b6\/\"]}]},{\"@type\":\"ImageObject\",\"inLanguage\":\"en-GB\",\"@id\":\"https:\/\/www.wojoer.de\/produkt\/beun-eco-branded-g-string-420b6\/#primaryimage\",\"url\":\"https:\/\/www.wojoer.de\/wp-content\/uploads\/2024\/06\/420B6_BEUN_Logo_GString_neon_coral__wojoer.jpg\",\"contentUrl\":\"https:\/\/www.wojoer.de\/wp-content\/uploads\/2024\/06\/420B6_BEUN_Logo_GString_neon_coral__wojoer.jpg\",\"width\":1957,\"height\":1957},{\"@type\":\"BreadcrumbList\",\"@id\":\"https:\/\/www.wojoer.de\/produkt\/beun-eco-branded-g-string-420b6\/#breadcrumb\",\"itemListElement\":[{\"@type\":\"ListItem\",\"position\":1,\"name\":\"Startseite\",\"item\":\"https:\/\/www.wojoer.de\/\"},{\"@type\":\"ListItem\",\"position\":2,\"name\":\"SHOP\",\"item\":\"https:\/\/www.wojoer.de\/shop\/\"},{\"@type\":\"ListItem\",\"position\":3,\"name\":\"BEUN BRANDED ECO G-String\"}]},{\"@type\":\"WebSite\",\"@id\":\"https:\/\/www.wojoer.de\/#website\",\"url\":\"https:\/\/www.wojoer.de\/\",\"name\":\"WOJOER\",\"description\":\"clubwear for men\",\"publisher\":{\"@id\":\"https:\/\/www.wojoer.de\/#organization\"},\"potentialAction\":[{\"@type\":\"SearchAction\",\"target\":{\"@type\":\"EntryPoint\",\"urlTemplate\":\"https:\/\/www.wojoer.de\/?s={search_term_string}\"},\"query-input\":{\"@type\":\"PropertyValueSpecification\",\"valueRequired\":true,\"valueName\":\"search_term_string\"}}],\"inLanguage\":\"en-GB\"},{\"@type\":\"Organization\",\"@id\":\"https:\/\/www.wojoer.de\/#organization\",\"name\":\"Wonneberger-Manufaktur\",\"url\":\"https:\/\/www.wojoer.de\/\",\"logo\":{\"@type\":\"ImageObject\",\"inLanguage\":\"en-GB\",\"@id\":\"https:\/\/www.wojoer.de\/#\/schema\/logo\/image\/\",\"url\":\"https:\/\/www.wojoer.de\/wp-content\/uploads\/2016\/11\/wonnebergermanufaktur_logo_BUTTON.png\",\"contentUrl\":\"https:\/\/www.wojoer.de\/wp-content\/uploads\/2016\/11\/wonnebergermanufaktur_logo_BUTTON.png\",\"width\":765,\"height\":765,\"caption\":\"Wonneberger-Manufaktur\"},\"image\":{\"@id\":\"https:\/\/www.wojoer.de\/#\/schema\/logo\/image\/\"},\"sameAs\":[\"https:\/\/www.facebook.com\/wojoer\/\",\"https:\/\/de.pinterest.com\/W0J0ER\/\"]}]}<\/script>\n<!-- \/ Yoast SEO plugin. -->","yoast_head_json":{"title":"G-String | Beun | Branded |Beach & Underwear flimsy | comfortable","description":"The flimsy, slightly transparent BEUN Basic Pants is silky soft on the skin & is available in 3 fantastic colors.","robots":{"index":"index","follow":"follow","max-snippet":"max-snippet:-1","max-image-preview":"max-image-preview:large","max-video-preview":"max-video-preview:-1"},"canonical":"https:\/\/www.wojoer.de\/en\/produkt\/beun-eco-branded-g-string-420b6\/","twitter_card":"summary_large_image","twitter_title":"[:de]G-String | BEUNecoBRANDED | Beach & Underwear hauchd\u00fcnn bequem[:en]G-String | Beun | Branded |Beach & Underwear flimsy | comfortable[:]","twitter_description":"[:de]Der hauchd\u00fcnne, leicht transparente BEUN ECO G-String liegt seidig weich auf der Haut & hat einen BRANDED \"WOJOER\" Bund.[:en]The flimsy, slightly transparent BEUN Basic Pants is silky soft on the skin & is available in 3 fantastic colors.[:]","twitter_image":"https:\/\/www.wojoer.de\/wp-content\/uploads\/2024\/06\/420B6_BEUN_Logo_GString_neon_coral__wojoer.jpg","twitter_misc":{"Estimated reading time":"2 minutes"},"schema":{"@context":"https:\/\/schema.org","@graph":[{"@type":"WebPage","@id":"https:\/\/www.wojoer.de\/produkt\/beun-eco-branded-g-string-420b6\/","url":"https:\/\/www.wojoer.de\/produkt\/beun-eco-branded-g-string-420b6\/","name":"G-String | Beun | Branded |Beach & Underwear flimsy | comfortable","isPartOf":{"@id":"https:\/\/www.wojoer.de\/#website"},"primaryImageOfPage":{"@id":"https:\/\/www.wojoer.de\/produkt\/beun-eco-branded-g-string-420b6\/#primaryimage"},"image":{"@id":"https:\/\/www.wojoer.de\/produkt\/beun-eco-branded-g-string-420b6\/#primaryimage"},"thumbnailUrl":"https:\/\/www.wojoer.de\/wp-content\/uploads\/2024\/06\/420B6_BEUN_Logo_GString_neon_coral__wojoer.jpg","datePublished":"2024-06-26T06:58:45+00:00","dateModified":"2026-03-30T15:36:54+00:00","description":"The flimsy, slightly transparent BEUN Basic Pants is silky soft on the skin & is available in 3 fantastic colors.","breadcrumb":{"@id":"https:\/\/www.wojoer.de\/produkt\/beun-eco-branded-g-string-420b6\/#breadcrumb"},"inLanguage":"en-GB","potentialAction":[{"@type":"ReadAction","target":["https:\/\/www.wojoer.de\/produkt\/beun-eco-branded-g-string-420b6\/"]}]},{"@type":"ImageObject","inLanguage":"en-GB","@id":"https:\/\/www.wojoer.de\/produkt\/beun-eco-branded-g-string-420b6\/#primaryimage","url":"https:\/\/www.wojoer.de\/wp-content\/uploads\/2024\/06\/420B6_BEUN_Logo_GString_neon_coral__wojoer.jpg","contentUrl":"https:\/\/www.wojoer.de\/wp-content\/uploads\/2024\/06\/420B6_BEUN_Logo_GString_neon_coral__wojoer.jpg","width":1957,"height":1957},{"@type":"BreadcrumbList","@id":"https:\/\/www.wojoer.de\/produkt\/beun-eco-branded-g-string-420b6\/#breadcrumb","itemListElement":[{"@type":"ListItem","position":1,"name":"Startseite","item":"https:\/\/www.wojoer.de\/"},{"@type":"ListItem","position":2,"name":"SHOP","item":"https:\/\/www.wojoer.de\/shop\/"},{"@type":"ListItem","position":3,"name":"BEUN BRANDED ECO G-String"}]},{"@type":"WebSite","@id":"https:\/\/www.wojoer.de\/#website","url":"https:\/\/www.wojoer.de\/","name":"WOJOER","description":"clubwear for men","publisher":{"@id":"https:\/\/www.wojoer.de\/#organization"},"potentialAction":[{"@type":"SearchAction","target":{"@type":"EntryPoint","urlTemplate":"https:\/\/www.wojoer.de\/?s={search_term_string}"},"query-input":{"@type":"PropertyValueSpecification","valueRequired":true,"valueName":"search_term_string"}}],"inLanguage":"en-GB"},{"@type":"Organization","@id":"https:\/\/www.wojoer.de\/#organization","name":"Wonneberger-Manufaktur","url":"https:\/\/www.wojoer.de\/","logo":{"@type":"ImageObject","inLanguage":"en-GB","@id":"https:\/\/www.wojoer.de\/#\/schema\/logo\/image\/","url":"https:\/\/www.wojoer.de\/wp-content\/uploads\/2016\/11\/wonnebergermanufaktur_logo_BUTTON.png","contentUrl":"https:\/\/www.wojoer.de\/wp-content\/uploads\/2016\/11\/wonnebergermanufaktur_logo_BUTTON.png","width":765,"height":765,"caption":"Wonneberger-Manufaktur"},"image":{"@id":"https:\/\/www.wojoer.de\/#\/schema\/logo\/image\/"},"sameAs":["https:\/\/www.facebook.com\/wojoer\/","https:\/\/de.pinterest.com\/W0J0ER\/"]}]}},"_links":{"self":[{"href":"https:\/\/www.wojoer.de\/en\/wp-json\/wp\/v2\/product\/35872","targetHints":{"allow":["GET"]}}],"collection":[{"href":"https:\/\/www.wojoer.de\/en\/wp-json\/wp\/v2\/product"}],"about":[{"href":"https:\/\/www.wojoer.de\/en\/wp-json\/wp\/v2\/types\/product"}],"replies":[{"embeddable":true,"href":"https:\/\/www.wojoer.de\/en\/wp-json\/wp\/v2\/comments?post=35872"}],"wp:featuredmedia":[{"embeddable":true,"href":"https:\/\/www.wojoer.de\/en\/wp-json\/wp\/v2\/media\/44915"}],"wp:attachment":[{"href":"https:\/\/www.wojoer.de\/en\/wp-json\/wp\/v2\/media?parent=35872"}],"wp:term":[{"taxonomy":"product_brand","embeddable":true,"href":"https:\/\/www.wojoer.de\/en\/wp-json\/wp\/v2\/product_brand?post=35872"},{"taxonomy":"product_cat","embeddable":true,"href":"https:\/\/www.wojoer.de\/en\/wp-json\/wp\/v2\/product_cat?post=35872"},{"taxonomy":"product_tag","embeddable":true,"href":"https:\/\/www.wojoer.de\/en\/wp-json\/wp\/v2\/product_tag?post=35872"}],"curies":[{"name":"wp","href":"https:\/\/api.w.org\/{rel}","templated":true}]}}