{"id":35919,"date":"2025-04-14T09:28:49","date_gmt":"2025-04-14T07:28:49","guid":{"rendered":"https:\/\/www.wojoer.de\/?post_type=product&#038;p=35919"},"modified":"2025-04-17T09:20:47","modified_gmt":"2025-04-17T07:20:47","slug":"beun-eco-branded-mini-hipster-420t352-5","status":"publish","type":"product","link":"https:\/\/www.wojoer.de\/en\/produkt\/beun-eco-branded-mini-hipster-420t352-5\/","title":{"rendered":"BEUN BRANDED Mini Hipster 420T352.5"},"content":{"rendered":"<p>Always on stock, because the BEUN BRANDED Mini Hipster 420T352.5 is <a href=\"https:\/\/www.wojoer.de\/?s=nos&#038;post_type=product\">never-out-of-stock<\/a> and belongs to the wojoer<a href=\"https:\/\/www.wojoer.de\/?s=nos&#038;post_type=product\"> NOS<\/a>.<\/p>\n<h3>Sizes<\/h3>\n<p>Available in sizes\u00a0 S, M, L, XL<\/p>\n<h3>Material composition<\/h3>\n<p>BEUN: 82% polyamide, 18% elasthane<\/p>\n<h3>Pecularities<\/h3>\n<p><a href=\"http:\/\/www.wojoer.de\/?s=nos&#038;post_type=product\">NOS Produkt<\/a> | swimwear |silk-matt surface optics | light transparent | airy | fast drying |flexible | click closure| skintight fit | high quality\u00a0 Made in Germany<\/p>\n<h3>Wash instructions<\/h3>\n<p>30\u00b0 , gentle cycle |ironing on a low level<\/p>\n<h3>BEUN Hipster &#8211; BEACH &#038; UNDERWEAR<\/h3>\n<p>Caution! Hot! This Beach &#038; Underwesr G-String in bright colors awakens playful fantasy. Sligthly transparent, dull, extremely thin, fast drying and hardly noticeable. Slim and high cut this invites you\u00a0 to inspire little forbidden games. No other cheeky Hipster is so fine and light, yet resistent to salt and chlorine. Complete your outfit with the matching beun basic t-shirt. And because it&#8217;s so sexy and comfortable at the same time, there&#8217;s a matching <a href=\"https:\/\/www.wojoer.de\/?s=partnerlook&#038;post_type=product\">partner look<\/a> string for your partner.<\/p>\n<p>Click here for the <a href=\"https:\/\/www.wojoer.de\/groessentabelle\/\">sizes chart<\/a>.<\/p>\n","protected":false},"excerpt":{"rendered":"<p>Immer vorr\u00e4tig, denn der BEUN ECO BRANDED Mini Hipster 0420-P702-0D- ist Never-Out-of-Stock und geh\u00f6rt damit zu den Wojoer NOS-Produkten.<\/p>\n<p>Erh\u00e4ltlich in den Farben:  Schwarz |  Eisblau |\u00a0 Neoncoral | Blue Marine | Pink | Aqua<br \/>\nGr\u00f6\u00dfen<br \/>\nErh\u00e4ltlich in den Gr\u00f6\u00dfen S,\u2026<\/p>\n","protected":false},"featured_media":44912,"comment_status":"open","ping_status":"closed","template":"","meta":[],"product_brand":[],"product_cat":[900,115,106,169,473,121,326],"product_tag":[108,102,209,387,192],"class_list":{"0":"post-35919","1":"product","2":"type-product","3":"status-publish","4":"has-post-thumbnail","6":"product_cat-420-beun-eco-branded","7":"product_cat-beachwear","8":"product_cat-beun","9":"product_cat-nos-never-out-of-stock","10":"product_cat-men","11":"product_cat-underwear","12":"product_cat-wojoer","13":"product_tag-1beachwear","14":"product_tag-hipster","15":"product_tag-mini-hipster","16":"product_tag-transparent","17":"product_tag-unterwaesche","18":"product_shipping_class-beun","19":"pa_farbe-aqua","20":"pa_farbe-eisblau","21":"pa_farbe-blue-marine","22":"pa_farbe-neoncoral","23":"pa_farbe-pink","24":"pa_farbe-schwarz","25":"pa_groesse-l","26":"pa_groesse-m","27":"pa_groesse-s","28":"pa_groesse-xl","29":"pa_groesse-xxl","30":"pif-has-gallery","31":"post-1","32":"odd","34":"first","35":"instock","36":"taxable","37":"shipping-taxable","38":"purchasable","39":"product-type-variable","40":"has-default-attributes"},"yoast_head":"<!-- This site is optimized with the Yoast SEO plugin v27.2 - https:\/\/yoast.com\/product\/yoast-seo-wordpress\/ -->\n<title>MiniHipster | BEUN ECO BRANDED | Beach &amp; Underwear hauch d\u00fcnn bequem<\/title>\n<meta name=\"description\" content=\"The ultrathin, slightly transparent BEUN Branded Mini Hipster is silky soft on the skin &amp; is available in 3 fantastic colors.\" \/>\n<meta name=\"robots\" content=\"index, follow, max-snippet:-1, max-image-preview:large, max-video-preview:-1\" \/>\n<link rel=\"canonical\" href=\"https:\/\/www.wojoer.de\/en\/produkt\/beun-eco-branded-mini-hipster-420t352-5\/\" \/>\n<meta name=\"twitter:card\" content=\"summary_large_image\" \/>\n<meta name=\"twitter:title\" content=\"MiniHipster | BEUN ECO BRANDED | Beach &amp; Underwear hauch d\u00fcnn bequem\" \/>\n<meta name=\"twitter:description\" content=\"Der hauchd\u00fcnne, leicht transparente BEUN Mini Hipster liegt seidig weich auf der Haut mit seinem atmungsaktiven Sport-Material und dem soften BRANDED Bund. Jetzt versandkostenfrei online bestellen!\" \/>\n<meta name=\"twitter:image\" content=\"https:\/\/www.wojoer.de\/wp-content\/uploads\/2022\/04\/420T352_alleFarben.jpg\" \/>\n<meta name=\"twitter:label1\" content=\"Estimated reading time\" \/>\n\t<meta name=\"twitter:data1\" content=\"2 minutes\" \/>\n<script type=\"application\/ld+json\" class=\"yoast-schema-graph\">{\"@context\":\"https:\/\/schema.org\",\"@graph\":[{\"@type\":\"WebPage\",\"@id\":\"https:\/\/www.wojoer.de\/produkt\/beun-eco-branded-mini-hipster-420t352-5\/\",\"url\":\"https:\/\/www.wojoer.de\/produkt\/beun-eco-branded-mini-hipster-420t352-5\/\",\"name\":\"MiniHipster | BEUN ECO BRANDED | Beach & Underwear hauch d\u00fcnn bequem\",\"isPartOf\":{\"@id\":\"https:\/\/www.wojoer.de\/#website\"},\"primaryImageOfPage\":{\"@id\":\"https:\/\/www.wojoer.de\/produkt\/beun-eco-branded-mini-hipster-420t352-5\/#primaryimage\"},\"image\":{\"@id\":\"https:\/\/www.wojoer.de\/produkt\/beun-eco-branded-mini-hipster-420t352-5\/#primaryimage\"},\"thumbnailUrl\":\"https:\/\/www.wojoer.de\/wp-content\/uploads\/2022\/04\/420T352_alleFarben.jpg\",\"datePublished\":\"2025-04-14T07:28:49+00:00\",\"dateModified\":\"2025-04-17T07:20:47+00:00\",\"description\":\"Der hauchd\u00fcnne, leicht transparente BEUN Mini Hipster liegt seidig weich auf der Haut mit seinem atmungsaktiven Sport-Material und dem soften BRANDED Bund. Jetzt versandkostenfrei online bestellen!\",\"breadcrumb\":{\"@id\":\"https:\/\/www.wojoer.de\/produkt\/beun-eco-branded-mini-hipster-420t352-5\/#breadcrumb\"},\"inLanguage\":\"en-GB\",\"potentialAction\":[{\"@type\":\"ReadAction\",\"target\":[\"https:\/\/www.wojoer.de\/produkt\/beun-eco-branded-mini-hipster-420t352-5\/\"]}]},{\"@type\":\"ImageObject\",\"inLanguage\":\"en-GB\",\"@id\":\"https:\/\/www.wojoer.de\/produkt\/beun-eco-branded-mini-hipster-420t352-5\/#primaryimage\",\"url\":\"https:\/\/www.wojoer.de\/wp-content\/uploads\/2022\/04\/420T352_alleFarben.jpg\",\"contentUrl\":\"https:\/\/www.wojoer.de\/wp-content\/uploads\/2022\/04\/420T352_alleFarben.jpg\",\"width\":1867,\"height\":1867},{\"@type\":\"BreadcrumbList\",\"@id\":\"https:\/\/www.wojoer.de\/produkt\/beun-eco-branded-mini-hipster-420t352-5\/#breadcrumb\",\"itemListElement\":[{\"@type\":\"ListItem\",\"position\":1,\"name\":\"Startseite\",\"item\":\"https:\/\/www.wojoer.de\/\"},{\"@type\":\"ListItem\",\"position\":2,\"name\":\"SHOP\",\"item\":\"https:\/\/www.wojoer.de\/shop\/\"},{\"@type\":\"ListItem\",\"position\":3,\"name\":\"BEUN ECO BRANDED MiniHipster\"}]},{\"@type\":\"WebSite\",\"@id\":\"https:\/\/www.wojoer.de\/#website\",\"url\":\"https:\/\/www.wojoer.de\/\",\"name\":\"WOJOER\",\"description\":\"clubwear for men\",\"publisher\":{\"@id\":\"https:\/\/www.wojoer.de\/#organization\"},\"potentialAction\":[{\"@type\":\"SearchAction\",\"target\":{\"@type\":\"EntryPoint\",\"urlTemplate\":\"https:\/\/www.wojoer.de\/?s={search_term_string}\"},\"query-input\":{\"@type\":\"PropertyValueSpecification\",\"valueRequired\":true,\"valueName\":\"search_term_string\"}}],\"inLanguage\":\"en-GB\"},{\"@type\":\"Organization\",\"@id\":\"https:\/\/www.wojoer.de\/#organization\",\"name\":\"Wonneberger-Manufaktur\",\"url\":\"https:\/\/www.wojoer.de\/\",\"logo\":{\"@type\":\"ImageObject\",\"inLanguage\":\"en-GB\",\"@id\":\"https:\/\/www.wojoer.de\/#\/schema\/logo\/image\/\",\"url\":\"https:\/\/www.wojoer.de\/wp-content\/uploads\/2016\/11\/wonnebergermanufaktur_logo_BUTTON.png\",\"contentUrl\":\"https:\/\/www.wojoer.de\/wp-content\/uploads\/2016\/11\/wonnebergermanufaktur_logo_BUTTON.png\",\"width\":765,\"height\":765,\"caption\":\"Wonneberger-Manufaktur\"},\"image\":{\"@id\":\"https:\/\/www.wojoer.de\/#\/schema\/logo\/image\/\"},\"sameAs\":[\"https:\/\/www.facebook.com\/wojoer\/\",\"https:\/\/de.pinterest.com\/W0J0ER\/\"]}]}<\/script>\n<!-- \/ Yoast SEO plugin. -->","yoast_head_json":{"title":"MiniHipster | BEUN ECO BRANDED | Beach & Underwear hauch d\u00fcnn bequem","description":"The ultrathin, slightly transparent BEUN Branded Mini Hipster is silky soft on the skin & is available in 3 fantastic colors.","robots":{"index":"index","follow":"follow","max-snippet":"max-snippet:-1","max-image-preview":"max-image-preview:large","max-video-preview":"max-video-preview:-1"},"canonical":"https:\/\/www.wojoer.de\/en\/produkt\/beun-eco-branded-mini-hipster-420t352-5\/","twitter_card":"summary_large_image","twitter_title":"MiniHipster | BEUN ECO BRANDED | Beach & Underwear hauch d\u00fcnn bequem","twitter_description":"Der hauchd\u00fcnne, leicht transparente BEUN Mini Hipster liegt seidig weich auf der Haut mit seinem atmungsaktiven Sport-Material und dem soften BRANDED Bund. Jetzt versandkostenfrei online bestellen!","twitter_image":"https:\/\/www.wojoer.de\/wp-content\/uploads\/2022\/04\/420T352_alleFarben.jpg","twitter_misc":{"Estimated reading time":"2 minutes"},"schema":{"@context":"https:\/\/schema.org","@graph":[{"@type":"WebPage","@id":"https:\/\/www.wojoer.de\/produkt\/beun-eco-branded-mini-hipster-420t352-5\/","url":"https:\/\/www.wojoer.de\/produkt\/beun-eco-branded-mini-hipster-420t352-5\/","name":"MiniHipster | BEUN ECO BRANDED | Beach & Underwear hauch d\u00fcnn bequem","isPartOf":{"@id":"https:\/\/www.wojoer.de\/#website"},"primaryImageOfPage":{"@id":"https:\/\/www.wojoer.de\/produkt\/beun-eco-branded-mini-hipster-420t352-5\/#primaryimage"},"image":{"@id":"https:\/\/www.wojoer.de\/produkt\/beun-eco-branded-mini-hipster-420t352-5\/#primaryimage"},"thumbnailUrl":"https:\/\/www.wojoer.de\/wp-content\/uploads\/2022\/04\/420T352_alleFarben.jpg","datePublished":"2025-04-14T07:28:49+00:00","dateModified":"2025-04-17T07:20:47+00:00","description":"Der hauchd\u00fcnne, leicht transparente BEUN Mini Hipster liegt seidig weich auf der Haut mit seinem atmungsaktiven Sport-Material und dem soften BRANDED Bund. Jetzt versandkostenfrei online bestellen!","breadcrumb":{"@id":"https:\/\/www.wojoer.de\/produkt\/beun-eco-branded-mini-hipster-420t352-5\/#breadcrumb"},"inLanguage":"en-GB","potentialAction":[{"@type":"ReadAction","target":["https:\/\/www.wojoer.de\/produkt\/beun-eco-branded-mini-hipster-420t352-5\/"]}]},{"@type":"ImageObject","inLanguage":"en-GB","@id":"https:\/\/www.wojoer.de\/produkt\/beun-eco-branded-mini-hipster-420t352-5\/#primaryimage","url":"https:\/\/www.wojoer.de\/wp-content\/uploads\/2022\/04\/420T352_alleFarben.jpg","contentUrl":"https:\/\/www.wojoer.de\/wp-content\/uploads\/2022\/04\/420T352_alleFarben.jpg","width":1867,"height":1867},{"@type":"BreadcrumbList","@id":"https:\/\/www.wojoer.de\/produkt\/beun-eco-branded-mini-hipster-420t352-5\/#breadcrumb","itemListElement":[{"@type":"ListItem","position":1,"name":"Startseite","item":"https:\/\/www.wojoer.de\/"},{"@type":"ListItem","position":2,"name":"SHOP","item":"https:\/\/www.wojoer.de\/shop\/"},{"@type":"ListItem","position":3,"name":"BEUN ECO BRANDED MiniHipster"}]},{"@type":"WebSite","@id":"https:\/\/www.wojoer.de\/#website","url":"https:\/\/www.wojoer.de\/","name":"WOJOER","description":"clubwear for men","publisher":{"@id":"https:\/\/www.wojoer.de\/#organization"},"potentialAction":[{"@type":"SearchAction","target":{"@type":"EntryPoint","urlTemplate":"https:\/\/www.wojoer.de\/?s={search_term_string}"},"query-input":{"@type":"PropertyValueSpecification","valueRequired":true,"valueName":"search_term_string"}}],"inLanguage":"en-GB"},{"@type":"Organization","@id":"https:\/\/www.wojoer.de\/#organization","name":"Wonneberger-Manufaktur","url":"https:\/\/www.wojoer.de\/","logo":{"@type":"ImageObject","inLanguage":"en-GB","@id":"https:\/\/www.wojoer.de\/#\/schema\/logo\/image\/","url":"https:\/\/www.wojoer.de\/wp-content\/uploads\/2016\/11\/wonnebergermanufaktur_logo_BUTTON.png","contentUrl":"https:\/\/www.wojoer.de\/wp-content\/uploads\/2016\/11\/wonnebergermanufaktur_logo_BUTTON.png","width":765,"height":765,"caption":"Wonneberger-Manufaktur"},"image":{"@id":"https:\/\/www.wojoer.de\/#\/schema\/logo\/image\/"},"sameAs":["https:\/\/www.facebook.com\/wojoer\/","https:\/\/de.pinterest.com\/W0J0ER\/"]}]}},"_links":{"self":[{"href":"https:\/\/www.wojoer.de\/en\/wp-json\/wp\/v2\/product\/35919","targetHints":{"allow":["GET"]}}],"collection":[{"href":"https:\/\/www.wojoer.de\/en\/wp-json\/wp\/v2\/product"}],"about":[{"href":"https:\/\/www.wojoer.de\/en\/wp-json\/wp\/v2\/types\/product"}],"replies":[{"embeddable":true,"href":"https:\/\/www.wojoer.de\/en\/wp-json\/wp\/v2\/comments?post=35919"}],"wp:featuredmedia":[{"embeddable":true,"href":"https:\/\/www.wojoer.de\/en\/wp-json\/wp\/v2\/media\/44912"}],"wp:attachment":[{"href":"https:\/\/www.wojoer.de\/en\/wp-json\/wp\/v2\/media?parent=35919"}],"wp:term":[{"taxonomy":"product_brand","embeddable":true,"href":"https:\/\/www.wojoer.de\/en\/wp-json\/wp\/v2\/product_brand?post=35919"},{"taxonomy":"product_cat","embeddable":true,"href":"https:\/\/www.wojoer.de\/en\/wp-json\/wp\/v2\/product_cat?post=35919"},{"taxonomy":"product_tag","embeddable":true,"href":"https:\/\/www.wojoer.de\/en\/wp-json\/wp\/v2\/product_tag?post=35919"}],"curies":[{"name":"wp","href":"https:\/\/api.w.org\/{rel}","templated":true}]}}