{"id":38066,"date":"2025-04-10T13:38:35","date_gmt":"2025-04-10T11:38:35","guid":{"rendered":"https:\/\/www.wojoer.de\/?post_type=product&#038;p=38066"},"modified":"2026-01-30T14:45:10","modified_gmt":"2026-01-30T13:45:10","slug":"neoncoral-netz-strap-body","status":"publish","type":"product","link":"https:\/\/www.wojoer.de\/en\/produkt\/neoncoral-netz-strap-body\/","title":{"rendered":"CoralNet Strap-Body"},"content":{"rendered":"<p>Immer vorr\u00e4tig, denn der BEUN BASIC Strap Body 393S11 ist Never-Out-of-Stock und geh\u00f6rt damit zu den Wojoer NOS-Produkten.<\/p>\n<p data-wp-editing=\"1\">Erh\u00e4ltlich in den Farben <a href=\"https:\/\/www.wojoer.de\/wp-content\/uploads\/2018\/04\/neoncoral.jpg\"><img loading=\"lazy\" decoding=\"async\" class=\"alignnone size-full wp-image-10034\" src=\"https:\/\/www.wojoer.de\/wp-content\/uploads\/2018\/04\/neoncoral.jpg\" alt=\"\" width=\"9\" height=\"9\" \/><\/a> Neoncoral<\/p>\n<h3>Gr\u00f6\u00dfen<\/h3>\n<p>Erh\u00e4ltlich in den Gr\u00f6\u00dfen Unisize<\/p>\n<h3>Materialzusammensetzung<\/h3>\n<p>BEUN: 82% Polyamid, 18% Elasthan<\/p>\n<h3>Besonderheiten<\/h3>\n<p><a href=\"http:\/\/www.wojoer.de\/?s=nos&#038;post_type=product\">NOS Produkt<\/a> | badetauglich | matte Oberfl\u00e4chenoptik | transparent | luftig | schnell trocknend | dehnbar | hauteng &#038; bequem | Basic Design | hochwertige Verarbeitung &#8220;Made in Germany&#8221;<\/p>\n<h3>Benutzerhinweise<\/h3>\n<p>30\u00b0 Schonw\u00e4sche<\/p>\n<h3>CORALNET STRAPBODY for men &#8211; BEACH &#038; UNDERWEAR\u00a0 | Boratbody | Body | Stringbody | Mankini | Borat Body<\/h3>\n<p>Widerspruch ist zwecklos! Der NeonCoral Strap-Body ist nicht einfach nur ein Mankini. Sein fein transparentes, super stretchy Netz betont dein bestes St\u00fcck ungewohnt anregend. Es betont jeden Schatten und l\u00e4sst deine M\u00e4nnlichkeit damit noch gr\u00f6\u00dfer wirken, aber vor allem lockt das unschuldige Ros\u00e9 mit seiner aufreizenden Verspieltheit. Das Beste kommt aber noch: Dieser Body ist Beach- und Underwear in einem. Badetauglich f\u00fcr Chlor- Und Salzwasser. Somit macht er deinen K\u00f6rper zu einem atemberaubenden Blickfang. Vor allem, wenn er als unsichtbare Unterw\u00e4sche unter dem wei\u00dfen Businesshemd getragen wird, befl\u00fcgelt dich sein bequemer Tragekomfort. Da er nur deine besonders erogenen zonen bedeckt, wird es deinen Partner umhauen, wenn er dich nach der Arbeit von deinem Business Anzug befreit. Du wirst unerwartete Gel\u00fcste wecken und ohne Erbarmen von deinem Partner in den n\u00e4chsten Pool zum Liebesspiel gezogen. Lass dir dieses Abendteuer nicht entgehen und f\u00fchl dich immer \u00fcberraschend bereit!<\/p>\n","protected":false},"excerpt":{"rendered":"<p>Immer vorr\u00e4tig, denn der BEUN BASIC Strap Body 0393A011 ist Never-Out-of-Stock und geh\u00f6rt damit zu den Wojoer NOS-Produkten.<br \/>\nErh\u00e4ltlich in den Farben  Neoncoral<\/p>\n<p>Gr\u00f6\u00dfen<br \/>\nErh\u00e4ltlich in den Gr\u00f6\u00dfen Unisize<br \/>\nMaterialzusammensetzung<br \/>\nBEUN: 82% Polyamid, 18% Elasthan<br \/>\nBesonderheiten<br \/>\nNOS Produkt | badetauglich | matte Oberfl\u00e4chenoptik | transparent |\u2026<\/p>\n","protected":false},"featured_media":33754,"comment_status":"open","ping_status":"closed","template":"","meta":[],"product_brand":[],"product_cat":[115,169,473,121,326],"product_tag":[108,186,241,119,192],"class_list":{"0":"post-38066","1":"product","2":"type-product","3":"status-publish","4":"has-post-thumbnail","6":"product_cat-beachwear","7":"product_cat-nos-never-out-of-stock","8":"product_cat-men","9":"product_cat-underwear","10":"product_cat-wojoer","11":"product_tag-1beachwear","12":"product_tag-body","13":"product_tag-mini-string-bulge-string-g-string","14":"product_tag-string","15":"product_tag-unterwaesche","16":"product_shipping_class-beun","17":"pa_farbe-neoncoral","18":"pa_groesse-unisize","19":"pif-has-gallery","20":"post-1","21":"odd","23":"first","24":"onbackorder","25":"featured","26":"taxable","27":"shipping-taxable","28":"purchasable","29":"product-type-variable","30":"has-default-attributes"},"yoast_head":"<!-- This site is optimized with the Yoast SEO plugin v27.2 - https:\/\/yoast.com\/product\/yoast-seo-wordpress\/ -->\n<title>Strap Body men | Beach &amp; Underwear hauch d\u00fcnn bequem<\/title>\n<meta name=\"description\" content=\"Neoncoral Netz-Boratbody. Ein Mankini aus transparentem Netz in Ros\u00e8. Super bequem, super stretchy. Jetzt vesandkostenfrei innerhalb deutschlands online bestellen.\" \/>\n<meta name=\"robots\" content=\"index, follow, max-snippet:-1, max-image-preview:large, max-video-preview:-1\" \/>\n<link rel=\"canonical\" href=\"https:\/\/www.wojoer.de\/en\/produkt\/neoncoral-netz-strap-body\/\" \/>\n<meta name=\"twitter:card\" content=\"summary_large_image\" \/>\n<meta name=\"twitter:title\" content=\"Strap Body men | Beach &amp; Underwear hauch d\u00fcnn bequem\" \/>\n<meta name=\"twitter:description\" content=\"Neoncoral Netz-Boratbody. Ein Mankini aus transparentem Netz in Ros\u00e8. Super bequem, super stretchy. Jetzt vesandkostenfrei innerhalb deutschlands online bestellen.\" \/>\n<meta name=\"twitter:image\" content=\"https:\/\/www.wojoer.de\/wp-content\/uploads\/2021\/01\/333S11_Powernet_MinisockStringBody_neoncoral_wojoer.jpg\" \/>\n<meta name=\"twitter:label1\" content=\"Estimated reading time\" \/>\n\t<meta name=\"twitter:data1\" content=\"2 minutes\" \/>\n<script type=\"application\/ld+json\" class=\"yoast-schema-graph\">{\"@context\":\"https:\/\/schema.org\",\"@graph\":[{\"@type\":\"WebPage\",\"@id\":\"https:\/\/www.wojoer.de\/produkt\/neoncoral-netz-strap-body\/\",\"url\":\"https:\/\/www.wojoer.de\/produkt\/neoncoral-netz-strap-body\/\",\"name\":\"Strap Body men | Beach & Underwear hauch d\u00fcnn bequem\",\"isPartOf\":{\"@id\":\"https:\/\/www.wojoer.de\/#website\"},\"primaryImageOfPage\":{\"@id\":\"https:\/\/www.wojoer.de\/produkt\/neoncoral-netz-strap-body\/#primaryimage\"},\"image\":{\"@id\":\"https:\/\/www.wojoer.de\/produkt\/neoncoral-netz-strap-body\/#primaryimage\"},\"thumbnailUrl\":\"https:\/\/www.wojoer.de\/wp-content\/uploads\/2021\/01\/333S11_Powernet_MinisockStringBody_neoncoral_wojoer.jpg\",\"datePublished\":\"2025-04-10T11:38:35+00:00\",\"dateModified\":\"2026-01-30T13:45:10+00:00\",\"description\":\"Neoncoral Netz-Boratbody. Ein Mankini aus transparentem Netz in Ros\u00e8. Super bequem, super stretchy. Jetzt vesandkostenfrei innerhalb deutschlands online bestellen.\",\"breadcrumb\":{\"@id\":\"https:\/\/www.wojoer.de\/produkt\/neoncoral-netz-strap-body\/#breadcrumb\"},\"inLanguage\":\"en-GB\",\"potentialAction\":[{\"@type\":\"ReadAction\",\"target\":[\"https:\/\/www.wojoer.de\/produkt\/neoncoral-netz-strap-body\/\"]}]},{\"@type\":\"ImageObject\",\"inLanguage\":\"en-GB\",\"@id\":\"https:\/\/www.wojoer.de\/produkt\/neoncoral-netz-strap-body\/#primaryimage\",\"url\":\"https:\/\/www.wojoer.de\/wp-content\/uploads\/2021\/01\/333S11_Powernet_MinisockStringBody_neoncoral_wojoer.jpg\",\"contentUrl\":\"https:\/\/www.wojoer.de\/wp-content\/uploads\/2021\/01\/333S11_Powernet_MinisockStringBody_neoncoral_wojoer.jpg\",\"width\":2002,\"height\":2002},{\"@type\":\"BreadcrumbList\",\"@id\":\"https:\/\/www.wojoer.de\/produkt\/neoncoral-netz-strap-body\/#breadcrumb\",\"itemListElement\":[{\"@type\":\"ListItem\",\"position\":1,\"name\":\"Startseite\",\"item\":\"https:\/\/www.wojoer.de\/\"},{\"@type\":\"ListItem\",\"position\":2,\"name\":\"SHOP\",\"item\":\"https:\/\/www.wojoer.de\/shop\/\"},{\"@type\":\"ListItem\",\"position\":3,\"name\":\"CoralNet Strap-Body\"}]},{\"@type\":\"WebSite\",\"@id\":\"https:\/\/www.wojoer.de\/#website\",\"url\":\"https:\/\/www.wojoer.de\/\",\"name\":\"WOJOER\",\"description\":\"clubwear for men\",\"publisher\":{\"@id\":\"https:\/\/www.wojoer.de\/#organization\"},\"potentialAction\":[{\"@type\":\"SearchAction\",\"target\":{\"@type\":\"EntryPoint\",\"urlTemplate\":\"https:\/\/www.wojoer.de\/?s={search_term_string}\"},\"query-input\":{\"@type\":\"PropertyValueSpecification\",\"valueRequired\":true,\"valueName\":\"search_term_string\"}}],\"inLanguage\":\"en-GB\"},{\"@type\":\"Organization\",\"@id\":\"https:\/\/www.wojoer.de\/#organization\",\"name\":\"Wonneberger-Manufaktur\",\"url\":\"https:\/\/www.wojoer.de\/\",\"logo\":{\"@type\":\"ImageObject\",\"inLanguage\":\"en-GB\",\"@id\":\"https:\/\/www.wojoer.de\/#\/schema\/logo\/image\/\",\"url\":\"https:\/\/www.wojoer.de\/wp-content\/uploads\/2016\/11\/wonnebergermanufaktur_logo_BUTTON.png\",\"contentUrl\":\"https:\/\/www.wojoer.de\/wp-content\/uploads\/2016\/11\/wonnebergermanufaktur_logo_BUTTON.png\",\"width\":765,\"height\":765,\"caption\":\"Wonneberger-Manufaktur\"},\"image\":{\"@id\":\"https:\/\/www.wojoer.de\/#\/schema\/logo\/image\/\"},\"sameAs\":[\"https:\/\/www.facebook.com\/wojoer\/\",\"https:\/\/de.pinterest.com\/W0J0ER\/\"]}]}<\/script>\n<!-- \/ Yoast SEO plugin. -->","yoast_head_json":{"title":"Strap Body men | Beach & Underwear hauch d\u00fcnn bequem","description":"Neoncoral Netz-Boratbody. Ein Mankini aus transparentem Netz in Ros\u00e8. Super bequem, super stretchy. Jetzt vesandkostenfrei innerhalb deutschlands online bestellen.","robots":{"index":"index","follow":"follow","max-snippet":"max-snippet:-1","max-image-preview":"max-image-preview:large","max-video-preview":"max-video-preview:-1"},"canonical":"https:\/\/www.wojoer.de\/en\/produkt\/neoncoral-netz-strap-body\/","twitter_card":"summary_large_image","twitter_title":"Strap Body men | Beach & Underwear hauch d\u00fcnn bequem","twitter_description":"Neoncoral Netz-Boratbody. Ein Mankini aus transparentem Netz in Ros\u00e8. Super bequem, super stretchy. Jetzt vesandkostenfrei innerhalb deutschlands online bestellen.","twitter_image":"https:\/\/www.wojoer.de\/wp-content\/uploads\/2021\/01\/333S11_Powernet_MinisockStringBody_neoncoral_wojoer.jpg","twitter_misc":{"Estimated reading time":"2 minutes"},"schema":{"@context":"https:\/\/schema.org","@graph":[{"@type":"WebPage","@id":"https:\/\/www.wojoer.de\/produkt\/neoncoral-netz-strap-body\/","url":"https:\/\/www.wojoer.de\/produkt\/neoncoral-netz-strap-body\/","name":"Strap Body men | Beach & Underwear hauch d\u00fcnn bequem","isPartOf":{"@id":"https:\/\/www.wojoer.de\/#website"},"primaryImageOfPage":{"@id":"https:\/\/www.wojoer.de\/produkt\/neoncoral-netz-strap-body\/#primaryimage"},"image":{"@id":"https:\/\/www.wojoer.de\/produkt\/neoncoral-netz-strap-body\/#primaryimage"},"thumbnailUrl":"https:\/\/www.wojoer.de\/wp-content\/uploads\/2021\/01\/333S11_Powernet_MinisockStringBody_neoncoral_wojoer.jpg","datePublished":"2025-04-10T11:38:35+00:00","dateModified":"2026-01-30T13:45:10+00:00","description":"Neoncoral Netz-Boratbody. Ein Mankini aus transparentem Netz in Ros\u00e8. Super bequem, super stretchy. Jetzt vesandkostenfrei innerhalb deutschlands online bestellen.","breadcrumb":{"@id":"https:\/\/www.wojoer.de\/produkt\/neoncoral-netz-strap-body\/#breadcrumb"},"inLanguage":"en-GB","potentialAction":[{"@type":"ReadAction","target":["https:\/\/www.wojoer.de\/produkt\/neoncoral-netz-strap-body\/"]}]},{"@type":"ImageObject","inLanguage":"en-GB","@id":"https:\/\/www.wojoer.de\/produkt\/neoncoral-netz-strap-body\/#primaryimage","url":"https:\/\/www.wojoer.de\/wp-content\/uploads\/2021\/01\/333S11_Powernet_MinisockStringBody_neoncoral_wojoer.jpg","contentUrl":"https:\/\/www.wojoer.de\/wp-content\/uploads\/2021\/01\/333S11_Powernet_MinisockStringBody_neoncoral_wojoer.jpg","width":2002,"height":2002},{"@type":"BreadcrumbList","@id":"https:\/\/www.wojoer.de\/produkt\/neoncoral-netz-strap-body\/#breadcrumb","itemListElement":[{"@type":"ListItem","position":1,"name":"Startseite","item":"https:\/\/www.wojoer.de\/"},{"@type":"ListItem","position":2,"name":"SHOP","item":"https:\/\/www.wojoer.de\/shop\/"},{"@type":"ListItem","position":3,"name":"CoralNet Strap-Body"}]},{"@type":"WebSite","@id":"https:\/\/www.wojoer.de\/#website","url":"https:\/\/www.wojoer.de\/","name":"WOJOER","description":"clubwear for men","publisher":{"@id":"https:\/\/www.wojoer.de\/#organization"},"potentialAction":[{"@type":"SearchAction","target":{"@type":"EntryPoint","urlTemplate":"https:\/\/www.wojoer.de\/?s={search_term_string}"},"query-input":{"@type":"PropertyValueSpecification","valueRequired":true,"valueName":"search_term_string"}}],"inLanguage":"en-GB"},{"@type":"Organization","@id":"https:\/\/www.wojoer.de\/#organization","name":"Wonneberger-Manufaktur","url":"https:\/\/www.wojoer.de\/","logo":{"@type":"ImageObject","inLanguage":"en-GB","@id":"https:\/\/www.wojoer.de\/#\/schema\/logo\/image\/","url":"https:\/\/www.wojoer.de\/wp-content\/uploads\/2016\/11\/wonnebergermanufaktur_logo_BUTTON.png","contentUrl":"https:\/\/www.wojoer.de\/wp-content\/uploads\/2016\/11\/wonnebergermanufaktur_logo_BUTTON.png","width":765,"height":765,"caption":"Wonneberger-Manufaktur"},"image":{"@id":"https:\/\/www.wojoer.de\/#\/schema\/logo\/image\/"},"sameAs":["https:\/\/www.facebook.com\/wojoer\/","https:\/\/de.pinterest.com\/W0J0ER\/"]}]}},"_links":{"self":[{"href":"https:\/\/www.wojoer.de\/en\/wp-json\/wp\/v2\/product\/38066","targetHints":{"allow":["GET"]}}],"collection":[{"href":"https:\/\/www.wojoer.de\/en\/wp-json\/wp\/v2\/product"}],"about":[{"href":"https:\/\/www.wojoer.de\/en\/wp-json\/wp\/v2\/types\/product"}],"replies":[{"embeddable":true,"href":"https:\/\/www.wojoer.de\/en\/wp-json\/wp\/v2\/comments?post=38066"}],"wp:featuredmedia":[{"embeddable":true,"href":"https:\/\/www.wojoer.de\/en\/wp-json\/wp\/v2\/media\/33754"}],"wp:attachment":[{"href":"https:\/\/www.wojoer.de\/en\/wp-json\/wp\/v2\/media?parent=38066"}],"wp:term":[{"taxonomy":"product_brand","embeddable":true,"href":"https:\/\/www.wojoer.de\/en\/wp-json\/wp\/v2\/product_brand?post=38066"},{"taxonomy":"product_cat","embeddable":true,"href":"https:\/\/www.wojoer.de\/en\/wp-json\/wp\/v2\/product_cat?post=38066"},{"taxonomy":"product_tag","embeddable":true,"href":"https:\/\/www.wojoer.de\/en\/wp-json\/wp\/v2\/product_tag?post=38066"}],"curies":[{"name":"wp","href":"https:\/\/api.w.org\/{rel}","templated":true}]}}