{"id":38079,"date":"2025-10-21T10:10:57","date_gmt":"2025-10-21T08:10:57","guid":{"rendered":"https:\/\/www.wojoer.de\/?post_type=product&#038;p=38079"},"modified":"2026-01-15T10:12:17","modified_gmt":"2026-01-15T09:12:17","slug":"leatherlike-ouvert-strap-body-380s11-2","status":"publish","type":"product","link":"https:\/\/www.wojoer.de\/en\/produkt\/leatherlike-ouvert-strap-body-380s11-2\/","title":{"rendered":"Leatherlike Ouvert Strap-Body 380S11.2"},"content":{"rendered":"<p>Immer vorr\u00e4tig, denn der Leatherlike OUVERT Strap Body 380S11.2 ist Never-Out-of-Stock und geh\u00f6rt damit zu den Wojoer NOS-Produkten.<\/p>\n<h3>Gr\u00f6\u00dfen<\/h3>\n<p>Erh\u00e4ltlich in den Gr\u00f6\u00dfen Unisize<\/p>\n<h3>Materialzusammensetzung<\/h3>\n<p>82% Polyester\u00a0 8% Elasthan<\/p>\n<h3>Besonderheiten<\/h3>\n<p><a href=\"http:\/\/www.wojoer.de\/?s=nos&#038;post_type=product\">NOS Produkt<\/a> | gl\u00e4nzend matte Oberfl\u00e4chenoptik | Fetish | hautfreundliche schwarze Innenkaschierung |\u00a0 dehnbar | hauteng | hochwertige Verarbeitung &#8220;Made in Germany&#8221;<\/p>\n<h3>Benutzerhinweise<\/h3>\n<p>Handw\u00e4sche<\/p>\n<h3>Leatherlike Ouvert Strap-Body men &#8211; BEACH &#038; CLUBWEAR\u00a0 | Anzug | Body | String | Borat Body | Mankini<\/h3>\n<p>Nichts ist erotischer als eine knapp verh\u00fcllende Edel-Verpackung! Und du bist die Praline, die darauf wartet ausgepackt zu werden. Der Leatherlike Strap-Body ist nicht einfach nur ein hochwertig matt-schwarzer Mankini. Er ist durch sein erregend edles Rubbermatetial und die perfekt plazierte \u00d6ffnung, wie ein lustvolles Versprechen. Man muss dich mit ihm einfach ber\u00fchren wollen und seinen Linien zum Zentrum folgen, nur um am Ende auf deine harte M\u00e4nnlichkeit zu sto\u00dfen. Das Beste kommt aber noch: Dieser Body ist Beach- und Clubwear in einem. Badetauglich f\u00fcr Chlor- Und Salzwasser. Somit macht er deinen K\u00f6rper zu einem atemberaubenden Blickfang, der erst bei dem Liebesspiel seine versteckte rote Innenkaschierung preisgibt. Lass dir dieses Abenteuer nicht entgehen und f\u00fchl dich immer \u00fcberraschend bereit!<\/p>\n","protected":false},"excerpt":{"rendered":"<p>Immer vorr\u00e4tig, denn der Leatherlike OUVERT Strap Body 380S11.2 ist Never-Out-of-Stock und geh\u00f6rt damit zu den Wojoer NOS-Produkten.<br \/>\nGr\u00f6\u00dfen<br \/>\nErh\u00e4ltlich in den Gr\u00f6\u00dfen Unisize<br \/>\nMaterialzusammensetzung<br \/>\n82% Polyester\u00a0 8% Elasthan<br \/>\nBesonderheiten<br \/>\nNOS Produkt | gl\u00e4nzend matte Oberfl\u00e4chenoptik | Fetish | hautfreundliche schwarze Innenkaschierung |\u00a0 dehnbar | hauteng\u2026<\/p>\n","protected":false},"featured_media":38082,"comment_status":"open","ping_status":"closed","template":"","meta":[],"product_brand":[],"product_cat":[835,116,114,1059,169,473,326],"product_tag":[186,194,487,119],"class_list":{"0":"post-38079","1":"product","2":"type-product","3":"status-publish","4":"has-post-thumbnail","6":"product_cat-ouvert","7":"product_cat-clubwear","8":"product_cat-fetisch","9":"product_cat-kinky","10":"product_cat-nos-never-out-of-stock","11":"product_cat-men","12":"product_cat-wojoer","13":"product_tag-body","14":"product_tag-leatherlike","15":"product_tag-ouverte","16":"product_tag-string","17":"product_shipping_class-beun","18":"pa_farbe-schwarz","19":"pa_groesse-unisize","20":"pif-has-gallery","21":"post-1","22":"odd","24":"first","25":"onbackorder","26":"featured","27":"taxable","28":"shipping-taxable","29":"purchasable","30":"product-type-variable","31":"has-default-attributes"},"yoast_head":"<!-- This site is optimized with the Yoast SEO plugin v27.2 - https:\/\/yoast.com\/product\/yoast-seo-wordpress\/ -->\n<title>mankini veganes leatherlike | fetish &amp; clubwear | edeler Mattglanz<\/title>\n<meta name=\"description\" content=\"Mankini von Wojoer ist ein Leatherlike-Strap-Body, hauchd\u00fcnn, von innen weich und dehnbar. Als Ouvert oder Geschlossene Variante erh\u00e4ltlich. Jetzt versandkostenfrei innerhalb Deutschlands online bestellen.\" \/>\n<meta name=\"robots\" content=\"index, follow, max-snippet:-1, max-image-preview:large, max-video-preview:-1\" \/>\n<link rel=\"canonical\" href=\"https:\/\/www.wojoer.de\/en\/produkt\/leatherlike-ouvert-strap-body-380s11-2\/\" \/>\n<meta name=\"twitter:card\" content=\"summary_large_image\" \/>\n<meta name=\"twitter:title\" content=\"mankini veganes leatherlike | fetish &amp; clubwear | edeler Mattglanz\" \/>\n<meta name=\"twitter:description\" content=\"Mankini von Wojoer ist ein Leatherlike-Strap-Body, hauchd\u00fcnn, von innen weich und dehnbar. Als Ouvert oder Geschlossene Variante erh\u00e4ltlich. Jetzt versandkostenfrei innerhalb Deutschlands online bestellen.\" \/>\n<meta name=\"twitter:image\" content=\"https:\/\/www.wojoer.de\/wp-content\/uploads\/2022\/04\/380S11_2B_Leatherlike_StrapBody_Ouverte_side_wojoer_.jpg\" \/>\n<meta name=\"twitter:label1\" content=\"Estimated reading time\" \/>\n\t<meta name=\"twitter:data1\" content=\"3 minutes\" \/>\n<script type=\"application\/ld+json\" class=\"yoast-schema-graph\">{\"@context\":\"https:\/\/schema.org\",\"@graph\":[{\"@type\":\"WebPage\",\"@id\":\"https:\/\/www.wojoer.de\/produkt\/leatherlike-ouvert-strap-body-380s11-2\/\",\"url\":\"https:\/\/www.wojoer.de\/produkt\/leatherlike-ouvert-strap-body-380s11-2\/\",\"name\":\"mankini veganes leatherlike | fetish & clubwear | edeler Mattglanz\",\"isPartOf\":{\"@id\":\"https:\/\/www.wojoer.de\/#website\"},\"primaryImageOfPage\":{\"@id\":\"https:\/\/www.wojoer.de\/produkt\/leatherlike-ouvert-strap-body-380s11-2\/#primaryimage\"},\"image\":{\"@id\":\"https:\/\/www.wojoer.de\/produkt\/leatherlike-ouvert-strap-body-380s11-2\/#primaryimage\"},\"thumbnailUrl\":\"https:\/\/www.wojoer.de\/wp-content\/uploads\/2022\/04\/380S11_2B_Leatherlike_StrapBody_Ouverte_side_wojoer_.jpg\",\"datePublished\":\"2025-10-21T08:10:57+00:00\",\"dateModified\":\"2026-01-15T09:12:17+00:00\",\"description\":\"Mankini von Wojoer ist ein Leatherlike-Strap-Body, hauchd\u00fcnn, von innen weich und dehnbar. Als Ouvert oder Geschlossene Variante erh\u00e4ltlich. Jetzt versandkostenfrei innerhalb Deutschlands online bestellen.\",\"breadcrumb\":{\"@id\":\"https:\/\/www.wojoer.de\/produkt\/leatherlike-ouvert-strap-body-380s11-2\/#breadcrumb\"},\"inLanguage\":\"en-GB\",\"potentialAction\":[{\"@type\":\"ReadAction\",\"target\":[\"https:\/\/www.wojoer.de\/produkt\/leatherlike-ouvert-strap-body-380s11-2\/\"]}]},{\"@type\":\"ImageObject\",\"inLanguage\":\"en-GB\",\"@id\":\"https:\/\/www.wojoer.de\/produkt\/leatherlike-ouvert-strap-body-380s11-2\/#primaryimage\",\"url\":\"https:\/\/www.wojoer.de\/wp-content\/uploads\/2022\/04\/380S11_2B_Leatherlike_StrapBody_Ouverte_side_wojoer_.jpg\",\"contentUrl\":\"https:\/\/www.wojoer.de\/wp-content\/uploads\/2022\/04\/380S11_2B_Leatherlike_StrapBody_Ouverte_side_wojoer_.jpg\",\"width\":2002,\"height\":2002,\"caption\":\"Ouvert Strap Body Leatherlike \u2013 Black Week Deal f\u00fcr M\u00e4nner Erlebe den Ouvert Strap Body Leatherlike f\u00fcr M\u00e4nner \u2013 jetzt exklusiv w\u00e4hrend der Black Week stark reduziert und zum besten Preis. Dieses Design verbindet provokante Offenheit mit hochwertiger Passform und schafft einen Look, der kinky, selbstbewusst und sexy wirkt. Hergestellt in der Wonneberger Manufaktur in Deutschland, garantiert der Body kompromisslose Qualit\u00e4t, pr\u00e4zise Handarbeit und langlebige Materialien. Stretch-Lederlook sitzt eng, betont die Silhouette und passt sich jeder Bewegung an. Strap-Details und offene Akzente verleihen deinem Look eine sinnliche Pr\u00e4senz \u2013 perfekt f\u00fcr Studio, Performance oder private Momente. Die Black Week Edition ist limitiert \u2013 wer jetzt zuschl\u00e4gt, sichert sich ein exklusives kinky Highlight, das sonst nur schwer erh\u00e4ltlich ist. Luxus, Design und provokante \u00c4sthetik treffen hier aufeinander \u2013 und das so g\u00fcnstig wie noch nie. Kinky. Provokant. Stark reduziert. Jetzt sichern. Dein Statement, dein Body, deine zweite Haut.\"},{\"@type\":\"BreadcrumbList\",\"@id\":\"https:\/\/www.wojoer.de\/produkt\/leatherlike-ouvert-strap-body-380s11-2\/#breadcrumb\",\"itemListElement\":[{\"@type\":\"ListItem\",\"position\":1,\"name\":\"Startseite\",\"item\":\"https:\/\/www.wojoer.de\/\"},{\"@type\":\"ListItem\",\"position\":2,\"name\":\"SHOP\",\"item\":\"https:\/\/www.wojoer.de\/shop\/\"},{\"@type\":\"ListItem\",\"position\":3,\"name\":\"Leatherlike Ouvert Strap-Body 380S11.2\"}]},{\"@type\":\"WebSite\",\"@id\":\"https:\/\/www.wojoer.de\/#website\",\"url\":\"https:\/\/www.wojoer.de\/\",\"name\":\"WOJOER\",\"description\":\"clubwear for men\",\"publisher\":{\"@id\":\"https:\/\/www.wojoer.de\/#organization\"},\"potentialAction\":[{\"@type\":\"SearchAction\",\"target\":{\"@type\":\"EntryPoint\",\"urlTemplate\":\"https:\/\/www.wojoer.de\/?s={search_term_string}\"},\"query-input\":{\"@type\":\"PropertyValueSpecification\",\"valueRequired\":true,\"valueName\":\"search_term_string\"}}],\"inLanguage\":\"en-GB\"},{\"@type\":\"Organization\",\"@id\":\"https:\/\/www.wojoer.de\/#organization\",\"name\":\"Wonneberger-Manufaktur\",\"url\":\"https:\/\/www.wojoer.de\/\",\"logo\":{\"@type\":\"ImageObject\",\"inLanguage\":\"en-GB\",\"@id\":\"https:\/\/www.wojoer.de\/#\/schema\/logo\/image\/\",\"url\":\"https:\/\/www.wojoer.de\/wp-content\/uploads\/2016\/11\/wonnebergermanufaktur_logo_BUTTON.png\",\"contentUrl\":\"https:\/\/www.wojoer.de\/wp-content\/uploads\/2016\/11\/wonnebergermanufaktur_logo_BUTTON.png\",\"width\":765,\"height\":765,\"caption\":\"Wonneberger-Manufaktur\"},\"image\":{\"@id\":\"https:\/\/www.wojoer.de\/#\/schema\/logo\/image\/\"},\"sameAs\":[\"https:\/\/www.facebook.com\/wojoer\/\",\"https:\/\/de.pinterest.com\/W0J0ER\/\"]}]}<\/script>\n<!-- \/ Yoast SEO plugin. -->","yoast_head_json":{"title":"mankini veganes leatherlike | fetish & clubwear | edeler Mattglanz","description":"Mankini von Wojoer ist ein Leatherlike-Strap-Body, hauchd\u00fcnn, von innen weich und dehnbar. Als Ouvert oder Geschlossene Variante erh\u00e4ltlich. Jetzt versandkostenfrei innerhalb Deutschlands online bestellen.","robots":{"index":"index","follow":"follow","max-snippet":"max-snippet:-1","max-image-preview":"max-image-preview:large","max-video-preview":"max-video-preview:-1"},"canonical":"https:\/\/www.wojoer.de\/en\/produkt\/leatherlike-ouvert-strap-body-380s11-2\/","twitter_card":"summary_large_image","twitter_title":"[:de]mankini veganes leatherlike | fetish & clubwear | edeler Mattglanz[:]","twitter_description":"[:de]Mankini von Wojoer ist ein Leatherlike-Strap-Body, hauchd\u00fcnn, von innen weich und dehnbar. Als Ouvert oder Geschlossene Variante erh\u00e4ltlich. Jetzt versandkostenfrei innerhalb Deutschlands online bestellen.[:]","twitter_image":"https:\/\/www.wojoer.de\/wp-content\/uploads\/2022\/04\/380S11_2B_Leatherlike_StrapBody_Ouverte_side_wojoer_.jpg","twitter_misc":{"Estimated reading time":"3 minutes"},"schema":{"@context":"https:\/\/schema.org","@graph":[{"@type":"WebPage","@id":"https:\/\/www.wojoer.de\/produkt\/leatherlike-ouvert-strap-body-380s11-2\/","url":"https:\/\/www.wojoer.de\/produkt\/leatherlike-ouvert-strap-body-380s11-2\/","name":"mankini veganes leatherlike | fetish & clubwear | edeler Mattglanz","isPartOf":{"@id":"https:\/\/www.wojoer.de\/#website"},"primaryImageOfPage":{"@id":"https:\/\/www.wojoer.de\/produkt\/leatherlike-ouvert-strap-body-380s11-2\/#primaryimage"},"image":{"@id":"https:\/\/www.wojoer.de\/produkt\/leatherlike-ouvert-strap-body-380s11-2\/#primaryimage"},"thumbnailUrl":"https:\/\/www.wojoer.de\/wp-content\/uploads\/2022\/04\/380S11_2B_Leatherlike_StrapBody_Ouverte_side_wojoer_.jpg","datePublished":"2025-10-21T08:10:57+00:00","dateModified":"2026-01-15T09:12:17+00:00","description":"Mankini von Wojoer ist ein Leatherlike-Strap-Body, hauchd\u00fcnn, von innen weich und dehnbar. Als Ouvert oder Geschlossene Variante erh\u00e4ltlich. Jetzt versandkostenfrei innerhalb Deutschlands online bestellen.","breadcrumb":{"@id":"https:\/\/www.wojoer.de\/produkt\/leatherlike-ouvert-strap-body-380s11-2\/#breadcrumb"},"inLanguage":"en-GB","potentialAction":[{"@type":"ReadAction","target":["https:\/\/www.wojoer.de\/produkt\/leatherlike-ouvert-strap-body-380s11-2\/"]}]},{"@type":"ImageObject","inLanguage":"en-GB","@id":"https:\/\/www.wojoer.de\/produkt\/leatherlike-ouvert-strap-body-380s11-2\/#primaryimage","url":"https:\/\/www.wojoer.de\/wp-content\/uploads\/2022\/04\/380S11_2B_Leatherlike_StrapBody_Ouverte_side_wojoer_.jpg","contentUrl":"https:\/\/www.wojoer.de\/wp-content\/uploads\/2022\/04\/380S11_2B_Leatherlike_StrapBody_Ouverte_side_wojoer_.jpg","width":2002,"height":2002,"caption":"Ouvert Strap Body Leatherlike \u2013 Black Week Deal f\u00fcr M\u00e4nner Erlebe den Ouvert Strap Body Leatherlike f\u00fcr M\u00e4nner \u2013 jetzt exklusiv w\u00e4hrend der Black Week stark reduziert und zum besten Preis. Dieses Design verbindet provokante Offenheit mit hochwertiger Passform und schafft einen Look, der kinky, selbstbewusst und sexy wirkt. Hergestellt in der Wonneberger Manufaktur in Deutschland, garantiert der Body kompromisslose Qualit\u00e4t, pr\u00e4zise Handarbeit und langlebige Materialien. Stretch-Lederlook sitzt eng, betont die Silhouette und passt sich jeder Bewegung an. Strap-Details und offene Akzente verleihen deinem Look eine sinnliche Pr\u00e4senz \u2013 perfekt f\u00fcr Studio, Performance oder private Momente. Die Black Week Edition ist limitiert \u2013 wer jetzt zuschl\u00e4gt, sichert sich ein exklusives kinky Highlight, das sonst nur schwer erh\u00e4ltlich ist. Luxus, Design und provokante \u00c4sthetik treffen hier aufeinander \u2013 und das so g\u00fcnstig wie noch nie. Kinky. Provokant. Stark reduziert. Jetzt sichern. Dein Statement, dein Body, deine zweite Haut."},{"@type":"BreadcrumbList","@id":"https:\/\/www.wojoer.de\/produkt\/leatherlike-ouvert-strap-body-380s11-2\/#breadcrumb","itemListElement":[{"@type":"ListItem","position":1,"name":"Startseite","item":"https:\/\/www.wojoer.de\/"},{"@type":"ListItem","position":2,"name":"SHOP","item":"https:\/\/www.wojoer.de\/shop\/"},{"@type":"ListItem","position":3,"name":"Leatherlike Ouvert Strap-Body 380S11.2"}]},{"@type":"WebSite","@id":"https:\/\/www.wojoer.de\/#website","url":"https:\/\/www.wojoer.de\/","name":"WOJOER","description":"clubwear for men","publisher":{"@id":"https:\/\/www.wojoer.de\/#organization"},"potentialAction":[{"@type":"SearchAction","target":{"@type":"EntryPoint","urlTemplate":"https:\/\/www.wojoer.de\/?s={search_term_string}"},"query-input":{"@type":"PropertyValueSpecification","valueRequired":true,"valueName":"search_term_string"}}],"inLanguage":"en-GB"},{"@type":"Organization","@id":"https:\/\/www.wojoer.de\/#organization","name":"Wonneberger-Manufaktur","url":"https:\/\/www.wojoer.de\/","logo":{"@type":"ImageObject","inLanguage":"en-GB","@id":"https:\/\/www.wojoer.de\/#\/schema\/logo\/image\/","url":"https:\/\/www.wojoer.de\/wp-content\/uploads\/2016\/11\/wonnebergermanufaktur_logo_BUTTON.png","contentUrl":"https:\/\/www.wojoer.de\/wp-content\/uploads\/2016\/11\/wonnebergermanufaktur_logo_BUTTON.png","width":765,"height":765,"caption":"Wonneberger-Manufaktur"},"image":{"@id":"https:\/\/www.wojoer.de\/#\/schema\/logo\/image\/"},"sameAs":["https:\/\/www.facebook.com\/wojoer\/","https:\/\/de.pinterest.com\/W0J0ER\/"]}]}},"_links":{"self":[{"href":"https:\/\/www.wojoer.de\/en\/wp-json\/wp\/v2\/product\/38079","targetHints":{"allow":["GET"]}}],"collection":[{"href":"https:\/\/www.wojoer.de\/en\/wp-json\/wp\/v2\/product"}],"about":[{"href":"https:\/\/www.wojoer.de\/en\/wp-json\/wp\/v2\/types\/product"}],"replies":[{"embeddable":true,"href":"https:\/\/www.wojoer.de\/en\/wp-json\/wp\/v2\/comments?post=38079"}],"wp:featuredmedia":[{"embeddable":true,"href":"https:\/\/www.wojoer.de\/en\/wp-json\/wp\/v2\/media\/38082"}],"wp:attachment":[{"href":"https:\/\/www.wojoer.de\/en\/wp-json\/wp\/v2\/media?parent=38079"}],"wp:term":[{"taxonomy":"product_brand","embeddable":true,"href":"https:\/\/www.wojoer.de\/en\/wp-json\/wp\/v2\/product_brand?post=38079"},{"taxonomy":"product_cat","embeddable":true,"href":"https:\/\/www.wojoer.de\/en\/wp-json\/wp\/v2\/product_cat?post=38079"},{"taxonomy":"product_tag","embeddable":true,"href":"https:\/\/www.wojoer.de\/en\/wp-json\/wp\/v2\/product_tag?post=38079"}],"curies":[{"name":"wp","href":"https:\/\/api.w.org\/{rel}","templated":true}]}}