{"id":38105,"date":"2023-06-02T10:04:42","date_gmt":"2023-06-02T08:04:42","guid":{"rendered":"https:\/\/www.wojoer.de\/?post_type=product&#038;p=38105"},"modified":"2026-03-29T16:55:26","modified_gmt":"2026-03-29T14:55:26","slug":"blackjack-minisock-string-399b3","status":"publish","type":"product","link":"https:\/\/www.wojoer.de\/en\/produkt\/blackjack-minisock-string-399b3\/","title":{"rendered":"MiniSock String"},"content":{"rendered":"<p>Dieser BlackJack 399B3 Mini Sock String geh\u00f6rt zu den Wojoer LIVE-Produkten. Sie werden ab Bestellung bei uns produziert. So k\u00f6nnen wir auf Kundenw\u00fcnsche individuell eingehen.<\/p>\n<h3>Gr\u00f6\u00dfen<\/h3>\n<p>Erh\u00e4ltlich in den Gr\u00f6\u00dfen S, M, L, XL<\/p>\n<h3>Materialzusammensetzung<\/h3>\n<p>94% Polyester, 6% Elasthan<\/p>\n<p>&nbsp;<\/p>\n<h3>Besonderheiten<\/h3>\n<p><a href=\"http:\/\/www.wojoer.de\/?s=LIVE&#038;post_type=product\">LIVE-Produkt<\/a>\u00a0 | dehnbarer glitzernder metallic-Look | angenehme Passform | au\u00dfergew\u00f6hnlicher Farbglanz |hochwertige Verarbeitung &#8220;Made in Germany&#8221;<\/p>\n<h3><strong>Benutzerhinweise<\/strong><\/h3>\n<p>Handw\u00e4sche, kein Weichsp\u00fcler<\/p>\n<h3>BlackJack MiniSock String &#8211; sexy Unterw\u00e4sche f\u00fcr Herren<\/h3>\n<p>Du willst auffallen? Du willst dich in deiner Kleidung erregend f\u00fchlen? Hier ist das richtige f\u00fcr dich! Es ist mal wieder Zeit f\u00fcr eine hei\u00dfe Partynacht&#8230;dann zieh dir den BlackJack String an und verzaubere dich und dein Gegen\u00fcber mit seinem Glanz. Du wirst jeden in deiner Umgebung in deinen Bann ziehen, ganz egal, ob er will oder nicht, du wirkst wie eine Droge! Im schillernden Licht erstrahlt die Black Jack Kollektion in Regenbogenfarben. Perfekt geeignet\u00a0 f\u00fcr eine Party-Nacht oder einen Erregenden Abend zu zweit.<\/p>\n","protected":false},"excerpt":{"rendered":"<p>Dieser BlackJack 399B3 Mini Sock String geh\u00f6rt zu den Wojoer LIVE-Produkten. Sie werden ab Bestellung bei uns produziert. So k\u00f6nnen wir auf Kundenw\u00fcnsche individuell eingehen.<br \/>\nGr\u00f6\u00dfen<br \/>\nErh\u00e4ltlich in den Gr\u00f6\u00dfen S, M, L, XL<br \/>\nMaterialzusammensetzung<br \/>\n94% Polyester, 6% Elasthan<\/p>\n<p>&nbsp;<br \/>\nBesonderheiten<br \/>\nLIVE-Produkt\u00a0 | dehnbarer glitzernder metallic-Look |\u2026<\/p>\n","protected":false},"featured_media":40024,"comment_status":"open","ping_status":"closed","template":"","meta":[],"product_brand":[],"product_cat":[867,116,473,195,326],"product_tag":[560,362,573,119],"class_list":{"0":"post-38105","1":"product","2":"type-product","3":"status-publish","4":"has-post-thumbnail","6":"product_cat-blackjack","7":"product_cat-clubwear","8":"product_cat-men","9":"product_cat-produktion-auf-bestellung-liveproduktion","10":"product_cat-wojoer","11":"product_tag-glaenzend","12":"product_tag-holographic","13":"product_tag-minisock","14":"product_tag-string","15":"product_shipping_class-beun","16":"pa_groesse-l","17":"pa_groesse-m","18":"pa_groesse-s","19":"pa_groesse-xl","20":"pa_groesse-xxl","21":"pa_groesse-xxxl","22":"pif-has-gallery","23":"post-1","24":"odd","26":"first","27":"instock","28":"taxable","29":"shipping-taxable","30":"purchasable","31":"product-type-variable","32":"has-default-attributes"},"yoast_head":"<!-- This site is optimized with the Yoast SEO plugin v27.2 - https:\/\/yoast.com\/product\/yoast-seo-wordpress\/ -->\n<title>BlackJack | MiniSock String | blue | glitzernd | metallic look | WOJOER<\/title>\n<meta name=\"description\" content=\"BlackJack ...der erotische blaue metallic look ist ungewohnt verf\u00fchrerisch und l\u00e4sst dich in Regenbogen Farben erstrahlen.\" \/>\n<meta name=\"robots\" content=\"index, follow, max-snippet:-1, max-image-preview:large, max-video-preview:-1\" \/>\n<link rel=\"canonical\" href=\"https:\/\/www.wojoer.de\/en\/produkt\/blackjack-minisock-string-399b3\/\" \/>\n<meta name=\"twitter:card\" content=\"summary_large_image\" \/>\n<meta name=\"twitter:title\" content=\"BlackJack | MiniSock String | blue | glitzernd | metallic look | WOJOER\" \/>\n<meta name=\"twitter:description\" content=\"BlackJack ...der erotische blaue metallic look ist ungewohnt verf\u00fchrerisch und l\u00e4sst dich in Regenbogen Farben erstrahlen.\" \/>\n<meta name=\"twitter:image\" content=\"https:\/\/www.wojoer.de\/wp-content\/uploads\/2022\/04\/0399-S003-0D-30_BlackJack_Holoblue_Mini_Sock_String_back_wojoer.jpg\" \/>\n<meta name=\"twitter:label1\" content=\"Estimated reading time\" \/>\n\t<meta name=\"twitter:data1\" content=\"2 minutes\" \/>\n<script type=\"application\/ld+json\" class=\"yoast-schema-graph\">{\"@context\":\"https:\/\/schema.org\",\"@graph\":[{\"@type\":\"WebPage\",\"@id\":\"https:\/\/www.wojoer.de\/produkt\/blackjack-minisock-string-399b3\/\",\"url\":\"https:\/\/www.wojoer.de\/produkt\/blackjack-minisock-string-399b3\/\",\"name\":\"BlackJack | MiniSock String | blue | glitzernd | metallic look | WOJOER\",\"isPartOf\":{\"@id\":\"https:\/\/www.wojoer.de\/#website\"},\"primaryImageOfPage\":{\"@id\":\"https:\/\/www.wojoer.de\/produkt\/blackjack-minisock-string-399b3\/#primaryimage\"},\"image\":{\"@id\":\"https:\/\/www.wojoer.de\/produkt\/blackjack-minisock-string-399b3\/#primaryimage\"},\"thumbnailUrl\":\"https:\/\/www.wojoer.de\/wp-content\/uploads\/2022\/04\/0399-S003-0D-30_BlackJack_Holoblue_Mini_Sock_String_back_wojoer.jpg\",\"datePublished\":\"2023-06-02T08:04:42+00:00\",\"dateModified\":\"2026-03-29T14:55:26+00:00\",\"description\":\"BlackJack ...der erotische blaue metallic look ist ungewohnt verf\u00fchrerisch und l\u00e4sst dich in Regenbogen Farben erstrahlen.\",\"breadcrumb\":{\"@id\":\"https:\/\/www.wojoer.de\/produkt\/blackjack-minisock-string-399b3\/#breadcrumb\"},\"inLanguage\":\"en-GB\",\"potentialAction\":[{\"@type\":\"ReadAction\",\"target\":[\"https:\/\/www.wojoer.de\/produkt\/blackjack-minisock-string-399b3\/\"]}]},{\"@type\":\"ImageObject\",\"inLanguage\":\"en-GB\",\"@id\":\"https:\/\/www.wojoer.de\/produkt\/blackjack-minisock-string-399b3\/#primaryimage\",\"url\":\"https:\/\/www.wojoer.de\/wp-content\/uploads\/2022\/04\/0399-S003-0D-30_BlackJack_Holoblue_Mini_Sock_String_back_wojoer.jpg\",\"contentUrl\":\"https:\/\/www.wojoer.de\/wp-content\/uploads\/2022\/04\/0399-S003-0D-30_BlackJack_Holoblue_Mini_Sock_String_back_wojoer.jpg\",\"width\":2002,\"height\":2002},{\"@type\":\"BreadcrumbList\",\"@id\":\"https:\/\/www.wojoer.de\/produkt\/blackjack-minisock-string-399b3\/#breadcrumb\",\"itemListElement\":[{\"@type\":\"ListItem\",\"position\":1,\"name\":\"Startseite\",\"item\":\"https:\/\/www.wojoer.de\/\"},{\"@type\":\"ListItem\",\"position\":2,\"name\":\"SHOP\",\"item\":\"https:\/\/www.wojoer.de\/shop\/\"},{\"@type\":\"ListItem\",\"position\":3,\"name\":\"MiniSock String\"}]},{\"@type\":\"WebSite\",\"@id\":\"https:\/\/www.wojoer.de\/#website\",\"url\":\"https:\/\/www.wojoer.de\/\",\"name\":\"WOJOER\",\"description\":\"clubwear for men\",\"publisher\":{\"@id\":\"https:\/\/www.wojoer.de\/#organization\"},\"potentialAction\":[{\"@type\":\"SearchAction\",\"target\":{\"@type\":\"EntryPoint\",\"urlTemplate\":\"https:\/\/www.wojoer.de\/?s={search_term_string}\"},\"query-input\":{\"@type\":\"PropertyValueSpecification\",\"valueRequired\":true,\"valueName\":\"search_term_string\"}}],\"inLanguage\":\"en-GB\"},{\"@type\":\"Organization\",\"@id\":\"https:\/\/www.wojoer.de\/#organization\",\"name\":\"Wonneberger-Manufaktur\",\"url\":\"https:\/\/www.wojoer.de\/\",\"logo\":{\"@type\":\"ImageObject\",\"inLanguage\":\"en-GB\",\"@id\":\"https:\/\/www.wojoer.de\/#\/schema\/logo\/image\/\",\"url\":\"https:\/\/www.wojoer.de\/wp-content\/uploads\/2016\/11\/wonnebergermanufaktur_logo_BUTTON.png\",\"contentUrl\":\"https:\/\/www.wojoer.de\/wp-content\/uploads\/2016\/11\/wonnebergermanufaktur_logo_BUTTON.png\",\"width\":765,\"height\":765,\"caption\":\"Wonneberger-Manufaktur\"},\"image\":{\"@id\":\"https:\/\/www.wojoer.de\/#\/schema\/logo\/image\/\"},\"sameAs\":[\"https:\/\/www.facebook.com\/wojoer\/\",\"https:\/\/de.pinterest.com\/W0J0ER\/\"]}]}<\/script>\n<!-- \/ Yoast SEO plugin. -->","yoast_head_json":{"title":"BlackJack | MiniSock String | blue | glitzernd | metallic look | WOJOER","description":"BlackJack ...der erotische blaue metallic look ist ungewohnt verf\u00fchrerisch und l\u00e4sst dich in Regenbogen Farben erstrahlen.","robots":{"index":"index","follow":"follow","max-snippet":"max-snippet:-1","max-image-preview":"max-image-preview:large","max-video-preview":"max-video-preview:-1"},"canonical":"https:\/\/www.wojoer.de\/en\/produkt\/blackjack-minisock-string-399b3\/","twitter_card":"summary_large_image","twitter_title":"[:de]BlackJack | MiniSock String | blue | glitzernd | metallic look | WOJOER[:]","twitter_description":"[:de]BlackJack ...der erotische blaue metallic look ist ungewohnt verf\u00fchrerisch und l\u00e4sst dich in Regenbogen Farben erstrahlen.[:]","twitter_image":"https:\/\/www.wojoer.de\/wp-content\/uploads\/2022\/04\/0399-S003-0D-30_BlackJack_Holoblue_Mini_Sock_String_back_wojoer.jpg","twitter_misc":{"Estimated reading time":"2 minutes"},"schema":{"@context":"https:\/\/schema.org","@graph":[{"@type":"WebPage","@id":"https:\/\/www.wojoer.de\/produkt\/blackjack-minisock-string-399b3\/","url":"https:\/\/www.wojoer.de\/produkt\/blackjack-minisock-string-399b3\/","name":"BlackJack | MiniSock String | blue | glitzernd | metallic look | WOJOER","isPartOf":{"@id":"https:\/\/www.wojoer.de\/#website"},"primaryImageOfPage":{"@id":"https:\/\/www.wojoer.de\/produkt\/blackjack-minisock-string-399b3\/#primaryimage"},"image":{"@id":"https:\/\/www.wojoer.de\/produkt\/blackjack-minisock-string-399b3\/#primaryimage"},"thumbnailUrl":"https:\/\/www.wojoer.de\/wp-content\/uploads\/2022\/04\/0399-S003-0D-30_BlackJack_Holoblue_Mini_Sock_String_back_wojoer.jpg","datePublished":"2023-06-02T08:04:42+00:00","dateModified":"2026-03-29T14:55:26+00:00","description":"BlackJack ...der erotische blaue metallic look ist ungewohnt verf\u00fchrerisch und l\u00e4sst dich in Regenbogen Farben erstrahlen.","breadcrumb":{"@id":"https:\/\/www.wojoer.de\/produkt\/blackjack-minisock-string-399b3\/#breadcrumb"},"inLanguage":"en-GB","potentialAction":[{"@type":"ReadAction","target":["https:\/\/www.wojoer.de\/produkt\/blackjack-minisock-string-399b3\/"]}]},{"@type":"ImageObject","inLanguage":"en-GB","@id":"https:\/\/www.wojoer.de\/produkt\/blackjack-minisock-string-399b3\/#primaryimage","url":"https:\/\/www.wojoer.de\/wp-content\/uploads\/2022\/04\/0399-S003-0D-30_BlackJack_Holoblue_Mini_Sock_String_back_wojoer.jpg","contentUrl":"https:\/\/www.wojoer.de\/wp-content\/uploads\/2022\/04\/0399-S003-0D-30_BlackJack_Holoblue_Mini_Sock_String_back_wojoer.jpg","width":2002,"height":2002},{"@type":"BreadcrumbList","@id":"https:\/\/www.wojoer.de\/produkt\/blackjack-minisock-string-399b3\/#breadcrumb","itemListElement":[{"@type":"ListItem","position":1,"name":"Startseite","item":"https:\/\/www.wojoer.de\/"},{"@type":"ListItem","position":2,"name":"SHOP","item":"https:\/\/www.wojoer.de\/shop\/"},{"@type":"ListItem","position":3,"name":"MiniSock String"}]},{"@type":"WebSite","@id":"https:\/\/www.wojoer.de\/#website","url":"https:\/\/www.wojoer.de\/","name":"WOJOER","description":"clubwear for men","publisher":{"@id":"https:\/\/www.wojoer.de\/#organization"},"potentialAction":[{"@type":"SearchAction","target":{"@type":"EntryPoint","urlTemplate":"https:\/\/www.wojoer.de\/?s={search_term_string}"},"query-input":{"@type":"PropertyValueSpecification","valueRequired":true,"valueName":"search_term_string"}}],"inLanguage":"en-GB"},{"@type":"Organization","@id":"https:\/\/www.wojoer.de\/#organization","name":"Wonneberger-Manufaktur","url":"https:\/\/www.wojoer.de\/","logo":{"@type":"ImageObject","inLanguage":"en-GB","@id":"https:\/\/www.wojoer.de\/#\/schema\/logo\/image\/","url":"https:\/\/www.wojoer.de\/wp-content\/uploads\/2016\/11\/wonnebergermanufaktur_logo_BUTTON.png","contentUrl":"https:\/\/www.wojoer.de\/wp-content\/uploads\/2016\/11\/wonnebergermanufaktur_logo_BUTTON.png","width":765,"height":765,"caption":"Wonneberger-Manufaktur"},"image":{"@id":"https:\/\/www.wojoer.de\/#\/schema\/logo\/image\/"},"sameAs":["https:\/\/www.facebook.com\/wojoer\/","https:\/\/de.pinterest.com\/W0J0ER\/"]}]}},"_links":{"self":[{"href":"https:\/\/www.wojoer.de\/en\/wp-json\/wp\/v2\/product\/38105","targetHints":{"allow":["GET"]}}],"collection":[{"href":"https:\/\/www.wojoer.de\/en\/wp-json\/wp\/v2\/product"}],"about":[{"href":"https:\/\/www.wojoer.de\/en\/wp-json\/wp\/v2\/types\/product"}],"replies":[{"embeddable":true,"href":"https:\/\/www.wojoer.de\/en\/wp-json\/wp\/v2\/comments?post=38105"}],"wp:featuredmedia":[{"embeddable":true,"href":"https:\/\/www.wojoer.de\/en\/wp-json\/wp\/v2\/media\/40024"}],"wp:attachment":[{"href":"https:\/\/www.wojoer.de\/en\/wp-json\/wp\/v2\/media?parent=38105"}],"wp:term":[{"taxonomy":"product_brand","embeddable":true,"href":"https:\/\/www.wojoer.de\/en\/wp-json\/wp\/v2\/product_brand?post=38105"},{"taxonomy":"product_cat","embeddable":true,"href":"https:\/\/www.wojoer.de\/en\/wp-json\/wp\/v2\/product_cat?post=38105"},{"taxonomy":"product_tag","embeddable":true,"href":"https:\/\/www.wojoer.de\/en\/wp-json\/wp\/v2\/product_tag?post=38105"}],"curies":[{"name":"wp","href":"https:\/\/api.w.org\/{rel}","templated":true}]}}