{"id":38333,"date":"2025-10-13T10:03:44","date_gmt":"2025-10-13T08:03:44","guid":{"rendered":"https:\/\/www.wojoer.de\/?post_type=product&#038;p=38333"},"modified":"2026-02-24T19:18:26","modified_gmt":"2026-02-24T18:18:26","slug":"tropic-jock-strap-j001","status":"publish","type":"product","link":"https:\/\/www.wojoer.de\/en\/produkt\/tropic-jock-strap-j001\/","title":{"rendered":"Wojoer Tropic Jock"},"content":{"rendered":"<p>Always on stock, because the Tropic Jock is <a href=\"https:\/\/www.wojoer.de\/?s=nos&#038;post_type=product\">never-out-of-stock<\/a> and belongs to the wojoer<a href=\"https:\/\/www.wojoer.de\/?s=nos&#038;post_type=product\"> NOS<\/a>.<\/p>\n<h3>Sizes<\/h3>\n<p>Available in sizes\u00a0 S, M, L, XL<\/p>\n<h3>Material composition<\/h3>\n<p>BEUN: 82% polyamide, 18% elasthane<\/p>\n<h3>Pecularities<\/h3>\n<p><a href=\"http:\/\/www.wojoer.de\/?s=nos&#038;post_type=product\">NOS Produkt<\/a> | swimwear |silk-matt surface optics | light transparent | airy | fast drying |flexible | click closure| skintigth fit | high quality\u00a0 Made in Germany<\/p>\n<h3>Wash instructions<\/h3>\n<p>30\u00b0 , gentle cycle |ironing on a low level<\/p>\n<h3>tropic Jock &#8211; BEACH &#038; UNDERWEAR<\/h3>\n<p>Caution! Hot! This Beach &#038; Underwear G-String in bright colors awakens playful phantasy. Sligthly transparent, dull, extremely thin, fast drying and hardly noticeable. Slim and high cut invites you to inspire little forbidden games. No other cheeky G-String is so fine and light, yet resistent to salt and chlorine. Complete your outfit with the matching beun basic t-shirt . And because it&#8217;s so sexy and comfortable at the same time, there&#8217;s a matcing <a href=\"https:\/\/www.wojoer.de\/?s=partnerlook&#038;post_type=product\">partner look<\/a> string for your partner.<\/p>\n<p>Click here for the <a href=\"https:\/\/www.wojoer.de\/groessentabelle\/\">sizes chart<\/a>.<\/p>\n","protected":false},"excerpt":{"rendered":"<p>Nur solange der Vorrat reicht, denn der Tropic Jock Strap J001 ist Only-For-Me und wurde nur in einer kleinen Auflage produziert.<br \/>\nGr\u00f6\u00dfen<br \/>\nErh\u00e4ltlich in den Gr\u00f6\u00dfen S, M, L, XL<br \/>\nMaterialzusammensetzung<br \/>\nBEUN: 80% Polyamid, 20% Elasthan<br \/>\nBesonderheiten<br \/>\nONLYforME-Produkt | badetauglich | seidenmatte Oberfl\u00e4chenoptik | sehr elastisch\u2026<\/p>\n","protected":false},"featured_media":40338,"comment_status":"open","ping_status":"closed","template":"","meta":[],"product_brand":[],"product_cat":[115,884,473,270,121,326],"product_tag":[108,1060,905],"class_list":{"0":"post-38333","1":"product","2":"type-product","3":"status-publish","4":"has-post-thumbnail","6":"product_cat-beachwear","7":"product_cat-limited-editions","8":"product_cat-men","9":"product_cat-onlyforme","10":"product_cat-underwear","11":"product_cat-wojoer","12":"product_tag-1beachwear","13":"product_tag-jock","14":"product_tag-jock-strap","15":"product_shipping_class-beun","16":"pa_groesse-l","17":"pa_groesse-m","18":"pa_groesse-s","19":"pa_groesse-xl","20":"pif-has-gallery","21":"post-1","22":"odd","24":"first","25":"instock","26":"taxable","27":"shipping-taxable","28":"purchasable","29":"product-type-variable","30":"has-default-attributes"},"yoast_head":"<!-- This site is optimized with the Yoast SEO plugin v27.2 - https:\/\/yoast.com\/product\/yoast-seo-wordpress\/ -->\n<title>jock | Beun | Branded |Beach &amp; Underwear flimsy | comfortable<\/title>\n<meta name=\"description\" content=\"Jock for swimming. The flimsy, slightly transparent BEUN Basic Pants is silky soft on the skin &amp; is available in 3 fantastic colors.\" \/>\n<meta name=\"robots\" content=\"index, follow, max-snippet:-1, max-image-preview:large, max-video-preview:-1\" \/>\n<link rel=\"canonical\" href=\"https:\/\/www.wojoer.de\/en\/produkt\/tropic-jock-strap-j001\/\" \/>\n<meta name=\"twitter:card\" content=\"summary_large_image\" \/>\n<meta name=\"twitter:title\" content=\"jock | Beun | Branded |Beach &amp; Underwear flimsy | comfortable\" \/>\n<meta name=\"twitter:description\" content=\"Jock for swimming. The flimsy, slightly transparent BEUN Basic Pants is silky soft on the skin &amp; is available in 3 fantastic colors.\" \/>\n<meta name=\"twitter:image\" content=\"https:\/\/www.wojoer.de\/wp-content\/uploads\/2022\/06\/S023-J001-0D-27-06-1.-Tropic-Jock-dehnbar-bunt-L-side-wojoer.jpg\" \/>\n<meta name=\"twitter:label1\" content=\"Estimated reading time\" \/>\n\t<meta name=\"twitter:data1\" content=\"1 minute\" \/>\n<script type=\"application\/ld+json\" class=\"yoast-schema-graph\">{\"@context\":\"https:\/\/schema.org\",\"@graph\":[{\"@type\":\"WebPage\",\"@id\":\"https:\/\/www.wojoer.de\/produkt\/tropic-jock-strap-j001\/\",\"url\":\"https:\/\/www.wojoer.de\/produkt\/tropic-jock-strap-j001\/\",\"name\":\"jock | Beun | Branded |Beach & Underwear flimsy | comfortable\",\"isPartOf\":{\"@id\":\"https:\/\/www.wojoer.de\/#website\"},\"primaryImageOfPage\":{\"@id\":\"https:\/\/www.wojoer.de\/produkt\/tropic-jock-strap-j001\/#primaryimage\"},\"image\":{\"@id\":\"https:\/\/www.wojoer.de\/produkt\/tropic-jock-strap-j001\/#primaryimage\"},\"thumbnailUrl\":\"https:\/\/www.wojoer.de\/wp-content\/uploads\/2022\/06\/S023-J001-0D-27-06-1.-Tropic-Jock-dehnbar-bunt-L-side-wojoer.jpg\",\"datePublished\":\"2025-10-13T08:03:44+00:00\",\"dateModified\":\"2026-02-24T18:18:26+00:00\",\"description\":\"Jock for swimming. The flimsy, slightly transparent BEUN Basic Pants is silky soft on the skin & is available in 3 fantastic colors.\",\"breadcrumb\":{\"@id\":\"https:\/\/www.wojoer.de\/produkt\/tropic-jock-strap-j001\/#breadcrumb\"},\"inLanguage\":\"en-GB\",\"potentialAction\":[{\"@type\":\"ReadAction\",\"target\":[\"https:\/\/www.wojoer.de\/produkt\/tropic-jock-strap-j001\/\"]}]},{\"@type\":\"ImageObject\",\"inLanguage\":\"en-GB\",\"@id\":\"https:\/\/www.wojoer.de\/produkt\/tropic-jock-strap-j001\/#primaryimage\",\"url\":\"https:\/\/www.wojoer.de\/wp-content\/uploads\/2022\/06\/S023-J001-0D-27-06-1.-Tropic-Jock-dehnbar-bunt-L-side-wojoer.jpg\",\"contentUrl\":\"https:\/\/www.wojoer.de\/wp-content\/uploads\/2022\/06\/S023-J001-0D-27-06-1.-Tropic-Jock-dehnbar-bunt-L-side-wojoer.jpg\",\"width\":2002,\"height\":2002},{\"@type\":\"BreadcrumbList\",\"@id\":\"https:\/\/www.wojoer.de\/produkt\/tropic-jock-strap-j001\/#breadcrumb\",\"itemListElement\":[{\"@type\":\"ListItem\",\"position\":1,\"name\":\"Startseite\",\"item\":\"https:\/\/www.wojoer.de\/\"},{\"@type\":\"ListItem\",\"position\":2,\"name\":\"SHOP\",\"item\":\"https:\/\/www.wojoer.de\/shop\/\"},{\"@type\":\"ListItem\",\"position\":3,\"name\":\"Tropic Jock Strap\"}]},{\"@type\":\"WebSite\",\"@id\":\"https:\/\/www.wojoer.de\/#website\",\"url\":\"https:\/\/www.wojoer.de\/\",\"name\":\"WOJOER\",\"description\":\"clubwear for men\",\"publisher\":{\"@id\":\"https:\/\/www.wojoer.de\/#organization\"},\"potentialAction\":[{\"@type\":\"SearchAction\",\"target\":{\"@type\":\"EntryPoint\",\"urlTemplate\":\"https:\/\/www.wojoer.de\/?s={search_term_string}\"},\"query-input\":{\"@type\":\"PropertyValueSpecification\",\"valueRequired\":true,\"valueName\":\"search_term_string\"}}],\"inLanguage\":\"en-GB\"},{\"@type\":\"Organization\",\"@id\":\"https:\/\/www.wojoer.de\/#organization\",\"name\":\"Wonneberger-Manufaktur\",\"url\":\"https:\/\/www.wojoer.de\/\",\"logo\":{\"@type\":\"ImageObject\",\"inLanguage\":\"en-GB\",\"@id\":\"https:\/\/www.wojoer.de\/#\/schema\/logo\/image\/\",\"url\":\"https:\/\/www.wojoer.de\/wp-content\/uploads\/2016\/11\/wonnebergermanufaktur_logo_BUTTON.png\",\"contentUrl\":\"https:\/\/www.wojoer.de\/wp-content\/uploads\/2016\/11\/wonnebergermanufaktur_logo_BUTTON.png\",\"width\":765,\"height\":765,\"caption\":\"Wonneberger-Manufaktur\"},\"image\":{\"@id\":\"https:\/\/www.wojoer.de\/#\/schema\/logo\/image\/\"},\"sameAs\":[\"https:\/\/www.facebook.com\/wojoer\/\",\"https:\/\/de.pinterest.com\/W0J0ER\/\"]}]}<\/script>\n<!-- \/ Yoast SEO plugin. -->","yoast_head_json":{"title":"jock | Beun | Branded |Beach & Underwear flimsy | comfortable","description":"Jock for swimming. The flimsy, slightly transparent BEUN Basic Pants is silky soft on the skin & is available in 3 fantastic colors.","robots":{"index":"index","follow":"follow","max-snippet":"max-snippet:-1","max-image-preview":"max-image-preview:large","max-video-preview":"max-video-preview:-1"},"canonical":"https:\/\/www.wojoer.de\/en\/produkt\/tropic-jock-strap-j001\/","twitter_card":"summary_large_image","twitter_title":"[:de]Jock strap | tropic | Beachwear ONLYforME in kleiner Auflage[:en]jock | Beun | Branded |Beach & Underwear flimsy | comfortable[:]","twitter_description":"[:de]Der angenehm st\u00fctzende tropic Jock Strap liegt seidig weich auf der Haut & hat einen weichen BRANDED \"WOJOER\" Bund. Nur solange der Vprrat reicht. Jetzt versankostenfrei innerhalb Deutschlands online bestellen.[:en]Jock for swimming. The flimsy, slightly transparent BEUN Basic Pants is silky soft on the skin & is available in 3 fantastic colors.[:]","twitter_image":"https:\/\/www.wojoer.de\/wp-content\/uploads\/2022\/06\/S023-J001-0D-27-06-1.-Tropic-Jock-dehnbar-bunt-L-side-wojoer.jpg","twitter_misc":{"Estimated reading time":"1 minute"},"schema":{"@context":"https:\/\/schema.org","@graph":[{"@type":"WebPage","@id":"https:\/\/www.wojoer.de\/produkt\/tropic-jock-strap-j001\/","url":"https:\/\/www.wojoer.de\/produkt\/tropic-jock-strap-j001\/","name":"jock | Beun | Branded |Beach & Underwear flimsy | comfortable","isPartOf":{"@id":"https:\/\/www.wojoer.de\/#website"},"primaryImageOfPage":{"@id":"https:\/\/www.wojoer.de\/produkt\/tropic-jock-strap-j001\/#primaryimage"},"image":{"@id":"https:\/\/www.wojoer.de\/produkt\/tropic-jock-strap-j001\/#primaryimage"},"thumbnailUrl":"https:\/\/www.wojoer.de\/wp-content\/uploads\/2022\/06\/S023-J001-0D-27-06-1.-Tropic-Jock-dehnbar-bunt-L-side-wojoer.jpg","datePublished":"2025-10-13T08:03:44+00:00","dateModified":"2026-02-24T18:18:26+00:00","description":"Jock for swimming. The flimsy, slightly transparent BEUN Basic Pants is silky soft on the skin & is available in 3 fantastic colors.","breadcrumb":{"@id":"https:\/\/www.wojoer.de\/produkt\/tropic-jock-strap-j001\/#breadcrumb"},"inLanguage":"en-GB","potentialAction":[{"@type":"ReadAction","target":["https:\/\/www.wojoer.de\/produkt\/tropic-jock-strap-j001\/"]}]},{"@type":"ImageObject","inLanguage":"en-GB","@id":"https:\/\/www.wojoer.de\/produkt\/tropic-jock-strap-j001\/#primaryimage","url":"https:\/\/www.wojoer.de\/wp-content\/uploads\/2022\/06\/S023-J001-0D-27-06-1.-Tropic-Jock-dehnbar-bunt-L-side-wojoer.jpg","contentUrl":"https:\/\/www.wojoer.de\/wp-content\/uploads\/2022\/06\/S023-J001-0D-27-06-1.-Tropic-Jock-dehnbar-bunt-L-side-wojoer.jpg","width":2002,"height":2002},{"@type":"BreadcrumbList","@id":"https:\/\/www.wojoer.de\/produkt\/tropic-jock-strap-j001\/#breadcrumb","itemListElement":[{"@type":"ListItem","position":1,"name":"Startseite","item":"https:\/\/www.wojoer.de\/"},{"@type":"ListItem","position":2,"name":"SHOP","item":"https:\/\/www.wojoer.de\/shop\/"},{"@type":"ListItem","position":3,"name":"Tropic Jock Strap"}]},{"@type":"WebSite","@id":"https:\/\/www.wojoer.de\/#website","url":"https:\/\/www.wojoer.de\/","name":"WOJOER","description":"clubwear for men","publisher":{"@id":"https:\/\/www.wojoer.de\/#organization"},"potentialAction":[{"@type":"SearchAction","target":{"@type":"EntryPoint","urlTemplate":"https:\/\/www.wojoer.de\/?s={search_term_string}"},"query-input":{"@type":"PropertyValueSpecification","valueRequired":true,"valueName":"search_term_string"}}],"inLanguage":"en-GB"},{"@type":"Organization","@id":"https:\/\/www.wojoer.de\/#organization","name":"Wonneberger-Manufaktur","url":"https:\/\/www.wojoer.de\/","logo":{"@type":"ImageObject","inLanguage":"en-GB","@id":"https:\/\/www.wojoer.de\/#\/schema\/logo\/image\/","url":"https:\/\/www.wojoer.de\/wp-content\/uploads\/2016\/11\/wonnebergermanufaktur_logo_BUTTON.png","contentUrl":"https:\/\/www.wojoer.de\/wp-content\/uploads\/2016\/11\/wonnebergermanufaktur_logo_BUTTON.png","width":765,"height":765,"caption":"Wonneberger-Manufaktur"},"image":{"@id":"https:\/\/www.wojoer.de\/#\/schema\/logo\/image\/"},"sameAs":["https:\/\/www.facebook.com\/wojoer\/","https:\/\/de.pinterest.com\/W0J0ER\/"]}]}},"_links":{"self":[{"href":"https:\/\/www.wojoer.de\/en\/wp-json\/wp\/v2\/product\/38333","targetHints":{"allow":["GET"]}}],"collection":[{"href":"https:\/\/www.wojoer.de\/en\/wp-json\/wp\/v2\/product"}],"about":[{"href":"https:\/\/www.wojoer.de\/en\/wp-json\/wp\/v2\/types\/product"}],"replies":[{"embeddable":true,"href":"https:\/\/www.wojoer.de\/en\/wp-json\/wp\/v2\/comments?post=38333"}],"wp:featuredmedia":[{"embeddable":true,"href":"https:\/\/www.wojoer.de\/en\/wp-json\/wp\/v2\/media\/40338"}],"wp:attachment":[{"href":"https:\/\/www.wojoer.de\/en\/wp-json\/wp\/v2\/media?parent=38333"}],"wp:term":[{"taxonomy":"product_brand","embeddable":true,"href":"https:\/\/www.wojoer.de\/en\/wp-json\/wp\/v2\/product_brand?post=38333"},{"taxonomy":"product_cat","embeddable":true,"href":"https:\/\/www.wojoer.de\/en\/wp-json\/wp\/v2\/product_cat?post=38333"},{"taxonomy":"product_tag","embeddable":true,"href":"https:\/\/www.wojoer.de\/en\/wp-json\/wp\/v2\/product_tag?post=38333"}],"curies":[{"name":"wp","href":"https:\/\/api.w.org\/{rel}","templated":true}]}}