{"id":38373,"date":"2022-06-13T13:42:20","date_gmt":"2022-06-13T11:42:20","guid":{"rendered":"https:\/\/www.wojoer.de\/?post_type=product&#038;p=38373"},"modified":"2024-08-29T08:52:32","modified_gmt":"2024-08-29T06:52:32","slug":"leatherlike-strap-body-380s11","status":"publish","type":"product","link":"https:\/\/www.wojoer.de\/en\/produkt\/leatherlike-strap-body-380s11\/","title":{"rendered":"Leatherlike Strap-Body"},"content":{"rendered":"<p>Immer vorr\u00e4tig, denn der Leatherlike Strap Body 380S11 ist Never-Out-of-Stock und geh\u00f6rt damit zu den Wojoer NOS-Produkten.<\/p>\n<h3>Gr\u00f6\u00dfen<\/h3>\n<p>Erh\u00e4ltlich in den Gr\u00f6\u00dfen Unisize<\/p>\n<h3>Materialzusammensetzung<\/h3>\n<p>82% Polyester\u00a0 8% Elasthan<\/p>\n<h3>Besonderheiten<\/h3>\n<p><a href=\"http:\/\/www.wojoer.de\/?s=nos&#038;post_type=product\">NOS Produkt<\/a> | gl\u00e4nzend matte Oberfl\u00e4chenoptik | Fetish | hautfreundliche schwarze Innenkaschierung |\u00a0 dehnbar | hauteng | hochwertige Verarbeitung &#8220;Made in Germany&#8221;<\/p>\n<h3>Benutzerhinweise<\/h3>\n<p>Handw\u00e4sche<\/p>\n<h3>Leatherlike Strap-Body men &#8211; BEACH &#038; CLUBWEAR\u00a0 | Anzug | Body | String | Borat Body | Mankini<\/h3>\n<p>Nichts ist erotischer als eine knapp verh\u00fcllende Edel-Verpackung! Und du bist die Praline, die darauf wartet ausgepackt zu werden. Der Leatherlike Strap-Body ist nicht einfach nur ein hochwertig matt-schwarzer Mankini. Er ist durch sein erregend edles Rubbermatetial, wie ein lustvolles Versprechen. Man muss dich mit ihm einfach ber\u00fchren wollen und seinen Linien zum Zentrum folgen, nur um am Ende auf deine harte M\u00e4nnlichkeit zu sto\u00dfen. Indem du ihn tragen kannst, wie du willst, entweder hochgezogen pushend mit tiefem Y am Po oder vorn dezent gesenkt und mit hohem Y von hinten macht er deinen K\u00f6rper zu einem atemberaubenden Blickfang ganz nach deinem Geschmack. Lass dir dieses Abenteuer nicht entgehen und f\u00fchl dich immer \u00fcberraschend bereit!<\/p>\n","protected":false},"excerpt":{"rendered":"<p>Immer vorr\u00e4tig, denn der Leatherlike Strap Body 380S11 ist Never-Out-of-Stock und geh\u00f6rt damit zu den Wojoer NOS-Produkten.<br \/>\nGr\u00f6\u00dfen<br \/>\nErh\u00e4ltlich in den Gr\u00f6\u00dfen Unisize<br \/>\nMaterialzusammensetzung<br \/>\n82% Polyester\u00a0 8% Elasthan<br \/>\nBesonderheiten<br \/>\nNOS Produkt | gl\u00e4nzend matte Oberfl\u00e4chenoptik | Fetish | hautfreundliche schwarze Innenkaschierung |\u00a0 dehnbar | hauteng |\u2026<\/p>\n","protected":false},"featured_media":38372,"comment_status":"open","ping_status":"closed","template":"","meta":[],"product_brand":[],"product_cat":[116,114,169,473,326],"product_tag":[186,194,119],"class_list":{"0":"post-38373","1":"product","2":"type-product","3":"status-publish","4":"has-post-thumbnail","6":"product_cat-clubwear","7":"product_cat-fetisch","8":"product_cat-nos-never-out-of-stock","9":"product_cat-men","10":"product_cat-wojoer","11":"product_tag-body","12":"product_tag-leatherlike","13":"product_tag-string","14":"product_shipping_class-beun","15":"pa_farbe-schwarz","16":"pa_groesse-unisize","17":"pif-has-gallery","18":"post-1","19":"odd","21":"first","22":"onbackorder","23":"featured","24":"taxable","25":"shipping-taxable","26":"purchasable","27":"product-type-variable"},"yoast_head":"<!-- This site is optimized with the Yoast SEO plugin v27.2 - https:\/\/yoast.com\/product\/yoast-seo-wordpress\/ -->\n<title>mankini veganes leatherlike | fetish &amp; clubwear | edeler Mattglanz<\/title>\n<meta name=\"description\" content=\"Mankini von Wojoer ist ein Leatherlike-Strap-Body, hauchd\u00fcnn, von innen weich und dehnbar. Als Ouvert oder Geschlossene Variante erh\u00e4ltlich. Jetzt versandkostenfrei innerhalb Deutschlands online bestellen.\" \/>\n<meta name=\"robots\" content=\"index, follow, max-snippet:-1, max-image-preview:large, max-video-preview:-1\" \/>\n<link rel=\"canonical\" href=\"https:\/\/www.wojoer.de\/en\/produkt\/leatherlike-strap-body-380s11\/\" \/>\n<meta name=\"twitter:card\" content=\"summary_large_image\" \/>\n<meta name=\"twitter:title\" content=\"mankini veganes leatherlike | fetish &amp; clubwear | edeler Mattglanz\" \/>\n<meta name=\"twitter:description\" content=\"Mankini von Wojoer ist ein Leatherlike-Strap-Body, hauchd\u00fcnn, von innen weich und dehnbar. Als Ouvert oder Geschlossene Variante erh\u00e4ltlich. Jetzt versandkostenfrei innerhalb Deutschlands online bestellen.\" \/>\n<meta name=\"twitter:image\" content=\"https:\/\/www.wojoer.de\/wp-content\/uploads\/2022\/04\/FLS11B_Leatherlike_StrapBody_side_wojoer.jpg\" \/>\n<meta name=\"twitter:label1\" content=\"Estimated reading time\" \/>\n\t<meta name=\"twitter:data1\" content=\"2 minutes\" \/>\n<script type=\"application\/ld+json\" class=\"yoast-schema-graph\">{\"@context\":\"https:\/\/schema.org\",\"@graph\":[{\"@type\":\"WebPage\",\"@id\":\"https:\/\/www.wojoer.de\/produkt\/leatherlike-strap-body-380s11\/\",\"url\":\"https:\/\/www.wojoer.de\/produkt\/leatherlike-strap-body-380s11\/\",\"name\":\"mankini veganes leatherlike | fetish & clubwear | edeler Mattglanz\",\"isPartOf\":{\"@id\":\"https:\/\/www.wojoer.de\/#website\"},\"primaryImageOfPage\":{\"@id\":\"https:\/\/www.wojoer.de\/produkt\/leatherlike-strap-body-380s11\/#primaryimage\"},\"image\":{\"@id\":\"https:\/\/www.wojoer.de\/produkt\/leatherlike-strap-body-380s11\/#primaryimage\"},\"thumbnailUrl\":\"https:\/\/www.wojoer.de\/wp-content\/uploads\/2022\/04\/FLS11B_Leatherlike_StrapBody_side_wojoer.jpg\",\"datePublished\":\"2022-06-13T11:42:20+00:00\",\"dateModified\":\"2024-08-29T06:52:32+00:00\",\"description\":\"Mankini von Wojoer ist ein Leatherlike-Strap-Body, hauchd\u00fcnn, von innen weich und dehnbar. Als Ouvert oder Geschlossene Variante erh\u00e4ltlich. Jetzt versandkostenfrei innerhalb Deutschlands online bestellen.\",\"breadcrumb\":{\"@id\":\"https:\/\/www.wojoer.de\/produkt\/leatherlike-strap-body-380s11\/#breadcrumb\"},\"inLanguage\":\"en-GB\",\"potentialAction\":[{\"@type\":\"ReadAction\",\"target\":[\"https:\/\/www.wojoer.de\/produkt\/leatherlike-strap-body-380s11\/\"]}]},{\"@type\":\"ImageObject\",\"inLanguage\":\"en-GB\",\"@id\":\"https:\/\/www.wojoer.de\/produkt\/leatherlike-strap-body-380s11\/#primaryimage\",\"url\":\"https:\/\/www.wojoer.de\/wp-content\/uploads\/2022\/04\/FLS11B_Leatherlike_StrapBody_side_wojoer.jpg\",\"contentUrl\":\"https:\/\/www.wojoer.de\/wp-content\/uploads\/2022\/04\/FLS11B_Leatherlike_StrapBody_side_wojoer.jpg\",\"width\":1895,\"height\":1895},{\"@type\":\"BreadcrumbList\",\"@id\":\"https:\/\/www.wojoer.de\/produkt\/leatherlike-strap-body-380s11\/#breadcrumb\",\"itemListElement\":[{\"@type\":\"ListItem\",\"position\":1,\"name\":\"Startseite\",\"item\":\"https:\/\/www.wojoer.de\/\"},{\"@type\":\"ListItem\",\"position\":2,\"name\":\"SHOP\",\"item\":\"https:\/\/www.wojoer.de\/shop\/\"},{\"@type\":\"ListItem\",\"position\":3,\"name\":\"Leatherlike Strap-Body\"}]},{\"@type\":\"WebSite\",\"@id\":\"https:\/\/www.wojoer.de\/#website\",\"url\":\"https:\/\/www.wojoer.de\/\",\"name\":\"WOJOER\",\"description\":\"clubwear for men\",\"publisher\":{\"@id\":\"https:\/\/www.wojoer.de\/#organization\"},\"potentialAction\":[{\"@type\":\"SearchAction\",\"target\":{\"@type\":\"EntryPoint\",\"urlTemplate\":\"https:\/\/www.wojoer.de\/?s={search_term_string}\"},\"query-input\":{\"@type\":\"PropertyValueSpecification\",\"valueRequired\":true,\"valueName\":\"search_term_string\"}}],\"inLanguage\":\"en-GB\"},{\"@type\":\"Organization\",\"@id\":\"https:\/\/www.wojoer.de\/#organization\",\"name\":\"Wonneberger-Manufaktur\",\"url\":\"https:\/\/www.wojoer.de\/\",\"logo\":{\"@type\":\"ImageObject\",\"inLanguage\":\"en-GB\",\"@id\":\"https:\/\/www.wojoer.de\/#\/schema\/logo\/image\/\",\"url\":\"https:\/\/www.wojoer.de\/wp-content\/uploads\/2016\/11\/wonnebergermanufaktur_logo_BUTTON.png\",\"contentUrl\":\"https:\/\/www.wojoer.de\/wp-content\/uploads\/2016\/11\/wonnebergermanufaktur_logo_BUTTON.png\",\"width\":765,\"height\":765,\"caption\":\"Wonneberger-Manufaktur\"},\"image\":{\"@id\":\"https:\/\/www.wojoer.de\/#\/schema\/logo\/image\/\"},\"sameAs\":[\"https:\/\/www.facebook.com\/wojoer\/\",\"https:\/\/de.pinterest.com\/W0J0ER\/\"]}]}<\/script>\n<!-- \/ Yoast SEO plugin. -->","yoast_head_json":{"title":"mankini veganes leatherlike | fetish & clubwear | edeler Mattglanz","description":"Mankini von Wojoer ist ein Leatherlike-Strap-Body, hauchd\u00fcnn, von innen weich und dehnbar. Als Ouvert oder Geschlossene Variante erh\u00e4ltlich. Jetzt versandkostenfrei innerhalb Deutschlands online bestellen.","robots":{"index":"index","follow":"follow","max-snippet":"max-snippet:-1","max-image-preview":"max-image-preview:large","max-video-preview":"max-video-preview:-1"},"canonical":"https:\/\/www.wojoer.de\/en\/produkt\/leatherlike-strap-body-380s11\/","twitter_card":"summary_large_image","twitter_title":"[:de]mankini veganes leatherlike | fetish & clubwear | edeler Mattglanz[:]","twitter_description":"[:de]Mankini von Wojoer ist ein Leatherlike-Strap-Body, hauchd\u00fcnn, von innen weich und dehnbar. Als Ouvert oder Geschlossene Variante erh\u00e4ltlich. Jetzt versandkostenfrei innerhalb Deutschlands online bestellen.[:]","twitter_image":"https:\/\/www.wojoer.de\/wp-content\/uploads\/2022\/04\/FLS11B_Leatherlike_StrapBody_side_wojoer.jpg","twitter_misc":{"Estimated reading time":"2 minutes"},"schema":{"@context":"https:\/\/schema.org","@graph":[{"@type":"WebPage","@id":"https:\/\/www.wojoer.de\/produkt\/leatherlike-strap-body-380s11\/","url":"https:\/\/www.wojoer.de\/produkt\/leatherlike-strap-body-380s11\/","name":"mankini veganes leatherlike | fetish & clubwear | edeler Mattglanz","isPartOf":{"@id":"https:\/\/www.wojoer.de\/#website"},"primaryImageOfPage":{"@id":"https:\/\/www.wojoer.de\/produkt\/leatherlike-strap-body-380s11\/#primaryimage"},"image":{"@id":"https:\/\/www.wojoer.de\/produkt\/leatherlike-strap-body-380s11\/#primaryimage"},"thumbnailUrl":"https:\/\/www.wojoer.de\/wp-content\/uploads\/2022\/04\/FLS11B_Leatherlike_StrapBody_side_wojoer.jpg","datePublished":"2022-06-13T11:42:20+00:00","dateModified":"2024-08-29T06:52:32+00:00","description":"Mankini von Wojoer ist ein Leatherlike-Strap-Body, hauchd\u00fcnn, von innen weich und dehnbar. Als Ouvert oder Geschlossene Variante erh\u00e4ltlich. Jetzt versandkostenfrei innerhalb Deutschlands online bestellen.","breadcrumb":{"@id":"https:\/\/www.wojoer.de\/produkt\/leatherlike-strap-body-380s11\/#breadcrumb"},"inLanguage":"en-GB","potentialAction":[{"@type":"ReadAction","target":["https:\/\/www.wojoer.de\/produkt\/leatherlike-strap-body-380s11\/"]}]},{"@type":"ImageObject","inLanguage":"en-GB","@id":"https:\/\/www.wojoer.de\/produkt\/leatherlike-strap-body-380s11\/#primaryimage","url":"https:\/\/www.wojoer.de\/wp-content\/uploads\/2022\/04\/FLS11B_Leatherlike_StrapBody_side_wojoer.jpg","contentUrl":"https:\/\/www.wojoer.de\/wp-content\/uploads\/2022\/04\/FLS11B_Leatherlike_StrapBody_side_wojoer.jpg","width":1895,"height":1895},{"@type":"BreadcrumbList","@id":"https:\/\/www.wojoer.de\/produkt\/leatherlike-strap-body-380s11\/#breadcrumb","itemListElement":[{"@type":"ListItem","position":1,"name":"Startseite","item":"https:\/\/www.wojoer.de\/"},{"@type":"ListItem","position":2,"name":"SHOP","item":"https:\/\/www.wojoer.de\/shop\/"},{"@type":"ListItem","position":3,"name":"Leatherlike Strap-Body"}]},{"@type":"WebSite","@id":"https:\/\/www.wojoer.de\/#website","url":"https:\/\/www.wojoer.de\/","name":"WOJOER","description":"clubwear for men","publisher":{"@id":"https:\/\/www.wojoer.de\/#organization"},"potentialAction":[{"@type":"SearchAction","target":{"@type":"EntryPoint","urlTemplate":"https:\/\/www.wojoer.de\/?s={search_term_string}"},"query-input":{"@type":"PropertyValueSpecification","valueRequired":true,"valueName":"search_term_string"}}],"inLanguage":"en-GB"},{"@type":"Organization","@id":"https:\/\/www.wojoer.de\/#organization","name":"Wonneberger-Manufaktur","url":"https:\/\/www.wojoer.de\/","logo":{"@type":"ImageObject","inLanguage":"en-GB","@id":"https:\/\/www.wojoer.de\/#\/schema\/logo\/image\/","url":"https:\/\/www.wojoer.de\/wp-content\/uploads\/2016\/11\/wonnebergermanufaktur_logo_BUTTON.png","contentUrl":"https:\/\/www.wojoer.de\/wp-content\/uploads\/2016\/11\/wonnebergermanufaktur_logo_BUTTON.png","width":765,"height":765,"caption":"Wonneberger-Manufaktur"},"image":{"@id":"https:\/\/www.wojoer.de\/#\/schema\/logo\/image\/"},"sameAs":["https:\/\/www.facebook.com\/wojoer\/","https:\/\/de.pinterest.com\/W0J0ER\/"]}]}},"_links":{"self":[{"href":"https:\/\/www.wojoer.de\/en\/wp-json\/wp\/v2\/product\/38373","targetHints":{"allow":["GET"]}}],"collection":[{"href":"https:\/\/www.wojoer.de\/en\/wp-json\/wp\/v2\/product"}],"about":[{"href":"https:\/\/www.wojoer.de\/en\/wp-json\/wp\/v2\/types\/product"}],"replies":[{"embeddable":true,"href":"https:\/\/www.wojoer.de\/en\/wp-json\/wp\/v2\/comments?post=38373"}],"wp:featuredmedia":[{"embeddable":true,"href":"https:\/\/www.wojoer.de\/en\/wp-json\/wp\/v2\/media\/38372"}],"wp:attachment":[{"href":"https:\/\/www.wojoer.de\/en\/wp-json\/wp\/v2\/media?parent=38373"}],"wp:term":[{"taxonomy":"product_brand","embeddable":true,"href":"https:\/\/www.wojoer.de\/en\/wp-json\/wp\/v2\/product_brand?post=38373"},{"taxonomy":"product_cat","embeddable":true,"href":"https:\/\/www.wojoer.de\/en\/wp-json\/wp\/v2\/product_cat?post=38373"},{"taxonomy":"product_tag","embeddable":true,"href":"https:\/\/www.wojoer.de\/en\/wp-json\/wp\/v2\/product_tag?post=38373"}],"curies":[{"name":"wp","href":"https:\/\/api.w.org\/{rel}","templated":true}]}}