{"id":38562,"date":"2023-10-30T10:10:38","date_gmt":"2023-10-30T09:10:38","guid":{"rendered":"https:\/\/www.wojoer.de\/?post_type=product&#038;p=38562"},"modified":"2026-01-05T11:13:28","modified_gmt":"2026-01-05T10:13:28","slug":"wetlook-weste-mit-reissverschluss-wetw1","status":"publish","type":"product","link":"https:\/\/www.wojoer.de\/en\/produkt\/wetlook-weste-mit-reissverschluss-wetw1\/","title":{"rendered":"WETLEATHER Vinyl Weste"},"content":{"rendered":"<p>Die Glossy Lack Weste aus schwarzem Wet Leather 365W1 geh\u00f6rt zu den Wojoer LIVE-Produkten. Sie werden ab Bestellung bei uns produziert, dadurch k\u00f6nnen wir auf Kundenw\u00fcnsche individuell eingehen.<\/p>\n<h3>Gr\u00f6\u00dfen<\/h3>\n<p>Erh\u00e4ltlich in den Gr\u00f6\u00dfen S, M, L, XL<\/p>\n<h3>Materialzusammensetzung<\/h3>\n<p>WETLEATHER, super dehnbares, leicht strukturiertes Leatherlike mit Lackglanz: 95% Viskose, 5% Elasthan | 100% Polyester<\/p>\n<h3>Besonderheiten<\/h3>\n<p><a href=\"http:\/\/www.wojoer.de\/?s=LIVE&#038;post_type=product\">LIVE-Produkt<\/a>\u00a0 | hautenge aber sehr flexible Passform\u00a0 | glossy Kunstleder | 2-Wege- Rei\u00dfverschluss teilbar | m\u00e4nnlich kantiger Ausschnitt | hochwertige Verarbeitung &#8220;Made in Germany&#8221;<\/p>\n<h3>Benutzerhinweise<\/h3>\n<p>Handw\u00e4sche | seperat von hellen und anderen, beschichteten Textilien lagern | nur mit dazwischen gelegtes Papier zusammenlegen oder locker auf einem B\u00fcgel h\u00e4ngen<\/p>\n<h3>WETLEATHER WESTE &#8211; super flexible hochglanz Lackweste<\/h3>\n<p>Hei\u00dfer Lack f\u00fcr deinen K\u00f6rper, das ist die Wetleather Weste. Sie scheint fl\u00fcssig \u00fcber deine Brust zu flie\u00dfen und l\u00e4sst so jede einzelne deiner sexy Kurven im Glanz erstrahlen. Denn Das Wetleather ist ein aufregendes, glossy Material. Es ist die perfekte Synthese zwischen einem wunderbar dehnbaren Leatherlike und einem berauschend gl\u00e4nzenden Lack. Ein Traum f\u00fcr die Sinne. Immerhin l\u00e4sst die Weste den Tr\u00e4ger in einem angenehm weichen Tragekomfort schwelgen. Andererseits verf\u00fchrt der Glanz dazu ber\u00fchrt zu werden. Und wenn dein Gegen\u00fcber seine Finger \u00fcber dich gleiten l\u00e4sst, wird euch beiden klar, wie berauschend dieses Outfit wirkt. Dazu kommt der m\u00e4nnlich breite Ausschnitt, der deinen Oberk\u00f6rper maskulin in Szene setzt. Und der Zwei-Wege-Rei\u00dfverschluss, mit dem die Weste zu einem verspielten Toy gemacht werden kann. \u00dcbrigens ein sicheres Spielzeug, denn sein Untertritt sch\u00fctzt dich vor unangenehmem Einklemmen. Lass dich \u00fcberzeugen von diesem Formen-Booster, der dir die Aufmerksamkeit zukommen l\u00e4sst, die dir geb\u00fchrt.<br \/>\nSo richtig geil wirkt die Weste vor allem in Kombination mit dem <a href=\"https:\/\/www.wojoer.de\/produkt\/wetleather-herren-rock-jock\/\">Wetleather Jock-Rock<\/a> und der Rebell-Maske.<\/p>\n","protected":false},"excerpt":{"rendered":"<p>Die\u00a0 Weste aus schwarzem Wetlook WETW1\u00a0 0101-T100- geh\u00f6rt zu den Wojoer LIVE-Produkten. Diese Weste ist in nur geringer St\u00fcckzahl erh\u00e4ltlich.<br \/>\nGr\u00f6\u00dfen<br \/>\nErh\u00e4ltlich in den Gr\u00f6\u00dfen\u00a0 XL<br \/>\nMaterialzusammensetzung<br \/>\nWETLOOK, super dehnbares, leicht strukturiertes Leatherlike mit Lackglanz: 95% Viskose, 5% Elasthan | 100% Polyester<br \/>\nBesonderheiten<br \/>\nLIVE-Produkt\u00a0 | hautenge\u2026<\/p>\n","protected":false},"featured_media":10780,"comment_status":"open","ping_status":"closed","template":"","meta":[],"product_brand":[],"product_cat":[114,473,195,326],"product_tag":[560,1060,189,856,857,247],"class_list":{"0":"post-38562","1":"product","2":"type-product","3":"status-publish","4":"has-post-thumbnail","6":"product_cat-fetisch","7":"product_cat-men","8":"product_cat-produktion-auf-bestellung-liveproduktion","9":"product_cat-wojoer","10":"product_tag-glaenzend","11":"product_tag-jock","12":"product_tag-reissverschluss","13":"product_tag-shirt","14":"product_tag-weste","15":"product_tag-wetlook","16":"pa_groesse-l","17":"pa_groesse-m","18":"pa_groesse-s","19":"pa_groesse-xl","20":"pif-has-gallery","21":"post-1","22":"odd","24":"first","25":"instock","26":"taxable","27":"shipping-taxable","28":"purchasable","29":"product-type-variable"},"yoast_head":"<!-- This site is optimized with the Yoast SEO plugin v27.2 - https:\/\/yoast.com\/product\/yoast-seo-wordpress\/ -->\n<title>Wetlook Weste | Letherlike | Knapp | WOJOER<\/title>\n<meta name=\"description\" content=\"Wetlook Letherlike, Kunstleder, String, Mini Tanga. Jetzt online versandkostenfrei innerhalb Deutschlands bestellen.\" \/>\n<meta name=\"robots\" content=\"index, follow, max-snippet:-1, max-image-preview:large, max-video-preview:-1\" \/>\n<link rel=\"canonical\" href=\"https:\/\/www.wojoer.de\/en\/produkt\/wetlook-weste-mit-reissverschluss-wetw1\/\" \/>\n<meta name=\"twitter:card\" content=\"summary_large_image\" \/>\n<meta name=\"twitter:title\" content=\"Wetlook Weste | Letherlike | Knapp | WOJOER\" \/>\n<meta name=\"twitter:description\" content=\"Wetlook Letherlike, Kunstleder, String, Mini Tanga. Jetzt online versandkostenfrei innerhalb Deutschlands bestellen.\" \/>\n<meta name=\"twitter:image\" content=\"https:\/\/www.wojoer.de\/wp-content\/uploads\/2018\/07\/365W1_wetleather_Weste_wojoer.jpg\" \/>\n<meta name=\"twitter:label1\" content=\"Estimated reading time\" \/>\n\t<meta name=\"twitter:data1\" content=\"2 minutes\" \/>\n<script type=\"application\/ld+json\" class=\"yoast-schema-graph\">{\"@context\":\"https:\/\/schema.org\",\"@graph\":[{\"@type\":\"WebPage\",\"@id\":\"https:\/\/www.wojoer.de\/produkt\/wetlook-weste-mit-reissverschluss-wetw1\/\",\"url\":\"https:\/\/www.wojoer.de\/produkt\/wetlook-weste-mit-reissverschluss-wetw1\/\",\"name\":\"Wetlook Weste | Letherlike | Knapp | WOJOER\",\"isPartOf\":{\"@id\":\"https:\/\/www.wojoer.de\/#website\"},\"primaryImageOfPage\":{\"@id\":\"https:\/\/www.wojoer.de\/produkt\/wetlook-weste-mit-reissverschluss-wetw1\/#primaryimage\"},\"image\":{\"@id\":\"https:\/\/www.wojoer.de\/produkt\/wetlook-weste-mit-reissverschluss-wetw1\/#primaryimage\"},\"thumbnailUrl\":\"https:\/\/www.wojoer.de\/wp-content\/uploads\/2018\/07\/365W1_wetleather_Weste_wojoer.jpg\",\"datePublished\":\"2023-10-30T09:10:38+00:00\",\"dateModified\":\"2026-01-05T10:13:28+00:00\",\"description\":\"Wetlook Letherlike, Kunstleder, String, Mini Tanga. Jetzt online versandkostenfrei innerhalb Deutschlands bestellen.\",\"breadcrumb\":{\"@id\":\"https:\/\/www.wojoer.de\/produkt\/wetlook-weste-mit-reissverschluss-wetw1\/#breadcrumb\"},\"inLanguage\":\"en-GB\",\"potentialAction\":[{\"@type\":\"ReadAction\",\"target\":[\"https:\/\/www.wojoer.de\/produkt\/wetlook-weste-mit-reissverschluss-wetw1\/\"]}]},{\"@type\":\"ImageObject\",\"inLanguage\":\"en-GB\",\"@id\":\"https:\/\/www.wojoer.de\/produkt\/wetlook-weste-mit-reissverschluss-wetw1\/#primaryimage\",\"url\":\"https:\/\/www.wojoer.de\/wp-content\/uploads\/2018\/07\/365W1_wetleather_Weste_wojoer.jpg\",\"contentUrl\":\"https:\/\/www.wojoer.de\/wp-content\/uploads\/2018\/07\/365W1_wetleather_Weste_wojoer.jpg\",\"width\":2002,\"height\":2002,\"caption\":\"wet leather shirt, schwarzer lack, glossy weste, glanz lack weste mit Rei\u00dfverschluss von Wojoer\"},{\"@type\":\"BreadcrumbList\",\"@id\":\"https:\/\/www.wojoer.de\/produkt\/wetlook-weste-mit-reissverschluss-wetw1\/#breadcrumb\",\"itemListElement\":[{\"@type\":\"ListItem\",\"position\":1,\"name\":\"Startseite\",\"item\":\"https:\/\/www.wojoer.de\/\"},{\"@type\":\"ListItem\",\"position\":2,\"name\":\"SHOP\",\"item\":\"https:\/\/www.wojoer.de\/shop\/\"},{\"@type\":\"ListItem\",\"position\":3,\"name\":\"WETLOOK Weste mit Rei\u00dfverschluss\"}]},{\"@type\":\"WebSite\",\"@id\":\"https:\/\/www.wojoer.de\/#website\",\"url\":\"https:\/\/www.wojoer.de\/\",\"name\":\"WOJOER\",\"description\":\"clubwear for men\",\"publisher\":{\"@id\":\"https:\/\/www.wojoer.de\/#organization\"},\"potentialAction\":[{\"@type\":\"SearchAction\",\"target\":{\"@type\":\"EntryPoint\",\"urlTemplate\":\"https:\/\/www.wojoer.de\/?s={search_term_string}\"},\"query-input\":{\"@type\":\"PropertyValueSpecification\",\"valueRequired\":true,\"valueName\":\"search_term_string\"}}],\"inLanguage\":\"en-GB\"},{\"@type\":\"Organization\",\"@id\":\"https:\/\/www.wojoer.de\/#organization\",\"name\":\"Wonneberger-Manufaktur\",\"url\":\"https:\/\/www.wojoer.de\/\",\"logo\":{\"@type\":\"ImageObject\",\"inLanguage\":\"en-GB\",\"@id\":\"https:\/\/www.wojoer.de\/#\/schema\/logo\/image\/\",\"url\":\"https:\/\/www.wojoer.de\/wp-content\/uploads\/2016\/11\/wonnebergermanufaktur_logo_BUTTON.png\",\"contentUrl\":\"https:\/\/www.wojoer.de\/wp-content\/uploads\/2016\/11\/wonnebergermanufaktur_logo_BUTTON.png\",\"width\":765,\"height\":765,\"caption\":\"Wonneberger-Manufaktur\"},\"image\":{\"@id\":\"https:\/\/www.wojoer.de\/#\/schema\/logo\/image\/\"},\"sameAs\":[\"https:\/\/www.facebook.com\/wojoer\/\",\"https:\/\/de.pinterest.com\/W0J0ER\/\"]}]}<\/script>\n<!-- \/ Yoast SEO plugin. -->","yoast_head_json":{"title":"Wetlook Weste | Letherlike | Knapp | WOJOER","description":"Wetlook Letherlike, Kunstleder, String, Mini Tanga. Jetzt online versandkostenfrei innerhalb Deutschlands bestellen.","robots":{"index":"index","follow":"follow","max-snippet":"max-snippet:-1","max-image-preview":"max-image-preview:large","max-video-preview":"max-video-preview:-1"},"canonical":"https:\/\/www.wojoer.de\/en\/produkt\/wetlook-weste-mit-reissverschluss-wetw1\/","twitter_card":"summary_large_image","twitter_title":"[:de]Wetlook Weste | Letherlike | Knapp | WOJOER[:]","twitter_description":"[:de]Wetlook Letherlike, Kunstleder, String, Mini Tanga. Jetzt online versandkostenfrei innerhalb Deutschlands bestellen.[:]","twitter_image":"https:\/\/www.wojoer.de\/wp-content\/uploads\/2018\/07\/365W1_wetleather_Weste_wojoer.jpg","twitter_misc":{"Estimated reading time":"2 minutes"},"schema":{"@context":"https:\/\/schema.org","@graph":[{"@type":"WebPage","@id":"https:\/\/www.wojoer.de\/produkt\/wetlook-weste-mit-reissverschluss-wetw1\/","url":"https:\/\/www.wojoer.de\/produkt\/wetlook-weste-mit-reissverschluss-wetw1\/","name":"Wetlook Weste | Letherlike | Knapp | WOJOER","isPartOf":{"@id":"https:\/\/www.wojoer.de\/#website"},"primaryImageOfPage":{"@id":"https:\/\/www.wojoer.de\/produkt\/wetlook-weste-mit-reissverschluss-wetw1\/#primaryimage"},"image":{"@id":"https:\/\/www.wojoer.de\/produkt\/wetlook-weste-mit-reissverschluss-wetw1\/#primaryimage"},"thumbnailUrl":"https:\/\/www.wojoer.de\/wp-content\/uploads\/2018\/07\/365W1_wetleather_Weste_wojoer.jpg","datePublished":"2023-10-30T09:10:38+00:00","dateModified":"2026-01-05T10:13:28+00:00","description":"Wetlook Letherlike, Kunstleder, String, Mini Tanga. Jetzt online versandkostenfrei innerhalb Deutschlands bestellen.","breadcrumb":{"@id":"https:\/\/www.wojoer.de\/produkt\/wetlook-weste-mit-reissverschluss-wetw1\/#breadcrumb"},"inLanguage":"en-GB","potentialAction":[{"@type":"ReadAction","target":["https:\/\/www.wojoer.de\/produkt\/wetlook-weste-mit-reissverschluss-wetw1\/"]}]},{"@type":"ImageObject","inLanguage":"en-GB","@id":"https:\/\/www.wojoer.de\/produkt\/wetlook-weste-mit-reissverschluss-wetw1\/#primaryimage","url":"https:\/\/www.wojoer.de\/wp-content\/uploads\/2018\/07\/365W1_wetleather_Weste_wojoer.jpg","contentUrl":"https:\/\/www.wojoer.de\/wp-content\/uploads\/2018\/07\/365W1_wetleather_Weste_wojoer.jpg","width":2002,"height":2002,"caption":"wet leather shirt, schwarzer lack, glossy weste, glanz lack weste mit Rei\u00dfverschluss von Wojoer"},{"@type":"BreadcrumbList","@id":"https:\/\/www.wojoer.de\/produkt\/wetlook-weste-mit-reissverschluss-wetw1\/#breadcrumb","itemListElement":[{"@type":"ListItem","position":1,"name":"Startseite","item":"https:\/\/www.wojoer.de\/"},{"@type":"ListItem","position":2,"name":"SHOP","item":"https:\/\/www.wojoer.de\/shop\/"},{"@type":"ListItem","position":3,"name":"WETLOOK Weste mit Rei\u00dfverschluss"}]},{"@type":"WebSite","@id":"https:\/\/www.wojoer.de\/#website","url":"https:\/\/www.wojoer.de\/","name":"WOJOER","description":"clubwear for men","publisher":{"@id":"https:\/\/www.wojoer.de\/#organization"},"potentialAction":[{"@type":"SearchAction","target":{"@type":"EntryPoint","urlTemplate":"https:\/\/www.wojoer.de\/?s={search_term_string}"},"query-input":{"@type":"PropertyValueSpecification","valueRequired":true,"valueName":"search_term_string"}}],"inLanguage":"en-GB"},{"@type":"Organization","@id":"https:\/\/www.wojoer.de\/#organization","name":"Wonneberger-Manufaktur","url":"https:\/\/www.wojoer.de\/","logo":{"@type":"ImageObject","inLanguage":"en-GB","@id":"https:\/\/www.wojoer.de\/#\/schema\/logo\/image\/","url":"https:\/\/www.wojoer.de\/wp-content\/uploads\/2016\/11\/wonnebergermanufaktur_logo_BUTTON.png","contentUrl":"https:\/\/www.wojoer.de\/wp-content\/uploads\/2016\/11\/wonnebergermanufaktur_logo_BUTTON.png","width":765,"height":765,"caption":"Wonneberger-Manufaktur"},"image":{"@id":"https:\/\/www.wojoer.de\/#\/schema\/logo\/image\/"},"sameAs":["https:\/\/www.facebook.com\/wojoer\/","https:\/\/de.pinterest.com\/W0J0ER\/"]}]}},"_links":{"self":[{"href":"https:\/\/www.wojoer.de\/en\/wp-json\/wp\/v2\/product\/38562","targetHints":{"allow":["GET"]}}],"collection":[{"href":"https:\/\/www.wojoer.de\/en\/wp-json\/wp\/v2\/product"}],"about":[{"href":"https:\/\/www.wojoer.de\/en\/wp-json\/wp\/v2\/types\/product"}],"replies":[{"embeddable":true,"href":"https:\/\/www.wojoer.de\/en\/wp-json\/wp\/v2\/comments?post=38562"}],"wp:featuredmedia":[{"embeddable":true,"href":"https:\/\/www.wojoer.de\/en\/wp-json\/wp\/v2\/media\/10780"}],"wp:attachment":[{"href":"https:\/\/www.wojoer.de\/en\/wp-json\/wp\/v2\/media?parent=38562"}],"wp:term":[{"taxonomy":"product_brand","embeddable":true,"href":"https:\/\/www.wojoer.de\/en\/wp-json\/wp\/v2\/product_brand?post=38562"},{"taxonomy":"product_cat","embeddable":true,"href":"https:\/\/www.wojoer.de\/en\/wp-json\/wp\/v2\/product_cat?post=38562"},{"taxonomy":"product_tag","embeddable":true,"href":"https:\/\/www.wojoer.de\/en\/wp-json\/wp\/v2\/product_tag?post=38562"}],"curies":[{"name":"wp","href":"https:\/\/api.w.org\/{rel}","templated":true}]}}