{"id":3889,"date":"2017-03-19T15:33:12","date_gmt":"2017-03-19T14:33:12","guid":{"rendered":"http:\/\/www.wojoer.de\/produkt\/neopren-tanga-neongruen\/"},"modified":"2025-11-06T09:07:45","modified_gmt":"2025-11-06T08:07:45","slug":"neopren-tanga","status":"publish","type":"product","link":"https:\/\/www.wojoer.de\/en\/produkt\/neopren-tanga\/","title":{"rendered":"Neopren Tanga 309B12B"},"content":{"rendered":"<p>Der Neopren Tanga 309B12B geh\u00f6rt zu den Wojoer LIVE-Produkten. Sie werden ab Bestellung bei uns produziert. So k\u00f6nnen wir auf Kundenw\u00fcnsche individuell eingehen.<\/p>\n<p>Erh\u00e4ltlich in den Farben \u00a0\u00a0 <img loading=\"lazy\" decoding=\"async\" class=\"alignnone size-full wp-image-6164\" src=\"http:\/\/www.wojoer.de\/wp-content\/uploads\/2017\/05\/wei\u00df.jpg\" alt=\"__wei\u00df\" width=\"9\" height=\"9\" \/> Wei\u00df | <img loading=\"lazy\" decoding=\"async\" class=\"alignnone size-full wp-image-6163\" src=\"http:\/\/www.wojoer.de\/wp-content\/uploads\/2017\/05\/schwarz.jpg\" alt=\"__schwarz\" width=\"9\" height=\"9\" \/> Schwarz | <a href=\"https:\/\/www.wojoer.de\/wp-content\/uploads\/2018\/08\/grau.jpg\"><img loading=\"lazy\" decoding=\"async\" class=\"alignnone size-full wp-image-32073\" src=\"https:\/\/www.wojoer.de\/wp-content\/uploads\/2018\/08\/grau.jpg\" alt=\"Farbe Grau\" width=\"9\" height=\"9\" \/><\/a> Titanio Grau | <a href=\"https:\/\/www.wojoer.de\/wp-content\/uploads\/2018\/08\/braun.jpg\"><img loading=\"lazy\" decoding=\"async\" class=\"alignnone size-full wp-image-32072\" src=\"https:\/\/www.wojoer.de\/wp-content\/uploads\/2018\/08\/braun.jpg\" alt=\"Farbe braun\" width=\"9\" height=\"9\" \/><\/a> Braun | <a href=\"https:\/\/www.wojoer.de\/wp-content\/uploads\/2018\/08\/olive_navi_moos.jpg\"><img loading=\"lazy\" decoding=\"async\" class=\"alignnone size-full wp-image-32074\" src=\"https:\/\/www.wojoer.de\/wp-content\/uploads\/2018\/08\/olive_navi_moos.jpg\" alt=\"Farbe Oliv\" width=\"9\" height=\"9\" \/><\/a> Navy | <a href=\"https:\/\/www.wojoer.de\/wp-content\/uploads\/2018\/04\/gruen.jpg\"><img loading=\"lazy\" decoding=\"async\" class=\"alignnone size-full wp-image-10032\" src=\"https:\/\/www.wojoer.de\/wp-content\/uploads\/2018\/04\/gruen.jpg\" alt=\"\" width=\"9\" height=\"9\" \/><\/a> Neongr\u00fcn\u00a0| <a href=\"https:\/\/www.wojoer.de\/wp-content\/uploads\/2018\/04\/neongelb.jpg\"><img loading=\"lazy\" decoding=\"async\" class=\"alignnone size-full wp-image-10035\" src=\"https:\/\/www.wojoer.de\/wp-content\/uploads\/2018\/04\/neongelb.jpg\" alt=\"\" width=\"9\" height=\"9\" \/><\/a> Neongelb | <a href=\"https:\/\/www.wojoer.de\/wp-content\/uploads\/2018\/04\/orange.jpg\"><img loading=\"lazy\" decoding=\"async\" class=\"alignnone size-full wp-image-10037\" src=\"https:\/\/www.wojoer.de\/wp-content\/uploads\/2018\/04\/orange.jpg\" alt=\"Farbe\" width=\"9\" height=\"9\" \/><\/a> orange| <a href=\"https:\/\/www.wojoer.de\/wp-content\/uploads\/2018\/04\/vulcano.jpg\"><img loading=\"lazy\" decoding=\"async\" class=\"alignnone size-full wp-image-10040\" src=\"https:\/\/www.wojoer.de\/wp-content\/uploads\/2018\/04\/vulcano.jpg\" alt=\"\" width=\"9\" height=\"9\" \/><\/a> Rot | <img loading=\"lazy\" decoding=\"async\" class=\"alignnone size-full wp-image-6156\" src=\"http:\/\/www.wojoer.de\/wp-content\/uploads\/2017\/05\/pink-1.jpg\" alt=\"pink\" width=\"9\" height=\"9\" \/> Neonpink | <a href=\"https:\/\/www.wojoer.de\/wp-content\/uploads\/2018\/04\/lila.jpg\"><img loading=\"lazy\" decoding=\"async\" class=\"alignnone size-full wp-image-10033\" src=\"https:\/\/www.wojoer.de\/wp-content\/uploads\/2018\/04\/lila.jpg\" alt=\"\" width=\"9\" height=\"9\" \/><\/a> Lila | <img loading=\"lazy\" decoding=\"async\" class=\"alignnone size-full wp-image-6157\" src=\"http:\/\/www.wojoer.de\/wp-content\/uploads\/2017\/05\/blau.jpg\" alt=\"__blau\" width=\"9\" height=\"9\" \/> Royalblau | <img loading=\"lazy\" decoding=\"async\" class=\"alignnone size-full wp-image-6158\" src=\"http:\/\/www.wojoer.de\/wp-content\/uploads\/2017\/05\/eisblau.jpg\" alt=\"__eisblau\" width=\"9\" height=\"9\" \/> Eisblau<\/p>\n<h3>Gr\u00f6\u00dfen<\/h3>\n<p>Erh\u00e4ltlich in den Gr\u00f6\u00dfen S, M, L, XL<\/p>\n<h3>Materialzusammensetzung<\/h3>\n<p>100% Glatthautneopren<\/p>\n<p>Innenkaschierung: 80% Polyamid, 20% Elasthan<\/p>\n<h3>Besonderheiten<\/h3>\n<p><a href=\"http:\/\/www.wojoer.de\/?s=LIVE&#038;post_type=product\">LIVE-Produkt<\/a>\u00a0| elegant matte Oberfl\u00e4chenoptik | badetauglich | w\u00e4rmend | fest formendes Material | haut enge Passform\u00a0 | hochwertige Verarbeitung &#8220;Made in Germany&#8221;<\/p>\n<h3>Benutzerhinweise<\/h3>\n<p>Handw\u00e4sche | Neopren entwickelt Bewegungsfalten, wie gutes Leder und l\u00e4sst so nach und nach eine eigene Signatur eines jeden Tr\u00e4gers entstehen. Daher bitte druckgesch\u00fctzt und nicht zusammengelegt lagern und auf breite Kleiderb\u00fcgel aufziehen.<\/p>\n<h3>Achtung<\/h3>\n<p>Bei Retouren, m\u00fcssen die Neoprenprodukte ungeknickt und luftig verpackt zur\u00fcckgesendet werden, so wie die Ware erhalten wurde. Bei Druckstellen, die durch einen falschen Versand verursacht wurden, kann die Ware nicht zur\u00fcckgenommen werden.<\/p>\n<h3>NEOPREN &#8211; sportlicher Tanga<\/h3>\n<p>&#8220;Weniger ist mehr&#8221; trifft den Neopren Tanga von WOJOER punktgenau. Mit anderen Worten wird nur das N\u00f6tigste verh\u00fcllt und das umwerfend schwarz bis antrazit schimmernde Matthautneopren tut sein \u00dcbriges, um die Lust auf mehr zu steigern. So ist dieser Badetanga nicht nur am Strand ein absoluter Hingucker, sondern genauso erotisch im Bett und anziehend im Club. Dazu kommt das 2,5 mm feine Schaummaterial ist angenehm w\u00e4rmend, dehnbar und gleicherma\u00dfen formstabil. Somit pusht es zusammen mit der ausgekl\u00fcgelten Schnittf\u00fchrung und der speziell entwickelten F\u00fcgenaht den Schritt extrem vorteilhaft. Mhhh, zudem schmeichelt die sanfte Jerseykaschierung auf der Innenseite des Neoprens der anspruchsvollen M\u00e4nnerhaut. Aber auch die Augen kommen auf ihre Kosten. Denn bei diesem Modell stehen weitere Hankycode &#8211; Farben zur Auswahl. Durch die farbigen Streifen wird also dem Gegen\u00fcber klar die sexuellen Neigungen aufgezeigt.<\/p>\n","protected":false},"excerpt":{"rendered":"<p>Der Neopren Tanga 309B12B geh\u00f6rt zu den Wojoer LIVE-Produkten. Sie werden ab Bestellung bei uns produziert. So k\u00f6nnen wir auf Kundenw\u00fcnsche individuell eingehen.<\/p>\n<p>Erh\u00e4ltlich in den Farben \u00a0\u00a0  Wei\u00df |  Schwarz |  Titanio Grau |  Braun |\u2026<\/p>\n","protected":false},"featured_media":8332,"comment_status":"open","ping_status":"closed","template":"","meta":[],"product_brand":[],"product_cat":[112,115,311,473,195,326],"product_tag":[108,170,268,103,167],"class_list":{"0":"post-3889","1":"product","2":"type-product","3":"status-publish","4":"has-post-thumbnail","6":"product_cat-309-neopren","7":"product_cat-beachwear","8":"product_cat-hankycode","9":"product_cat-men","10":"product_cat-produktion-auf-bestellung-liveproduktion","11":"product_cat-wojoer","12":"product_tag-1beachwear","13":"product_tag-brasil-slip","14":"product_tag-farbcode","15":"product_tag-neopren","16":"product_tag-tanga","17":"product_shipping_class-neopren","18":"pa_farbe-eisblau","19":"pa_farbe-royalblau","20":"pa_farbe-braun","21":"pa_farbe-grau","22":"pa_farbe-lila","23":"pa_farbe-neongelb","24":"pa_farbe-neongruen","25":"pa_farbe-neonpink","26":"pa_farbe-olive","27":"pa_farbe-orange","28":"pa_farbe-rot","29":"pa_farbe-schwarz","30":"pa_farbe-weiss","31":"pa_groesse-l","32":"pa_groesse-m","33":"pa_groesse-s","34":"pa_groesse-xl","35":"pif-has-gallery","36":"post-1","37":"odd","39":"first","40":"instock","41":"taxable","42":"shipping-taxable","43":"purchasable","44":"product-type-variable","45":"has-default-attributes"},"yoast_head":"<!-- This site is optimized with the Yoast SEO plugin v27.2 - https:\/\/yoast.com\/product\/yoast-seo-wordpress\/ -->\n<title>neopren tanga | swim trunks Badehose| mattglanz | WOJOER<\/title>\n<meta name=\"description\" content=\"Neopren mal anders. Nicht nur das in Deutschland gefertigte Matthautneopren ist ungewohnt elegant &amp; erotisch, auch die Best-Fit-Hebefunktion im Schritt.\" \/>\n<meta name=\"robots\" content=\"index, follow, max-snippet:-1, max-image-preview:large, max-video-preview:-1\" \/>\n<link rel=\"canonical\" href=\"https:\/\/www.wojoer.de\/en\/produkt\/neopren-tanga\/\" \/>\n<meta name=\"twitter:card\" content=\"summary_large_image\" \/>\n<meta name=\"twitter:title\" content=\"neopren tanga | swim trunks Badehose| mattglanz | WOJOER\" \/>\n<meta name=\"twitter:description\" content=\"Neopren mal anders. Nicht nur das in Deutschland gefertigte Matthautneopren ist ungewohnt elegant &amp; erotisch, auch die Best-Fit-Hebefunktion im Schritt.\" \/>\n<meta name=\"twitter:image\" content=\"https:\/\/www.wojoer.de\/wp-content\/uploads\/2017\/12\/309B12_neopren_tanga_gruen_wojoer.jpg\" \/>\n<meta name=\"twitter:label1\" content=\"Estimated reading time\" \/>\n\t<meta name=\"twitter:data1\" content=\"5 minutes\" \/>\n<script type=\"application\/ld+json\" class=\"yoast-schema-graph\">{\"@context\":\"https:\/\/schema.org\",\"@graph\":[{\"@type\":\"WebPage\",\"@id\":\"https:\/\/www.wojoer.de\/produkt\/neopren-tanga\/\",\"url\":\"https:\/\/www.wojoer.de\/produkt\/neopren-tanga\/\",\"name\":\"neopren tanga | swim trunks Badehose| mattglanz | WOJOER\",\"isPartOf\":{\"@id\":\"https:\/\/www.wojoer.de\/#website\"},\"primaryImageOfPage\":{\"@id\":\"https:\/\/www.wojoer.de\/produkt\/neopren-tanga\/#primaryimage\"},\"image\":{\"@id\":\"https:\/\/www.wojoer.de\/produkt\/neopren-tanga\/#primaryimage\"},\"thumbnailUrl\":\"https:\/\/www.wojoer.de\/wp-content\/uploads\/2017\/12\/309B12_neopren_tanga_gruen_wojoer.jpg\",\"datePublished\":\"2017-03-19T14:33:12+00:00\",\"dateModified\":\"2025-11-06T08:07:45+00:00\",\"description\":\"Neopren mal anders. Nicht nur das in Deutschland gefertigte Matthautneopren ist ungewohnt elegant & erotisch, auch die Best-Fit-Hebefunktion im Schritt.\",\"breadcrumb\":{\"@id\":\"https:\/\/www.wojoer.de\/produkt\/neopren-tanga\/#breadcrumb\"},\"inLanguage\":\"en-GB\",\"potentialAction\":[{\"@type\":\"ReadAction\",\"target\":[\"https:\/\/www.wojoer.de\/produkt\/neopren-tanga\/\"]}]},{\"@type\":\"ImageObject\",\"inLanguage\":\"en-GB\",\"@id\":\"https:\/\/www.wojoer.de\/produkt\/neopren-tanga\/#primaryimage\",\"url\":\"https:\/\/www.wojoer.de\/wp-content\/uploads\/2017\/12\/309B12_neopren_tanga_gruen_wojoer.jpg\",\"contentUrl\":\"https:\/\/www.wojoer.de\/wp-content\/uploads\/2017\/12\/309B12_neopren_tanga_gruen_wojoer.jpg\",\"width\":1500,\"height\":1500,\"caption\":\"Bade Tanga, Neopren Tanga, Glatthautneopren, erotischer String Tanga, M\u00e4nner String Tanga, neon gr\u00fcn\"},{\"@type\":\"BreadcrumbList\",\"@id\":\"https:\/\/www.wojoer.de\/produkt\/neopren-tanga\/#breadcrumb\",\"itemListElement\":[{\"@type\":\"ListItem\",\"position\":1,\"name\":\"Startseite\",\"item\":\"https:\/\/www.wojoer.de\/\"},{\"@type\":\"ListItem\",\"position\":2,\"name\":\"SHOP\",\"item\":\"https:\/\/www.wojoer.de\/shop\/\"},{\"@type\":\"ListItem\",\"position\":3,\"name\":\"Neopren Tanga 309B12B\"}]},{\"@type\":\"WebSite\",\"@id\":\"https:\/\/www.wojoer.de\/#website\",\"url\":\"https:\/\/www.wojoer.de\/\",\"name\":\"WOJOER\",\"description\":\"clubwear for men\",\"publisher\":{\"@id\":\"https:\/\/www.wojoer.de\/#organization\"},\"potentialAction\":[{\"@type\":\"SearchAction\",\"target\":{\"@type\":\"EntryPoint\",\"urlTemplate\":\"https:\/\/www.wojoer.de\/?s={search_term_string}\"},\"query-input\":{\"@type\":\"PropertyValueSpecification\",\"valueRequired\":true,\"valueName\":\"search_term_string\"}}],\"inLanguage\":\"en-GB\"},{\"@type\":\"Organization\",\"@id\":\"https:\/\/www.wojoer.de\/#organization\",\"name\":\"Wonneberger-Manufaktur\",\"url\":\"https:\/\/www.wojoer.de\/\",\"logo\":{\"@type\":\"ImageObject\",\"inLanguage\":\"en-GB\",\"@id\":\"https:\/\/www.wojoer.de\/#\/schema\/logo\/image\/\",\"url\":\"https:\/\/www.wojoer.de\/wp-content\/uploads\/2016\/11\/wonnebergermanufaktur_logo_BUTTON.png\",\"contentUrl\":\"https:\/\/www.wojoer.de\/wp-content\/uploads\/2016\/11\/wonnebergermanufaktur_logo_BUTTON.png\",\"width\":765,\"height\":765,\"caption\":\"Wonneberger-Manufaktur\"},\"image\":{\"@id\":\"https:\/\/www.wojoer.de\/#\/schema\/logo\/image\/\"},\"sameAs\":[\"https:\/\/www.facebook.com\/wojoer\/\",\"https:\/\/de.pinterest.com\/W0J0ER\/\"]}]}<\/script>\n<!-- \/ Yoast SEO plugin. -->","yoast_head_json":{"title":"neopren tanga | swim trunks Badehose| mattglanz | WOJOER","description":"Neopren mal anders. Nicht nur das in Deutschland gefertigte Matthautneopren ist ungewohnt elegant & erotisch, auch die Best-Fit-Hebefunktion im Schritt.","robots":{"index":"index","follow":"follow","max-snippet":"max-snippet:-1","max-image-preview":"max-image-preview:large","max-video-preview":"max-video-preview:-1"},"canonical":"https:\/\/www.wojoer.de\/en\/produkt\/neopren-tanga\/","twitter_card":"summary_large_image","twitter_title":"neopren tanga | swim trunks Badehose| mattglanz | WOJOER","twitter_description":"Neopren mal anders. Nicht nur das in Deutschland gefertigte Matthautneopren ist ungewohnt elegant & erotisch, auch die Best-Fit-Hebefunktion im Schritt.","twitter_image":"https:\/\/www.wojoer.de\/wp-content\/uploads\/2017\/12\/309B12_neopren_tanga_gruen_wojoer.jpg","twitter_misc":{"Estimated reading time":"5 minutes"},"schema":{"@context":"https:\/\/schema.org","@graph":[{"@type":"WebPage","@id":"https:\/\/www.wojoer.de\/produkt\/neopren-tanga\/","url":"https:\/\/www.wojoer.de\/produkt\/neopren-tanga\/","name":"neopren tanga | swim trunks Badehose| mattglanz | WOJOER","isPartOf":{"@id":"https:\/\/www.wojoer.de\/#website"},"primaryImageOfPage":{"@id":"https:\/\/www.wojoer.de\/produkt\/neopren-tanga\/#primaryimage"},"image":{"@id":"https:\/\/www.wojoer.de\/produkt\/neopren-tanga\/#primaryimage"},"thumbnailUrl":"https:\/\/www.wojoer.de\/wp-content\/uploads\/2017\/12\/309B12_neopren_tanga_gruen_wojoer.jpg","datePublished":"2017-03-19T14:33:12+00:00","dateModified":"2025-11-06T08:07:45+00:00","description":"Neopren mal anders. Nicht nur das in Deutschland gefertigte Matthautneopren ist ungewohnt elegant & erotisch, auch die Best-Fit-Hebefunktion im Schritt.","breadcrumb":{"@id":"https:\/\/www.wojoer.de\/produkt\/neopren-tanga\/#breadcrumb"},"inLanguage":"en-GB","potentialAction":[{"@type":"ReadAction","target":["https:\/\/www.wojoer.de\/produkt\/neopren-tanga\/"]}]},{"@type":"ImageObject","inLanguage":"en-GB","@id":"https:\/\/www.wojoer.de\/produkt\/neopren-tanga\/#primaryimage","url":"https:\/\/www.wojoer.de\/wp-content\/uploads\/2017\/12\/309B12_neopren_tanga_gruen_wojoer.jpg","contentUrl":"https:\/\/www.wojoer.de\/wp-content\/uploads\/2017\/12\/309B12_neopren_tanga_gruen_wojoer.jpg","width":1500,"height":1500,"caption":"Bade Tanga, Neopren Tanga, Glatthautneopren, erotischer String Tanga, M\u00e4nner String Tanga, neon gr\u00fcn"},{"@type":"BreadcrumbList","@id":"https:\/\/www.wojoer.de\/produkt\/neopren-tanga\/#breadcrumb","itemListElement":[{"@type":"ListItem","position":1,"name":"Startseite","item":"https:\/\/www.wojoer.de\/"},{"@type":"ListItem","position":2,"name":"SHOP","item":"https:\/\/www.wojoer.de\/shop\/"},{"@type":"ListItem","position":3,"name":"Neopren Tanga 309B12B"}]},{"@type":"WebSite","@id":"https:\/\/www.wojoer.de\/#website","url":"https:\/\/www.wojoer.de\/","name":"WOJOER","description":"clubwear for men","publisher":{"@id":"https:\/\/www.wojoer.de\/#organization"},"potentialAction":[{"@type":"SearchAction","target":{"@type":"EntryPoint","urlTemplate":"https:\/\/www.wojoer.de\/?s={search_term_string}"},"query-input":{"@type":"PropertyValueSpecification","valueRequired":true,"valueName":"search_term_string"}}],"inLanguage":"en-GB"},{"@type":"Organization","@id":"https:\/\/www.wojoer.de\/#organization","name":"Wonneberger-Manufaktur","url":"https:\/\/www.wojoer.de\/","logo":{"@type":"ImageObject","inLanguage":"en-GB","@id":"https:\/\/www.wojoer.de\/#\/schema\/logo\/image\/","url":"https:\/\/www.wojoer.de\/wp-content\/uploads\/2016\/11\/wonnebergermanufaktur_logo_BUTTON.png","contentUrl":"https:\/\/www.wojoer.de\/wp-content\/uploads\/2016\/11\/wonnebergermanufaktur_logo_BUTTON.png","width":765,"height":765,"caption":"Wonneberger-Manufaktur"},"image":{"@id":"https:\/\/www.wojoer.de\/#\/schema\/logo\/image\/"},"sameAs":["https:\/\/www.facebook.com\/wojoer\/","https:\/\/de.pinterest.com\/W0J0ER\/"]}]}},"_links":{"self":[{"href":"https:\/\/www.wojoer.de\/en\/wp-json\/wp\/v2\/product\/3889","targetHints":{"allow":["GET"]}}],"collection":[{"href":"https:\/\/www.wojoer.de\/en\/wp-json\/wp\/v2\/product"}],"about":[{"href":"https:\/\/www.wojoer.de\/en\/wp-json\/wp\/v2\/types\/product"}],"replies":[{"embeddable":true,"href":"https:\/\/www.wojoer.de\/en\/wp-json\/wp\/v2\/comments?post=3889"}],"wp:featuredmedia":[{"embeddable":true,"href":"https:\/\/www.wojoer.de\/en\/wp-json\/wp\/v2\/media\/8332"}],"wp:attachment":[{"href":"https:\/\/www.wojoer.de\/en\/wp-json\/wp\/v2\/media?parent=3889"}],"wp:term":[{"taxonomy":"product_brand","embeddable":true,"href":"https:\/\/www.wojoer.de\/en\/wp-json\/wp\/v2\/product_brand?post=3889"},{"taxonomy":"product_cat","embeddable":true,"href":"https:\/\/www.wojoer.de\/en\/wp-json\/wp\/v2\/product_cat?post=3889"},{"taxonomy":"product_tag","embeddable":true,"href":"https:\/\/www.wojoer.de\/en\/wp-json\/wp\/v2\/product_tag?post=3889"}],"curies":[{"name":"wp","href":"https:\/\/api.w.org\/{rel}","templated":true}]}}