{"id":39104,"date":"2024-01-01T12:17:24","date_gmt":"2024-01-01T11:17:24","guid":{"rendered":"https:\/\/www.wojoer.de\/?post_type=product&#038;p=39104"},"modified":"2025-06-26T21:36:52","modified_gmt":"2025-06-26T19:36:52","slug":"wetlook-leggings-schwarz-wojoer","status":"publish","type":"product","link":"https:\/\/www.wojoer.de\/en\/produkt\/wetlook-leggings-schwarz-wojoer\/","title":{"rendered":"Wetlook Leggings"},"content":{"rendered":"<p>Der WETLOOK Leggings man 365W429 geh\u00f6rt zu den Wojoer LIVE-Produkten. Denn sie werden ab Bestellung bei uns produziert, so k\u00f6nnen wir auf Kundenw\u00fcnsche individuell eingehen.<\/p>\n<h3>Gr\u00f6\u00dfen<\/h3>\n<p>Erh\u00e4ltlich in den Gr\u00f6\u00dfen S, M, L, XL<\/p>\n<h3>Materialzusammensetzung<\/h3>\n<p>WETLEATHER, super dehnbares, leicht strukturiertes Leatherlike mit Lackglanz: 95% Viskose, 5% Elasthan | 100% Polyester<\/p>\n<h3>Besonderheiten<\/h3>\n<p><a href=\"http:\/\/www.wojoer.de\/?s=LIVE&#038;post_type=product\">LIVE-Produkt<\/a>\u00a0 | glossy, strechy Leatherlike\u00a0 | sehr gut dehnbar | eng anschmiegsamer Schnitt | extra Suspensorium f\u00fcr m\u00e4nnlichen Schritt | hochwertige Verarbeitung &#8220;Made in Germany&#8221;<\/p>\n<h3>Benutzerhinweise<\/h3>\n<p>Handw\u00e4sche | seperat von hellen und anderen, beschichteten Textilien lagern | nur mit dazwischen gelegtes Papier zusammenlegen oder locker auf einem B\u00fcgel h\u00e4ngen<\/p>\n<h3>WETLOOK LEGGINGS MAN- glossy Lack M\u00e4nner leggings schwarz<\/h3>\n<p>Fetisch Fans aufgepasst. Wojoer hat etwas ganz Besonderes f\u00fcr Dich. Diese M\u00e4nnerleggings ist ein echter Magnet. Ihr glossy Leatherlike verlockt unwillk\u00fcrlich ber\u00fchrt zu werden. Das Wetleather schmiegt sich angenehm weich um deine H\u00fcften und l\u00e4sst sie in einem erotisch schwarzen Glanz erstrahlen. Das Material ist sehr elastisch und hat eine lederartige Struktur wohingegen es angezogen, glatt, wie ein Lackmaterial wird. Aber das Besondere Etwas kommt erst noch. Das wunderbar m\u00e4nnliche Suspensorium legt sich gierig um deine M\u00e4nnlichkeit. Dadurch zieht sie alle Blicke auf diese unwiderstehlich geschmeidige W\u00f6lbung, die dich als Mann ausmacht. Du wirst aus der Ekstase nicht mehr herauskommen.<\/p>\n","protected":false},"excerpt":{"rendered":"<p>Die Wetlook Leggings geh\u00f6rt zu den Wojoer LIVE-Produkten.<br \/>\nGr\u00f6\u00dfen<br \/>\nS, M, L, XL, XXL, XXXL<br \/>\nMaterialzusammensetzung<br \/>\n95% Polyester\u00a0 |5% Elasthan<br \/>\nBesonderheiten<br \/>\nLIVLIVE Produkt\u00a0| sehr dehnbares Material | hautenge Passform |schwarz gl\u00e4nzend | hochwertige Verarbeitung &#8220;Made in Germany&#8221;<br \/>\nBenutzerhinweise<br \/>\nHandw\u00e4sche | separat von hellen und anderen, beschichteten Textilien lagern\u2026<\/p>\n","protected":false},"featured_media":39116,"comment_status":"open","ping_status":"closed","template":"","meta":[],"product_brand":[],"product_cat":[114,473,195,326],"product_tag":[560,194,244,247],"class_list":{"0":"post-39104","1":"product","2":"type-product","3":"status-publish","4":"has-post-thumbnail","6":"product_cat-fetisch","7":"product_cat-men","8":"product_cat-produktion-auf-bestellung-liveproduktion","9":"product_cat-wojoer","10":"product_tag-glaenzend","11":"product_tag-leatherlike","12":"product_tag-leggings","13":"product_tag-wetlook","14":"pa_groesse-l","15":"pa_groesse-m","16":"pa_groesse-s","17":"pa_groesse-xl","18":"pa_groesse-xxl","19":"pa_groesse-xxxl","20":"pif-has-gallery","21":"post-1","22":"odd","24":"first","25":"onbackorder","26":"taxable","27":"shipping-taxable","28":"purchasable","29":"product-type-variable"},"yoast_head":"<!-- This site is optimized with the Yoast SEO plugin v27.2 - https:\/\/yoast.com\/product\/yoast-seo-wordpress\/ -->\n<title>Wetlook leggings | glossy Jersey | clubwear WOJOER<\/title>\n<meta name=\"description\" content=\"Wetlook Leggings aus einem wunderbar gl\u00e4nzend hochwertigen Wetlook. Hochwertig verarbeitet, made in Germany. Jetzt versandkostenfrei innerhalb Deutschlands bestellen.\" \/>\n<meta name=\"robots\" content=\"index, follow, max-snippet:-1, max-image-preview:large, max-video-preview:-1\" \/>\n<link rel=\"canonical\" href=\"https:\/\/www.wojoer.de\/en\/produkt\/wetlook-leggings-schwarz-wojoer\/\" \/>\n<meta name=\"twitter:card\" content=\"summary_large_image\" \/>\n<meta name=\"twitter:title\" content=\"Wetlook leggings | glossy Jersey | clubwear WOJOER\" \/>\n<meta name=\"twitter:description\" content=\"Wetlook Leggings aus einem wunderbar gl\u00e4nzend hochwertigen Wetlook. Hochwertig verarbeitet, made in Germany. Jetzt versandkostenfrei innerhalb Deutschlands bestellen.\" \/>\n<meta name=\"twitter:image\" content=\"https:\/\/www.wojoer.de\/wp-content\/uploads\/2022\/11\/0412-L004-0D-00-06_BenG_Meggings_wetlook_schwarz_back_wojoer.jpg\" \/>\n<meta name=\"twitter:label1\" content=\"Estimated reading time\" \/>\n\t<meta name=\"twitter:data1\" content=\"1 minute\" \/>\n<script type=\"application\/ld+json\" class=\"yoast-schema-graph\">{\"@context\":\"https:\/\/schema.org\",\"@graph\":[{\"@type\":\"WebPage\",\"@id\":\"https:\/\/www.wojoer.de\/produkt\/wetlook-leggings-schwarz-wojoer\/\",\"url\":\"https:\/\/www.wojoer.de\/produkt\/wetlook-leggings-schwarz-wojoer\/\",\"name\":\"Wetlook leggings | glossy Jersey | clubwear WOJOER\",\"isPartOf\":{\"@id\":\"https:\/\/www.wojoer.de\/#website\"},\"primaryImageOfPage\":{\"@id\":\"https:\/\/www.wojoer.de\/produkt\/wetlook-leggings-schwarz-wojoer\/#primaryimage\"},\"image\":{\"@id\":\"https:\/\/www.wojoer.de\/produkt\/wetlook-leggings-schwarz-wojoer\/#primaryimage\"},\"thumbnailUrl\":\"https:\/\/www.wojoer.de\/wp-content\/uploads\/2022\/11\/0412-L004-0D-00-06_BenG_Meggings_wetlook_schwarz_back_wojoer.jpg\",\"datePublished\":\"2024-01-01T11:17:24+00:00\",\"dateModified\":\"2025-06-26T19:36:52+00:00\",\"description\":\"Wetlook Leggings aus einem wunderbar gl\u00e4nzend hochwertigen Wetlook. Hochwertig verarbeitet, made in Germany. Jetzt versandkostenfrei innerhalb Deutschlands bestellen.\",\"breadcrumb\":{\"@id\":\"https:\/\/www.wojoer.de\/produkt\/wetlook-leggings-schwarz-wojoer\/#breadcrumb\"},\"inLanguage\":\"en-GB\",\"potentialAction\":[{\"@type\":\"ReadAction\",\"target\":[\"https:\/\/www.wojoer.de\/produkt\/wetlook-leggings-schwarz-wojoer\/\"]}]},{\"@type\":\"ImageObject\",\"inLanguage\":\"en-GB\",\"@id\":\"https:\/\/www.wojoer.de\/produkt\/wetlook-leggings-schwarz-wojoer\/#primaryimage\",\"url\":\"https:\/\/www.wojoer.de\/wp-content\/uploads\/2022\/11\/0412-L004-0D-00-06_BenG_Meggings_wetlook_schwarz_back_wojoer.jpg\",\"contentUrl\":\"https:\/\/www.wojoer.de\/wp-content\/uploads\/2022\/11\/0412-L004-0D-00-06_BenG_Meggings_wetlook_schwarz_back_wojoer.jpg\",\"width\":2002,\"height\":2002},{\"@type\":\"BreadcrumbList\",\"@id\":\"https:\/\/www.wojoer.de\/produkt\/wetlook-leggings-schwarz-wojoer\/#breadcrumb\",\"itemListElement\":[{\"@type\":\"ListItem\",\"position\":1,\"name\":\"Startseite\",\"item\":\"https:\/\/www.wojoer.de\/\"},{\"@type\":\"ListItem\",\"position\":2,\"name\":\"SHOP\",\"item\":\"https:\/\/www.wojoer.de\/shop\/\"},{\"@type\":\"ListItem\",\"position\":3,\"name\":\"Wetlook Leggings schwarz\"}]},{\"@type\":\"WebSite\",\"@id\":\"https:\/\/www.wojoer.de\/#website\",\"url\":\"https:\/\/www.wojoer.de\/\",\"name\":\"WOJOER\",\"description\":\"clubwear for men\",\"publisher\":{\"@id\":\"https:\/\/www.wojoer.de\/#organization\"},\"potentialAction\":[{\"@type\":\"SearchAction\",\"target\":{\"@type\":\"EntryPoint\",\"urlTemplate\":\"https:\/\/www.wojoer.de\/?s={search_term_string}\"},\"query-input\":{\"@type\":\"PropertyValueSpecification\",\"valueRequired\":true,\"valueName\":\"search_term_string\"}}],\"inLanguage\":\"en-GB\"},{\"@type\":\"Organization\",\"@id\":\"https:\/\/www.wojoer.de\/#organization\",\"name\":\"Wonneberger-Manufaktur\",\"url\":\"https:\/\/www.wojoer.de\/\",\"logo\":{\"@type\":\"ImageObject\",\"inLanguage\":\"en-GB\",\"@id\":\"https:\/\/www.wojoer.de\/#\/schema\/logo\/image\/\",\"url\":\"https:\/\/www.wojoer.de\/wp-content\/uploads\/2016\/11\/wonnebergermanufaktur_logo_BUTTON.png\",\"contentUrl\":\"https:\/\/www.wojoer.de\/wp-content\/uploads\/2016\/11\/wonnebergermanufaktur_logo_BUTTON.png\",\"width\":765,\"height\":765,\"caption\":\"Wonneberger-Manufaktur\"},\"image\":{\"@id\":\"https:\/\/www.wojoer.de\/#\/schema\/logo\/image\/\"},\"sameAs\":[\"https:\/\/www.facebook.com\/wojoer\/\",\"https:\/\/de.pinterest.com\/W0J0ER\/\"]}]}<\/script>\n<!-- \/ Yoast SEO plugin. -->","yoast_head_json":{"title":"Wetlook leggings | glossy Jersey | clubwear WOJOER","description":"Wetlook Leggings aus einem wunderbar gl\u00e4nzend hochwertigen Wetlook. Hochwertig verarbeitet, made in Germany. Jetzt versandkostenfrei innerhalb Deutschlands bestellen.","robots":{"index":"index","follow":"follow","max-snippet":"max-snippet:-1","max-image-preview":"max-image-preview:large","max-video-preview":"max-video-preview:-1"},"canonical":"https:\/\/www.wojoer.de\/en\/produkt\/wetlook-leggings-schwarz-wojoer\/","twitter_card":"summary_large_image","twitter_title":"[:de]Wetlook leggings | glossy Jersey | clubwear WOJOER[:]","twitter_description":"[:de]Wetlook Leggings aus einem wunderbar gl\u00e4nzend hochwertigen Wetlook. Hochwertig verarbeitet, made in Germany. Jetzt versandkostenfrei innerhalb Deutschlands bestellen.[:]","twitter_image":"https:\/\/www.wojoer.de\/wp-content\/uploads\/2022\/11\/0412-L004-0D-00-06_BenG_Meggings_wetlook_schwarz_back_wojoer.jpg","twitter_misc":{"Estimated reading time":"1 minute"},"schema":{"@context":"https:\/\/schema.org","@graph":[{"@type":"WebPage","@id":"https:\/\/www.wojoer.de\/produkt\/wetlook-leggings-schwarz-wojoer\/","url":"https:\/\/www.wojoer.de\/produkt\/wetlook-leggings-schwarz-wojoer\/","name":"Wetlook leggings | glossy Jersey | clubwear WOJOER","isPartOf":{"@id":"https:\/\/www.wojoer.de\/#website"},"primaryImageOfPage":{"@id":"https:\/\/www.wojoer.de\/produkt\/wetlook-leggings-schwarz-wojoer\/#primaryimage"},"image":{"@id":"https:\/\/www.wojoer.de\/produkt\/wetlook-leggings-schwarz-wojoer\/#primaryimage"},"thumbnailUrl":"https:\/\/www.wojoer.de\/wp-content\/uploads\/2022\/11\/0412-L004-0D-00-06_BenG_Meggings_wetlook_schwarz_back_wojoer.jpg","datePublished":"2024-01-01T11:17:24+00:00","dateModified":"2025-06-26T19:36:52+00:00","description":"Wetlook Leggings aus einem wunderbar gl\u00e4nzend hochwertigen Wetlook. Hochwertig verarbeitet, made in Germany. Jetzt versandkostenfrei innerhalb Deutschlands bestellen.","breadcrumb":{"@id":"https:\/\/www.wojoer.de\/produkt\/wetlook-leggings-schwarz-wojoer\/#breadcrumb"},"inLanguage":"en-GB","potentialAction":[{"@type":"ReadAction","target":["https:\/\/www.wojoer.de\/produkt\/wetlook-leggings-schwarz-wojoer\/"]}]},{"@type":"ImageObject","inLanguage":"en-GB","@id":"https:\/\/www.wojoer.de\/produkt\/wetlook-leggings-schwarz-wojoer\/#primaryimage","url":"https:\/\/www.wojoer.de\/wp-content\/uploads\/2022\/11\/0412-L004-0D-00-06_BenG_Meggings_wetlook_schwarz_back_wojoer.jpg","contentUrl":"https:\/\/www.wojoer.de\/wp-content\/uploads\/2022\/11\/0412-L004-0D-00-06_BenG_Meggings_wetlook_schwarz_back_wojoer.jpg","width":2002,"height":2002},{"@type":"BreadcrumbList","@id":"https:\/\/www.wojoer.de\/produkt\/wetlook-leggings-schwarz-wojoer\/#breadcrumb","itemListElement":[{"@type":"ListItem","position":1,"name":"Startseite","item":"https:\/\/www.wojoer.de\/"},{"@type":"ListItem","position":2,"name":"SHOP","item":"https:\/\/www.wojoer.de\/shop\/"},{"@type":"ListItem","position":3,"name":"Wetlook Leggings schwarz"}]},{"@type":"WebSite","@id":"https:\/\/www.wojoer.de\/#website","url":"https:\/\/www.wojoer.de\/","name":"WOJOER","description":"clubwear for men","publisher":{"@id":"https:\/\/www.wojoer.de\/#organization"},"potentialAction":[{"@type":"SearchAction","target":{"@type":"EntryPoint","urlTemplate":"https:\/\/www.wojoer.de\/?s={search_term_string}"},"query-input":{"@type":"PropertyValueSpecification","valueRequired":true,"valueName":"search_term_string"}}],"inLanguage":"en-GB"},{"@type":"Organization","@id":"https:\/\/www.wojoer.de\/#organization","name":"Wonneberger-Manufaktur","url":"https:\/\/www.wojoer.de\/","logo":{"@type":"ImageObject","inLanguage":"en-GB","@id":"https:\/\/www.wojoer.de\/#\/schema\/logo\/image\/","url":"https:\/\/www.wojoer.de\/wp-content\/uploads\/2016\/11\/wonnebergermanufaktur_logo_BUTTON.png","contentUrl":"https:\/\/www.wojoer.de\/wp-content\/uploads\/2016\/11\/wonnebergermanufaktur_logo_BUTTON.png","width":765,"height":765,"caption":"Wonneberger-Manufaktur"},"image":{"@id":"https:\/\/www.wojoer.de\/#\/schema\/logo\/image\/"},"sameAs":["https:\/\/www.facebook.com\/wojoer\/","https:\/\/de.pinterest.com\/W0J0ER\/"]}]}},"_links":{"self":[{"href":"https:\/\/www.wojoer.de\/en\/wp-json\/wp\/v2\/product\/39104","targetHints":{"allow":["GET"]}}],"collection":[{"href":"https:\/\/www.wojoer.de\/en\/wp-json\/wp\/v2\/product"}],"about":[{"href":"https:\/\/www.wojoer.de\/en\/wp-json\/wp\/v2\/types\/product"}],"replies":[{"embeddable":true,"href":"https:\/\/www.wojoer.de\/en\/wp-json\/wp\/v2\/comments?post=39104"}],"wp:featuredmedia":[{"embeddable":true,"href":"https:\/\/www.wojoer.de\/en\/wp-json\/wp\/v2\/media\/39116"}],"wp:attachment":[{"href":"https:\/\/www.wojoer.de\/en\/wp-json\/wp\/v2\/media?parent=39104"}],"wp:term":[{"taxonomy":"product_brand","embeddable":true,"href":"https:\/\/www.wojoer.de\/en\/wp-json\/wp\/v2\/product_brand?post=39104"},{"taxonomy":"product_cat","embeddable":true,"href":"https:\/\/www.wojoer.de\/en\/wp-json\/wp\/v2\/product_cat?post=39104"},{"taxonomy":"product_tag","embeddable":true,"href":"https:\/\/www.wojoer.de\/en\/wp-json\/wp\/v2\/product_tag?post=39104"}],"curies":[{"name":"wp","href":"https:\/\/api.w.org\/{rel}","templated":true}]}}