{"id":39160,"date":"2022-12-01T09:18:02","date_gmt":"2022-12-01T08:18:02","guid":{"rendered":"https:\/\/www.wojoer.de\/?post_type=product&#038;p=39160"},"modified":"2024-09-03T08:27:00","modified_gmt":"2024-09-03T06:27:00","slug":"lack-string-body","status":"publish","type":"product","link":"https:\/\/www.wojoer.de\/en\/produkt\/lack-string-body\/","title":{"rendered":"Longsleeve varnish thong Body"},"content":{"rendered":"<p>Spacig und glanzvoll zeigt sich der Lack String Body und geh\u00f6rt in die Kategorie &#8220;LIVE&#8221;-Produkte. Produktion nur auf Bestellung.<\/p>\n<h3>Gr\u00f6\u00dfen<\/h3>\n<p>Erh\u00e4ltlich in den Gr\u00f6\u00dfen S, M, L, XL<\/p>\n<h3>Materialzusammensetzung<\/h3>\n<p>80% Polyester | 12% Polyurethan | 8% Elasthan<\/p>\n<h3>Besonderheiten<\/h3>\n<p><a href=\"http:\/\/www.wojoer.de\/?s=live&#038;post_type=product\">LIVE Produkt<\/a> | Seamless | gl\u00e4nzender Lackstoff | Wabenstruktur | schwarz | spacig | Rei\u00dfverschluss am R\u00fccken | hochwertige Verarbeitung &#8220;Made in Germany&#8221;<\/p>\n<h3>Benutzerhinweise<\/h3>\n<p>Handw\u00e4sche, nicht knittern und tropfnass aufh\u00e4ngen<\/p>\n<h3>LACK STRING BODY &#8211; spaciger Body mit langen Rei\u00dfverschluss und langen Armen<\/h3>\n<p>Wow, wo kommt denn dieser spacige und super coole Typ her?! Der Lack string Body, hochgeschlossen, ist ein echter Hingucker, wie aus einer anderen Hemisph\u00e4re. Ob auf einer Fetischparty oder f\u00fcr hei\u00dfe Stunden zu zweit- ist dieser gl\u00e4nzende Lack Body genau der richtige. Er betont deinen kr\u00e4ftigen Oberk\u00f6rper und legt sich wie eine zweite, enge Haut um dich. Leicht zu \u00f6ffnen ist dieser \u00fcber den Rei\u00dfverschluss am R\u00fccken. Hoch geschnitten wird dein bestes St\u00fcck perfekt in Szene gesetzt. Au\u00dferdem l\u00e4sst der glossy Stretch nicht nur Fetischherzen h\u00f6her schlagen. Nein, es sorgt auch f\u00fcr einen glanzvollen Auftritt in jedem Club. Denn du bist der Typ aus dem All &#8211; mystisch, aufregend und einfach nur zum Anbei\u00dfen&#8230;<\/p>\n<p>Das spezielle an dieser Kollektion ist die Saum-Verarbeitung. Das Material ist mit einer hochwertigen Schnittmechanismus verarbeitet, sodass das Material nicht umgen\u00e4ht wird und somit sanft und ohne Kratzen oder Druck direkt auf der Haut aufliegt. Als w\u00fcrde die Haut mit dem dem Lack verschmelzen, ganz im Sinne von anderen Latexmaterilien oder Seamless-Kollektionen. Und genauso flexibel und hoch dehnbar ist unser hochwertige Lack &#8211; ein ideales Unterw\u00e4sche und Clubwear Material. Anspruchslos, bequem und super sexy!<\/p>\n<p>&nbsp;<\/p>\n","protected":false},"excerpt":{"rendered":"<p>Spacig und glanzvoll zeigt sich der Lack String Body und geh\u00f6rt in die Kategorie &#8220;LIVE&#8221;-Produkte. Produktion nur auf Bestellung.<br \/>\nGr\u00f6\u00dfen<br \/>\nErh\u00e4ltlich in den Gr\u00f6\u00dfen S, M, L, XL<br \/>\nMaterialzusammensetzung<br \/>\n80% Polyester | 12% Polyurethan | 8% Elasthan<br \/>\nBesonderheiten<br \/>\nLIVE Produkt | Seamless | gl\u00e4nzender Lackstoff |\u2026<\/p>\n","protected":false},"featured_media":39166,"comment_status":"open","ping_status":"closed","template":"","meta":[],"product_brand":[],"product_cat":[114,473,270,195,326],"product_tag":[394,294,167],"class_list":{"0":"post-39160","1":"product","2":"type-product","3":"status-publish","4":"has-post-thumbnail","6":"product_cat-fetisch","7":"product_cat-men","8":"product_cat-onlyforme","9":"product_cat-produktion-auf-bestellung-liveproduktion","10":"product_cat-wojoer","11":"product_tag-bodysuit","12":"product_tag-lack","13":"product_tag-tanga","14":"pa_groesse-l","15":"pa_groesse-m","16":"pa_groesse-s","17":"pa_groesse-xl","18":"pa_groesse-xxl","19":"pif-has-gallery","20":"post-1","21":"odd","23":"first","24":"onbackorder","25":"taxable","26":"shipping-taxable","27":"purchasable","28":"product-type-variable"},"yoast_head":"<!-- This site is optimized with the Yoast SEO plugin v27.2 - https:\/\/yoast.com\/product\/yoast-seo-wordpress\/ -->\n<title>Lack String Body | Clubwear | Fetisch | WOJOER<\/title>\n<meta name=\"description\" content=\"Cyberskin String Body - spaciger und gl\u00e4nzender semaless Body mit Rei\u00dfverschluss am R\u00fccken, welcher bis \u00fcber das Suspensorium geht. Aus edlem Lackstoff! Tief wirkendes Wabenmuster umschlie\u00dft dich mystisch, aufregend und garantiert hei\u00dfe Stunden...\" \/>\n<meta name=\"robots\" content=\"index, follow, max-snippet:-1, max-image-preview:large, max-video-preview:-1\" \/>\n<link rel=\"canonical\" href=\"https:\/\/www.wojoer.de\/en\/produkt\/lack-string-body\/\" \/>\n<meta name=\"twitter:card\" content=\"summary_large_image\" \/>\n<meta name=\"twitter:title\" content=\"Lack String Body | Clubwear | Fetisch | WOJOER\" \/>\n<meta name=\"twitter:description\" content=\"Cyberskin String Body - spaciger und gl\u00e4nzender semaless Body mit Rei\u00dfverschluss am R\u00fccken, welcher bis \u00fcber das Suspensorium geht. Aus edlem Lackstoff! Tief wirkendes Wabenmuster umschlie\u00dft dich mystisch, aufregend und garantiert hei\u00dfe Stunden...\" \/>\n<meta name=\"twitter:image\" content=\"https:\/\/www.wojoer.de\/wp-content\/uploads\/2022\/11\/0101-A008-VM-00-06-Lack-LangarmStringBody-mittel-schwarz-side-wojoer.jpg\" \/>\n<meta name=\"twitter:label1\" content=\"Estimated reading time\" \/>\n\t<meta name=\"twitter:data1\" content=\"2 minutes\" \/>\n<script type=\"application\/ld+json\" class=\"yoast-schema-graph\">{\"@context\":\"https:\/\/schema.org\",\"@graph\":[{\"@type\":\"WebPage\",\"@id\":\"https:\/\/www.wojoer.de\/produkt\/lack-string-body\/\",\"url\":\"https:\/\/www.wojoer.de\/produkt\/lack-string-body\/\",\"name\":\"Lack String Body | Clubwear | Fetisch | WOJOER\",\"isPartOf\":{\"@id\":\"https:\/\/www.wojoer.de\/#website\"},\"primaryImageOfPage\":{\"@id\":\"https:\/\/www.wojoer.de\/produkt\/lack-string-body\/#primaryimage\"},\"image\":{\"@id\":\"https:\/\/www.wojoer.de\/produkt\/lack-string-body\/#primaryimage\"},\"thumbnailUrl\":\"https:\/\/www.wojoer.de\/wp-content\/uploads\/2022\/11\/0101-A008-VM-00-06-Lack-LangarmStringBody-mittel-schwarz-side-wojoer.jpg\",\"datePublished\":\"2022-12-01T08:18:02+00:00\",\"dateModified\":\"2024-09-03T06:27:00+00:00\",\"description\":\"Cyberskin String Body - spaciger und gl\u00e4nzender semaless Body mit Rei\u00dfverschluss am R\u00fccken, welcher bis \u00fcber das Suspensorium geht. Aus edlem Lackstoff! Tief wirkendes Wabenmuster umschlie\u00dft dich mystisch, aufregend und garantiert hei\u00dfe Stunden...\",\"breadcrumb\":{\"@id\":\"https:\/\/www.wojoer.de\/produkt\/lack-string-body\/#breadcrumb\"},\"inLanguage\":\"en-GB\",\"potentialAction\":[{\"@type\":\"ReadAction\",\"target\":[\"https:\/\/www.wojoer.de\/produkt\/lack-string-body\/\"]}]},{\"@type\":\"ImageObject\",\"inLanguage\":\"en-GB\",\"@id\":\"https:\/\/www.wojoer.de\/produkt\/lack-string-body\/#primaryimage\",\"url\":\"https:\/\/www.wojoer.de\/wp-content\/uploads\/2022\/11\/0101-A008-VM-00-06-Lack-LangarmStringBody-mittel-schwarz-side-wojoer.jpg\",\"contentUrl\":\"https:\/\/www.wojoer.de\/wp-content\/uploads\/2022\/11\/0101-A008-VM-00-06-Lack-LangarmStringBody-mittel-schwarz-side-wojoer.jpg\",\"width\":2002,\"height\":2002},{\"@type\":\"BreadcrumbList\",\"@id\":\"https:\/\/www.wojoer.de\/produkt\/lack-string-body\/#breadcrumb\",\"itemListElement\":[{\"@type\":\"ListItem\",\"position\":1,\"name\":\"Startseite\",\"item\":\"https:\/\/www.wojoer.de\/\"},{\"@type\":\"ListItem\",\"position\":2,\"name\":\"SHOP\",\"item\":\"https:\/\/www.wojoer.de\/shop\/\"},{\"@type\":\"ListItem\",\"position\":3,\"name\":\"Langarm Lack String Body\"}]},{\"@type\":\"WebSite\",\"@id\":\"https:\/\/www.wojoer.de\/#website\",\"url\":\"https:\/\/www.wojoer.de\/\",\"name\":\"WOJOER\",\"description\":\"clubwear for men\",\"publisher\":{\"@id\":\"https:\/\/www.wojoer.de\/#organization\"},\"potentialAction\":[{\"@type\":\"SearchAction\",\"target\":{\"@type\":\"EntryPoint\",\"urlTemplate\":\"https:\/\/www.wojoer.de\/?s={search_term_string}\"},\"query-input\":{\"@type\":\"PropertyValueSpecification\",\"valueRequired\":true,\"valueName\":\"search_term_string\"}}],\"inLanguage\":\"en-GB\"},{\"@type\":\"Organization\",\"@id\":\"https:\/\/www.wojoer.de\/#organization\",\"name\":\"Wonneberger-Manufaktur\",\"url\":\"https:\/\/www.wojoer.de\/\",\"logo\":{\"@type\":\"ImageObject\",\"inLanguage\":\"en-GB\",\"@id\":\"https:\/\/www.wojoer.de\/#\/schema\/logo\/image\/\",\"url\":\"https:\/\/www.wojoer.de\/wp-content\/uploads\/2016\/11\/wonnebergermanufaktur_logo_BUTTON.png\",\"contentUrl\":\"https:\/\/www.wojoer.de\/wp-content\/uploads\/2016\/11\/wonnebergermanufaktur_logo_BUTTON.png\",\"width\":765,\"height\":765,\"caption\":\"Wonneberger-Manufaktur\"},\"image\":{\"@id\":\"https:\/\/www.wojoer.de\/#\/schema\/logo\/image\/\"},\"sameAs\":[\"https:\/\/www.facebook.com\/wojoer\/\",\"https:\/\/de.pinterest.com\/W0J0ER\/\"]}]}<\/script>\n<!-- \/ Yoast SEO plugin. -->","yoast_head_json":{"title":"Lack String Body | Clubwear | Fetisch | WOJOER","description":"Cyberskin String Body - spaciger und gl\u00e4nzender semaless Body mit Rei\u00dfverschluss am R\u00fccken, welcher bis \u00fcber das Suspensorium geht. Aus edlem Lackstoff! Tief wirkendes Wabenmuster umschlie\u00dft dich mystisch, aufregend und garantiert hei\u00dfe Stunden...","robots":{"index":"index","follow":"follow","max-snippet":"max-snippet:-1","max-image-preview":"max-image-preview:large","max-video-preview":"max-video-preview:-1"},"canonical":"https:\/\/www.wojoer.de\/en\/produkt\/lack-string-body\/","twitter_card":"summary_large_image","twitter_title":"[:de]Lack String Body | Clubwear | Fetisch | WOJOER[:]","twitter_description":"[:de]Cyberskin String Body - spaciger und gl\u00e4nzender semaless Body mit Rei\u00dfverschluss am R\u00fccken, welcher bis \u00fcber das Suspensorium geht. Aus edlem Lackstoff! Tief wirkendes Wabenmuster umschlie\u00dft dich mystisch, aufregend und garantiert hei\u00dfe Stunden...[:]","twitter_image":"https:\/\/www.wojoer.de\/wp-content\/uploads\/2022\/11\/0101-A008-VM-00-06-Lack-LangarmStringBody-mittel-schwarz-side-wojoer.jpg","twitter_misc":{"Estimated reading time":"2 minutes"},"schema":{"@context":"https:\/\/schema.org","@graph":[{"@type":"WebPage","@id":"https:\/\/www.wojoer.de\/produkt\/lack-string-body\/","url":"https:\/\/www.wojoer.de\/produkt\/lack-string-body\/","name":"Lack String Body | Clubwear | Fetisch | WOJOER","isPartOf":{"@id":"https:\/\/www.wojoer.de\/#website"},"primaryImageOfPage":{"@id":"https:\/\/www.wojoer.de\/produkt\/lack-string-body\/#primaryimage"},"image":{"@id":"https:\/\/www.wojoer.de\/produkt\/lack-string-body\/#primaryimage"},"thumbnailUrl":"https:\/\/www.wojoer.de\/wp-content\/uploads\/2022\/11\/0101-A008-VM-00-06-Lack-LangarmStringBody-mittel-schwarz-side-wojoer.jpg","datePublished":"2022-12-01T08:18:02+00:00","dateModified":"2024-09-03T06:27:00+00:00","description":"Cyberskin String Body - spaciger und gl\u00e4nzender semaless Body mit Rei\u00dfverschluss am R\u00fccken, welcher bis \u00fcber das Suspensorium geht. Aus edlem Lackstoff! Tief wirkendes Wabenmuster umschlie\u00dft dich mystisch, aufregend und garantiert hei\u00dfe Stunden...","breadcrumb":{"@id":"https:\/\/www.wojoer.de\/produkt\/lack-string-body\/#breadcrumb"},"inLanguage":"en-GB","potentialAction":[{"@type":"ReadAction","target":["https:\/\/www.wojoer.de\/produkt\/lack-string-body\/"]}]},{"@type":"ImageObject","inLanguage":"en-GB","@id":"https:\/\/www.wojoer.de\/produkt\/lack-string-body\/#primaryimage","url":"https:\/\/www.wojoer.de\/wp-content\/uploads\/2022\/11\/0101-A008-VM-00-06-Lack-LangarmStringBody-mittel-schwarz-side-wojoer.jpg","contentUrl":"https:\/\/www.wojoer.de\/wp-content\/uploads\/2022\/11\/0101-A008-VM-00-06-Lack-LangarmStringBody-mittel-schwarz-side-wojoer.jpg","width":2002,"height":2002},{"@type":"BreadcrumbList","@id":"https:\/\/www.wojoer.de\/produkt\/lack-string-body\/#breadcrumb","itemListElement":[{"@type":"ListItem","position":1,"name":"Startseite","item":"https:\/\/www.wojoer.de\/"},{"@type":"ListItem","position":2,"name":"SHOP","item":"https:\/\/www.wojoer.de\/shop\/"},{"@type":"ListItem","position":3,"name":"Langarm Lack String Body"}]},{"@type":"WebSite","@id":"https:\/\/www.wojoer.de\/#website","url":"https:\/\/www.wojoer.de\/","name":"WOJOER","description":"clubwear for men","publisher":{"@id":"https:\/\/www.wojoer.de\/#organization"},"potentialAction":[{"@type":"SearchAction","target":{"@type":"EntryPoint","urlTemplate":"https:\/\/www.wojoer.de\/?s={search_term_string}"},"query-input":{"@type":"PropertyValueSpecification","valueRequired":true,"valueName":"search_term_string"}}],"inLanguage":"en-GB"},{"@type":"Organization","@id":"https:\/\/www.wojoer.de\/#organization","name":"Wonneberger-Manufaktur","url":"https:\/\/www.wojoer.de\/","logo":{"@type":"ImageObject","inLanguage":"en-GB","@id":"https:\/\/www.wojoer.de\/#\/schema\/logo\/image\/","url":"https:\/\/www.wojoer.de\/wp-content\/uploads\/2016\/11\/wonnebergermanufaktur_logo_BUTTON.png","contentUrl":"https:\/\/www.wojoer.de\/wp-content\/uploads\/2016\/11\/wonnebergermanufaktur_logo_BUTTON.png","width":765,"height":765,"caption":"Wonneberger-Manufaktur"},"image":{"@id":"https:\/\/www.wojoer.de\/#\/schema\/logo\/image\/"},"sameAs":["https:\/\/www.facebook.com\/wojoer\/","https:\/\/de.pinterest.com\/W0J0ER\/"]}]}},"_links":{"self":[{"href":"https:\/\/www.wojoer.de\/en\/wp-json\/wp\/v2\/product\/39160","targetHints":{"allow":["GET"]}}],"collection":[{"href":"https:\/\/www.wojoer.de\/en\/wp-json\/wp\/v2\/product"}],"about":[{"href":"https:\/\/www.wojoer.de\/en\/wp-json\/wp\/v2\/types\/product"}],"replies":[{"embeddable":true,"href":"https:\/\/www.wojoer.de\/en\/wp-json\/wp\/v2\/comments?post=39160"}],"wp:featuredmedia":[{"embeddable":true,"href":"https:\/\/www.wojoer.de\/en\/wp-json\/wp\/v2\/media\/39166"}],"wp:attachment":[{"href":"https:\/\/www.wojoer.de\/en\/wp-json\/wp\/v2\/media?parent=39160"}],"wp:term":[{"taxonomy":"product_brand","embeddable":true,"href":"https:\/\/www.wojoer.de\/en\/wp-json\/wp\/v2\/product_brand?post=39160"},{"taxonomy":"product_cat","embeddable":true,"href":"https:\/\/www.wojoer.de\/en\/wp-json\/wp\/v2\/product_cat?post=39160"},{"taxonomy":"product_tag","embeddable":true,"href":"https:\/\/www.wojoer.de\/en\/wp-json\/wp\/v2\/product_tag?post=39160"}],"curies":[{"name":"wp","href":"https:\/\/api.w.org\/{rel}","templated":true}]}}