{"id":39484,"date":"2025-04-12T08:35:00","date_gmt":"2025-04-12T06:35:00","guid":{"rendered":"https:\/\/www.wojoer.de\/?post_type=product&#038;p=39484"},"modified":"2026-04-04T12:11:21","modified_gmt":"2026-04-04T10:11:21","slug":"ouvert-jock-thong-lack","status":"publish","type":"product","link":"https:\/\/www.wojoer.de\/en\/produkt\/ouvert-jock-thong-lack\/","title":{"rendered":"Vinyl Ouverte Jock String"},"content":{"rendered":"<p>This Jock String J003 belongs to the Wojoer<a href=\"https:\/\/www.wojoer.de\/?s=live&#038;post_type=product\"> LIVE products<\/a>. They are produced from our order. This enables us to respond individually to customer requests.<\/p>\n<p><strong>Sizes<\/strong><\/p>\n<p>Available in sizes 32-42<\/p>\n<p><strong>Material composition<\/strong><\/p>\n<p>Leather like: 92% polyester | 8% elastane<\/p>\n<p><strong>Particularities<\/strong><\/p>\n<p><a href=\"https:\/\/www.wojoer.de\/?s=live&#038;post_type=product\">LIVE product<\/a> | matt fine varnish | stretchy | pleasantly elastic | high quality | Made in Germany<\/p>\n<p><strong>Wash instructions<\/strong><\/p>\n<p>Hand wash<\/p>\n<p><strong>Patent leather Jock String &#8211; Men\u2019s varnish Jock String &#8211; Sexy Ouverte Jock String<br \/>\n<\/strong><\/p>\n<p>Airy, free and PUR &#8211; get in touch, dance closely, let strange hands slide into your crotch and your partner will feel your pure femininity until there is no stopping you. Maybe in the broom closet, the locker room, on the toilet!? Or on the beach, right next to the hip beach party? No clich\u00e9 is too cheesy here! This body is so excitingly hot and perfect for the adventurous, hot quickie in between. The vegan string body is made to keep your sex life at the highest level! Into the pleasure! And because it is so sexy and comfortable at the same time, there is the right partner look for your partner.<\/p>\n<p>Click here for the <a href=\"https:\/\/www.wojoer.de\/groessentabelle\/\">size chart<\/a>.<\/p>\n","protected":false},"excerpt":{"rendered":"<p>Dieser glossy gl\u00e4nzende Ouvert Jock String\u00a0 aus dehnbarem Lack geh\u00f6rt in die Kategorie &#8220;LIVE&#8221;-Produkte. Produktion nur auf Bestellung.<br \/>\nGr\u00f6\u00dfen<br \/>\nErh\u00e4ltlich in den Gr\u00f6\u00dfen S, M, L, XL<br \/>\nMaterialzusammensetzung<br \/>\nStrechy Lack: 49% Polyurethan 47% Polyamid 4%Elasthan<br \/>\nBesonderheiten<br \/>\nLIVE Produkt | dehnbarer Lack | schwarz | angenehm elastisch\u2026<\/p>\n","protected":false},"featured_media":42352,"comment_status":"open","ping_status":"closed","template":"","meta":[],"product_brand":[],"product_cat":[854,116,114,169,473,326],"product_tag":[560,1060,905,294,487,119],"class_list":{"0":"post-39484","1":"product","2":"type-product","3":"status-publish","4":"has-post-thumbnail","6":"product_cat-365-wetleather","7":"product_cat-clubwear","8":"product_cat-fetisch","9":"product_cat-nos-never-out-of-stock","10":"product_cat-men","11":"product_cat-wojoer","12":"product_tag-glaenzend","13":"product_tag-jock","14":"product_tag-jock-strap","15":"product_tag-lack","16":"product_tag-ouverte","17":"product_tag-string","18":"product_shipping_class-beun","19":"pa_groesse-l","20":"pa_groesse-m","21":"pa_groesse-s","22":"pa_groesse-xl","23":"pa_groesse-xxl","24":"pa_groesse-xxxl","25":"pif-has-gallery","26":"post-1","27":"odd","29":"first","30":"instock","31":"taxable","32":"shipping-taxable","33":"purchasable","34":"product-type-variable"},"yoast_head":"<!-- This site is optimized with the Yoast SEO plugin v27.2 - https:\/\/yoast.com\/product\/yoast-seo-wordpress\/ -->\n<title>Ouverte Jock Thong | airy, free and pure | varnish | WOJOER<\/title>\n<meta name=\"description\" content=\"Ouverte Jock Thong - perfect for the hot, lusty quikie in between. No matter when, (almost) no matter where - open, airy and immediately plump, your desire is no longer in the way ...\" \/>\n<meta name=\"robots\" content=\"index, follow, max-snippet:-1, max-image-preview:large, max-video-preview:-1\" \/>\n<link rel=\"canonical\" href=\"https:\/\/www.wojoer.de\/en\/produkt\/ouvert-jock-thong-lack\/\" \/>\n<meta name=\"twitter:card\" content=\"summary_large_image\" \/>\n<meta name=\"twitter:title\" content=\"Ouverte Jock Thong | airy, free and pure | varnish | WOJOER\" \/>\n<meta name=\"twitter:description\" content=\"Ouverte Jock Thong - perfect for the hot, lusty quikie in between. No matter when, (almost) no matter where - open, airy and immediately plump, your desire is no longer in the way ...\" \/>\n<meta name=\"twitter:image\" content=\"https:\/\/www.wojoer.de\/wp-content\/uploads\/2024\/02\/0101-J003-0M-00_Wetleather_Lack_Ouvert_Jock_String_back_detail_wojoer.jpg\" \/>\n<meta name=\"twitter:label1\" content=\"Estimated reading time\" \/>\n\t<meta name=\"twitter:data1\" content=\"2 minutes\" \/>\n<script type=\"application\/ld+json\" class=\"yoast-schema-graph\">{\"@context\":\"https:\/\/schema.org\",\"@graph\":[{\"@type\":\"WebPage\",\"@id\":\"https:\/\/www.wojoer.de\/en\/produkt\/ouvert-jock-thong-lack\/\",\"url\":\"https:\/\/www.wojoer.de\/en\/produkt\/ouvert-jock-thong-lack\/\",\"name\":\"Ouverte Jock Thong | airy, free and pure | varnish | WOJOER\",\"isPartOf\":{\"@id\":\"https:\/\/www.wojoer.de\/#website\"},\"primaryImageOfPage\":{\"@id\":\"https:\/\/www.wojoer.de\/en\/produkt\/ouvert-jock-thong-lack\/#primaryimage\"},\"image\":{\"@id\":\"https:\/\/www.wojoer.de\/en\/produkt\/ouvert-jock-thong-lack\/#primaryimage\"},\"thumbnailUrl\":\"https:\/\/www.wojoer.de\/wp-content\/uploads\/2024\/02\/0101-J003-0M-00_Wetleather_Lack_Ouvert_Jock_String_back_detail_wojoer.jpg\",\"datePublished\":\"2025-04-12T06:35:00+00:00\",\"dateModified\":\"2026-04-04T10:11:21+00:00\",\"description\":\"Ouverte Jock Thong - perfect for the hot, lusty quikie in between. No matter when, (almost) no matter where - open, airy and immediately plump, your desire is no longer in the way ...\",\"breadcrumb\":{\"@id\":\"https:\/\/www.wojoer.de\/en\/produkt\/ouvert-jock-thong-lack\/#breadcrumb\"},\"inLanguage\":\"en-GB\",\"potentialAction\":[{\"@type\":\"ReadAction\",\"target\":[\"https:\/\/www.wojoer.de\/en\/produkt\/ouvert-jock-thong-lack\/\"]}]},{\"@type\":\"ImageObject\",\"inLanguage\":\"en-GB\",\"@id\":\"https:\/\/www.wojoer.de\/en\/produkt\/ouvert-jock-thong-lack\/#primaryimage\",\"url\":\"https:\/\/www.wojoer.de\/wp-content\/uploads\/2024\/02\/0101-J003-0M-00_Wetleather_Lack_Ouvert_Jock_String_back_detail_wojoer.jpg\",\"contentUrl\":\"https:\/\/www.wojoer.de\/wp-content\/uploads\/2024\/02\/0101-J003-0M-00_Wetleather_Lack_Ouvert_Jock_String_back_detail_wojoer.jpg\",\"width\":2002,\"height\":2054,\"caption\":\"Lack Ouvert Jock Thong Gay Wellness\"},{\"@type\":\"BreadcrumbList\",\"@id\":\"https:\/\/www.wojoer.de\/en\/produkt\/ouvert-jock-thong-lack\/#breadcrumb\",\"itemListElement\":[{\"@type\":\"ListItem\",\"position\":1,\"name\":\"Startseite\",\"item\":\"https:\/\/www.wojoer.de\/\"},{\"@type\":\"ListItem\",\"position\":2,\"name\":\"SHOP\",\"item\":\"https:\/\/www.wojoer.de\/shop\/\"},{\"@type\":\"ListItem\",\"position\":3,\"name\":\"Vinyl Ouverte Jock String\"}]},{\"@type\":\"WebSite\",\"@id\":\"https:\/\/www.wojoer.de\/#website\",\"url\":\"https:\/\/www.wojoer.de\/\",\"name\":\"WOJOER\",\"description\":\"clubwear for men\",\"publisher\":{\"@id\":\"https:\/\/www.wojoer.de\/#organization\"},\"potentialAction\":[{\"@type\":\"SearchAction\",\"target\":{\"@type\":\"EntryPoint\",\"urlTemplate\":\"https:\/\/www.wojoer.de\/?s={search_term_string}\"},\"query-input\":{\"@type\":\"PropertyValueSpecification\",\"valueRequired\":true,\"valueName\":\"search_term_string\"}}],\"inLanguage\":\"en-GB\"},{\"@type\":\"Organization\",\"@id\":\"https:\/\/www.wojoer.de\/#organization\",\"name\":\"Wonneberger-Manufaktur\",\"url\":\"https:\/\/www.wojoer.de\/\",\"logo\":{\"@type\":\"ImageObject\",\"inLanguage\":\"en-GB\",\"@id\":\"https:\/\/www.wojoer.de\/#\/schema\/logo\/image\/\",\"url\":\"https:\/\/www.wojoer.de\/wp-content\/uploads\/2016\/11\/wonnebergermanufaktur_logo_BUTTON.png\",\"contentUrl\":\"https:\/\/www.wojoer.de\/wp-content\/uploads\/2016\/11\/wonnebergermanufaktur_logo_BUTTON.png\",\"width\":765,\"height\":765,\"caption\":\"Wonneberger-Manufaktur\"},\"image\":{\"@id\":\"https:\/\/www.wojoer.de\/#\/schema\/logo\/image\/\"},\"sameAs\":[\"https:\/\/www.facebook.com\/wojoer\/\",\"https:\/\/de.pinterest.com\/W0J0ER\/\"]}]}<\/script>\n<!-- \/ Yoast SEO plugin. -->","yoast_head_json":{"title":"Ouverte Jock Thong | airy, free and pure | varnish | WOJOER","description":"Ouverte Jock Thong - perfect for the hot, lusty quikie in between. No matter when, (almost) no matter where - open, airy and immediately plump, your desire is no longer in the way ...","robots":{"index":"index","follow":"follow","max-snippet":"max-snippet:-1","max-image-preview":"max-image-preview:large","max-video-preview":"max-video-preview:-1"},"canonical":"https:\/\/www.wojoer.de\/en\/produkt\/ouvert-jock-thong-lack\/","twitter_card":"summary_large_image","twitter_title":"[:de]Ouvert Jock String | BDSM | Lack | gl\u00e4nzend | WOJOER[:en]Ouverte Jock Thong | airy, free and pure | varnish | WOJOER[:]","twitter_description":"[:de]Ouvert Jock String - perfekt f\u00fcr den hei\u00dfen, lustvollen Quickie zwischendurch. Egal wann, (fast) egal wo - offen, hei\u00df und sofort prall steht deiner Lust nicht's mehr im Wege...[:en]Ouverte Jock Thong - perfect for the hot, lusty quikie in between. No matter when, (almost) no matter where - open, airy and immediately plump, your desire is no longer in the way ...[:]","twitter_image":"https:\/\/www.wojoer.de\/wp-content\/uploads\/2024\/02\/0101-J003-0M-00_Wetleather_Lack_Ouvert_Jock_String_back_detail_wojoer.jpg","twitter_misc":{"Estimated reading time":"2 minutes"},"schema":{"@context":"https:\/\/schema.org","@graph":[{"@type":"WebPage","@id":"https:\/\/www.wojoer.de\/en\/produkt\/ouvert-jock-thong-lack\/","url":"https:\/\/www.wojoer.de\/en\/produkt\/ouvert-jock-thong-lack\/","name":"Ouverte Jock Thong | airy, free and pure | varnish | WOJOER","isPartOf":{"@id":"https:\/\/www.wojoer.de\/#website"},"primaryImageOfPage":{"@id":"https:\/\/www.wojoer.de\/en\/produkt\/ouvert-jock-thong-lack\/#primaryimage"},"image":{"@id":"https:\/\/www.wojoer.de\/en\/produkt\/ouvert-jock-thong-lack\/#primaryimage"},"thumbnailUrl":"https:\/\/www.wojoer.de\/wp-content\/uploads\/2024\/02\/0101-J003-0M-00_Wetleather_Lack_Ouvert_Jock_String_back_detail_wojoer.jpg","datePublished":"2025-04-12T06:35:00+00:00","dateModified":"2026-04-04T10:11:21+00:00","description":"Ouverte Jock Thong - perfect for the hot, lusty quikie in between. No matter when, (almost) no matter where - open, airy and immediately plump, your desire is no longer in the way ...","breadcrumb":{"@id":"https:\/\/www.wojoer.de\/en\/produkt\/ouvert-jock-thong-lack\/#breadcrumb"},"inLanguage":"en-GB","potentialAction":[{"@type":"ReadAction","target":["https:\/\/www.wojoer.de\/en\/produkt\/ouvert-jock-thong-lack\/"]}]},{"@type":"ImageObject","inLanguage":"en-GB","@id":"https:\/\/www.wojoer.de\/en\/produkt\/ouvert-jock-thong-lack\/#primaryimage","url":"https:\/\/www.wojoer.de\/wp-content\/uploads\/2024\/02\/0101-J003-0M-00_Wetleather_Lack_Ouvert_Jock_String_back_detail_wojoer.jpg","contentUrl":"https:\/\/www.wojoer.de\/wp-content\/uploads\/2024\/02\/0101-J003-0M-00_Wetleather_Lack_Ouvert_Jock_String_back_detail_wojoer.jpg","width":2002,"height":2054,"caption":"Lack Ouvert Jock Thong Gay Wellness"},{"@type":"BreadcrumbList","@id":"https:\/\/www.wojoer.de\/en\/produkt\/ouvert-jock-thong-lack\/#breadcrumb","itemListElement":[{"@type":"ListItem","position":1,"name":"Startseite","item":"https:\/\/www.wojoer.de\/"},{"@type":"ListItem","position":2,"name":"SHOP","item":"https:\/\/www.wojoer.de\/shop\/"},{"@type":"ListItem","position":3,"name":"Vinyl Ouverte Jock String"}]},{"@type":"WebSite","@id":"https:\/\/www.wojoer.de\/#website","url":"https:\/\/www.wojoer.de\/","name":"WOJOER","description":"clubwear for men","publisher":{"@id":"https:\/\/www.wojoer.de\/#organization"},"potentialAction":[{"@type":"SearchAction","target":{"@type":"EntryPoint","urlTemplate":"https:\/\/www.wojoer.de\/?s={search_term_string}"},"query-input":{"@type":"PropertyValueSpecification","valueRequired":true,"valueName":"search_term_string"}}],"inLanguage":"en-GB"},{"@type":"Organization","@id":"https:\/\/www.wojoer.de\/#organization","name":"Wonneberger-Manufaktur","url":"https:\/\/www.wojoer.de\/","logo":{"@type":"ImageObject","inLanguage":"en-GB","@id":"https:\/\/www.wojoer.de\/#\/schema\/logo\/image\/","url":"https:\/\/www.wojoer.de\/wp-content\/uploads\/2016\/11\/wonnebergermanufaktur_logo_BUTTON.png","contentUrl":"https:\/\/www.wojoer.de\/wp-content\/uploads\/2016\/11\/wonnebergermanufaktur_logo_BUTTON.png","width":765,"height":765,"caption":"Wonneberger-Manufaktur"},"image":{"@id":"https:\/\/www.wojoer.de\/#\/schema\/logo\/image\/"},"sameAs":["https:\/\/www.facebook.com\/wojoer\/","https:\/\/de.pinterest.com\/W0J0ER\/"]}]}},"_links":{"self":[{"href":"https:\/\/www.wojoer.de\/en\/wp-json\/wp\/v2\/product\/39484","targetHints":{"allow":["GET"]}}],"collection":[{"href":"https:\/\/www.wojoer.de\/en\/wp-json\/wp\/v2\/product"}],"about":[{"href":"https:\/\/www.wojoer.de\/en\/wp-json\/wp\/v2\/types\/product"}],"replies":[{"embeddable":true,"href":"https:\/\/www.wojoer.de\/en\/wp-json\/wp\/v2\/comments?post=39484"}],"wp:featuredmedia":[{"embeddable":true,"href":"https:\/\/www.wojoer.de\/en\/wp-json\/wp\/v2\/media\/42352"}],"wp:attachment":[{"href":"https:\/\/www.wojoer.de\/en\/wp-json\/wp\/v2\/media?parent=39484"}],"wp:term":[{"taxonomy":"product_brand","embeddable":true,"href":"https:\/\/www.wojoer.de\/en\/wp-json\/wp\/v2\/product_brand?post=39484"},{"taxonomy":"product_cat","embeddable":true,"href":"https:\/\/www.wojoer.de\/en\/wp-json\/wp\/v2\/product_cat?post=39484"},{"taxonomy":"product_tag","embeddable":true,"href":"https:\/\/www.wojoer.de\/en\/wp-json\/wp\/v2\/product_tag?post=39484"}],"curies":[{"name":"wp","href":"https:\/\/api.w.org\/{rel}","templated":true}]}}