{"id":39699,"date":"2023-04-06T10:52:59","date_gmt":"2023-04-06T08:52:59","guid":{"rendered":"https:\/\/www.wojoer.de\/?post_type=product&#038;p=39699"},"modified":"2026-04-20T11:11:41","modified_gmt":"2026-04-20T09:11:41","slug":"genoppt-slip-392w397-s","status":"publish","type":"product","link":"https:\/\/www.wojoer.de\/en\/produkt\/genoppt-slip-392w397-s\/","title":{"rendered":"Genoppt Slip 392W397 vintage look"},"content":{"rendered":"<p>Dieser Silikonnoppen vintage Slip 392W397-S gibt\u2019s nur in limitierter Auflage \u2013 ONLYFORME!<\/p>\n<h3>Gr\u00f6\u00dfen<\/h3>\n<p>Erh\u00e4ltlich in den Gr\u00f6\u00dfen S, M, L, XL<\/p>\n<h3>Materialzusammensetzung<\/h3>\n<p>Noppenstoff: 90% Polyester, 10 % Elasthan<\/p>\n<h3>Besonderheiten<\/h3>\n<p>haptisches Erlebnis durch Noppen | schwarzer Stoff mit schwarzen Noppen | haut enge Passform | weiche Noppen| stabil und bi-elastisch | atmungsaktiv |hochwertige Verarbeitung &#8220;Made in Germany&#8221;<\/p>\n<h3><strong>Benutzerhinweise<\/strong><\/h3>\n<p>30\u00b0 Grad Schonw\u00e4sche<\/p>\n<h3>Vintage Genoppt Slip &#8211; sexy Unterw\u00e4sche f\u00fcr Herren<\/h3>\n<p>Bei diesem Slip lautet das Motto: &#8220;Freimachen bitte!&#8221;<\/p>\n<p>Dieser Slip ist eine gelungene Kombination aus einem genoppten Stoff mit schwarzem Lederimitat und einem Vintage-Finishing. Das schwarze B\u00fcndchen aus veganem Leder legt sich sanft auf deine Haut und schmeichelt deinen H\u00fcften. Die weichen schwarzen Noppen geben eine angenehme Haptik und man kann nicht die Finger von dir lassen. Sooo hei\u00df! Dies kann sich niemand entziehen. Deiner Fantasie sind keine Grenzen gesetzt! Die Eigenschaften des \u00e4u\u00dferst samtweichen, angenehmen Stoffes ist ein Erlebnis deiner Sinne!<\/p>\n","protected":false},"excerpt":{"rendered":"<p>Dieser Silikonnoppen vintage Slip 392W397-S gibt\u2019s nur in limitierter Auflage \u2013 ONLYFORME!<br \/>\nGr\u00f6\u00dfen<br \/>\nErh\u00e4ltlich in den Gr\u00f6\u00dfen S, M, L, XL<br \/>\nMaterialzusammensetzung<br \/>\nNoppenstoff: 90% Polyester, 10 % Elasthan<br \/>\nBesonderheiten<br \/>\nhaptisches Erlebnis durch Noppen | schwarzer Stoff mit schwarzen Noppen | haut enge Passform | weiche Noppen|\u2026<\/p>\n","protected":false},"featured_media":45579,"comment_status":"open","ping_status":"closed","template":"","meta":[],"product_brand":[],"product_cat":[342],"product_tag":[298,295],"class_list":{"0":"post-39699","1":"product","2":"type-product","3":"status-publish","4":"has-post-thumbnail","6":"product_cat-sale","7":"product_tag-noppen","8":"product_tag-slip","9":"product_shipping_class-beun","10":"pa_groesse-l","11":"pa_groesse-m","12":"pa_groesse-s","13":"pa_groesse-xl","14":"pif-has-gallery","15":"post-1","16":"odd","18":"first","19":"instock","20":"sale","21":"taxable","22":"shipping-taxable","23":"purchasable","24":"product-type-variable","25":"has-default-attributes"},"yoast_head":"<!-- This site is optimized with the Yoast SEO plugin v27.2 - https:\/\/yoast.com\/product\/yoast-seo-wordpress\/ -->\n<title>Genoppt Slip | schwarz | samtweich | WOJOER<\/title>\n<meta name=\"description\" content=\"Genoppt Slip ... Der hautenge,schwarz Noppenstoff ist ungewohnt erotisch undd \u00e4u\u00dferst erregend. Jetzt versandkostenfrei online bestellen.\" \/>\n<meta name=\"robots\" content=\"index, follow, max-snippet:-1, max-image-preview:large, max-video-preview:-1\" \/>\n<link rel=\"canonical\" href=\"https:\/\/www.wojoer.de\/en\/produkt\/genoppt-slip-392w397-s\/\" \/>\n<meta name=\"twitter:card\" content=\"summary_large_image\" \/>\n<meta name=\"twitter:title\" content=\"Genoppt Slip | schwarz | samtweich | WOJOER\" \/>\n<meta name=\"twitter:description\" content=\"Genoppt Slip ... Der hautenge,schwarz Noppenstoff ist ungewohnt erotisch undd \u00e4u\u00dferst erregend. Jetzt versandkostenfrei online bestellen.\" \/>\n<meta name=\"twitter:image\" content=\"https:\/\/www.wojoer.de\/wp-content\/uploads\/2024\/09\/IMG4.jpg\" \/>\n<meta name=\"twitter:label1\" content=\"Estimated reading time\" \/>\n\t<meta name=\"twitter:data1\" content=\"1 minute\" \/>\n<script type=\"application\/ld+json\" class=\"yoast-schema-graph\">{\"@context\":\"https:\/\/schema.org\",\"@graph\":[{\"@type\":\"WebPage\",\"@id\":\"https:\/\/www.wojoer.de\/produkt\/genoppt-slip-392w397-s\/\",\"url\":\"https:\/\/www.wojoer.de\/produkt\/genoppt-slip-392w397-s\/\",\"name\":\"Genoppt Slip | schwarz | samtweich | WOJOER\",\"isPartOf\":{\"@id\":\"https:\/\/www.wojoer.de\/#website\"},\"primaryImageOfPage\":{\"@id\":\"https:\/\/www.wojoer.de\/produkt\/genoppt-slip-392w397-s\/#primaryimage\"},\"image\":{\"@id\":\"https:\/\/www.wojoer.de\/produkt\/genoppt-slip-392w397-s\/#primaryimage\"},\"thumbnailUrl\":\"https:\/\/www.wojoer.de\/wp-content\/uploads\/2024\/09\/IMG4.jpg\",\"datePublished\":\"2023-04-06T08:52:59+00:00\",\"dateModified\":\"2026-04-20T09:11:41+00:00\",\"description\":\"Genoppt Slip ... Der hautenge,schwarz Noppenstoff ist ungewohnt erotisch undd \u00e4u\u00dferst erregend. Jetzt versandkostenfrei online bestellen.\",\"breadcrumb\":{\"@id\":\"https:\/\/www.wojoer.de\/produkt\/genoppt-slip-392w397-s\/#breadcrumb\"},\"inLanguage\":\"en-GB\",\"potentialAction\":[{\"@type\":\"ReadAction\",\"target\":[\"https:\/\/www.wojoer.de\/produkt\/genoppt-slip-392w397-s\/\"]}]},{\"@type\":\"ImageObject\",\"inLanguage\":\"en-GB\",\"@id\":\"https:\/\/www.wojoer.de\/produkt\/genoppt-slip-392w397-s\/#primaryimage\",\"url\":\"https:\/\/www.wojoer.de\/wp-content\/uploads\/2024\/09\/IMG4.jpg\",\"contentUrl\":\"https:\/\/www.wojoer.de\/wp-content\/uploads\/2024\/09\/IMG4.jpg\",\"width\":1001,\"height\":1001},{\"@type\":\"BreadcrumbList\",\"@id\":\"https:\/\/www.wojoer.de\/produkt\/genoppt-slip-392w397-s\/#breadcrumb\",\"itemListElement\":[{\"@type\":\"ListItem\",\"position\":1,\"name\":\"Startseite\",\"item\":\"https:\/\/www.wojoer.de\/\"},{\"@type\":\"ListItem\",\"position\":2,\"name\":\"SHOP\",\"item\":\"https:\/\/www.wojoer.de\/shop\/\"},{\"@type\":\"ListItem\",\"position\":3,\"name\":\"Genoppt Slip 392W397 vintage look\"}]},{\"@type\":\"WebSite\",\"@id\":\"https:\/\/www.wojoer.de\/#website\",\"url\":\"https:\/\/www.wojoer.de\/\",\"name\":\"WOJOER\",\"description\":\"clubwear for men\",\"publisher\":{\"@id\":\"https:\/\/www.wojoer.de\/#organization\"},\"potentialAction\":[{\"@type\":\"SearchAction\",\"target\":{\"@type\":\"EntryPoint\",\"urlTemplate\":\"https:\/\/www.wojoer.de\/?s={search_term_string}\"},\"query-input\":{\"@type\":\"PropertyValueSpecification\",\"valueRequired\":true,\"valueName\":\"search_term_string\"}}],\"inLanguage\":\"en-GB\"},{\"@type\":\"Organization\",\"@id\":\"https:\/\/www.wojoer.de\/#organization\",\"name\":\"Wonneberger-Manufaktur\",\"url\":\"https:\/\/www.wojoer.de\/\",\"logo\":{\"@type\":\"ImageObject\",\"inLanguage\":\"en-GB\",\"@id\":\"https:\/\/www.wojoer.de\/#\/schema\/logo\/image\/\",\"url\":\"https:\/\/www.wojoer.de\/wp-content\/uploads\/2016\/11\/wonnebergermanufaktur_logo_BUTTON.png\",\"contentUrl\":\"https:\/\/www.wojoer.de\/wp-content\/uploads\/2016\/11\/wonnebergermanufaktur_logo_BUTTON.png\",\"width\":765,\"height\":765,\"caption\":\"Wonneberger-Manufaktur\"},\"image\":{\"@id\":\"https:\/\/www.wojoer.de\/#\/schema\/logo\/image\/\"},\"sameAs\":[\"https:\/\/www.facebook.com\/wojoer\/\",\"https:\/\/de.pinterest.com\/W0J0ER\/\"]}]}<\/script>\n<!-- \/ Yoast SEO plugin. -->","yoast_head_json":{"title":"Genoppt Slip | schwarz | samtweich | WOJOER","description":"Genoppt Slip ... Der hautenge,schwarz Noppenstoff ist ungewohnt erotisch undd \u00e4u\u00dferst erregend. Jetzt versandkostenfrei online bestellen.","robots":{"index":"index","follow":"follow","max-snippet":"max-snippet:-1","max-image-preview":"max-image-preview:large","max-video-preview":"max-video-preview:-1"},"canonical":"https:\/\/www.wojoer.de\/en\/produkt\/genoppt-slip-392w397-s\/","twitter_card":"summary_large_image","twitter_title":"[:de]Genoppt Slip | schwarz | samtweich | WOJOER[:]","twitter_description":"[:de]Genoppt Slip ... Der hautenge,schwarz Noppenstoff ist ungewohnt erotisch undd \u00e4u\u00dferst erregend. Jetzt versandkostenfrei online bestellen.[:]","twitter_image":"https:\/\/www.wojoer.de\/wp-content\/uploads\/2024\/09\/IMG4.jpg","twitter_misc":{"Estimated reading time":"1 minute"},"schema":{"@context":"https:\/\/schema.org","@graph":[{"@type":"WebPage","@id":"https:\/\/www.wojoer.de\/produkt\/genoppt-slip-392w397-s\/","url":"https:\/\/www.wojoer.de\/produkt\/genoppt-slip-392w397-s\/","name":"Genoppt Slip | schwarz | samtweich | WOJOER","isPartOf":{"@id":"https:\/\/www.wojoer.de\/#website"},"primaryImageOfPage":{"@id":"https:\/\/www.wojoer.de\/produkt\/genoppt-slip-392w397-s\/#primaryimage"},"image":{"@id":"https:\/\/www.wojoer.de\/produkt\/genoppt-slip-392w397-s\/#primaryimage"},"thumbnailUrl":"https:\/\/www.wojoer.de\/wp-content\/uploads\/2024\/09\/IMG4.jpg","datePublished":"2023-04-06T08:52:59+00:00","dateModified":"2026-04-20T09:11:41+00:00","description":"Genoppt Slip ... Der hautenge,schwarz Noppenstoff ist ungewohnt erotisch undd \u00e4u\u00dferst erregend. Jetzt versandkostenfrei online bestellen.","breadcrumb":{"@id":"https:\/\/www.wojoer.de\/produkt\/genoppt-slip-392w397-s\/#breadcrumb"},"inLanguage":"en-GB","potentialAction":[{"@type":"ReadAction","target":["https:\/\/www.wojoer.de\/produkt\/genoppt-slip-392w397-s\/"]}]},{"@type":"ImageObject","inLanguage":"en-GB","@id":"https:\/\/www.wojoer.de\/produkt\/genoppt-slip-392w397-s\/#primaryimage","url":"https:\/\/www.wojoer.de\/wp-content\/uploads\/2024\/09\/IMG4.jpg","contentUrl":"https:\/\/www.wojoer.de\/wp-content\/uploads\/2024\/09\/IMG4.jpg","width":1001,"height":1001},{"@type":"BreadcrumbList","@id":"https:\/\/www.wojoer.de\/produkt\/genoppt-slip-392w397-s\/#breadcrumb","itemListElement":[{"@type":"ListItem","position":1,"name":"Startseite","item":"https:\/\/www.wojoer.de\/"},{"@type":"ListItem","position":2,"name":"SHOP","item":"https:\/\/www.wojoer.de\/shop\/"},{"@type":"ListItem","position":3,"name":"Genoppt Slip 392W397 vintage look"}]},{"@type":"WebSite","@id":"https:\/\/www.wojoer.de\/#website","url":"https:\/\/www.wojoer.de\/","name":"WOJOER","description":"clubwear for men","publisher":{"@id":"https:\/\/www.wojoer.de\/#organization"},"potentialAction":[{"@type":"SearchAction","target":{"@type":"EntryPoint","urlTemplate":"https:\/\/www.wojoer.de\/?s={search_term_string}"},"query-input":{"@type":"PropertyValueSpecification","valueRequired":true,"valueName":"search_term_string"}}],"inLanguage":"en-GB"},{"@type":"Organization","@id":"https:\/\/www.wojoer.de\/#organization","name":"Wonneberger-Manufaktur","url":"https:\/\/www.wojoer.de\/","logo":{"@type":"ImageObject","inLanguage":"en-GB","@id":"https:\/\/www.wojoer.de\/#\/schema\/logo\/image\/","url":"https:\/\/www.wojoer.de\/wp-content\/uploads\/2016\/11\/wonnebergermanufaktur_logo_BUTTON.png","contentUrl":"https:\/\/www.wojoer.de\/wp-content\/uploads\/2016\/11\/wonnebergermanufaktur_logo_BUTTON.png","width":765,"height":765,"caption":"Wonneberger-Manufaktur"},"image":{"@id":"https:\/\/www.wojoer.de\/#\/schema\/logo\/image\/"},"sameAs":["https:\/\/www.facebook.com\/wojoer\/","https:\/\/de.pinterest.com\/W0J0ER\/"]}]}},"_links":{"self":[{"href":"https:\/\/www.wojoer.de\/en\/wp-json\/wp\/v2\/product\/39699","targetHints":{"allow":["GET"]}}],"collection":[{"href":"https:\/\/www.wojoer.de\/en\/wp-json\/wp\/v2\/product"}],"about":[{"href":"https:\/\/www.wojoer.de\/en\/wp-json\/wp\/v2\/types\/product"}],"replies":[{"embeddable":true,"href":"https:\/\/www.wojoer.de\/en\/wp-json\/wp\/v2\/comments?post=39699"}],"wp:featuredmedia":[{"embeddable":true,"href":"https:\/\/www.wojoer.de\/en\/wp-json\/wp\/v2\/media\/45579"}],"wp:attachment":[{"href":"https:\/\/www.wojoer.de\/en\/wp-json\/wp\/v2\/media?parent=39699"}],"wp:term":[{"taxonomy":"product_brand","embeddable":true,"href":"https:\/\/www.wojoer.de\/en\/wp-json\/wp\/v2\/product_brand?post=39699"},{"taxonomy":"product_cat","embeddable":true,"href":"https:\/\/www.wojoer.de\/en\/wp-json\/wp\/v2\/product_cat?post=39699"},{"taxonomy":"product_tag","embeddable":true,"href":"https:\/\/www.wojoer.de\/en\/wp-json\/wp\/v2\/product_tag?post=39699"}],"curies":[{"name":"wp","href":"https:\/\/api.w.org\/{rel}","templated":true}]}}