{"id":39927,"date":"2025-04-11T08:22:54","date_gmt":"2025-04-11T06:22:54","guid":{"rendered":"https:\/\/www.wojoer.de\/?post_type=product&#038;p=39927"},"modified":"2026-03-29T11:29:24","modified_gmt":"2026-03-29T09:29:24","slug":"neopren-ouvert-jock-309j008","status":"publish","type":"product","link":"https:\/\/www.wojoer.de\/en\/produkt\/neopren-ouvert-jock-309j008\/","title":{"rendered":"Neopren Ouverte Jock"},"content":{"rendered":"<p>Der Neopren Ouverte Jock geh\u00f6rt zu den Wojoer LIVE-Produkten. Sie werden ab Bestellung bei uns produziert. So k\u00f6nnen wir auf Kundenw\u00fcnsche individuell eingehen.<\/p>\n<h3>Gr\u00f6\u00dfen<\/h3>\n<p>Erh\u00e4ltlich in den Gr\u00f6\u00dfen S, M, L, XL<\/p>\n<h3>Materialzusammensetzung<\/h3>\n<p>100% Glatthautneopren<\/p>\n<p>Innenkaschierung: 80% Polyamid, 20% Elasthan<\/p>\n<h3>Besonderheiten<\/h3>\n<p><a href=\"http:\/\/www.wojoer.de\/?s=LIVE&#038;post_type=product\">LIVE-Produkt<\/a>\u00a0\u00a0| elegant matte Oberfl\u00e4chenoptik | badetauglich | w\u00e4rmend | fest formendes Material | haut enge Passform\u00a0 | offenes Suspensorium | hochwertige Verarbeitung &#8220;Made in Germany&#8221;<\/p>\n<h3>Benutzerhinweise<\/h3>\n<p>Handw\u00e4sche | Neopren entwickelt Bewegungsfalten, wie gutes Leder und l\u00e4sst so nach und nach eine eigene Signatur eines jeden Tr\u00e4gers entstehen. Daher bitte druckgesch\u00fctzt und nicht zusammengelegt lagern und auf breite Kleiderb\u00fcgel aufziehen.<\/p>\n<h3>Achtung<\/h3>\n<p>Bei Retouren, m\u00fcssen die Neoprenprodukte ungeknickt und luftig verpackt zur\u00fcckgesendet werden, so wie die Ware erhalten wurde. Bei Druckstellen, die durch einen falschen Versand verursacht wurden, kann die Ware nicht zur\u00fcckgenommen werden.<\/p>\n<h3>NEOPREN &#8211; sexy Ouverte Jock<\/h3>\n<p>&nbsp;<\/p>\n","protected":false},"excerpt":{"rendered":"<p>Der Neopren Ouverte String 309J008 geh\u00f6rt zu den Wojoer LIVE-Produkten. Sie werden ab Bestellung bei uns produziert. So k\u00f6nnen wir auf Kundenw\u00fcnsche individuell eingehen.<br \/>\nGr\u00f6\u00dfen<br \/>\nErh\u00e4ltlich in den Gr\u00f6\u00dfen S, M, L, XL<br \/>\nMaterialzusammensetzung<br \/>\n100% Glatthautneopren<\/p>\n<p>Innenkaschierung und Einfass: 80% Polyamid, 20% Elasthan<br \/>\nBesonderheiten<br \/>\nLIVE-Produkt\u00a0\u00a0| elegant matte\u2026<\/p>\n","protected":false},"featured_media":39942,"comment_status":"open","ping_status":"closed","template":"","meta":[],"product_brand":[],"product_cat":[112,115,114,311,473,195,326],"product_tag":[108,1060,905,103,487],"class_list":{"0":"post-39927","1":"product","2":"type-product","3":"status-publish","4":"has-post-thumbnail","6":"product_cat-309-neopren","7":"product_cat-beachwear","8":"product_cat-fetisch","9":"product_cat-hankycode","10":"product_cat-men","11":"product_cat-produktion-auf-bestellung-liveproduktion","12":"product_cat-wojoer","13":"product_tag-1beachwear","14":"product_tag-jock","15":"product_tag-jock-strap","16":"product_tag-neopren","17":"product_tag-ouverte","18":"product_shipping_class-neopren","19":"pa_farbe-royalblau","20":"pa_farbe-neongelb","21":"pa_farbe-rot","22":"pa_farbe-schwarz","23":"pa_farbe-weiss","24":"pa_groesse-l","25":"pa_groesse-m","26":"pa_groesse-s","27":"pa_groesse-xl","28":"pa_groesse-xs","29":"pa_groesse-xxl","30":"pa_groesse-xxxl","31":"pif-has-gallery","32":"post-1","33":"odd","35":"first","36":"onbackorder","37":"taxable","38":"shipping-taxable","39":"purchasable","40":"product-type-variable","41":"has-default-attributes"},"yoast_head":"<!-- This site is optimized with the Yoast SEO plugin v27.2 - https:\/\/yoast.com\/product\/yoast-seo-wordpress\/ -->\n<title>Neopren Ouverte Jock | Badestring schwarz | mattglanz | WOJOER<\/title>\n<meta name=\"description\" content=\"Neopren Ouverte Jock- Nicht nur das in Deutschland gefertigte Glatthautneopren ist ungewohnt erotisch, auch das offene Suspensorium l\u00e4dt zu hei\u00dfen Stunden ein! Versandkostenfrei innerhalb Deutschlands bestellen!\" \/>\n<meta name=\"robots\" content=\"index, follow, max-snippet:-1, max-image-preview:large, max-video-preview:-1\" \/>\n<link rel=\"canonical\" href=\"https:\/\/www.wojoer.de\/en\/produkt\/neopren-ouvert-jock-309j008\/\" \/>\n<meta name=\"twitter:card\" content=\"summary_large_image\" \/>\n<meta name=\"twitter:title\" content=\"Neopren Ouverte Jock | Badestring schwarz | mattglanz | WOJOER\" \/>\n<meta name=\"twitter:description\" content=\"Neopren Ouverte Jock- Nicht nur das in Deutschland gefertigte Glatthautneopren ist ungewohnt erotisch, auch das offene Suspensorium l\u00e4dt zu hei\u00dfen Stunden ein! Versandkostenfrei innerhalb Deutschlands bestellen!\" \/>\n<meta name=\"twitter:image\" content=\"https:\/\/www.wojoer.de\/wp-content\/uploads\/2023\/05\/0309-J006-0D-60-06-1._Neopren_OuvertJock_weiss_front_wojoer.jpg\" \/>\n<meta name=\"twitter:label1\" content=\"Estimated reading time\" \/>\n\t<meta name=\"twitter:data1\" content=\"2 minutes\" \/>\n<script type=\"application\/ld+json\" class=\"yoast-schema-graph\">{\"@context\":\"https:\/\/schema.org\",\"@graph\":[{\"@type\":\"WebPage\",\"@id\":\"https:\/\/www.wojoer.de\/en\/produkt\/neopren-ouvert-jock-309j008\/\",\"url\":\"https:\/\/www.wojoer.de\/en\/produkt\/neopren-ouvert-jock-309j008\/\",\"name\":\"Neopren Ouverte Jock | Badestring schwarz | mattglanz | WOJOER\",\"isPartOf\":{\"@id\":\"https:\/\/www.wojoer.de\/#website\"},\"primaryImageOfPage\":{\"@id\":\"https:\/\/www.wojoer.de\/en\/produkt\/neopren-ouvert-jock-309j008\/#primaryimage\"},\"image\":{\"@id\":\"https:\/\/www.wojoer.de\/en\/produkt\/neopren-ouvert-jock-309j008\/#primaryimage\"},\"thumbnailUrl\":\"https:\/\/www.wojoer.de\/wp-content\/uploads\/2023\/05\/0309-J006-0D-60-06-1._Neopren_OuvertJock_weiss_front_wojoer.jpg\",\"datePublished\":\"2025-04-11T06:22:54+00:00\",\"dateModified\":\"2026-03-29T09:29:24+00:00\",\"description\":\"Neopren Ouverte Jock- Nicht nur das in Deutschland gefertigte Glatthautneopren ist ungewohnt erotisch, auch das offene Suspensorium l\u00e4dt zu hei\u00dfen Stunden ein! Versandkostenfrei innerhalb Deutschlands bestellen!\",\"breadcrumb\":{\"@id\":\"https:\/\/www.wojoer.de\/en\/produkt\/neopren-ouvert-jock-309j008\/#breadcrumb\"},\"inLanguage\":\"en-GB\",\"potentialAction\":[{\"@type\":\"ReadAction\",\"target\":[\"https:\/\/www.wojoer.de\/en\/produkt\/neopren-ouvert-jock-309j008\/\"]}]},{\"@type\":\"ImageObject\",\"inLanguage\":\"en-GB\",\"@id\":\"https:\/\/www.wojoer.de\/en\/produkt\/neopren-ouvert-jock-309j008\/#primaryimage\",\"url\":\"https:\/\/www.wojoer.de\/wp-content\/uploads\/2023\/05\/0309-J006-0D-60-06-1._Neopren_OuvertJock_weiss_front_wojoer.jpg\",\"contentUrl\":\"https:\/\/www.wojoer.de\/wp-content\/uploads\/2023\/05\/0309-J006-0D-60-06-1._Neopren_OuvertJock_weiss_front_wojoer.jpg\",\"width\":2002,\"height\":2002},{\"@type\":\"BreadcrumbList\",\"@id\":\"https:\/\/www.wojoer.de\/en\/produkt\/neopren-ouvert-jock-309j008\/#breadcrumb\",\"itemListElement\":[{\"@type\":\"ListItem\",\"position\":1,\"name\":\"Startseite\",\"item\":\"https:\/\/www.wojoer.de\/\"},{\"@type\":\"ListItem\",\"position\":2,\"name\":\"SHOP\",\"item\":\"https:\/\/www.wojoer.de\/shop\/\"},{\"@type\":\"ListItem\",\"position\":3,\"name\":\"Neopren Ouverte Jock\"}]},{\"@type\":\"WebSite\",\"@id\":\"https:\/\/www.wojoer.de\/#website\",\"url\":\"https:\/\/www.wojoer.de\/\",\"name\":\"WOJOER\",\"description\":\"clubwear for men\",\"publisher\":{\"@id\":\"https:\/\/www.wojoer.de\/#organization\"},\"potentialAction\":[{\"@type\":\"SearchAction\",\"target\":{\"@type\":\"EntryPoint\",\"urlTemplate\":\"https:\/\/www.wojoer.de\/?s={search_term_string}\"},\"query-input\":{\"@type\":\"PropertyValueSpecification\",\"valueRequired\":true,\"valueName\":\"search_term_string\"}}],\"inLanguage\":\"en-GB\"},{\"@type\":\"Organization\",\"@id\":\"https:\/\/www.wojoer.de\/#organization\",\"name\":\"Wonneberger-Manufaktur\",\"url\":\"https:\/\/www.wojoer.de\/\",\"logo\":{\"@type\":\"ImageObject\",\"inLanguage\":\"en-GB\",\"@id\":\"https:\/\/www.wojoer.de\/#\/schema\/logo\/image\/\",\"url\":\"https:\/\/www.wojoer.de\/wp-content\/uploads\/2016\/11\/wonnebergermanufaktur_logo_BUTTON.png\",\"contentUrl\":\"https:\/\/www.wojoer.de\/wp-content\/uploads\/2016\/11\/wonnebergermanufaktur_logo_BUTTON.png\",\"width\":765,\"height\":765,\"caption\":\"Wonneberger-Manufaktur\"},\"image\":{\"@id\":\"https:\/\/www.wojoer.de\/#\/schema\/logo\/image\/\"},\"sameAs\":[\"https:\/\/www.facebook.com\/wojoer\/\",\"https:\/\/de.pinterest.com\/W0J0ER\/\"]}]}<\/script>\n<!-- \/ Yoast SEO plugin. -->","yoast_head_json":{"title":"Neopren Ouverte Jock | Badestring schwarz | mattglanz | WOJOER","description":"Neopren Ouverte Jock- Nicht nur das in Deutschland gefertigte Glatthautneopren ist ungewohnt erotisch, auch das offene Suspensorium l\u00e4dt zu hei\u00dfen Stunden ein! Versandkostenfrei innerhalb Deutschlands bestellen!","robots":{"index":"index","follow":"follow","max-snippet":"max-snippet:-1","max-image-preview":"max-image-preview:large","max-video-preview":"max-video-preview:-1"},"canonical":"https:\/\/www.wojoer.de\/en\/produkt\/neopren-ouvert-jock-309j008\/","twitter_card":"summary_large_image","twitter_title":"Neopren Ouverte Jock | Badestring schwarz | mattglanz | WOJOER","twitter_description":"Neopren Ouverte Jock- Nicht nur das in Deutschland gefertigte Glatthautneopren ist ungewohnt erotisch, auch das offene Suspensorium l\u00e4dt zu hei\u00dfen Stunden ein! Versandkostenfrei innerhalb Deutschlands bestellen!","twitter_image":"https:\/\/www.wojoer.de\/wp-content\/uploads\/2023\/05\/0309-J006-0D-60-06-1._Neopren_OuvertJock_weiss_front_wojoer.jpg","twitter_misc":{"Estimated reading time":"2 minutes"},"schema":{"@context":"https:\/\/schema.org","@graph":[{"@type":"WebPage","@id":"https:\/\/www.wojoer.de\/en\/produkt\/neopren-ouvert-jock-309j008\/","url":"https:\/\/www.wojoer.de\/en\/produkt\/neopren-ouvert-jock-309j008\/","name":"Neopren Ouverte Jock | Badestring schwarz | mattglanz | WOJOER","isPartOf":{"@id":"https:\/\/www.wojoer.de\/#website"},"primaryImageOfPage":{"@id":"https:\/\/www.wojoer.de\/en\/produkt\/neopren-ouvert-jock-309j008\/#primaryimage"},"image":{"@id":"https:\/\/www.wojoer.de\/en\/produkt\/neopren-ouvert-jock-309j008\/#primaryimage"},"thumbnailUrl":"https:\/\/www.wojoer.de\/wp-content\/uploads\/2023\/05\/0309-J006-0D-60-06-1._Neopren_OuvertJock_weiss_front_wojoer.jpg","datePublished":"2025-04-11T06:22:54+00:00","dateModified":"2026-03-29T09:29:24+00:00","description":"Neopren Ouverte Jock- Nicht nur das in Deutschland gefertigte Glatthautneopren ist ungewohnt erotisch, auch das offene Suspensorium l\u00e4dt zu hei\u00dfen Stunden ein! Versandkostenfrei innerhalb Deutschlands bestellen!","breadcrumb":{"@id":"https:\/\/www.wojoer.de\/en\/produkt\/neopren-ouvert-jock-309j008\/#breadcrumb"},"inLanguage":"en-GB","potentialAction":[{"@type":"ReadAction","target":["https:\/\/www.wojoer.de\/en\/produkt\/neopren-ouvert-jock-309j008\/"]}]},{"@type":"ImageObject","inLanguage":"en-GB","@id":"https:\/\/www.wojoer.de\/en\/produkt\/neopren-ouvert-jock-309j008\/#primaryimage","url":"https:\/\/www.wojoer.de\/wp-content\/uploads\/2023\/05\/0309-J006-0D-60-06-1._Neopren_OuvertJock_weiss_front_wojoer.jpg","contentUrl":"https:\/\/www.wojoer.de\/wp-content\/uploads\/2023\/05\/0309-J006-0D-60-06-1._Neopren_OuvertJock_weiss_front_wojoer.jpg","width":2002,"height":2002},{"@type":"BreadcrumbList","@id":"https:\/\/www.wojoer.de\/en\/produkt\/neopren-ouvert-jock-309j008\/#breadcrumb","itemListElement":[{"@type":"ListItem","position":1,"name":"Startseite","item":"https:\/\/www.wojoer.de\/"},{"@type":"ListItem","position":2,"name":"SHOP","item":"https:\/\/www.wojoer.de\/shop\/"},{"@type":"ListItem","position":3,"name":"Neopren Ouverte Jock"}]},{"@type":"WebSite","@id":"https:\/\/www.wojoer.de\/#website","url":"https:\/\/www.wojoer.de\/","name":"WOJOER","description":"clubwear for men","publisher":{"@id":"https:\/\/www.wojoer.de\/#organization"},"potentialAction":[{"@type":"SearchAction","target":{"@type":"EntryPoint","urlTemplate":"https:\/\/www.wojoer.de\/?s={search_term_string}"},"query-input":{"@type":"PropertyValueSpecification","valueRequired":true,"valueName":"search_term_string"}}],"inLanguage":"en-GB"},{"@type":"Organization","@id":"https:\/\/www.wojoer.de\/#organization","name":"Wonneberger-Manufaktur","url":"https:\/\/www.wojoer.de\/","logo":{"@type":"ImageObject","inLanguage":"en-GB","@id":"https:\/\/www.wojoer.de\/#\/schema\/logo\/image\/","url":"https:\/\/www.wojoer.de\/wp-content\/uploads\/2016\/11\/wonnebergermanufaktur_logo_BUTTON.png","contentUrl":"https:\/\/www.wojoer.de\/wp-content\/uploads\/2016\/11\/wonnebergermanufaktur_logo_BUTTON.png","width":765,"height":765,"caption":"Wonneberger-Manufaktur"},"image":{"@id":"https:\/\/www.wojoer.de\/#\/schema\/logo\/image\/"},"sameAs":["https:\/\/www.facebook.com\/wojoer\/","https:\/\/de.pinterest.com\/W0J0ER\/"]}]}},"_links":{"self":[{"href":"https:\/\/www.wojoer.de\/en\/wp-json\/wp\/v2\/product\/39927","targetHints":{"allow":["GET"]}}],"collection":[{"href":"https:\/\/www.wojoer.de\/en\/wp-json\/wp\/v2\/product"}],"about":[{"href":"https:\/\/www.wojoer.de\/en\/wp-json\/wp\/v2\/types\/product"}],"replies":[{"embeddable":true,"href":"https:\/\/www.wojoer.de\/en\/wp-json\/wp\/v2\/comments?post=39927"}],"wp:featuredmedia":[{"embeddable":true,"href":"https:\/\/www.wojoer.de\/en\/wp-json\/wp\/v2\/media\/39942"}],"wp:attachment":[{"href":"https:\/\/www.wojoer.de\/en\/wp-json\/wp\/v2\/media?parent=39927"}],"wp:term":[{"taxonomy":"product_brand","embeddable":true,"href":"https:\/\/www.wojoer.de\/en\/wp-json\/wp\/v2\/product_brand?post=39927"},{"taxonomy":"product_cat","embeddable":true,"href":"https:\/\/www.wojoer.de\/en\/wp-json\/wp\/v2\/product_cat?post=39927"},{"taxonomy":"product_tag","embeddable":true,"href":"https:\/\/www.wojoer.de\/en\/wp-json\/wp\/v2\/product_tag?post=39927"}],"curies":[{"name":"wp","href":"https:\/\/api.w.org\/{rel}","templated":true}]}}