{"id":40157,"date":"2025-04-12T10:44:14","date_gmt":"2025-04-12T08:44:14","guid":{"rendered":"https:\/\/www.wojoer.de\/?post_type=product&#038;p=40157"},"modified":"2026-02-01T13:05:03","modified_gmt":"2026-02-01T12:05:03","slug":"reys-recycled-mini-tie-string","status":"publish","type":"product","link":"https:\/\/www.wojoer.de\/en\/produkt\/reys-recycled-mini-tie-string\/","title":{"rendered":"REYS recycled mini tie string"},"content":{"rendered":"<p>neon pastell G-Tie-Thong exclusively produced from a recycled and soft touch swimwear material.<\/p>\n<h3>Sizes<\/h3>\n<p>SM, ML, 3XL<\/p>\n<h3>Material<\/h3>\n<p><span class=\"a-list-item\">80% Polyamide | 20% Spandex<br \/>\n<\/span><\/p>\n<h3>Features<\/h3>\n<p><a href=\"http:\/\/www.wojoer.de\/?s=nos&#038;post_type=product\">NOS<\/a><a href=\"http:\/\/www.wojoer.de\/?s=nos&#038;post_type=product\">-Produkt<\/a> | gently soft | recycled from fishing nets| skinny and perfect fit | thin tie strings | high quality &#8220;Made in Germany&#8221;<\/p>\n<h3>Instructions<\/h3>\n<p>30\u00b0C Soft wash \/ Hand wash, keine no softener or black detergent | chlorine- and saltwater resistent<\/p>\n<h3>BEACHTHONG- sexy mens thong, Brasil, G-Thong, G-Tie-Thong Beach String<\/h3>\n<p>You want a tight, super skimpy swim thong, tailor-made for your Adonis body? Then you&#8217;ve come to the right place at WOJOER. Made from recycled soft swim fabric, this neon pastel tie thong is just what you&#8217;re looking for. The tight cut and the striking bow ties, let your plump masculinity shine, while the hips are advantageously concealed. Your hips and your tight butt, are set picturesquely erotic in scene. Simply perfectly nice.<\/p>\n<p>&nbsp;<\/p>\n<p>&nbsp;<\/p>\n","protected":false},"excerpt":{"rendered":"<p>Diesen neon pastell Mini Tie String aus exklusiv recyceltem Badematerial gibt&#8217;s bei uns auf Lager.<br \/>\nGr\u00f6\u00dfen<br \/>\nErh\u00e4ltlich in den Gr\u00f6\u00dfen SM, LXL, XXL-3XL<br \/>\nMaterialzusammensetzung<br \/>\n80% Polyamid | 20% Elasthan<\/p>\n<p>Besonderheiten<br \/>\nNOS-Produkt | angenehm weich | recycled aus Fischernetzen| bequeme, hautenge Passform | schmale B\u00e4nder zum Binden\u00a0\u2026<\/p>\n","protected":false},"featured_media":40167,"comment_status":"open","ping_status":"closed","template":"","meta":[],"product_brand":[],"product_cat":[115,884,473,270,326],"product_tag":[275,108,931,930],"class_list":{"0":"post-40157","1":"product","2":"type-product","3":"status-publish","4":"has-post-thumbnail","6":"product_cat-beachwear","7":"product_cat-limited-editions","8":"product_cat-men","9":"product_cat-onlyforme","10":"product_cat-wojoer","11":"product_tag-badematt","12":"product_tag-1beachwear","13":"product_tag-t-string","14":"product_tag-tie-string","15":"product_shipping_class-beun","16":"pa_groesse-lxl","17":"pa_groesse-sm","18":"pa_groesse-xxxl","19":"pif-has-gallery","20":"post-1","21":"odd","23":"first","24":"instock","25":"taxable","26":"shipping-taxable","27":"purchasable","28":"product-type-variable"},"yoast_head":"<!-- This site is optimized with the Yoast SEO plugin v27.2 - https:\/\/yoast.com\/product\/yoast-seo-wordpress\/ -->\n<title>Mini Tie String | slim fit | T-String | breite Schleifen | WOJOER<\/title>\n<meta name=\"description\" content=\"Mini Tie String von WOJOER. Order online now- free shipping within Europe.\" \/>\n<meta name=\"robots\" content=\"index, follow, max-snippet:-1, max-image-preview:large, max-video-preview:-1\" \/>\n<link rel=\"canonical\" href=\"https:\/\/www.wojoer.de\/en\/produkt\/reys-recycled-mini-tie-string\/\" \/>\n<meta name=\"twitter:card\" content=\"summary_large_image\" \/>\n<meta name=\"twitter:title\" content=\"Mini Tie String | slim fit | T-String | breite Schleifen | WOJOER\" \/>\n<meta name=\"twitter:description\" content=\"Mini Tie String von WOJOER. Der Spezial Bade string f\u00fcr M\u00e4nner legt sich angenehm eng &amp; verboten knapp um deine H\u00fcften. Exklusiv auff\u00e4lliger Schn\u00fcrb\u00e4nder - Jetzt versandkostenfrei bestellen.\" \/>\n<meta name=\"twitter:image\" content=\"https:\/\/www.wojoer.de\/wp-content\/uploads\/2023\/07\/0410-S029-0D-57-06-1.-REYS-Mini_Tie_String-dehnbar-rose_hellblau-L-side-wojoer.jpg\" \/>\n<meta name=\"twitter:label1\" content=\"Estimated reading time\" \/>\n\t<meta name=\"twitter:data1\" content=\"1 minute\" \/>\n<script type=\"application\/ld+json\" class=\"yoast-schema-graph\">{\"@context\":\"https:\/\/schema.org\",\"@graph\":[{\"@type\":\"WebPage\",\"@id\":\"https:\/\/www.wojoer.de\/produkt\/reys-recycled-mini-tie-string\/\",\"url\":\"https:\/\/www.wojoer.de\/produkt\/reys-recycled-mini-tie-string\/\",\"name\":\"Mini Tie String | slim fit | T-String | breite Schleifen | WOJOER\",\"isPartOf\":{\"@id\":\"https:\/\/www.wojoer.de\/#website\"},\"primaryImageOfPage\":{\"@id\":\"https:\/\/www.wojoer.de\/produkt\/reys-recycled-mini-tie-string\/#primaryimage\"},\"image\":{\"@id\":\"https:\/\/www.wojoer.de\/produkt\/reys-recycled-mini-tie-string\/#primaryimage\"},\"thumbnailUrl\":\"https:\/\/www.wojoer.de\/wp-content\/uploads\/2023\/07\/0410-S029-0D-57-06-1.-REYS-Mini_Tie_String-dehnbar-rose_hellblau-L-side-wojoer.jpg\",\"datePublished\":\"2025-04-12T08:44:14+00:00\",\"dateModified\":\"2026-02-01T12:05:03+00:00\",\"description\":\"Mini Tie String von WOJOER. Der Spezial Bade string f\u00fcr M\u00e4nner legt sich angenehm eng & verboten knapp um deine H\u00fcften. Exklusiv auff\u00e4lliger Schn\u00fcrb\u00e4nder - Jetzt versandkostenfrei bestellen.\",\"breadcrumb\":{\"@id\":\"https:\/\/www.wojoer.de\/produkt\/reys-recycled-mini-tie-string\/#breadcrumb\"},\"inLanguage\":\"en-GB\",\"potentialAction\":[{\"@type\":\"ReadAction\",\"target\":[\"https:\/\/www.wojoer.de\/produkt\/reys-recycled-mini-tie-string\/\"]}]},{\"@type\":\"ImageObject\",\"inLanguage\":\"en-GB\",\"@id\":\"https:\/\/www.wojoer.de\/produkt\/reys-recycled-mini-tie-string\/#primaryimage\",\"url\":\"https:\/\/www.wojoer.de\/wp-content\/uploads\/2023\/07\/0410-S029-0D-57-06-1.-REYS-Mini_Tie_String-dehnbar-rose_hellblau-L-side-wojoer.jpg\",\"contentUrl\":\"https:\/\/www.wojoer.de\/wp-content\/uploads\/2023\/07\/0410-S029-0D-57-06-1.-REYS-Mini_Tie_String-dehnbar-rose_hellblau-L-side-wojoer.jpg\",\"width\":2002,\"height\":2002},{\"@type\":\"BreadcrumbList\",\"@id\":\"https:\/\/www.wojoer.de\/produkt\/reys-recycled-mini-tie-string\/#breadcrumb\",\"itemListElement\":[{\"@type\":\"ListItem\",\"position\":1,\"name\":\"Startseite\",\"item\":\"https:\/\/www.wojoer.de\/\"},{\"@type\":\"ListItem\",\"position\":2,\"name\":\"SHOP\",\"item\":\"https:\/\/www.wojoer.de\/shop\/\"},{\"@type\":\"ListItem\",\"position\":3,\"name\":\"REYS recycled mini tie string\"}]},{\"@type\":\"WebSite\",\"@id\":\"https:\/\/www.wojoer.de\/#website\",\"url\":\"https:\/\/www.wojoer.de\/\",\"name\":\"WOJOER\",\"description\":\"clubwear for men\",\"publisher\":{\"@id\":\"https:\/\/www.wojoer.de\/#organization\"},\"potentialAction\":[{\"@type\":\"SearchAction\",\"target\":{\"@type\":\"EntryPoint\",\"urlTemplate\":\"https:\/\/www.wojoer.de\/?s={search_term_string}\"},\"query-input\":{\"@type\":\"PropertyValueSpecification\",\"valueRequired\":true,\"valueName\":\"search_term_string\"}}],\"inLanguage\":\"en-GB\"},{\"@type\":\"Organization\",\"@id\":\"https:\/\/www.wojoer.de\/#organization\",\"name\":\"Wonneberger-Manufaktur\",\"url\":\"https:\/\/www.wojoer.de\/\",\"logo\":{\"@type\":\"ImageObject\",\"inLanguage\":\"en-GB\",\"@id\":\"https:\/\/www.wojoer.de\/#\/schema\/logo\/image\/\",\"url\":\"https:\/\/www.wojoer.de\/wp-content\/uploads\/2016\/11\/wonnebergermanufaktur_logo_BUTTON.png\",\"contentUrl\":\"https:\/\/www.wojoer.de\/wp-content\/uploads\/2016\/11\/wonnebergermanufaktur_logo_BUTTON.png\",\"width\":765,\"height\":765,\"caption\":\"Wonneberger-Manufaktur\"},\"image\":{\"@id\":\"https:\/\/www.wojoer.de\/#\/schema\/logo\/image\/\"},\"sameAs\":[\"https:\/\/www.facebook.com\/wojoer\/\",\"https:\/\/de.pinterest.com\/W0J0ER\/\"]}]}<\/script>\n<!-- \/ Yoast SEO plugin. -->","yoast_head_json":{"title":"Mini Tie String | slim fit | T-String | breite Schleifen | WOJOER","description":"Mini Tie String von WOJOER. Order online now- free shipping within Europe.","robots":{"index":"index","follow":"follow","max-snippet":"max-snippet:-1","max-image-preview":"max-image-preview:large","max-video-preview":"max-video-preview:-1"},"canonical":"https:\/\/www.wojoer.de\/en\/produkt\/reys-recycled-mini-tie-string\/","twitter_card":"summary_large_image","twitter_title":"Mini Tie String | slim fit | T-String | breite Schleifen | WOJOER","twitter_description":"Mini Tie String von WOJOER. Der Spezial Bade string f\u00fcr M\u00e4nner legt sich angenehm eng & verboten knapp um deine H\u00fcften. Exklusiv auff\u00e4lliger Schn\u00fcrb\u00e4nder - Jetzt versandkostenfrei bestellen.","twitter_image":"https:\/\/www.wojoer.de\/wp-content\/uploads\/2023\/07\/0410-S029-0D-57-06-1.-REYS-Mini_Tie_String-dehnbar-rose_hellblau-L-side-wojoer.jpg","twitter_misc":{"Estimated reading time":"1 minute"},"schema":{"@context":"https:\/\/schema.org","@graph":[{"@type":"WebPage","@id":"https:\/\/www.wojoer.de\/produkt\/reys-recycled-mini-tie-string\/","url":"https:\/\/www.wojoer.de\/produkt\/reys-recycled-mini-tie-string\/","name":"Mini Tie String | slim fit | T-String | breite Schleifen | WOJOER","isPartOf":{"@id":"https:\/\/www.wojoer.de\/#website"},"primaryImageOfPage":{"@id":"https:\/\/www.wojoer.de\/produkt\/reys-recycled-mini-tie-string\/#primaryimage"},"image":{"@id":"https:\/\/www.wojoer.de\/produkt\/reys-recycled-mini-tie-string\/#primaryimage"},"thumbnailUrl":"https:\/\/www.wojoer.de\/wp-content\/uploads\/2023\/07\/0410-S029-0D-57-06-1.-REYS-Mini_Tie_String-dehnbar-rose_hellblau-L-side-wojoer.jpg","datePublished":"2025-04-12T08:44:14+00:00","dateModified":"2026-02-01T12:05:03+00:00","description":"Mini Tie String von WOJOER. Der Spezial Bade string f\u00fcr M\u00e4nner legt sich angenehm eng & verboten knapp um deine H\u00fcften. Exklusiv auff\u00e4lliger Schn\u00fcrb\u00e4nder - Jetzt versandkostenfrei bestellen.","breadcrumb":{"@id":"https:\/\/www.wojoer.de\/produkt\/reys-recycled-mini-tie-string\/#breadcrumb"},"inLanguage":"en-GB","potentialAction":[{"@type":"ReadAction","target":["https:\/\/www.wojoer.de\/produkt\/reys-recycled-mini-tie-string\/"]}]},{"@type":"ImageObject","inLanguage":"en-GB","@id":"https:\/\/www.wojoer.de\/produkt\/reys-recycled-mini-tie-string\/#primaryimage","url":"https:\/\/www.wojoer.de\/wp-content\/uploads\/2023\/07\/0410-S029-0D-57-06-1.-REYS-Mini_Tie_String-dehnbar-rose_hellblau-L-side-wojoer.jpg","contentUrl":"https:\/\/www.wojoer.de\/wp-content\/uploads\/2023\/07\/0410-S029-0D-57-06-1.-REYS-Mini_Tie_String-dehnbar-rose_hellblau-L-side-wojoer.jpg","width":2002,"height":2002},{"@type":"BreadcrumbList","@id":"https:\/\/www.wojoer.de\/produkt\/reys-recycled-mini-tie-string\/#breadcrumb","itemListElement":[{"@type":"ListItem","position":1,"name":"Startseite","item":"https:\/\/www.wojoer.de\/"},{"@type":"ListItem","position":2,"name":"SHOP","item":"https:\/\/www.wojoer.de\/shop\/"},{"@type":"ListItem","position":3,"name":"REYS recycled mini tie string"}]},{"@type":"WebSite","@id":"https:\/\/www.wojoer.de\/#website","url":"https:\/\/www.wojoer.de\/","name":"WOJOER","description":"clubwear for men","publisher":{"@id":"https:\/\/www.wojoer.de\/#organization"},"potentialAction":[{"@type":"SearchAction","target":{"@type":"EntryPoint","urlTemplate":"https:\/\/www.wojoer.de\/?s={search_term_string}"},"query-input":{"@type":"PropertyValueSpecification","valueRequired":true,"valueName":"search_term_string"}}],"inLanguage":"en-GB"},{"@type":"Organization","@id":"https:\/\/www.wojoer.de\/#organization","name":"Wonneberger-Manufaktur","url":"https:\/\/www.wojoer.de\/","logo":{"@type":"ImageObject","inLanguage":"en-GB","@id":"https:\/\/www.wojoer.de\/#\/schema\/logo\/image\/","url":"https:\/\/www.wojoer.de\/wp-content\/uploads\/2016\/11\/wonnebergermanufaktur_logo_BUTTON.png","contentUrl":"https:\/\/www.wojoer.de\/wp-content\/uploads\/2016\/11\/wonnebergermanufaktur_logo_BUTTON.png","width":765,"height":765,"caption":"Wonneberger-Manufaktur"},"image":{"@id":"https:\/\/www.wojoer.de\/#\/schema\/logo\/image\/"},"sameAs":["https:\/\/www.facebook.com\/wojoer\/","https:\/\/de.pinterest.com\/W0J0ER\/"]}]}},"_links":{"self":[{"href":"https:\/\/www.wojoer.de\/en\/wp-json\/wp\/v2\/product\/40157","targetHints":{"allow":["GET"]}}],"collection":[{"href":"https:\/\/www.wojoer.de\/en\/wp-json\/wp\/v2\/product"}],"about":[{"href":"https:\/\/www.wojoer.de\/en\/wp-json\/wp\/v2\/types\/product"}],"replies":[{"embeddable":true,"href":"https:\/\/www.wojoer.de\/en\/wp-json\/wp\/v2\/comments?post=40157"}],"wp:featuredmedia":[{"embeddable":true,"href":"https:\/\/www.wojoer.de\/en\/wp-json\/wp\/v2\/media\/40167"}],"wp:attachment":[{"href":"https:\/\/www.wojoer.de\/en\/wp-json\/wp\/v2\/media?parent=40157"}],"wp:term":[{"taxonomy":"product_brand","embeddable":true,"href":"https:\/\/www.wojoer.de\/en\/wp-json\/wp\/v2\/product_brand?post=40157"},{"taxonomy":"product_cat","embeddable":true,"href":"https:\/\/www.wojoer.de\/en\/wp-json\/wp\/v2\/product_cat?post=40157"},{"taxonomy":"product_tag","embeddable":true,"href":"https:\/\/www.wojoer.de\/en\/wp-json\/wp\/v2\/product_tag?post=40157"}],"curies":[{"name":"wp","href":"https:\/\/api.w.org\/{rel}","templated":true}]}}