{"id":40244,"date":"2023-07-12T11:38:36","date_gmt":"2023-07-12T09:38:36","guid":{"rendered":"https:\/\/www.wojoer.de\/?post_type=product&#038;p=40244"},"modified":"2026-04-10T19:23:40","modified_gmt":"2026-04-10T17:23:40","slug":"beun-basic-push-scrunch-slip","status":"publish","type":"product","link":"https:\/\/www.wojoer.de\/en\/produkt\/beun-basic-push-scrunch-slip\/","title":{"rendered":"BEUN BASIC Pushup packed Slip"},"content":{"rendered":"<p>Always on stock, because the BEUN BASIC scrunch Mini Pushup packed Slip is Never-Out-of-Stock.<\/p>\n<h3>Sizes<\/h3>\n<p>Available in Sizes S, M, L, XL, XXL<\/p>\n<h3>Material composition<\/h3>\n<p>BEUN: 82% Polyamid, 18% Elasthan<\/p>\n<h3 class=\"translation_desc\"><span class=\"tag_trans\">Particularities<\/span><\/h3>\n<p><a href=\"http:\/\/www.wojoer.de\/?s=nos&#038;post_type=product\">NOS product<\/a> |\u00a0 possible to to swimwear in saltwater and chlorinated water | semi-gloss-finish | light transparent | airy | quickly drying| elastic | skinny, comfortable &#038; maximum Power-Push-Up| minimum Basics | high quality\u00a0 &#8220;Made in Germany&#8221;<\/p>\n<h3>Washing instruction<\/h3>\n<p>30\u00b0 gentle cycle | press at low level<\/p>\n<h3>BEUN BASIC &#8211; BEACH &#038; UNDERWEAR Mini Pushup packed slip<\/h3>\n<p>STOOOOP! As hot as possible! This Beach &#038; Underwear Basic Mini PushUp Tanga is the highlight everywhere. It is mega comfy as underpants under your jeans. The tanga is light transparent, matt, ultrathin, quickly drying, and its a beautiful nostalgic homage to all Bay Watch Fans. The Best&#8230;it makes a sexy and big bulge.<\/p>\n","protected":false},"excerpt":{"rendered":"<p>Immer vorr\u00e4tig, denn der BEUN BASIC Push Scrunch Slip ist Never-Out-of-Stock und geh\u00f6rt damit zu den Wojoer NOS-Produkten.<\/p>\n<p>Erh\u00e4ltlich in den Farben\u00a0  Schwarz |  Candypink |  Eisblau<br \/>\nGr\u00f6\u00dfen<br \/>\nErh\u00e4ltlich in den Gr\u00f6\u00dfen S, M, L, XL, XXL<br \/>\nMaterialzusammensetzung<br \/>\nBEUN: 82% Polyester, 18%\u2026<\/p>\n","protected":false},"featured_media":40261,"comment_status":"open","ping_status":"closed","template":"","meta":[],"product_brand":[],"product_cat":[715,115,106,169,473,121,326],"product_tag":[108,184,167,387,192],"class_list":{"0":"post-40244","1":"product","2":"type-product","3":"status-publish","4":"has-post-thumbnail","6":"product_cat-320-beun-basic","7":"product_cat-beachwear","8":"product_cat-beun","9":"product_cat-nos-never-out-of-stock","10":"product_cat-men","11":"product_cat-underwear","12":"product_cat-wojoer","13":"product_tag-1beachwear","14":"product_tag-push-up","15":"product_tag-tanga","16":"product_tag-transparent","17":"product_tag-unterwaesche","18":"product_shipping_class-beun","19":"pa_farbe-eisblau","20":"pa_farbe-candypink","21":"pa_farbe-schwarz","22":"pa_groesse-l","23":"pa_groesse-m","24":"pa_groesse-s","25":"pa_groesse-xl","26":"pa_groesse-xxl","27":"pif-has-gallery","28":"post-1","29":"odd","31":"first","32":"instock","33":"sale","34":"taxable","35":"shipping-taxable","36":"purchasable","37":"product-type-variable"},"yoast_head":"<!-- This site is optimized with the Yoast SEO plugin v27.2 - https:\/\/yoast.com\/product\/yoast-seo-wordpress\/ -->\n<title>packed slip | Brasil Slip, Beach &amp; Underwear ultrathin comfortable<\/title>\n<meta name=\"description\" content=\"Packed slip. The ultrathin, light transparent &amp; matt Basic Mini Push Up is very soft at your skin. Its available in 9 different colours.\" \/>\n<meta name=\"robots\" content=\"index, follow, max-snippet:-1, max-image-preview:large, max-video-preview:-1\" \/>\n<link rel=\"canonical\" href=\"https:\/\/www.wojoer.de\/en\/produkt\/beun-basic-push-scrunch-slip\/\" \/>\n<meta name=\"twitter:card\" content=\"summary_large_image\" \/>\n<meta name=\"twitter:title\" content=\"packed slip | Brasil Slip, Beach &amp; Underwear ultrathin comfortable\" \/>\n<meta name=\"twitter:description\" content=\"Packed slip. The ultrathin, light transparent &amp; matt Basic Mini Push Up is very soft at your skin. Its available in 9 different colours.\" \/>\n<meta name=\"twitter:image\" content=\"https:\/\/www.wojoer.de\/wp-content\/uploads\/2023\/07\/0320-B025-0D_08_06_BEUNBASIC_Push_scrunch_Tanga_eis_blau_low_back_wojoer.jpg\" \/>\n<meta name=\"twitter:label1\" content=\"Estimated reading time\" \/>\n\t<meta name=\"twitter:data1\" content=\"2 minutes\" \/>\n<script type=\"application\/ld+json\" class=\"yoast-schema-graph\">{\"@context\":\"https:\/\/schema.org\",\"@graph\":[{\"@type\":\"WebPage\",\"@id\":\"https:\/\/www.wojoer.de\/produkt\/beun-basic-push-scrunch-slip\/\",\"url\":\"https:\/\/www.wojoer.de\/produkt\/beun-basic-push-scrunch-slip\/\",\"name\":\"packed slip | Brasil Slip, Beach & Underwear ultrathin comfortable\",\"isPartOf\":{\"@id\":\"https:\/\/www.wojoer.de\/#website\"},\"primaryImageOfPage\":{\"@id\":\"https:\/\/www.wojoer.de\/produkt\/beun-basic-push-scrunch-slip\/#primaryimage\"},\"image\":{\"@id\":\"https:\/\/www.wojoer.de\/produkt\/beun-basic-push-scrunch-slip\/#primaryimage\"},\"thumbnailUrl\":\"https:\/\/www.wojoer.de\/wp-content\/uploads\/2023\/07\/0320-B025-0D_08_06_BEUNBASIC_Push_scrunch_Tanga_eis_blau_low_back_wojoer.jpg\",\"datePublished\":\"2023-07-12T09:38:36+00:00\",\"dateModified\":\"2026-04-10T17:23:40+00:00\",\"description\":\"Packed slip. The ultrathin, light transparent & matt Basic Mini Push Up is very soft at your skin. Its available in 9 different colours.\",\"breadcrumb\":{\"@id\":\"https:\/\/www.wojoer.de\/produkt\/beun-basic-push-scrunch-slip\/#breadcrumb\"},\"inLanguage\":\"en-GB\",\"potentialAction\":[{\"@type\":\"ReadAction\",\"target\":[\"https:\/\/www.wojoer.de\/produkt\/beun-basic-push-scrunch-slip\/\"]}]},{\"@type\":\"ImageObject\",\"inLanguage\":\"en-GB\",\"@id\":\"https:\/\/www.wojoer.de\/produkt\/beun-basic-push-scrunch-slip\/#primaryimage\",\"url\":\"https:\/\/www.wojoer.de\/wp-content\/uploads\/2023\/07\/0320-B025-0D_08_06_BEUNBASIC_Push_scrunch_Tanga_eis_blau_low_back_wojoer.jpg\",\"contentUrl\":\"https:\/\/www.wojoer.de\/wp-content\/uploads\/2023\/07\/0320-B025-0D_08_06_BEUNBASIC_Push_scrunch_Tanga_eis_blau_low_back_wojoer.jpg\",\"width\":2002,\"height\":2002},{\"@type\":\"BreadcrumbList\",\"@id\":\"https:\/\/www.wojoer.de\/produkt\/beun-basic-push-scrunch-slip\/#breadcrumb\",\"itemListElement\":[{\"@type\":\"ListItem\",\"position\":1,\"name\":\"Startseite\",\"item\":\"https:\/\/www.wojoer.de\/\"},{\"@type\":\"ListItem\",\"position\":2,\"name\":\"SHOP\",\"item\":\"https:\/\/www.wojoer.de\/shop\/\"},{\"@type\":\"ListItem\",\"position\":3,\"name\":\"BEUN BASIC Push-Scrunch-Slip\"}]},{\"@type\":\"WebSite\",\"@id\":\"https:\/\/www.wojoer.de\/#website\",\"url\":\"https:\/\/www.wojoer.de\/\",\"name\":\"WOJOER\",\"description\":\"clubwear for men\",\"publisher\":{\"@id\":\"https:\/\/www.wojoer.de\/#organization\"},\"potentialAction\":[{\"@type\":\"SearchAction\",\"target\":{\"@type\":\"EntryPoint\",\"urlTemplate\":\"https:\/\/www.wojoer.de\/?s={search_term_string}\"},\"query-input\":{\"@type\":\"PropertyValueSpecification\",\"valueRequired\":true,\"valueName\":\"search_term_string\"}}],\"inLanguage\":\"en-GB\"},{\"@type\":\"Organization\",\"@id\":\"https:\/\/www.wojoer.de\/#organization\",\"name\":\"Wonneberger-Manufaktur\",\"url\":\"https:\/\/www.wojoer.de\/\",\"logo\":{\"@type\":\"ImageObject\",\"inLanguage\":\"en-GB\",\"@id\":\"https:\/\/www.wojoer.de\/#\/schema\/logo\/image\/\",\"url\":\"https:\/\/www.wojoer.de\/wp-content\/uploads\/2016\/11\/wonnebergermanufaktur_logo_BUTTON.png\",\"contentUrl\":\"https:\/\/www.wojoer.de\/wp-content\/uploads\/2016\/11\/wonnebergermanufaktur_logo_BUTTON.png\",\"width\":765,\"height\":765,\"caption\":\"Wonneberger-Manufaktur\"},\"image\":{\"@id\":\"https:\/\/www.wojoer.de\/#\/schema\/logo\/image\/\"},\"sameAs\":[\"https:\/\/www.facebook.com\/wojoer\/\",\"https:\/\/de.pinterest.com\/W0J0ER\/\"]}]}<\/script>\n<!-- \/ Yoast SEO plugin. -->","yoast_head_json":{"title":"packed slip | Brasil Slip, Beach & Underwear ultrathin comfortable","description":"Packed slip. The ultrathin, light transparent & matt Basic Mini Push Up is very soft at your skin. Its available in 9 different colours.","robots":{"index":"index","follow":"follow","max-snippet":"max-snippet:-1","max-image-preview":"max-image-preview:large","max-video-preview":"max-video-preview:-1"},"canonical":"https:\/\/www.wojoer.de\/en\/produkt\/beun-basic-push-scrunch-slip\/","twitter_card":"summary_large_image","twitter_title":"[:de]Packed Slip | Beach & Underwear hauchd\u00fcnn super bequem[:en]packed slip | Brasil Slip, Beach & Underwear ultrathin comfortable[:]","twitter_description":"[:de]Scrunch Tanga er hauchd\u00fcnne, leicht transparente & matte Basic Push-Scrunch Tanga liegt seidig weich auf der Haut & ist in 3 phantastischen Farben erh\u00e4ltlich. Jetzt versandkostenfrei innerhalb Deutschland bestellen.[:en]Packed slip. The ultrathin, light transparent & matt Basic Mini Push Up is very soft at your skin. Its available in 9 different colours.[:]","twitter_image":"https:\/\/www.wojoer.de\/wp-content\/uploads\/2023\/07\/0320-B025-0D_08_06_BEUNBASIC_Push_scrunch_Tanga_eis_blau_low_back_wojoer.jpg","twitter_misc":{"Estimated reading time":"2 minutes"},"schema":{"@context":"https:\/\/schema.org","@graph":[{"@type":"WebPage","@id":"https:\/\/www.wojoer.de\/produkt\/beun-basic-push-scrunch-slip\/","url":"https:\/\/www.wojoer.de\/produkt\/beun-basic-push-scrunch-slip\/","name":"packed slip | Brasil Slip, Beach & Underwear ultrathin comfortable","isPartOf":{"@id":"https:\/\/www.wojoer.de\/#website"},"primaryImageOfPage":{"@id":"https:\/\/www.wojoer.de\/produkt\/beun-basic-push-scrunch-slip\/#primaryimage"},"image":{"@id":"https:\/\/www.wojoer.de\/produkt\/beun-basic-push-scrunch-slip\/#primaryimage"},"thumbnailUrl":"https:\/\/www.wojoer.de\/wp-content\/uploads\/2023\/07\/0320-B025-0D_08_06_BEUNBASIC_Push_scrunch_Tanga_eis_blau_low_back_wojoer.jpg","datePublished":"2023-07-12T09:38:36+00:00","dateModified":"2026-04-10T17:23:40+00:00","description":"Packed slip. The ultrathin, light transparent & matt Basic Mini Push Up is very soft at your skin. Its available in 9 different colours.","breadcrumb":{"@id":"https:\/\/www.wojoer.de\/produkt\/beun-basic-push-scrunch-slip\/#breadcrumb"},"inLanguage":"en-GB","potentialAction":[{"@type":"ReadAction","target":["https:\/\/www.wojoer.de\/produkt\/beun-basic-push-scrunch-slip\/"]}]},{"@type":"ImageObject","inLanguage":"en-GB","@id":"https:\/\/www.wojoer.de\/produkt\/beun-basic-push-scrunch-slip\/#primaryimage","url":"https:\/\/www.wojoer.de\/wp-content\/uploads\/2023\/07\/0320-B025-0D_08_06_BEUNBASIC_Push_scrunch_Tanga_eis_blau_low_back_wojoer.jpg","contentUrl":"https:\/\/www.wojoer.de\/wp-content\/uploads\/2023\/07\/0320-B025-0D_08_06_BEUNBASIC_Push_scrunch_Tanga_eis_blau_low_back_wojoer.jpg","width":2002,"height":2002},{"@type":"BreadcrumbList","@id":"https:\/\/www.wojoer.de\/produkt\/beun-basic-push-scrunch-slip\/#breadcrumb","itemListElement":[{"@type":"ListItem","position":1,"name":"Startseite","item":"https:\/\/www.wojoer.de\/"},{"@type":"ListItem","position":2,"name":"SHOP","item":"https:\/\/www.wojoer.de\/shop\/"},{"@type":"ListItem","position":3,"name":"BEUN BASIC Push-Scrunch-Slip"}]},{"@type":"WebSite","@id":"https:\/\/www.wojoer.de\/#website","url":"https:\/\/www.wojoer.de\/","name":"WOJOER","description":"clubwear for men","publisher":{"@id":"https:\/\/www.wojoer.de\/#organization"},"potentialAction":[{"@type":"SearchAction","target":{"@type":"EntryPoint","urlTemplate":"https:\/\/www.wojoer.de\/?s={search_term_string}"},"query-input":{"@type":"PropertyValueSpecification","valueRequired":true,"valueName":"search_term_string"}}],"inLanguage":"en-GB"},{"@type":"Organization","@id":"https:\/\/www.wojoer.de\/#organization","name":"Wonneberger-Manufaktur","url":"https:\/\/www.wojoer.de\/","logo":{"@type":"ImageObject","inLanguage":"en-GB","@id":"https:\/\/www.wojoer.de\/#\/schema\/logo\/image\/","url":"https:\/\/www.wojoer.de\/wp-content\/uploads\/2016\/11\/wonnebergermanufaktur_logo_BUTTON.png","contentUrl":"https:\/\/www.wojoer.de\/wp-content\/uploads\/2016\/11\/wonnebergermanufaktur_logo_BUTTON.png","width":765,"height":765,"caption":"Wonneberger-Manufaktur"},"image":{"@id":"https:\/\/www.wojoer.de\/#\/schema\/logo\/image\/"},"sameAs":["https:\/\/www.facebook.com\/wojoer\/","https:\/\/de.pinterest.com\/W0J0ER\/"]}]}},"_links":{"self":[{"href":"https:\/\/www.wojoer.de\/en\/wp-json\/wp\/v2\/product\/40244","targetHints":{"allow":["GET"]}}],"collection":[{"href":"https:\/\/www.wojoer.de\/en\/wp-json\/wp\/v2\/product"}],"about":[{"href":"https:\/\/www.wojoer.de\/en\/wp-json\/wp\/v2\/types\/product"}],"replies":[{"embeddable":true,"href":"https:\/\/www.wojoer.de\/en\/wp-json\/wp\/v2\/comments?post=40244"}],"wp:featuredmedia":[{"embeddable":true,"href":"https:\/\/www.wojoer.de\/en\/wp-json\/wp\/v2\/media\/40261"}],"wp:attachment":[{"href":"https:\/\/www.wojoer.de\/en\/wp-json\/wp\/v2\/media?parent=40244"}],"wp:term":[{"taxonomy":"product_brand","embeddable":true,"href":"https:\/\/www.wojoer.de\/en\/wp-json\/wp\/v2\/product_brand?post=40244"},{"taxonomy":"product_cat","embeddable":true,"href":"https:\/\/www.wojoer.de\/en\/wp-json\/wp\/v2\/product_cat?post=40244"},{"taxonomy":"product_tag","embeddable":true,"href":"https:\/\/www.wojoer.de\/en\/wp-json\/wp\/v2\/product_tag?post=40244"}],"curies":[{"name":"wp","href":"https:\/\/api.w.org\/{rel}","templated":true}]}}