{"id":40297,"date":"2025-04-16T18:14:37","date_gmt":"2025-04-16T16:14:37","guid":{"rendered":"https:\/\/www.wojoer.de\/?post_type=product&#038;p=40297"},"modified":"2026-02-22T20:20:20","modified_gmt":"2026-02-22T19:20:20","slug":"brauner-leo-ouvert-stringbody","status":"publish","type":"product","link":"https:\/\/www.wojoer.de\/en\/produkt\/brauner-leo-ouvert-stringbody\/","title":{"rendered":"Brauner Leo Ouvert String-Body"},"content":{"rendered":"<p>Immer vorr\u00e4tig, denn der Brauner Leo OUVERT StringBody ist Never-Out-of-Stock und geh\u00f6rt damit zu den Wojoer NOS-Produkten.<\/p>\n<h3>Gr\u00f6\u00dfen<\/h3>\n<p>Erh\u00e4ltlich in den Gr\u00f6\u00dfen Unisize<\/p>\n<h3>Materialzusammensetzung<\/h3>\n<p>82% Polyester\u00a0 8% Elasthan<\/p>\n<h3>Besonderheiten<\/h3>\n<p><a href=\"http:\/\/www.wojoer.de\/?s=nos&#038;post_type=product\">NOS Produkt<\/a> | gl\u00e4nzend matte Oberfl\u00e4chenoptik | Fetish | hautfreundliche schwarze Innenkaschierung |\u00a0 dehnbar | hauteng | hochwertige Verarbeitung &#8220;Made in Germany&#8221;<\/p>\n<h3>Benutzerhinweise<\/h3>\n<p>Handw\u00e4sche<\/p>\n<h3>Brauner Leo Ouvert StringBody men &#8211; CLUBWEAR\u00a0 | Anzug | Body | String | Mankini Leatherlike Micro Body<\/h3>\n<p>Nichts ist erotischer als eine knapp verh\u00fcllende Edel-Verpackung! Und du bist die animalische Praline, die darauf wartet ausgepackt zu werden. Der Leo-Leatherlike Strap-Body ist nicht einfach nur ein hochwertig matt-schwarzer Mankini. Er ist durch sein edles, veganes Leder-Matetial und die perfekt plazierte \u00d6ffnung, wie ein lustvolles Versprechen. Man muss dich mit ihm einfach ber\u00fchren wollen und seinen Linien zum Zentrum folgen, nur um am Ende auf deine harte M\u00e4nnlichkeit zu sto\u00dfen. Das Beste kommt aber noch: Dieser Body ist ideal kombinierbar mit den Wojoer Minisocks. <a href=\"https:\/\/www.wojoer.de\/?s=sock+string&#038;post_type=product\">Hier gehts zu den Mini-Socken<\/a>. Diese Outfit-Kombination macht deinen K\u00f6rper zu einem atemberaubenden Blickfang, der beim Liebesspiel anregende An-und Auspack-Inspirationen offenlegt. Lass dir dieses Abenteuer nicht entgehen und f\u00fchl dich immer \u00fcberraschend bereit!<\/p>\n","protected":false},"excerpt":{"rendered":"<p>Immer vorr\u00e4tig, denn der Brauner Leo OUVERT StringBody ist Never-Out-of-Stock und geh\u00f6rt damit zu den Wojoer NOS-Produkten.<br \/>\nGr\u00f6\u00dfen<br \/>\nErh\u00e4ltlich in den Gr\u00f6\u00dfen Unisize<br \/>\nMaterialzusammensetzung<br \/>\n82% Polyester\u00a0 8% Elasthan<br \/>\nBesonderheiten<br \/>\nNOS Produkt | gl\u00e4nzend matte Oberfl\u00e4chenoptik | Fetish | hautfreundliche schwarze Innenkaschierung |\u00a0 dehnbar | hauteng |\u2026<\/p>\n","protected":false},"featured_media":40302,"comment_status":"open","ping_status":"closed","template":"","meta":[],"product_brand":[],"product_cat":[116,114,169,473,326],"product_tag":[186,194,487,119],"class_list":{"0":"post-40297","1":"product","2":"type-product","3":"status-publish","4":"has-post-thumbnail","6":"product_cat-clubwear","7":"product_cat-fetisch","8":"product_cat-nos-never-out-of-stock","9":"product_cat-men","10":"product_cat-wojoer","11":"product_tag-body","12":"product_tag-leatherlike","13":"product_tag-ouverte","14":"product_tag-string","15":"product_shipping_class-beun","16":"pa_farbe-schwarz","17":"pa_groesse-l","18":"pa_groesse-m","19":"pa_groesse-s","20":"pa_groesse-xl","21":"pa_groesse-xxl","22":"pif-has-gallery","23":"post-1","24":"odd","26":"first","27":"instock","28":"taxable","29":"shipping-taxable","30":"purchasable","31":"product-type-variable"},"yoast_head":"<!-- This site is optimized with the Yoast SEO plugin v27.2 - https:\/\/yoast.com\/product\/yoast-seo-wordpress\/ -->\n<title>stringbody microjersey | veganes leatherlike | fetish &amp; clubwear<\/title>\n<meta name=\"description\" content=\"Stringbodyvon Wojoer ist ein Leo-Leatherlike-StringBody, hauchd\u00fcnn, von innen weich und dehnbar. Als Ouvert oder Geschlossene Variante erh\u00e4ltlich. Jetzt versandkostenfrei innerhalb Deutschlands online bestellen.\" \/>\n<meta name=\"robots\" content=\"index, follow, max-snippet:-1, max-image-preview:large, max-video-preview:-1\" \/>\n<link rel=\"canonical\" href=\"https:\/\/www.wojoer.de\/en\/produkt\/brauner-leo-ouvert-stringbody\/\" \/>\n<meta name=\"twitter:card\" content=\"summary_large_image\" \/>\n<meta name=\"twitter:title\" content=\"stringbody microjersey | veganes leatherlike | fetish &amp; clubwear\" \/>\n<meta name=\"twitter:description\" content=\"Stringbodyvon Wojoer ist ein Leo-Leatherlike-StringBody, hauchd\u00fcnn, von innen weich und dehnbar. Als Ouvert oder Geschlossene Variante erh\u00e4ltlich. Jetzt versandkostenfrei innerhalb Deutschlands online bestellen.\" \/>\n<meta name=\"twitter:image\" content=\"https:\/\/www.wojoer.de\/wp-content\/uploads\/2023\/07\/0416-A017-0D-62-00-1._BraunerLeo_ouvertstringbody_veganleather_brown_black_side_wojoer.jpg\" \/>\n<script type=\"application\/ld+json\" class=\"yoast-schema-graph\">{\"@context\":\"https:\/\/schema.org\",\"@graph\":[{\"@type\":\"WebPage\",\"@id\":\"https:\/\/www.wojoer.de\/produkt\/brauner-leo-ouvert-stringbody\/\",\"url\":\"https:\/\/www.wojoer.de\/produkt\/brauner-leo-ouvert-stringbody\/\",\"name\":\"stringbody microjersey | veganes leatherlike | fetish & clubwear\",\"isPartOf\":{\"@id\":\"https:\/\/www.wojoer.de\/#website\"},\"primaryImageOfPage\":{\"@id\":\"https:\/\/www.wojoer.de\/produkt\/brauner-leo-ouvert-stringbody\/#primaryimage\"},\"image\":{\"@id\":\"https:\/\/www.wojoer.de\/produkt\/brauner-leo-ouvert-stringbody\/#primaryimage\"},\"thumbnailUrl\":\"https:\/\/www.wojoer.de\/wp-content\/uploads\/2023\/07\/0416-A017-0D-62-00-1._BraunerLeo_ouvertstringbody_veganleather_brown_black_side_wojoer.jpg\",\"datePublished\":\"2025-04-16T16:14:37+00:00\",\"dateModified\":\"2026-02-22T19:20:20+00:00\",\"description\":\"Stringbodyvon Wojoer ist ein Leo-Leatherlike-StringBody, hauchd\u00fcnn, von innen weich und dehnbar. Als Ouvert oder Geschlossene Variante erh\u00e4ltlich. Jetzt versandkostenfrei innerhalb Deutschlands online bestellen.\",\"breadcrumb\":{\"@id\":\"https:\/\/www.wojoer.de\/produkt\/brauner-leo-ouvert-stringbody\/#breadcrumb\"},\"inLanguage\":\"en-GB\",\"potentialAction\":[{\"@type\":\"ReadAction\",\"target\":[\"https:\/\/www.wojoer.de\/produkt\/brauner-leo-ouvert-stringbody\/\"]}]},{\"@type\":\"ImageObject\",\"inLanguage\":\"en-GB\",\"@id\":\"https:\/\/www.wojoer.de\/produkt\/brauner-leo-ouvert-stringbody\/#primaryimage\",\"url\":\"https:\/\/www.wojoer.de\/wp-content\/uploads\/2023\/07\/0416-A017-0D-62-00-1._BraunerLeo_ouvertstringbody_veganleather_brown_black_side_wojoer.jpg\",\"contentUrl\":\"https:\/\/www.wojoer.de\/wp-content\/uploads\/2023\/07\/0416-A017-0D-62-00-1._BraunerLeo_ouvertstringbody_veganleather_brown_black_side_wojoer.jpg\",\"width\":2002,\"height\":2002},{\"@type\":\"BreadcrumbList\",\"@id\":\"https:\/\/www.wojoer.de\/produkt\/brauner-leo-ouvert-stringbody\/#breadcrumb\",\"itemListElement\":[{\"@type\":\"ListItem\",\"position\":1,\"name\":\"Startseite\",\"item\":\"https:\/\/www.wojoer.de\/\"},{\"@type\":\"ListItem\",\"position\":2,\"name\":\"SHOP\",\"item\":\"https:\/\/www.wojoer.de\/shop\/\"},{\"@type\":\"ListItem\",\"position\":3,\"name\":\"Brauner Leo Ouvert StringBody\"}]},{\"@type\":\"WebSite\",\"@id\":\"https:\/\/www.wojoer.de\/#website\",\"url\":\"https:\/\/www.wojoer.de\/\",\"name\":\"WOJOER\",\"description\":\"clubwear for men\",\"publisher\":{\"@id\":\"https:\/\/www.wojoer.de\/#organization\"},\"potentialAction\":[{\"@type\":\"SearchAction\",\"target\":{\"@type\":\"EntryPoint\",\"urlTemplate\":\"https:\/\/www.wojoer.de\/?s={search_term_string}\"},\"query-input\":{\"@type\":\"PropertyValueSpecification\",\"valueRequired\":true,\"valueName\":\"search_term_string\"}}],\"inLanguage\":\"en-GB\"},{\"@type\":\"Organization\",\"@id\":\"https:\/\/www.wojoer.de\/#organization\",\"name\":\"Wonneberger-Manufaktur\",\"url\":\"https:\/\/www.wojoer.de\/\",\"logo\":{\"@type\":\"ImageObject\",\"inLanguage\":\"en-GB\",\"@id\":\"https:\/\/www.wojoer.de\/#\/schema\/logo\/image\/\",\"url\":\"https:\/\/www.wojoer.de\/wp-content\/uploads\/2016\/11\/wonnebergermanufaktur_logo_BUTTON.png\",\"contentUrl\":\"https:\/\/www.wojoer.de\/wp-content\/uploads\/2016\/11\/wonnebergermanufaktur_logo_BUTTON.png\",\"width\":765,\"height\":765,\"caption\":\"Wonneberger-Manufaktur\"},\"image\":{\"@id\":\"https:\/\/www.wojoer.de\/#\/schema\/logo\/image\/\"},\"sameAs\":[\"https:\/\/www.facebook.com\/wojoer\/\",\"https:\/\/de.pinterest.com\/W0J0ER\/\"]}]}<\/script>\n<!-- \/ Yoast SEO plugin. -->","yoast_head_json":{"title":"stringbody microjersey | veganes leatherlike | fetish & clubwear","description":"Stringbodyvon Wojoer ist ein Leo-Leatherlike-StringBody, hauchd\u00fcnn, von innen weich und dehnbar. Als Ouvert oder Geschlossene Variante erh\u00e4ltlich. Jetzt versandkostenfrei innerhalb Deutschlands online bestellen.","robots":{"index":"index","follow":"follow","max-snippet":"max-snippet:-1","max-image-preview":"max-image-preview:large","max-video-preview":"max-video-preview:-1"},"canonical":"https:\/\/www.wojoer.de\/en\/produkt\/brauner-leo-ouvert-stringbody\/","twitter_card":"summary_large_image","twitter_title":"stringbody microjersey | veganes leatherlike | fetish & clubwear","twitter_description":"Stringbodyvon Wojoer ist ein Leo-Leatherlike-StringBody, hauchd\u00fcnn, von innen weich und dehnbar. Als Ouvert oder Geschlossene Variante erh\u00e4ltlich. Jetzt versandkostenfrei innerhalb Deutschlands online bestellen.","twitter_image":"https:\/\/www.wojoer.de\/wp-content\/uploads\/2023\/07\/0416-A017-0D-62-00-1._BraunerLeo_ouvertstringbody_veganleather_brown_black_side_wojoer.jpg","schema":{"@context":"https:\/\/schema.org","@graph":[{"@type":"WebPage","@id":"https:\/\/www.wojoer.de\/produkt\/brauner-leo-ouvert-stringbody\/","url":"https:\/\/www.wojoer.de\/produkt\/brauner-leo-ouvert-stringbody\/","name":"stringbody microjersey | veganes leatherlike | fetish & clubwear","isPartOf":{"@id":"https:\/\/www.wojoer.de\/#website"},"primaryImageOfPage":{"@id":"https:\/\/www.wojoer.de\/produkt\/brauner-leo-ouvert-stringbody\/#primaryimage"},"image":{"@id":"https:\/\/www.wojoer.de\/produkt\/brauner-leo-ouvert-stringbody\/#primaryimage"},"thumbnailUrl":"https:\/\/www.wojoer.de\/wp-content\/uploads\/2023\/07\/0416-A017-0D-62-00-1._BraunerLeo_ouvertstringbody_veganleather_brown_black_side_wojoer.jpg","datePublished":"2025-04-16T16:14:37+00:00","dateModified":"2026-02-22T19:20:20+00:00","description":"Stringbodyvon Wojoer ist ein Leo-Leatherlike-StringBody, hauchd\u00fcnn, von innen weich und dehnbar. Als Ouvert oder Geschlossene Variante erh\u00e4ltlich. Jetzt versandkostenfrei innerhalb Deutschlands online bestellen.","breadcrumb":{"@id":"https:\/\/www.wojoer.de\/produkt\/brauner-leo-ouvert-stringbody\/#breadcrumb"},"inLanguage":"en-GB","potentialAction":[{"@type":"ReadAction","target":["https:\/\/www.wojoer.de\/produkt\/brauner-leo-ouvert-stringbody\/"]}]},{"@type":"ImageObject","inLanguage":"en-GB","@id":"https:\/\/www.wojoer.de\/produkt\/brauner-leo-ouvert-stringbody\/#primaryimage","url":"https:\/\/www.wojoer.de\/wp-content\/uploads\/2023\/07\/0416-A017-0D-62-00-1._BraunerLeo_ouvertstringbody_veganleather_brown_black_side_wojoer.jpg","contentUrl":"https:\/\/www.wojoer.de\/wp-content\/uploads\/2023\/07\/0416-A017-0D-62-00-1._BraunerLeo_ouvertstringbody_veganleather_brown_black_side_wojoer.jpg","width":2002,"height":2002},{"@type":"BreadcrumbList","@id":"https:\/\/www.wojoer.de\/produkt\/brauner-leo-ouvert-stringbody\/#breadcrumb","itemListElement":[{"@type":"ListItem","position":1,"name":"Startseite","item":"https:\/\/www.wojoer.de\/"},{"@type":"ListItem","position":2,"name":"SHOP","item":"https:\/\/www.wojoer.de\/shop\/"},{"@type":"ListItem","position":3,"name":"Brauner Leo Ouvert StringBody"}]},{"@type":"WebSite","@id":"https:\/\/www.wojoer.de\/#website","url":"https:\/\/www.wojoer.de\/","name":"WOJOER","description":"clubwear for men","publisher":{"@id":"https:\/\/www.wojoer.de\/#organization"},"potentialAction":[{"@type":"SearchAction","target":{"@type":"EntryPoint","urlTemplate":"https:\/\/www.wojoer.de\/?s={search_term_string}"},"query-input":{"@type":"PropertyValueSpecification","valueRequired":true,"valueName":"search_term_string"}}],"inLanguage":"en-GB"},{"@type":"Organization","@id":"https:\/\/www.wojoer.de\/#organization","name":"Wonneberger-Manufaktur","url":"https:\/\/www.wojoer.de\/","logo":{"@type":"ImageObject","inLanguage":"en-GB","@id":"https:\/\/www.wojoer.de\/#\/schema\/logo\/image\/","url":"https:\/\/www.wojoer.de\/wp-content\/uploads\/2016\/11\/wonnebergermanufaktur_logo_BUTTON.png","contentUrl":"https:\/\/www.wojoer.de\/wp-content\/uploads\/2016\/11\/wonnebergermanufaktur_logo_BUTTON.png","width":765,"height":765,"caption":"Wonneberger-Manufaktur"},"image":{"@id":"https:\/\/www.wojoer.de\/#\/schema\/logo\/image\/"},"sameAs":["https:\/\/www.facebook.com\/wojoer\/","https:\/\/de.pinterest.com\/W0J0ER\/"]}]}},"_links":{"self":[{"href":"https:\/\/www.wojoer.de\/en\/wp-json\/wp\/v2\/product\/40297","targetHints":{"allow":["GET"]}}],"collection":[{"href":"https:\/\/www.wojoer.de\/en\/wp-json\/wp\/v2\/product"}],"about":[{"href":"https:\/\/www.wojoer.de\/en\/wp-json\/wp\/v2\/types\/product"}],"replies":[{"embeddable":true,"href":"https:\/\/www.wojoer.de\/en\/wp-json\/wp\/v2\/comments?post=40297"}],"wp:featuredmedia":[{"embeddable":true,"href":"https:\/\/www.wojoer.de\/en\/wp-json\/wp\/v2\/media\/40302"}],"wp:attachment":[{"href":"https:\/\/www.wojoer.de\/en\/wp-json\/wp\/v2\/media?parent=40297"}],"wp:term":[{"taxonomy":"product_brand","embeddable":true,"href":"https:\/\/www.wojoer.de\/en\/wp-json\/wp\/v2\/product_brand?post=40297"},{"taxonomy":"product_cat","embeddable":true,"href":"https:\/\/www.wojoer.de\/en\/wp-json\/wp\/v2\/product_cat?post=40297"},{"taxonomy":"product_tag","embeddable":true,"href":"https:\/\/www.wojoer.de\/en\/wp-json\/wp\/v2\/product_tag?post=40297"}],"curies":[{"name":"wp","href":"https:\/\/api.w.org\/{rel}","templated":true}]}}