{"id":40342,"date":"2023-07-21T12:32:58","date_gmt":"2023-07-21T10:32:58","guid":{"rendered":"https:\/\/www.wojoer.de\/en\/?post_type=product&#038;p=40342"},"modified":"2024-12-12T07:56:04","modified_gmt":"2024-12-12T06:56:04","slug":"silver-ring-string","status":"publish","type":"product","link":"https:\/\/www.wojoer.de\/en\/produkt\/silver-ring-string\/","title":{"rendered":"Silver Ring String"},"content":{"rendered":"<p>Dieser SilverRing String geh\u00f6rt zu den Wojoer LIVE-Produkten. Sie werden ab Bestellung bei uns produziert. So k\u00f6nnen wir auf Kundenw\u00fcnsche individuell eingehen.<\/p>\n<h3>Gr\u00f6\u00dfen<\/h3>\n<p>Erh\u00e4ltlich in den Gr\u00f6\u00dfen S, M, L, XL, XXL, 3XL<\/p>\n<h3>Materialzusammensetzung<\/h3>\n<p>94% Polyester, 6 % Elasthan<\/p>\n<p>100% Polyester<\/p>\n<h3>Besonderheiten<\/h3>\n<p><a href=\"http:\/\/www.wojoer.de\/?s=LIVE&#038;post_type=product\">LIVE-Produkt<\/a> \u00a0| ca.2cm Ring | schwarzer Nylon-stoff mit d\u00fcnnem Leder als Rahmen | angenehme Passform | stabiles und super dehnbares Nylon | atmungsaktiv |hochwertige Verarbeitung &#8220;Made in Germany&#8221;<\/p>\n<h3><strong>Benutzerhinweise<\/strong><\/h3>\n<p>Handw\u00e4sche<\/p>\n<h3>SilverRing Nylon String &#8211; sexy Unterw\u00e4sche f\u00fcr Herren Nylon Fetish<\/h3>\n<p>Bei diesem Nylon String lautet das Motto: &#8220;Freie Sicht mit gro\u00dfem Spielvergn\u00fcgen!&#8221;<\/p>\n<p>Dieser transparente String ist eine gelungene Kombination aus super dehnbarem Nylon mit einer minimalistischen Linienf\u00fchrung aus hochwertigem veganem Leder. Das schwarze B\u00fcndchen aus veganem Leder legt sich saft auf deine Haut und schmeichelt deinen H\u00fcften. Der gro\u00dfe Ring verr\u00e4t deine Vorlieben und verf\u00fchrt zu erotischen Spielen. Deiner Fantasie sind keine Grenzen gesetzt! Sooo hei\u00df! Die Eigenschaften des \u00e4u\u00dferst angenehmen Stoffes mit dominantem Ring ist ein Erlebnis deiner Sinne!<\/p>\n","protected":false},"excerpt":{"rendered":"<p>Dieser SilverRing String geh\u00f6rt zu den Wojoer LIVE-Produkten. Sie werden ab Bestellung bei uns produziert. So k\u00f6nnen wir auf Kundenw\u00fcnsche individuell eingehen.<br \/>\nGr\u00f6\u00dfen<br \/>\nErh\u00e4ltlich in den Gr\u00f6\u00dfen S, M, L, XL, XXL, 3XL<br \/>\nMaterialzusammensetzung<br \/>\n94% Polyester, 6 % Elasthan<\/p>\n<p>100% Polyester<br \/>\nBesonderheiten<br \/>\nLIVE-Produkt \u00a0| ca.2cm Ring |\u2026<\/p>\n","protected":false},"featured_media":40350,"comment_status":"open","ping_status":"closed","template":"","meta":[],"product_brand":[],"product_cat":[114,473,270,195,326],"product_tag":[246,502,387],"class_list":{"0":"post-40342","1":"product","2":"type-product","3":"status-publish","4":"has-post-thumbnail","6":"product_cat-fetisch","7":"product_cat-men","8":"product_cat-onlyforme","9":"product_cat-produktion-auf-bestellung-liveproduktion","10":"product_cat-wojoer","11":"product_tag-netz","12":"product_tag-ringe","13":"product_tag-transparent","14":"product_shipping_class-beun","15":"pa_groesse-l","16":"pa_groesse-m","17":"pa_groesse-s","18":"pa_groesse-xl","19":"pa_groesse-xxl","20":"pa_groesse-xxxl","21":"pif-has-gallery","22":"post-1","23":"odd","25":"first","26":"instock","27":"taxable","28":"shipping-taxable","29":"purchasable","30":"product-type-variable","31":"has-default-attributes"},"yoast_head":"<!-- This site is optimized with the Yoast SEO plugin v27.2 - https:\/\/yoast.com\/product\/yoast-seo-wordpress\/ -->\n<title>Nylon String| schwarz | Netz | Ring | WOJOER<\/title>\n<meta name=\"description\" content=\"Nylon-String ...der erotische schwarze Netzstoff ist ungewohnt verf\u00fchrerisch und l\u00e4dt zu Fesselspielen ein. Jetzt online bei Wojoer bestellen.\" \/>\n<meta name=\"robots\" content=\"index, follow, max-snippet:-1, max-image-preview:large, max-video-preview:-1\" \/>\n<link rel=\"canonical\" href=\"https:\/\/www.wojoer.de\/en\/produkt\/silver-ring-string\/\" \/>\n<meta name=\"twitter:card\" content=\"summary_large_image\" \/>\n<meta name=\"twitter:title\" content=\"Nylon String| schwarz | Netz | Ring | WOJOER\" \/>\n<meta name=\"twitter:description\" content=\"Nylon-String ...der erotische schwarze Netzstoff ist ungewohnt verf\u00fchrerisch und l\u00e4dt zu Fesselspielen ein. Jetzt online bei Wojoer bestellen.\" \/>\n<meta name=\"twitter:image\" content=\"https:\/\/www.wojoer.de\/wp-content\/uploads\/2023\/07\/0411-S001-0S-00-06-3._Silverring_schmalissimo_string_black_ring_front_wojoer.jpg\" \/>\n<meta name=\"twitter:label1\" content=\"Estimated reading time\" \/>\n\t<meta name=\"twitter:data1\" content=\"1 minute\" \/>\n<script type=\"application\/ld+json\" class=\"yoast-schema-graph\">{\"@context\":\"https:\/\/schema.org\",\"@graph\":[{\"@type\":\"WebPage\",\"@id\":\"https:\/\/www.wojoer.de\/produkt\/silver-ring-string\/\",\"url\":\"https:\/\/www.wojoer.de\/produkt\/silver-ring-string\/\",\"name\":\"Nylon String| schwarz | Netz | Ring | WOJOER\",\"isPartOf\":{\"@id\":\"https:\/\/www.wojoer.de\/#website\"},\"primaryImageOfPage\":{\"@id\":\"https:\/\/www.wojoer.de\/produkt\/silver-ring-string\/#primaryimage\"},\"image\":{\"@id\":\"https:\/\/www.wojoer.de\/produkt\/silver-ring-string\/#primaryimage\"},\"thumbnailUrl\":\"https:\/\/www.wojoer.de\/wp-content\/uploads\/2023\/07\/0411-S001-0S-00-06-3._Silverring_schmalissimo_string_black_ring_front_wojoer.jpg\",\"datePublished\":\"2023-07-21T10:32:58+00:00\",\"dateModified\":\"2024-12-12T06:56:04+00:00\",\"description\":\"Nylon-String ...der erotische schwarze Netzstoff ist ungewohnt verf\u00fchrerisch und l\u00e4dt zu Fesselspielen ein. Jetzt online bei Wojoer bestellen.\",\"breadcrumb\":{\"@id\":\"https:\/\/www.wojoer.de\/produkt\/silver-ring-string\/#breadcrumb\"},\"inLanguage\":\"en-GB\",\"potentialAction\":[{\"@type\":\"ReadAction\",\"target\":[\"https:\/\/www.wojoer.de\/produkt\/silver-ring-string\/\"]}]},{\"@type\":\"ImageObject\",\"inLanguage\":\"en-GB\",\"@id\":\"https:\/\/www.wojoer.de\/produkt\/silver-ring-string\/#primaryimage\",\"url\":\"https:\/\/www.wojoer.de\/wp-content\/uploads\/2023\/07\/0411-S001-0S-00-06-3._Silverring_schmalissimo_string_black_ring_front_wojoer.jpg\",\"contentUrl\":\"https:\/\/www.wojoer.de\/wp-content\/uploads\/2023\/07\/0411-S001-0S-00-06-3._Silverring_schmalissimo_string_black_ring_front_wojoer.jpg\",\"width\":2002,\"height\":2002},{\"@type\":\"BreadcrumbList\",\"@id\":\"https:\/\/www.wojoer.de\/produkt\/silver-ring-string\/#breadcrumb\",\"itemListElement\":[{\"@type\":\"ListItem\",\"position\":1,\"name\":\"Startseite\",\"item\":\"https:\/\/www.wojoer.de\/\"},{\"@type\":\"ListItem\",\"position\":2,\"name\":\"SHOP\",\"item\":\"https:\/\/www.wojoer.de\/shop\/\"},{\"@type\":\"ListItem\",\"position\":3,\"name\":\"Silver Ring String\"}]},{\"@type\":\"WebSite\",\"@id\":\"https:\/\/www.wojoer.de\/#website\",\"url\":\"https:\/\/www.wojoer.de\/\",\"name\":\"WOJOER\",\"description\":\"clubwear for men\",\"publisher\":{\"@id\":\"https:\/\/www.wojoer.de\/#organization\"},\"potentialAction\":[{\"@type\":\"SearchAction\",\"target\":{\"@type\":\"EntryPoint\",\"urlTemplate\":\"https:\/\/www.wojoer.de\/?s={search_term_string}\"},\"query-input\":{\"@type\":\"PropertyValueSpecification\",\"valueRequired\":true,\"valueName\":\"search_term_string\"}}],\"inLanguage\":\"en-GB\"},{\"@type\":\"Organization\",\"@id\":\"https:\/\/www.wojoer.de\/#organization\",\"name\":\"Wonneberger-Manufaktur\",\"url\":\"https:\/\/www.wojoer.de\/\",\"logo\":{\"@type\":\"ImageObject\",\"inLanguage\":\"en-GB\",\"@id\":\"https:\/\/www.wojoer.de\/#\/schema\/logo\/image\/\",\"url\":\"https:\/\/www.wojoer.de\/wp-content\/uploads\/2016\/11\/wonnebergermanufaktur_logo_BUTTON.png\",\"contentUrl\":\"https:\/\/www.wojoer.de\/wp-content\/uploads\/2016\/11\/wonnebergermanufaktur_logo_BUTTON.png\",\"width\":765,\"height\":765,\"caption\":\"Wonneberger-Manufaktur\"},\"image\":{\"@id\":\"https:\/\/www.wojoer.de\/#\/schema\/logo\/image\/\"},\"sameAs\":[\"https:\/\/www.facebook.com\/wojoer\/\",\"https:\/\/de.pinterest.com\/W0J0ER\/\"]}]}<\/script>\n<!-- \/ Yoast SEO plugin. -->","yoast_head_json":{"title":"Nylon String| schwarz | Netz | Ring | WOJOER","description":"Nylon-String ...der erotische schwarze Netzstoff ist ungewohnt verf\u00fchrerisch und l\u00e4dt zu Fesselspielen ein. Jetzt online bei Wojoer bestellen.","robots":{"index":"index","follow":"follow","max-snippet":"max-snippet:-1","max-image-preview":"max-image-preview:large","max-video-preview":"max-video-preview:-1"},"canonical":"https:\/\/www.wojoer.de\/en\/produkt\/silver-ring-string\/","twitter_card":"summary_large_image","twitter_title":"[:de]Nylon String| schwarz | Netz | Ring | WOJOER[:]","twitter_description":"[:de]Nylon-String ...der erotische schwarze Netzstoff ist ungewohnt verf\u00fchrerisch und l\u00e4dt zu Fesselspielen ein. Jetzt online bei Wojoer bestellen.[:]","twitter_image":"https:\/\/www.wojoer.de\/wp-content\/uploads\/2023\/07\/0411-S001-0S-00-06-3._Silverring_schmalissimo_string_black_ring_front_wojoer.jpg","twitter_misc":{"Estimated reading time":"1 minute"},"schema":{"@context":"https:\/\/schema.org","@graph":[{"@type":"WebPage","@id":"https:\/\/www.wojoer.de\/produkt\/silver-ring-string\/","url":"https:\/\/www.wojoer.de\/produkt\/silver-ring-string\/","name":"Nylon String| schwarz | Netz | Ring | WOJOER","isPartOf":{"@id":"https:\/\/www.wojoer.de\/#website"},"primaryImageOfPage":{"@id":"https:\/\/www.wojoer.de\/produkt\/silver-ring-string\/#primaryimage"},"image":{"@id":"https:\/\/www.wojoer.de\/produkt\/silver-ring-string\/#primaryimage"},"thumbnailUrl":"https:\/\/www.wojoer.de\/wp-content\/uploads\/2023\/07\/0411-S001-0S-00-06-3._Silverring_schmalissimo_string_black_ring_front_wojoer.jpg","datePublished":"2023-07-21T10:32:58+00:00","dateModified":"2024-12-12T06:56:04+00:00","description":"Nylon-String ...der erotische schwarze Netzstoff ist ungewohnt verf\u00fchrerisch und l\u00e4dt zu Fesselspielen ein. Jetzt online bei Wojoer bestellen.","breadcrumb":{"@id":"https:\/\/www.wojoer.de\/produkt\/silver-ring-string\/#breadcrumb"},"inLanguage":"en-GB","potentialAction":[{"@type":"ReadAction","target":["https:\/\/www.wojoer.de\/produkt\/silver-ring-string\/"]}]},{"@type":"ImageObject","inLanguage":"en-GB","@id":"https:\/\/www.wojoer.de\/produkt\/silver-ring-string\/#primaryimage","url":"https:\/\/www.wojoer.de\/wp-content\/uploads\/2023\/07\/0411-S001-0S-00-06-3._Silverring_schmalissimo_string_black_ring_front_wojoer.jpg","contentUrl":"https:\/\/www.wojoer.de\/wp-content\/uploads\/2023\/07\/0411-S001-0S-00-06-3._Silverring_schmalissimo_string_black_ring_front_wojoer.jpg","width":2002,"height":2002},{"@type":"BreadcrumbList","@id":"https:\/\/www.wojoer.de\/produkt\/silver-ring-string\/#breadcrumb","itemListElement":[{"@type":"ListItem","position":1,"name":"Startseite","item":"https:\/\/www.wojoer.de\/"},{"@type":"ListItem","position":2,"name":"SHOP","item":"https:\/\/www.wojoer.de\/shop\/"},{"@type":"ListItem","position":3,"name":"Silver Ring String"}]},{"@type":"WebSite","@id":"https:\/\/www.wojoer.de\/#website","url":"https:\/\/www.wojoer.de\/","name":"WOJOER","description":"clubwear for men","publisher":{"@id":"https:\/\/www.wojoer.de\/#organization"},"potentialAction":[{"@type":"SearchAction","target":{"@type":"EntryPoint","urlTemplate":"https:\/\/www.wojoer.de\/?s={search_term_string}"},"query-input":{"@type":"PropertyValueSpecification","valueRequired":true,"valueName":"search_term_string"}}],"inLanguage":"en-GB"},{"@type":"Organization","@id":"https:\/\/www.wojoer.de\/#organization","name":"Wonneberger-Manufaktur","url":"https:\/\/www.wojoer.de\/","logo":{"@type":"ImageObject","inLanguage":"en-GB","@id":"https:\/\/www.wojoer.de\/#\/schema\/logo\/image\/","url":"https:\/\/www.wojoer.de\/wp-content\/uploads\/2016\/11\/wonnebergermanufaktur_logo_BUTTON.png","contentUrl":"https:\/\/www.wojoer.de\/wp-content\/uploads\/2016\/11\/wonnebergermanufaktur_logo_BUTTON.png","width":765,"height":765,"caption":"Wonneberger-Manufaktur"},"image":{"@id":"https:\/\/www.wojoer.de\/#\/schema\/logo\/image\/"},"sameAs":["https:\/\/www.facebook.com\/wojoer\/","https:\/\/de.pinterest.com\/W0J0ER\/"]}]}},"_links":{"self":[{"href":"https:\/\/www.wojoer.de\/en\/wp-json\/wp\/v2\/product\/40342","targetHints":{"allow":["GET"]}}],"collection":[{"href":"https:\/\/www.wojoer.de\/en\/wp-json\/wp\/v2\/product"}],"about":[{"href":"https:\/\/www.wojoer.de\/en\/wp-json\/wp\/v2\/types\/product"}],"replies":[{"embeddable":true,"href":"https:\/\/www.wojoer.de\/en\/wp-json\/wp\/v2\/comments?post=40342"}],"wp:featuredmedia":[{"embeddable":true,"href":"https:\/\/www.wojoer.de\/en\/wp-json\/wp\/v2\/media\/40350"}],"wp:attachment":[{"href":"https:\/\/www.wojoer.de\/en\/wp-json\/wp\/v2\/media?parent=40342"}],"wp:term":[{"taxonomy":"product_brand","embeddable":true,"href":"https:\/\/www.wojoer.de\/en\/wp-json\/wp\/v2\/product_brand?post=40342"},{"taxonomy":"product_cat","embeddable":true,"href":"https:\/\/www.wojoer.de\/en\/wp-json\/wp\/v2\/product_cat?post=40342"},{"taxonomy":"product_tag","embeddable":true,"href":"https:\/\/www.wojoer.de\/en\/wp-json\/wp\/v2\/product_tag?post=40342"}],"curies":[{"name":"wp","href":"https:\/\/api.w.org\/{rel}","templated":true}]}}