{"id":4039,"date":"2017-03-25T00:19:25","date_gmt":"2017-03-24T23:19:25","guid":{"rendered":"http:\/\/www.wojoer.de\/produkt\/neopren-longpant-neongelb\/"},"modified":"2026-04-19T03:56:14","modified_gmt":"2026-04-19T01:56:14","slug":"neopren-longpant","status":"publish","type":"product","link":"https:\/\/www.wojoer.de\/en\/produkt\/neopren-longpant\/","title":{"rendered":"neopren longpants"},"content":{"rendered":"<p>Die Neopren Longpant geh\u00f6rt zu den Wojoer LIVE-Produkten. Sie werden ab Bestellung bei uns produziert. So k\u00f6nnen wir auf Kundenw\u00fcnsche individuell eingehen.<\/p>\n<p>Erh\u00e4ltlich in den Farben \u00a0\u00a0 <img loading=\"lazy\" decoding=\"async\" class=\"alignnone size-full wp-image-6164\" src=\"http:\/\/www.wojoer.de\/wp-content\/uploads\/2017\/05\/wei\u00df.jpg\" alt=\"__wei\u00df\" width=\"9\" height=\"9\" \/> Wei\u00df | <img loading=\"lazy\" decoding=\"async\" class=\"alignnone size-full wp-image-6163\" src=\"http:\/\/www.wojoer.de\/wp-content\/uploads\/2017\/05\/schwarz.jpg\" alt=\"__schwarz\" width=\"9\" height=\"9\" \/> Schwarz | <a href=\"https:\/\/www.wojoer.de\/wp-content\/uploads\/2018\/08\/grau.jpg\"><img loading=\"lazy\" decoding=\"async\" class=\"alignnone size-full wp-image-32073\" src=\"https:\/\/www.wojoer.de\/wp-content\/uploads\/2018\/08\/grau.jpg\" alt=\"Farbe Grau\" width=\"9\" height=\"9\" \/><\/a> Titanio Grau | <a href=\"https:\/\/www.wojoer.de\/wp-content\/uploads\/2018\/08\/braun.jpg\"><img loading=\"lazy\" decoding=\"async\" class=\"alignnone size-full wp-image-32072\" src=\"https:\/\/www.wojoer.de\/wp-content\/uploads\/2018\/08\/braun.jpg\" alt=\"Farbe braun\" width=\"9\" height=\"9\" \/><\/a> Braun | <a href=\"https:\/\/www.wojoer.de\/wp-content\/uploads\/2018\/08\/olive_navi_moos.jpg\"><img loading=\"lazy\" decoding=\"async\" class=\"alignnone size-full wp-image-32074\" src=\"https:\/\/www.wojoer.de\/wp-content\/uploads\/2018\/08\/olive_navi_moos.jpg\" alt=\"Farbe Oliv\" width=\"9\" height=\"9\" \/><\/a> Navy | <a href=\"https:\/\/www.wojoer.de\/wp-content\/uploads\/2018\/04\/gruen.jpg\"><img loading=\"lazy\" decoding=\"async\" class=\"alignnone size-full wp-image-10032\" src=\"https:\/\/www.wojoer.de\/wp-content\/uploads\/2018\/04\/gruen.jpg\" alt=\"\" width=\"9\" height=\"9\" \/><\/a> Neongr\u00fcn\u00a0| <a href=\"https:\/\/www.wojoer.de\/wp-content\/uploads\/2018\/04\/neongelb.jpg\"><img loading=\"lazy\" decoding=\"async\" class=\"alignnone size-full wp-image-10035\" src=\"https:\/\/www.wojoer.de\/wp-content\/uploads\/2018\/04\/neongelb.jpg\" alt=\"\" width=\"9\" height=\"9\" \/><\/a> Neongelb | <a href=\"https:\/\/www.wojoer.de\/wp-content\/uploads\/2018\/04\/orange.jpg\"><img loading=\"lazy\" decoding=\"async\" class=\"alignnone size-full wp-image-10037\" src=\"https:\/\/www.wojoer.de\/wp-content\/uploads\/2018\/04\/orange.jpg\" alt=\"Farbe\" width=\"9\" height=\"9\" \/><\/a> Neonorange| <a href=\"https:\/\/www.wojoer.de\/wp-content\/uploads\/2018\/04\/vulcano.jpg\"><img loading=\"lazy\" decoding=\"async\" class=\"alignnone size-full wp-image-10040\" src=\"https:\/\/www.wojoer.de\/wp-content\/uploads\/2018\/04\/vulcano.jpg\" alt=\"\" width=\"9\" height=\"9\" \/><\/a> Rot | <img loading=\"lazy\" decoding=\"async\" class=\"alignnone size-full wp-image-6156\" src=\"http:\/\/www.wojoer.de\/wp-content\/uploads\/2017\/05\/pink-1.jpg\" alt=\"pink\" width=\"9\" height=\"9\" \/> Neonpink | <a href=\"https:\/\/www.wojoer.de\/wp-content\/uploads\/2018\/04\/lila.jpg\"><img loading=\"lazy\" decoding=\"async\" class=\"alignnone size-full wp-image-10033\" src=\"https:\/\/www.wojoer.de\/wp-content\/uploads\/2018\/04\/lila.jpg\" alt=\"\" width=\"9\" height=\"9\" \/><\/a> Lila | <img loading=\"lazy\" decoding=\"async\" class=\"alignnone size-full wp-image-6157\" src=\"http:\/\/www.wojoer.de\/wp-content\/uploads\/2017\/05\/blau.jpg\" alt=\"__blau\" width=\"9\" height=\"9\" \/> Royalblau | <img loading=\"lazy\" decoding=\"async\" class=\"alignnone size-full wp-image-6158\" src=\"http:\/\/www.wojoer.de\/wp-content\/uploads\/2017\/05\/eisblau.jpg\" alt=\"__eisblau\" width=\"9\" height=\"9\" \/> Eisblau<\/p>\n<h3>Gr\u00f6\u00dfen<\/h3>\n<p>Erh\u00e4ltlich in den Gr\u00f6\u00dfen S, M, L, XL<\/p>\n<h3>Materialzusammensetzung<\/h3>\n<p>100% Glatthautneopren<\/p>\n<p>Innenkaschierung: 80% Polyamid, 20% Elasthan<\/p>\n<h3>Besonderheiten<\/h3>\n<p><a href=\"http:\/\/www.wojoer.de\/?s=LIVE&#038;post_type=product\">LIVE-Produkt<\/a> | elegant matte Oberfl\u00e4chenoptik | badetauglich | w\u00e4rmend | fest formendes Material | haut enge Passform\u00a0 | hochwertige Verarbeitung &#8220;Made in Germany&#8221;<\/p>\n<h3>Benutzerhinweise<\/h3>\n<p>Handw\u00e4sche | Neopren entwickelt Bewegungsfalten, wie gutes Leder und l\u00e4sst so nach und nach eine eigene Signatur eines jeden Tr\u00e4gers entstehen. Daher bitte druckgesch\u00fctzt und nicht zusammengelegt lagern und auf breite Kleiderb\u00fcgel aufziehen.<\/p>\n<h3>Achtung<\/h3>\n<p>Bei Retouren, m\u00fcssen die Neoprenprodukte ungeknickt und luftig verpackt zur\u00fcckgesendet werden, so wie die Ware erhalten wurde. Bei Druckstellen, die durch einen falschen Versand verursacht wurden, kann die Ware nicht zur\u00fcckgenommen werden.<\/p>\n<h3>NEOPREN &#8211; sportliche Longpant<\/h3>\n<p>Neopren von WOJOER ist anders. Punkt eins: Fast Hauchd\u00fcnn mit seinen 2,5mm schmiegt es sich perfekt an den K\u00f6rper und formt jeden Millimeter genau dahin, wo wir ihn haben wollen, hin zur umwerfenden M\u00e4nnlichkeit. Punkt zwei: Das in Deutschland produzierte Glatthautneopren ist extrem aufwendig in der Fertigung, aber erh\u00e4lt so seine spezielle schwarz anthrazit changierende, gummiartige Oberfl\u00e4che, die sich unglaublich elektrisierend anf\u00fchlt und aussieht. Auch an den Tr\u00e4ger wurde gedacht, denn die weiche Jersey Innenkaschierung ist ideal f\u00fcr anspruchsvolle M\u00e4nnerhaut. Punkt drei: Die speziell von WOJOER\u00a0 f\u00fcr dieses Neopren entwickelte Nahttechnik erm\u00f6glicht die so hochwertige Verarbreitung, die\u00a0 perfekte Rundungen um Schritt und Po zaubert. Nicht nur Sportlich, sondern vor allem elegant m\u00e4nnlich ist diese Neopren Bade Longpant in Neon Gelb am Strand, im Bett oder auch im Club.<\/p>\n<p>Hier geht\u2019s zur <a href=\"http:\/\/www.wojoer.de\/groessentabelle\/\">Gr\u00f6\u00dfentabelle<\/a><\/p>\n","protected":false},"excerpt":{"rendered":"<p>Die Neopren Longpant geh\u00f6rt zu den Wojoer LIVE-Produkten. Sie werden ab Bestellung bei uns produziert. So k\u00f6nnen wir auf Kundenw\u00fcnsche individuell eingehen.<\/p>\n<p>Erh\u00e4ltlich in den Farben \u00a0\u00a0  Wei\u00df |  Schwarz |  Titanio Grau |  Braun | \u2026<\/p>\n","protected":false},"featured_media":8548,"comment_status":"open","ping_status":"closed","template":"","meta":[],"product_brand":[],"product_cat":[112,115,311,473,195,326],"product_tag":[108,268,259,103],"class_list":{"0":"post-4039","1":"product","2":"type-product","3":"status-publish","4":"has-post-thumbnail","6":"product_cat-309-neopren","7":"product_cat-beachwear","8":"product_cat-hankycode","9":"product_cat-men","10":"product_cat-produktion-auf-bestellung-liveproduktion","11":"product_cat-wojoer","12":"product_tag-1beachwear","13":"product_tag-farbcode","14":"product_tag-longpants","15":"product_tag-neopren","16":"product_shipping_class-neopren","17":"pa_farbe-eisblau","18":"pa_farbe-royalblau","19":"pa_farbe-braun","20":"pa_farbe-grau","21":"pa_farbe-lila","22":"pa_farbe-neongelb","23":"pa_farbe-neongruen","24":"pa_farbe-neonpink","25":"pa_farbe-olive","26":"pa_farbe-orange","27":"pa_farbe-rot","28":"pa_farbe-schwarz","29":"pa_farbe-weiss","30":"pa_groesse-l","31":"pa_groesse-m","32":"pa_groesse-s","33":"pa_groesse-xl","34":"pif-has-gallery","35":"post-1","36":"odd","38":"first","39":"onbackorder","40":"taxable","41":"shipping-taxable","42":"purchasable","43":"product-type-variable","44":"has-default-attributes"},"yoast_head":"<!-- This site is optimized with the Yoast SEO plugin v27.2 - https:\/\/yoast.com\/product\/yoast-seo-wordpress\/ -->\n<title>Neopren longpant slip | swim trunks Badehose | matt | WOJOER<\/title>\n<meta name=\"description\" content=\"Neopren ungewohnt sexy. Nicht nur das in Deutschland gefertigte Glatthautneopren ist ungewohnt erotisch, auch die Best-Fit-Verarbeitung ist \u00fcberzeugend\" \/>\n<meta name=\"robots\" content=\"index, follow, max-snippet:-1, max-image-preview:large, max-video-preview:-1\" \/>\n<link rel=\"canonical\" href=\"https:\/\/www.wojoer.de\/en\/produkt\/neopren-longpant\/\" \/>\n<meta name=\"twitter:card\" content=\"summary_large_image\" \/>\n<meta name=\"twitter:title\" content=\"Neopren longpant slip | swim trunks Badehose | matt | WOJOER\" \/>\n<meta name=\"twitter:description\" content=\"Neopren ungewohnt sexy. Nicht nur das in Deutschland gefertigte Glatthautneopren ist ungewohnt erotisch, auch die Best-Fit-Verarbeitung ist \u00fcberzeugend\" \/>\n<meta name=\"twitter:image\" content=\"https:\/\/www.wojoer.de\/wp-content\/uploads\/2017\/12\/309W602_1_neopren_longpant_neongruen_side_wojoer.jpg\" \/>\n<meta name=\"twitter:label1\" content=\"Estimated reading time\" \/>\n\t<meta name=\"twitter:data1\" content=\"5 minutes\" \/>\n<script type=\"application\/ld+json\" class=\"yoast-schema-graph\">{\"@context\":\"https:\/\/schema.org\",\"@graph\":[{\"@type\":\"WebPage\",\"@id\":\"https:\/\/www.wojoer.de\/produkt\/neopren-longpant\/\",\"url\":\"https:\/\/www.wojoer.de\/produkt\/neopren-longpant\/\",\"name\":\"Neopren longpant slip | swim trunks Badehose | matt | WOJOER\",\"isPartOf\":{\"@id\":\"https:\/\/www.wojoer.de\/#website\"},\"primaryImageOfPage\":{\"@id\":\"https:\/\/www.wojoer.de\/produkt\/neopren-longpant\/#primaryimage\"},\"image\":{\"@id\":\"https:\/\/www.wojoer.de\/produkt\/neopren-longpant\/#primaryimage\"},\"thumbnailUrl\":\"https:\/\/www.wojoer.de\/wp-content\/uploads\/2017\/12\/309W602_1_neopren_longpant_neongruen_side_wojoer.jpg\",\"datePublished\":\"2017-03-24T23:19:25+00:00\",\"dateModified\":\"2026-04-19T01:56:14+00:00\",\"description\":\"Neopren ungewohnt sexy. Nicht nur das in Deutschland gefertigte Glatthautneopren ist ungewohnt erotisch, auch die Best-Fit-Verarbeitung ist \u00fcberzeugend\",\"breadcrumb\":{\"@id\":\"https:\/\/www.wojoer.de\/produkt\/neopren-longpant\/#breadcrumb\"},\"inLanguage\":\"en-GB\",\"potentialAction\":[{\"@type\":\"ReadAction\",\"target\":[\"https:\/\/www.wojoer.de\/produkt\/neopren-longpant\/\"]}]},{\"@type\":\"ImageObject\",\"inLanguage\":\"en-GB\",\"@id\":\"https:\/\/www.wojoer.de\/produkt\/neopren-longpant\/#primaryimage\",\"url\":\"https:\/\/www.wojoer.de\/wp-content\/uploads\/2017\/12\/309W602_1_neopren_longpant_neongruen_side_wojoer.jpg\",\"contentUrl\":\"https:\/\/www.wojoer.de\/wp-content\/uploads\/2017\/12\/309W602_1_neopren_longpant_neongruen_side_wojoer.jpg\",\"width\":2002,\"height\":2002,\"caption\":\"NEOPREN LONGPANT, neopren, shorts, enganliegende Badehose, swim trunks, neon gruen\"},{\"@type\":\"BreadcrumbList\",\"@id\":\"https:\/\/www.wojoer.de\/produkt\/neopren-longpant\/#breadcrumb\",\"itemListElement\":[{\"@type\":\"ListItem\",\"position\":1,\"name\":\"Startseite\",\"item\":\"https:\/\/www.wojoer.de\/\"},{\"@type\":\"ListItem\",\"position\":2,\"name\":\"SHOP\",\"item\":\"https:\/\/www.wojoer.de\/shop\/\"},{\"@type\":\"ListItem\",\"position\":3,\"name\":\"neopren longpants\"}]},{\"@type\":\"WebSite\",\"@id\":\"https:\/\/www.wojoer.de\/#website\",\"url\":\"https:\/\/www.wojoer.de\/\",\"name\":\"WOJOER\",\"description\":\"clubwear for men\",\"publisher\":{\"@id\":\"https:\/\/www.wojoer.de\/#organization\"},\"potentialAction\":[{\"@type\":\"SearchAction\",\"target\":{\"@type\":\"EntryPoint\",\"urlTemplate\":\"https:\/\/www.wojoer.de\/?s={search_term_string}\"},\"query-input\":{\"@type\":\"PropertyValueSpecification\",\"valueRequired\":true,\"valueName\":\"search_term_string\"}}],\"inLanguage\":\"en-GB\"},{\"@type\":\"Organization\",\"@id\":\"https:\/\/www.wojoer.de\/#organization\",\"name\":\"Wonneberger-Manufaktur\",\"url\":\"https:\/\/www.wojoer.de\/\",\"logo\":{\"@type\":\"ImageObject\",\"inLanguage\":\"en-GB\",\"@id\":\"https:\/\/www.wojoer.de\/#\/schema\/logo\/image\/\",\"url\":\"https:\/\/www.wojoer.de\/wp-content\/uploads\/2016\/11\/wonnebergermanufaktur_logo_BUTTON.png\",\"contentUrl\":\"https:\/\/www.wojoer.de\/wp-content\/uploads\/2016\/11\/wonnebergermanufaktur_logo_BUTTON.png\",\"width\":765,\"height\":765,\"caption\":\"Wonneberger-Manufaktur\"},\"image\":{\"@id\":\"https:\/\/www.wojoer.de\/#\/schema\/logo\/image\/\"},\"sameAs\":[\"https:\/\/www.facebook.com\/wojoer\/\",\"https:\/\/de.pinterest.com\/W0J0ER\/\"]}]}<\/script>\n<!-- \/ Yoast SEO plugin. -->","yoast_head_json":{"title":"Neopren longpant slip | swim trunks Badehose | matt | WOJOER","description":"Neopren ungewohnt sexy. Nicht nur das in Deutschland gefertigte Glatthautneopren ist ungewohnt erotisch, auch die Best-Fit-Verarbeitung ist \u00fcberzeugend","robots":{"index":"index","follow":"follow","max-snippet":"max-snippet:-1","max-image-preview":"max-image-preview:large","max-video-preview":"max-video-preview:-1"},"canonical":"https:\/\/www.wojoer.de\/en\/produkt\/neopren-longpant\/","twitter_card":"summary_large_image","twitter_title":"Neopren longpant slip | swim trunks Badehose | matt | WOJOER","twitter_description":"Neopren ungewohnt sexy. Nicht nur das in Deutschland gefertigte Glatthautneopren ist ungewohnt erotisch, auch die Best-Fit-Verarbeitung ist \u00fcberzeugend","twitter_image":"https:\/\/www.wojoer.de\/wp-content\/uploads\/2017\/12\/309W602_1_neopren_longpant_neongruen_side_wojoer.jpg","twitter_misc":{"Estimated reading time":"5 minutes"},"schema":{"@context":"https:\/\/schema.org","@graph":[{"@type":"WebPage","@id":"https:\/\/www.wojoer.de\/produkt\/neopren-longpant\/","url":"https:\/\/www.wojoer.de\/produkt\/neopren-longpant\/","name":"Neopren longpant slip | swim trunks Badehose | matt | WOJOER","isPartOf":{"@id":"https:\/\/www.wojoer.de\/#website"},"primaryImageOfPage":{"@id":"https:\/\/www.wojoer.de\/produkt\/neopren-longpant\/#primaryimage"},"image":{"@id":"https:\/\/www.wojoer.de\/produkt\/neopren-longpant\/#primaryimage"},"thumbnailUrl":"https:\/\/www.wojoer.de\/wp-content\/uploads\/2017\/12\/309W602_1_neopren_longpant_neongruen_side_wojoer.jpg","datePublished":"2017-03-24T23:19:25+00:00","dateModified":"2026-04-19T01:56:14+00:00","description":"Neopren ungewohnt sexy. Nicht nur das in Deutschland gefertigte Glatthautneopren ist ungewohnt erotisch, auch die Best-Fit-Verarbeitung ist \u00fcberzeugend","breadcrumb":{"@id":"https:\/\/www.wojoer.de\/produkt\/neopren-longpant\/#breadcrumb"},"inLanguage":"en-GB","potentialAction":[{"@type":"ReadAction","target":["https:\/\/www.wojoer.de\/produkt\/neopren-longpant\/"]}]},{"@type":"ImageObject","inLanguage":"en-GB","@id":"https:\/\/www.wojoer.de\/produkt\/neopren-longpant\/#primaryimage","url":"https:\/\/www.wojoer.de\/wp-content\/uploads\/2017\/12\/309W602_1_neopren_longpant_neongruen_side_wojoer.jpg","contentUrl":"https:\/\/www.wojoer.de\/wp-content\/uploads\/2017\/12\/309W602_1_neopren_longpant_neongruen_side_wojoer.jpg","width":2002,"height":2002,"caption":"NEOPREN LONGPANT, neopren, shorts, enganliegende Badehose, swim trunks, neon gruen"},{"@type":"BreadcrumbList","@id":"https:\/\/www.wojoer.de\/produkt\/neopren-longpant\/#breadcrumb","itemListElement":[{"@type":"ListItem","position":1,"name":"Startseite","item":"https:\/\/www.wojoer.de\/"},{"@type":"ListItem","position":2,"name":"SHOP","item":"https:\/\/www.wojoer.de\/shop\/"},{"@type":"ListItem","position":3,"name":"neopren longpants"}]},{"@type":"WebSite","@id":"https:\/\/www.wojoer.de\/#website","url":"https:\/\/www.wojoer.de\/","name":"WOJOER","description":"clubwear for men","publisher":{"@id":"https:\/\/www.wojoer.de\/#organization"},"potentialAction":[{"@type":"SearchAction","target":{"@type":"EntryPoint","urlTemplate":"https:\/\/www.wojoer.de\/?s={search_term_string}"},"query-input":{"@type":"PropertyValueSpecification","valueRequired":true,"valueName":"search_term_string"}}],"inLanguage":"en-GB"},{"@type":"Organization","@id":"https:\/\/www.wojoer.de\/#organization","name":"Wonneberger-Manufaktur","url":"https:\/\/www.wojoer.de\/","logo":{"@type":"ImageObject","inLanguage":"en-GB","@id":"https:\/\/www.wojoer.de\/#\/schema\/logo\/image\/","url":"https:\/\/www.wojoer.de\/wp-content\/uploads\/2016\/11\/wonnebergermanufaktur_logo_BUTTON.png","contentUrl":"https:\/\/www.wojoer.de\/wp-content\/uploads\/2016\/11\/wonnebergermanufaktur_logo_BUTTON.png","width":765,"height":765,"caption":"Wonneberger-Manufaktur"},"image":{"@id":"https:\/\/www.wojoer.de\/#\/schema\/logo\/image\/"},"sameAs":["https:\/\/www.facebook.com\/wojoer\/","https:\/\/de.pinterest.com\/W0J0ER\/"]}]}},"_links":{"self":[{"href":"https:\/\/www.wojoer.de\/en\/wp-json\/wp\/v2\/product\/4039","targetHints":{"allow":["GET"]}}],"collection":[{"href":"https:\/\/www.wojoer.de\/en\/wp-json\/wp\/v2\/product"}],"about":[{"href":"https:\/\/www.wojoer.de\/en\/wp-json\/wp\/v2\/types\/product"}],"replies":[{"embeddable":true,"href":"https:\/\/www.wojoer.de\/en\/wp-json\/wp\/v2\/comments?post=4039"}],"wp:featuredmedia":[{"embeddable":true,"href":"https:\/\/www.wojoer.de\/en\/wp-json\/wp\/v2\/media\/8548"}],"wp:attachment":[{"href":"https:\/\/www.wojoer.de\/en\/wp-json\/wp\/v2\/media?parent=4039"}],"wp:term":[{"taxonomy":"product_brand","embeddable":true,"href":"https:\/\/www.wojoer.de\/en\/wp-json\/wp\/v2\/product_brand?post=4039"},{"taxonomy":"product_cat","embeddable":true,"href":"https:\/\/www.wojoer.de\/en\/wp-json\/wp\/v2\/product_cat?post=4039"},{"taxonomy":"product_tag","embeddable":true,"href":"https:\/\/www.wojoer.de\/en\/wp-json\/wp\/v2\/product_tag?post=4039"}],"curies":[{"name":"wp","href":"https:\/\/api.w.org\/{rel}","templated":true}]}}