{"id":40422,"date":"2023-08-23T07:38:11","date_gmt":"2023-08-23T05:38:11","guid":{"rendered":"https:\/\/www.wojoer.de\/?post_type=product&#038;p=40422"},"modified":"2026-03-26T23:52:11","modified_gmt":"2026-03-26T22:52:11","slug":"ibiza-push-tanga-glaenzend","status":"publish","type":"product","link":"https:\/\/www.wojoer.de\/en\/produkt\/ibiza-push-tanga-glaenzend\/","title":{"rendered":"IBIZA Push Tanga"},"content":{"rendered":"<p>Dieser t\u00fcrkisbunt schillernde Ibiza Push Tanga gl\u00e4nzend aus folierten Jerseystoff geh\u00f6rt in die Kategorie &#8220;NOS&#8221;-Produkte und ist damit ein Lagerprodukt.<\/p>\n<h3>Gr\u00f6\u00dfen<\/h3>\n<p>S | M | L | XL | XXL | 3XL<\/p>\n<h3>Materialzusammensetzung<\/h3>\n<p>folierter Jerseystoff: 76% Polyester | 4% Elasthan | 20% Polyurethan<\/p>\n<h3>Besonderheiten<\/h3>\n<p><a href=\"http:\/\/www.wojoer.de\/?s=nos&#038;post_type=product\">NOS<\/a>| foliertes Jersey | Perlmutoptik | Tanga gl\u00e4nzend | stretchy | komfortabel und atmungsaktiv | hochwertige Verarbeitung &#8220;Made in Germany&#8221;<\/p>\n<h3>Benutzerhinweise<\/h3>\n<p>Handw\u00e4sche | Achtung Material nimmt Farben von dunkleren Textilien an, daher bitte im Schrank nur mit hellen Kleidungsst\u00fccken zusammenh\u00e4ngen und nur mit hellen Textilien zusammen waschen<\/p>\n<h3>Tanga gl\u00e4nzend IBIZA Push Tanga- fancy Tanga, M\u00e4nner Bikini<\/h3>\n<p>Up into the space oder doch lieber die gl\u00e4nzende Perle im strahlenden Mondlicht? Egal wonach du dich f\u00fchlst, Future Rave oder romantische Diva, mit diesem Push Tanga wirst du glamour\u00f6s beeindrucken. Das Material ist weich, dehnbar, d\u00fcnn und nur mit kleinen Perlmutt-Punkten bedruckt, sodass es genauso atmungsaktiv ist, wie ein feiner Micro Stoff. Den minimalistischen Schnitt, der die Gr\u00f6\u00dfe deiner M\u00e4nnlichkeit vorteilhaft in Szene setzt wirst du lieben!<\/p>\n","protected":false},"excerpt":{"rendered":"<p>Dieser t\u00fcrkisbunt schillernde Ibiza Push Tanga gl\u00e4nzend aus folierten Jerseystoff geh\u00f6rt in die Kategorie &#8220;NOS&#8221;-Produkte und ist damit ein Lagerprodukt.<br \/>\nGr\u00f6\u00dfen<br \/>\nS | M | L | XL | XXL | 3XL<br \/>\nMaterialzusammensetzung<br \/>\nfolierter Jerseystoff: 76% Polyester | 4% Elasthan | 20% Polyurethan<br \/>\nBesonderheiten<br \/>\nNOS| foliertes\u2026<\/p>\n","protected":false},"featured_media":40432,"comment_status":"open","ping_status":"closed","template":"","meta":[],"product_brand":[],"product_cat":[834,116,473,270,326],"product_tag":[215,560,303,362,167],"class_list":{"0":"post-40422","1":"product","2":"type-product","3":"status-publish","4":"has-post-thumbnail","6":"product_cat-378-rainbow","7":"product_cat-clubwear","8":"product_cat-men","9":"product_cat-onlyforme","10":"product_cat-wojoer","11":"product_tag-bulge-tanga-mini-pushup-tanga-g-tanga","12":"product_tag-glaenzend","13":"product_tag-glitzer","14":"product_tag-holographic","15":"product_tag-tanga","16":"product_shipping_class-beun","17":"pa_groesse-l","18":"pa_groesse-m","19":"pa_groesse-s","20":"pa_groesse-xl","21":"pa_groesse-xxl","22":"pa_groesse-xxxl","23":"pif-has-gallery","24":"post-1","25":"odd","27":"first","28":"onbackorder","29":"taxable","30":"shipping-taxable","31":"purchasable","32":"product-type-variable"},"yoast_head":"<!-- This site is optimized with the Yoast SEO plugin v27.2 - https:\/\/yoast.com\/product\/yoast-seo-wordpress\/ -->\n<title>Tanga gl\u00e4nzend | Push Bikini | schillernd bunt | WOJOER<\/title>\n<meta name=\"description\" content=\"Tanga gl\u00e4nzend aus der Ibiza Kollektion, knallig bunt und wild berauschend! Dance, baby dance! Jetzt online bestellen, versandkostenfrei!\" \/>\n<meta name=\"robots\" content=\"index, follow, max-snippet:-1, max-image-preview:large, max-video-preview:-1\" \/>\n<link rel=\"canonical\" href=\"https:\/\/www.wojoer.de\/en\/produkt\/ibiza-push-tanga-glaenzend\/\" \/>\n<meta name=\"twitter:card\" content=\"summary_large_image\" \/>\n<meta name=\"twitter:title\" content=\"Tanga gl\u00e4nzend | Push Bikini | schillernd bunt | WOJOER\" \/>\n<meta name=\"twitter:description\" content=\"Tanga gl\u00e4nzend aus der Ibiza Kollektion, knallig bunt und wild berauschend! Dance, baby dance! Jetzt online bestellen, versandkostenfrei!\" \/>\n<meta name=\"twitter:image\" content=\"https:\/\/www.wojoer.de\/wp-content\/uploads\/2023\/08\/0417-B015-0D-20-06-1.-Ibiza_Push_Mini_String-dehnbar-holo-L-front-wojoer.jpg\" \/>\n<meta name=\"twitter:label1\" content=\"Estimated reading time\" \/>\n\t<meta name=\"twitter:data1\" content=\"1 minute\" \/>\n<script type=\"application\/ld+json\" class=\"yoast-schema-graph\">{\"@context\":\"https:\/\/schema.org\",\"@graph\":[{\"@type\":\"WebPage\",\"@id\":\"https:\/\/www.wojoer.de\/produkt\/ibiza-push-tanga-glaenzend\/\",\"url\":\"https:\/\/www.wojoer.de\/produkt\/ibiza-push-tanga-glaenzend\/\",\"name\":\"Tanga gl\u00e4nzend | Push Bikini | schillernd bunt | WOJOER\",\"isPartOf\":{\"@id\":\"https:\/\/www.wojoer.de\/#website\"},\"primaryImageOfPage\":{\"@id\":\"https:\/\/www.wojoer.de\/produkt\/ibiza-push-tanga-glaenzend\/#primaryimage\"},\"image\":{\"@id\":\"https:\/\/www.wojoer.de\/produkt\/ibiza-push-tanga-glaenzend\/#primaryimage\"},\"thumbnailUrl\":\"https:\/\/www.wojoer.de\/wp-content\/uploads\/2023\/08\/0417-B015-0D-20-06-1.-Ibiza_Push_Mini_String-dehnbar-holo-L-front-wojoer.jpg\",\"datePublished\":\"2023-08-23T05:38:11+00:00\",\"dateModified\":\"2026-03-26T22:52:11+00:00\",\"description\":\"Tanga gl\u00e4nzend aus der Ibiza Kollektion, knallig bunt und wild berauschend! Dance, baby dance! Jetzt online bestellen, versandkostenfrei!\",\"breadcrumb\":{\"@id\":\"https:\/\/www.wojoer.de\/produkt\/ibiza-push-tanga-glaenzend\/#breadcrumb\"},\"inLanguage\":\"en-GB\",\"potentialAction\":[{\"@type\":\"ReadAction\",\"target\":[\"https:\/\/www.wojoer.de\/produkt\/ibiza-push-tanga-glaenzend\/\"]}]},{\"@type\":\"ImageObject\",\"inLanguage\":\"en-GB\",\"@id\":\"https:\/\/www.wojoer.de\/produkt\/ibiza-push-tanga-glaenzend\/#primaryimage\",\"url\":\"https:\/\/www.wojoer.de\/wp-content\/uploads\/2023\/08\/0417-B015-0D-20-06-1.-Ibiza_Push_Mini_String-dehnbar-holo-L-front-wojoer.jpg\",\"contentUrl\":\"https:\/\/www.wojoer.de\/wp-content\/uploads\/2023\/08\/0417-B015-0D-20-06-1.-Ibiza_Push_Mini_String-dehnbar-holo-L-front-wojoer.jpg\",\"width\":2002,\"height\":2002},{\"@type\":\"BreadcrumbList\",\"@id\":\"https:\/\/www.wojoer.de\/produkt\/ibiza-push-tanga-glaenzend\/#breadcrumb\",\"itemListElement\":[{\"@type\":\"ListItem\",\"position\":1,\"name\":\"Startseite\",\"item\":\"https:\/\/www.wojoer.de\/\"},{\"@type\":\"ListItem\",\"position\":2,\"name\":\"SHOP\",\"item\":\"https:\/\/www.wojoer.de\/shop\/\"},{\"@type\":\"ListItem\",\"position\":3,\"name\":\"IBIZA Push Tanga\"}]},{\"@type\":\"WebSite\",\"@id\":\"https:\/\/www.wojoer.de\/#website\",\"url\":\"https:\/\/www.wojoer.de\/\",\"name\":\"WOJOER\",\"description\":\"clubwear for men\",\"publisher\":{\"@id\":\"https:\/\/www.wojoer.de\/#organization\"},\"potentialAction\":[{\"@type\":\"SearchAction\",\"target\":{\"@type\":\"EntryPoint\",\"urlTemplate\":\"https:\/\/www.wojoer.de\/?s={search_term_string}\"},\"query-input\":{\"@type\":\"PropertyValueSpecification\",\"valueRequired\":true,\"valueName\":\"search_term_string\"}}],\"inLanguage\":\"en-GB\"},{\"@type\":\"Organization\",\"@id\":\"https:\/\/www.wojoer.de\/#organization\",\"name\":\"Wonneberger-Manufaktur\",\"url\":\"https:\/\/www.wojoer.de\/\",\"logo\":{\"@type\":\"ImageObject\",\"inLanguage\":\"en-GB\",\"@id\":\"https:\/\/www.wojoer.de\/#\/schema\/logo\/image\/\",\"url\":\"https:\/\/www.wojoer.de\/wp-content\/uploads\/2016\/11\/wonnebergermanufaktur_logo_BUTTON.png\",\"contentUrl\":\"https:\/\/www.wojoer.de\/wp-content\/uploads\/2016\/11\/wonnebergermanufaktur_logo_BUTTON.png\",\"width\":765,\"height\":765,\"caption\":\"Wonneberger-Manufaktur\"},\"image\":{\"@id\":\"https:\/\/www.wojoer.de\/#\/schema\/logo\/image\/\"},\"sameAs\":[\"https:\/\/www.facebook.com\/wojoer\/\",\"https:\/\/de.pinterest.com\/W0J0ER\/\"]}]}<\/script>\n<!-- \/ Yoast SEO plugin. -->","yoast_head_json":{"title":"Tanga gl\u00e4nzend | Push Bikini | schillernd bunt | WOJOER","description":"Tanga gl\u00e4nzend aus der Ibiza Kollektion, knallig bunt und wild berauschend! Dance, baby dance! Jetzt online bestellen, versandkostenfrei!","robots":{"index":"index","follow":"follow","max-snippet":"max-snippet:-1","max-image-preview":"max-image-preview:large","max-video-preview":"max-video-preview:-1"},"canonical":"https:\/\/www.wojoer.de\/en\/produkt\/ibiza-push-tanga-glaenzend\/","twitter_card":"summary_large_image","twitter_title":"Tanga gl\u00e4nzend | Push Bikini | schillernd bunt | WOJOER","twitter_description":"Tanga gl\u00e4nzend aus der Ibiza Kollektion, knallig bunt und wild berauschend! Dance, baby dance! Jetzt online bestellen, versandkostenfrei!","twitter_image":"https:\/\/www.wojoer.de\/wp-content\/uploads\/2023\/08\/0417-B015-0D-20-06-1.-Ibiza_Push_Mini_String-dehnbar-holo-L-front-wojoer.jpg","twitter_misc":{"Estimated reading time":"1 minute"},"schema":{"@context":"https:\/\/schema.org","@graph":[{"@type":"WebPage","@id":"https:\/\/www.wojoer.de\/produkt\/ibiza-push-tanga-glaenzend\/","url":"https:\/\/www.wojoer.de\/produkt\/ibiza-push-tanga-glaenzend\/","name":"Tanga gl\u00e4nzend | Push Bikini | schillernd bunt | WOJOER","isPartOf":{"@id":"https:\/\/www.wojoer.de\/#website"},"primaryImageOfPage":{"@id":"https:\/\/www.wojoer.de\/produkt\/ibiza-push-tanga-glaenzend\/#primaryimage"},"image":{"@id":"https:\/\/www.wojoer.de\/produkt\/ibiza-push-tanga-glaenzend\/#primaryimage"},"thumbnailUrl":"https:\/\/www.wojoer.de\/wp-content\/uploads\/2023\/08\/0417-B015-0D-20-06-1.-Ibiza_Push_Mini_String-dehnbar-holo-L-front-wojoer.jpg","datePublished":"2023-08-23T05:38:11+00:00","dateModified":"2026-03-26T22:52:11+00:00","description":"Tanga gl\u00e4nzend aus der Ibiza Kollektion, knallig bunt und wild berauschend! Dance, baby dance! Jetzt online bestellen, versandkostenfrei!","breadcrumb":{"@id":"https:\/\/www.wojoer.de\/produkt\/ibiza-push-tanga-glaenzend\/#breadcrumb"},"inLanguage":"en-GB","potentialAction":[{"@type":"ReadAction","target":["https:\/\/www.wojoer.de\/produkt\/ibiza-push-tanga-glaenzend\/"]}]},{"@type":"ImageObject","inLanguage":"en-GB","@id":"https:\/\/www.wojoer.de\/produkt\/ibiza-push-tanga-glaenzend\/#primaryimage","url":"https:\/\/www.wojoer.de\/wp-content\/uploads\/2023\/08\/0417-B015-0D-20-06-1.-Ibiza_Push_Mini_String-dehnbar-holo-L-front-wojoer.jpg","contentUrl":"https:\/\/www.wojoer.de\/wp-content\/uploads\/2023\/08\/0417-B015-0D-20-06-1.-Ibiza_Push_Mini_String-dehnbar-holo-L-front-wojoer.jpg","width":2002,"height":2002},{"@type":"BreadcrumbList","@id":"https:\/\/www.wojoer.de\/produkt\/ibiza-push-tanga-glaenzend\/#breadcrumb","itemListElement":[{"@type":"ListItem","position":1,"name":"Startseite","item":"https:\/\/www.wojoer.de\/"},{"@type":"ListItem","position":2,"name":"SHOP","item":"https:\/\/www.wojoer.de\/shop\/"},{"@type":"ListItem","position":3,"name":"IBIZA Push Tanga"}]},{"@type":"WebSite","@id":"https:\/\/www.wojoer.de\/#website","url":"https:\/\/www.wojoer.de\/","name":"WOJOER","description":"clubwear for men","publisher":{"@id":"https:\/\/www.wojoer.de\/#organization"},"potentialAction":[{"@type":"SearchAction","target":{"@type":"EntryPoint","urlTemplate":"https:\/\/www.wojoer.de\/?s={search_term_string}"},"query-input":{"@type":"PropertyValueSpecification","valueRequired":true,"valueName":"search_term_string"}}],"inLanguage":"en-GB"},{"@type":"Organization","@id":"https:\/\/www.wojoer.de\/#organization","name":"Wonneberger-Manufaktur","url":"https:\/\/www.wojoer.de\/","logo":{"@type":"ImageObject","inLanguage":"en-GB","@id":"https:\/\/www.wojoer.de\/#\/schema\/logo\/image\/","url":"https:\/\/www.wojoer.de\/wp-content\/uploads\/2016\/11\/wonnebergermanufaktur_logo_BUTTON.png","contentUrl":"https:\/\/www.wojoer.de\/wp-content\/uploads\/2016\/11\/wonnebergermanufaktur_logo_BUTTON.png","width":765,"height":765,"caption":"Wonneberger-Manufaktur"},"image":{"@id":"https:\/\/www.wojoer.de\/#\/schema\/logo\/image\/"},"sameAs":["https:\/\/www.facebook.com\/wojoer\/","https:\/\/de.pinterest.com\/W0J0ER\/"]}]}},"_links":{"self":[{"href":"https:\/\/www.wojoer.de\/en\/wp-json\/wp\/v2\/product\/40422","targetHints":{"allow":["GET"]}}],"collection":[{"href":"https:\/\/www.wojoer.de\/en\/wp-json\/wp\/v2\/product"}],"about":[{"href":"https:\/\/www.wojoer.de\/en\/wp-json\/wp\/v2\/types\/product"}],"replies":[{"embeddable":true,"href":"https:\/\/www.wojoer.de\/en\/wp-json\/wp\/v2\/comments?post=40422"}],"wp:featuredmedia":[{"embeddable":true,"href":"https:\/\/www.wojoer.de\/en\/wp-json\/wp\/v2\/media\/40432"}],"wp:attachment":[{"href":"https:\/\/www.wojoer.de\/en\/wp-json\/wp\/v2\/media?parent=40422"}],"wp:term":[{"taxonomy":"product_brand","embeddable":true,"href":"https:\/\/www.wojoer.de\/en\/wp-json\/wp\/v2\/product_brand?post=40422"},{"taxonomy":"product_cat","embeddable":true,"href":"https:\/\/www.wojoer.de\/en\/wp-json\/wp\/v2\/product_cat?post=40422"},{"taxonomy":"product_tag","embeddable":true,"href":"https:\/\/www.wojoer.de\/en\/wp-json\/wp\/v2\/product_tag?post=40422"}],"curies":[{"name":"wp","href":"https:\/\/api.w.org\/{rel}","templated":true}]}}