{"id":40487,"date":"2023-08-23T09:56:46","date_gmt":"2023-08-23T07:56:46","guid":{"rendered":"https:\/\/www.wojoer.de\/?post_type=product&#038;p=40487"},"modified":"2026-04-10T11:13:27","modified_gmt":"2026-04-10T09:13:27","slug":"ibiza-cropped-longsleeve-hoody","status":"publish","type":"product","link":"https:\/\/www.wojoer.de\/en\/produkt\/ibiza-cropped-longsleeve-hoody\/","title":{"rendered":"IBIZA Cropped Hoody"},"content":{"rendered":"<p>Dieses t\u00fcrkisbunt schillernde Ibiza Shirt mit Kapuze, cropped longsleeve hoody aus folierten Jerseystoff geh\u00f6rt in die Kategorie &#8220;NOS&#8221;-Produkte und ist damit ein Lagerprodukt.<\/p>\n<h3>Gr\u00f6\u00dfen<\/h3>\n<p>S | M | L | XL | XXL | 3XL<\/p>\n<h3>Materialzusammensetzung<\/h3>\n<p>folierter Jerseystoff: 76% Polyester | 4% Elasthan | 20% Polyurethan<\/p>\n<p>Beachwet Einfass: 94% Polyester | 6% Elastan<\/p>\n<h3>Besonderheiten<\/h3>\n<p><a href=\"http:\/\/www.wojoer.de\/?s=nos&#038;post_type=product\">NOS<\/a>| foliertes Jersey | Perlmutoptik | Shirt mit Kapuze gl\u00e4nzend | stretchy | komfortabel und atmungsaktiv | hochwertige Verarbeitung &#8220;Made in Germany&#8221;<\/p>\n<h3>Benutzerhinweise<\/h3>\n<p>Handw\u00e4sche | Achtung Material nimmt Farben von dunkleren Textilien an, daher bitte im Schrank nur mit hellen Kleidungsst\u00fccken zusammenh\u00e4ngen und nur mit hellen Textilien zusammen waschen<\/p>\n<h3>Shirt mit Kapuze gl\u00e4nzend IBIZA, cropped longsleeve hoody<\/h3>\n<p>Up into the space oder doch lieber die gl\u00e4nzende Perle im strahlenden Mondlicht? Egal wonach du dich f\u00fchlst, Future Rave oder romantische Diva, mit diesem cropped longsleeve hoody wirst du glamour\u00f6s beeindrucken. Das Material ist weich, dehnbar, d\u00fcnn und nur mit kleinen Perlmutt-Punkten bedruckt, sodass es genauso atmungsaktiv ist, wie ein feiner Micro Stoff. Den praktischen Rei\u00dfverschluss mit komfortablen Untertritt und seiner Quick-Fun-Action M\u00f6glichkeiten wirst du lieben! Wenn du es dann noch mit einer gl\u00e4nzen schwarzen Lack Leggings oder gewagt mit wei\u00df schwarzen Longsocks, einem Lack Ketten Harness oder einer Lack-Leder-Maske kombinierst, wird dein glam sport look perfekt.<\/p>\n","protected":false},"excerpt":{"rendered":"<p>Dieses t\u00fcrkisbunt schillernde Ibiza Shirt mit Kapuze, cropped longsleeve hoody aus folierten Jerseystoff geh\u00f6rt in die Kategorie &#8220;NOS&#8221;-Produkte und ist damit ein Lagerprodukt.<br \/>\nGr\u00f6\u00dfen<br \/>\nS | M | L | XL | XXL | 3XL<br \/>\nMaterialzusammensetzung<br \/>\nfolierter Jerseystoff: 76% Polyester | 4% Elasthan |\u2026<\/p>\n","protected":false},"featured_media":40453,"comment_status":"open","ping_status":"closed","template":"","meta":[],"product_brand":[],"product_cat":[116,473,326],"product_tag":[560,303,362,933,932,856],"class_list":{"0":"post-40487","1":"product","2":"type-product","3":"status-publish","4":"has-post-thumbnail","6":"product_cat-clubwear","7":"product_cat-men","8":"product_cat-wojoer","9":"product_tag-glaenzend","10":"product_tag-glitzer","11":"product_tag-holographic","12":"product_tag-jacke","13":"product_tag-kapuze","14":"product_tag-shirt","15":"product_shipping_class-leggings-shirts-bodies","16":"pa_groesse-l","17":"pa_groesse-m","18":"pa_groesse-s","19":"pa_groesse-xl","20":"pa_groesse-xxl","21":"pa_groesse-xxxl","22":"pif-has-gallery","23":"post-1","24":"odd","26":"first","27":"instock","28":"taxable","29":"shipping-taxable","30":"purchasable","31":"product-type-variable"},"yoast_head":"<!-- This site is optimized with the Yoast SEO plugin v27.2 - https:\/\/yoast.com\/product\/yoast-seo-wordpress\/ -->\n<title>cropped longsleeve hoody | schillernd bunt | WOJOER<\/title>\n<meta name=\"description\" content=\"cropped longsleeve hoody aus der Ibiza Kollektion, knallig bunt und wild berauschend! Dance, baby dance! Jetzt online bestellen, versandkostenfrei!\" \/>\n<meta name=\"robots\" content=\"index, follow, max-snippet:-1, max-image-preview:large, max-video-preview:-1\" \/>\n<link rel=\"canonical\" href=\"https:\/\/www.wojoer.de\/en\/produkt\/ibiza-cropped-longsleeve-hoody\/\" \/>\n<meta name=\"twitter:card\" content=\"summary_large_image\" \/>\n<meta name=\"twitter:title\" content=\"cropped longsleeve hoody | schillernd bunt | WOJOER\" \/>\n<meta name=\"twitter:description\" content=\"cropped longsleeve hoody aus der Ibiza Kollektion, knallig bunt und wild berauschend! Dance, baby dance! Jetzt online bestellen, versandkostenfrei!\" \/>\n<meta name=\"twitter:image\" content=\"https:\/\/www.wojoer.de\/wp-content\/uploads\/2023\/08\/0417-T019-0D-20-06-3.-Ibiza_Longsleeve_cropped_shirt-dehnbar-holo-L-front-wojoer.jpg\" \/>\n<meta name=\"twitter:label1\" content=\"Estimated reading time\" \/>\n\t<meta name=\"twitter:data1\" content=\"2 minutes\" \/>\n<script type=\"application\/ld+json\" class=\"yoast-schema-graph\">{\"@context\":\"https:\/\/schema.org\",\"@graph\":[{\"@type\":\"WebPage\",\"@id\":\"https:\/\/www.wojoer.de\/produkt\/ibiza-cropped-longsleeve-hoody\/\",\"url\":\"https:\/\/www.wojoer.de\/produkt\/ibiza-cropped-longsleeve-hoody\/\",\"name\":\"cropped longsleeve hoody | schillernd bunt | WOJOER\",\"isPartOf\":{\"@id\":\"https:\/\/www.wojoer.de\/#website\"},\"primaryImageOfPage\":{\"@id\":\"https:\/\/www.wojoer.de\/produkt\/ibiza-cropped-longsleeve-hoody\/#primaryimage\"},\"image\":{\"@id\":\"https:\/\/www.wojoer.de\/produkt\/ibiza-cropped-longsleeve-hoody\/#primaryimage\"},\"thumbnailUrl\":\"https:\/\/www.wojoer.de\/wp-content\/uploads\/2023\/08\/0417-T019-0D-20-06-3.-Ibiza_Longsleeve_cropped_shirt-dehnbar-holo-L-front-wojoer.jpg\",\"datePublished\":\"2023-08-23T07:56:46+00:00\",\"dateModified\":\"2026-04-10T09:13:27+00:00\",\"description\":\"cropped longsleeve hoody aus der Ibiza Kollektion, knallig bunt und wild berauschend! Dance, baby dance! Jetzt online bestellen, versandkostenfrei!\",\"breadcrumb\":{\"@id\":\"https:\/\/www.wojoer.de\/produkt\/ibiza-cropped-longsleeve-hoody\/#breadcrumb\"},\"inLanguage\":\"en-GB\",\"potentialAction\":[{\"@type\":\"ReadAction\",\"target\":[\"https:\/\/www.wojoer.de\/produkt\/ibiza-cropped-longsleeve-hoody\/\"]}]},{\"@type\":\"ImageObject\",\"inLanguage\":\"en-GB\",\"@id\":\"https:\/\/www.wojoer.de\/produkt\/ibiza-cropped-longsleeve-hoody\/#primaryimage\",\"url\":\"https:\/\/www.wojoer.de\/wp-content\/uploads\/2023\/08\/0417-T019-0D-20-06-3.-Ibiza_Longsleeve_cropped_shirt-dehnbar-holo-L-front-wojoer.jpg\",\"contentUrl\":\"https:\/\/www.wojoer.de\/wp-content\/uploads\/2023\/08\/0417-T019-0D-20-06-3.-Ibiza_Longsleeve_cropped_shirt-dehnbar-holo-L-front-wojoer.jpg\",\"width\":2002,\"height\":2002},{\"@type\":\"BreadcrumbList\",\"@id\":\"https:\/\/www.wojoer.de\/produkt\/ibiza-cropped-longsleeve-hoody\/#breadcrumb\",\"itemListElement\":[{\"@type\":\"ListItem\",\"position\":1,\"name\":\"Startseite\",\"item\":\"https:\/\/www.wojoer.de\/\"},{\"@type\":\"ListItem\",\"position\":2,\"name\":\"SHOP\",\"item\":\"https:\/\/www.wojoer.de\/shop\/\"},{\"@type\":\"ListItem\",\"position\":3,\"name\":\"IBIZA Cropped Hoody\"}]},{\"@type\":\"WebSite\",\"@id\":\"https:\/\/www.wojoer.de\/#website\",\"url\":\"https:\/\/www.wojoer.de\/\",\"name\":\"WOJOER\",\"description\":\"clubwear for men\",\"publisher\":{\"@id\":\"https:\/\/www.wojoer.de\/#organization\"},\"potentialAction\":[{\"@type\":\"SearchAction\",\"target\":{\"@type\":\"EntryPoint\",\"urlTemplate\":\"https:\/\/www.wojoer.de\/?s={search_term_string}\"},\"query-input\":{\"@type\":\"PropertyValueSpecification\",\"valueRequired\":true,\"valueName\":\"search_term_string\"}}],\"inLanguage\":\"en-GB\"},{\"@type\":\"Organization\",\"@id\":\"https:\/\/www.wojoer.de\/#organization\",\"name\":\"Wonneberger-Manufaktur\",\"url\":\"https:\/\/www.wojoer.de\/\",\"logo\":{\"@type\":\"ImageObject\",\"inLanguage\":\"en-GB\",\"@id\":\"https:\/\/www.wojoer.de\/#\/schema\/logo\/image\/\",\"url\":\"https:\/\/www.wojoer.de\/wp-content\/uploads\/2016\/11\/wonnebergermanufaktur_logo_BUTTON.png\",\"contentUrl\":\"https:\/\/www.wojoer.de\/wp-content\/uploads\/2016\/11\/wonnebergermanufaktur_logo_BUTTON.png\",\"width\":765,\"height\":765,\"caption\":\"Wonneberger-Manufaktur\"},\"image\":{\"@id\":\"https:\/\/www.wojoer.de\/#\/schema\/logo\/image\/\"},\"sameAs\":[\"https:\/\/www.facebook.com\/wojoer\/\",\"https:\/\/de.pinterest.com\/W0J0ER\/\"]}]}<\/script>\n<!-- \/ Yoast SEO plugin. -->","yoast_head_json":{"title":"cropped longsleeve hoody | schillernd bunt | WOJOER","description":"cropped longsleeve hoody aus der Ibiza Kollektion, knallig bunt und wild berauschend! Dance, baby dance! Jetzt online bestellen, versandkostenfrei!","robots":{"index":"index","follow":"follow","max-snippet":"max-snippet:-1","max-image-preview":"max-image-preview:large","max-video-preview":"max-video-preview:-1"},"canonical":"https:\/\/www.wojoer.de\/en\/produkt\/ibiza-cropped-longsleeve-hoody\/","twitter_card":"summary_large_image","twitter_title":"[:de]cropped longsleeve hoody | schillernd bunt | WOJOER[:]","twitter_description":"[:de]cropped longsleeve hoody aus der Ibiza Kollektion, knallig bunt und wild berauschend! Dance, baby dance! Jetzt online bestellen, versandkostenfrei![:]","twitter_image":"https:\/\/www.wojoer.de\/wp-content\/uploads\/2023\/08\/0417-T019-0D-20-06-3.-Ibiza_Longsleeve_cropped_shirt-dehnbar-holo-L-front-wojoer.jpg","twitter_misc":{"Estimated reading time":"2 minutes"},"schema":{"@context":"https:\/\/schema.org","@graph":[{"@type":"WebPage","@id":"https:\/\/www.wojoer.de\/produkt\/ibiza-cropped-longsleeve-hoody\/","url":"https:\/\/www.wojoer.de\/produkt\/ibiza-cropped-longsleeve-hoody\/","name":"cropped longsleeve hoody | schillernd bunt | WOJOER","isPartOf":{"@id":"https:\/\/www.wojoer.de\/#website"},"primaryImageOfPage":{"@id":"https:\/\/www.wojoer.de\/produkt\/ibiza-cropped-longsleeve-hoody\/#primaryimage"},"image":{"@id":"https:\/\/www.wojoer.de\/produkt\/ibiza-cropped-longsleeve-hoody\/#primaryimage"},"thumbnailUrl":"https:\/\/www.wojoer.de\/wp-content\/uploads\/2023\/08\/0417-T019-0D-20-06-3.-Ibiza_Longsleeve_cropped_shirt-dehnbar-holo-L-front-wojoer.jpg","datePublished":"2023-08-23T07:56:46+00:00","dateModified":"2026-04-10T09:13:27+00:00","description":"cropped longsleeve hoody aus der Ibiza Kollektion, knallig bunt und wild berauschend! Dance, baby dance! Jetzt online bestellen, versandkostenfrei!","breadcrumb":{"@id":"https:\/\/www.wojoer.de\/produkt\/ibiza-cropped-longsleeve-hoody\/#breadcrumb"},"inLanguage":"en-GB","potentialAction":[{"@type":"ReadAction","target":["https:\/\/www.wojoer.de\/produkt\/ibiza-cropped-longsleeve-hoody\/"]}]},{"@type":"ImageObject","inLanguage":"en-GB","@id":"https:\/\/www.wojoer.de\/produkt\/ibiza-cropped-longsleeve-hoody\/#primaryimage","url":"https:\/\/www.wojoer.de\/wp-content\/uploads\/2023\/08\/0417-T019-0D-20-06-3.-Ibiza_Longsleeve_cropped_shirt-dehnbar-holo-L-front-wojoer.jpg","contentUrl":"https:\/\/www.wojoer.de\/wp-content\/uploads\/2023\/08\/0417-T019-0D-20-06-3.-Ibiza_Longsleeve_cropped_shirt-dehnbar-holo-L-front-wojoer.jpg","width":2002,"height":2002},{"@type":"BreadcrumbList","@id":"https:\/\/www.wojoer.de\/produkt\/ibiza-cropped-longsleeve-hoody\/#breadcrumb","itemListElement":[{"@type":"ListItem","position":1,"name":"Startseite","item":"https:\/\/www.wojoer.de\/"},{"@type":"ListItem","position":2,"name":"SHOP","item":"https:\/\/www.wojoer.de\/shop\/"},{"@type":"ListItem","position":3,"name":"IBIZA Cropped Hoody"}]},{"@type":"WebSite","@id":"https:\/\/www.wojoer.de\/#website","url":"https:\/\/www.wojoer.de\/","name":"WOJOER","description":"clubwear for men","publisher":{"@id":"https:\/\/www.wojoer.de\/#organization"},"potentialAction":[{"@type":"SearchAction","target":{"@type":"EntryPoint","urlTemplate":"https:\/\/www.wojoer.de\/?s={search_term_string}"},"query-input":{"@type":"PropertyValueSpecification","valueRequired":true,"valueName":"search_term_string"}}],"inLanguage":"en-GB"},{"@type":"Organization","@id":"https:\/\/www.wojoer.de\/#organization","name":"Wonneberger-Manufaktur","url":"https:\/\/www.wojoer.de\/","logo":{"@type":"ImageObject","inLanguage":"en-GB","@id":"https:\/\/www.wojoer.de\/#\/schema\/logo\/image\/","url":"https:\/\/www.wojoer.de\/wp-content\/uploads\/2016\/11\/wonnebergermanufaktur_logo_BUTTON.png","contentUrl":"https:\/\/www.wojoer.de\/wp-content\/uploads\/2016\/11\/wonnebergermanufaktur_logo_BUTTON.png","width":765,"height":765,"caption":"Wonneberger-Manufaktur"},"image":{"@id":"https:\/\/www.wojoer.de\/#\/schema\/logo\/image\/"},"sameAs":["https:\/\/www.facebook.com\/wojoer\/","https:\/\/de.pinterest.com\/W0J0ER\/"]}]}},"_links":{"self":[{"href":"https:\/\/www.wojoer.de\/en\/wp-json\/wp\/v2\/product\/40487","targetHints":{"allow":["GET"]}}],"collection":[{"href":"https:\/\/www.wojoer.de\/en\/wp-json\/wp\/v2\/product"}],"about":[{"href":"https:\/\/www.wojoer.de\/en\/wp-json\/wp\/v2\/types\/product"}],"replies":[{"embeddable":true,"href":"https:\/\/www.wojoer.de\/en\/wp-json\/wp\/v2\/comments?post=40487"}],"wp:featuredmedia":[{"embeddable":true,"href":"https:\/\/www.wojoer.de\/en\/wp-json\/wp\/v2\/media\/40453"}],"wp:attachment":[{"href":"https:\/\/www.wojoer.de\/en\/wp-json\/wp\/v2\/media?parent=40487"}],"wp:term":[{"taxonomy":"product_brand","embeddable":true,"href":"https:\/\/www.wojoer.de\/en\/wp-json\/wp\/v2\/product_brand?post=40487"},{"taxonomy":"product_cat","embeddable":true,"href":"https:\/\/www.wojoer.de\/en\/wp-json\/wp\/v2\/product_cat?post=40487"},{"taxonomy":"product_tag","embeddable":true,"href":"https:\/\/www.wojoer.de\/en\/wp-json\/wp\/v2\/product_tag?post=40487"}],"curies":[{"name":"wp","href":"https:\/\/api.w.org\/{rel}","templated":true}]}}