{"id":40501,"date":"2023-08-23T11:18:33","date_gmt":"2023-08-23T09:18:33","guid":{"rendered":"https:\/\/www.wojoer.de\/?post_type=product&#038;p=40501"},"modified":"2024-12-12T07:56:04","modified_gmt":"2024-12-12T06:56:04","slug":"ibiza-langarmstringbody","status":"publish","type":"product","link":"https:\/\/www.wojoer.de\/en\/produkt\/ibiza-langarmstringbody\/","title":{"rendered":"IBIZA Langarmstringbody"},"content":{"rendered":"<p>Dieser t\u00fcrkisbunt schillernde Langarmstringbody gl\u00e4nzend aus folierten Jerseystoff geh\u00f6rt in die Kategorie &#8220;Live&#8221;-Produkte und ist damit ein Lagerprodukt.<\/p>\n<h3>Gr\u00f6\u00dfen<\/h3>\n<p>S | M | L | XL | XXL | 3XL<\/p>\n<h3>Materialzusammensetzung<\/h3>\n<p>folierter Jerseystoff: 76% Polyester | 4% Elasthan | 20% Polyurethan<\/p>\n<p>Beachwet Einfass: 94% Polyester | 6% Elastan<\/p>\n<h3>Besonderheiten<\/h3>\n<p><a href=\"http:\/\/www.wojoer.de\/?s=live&#038;post_type=product\">Produktion<\/a>| foliertes Jersey | Perlmutoptik | Langarmstringbody gl\u00e4nzend | stretchy | komfortabel und atmungsaktiv | hochwertige Verarbeitung &#8220;Made in Germany&#8221;<\/p>\n<h3>Benutzerhinweise<\/h3>\n<p>Handw\u00e4sche | Achtung Material nimmt Farben von dunkleren Textilien an, daher bitte im Schrank nur mit hellen Kleidungsst\u00fccken zusammenh\u00e4ngen und nur mit hellen Textilien zusammen waschen<\/p>\n<h3>Langarmbody gl\u00e4nzend IBIZA-Stringbody mit langen Rei\u00dfverschlu\u00df und langen Armen<\/h3>\n<p>Up into the space oder doch lieber die gl\u00e4nzende Perle im strahlenden Mondlicht? Egal wonach du dich f\u00fchlst, Future Rave oder romantische Diva, mit diesem Body wirst du glamour\u00f6s beeindrucken. Das Material ist weich, dehnbar, d\u00fcnn und nur mit kleinen Perlmutt-Punkten bedruckt, sodass es genauso atmungsaktiv ist, wie ein feiner Micro Stoff. Den praktischen 2-Wehe-Rei\u00dfverschluss mit komfortablen Untertritt und seiner Quick-Fun-Action M\u00f6glichkeiten wirst du lieben! Wenn du ihn dann noch mit einer gl\u00e4nzen schwarzen Lack Leggings oder gewagt mit wei\u00df schwarzen Longsocks, einem Lack Ketten Harness oder einer Lack-Leder-Maske kombinierst, wird dein glam sport look perfekt.<\/p>\n","protected":false},"excerpt":{"rendered":"<p>Dieser t\u00fcrkisbunt schillernde Langarmstringbody gl\u00e4nzend aus folierten Jerseystoff geh\u00f6rt in die Kategorie &#8220;Live&#8221;-Produkte und ist damit ein Lagerprodukt.<br \/>\nGr\u00f6\u00dfen<br \/>\nS | M | L | XL | XXL | 3XL<br \/>\nMaterialzusammensetzung<br \/>\nfolierter Jerseystoff: 76% Polyester | 4% Elasthan | 20% Polyurethan<\/p>\n<p>Beachwet Einfass: 94% Polyester\u2026<\/p>\n","protected":false},"featured_media":40431,"comment_status":"open","ping_status":"closed","template":"","meta":[],"product_brand":[],"product_cat":[116,473,326],"product_tag":[186,560,303,362,189],"class_list":{"0":"post-40501","1":"product","2":"type-product","3":"status-publish","4":"has-post-thumbnail","6":"product_cat-clubwear","7":"product_cat-men","8":"product_cat-wojoer","9":"product_tag-body","10":"product_tag-glaenzend","11":"product_tag-glitzer","12":"product_tag-holographic","13":"product_tag-reissverschluss","14":"product_shipping_class-leggings-shirts-bodies","15":"pa_groesse-l","16":"pa_groesse-m","17":"pa_groesse-s","18":"pa_groesse-xl","19":"pa_groesse-xxl","20":"pa_groesse-xxxl","21":"pif-has-gallery","22":"post-1","23":"odd","25":"first","26":"onbackorder","27":"taxable","28":"shipping-taxable","29":"purchasable","30":"product-type-variable"},"yoast_head":"<!-- This site is optimized with the Yoast SEO plugin v27.2 - https:\/\/yoast.com\/product\/yoast-seo-wordpress\/ -->\n<title>Langarmstringbody gl\u00e4nzend | schillernd bunt | WOJOER<\/title>\n<meta name=\"description\" content=\"Langarmstringbody gl\u00e4nzend aus der Ibiza Kollektion, knallig bunt und wild berauschend! Dance, baby dance! Jetzt online bestellen, versandkostenfrei!\" \/>\n<meta name=\"robots\" content=\"index, follow, max-snippet:-1, max-image-preview:large, max-video-preview:-1\" \/>\n<link rel=\"canonical\" href=\"https:\/\/www.wojoer.de\/en\/produkt\/ibiza-langarmstringbody\/\" \/>\n<meta name=\"twitter:card\" content=\"summary_large_image\" \/>\n<meta name=\"twitter:title\" content=\"Langarmstringbody gl\u00e4nzend | schillernd bunt | WOJOER\" \/>\n<meta name=\"twitter:description\" content=\"Langarmstringbody gl\u00e4nzend aus der Ibiza Kollektion, knallig bunt und wild berauschend! Dance, baby dance! Jetzt online bestellen, versandkostenfrei!\" \/>\n<meta name=\"twitter:image\" content=\"https:\/\/www.wojoer.de\/wp-content\/uploads\/2023\/08\/0417-A008-0D-20-06-2.-Ibiza_Langarmbody-dehnbar-holo-L-side-wojoer.jpg\" \/>\n<meta name=\"twitter:label1\" content=\"Estimated reading time\" \/>\n\t<meta name=\"twitter:data1\" content=\"2 minutes\" \/>\n<script type=\"application\/ld+json\" class=\"yoast-schema-graph\">{\"@context\":\"https:\/\/schema.org\",\"@graph\":[{\"@type\":\"WebPage\",\"@id\":\"https:\/\/www.wojoer.de\/produkt\/ibiza-langarmstringbody\/\",\"url\":\"https:\/\/www.wojoer.de\/produkt\/ibiza-langarmstringbody\/\",\"name\":\"Langarmstringbody gl\u00e4nzend | schillernd bunt | WOJOER\",\"isPartOf\":{\"@id\":\"https:\/\/www.wojoer.de\/#website\"},\"primaryImageOfPage\":{\"@id\":\"https:\/\/www.wojoer.de\/produkt\/ibiza-langarmstringbody\/#primaryimage\"},\"image\":{\"@id\":\"https:\/\/www.wojoer.de\/produkt\/ibiza-langarmstringbody\/#primaryimage\"},\"thumbnailUrl\":\"https:\/\/www.wojoer.de\/wp-content\/uploads\/2023\/08\/0417-A008-0D-20-06-2.-Ibiza_Langarmbody-dehnbar-holo-L-side-wojoer.jpg\",\"datePublished\":\"2023-08-23T09:18:33+00:00\",\"dateModified\":\"2024-12-12T06:56:04+00:00\",\"description\":\"Langarmstringbody gl\u00e4nzend aus der Ibiza Kollektion, knallig bunt und wild berauschend! Dance, baby dance! Jetzt online bestellen, versandkostenfrei!\",\"breadcrumb\":{\"@id\":\"https:\/\/www.wojoer.de\/produkt\/ibiza-langarmstringbody\/#breadcrumb\"},\"inLanguage\":\"en-GB\",\"potentialAction\":[{\"@type\":\"ReadAction\",\"target\":[\"https:\/\/www.wojoer.de\/produkt\/ibiza-langarmstringbody\/\"]}]},{\"@type\":\"ImageObject\",\"inLanguage\":\"en-GB\",\"@id\":\"https:\/\/www.wojoer.de\/produkt\/ibiza-langarmstringbody\/#primaryimage\",\"url\":\"https:\/\/www.wojoer.de\/wp-content\/uploads\/2023\/08\/0417-A008-0D-20-06-2.-Ibiza_Langarmbody-dehnbar-holo-L-side-wojoer.jpg\",\"contentUrl\":\"https:\/\/www.wojoer.de\/wp-content\/uploads\/2023\/08\/0417-A008-0D-20-06-2.-Ibiza_Langarmbody-dehnbar-holo-L-side-wojoer.jpg\",\"width\":2002,\"height\":2002},{\"@type\":\"BreadcrumbList\",\"@id\":\"https:\/\/www.wojoer.de\/produkt\/ibiza-langarmstringbody\/#breadcrumb\",\"itemListElement\":[{\"@type\":\"ListItem\",\"position\":1,\"name\":\"Startseite\",\"item\":\"https:\/\/www.wojoer.de\/\"},{\"@type\":\"ListItem\",\"position\":2,\"name\":\"SHOP\",\"item\":\"https:\/\/www.wojoer.de\/shop\/\"},{\"@type\":\"ListItem\",\"position\":3,\"name\":\"IBIZA Langarmstringbody\"}]},{\"@type\":\"WebSite\",\"@id\":\"https:\/\/www.wojoer.de\/#website\",\"url\":\"https:\/\/www.wojoer.de\/\",\"name\":\"WOJOER\",\"description\":\"clubwear for men\",\"publisher\":{\"@id\":\"https:\/\/www.wojoer.de\/#organization\"},\"potentialAction\":[{\"@type\":\"SearchAction\",\"target\":{\"@type\":\"EntryPoint\",\"urlTemplate\":\"https:\/\/www.wojoer.de\/?s={search_term_string}\"},\"query-input\":{\"@type\":\"PropertyValueSpecification\",\"valueRequired\":true,\"valueName\":\"search_term_string\"}}],\"inLanguage\":\"en-GB\"},{\"@type\":\"Organization\",\"@id\":\"https:\/\/www.wojoer.de\/#organization\",\"name\":\"Wonneberger-Manufaktur\",\"url\":\"https:\/\/www.wojoer.de\/\",\"logo\":{\"@type\":\"ImageObject\",\"inLanguage\":\"en-GB\",\"@id\":\"https:\/\/www.wojoer.de\/#\/schema\/logo\/image\/\",\"url\":\"https:\/\/www.wojoer.de\/wp-content\/uploads\/2016\/11\/wonnebergermanufaktur_logo_BUTTON.png\",\"contentUrl\":\"https:\/\/www.wojoer.de\/wp-content\/uploads\/2016\/11\/wonnebergermanufaktur_logo_BUTTON.png\",\"width\":765,\"height\":765,\"caption\":\"Wonneberger-Manufaktur\"},\"image\":{\"@id\":\"https:\/\/www.wojoer.de\/#\/schema\/logo\/image\/\"},\"sameAs\":[\"https:\/\/www.facebook.com\/wojoer\/\",\"https:\/\/de.pinterest.com\/W0J0ER\/\"]}]}<\/script>\n<!-- \/ Yoast SEO plugin. -->","yoast_head_json":{"title":"Langarmstringbody gl\u00e4nzend | schillernd bunt | WOJOER","description":"Langarmstringbody gl\u00e4nzend aus der Ibiza Kollektion, knallig bunt und wild berauschend! Dance, baby dance! Jetzt online bestellen, versandkostenfrei!","robots":{"index":"index","follow":"follow","max-snippet":"max-snippet:-1","max-image-preview":"max-image-preview:large","max-video-preview":"max-video-preview:-1"},"canonical":"https:\/\/www.wojoer.de\/en\/produkt\/ibiza-langarmstringbody\/","twitter_card":"summary_large_image","twitter_title":"[:de]Langarmstringbody gl\u00e4nzend | schillernd bunt | WOJOER[:]","twitter_description":"[:de]Langarmstringbody gl\u00e4nzend aus der Ibiza Kollektion, knallig bunt und wild berauschend! Dance, baby dance! Jetzt online bestellen, versandkostenfrei![:]","twitter_image":"https:\/\/www.wojoer.de\/wp-content\/uploads\/2023\/08\/0417-A008-0D-20-06-2.-Ibiza_Langarmbody-dehnbar-holo-L-side-wojoer.jpg","twitter_misc":{"Estimated reading time":"2 minutes"},"schema":{"@context":"https:\/\/schema.org","@graph":[{"@type":"WebPage","@id":"https:\/\/www.wojoer.de\/produkt\/ibiza-langarmstringbody\/","url":"https:\/\/www.wojoer.de\/produkt\/ibiza-langarmstringbody\/","name":"Langarmstringbody gl\u00e4nzend | schillernd bunt | WOJOER","isPartOf":{"@id":"https:\/\/www.wojoer.de\/#website"},"primaryImageOfPage":{"@id":"https:\/\/www.wojoer.de\/produkt\/ibiza-langarmstringbody\/#primaryimage"},"image":{"@id":"https:\/\/www.wojoer.de\/produkt\/ibiza-langarmstringbody\/#primaryimage"},"thumbnailUrl":"https:\/\/www.wojoer.de\/wp-content\/uploads\/2023\/08\/0417-A008-0D-20-06-2.-Ibiza_Langarmbody-dehnbar-holo-L-side-wojoer.jpg","datePublished":"2023-08-23T09:18:33+00:00","dateModified":"2024-12-12T06:56:04+00:00","description":"Langarmstringbody gl\u00e4nzend aus der Ibiza Kollektion, knallig bunt und wild berauschend! Dance, baby dance! Jetzt online bestellen, versandkostenfrei!","breadcrumb":{"@id":"https:\/\/www.wojoer.de\/produkt\/ibiza-langarmstringbody\/#breadcrumb"},"inLanguage":"en-GB","potentialAction":[{"@type":"ReadAction","target":["https:\/\/www.wojoer.de\/produkt\/ibiza-langarmstringbody\/"]}]},{"@type":"ImageObject","inLanguage":"en-GB","@id":"https:\/\/www.wojoer.de\/produkt\/ibiza-langarmstringbody\/#primaryimage","url":"https:\/\/www.wojoer.de\/wp-content\/uploads\/2023\/08\/0417-A008-0D-20-06-2.-Ibiza_Langarmbody-dehnbar-holo-L-side-wojoer.jpg","contentUrl":"https:\/\/www.wojoer.de\/wp-content\/uploads\/2023\/08\/0417-A008-0D-20-06-2.-Ibiza_Langarmbody-dehnbar-holo-L-side-wojoer.jpg","width":2002,"height":2002},{"@type":"BreadcrumbList","@id":"https:\/\/www.wojoer.de\/produkt\/ibiza-langarmstringbody\/#breadcrumb","itemListElement":[{"@type":"ListItem","position":1,"name":"Startseite","item":"https:\/\/www.wojoer.de\/"},{"@type":"ListItem","position":2,"name":"SHOP","item":"https:\/\/www.wojoer.de\/shop\/"},{"@type":"ListItem","position":3,"name":"IBIZA Langarmstringbody"}]},{"@type":"WebSite","@id":"https:\/\/www.wojoer.de\/#website","url":"https:\/\/www.wojoer.de\/","name":"WOJOER","description":"clubwear for men","publisher":{"@id":"https:\/\/www.wojoer.de\/#organization"},"potentialAction":[{"@type":"SearchAction","target":{"@type":"EntryPoint","urlTemplate":"https:\/\/www.wojoer.de\/?s={search_term_string}"},"query-input":{"@type":"PropertyValueSpecification","valueRequired":true,"valueName":"search_term_string"}}],"inLanguage":"en-GB"},{"@type":"Organization","@id":"https:\/\/www.wojoer.de\/#organization","name":"Wonneberger-Manufaktur","url":"https:\/\/www.wojoer.de\/","logo":{"@type":"ImageObject","inLanguage":"en-GB","@id":"https:\/\/www.wojoer.de\/#\/schema\/logo\/image\/","url":"https:\/\/www.wojoer.de\/wp-content\/uploads\/2016\/11\/wonnebergermanufaktur_logo_BUTTON.png","contentUrl":"https:\/\/www.wojoer.de\/wp-content\/uploads\/2016\/11\/wonnebergermanufaktur_logo_BUTTON.png","width":765,"height":765,"caption":"Wonneberger-Manufaktur"},"image":{"@id":"https:\/\/www.wojoer.de\/#\/schema\/logo\/image\/"},"sameAs":["https:\/\/www.facebook.com\/wojoer\/","https:\/\/de.pinterest.com\/W0J0ER\/"]}]}},"_links":{"self":[{"href":"https:\/\/www.wojoer.de\/en\/wp-json\/wp\/v2\/product\/40501","targetHints":{"allow":["GET"]}}],"collection":[{"href":"https:\/\/www.wojoer.de\/en\/wp-json\/wp\/v2\/product"}],"about":[{"href":"https:\/\/www.wojoer.de\/en\/wp-json\/wp\/v2\/types\/product"}],"replies":[{"embeddable":true,"href":"https:\/\/www.wojoer.de\/en\/wp-json\/wp\/v2\/comments?post=40501"}],"wp:featuredmedia":[{"embeddable":true,"href":"https:\/\/www.wojoer.de\/en\/wp-json\/wp\/v2\/media\/40431"}],"wp:attachment":[{"href":"https:\/\/www.wojoer.de\/en\/wp-json\/wp\/v2\/media?parent=40501"}],"wp:term":[{"taxonomy":"product_brand","embeddable":true,"href":"https:\/\/www.wojoer.de\/en\/wp-json\/wp\/v2\/product_brand?post=40501"},{"taxonomy":"product_cat","embeddable":true,"href":"https:\/\/www.wojoer.de\/en\/wp-json\/wp\/v2\/product_cat?post=40501"},{"taxonomy":"product_tag","embeddable":true,"href":"https:\/\/www.wojoer.de\/en\/wp-json\/wp\/v2\/product_tag?post=40501"}],"curies":[{"name":"wp","href":"https:\/\/api.w.org\/{rel}","templated":true}]}}